{"id":20312,"date":"2020-11-02T11:51:30","date_gmt":"2020-11-02T11:51:30","guid":{"rendered":"https:\/\/www.apen.es\/?page_id=20312"},"modified":"2025-07-14T11:07:31","modified_gmt":"2025-07-14T11:07:31","slug":"microsoft-powerpoint","status":"publish","type":"page","link":"https:\/\/www.apen.es\/en\/computer-glossary\/microsoft-powerpoint\/","title":{"rendered":"What is Microsoft PowerPoint?"},"content":{"rendered":"<h2 class=\"wp-block-heading\">WHAT IS MICROSOFT POWERPOINT?<\/h2>\n\n\n<div class=\"wp-block-image\">\n<figure class=\"alignleft\"><img loading=\"lazy\" decoding=\"async\" width=\"300\" height=\"300\" src=\"https:\/\/www.apen.es\/wp-content\/uploads\/2020\/11\/que_es_powerpoint-300x300.png\" alt=\"\" class=\"wp-image-20316\" title=\"Microsoft PowerPoint. What is Microsoft PowerPoint?\" srcset=\"https:\/\/www.apen.es\/wp-content\/uploads\/2020\/11\/que_es_powerpoint-300x300.png 300w, https:\/\/www.apen.es\/wp-content\/uploads\/2020\/11\/que_es_powerpoint-150x150.png 150w, https:\/\/www.apen.es\/wp-content\/uploads\/2020\/11\/que_es_powerpoint-768x768.png 768w, https:\/\/www.apen.es\/wp-content\/uploads\/2020\/11\/que_es_powerpoint-70x70.png 70w, https:\/\/www.apen.es\/wp-content\/uploads\/2020\/11\/que_es_powerpoint-90x90.png 90w, https:\/\/www.apen.es\/wp-content\/uploads\/2020\/11\/que_es_powerpoint-270x270.png 270w, https:\/\/www.apen.es\/wp-content\/uploads\/2020\/11\/que_es_powerpoint.png 920w\" sizes=\"auto, (max-width: 300px) 100vw, 300px\" \/><\/figure>\n<\/div>\n\n\n<p>Microsoft PowerPoint is a powerful presentation software developed by Microsoft. It is probably the most popular tool for creating presentations, and is used worldwide by businesses large and small.<\/p>\n\n\n\n<p><a href=\"https:\/\/www.apen.es\/en\/training-for-companies\/powerpoint-training\/\"><strong>Microsoft PowerPoint<\/strong><\/a> It is a standard component of the company&#039;s Microsoft Office suite software and is included along with Word, Excel, and other Office productivity tools, which has helped its popularity.<\/p>\n\n\n\n<p>Microsoft PowerPoint uses slides to convey information with multimedia elements. This program is used to create complex business presentations, simple educational outlines, and much more.<\/p>\n\n\n\n<p><strong>The history of Microsoft PowerPoint<\/strong><\/p>\n\n\n\n<p>Microsoft PowerPoint was developed by Dennis Austin and Thomas Rudkin and was supposed to be called Presenter, but the name didn&#039;t stick due to trademark issues, so it was renamed PowerPoint in 1987 as suggested by Robert Gaskins.<\/p>\n\n\n\n<p>In August 1987, Microsoft bought Forethought for $ 14 million and turned it into its graphics business unit, where the company continued to develop the software.<\/p>\n\n\n\n<p>It was years later, in 1990, that the first version was presented alongside Windows 3.0. It was quite basic, with limited customization options and only allowed the slide to progress in one direction, forwards.<\/p>\n\n\n\n<p>However, PowerPoint quickly became one of Microsoft&#039;s most iconic trademarks and its first major acquisition. Even today, it holds up to 95 percent of the presentation software market share.<\/p>\n\n\n\n<p><strong>Microsoft PowerPoint features<\/strong><\/p>\n\n\n\n<p>Microsoft PowerPoint allows users to create rich presentations with multimedia options and a series of slides. Because it is fully integrated with the other tools in the Microsoft Office suite, content created with Excel or Word can be imported into PowerPoint, as well as other media such as images, audio, and video clips.<\/p>\n\n\n\n<p>In addition, it offers a series of templates to provide the user with predefined designs for different purposes.<\/p>\n\n\n\n<p>During a Microsoft PowerPoint presentation, the presenter has the freedom to define the pace by manually controlling the flow of the slides or by having them change at preset intervals.<\/p>\n\n\n\n<p>Microsoft PowerPoint underwent a significant change in PowerPoint 97 when it added predefined transition effects and allowed users to schedule them so that slides advanced automatically. This enabled the presenter to follow a predefined progression and continue the presentation without pausing to change or read the slides.<\/p>\n\n\n\n<p>In previous versions, presentations were saved only in the standard .pptx format. However, the more recent 2013 and 2016 versions allow users to save presentations in different formats, such as images (JPEG, GIF, PNG, etc.), videos (WMV or MPEG-4), or text (PDF).<\/p>","protected":false},"excerpt":{"rendered":"<p>\u00bfQUE \u00c9S MICROSOFT POWERPOINT? Microsoft Power Point es un potente software de presentaci\u00f3n desarrollado por Microsoft. Es probablemente la herramienta m\u00e1s popular a la hora de hacer presentaciones, por lo que es usado en todo el mundo, por empresas grandes y peque\u00f1as. Microsoft Power Point es un componente est\u00e1ndar del software de la suite Microsoft&#8230;<\/p>","protected":false},"author":4,"featured_media":0,"parent":6185,"menu_order":0,"comment_status":"closed","ping_status":"closed","template":"page-landing-glosario.php","meta":{"_acf_changed":false,"_kad_blocks_custom_css":"","_kad_blocks_head_custom_js":"","_kad_blocks_body_custom_js":"","_kad_blocks_footer_custom_js":"","_kad_post_transparent":"","_kad_post_title":"","_kad_post_layout":"","_kad_post_sidebar_id":"","_kad_post_content_style":"","_kad_post_vertical_padding":"","_kad_post_feature":"","_kad_post_feature_position":"","_kad_post_header":false,"_kad_post_footer":false,"_kad_post_classname":"","footnotes":""},"class_list":["post-20312","page","type-page","status-publish","hentry"],"acf":[],"yoast_head":"<!-- This site is optimized with the Yoast SEO plugin v27.4 - https:\/\/yoast.com\/product\/yoast-seo-wordpress\/ -->\n<title>Qu\u00e9 es Microsoft PowerPoint - Apen Inform\u00e1tica<\/title>\n<meta name=\"description\" content=\"Microsoft Power Point es un potente software de presentaci\u00f3n desarrollado por Microsoft. Es probablemente la herramienta m\u00e1s popular a la hora de \u2026\" \/>\n<meta name=\"robots\" content=\"index, follow, max-snippet:-1, max-image-preview:large, max-video-preview:-1\" \/>\n<link rel=\"canonical\" href=\"https:\/\/www.apen.es\/en\/computer-glossary\/microsoft-powerpoint\/\" \/>\n<meta property=\"og:locale\" content=\"en_US\" \/>\n<meta property=\"og:type\" content=\"article\" \/>\n<meta property=\"og:title\" content=\"Qu\u00e9 es Microsoft PowerPoint - Apen Inform\u00e1tica\" \/>\n<meta property=\"og:description\" content=\"Microsoft Power Point es un potente software de presentaci\u00f3n desarrollado por Microsoft. Es probablemente la herramienta m\u00e1s popular a la hora de \u2026\" \/>\n<meta property=\"og:url\" content=\"https:\/\/www.apen.es\/en\/computer-glossary\/microsoft-powerpoint\/\" \/>\n<meta property=\"og:site_name\" content=\"Apen Inform\u00e1tica\" \/>\n<meta property=\"article:publisher\" content=\"https:\/\/www.facebook.com\/apensolucions\" \/>\n<meta property=\"article:modified_time\" content=\"2025-07-14T11:07:31+00:00\" \/>\n<meta property=\"og:image\" content=\"https:\/\/www.apen.es\/wp-content\/uploads\/2020\/11\/que_es_powerpoint-300x300.png\" \/>\n<meta name=\"twitter:card\" content=\"summary_large_image\" \/>\n<meta name=\"twitter:label1\" content=\"Est. reading time\" \/>\n\t<meta name=\"twitter:data1\" content=\"3 minutes\" \/>\n<script type=\"application\/ld+json\" class=\"yoast-schema-graph\">{\"@context\":\"https:\\\/\\\/schema.org\",\"@graph\":[{\"@type\":\"WebPage\",\"@id\":\"https:\\\/\\\/www.apen.es\\\/glosario-de-informatica\\\/microsoft-powerpoint\\\/\",\"url\":\"https:\\\/\\\/www.apen.es\\\/glosario-de-informatica\\\/microsoft-powerpoint\\\/\",\"name\":\"Qu\u00e9 es Microsoft PowerPoint - Apen Inform\u00e1tica\",\"isPartOf\":{\"@id\":\"https:\\\/\\\/www.apen.es\\\/#website\"},\"primaryImageOfPage\":{\"@id\":\"https:\\\/\\\/www.apen.es\\\/glosario-de-informatica\\\/microsoft-powerpoint\\\/#primaryimage\"},\"image\":{\"@id\":\"https:\\\/\\\/www.apen.es\\\/glosario-de-informatica\\\/microsoft-powerpoint\\\/#primaryimage\"},\"thumbnailUrl\":\"https:\\\/\\\/www.apen.es\\\/wp-content\\\/uploads\\\/2020\\\/11\\\/que_es_powerpoint-300x300.png\",\"datePublished\":\"2020-11-02T11:51:30+00:00\",\"dateModified\":\"2025-07-14T11:07:31+00:00\",\"description\":\"Microsoft Power Point es un potente software de presentaci\u00f3n desarrollado por Microsoft. Es probablemente la herramienta m\u00e1s popular a la hora de \u2026\",\"breadcrumb\":{\"@id\":\"https:\\\/\\\/www.apen.es\\\/glosario-de-informatica\\\/microsoft-powerpoint\\\/#breadcrumb\"},\"inLanguage\":\"en-US\",\"potentialAction\":[{\"@type\":\"ReadAction\",\"target\":[\"https:\\\/\\\/www.apen.es\\\/glosario-de-informatica\\\/microsoft-powerpoint\\\/\"]}]},{\"@type\":\"ImageObject\",\"inLanguage\":\"en-US\",\"@id\":\"https:\\\/\\\/www.apen.es\\\/glosario-de-informatica\\\/microsoft-powerpoint\\\/#primaryimage\",\"url\":\"https:\\\/\\\/www.apen.es\\\/wp-content\\\/uploads\\\/2020\\\/11\\\/que_es_powerpoint-300x300.png\",\"contentUrl\":\"https:\\\/\\\/www.apen.es\\\/wp-content\\\/uploads\\\/2020\\\/11\\\/que_es_powerpoint-300x300.png\"},{\"@type\":\"BreadcrumbList\",\"@id\":\"https:\\\/\\\/www.apen.es\\\/glosario-de-informatica\\\/microsoft-powerpoint\\\/#breadcrumb\",\"itemListElement\":[{\"@type\":\"ListItem\",\"position\":1,\"name\":\"Portada\",\"item\":\"https:\\\/\\\/www.apen.es\\\/\"},{\"@type\":\"ListItem\",\"position\":2,\"name\":\"Glosario de inform\u00e1tica\",\"item\":\"https:\\\/\\\/www.apen.es\\\/glosario-de-informatica\\\/\"},{\"@type\":\"ListItem\",\"position\":3,\"name\":\"Qu\u00e9 es Microsoft PowerPoint\"}]},{\"@type\":\"WebSite\",\"@id\":\"https:\\\/\\\/www.apen.es\\\/#website\",\"url\":\"https:\\\/\\\/www.apen.es\\\/\",\"name\":\"Apen Inform\u00e1tica\",\"description\":\"Mantenimiento Inform\u00e1tico , Software de Gesti\u00f3n, Soluciones de impresi\u00f3n\",\"publisher\":{\"@id\":\"https:\\\/\\\/www.apen.es\\\/#organization\"},\"potentialAction\":[{\"@type\":\"SearchAction\",\"target\":{\"@type\":\"EntryPoint\",\"urlTemplate\":\"https:\\\/\\\/www.apen.es\\\/?s={search_term_string}\"},\"query-input\":{\"@type\":\"PropertyValueSpecification\",\"valueRequired\":true,\"valueName\":\"search_term_string\"}}],\"inLanguage\":\"en-US\"},{\"@type\":\"Organization\",\"@id\":\"https:\\\/\\\/www.apen.es\\\/#organization\",\"name\":\"Apen: Soluciones inform\u00e1ticas\",\"url\":\"https:\\\/\\\/www.apen.es\\\/\",\"logo\":{\"@type\":\"ImageObject\",\"inLanguage\":\"en-US\",\"@id\":\"https:\\\/\\\/www.apen.es\\\/#\\\/schema\\\/logo\\\/image\\\/\",\"url\":\"https:\\\/\\\/www.apen.es\\\/wp-content\\\/uploads\\\/2022\\\/08\\\/logo-apenok-231x82-1.png\",\"contentUrl\":\"https:\\\/\\\/www.apen.es\\\/wp-content\\\/uploads\\\/2022\\\/08\\\/logo-apenok-231x82-1.png\",\"width\":231,\"height\":82,\"caption\":\"Apen: Soluciones inform\u00e1ticas\"},\"image\":{\"@id\":\"https:\\\/\\\/www.apen.es\\\/#\\\/schema\\\/logo\\\/image\\\/\"},\"sameAs\":[\"https:\\\/\\\/www.facebook.com\\\/apensolucions\",\"https:\\\/\\\/www.youtube.com\\\/user\\\/ApenCentreInformatic\",\"https:\\\/\\\/www.linkedin.com\\\/company\\\/1021771?trk=tyah&trkInfo=clickedVerticalcompanyclickedEntityId1021771idx2-1-2tarId1464195271196tasapenin\"]}]}<\/script>\n<!-- \/ Yoast SEO plugin. -->","yoast_head_json":{"title":"What is Microsoft PowerPoint? - Apen Inform\u00e1tica","description":"Microsoft PowerPoint is a powerful presentation software developed by Microsoft. It is probably the most popular tool when it comes to\u2026","robots":{"index":"index","follow":"follow","max-snippet":"max-snippet:-1","max-image-preview":"max-image-preview:large","max-video-preview":"max-video-preview:-1"},"canonical":"https:\/\/www.apen.es\/en\/computer-glossary\/microsoft-powerpoint\/","og_locale":"en_US","og_type":"article","og_title":"Qu\u00e9 es Microsoft PowerPoint - Apen Inform\u00e1tica","og_description":"Microsoft Power Point es un potente software de presentaci\u00f3n desarrollado por Microsoft. Es probablemente la herramienta m\u00e1s popular a la hora de \u2026","og_url":"https:\/\/www.apen.es\/en\/computer-glossary\/microsoft-powerpoint\/","og_site_name":"Apen Inform\u00e1tica","article_publisher":"https:\/\/www.facebook.com\/apensolucions","article_modified_time":"2025-07-14T11:07:31+00:00","og_image":[{"url":"https:\/\/www.apen.es\/wp-content\/uploads\/2020\/11\/que_es_powerpoint-300x300.png","type":"","width":"","height":""}],"twitter_card":"summary_large_image","twitter_misc":{"Est. reading time":"3 minutes"},"schema":{"@context":"https:\/\/schema.org","@graph":[{"@type":"WebPage","@id":"https:\/\/www.apen.es\/glosario-de-informatica\/microsoft-powerpoint\/","url":"https:\/\/www.apen.es\/glosario-de-informatica\/microsoft-powerpoint\/","name":"What is Microsoft PowerPoint? - Apen Inform\u00e1tica","isPartOf":{"@id":"https:\/\/www.apen.es\/#website"},"primaryImageOfPage":{"@id":"https:\/\/www.apen.es\/glosario-de-informatica\/microsoft-powerpoint\/#primaryimage"},"image":{"@id":"https:\/\/www.apen.es\/glosario-de-informatica\/microsoft-powerpoint\/#primaryimage"},"thumbnailUrl":"https:\/\/www.apen.es\/wp-content\/uploads\/2020\/11\/que_es_powerpoint-300x300.png","datePublished":"2020-11-02T11:51:30+00:00","dateModified":"2025-07-14T11:07:31+00:00","description":"Microsoft PowerPoint is a powerful presentation software developed by Microsoft. It is probably the most popular tool when it comes to\u2026","breadcrumb":{"@id":"https:\/\/www.apen.es\/glosario-de-informatica\/microsoft-powerpoint\/#breadcrumb"},"inLanguage":"en-US","potentialAction":[{"@type":"ReadAction","target":["https:\/\/www.apen.es\/glosario-de-informatica\/microsoft-powerpoint\/"]}]},{"@type":"ImageObject","inLanguage":"en-US","@id":"https:\/\/www.apen.es\/glosario-de-informatica\/microsoft-powerpoint\/#primaryimage","url":"https:\/\/www.apen.es\/wp-content\/uploads\/2020\/11\/que_es_powerpoint-300x300.png","contentUrl":"https:\/\/www.apen.es\/wp-content\/uploads\/2020\/11\/que_es_powerpoint-300x300.png"},{"@type":"BreadcrumbList","@id":"https:\/\/www.apen.es\/glosario-de-informatica\/microsoft-powerpoint\/#breadcrumb","itemListElement":[{"@type":"ListItem","position":1,"name":"Portada","item":"https:\/\/www.apen.es\/"},{"@type":"ListItem","position":2,"name":"Glosario de inform\u00e1tica","item":"https:\/\/www.apen.es\/glosario-de-informatica\/"},{"@type":"ListItem","position":3,"name":"Qu\u00e9 es Microsoft PowerPoint"}]},{"@type":"WebSite","@id":"https:\/\/www.apen.es\/#website","url":"https:\/\/www.apen.es\/","name":"Apen Inform\u00e1tica","description":"IT Maintenance, Management Software, Printing Solutions","publisher":{"@id":"https:\/\/www.apen.es\/#organization"},"potentialAction":[{"@type":"SearchAction","target":{"@type":"EntryPoint","urlTemplate":"https:\/\/www.apen.es\/?s={search_term_string}"},"query-input":{"@type":"PropertyValueSpecification","valueRequired":true,"valueName":"search_term_string"}}],"inLanguage":"en-US"},{"@type":"Organization","@id":"https:\/\/www.apen.es\/#organization","name":"Apen: IT Solutions","url":"https:\/\/www.apen.es\/","logo":{"@type":"ImageObject","inLanguage":"en-US","@id":"https:\/\/www.apen.es\/#\/schema\/logo\/image\/","url":"https:\/\/www.apen.es\/wp-content\/uploads\/2022\/08\/logo-apenok-231x82-1.png","contentUrl":"https:\/\/www.apen.es\/wp-content\/uploads\/2022\/08\/logo-apenok-231x82-1.png","width":231,"height":82,"caption":"Apen: Soluciones inform\u00e1ticas"},"image":{"@id":"https:\/\/www.apen.es\/#\/schema\/logo\/image\/"},"sameAs":["https:\/\/www.facebook.com\/apensolucions","https:\/\/www.youtube.com\/user\/ApenCentreInformatic","https:\/\/www.linkedin.com\/company\/1021771?trk=tyah&trkInfo=clickedVerticalcompanyclickedEntityId1021771idx2-1-2tarId1464195271196tasapenin"]}]}},"taxonomy_info":[],"featured_image_src_large":false,"author_info":{"display_name":"marqueting","author_link":"https:\/\/www.apen.es\/en\/blog\/author\/marqueting\/"},"comment_info":0,"_links":{"self":[{"href":"https:\/\/www.apen.es\/en\/wp-json\/wp\/v2\/pages\/20312","targetHints":{"allow":["GET"]}}],"collection":[{"href":"https:\/\/www.apen.es\/en\/wp-json\/wp\/v2\/pages"}],"about":[{"href":"https:\/\/www.apen.es\/en\/wp-json\/wp\/v2\/types\/page"}],"author":[{"embeddable":true,"href":"https:\/\/www.apen.es\/en\/wp-json\/wp\/v2\/users\/4"}],"replies":[{"embeddable":true,"href":"https:\/\/www.apen.es\/en\/wp-json\/wp\/v2\/comments?post=20312"}],"version-history":[{"count":2,"href":"https:\/\/www.apen.es\/en\/wp-json\/wp\/v2\/pages\/20312\/revisions"}],"predecessor-version":[{"id":56572,"href":"https:\/\/www.apen.es\/en\/wp-json\/wp\/v2\/pages\/20312\/revisions\/56572"}],"up":[{"embeddable":true,"href":"https:\/\/www.apen.es\/en\/wp-json\/wp\/v2\/pages\/6185"}],"wp:attachment":[{"href":"https:\/\/www.apen.es\/en\/wp-json\/wp\/v2\/media?parent=20312"}],"curies":[{"name":"wp","href":"https:\/\/api.w.org\/{rel}","templated":true}]}}