{"id":20299,"date":"2020-11-02T11:28:58","date_gmt":"2020-11-02T11:28:58","guid":{"rendered":"https:\/\/www.apen.es\/?page_id=20299"},"modified":"2025-07-14T11:07:52","modified_gmt":"2025-07-14T11:07:52","slug":"microsoft-word","status":"publish","type":"page","link":"https:\/\/www.apen.es\/en\/computer-glossary\/microsoft-word\/","title":{"rendered":"What is Microsoft Word?"},"content":{"rendered":"<h2 class=\"wp-block-heading\">WHAT IS MICROSOFT WORD?<\/h2>\n\n\n<div class=\"wp-block-image\">\n<figure class=\"alignleft\"><img loading=\"lazy\" decoding=\"async\" width=\"300\" height=\"169\" src=\"https:\/\/www.apen.es\/wp-content\/uploads\/2020\/11\/Microsoft-Word-Logotipo-2013-2019-300x169.jpg\" alt=\"\" class=\"wp-image-20300\" title=\"What is Microsoft Word?\" srcset=\"https:\/\/www.apen.es\/wp-content\/uploads\/2020\/11\/Microsoft-Word-Logotipo-2013-2019-300x169.jpg 300w, https:\/\/www.apen.es\/wp-content\/uploads\/2020\/11\/Microsoft-Word-Logotipo-2013-2019-1024x576.jpg 1024w, https:\/\/www.apen.es\/wp-content\/uploads\/2020\/11\/Microsoft-Word-Logotipo-2013-2019-768x432.jpg 768w, https:\/\/www.apen.es\/wp-content\/uploads\/2020\/11\/Microsoft-Word-Logotipo-2013-2019-1536x864.jpg 1536w, https:\/\/www.apen.es\/wp-content\/uploads\/2020\/11\/Microsoft-Word-Logotipo-2013-2019.jpg 1920w\" sizes=\"auto, (max-width: 300px) 100vw, 300px\" \/><\/figure>\n<\/div>\n\n\n<p>If you need to create a document, you will probably consider the option of <a href=\"https:\/\/www.apen.es\/en\/training-for-companies\/word-training-for-companies\/\"><strong>Microsoft Word<\/strong><\/a>. This tool is useful for quickly and easily creating a wide variety of professional documents. Furthermore, it is one of the most popular tools available today.<\/p>\n\n\n\n<p>Microsoft Word can be used to produce many types of documents because of its many features and tools.<\/p>\n\n\n\n<p>In theory, Microsoft Word is a word processor, which means it&#039;s an application you use to &quot;process&quot; \u2013 format, manipulate, save, print, share \u2013 a text-based document.<\/p>\n\n\n\n<p>Microsoft Word is arguably the most popular word processor on the planet. That&#039;s because it&#039;s part of Microsoft&#039;s Office Suite, which is installed on a billion devices worldwide. For both beginners and advanced users, Word remains the world&#039;s best word processor. Its intuitive features allow you to quickly create visually appealing and effective documents.<\/p>\n\n\n\n<p>Microsoft Word also includes features such as spell check, grammar check, text formatting and fonts, HTML support, image support, advanced page layout, and more. Microsoft Word can check your grammar and spelling, as well as the complexity of your writing. Word uses language tests such as the Flesch Reading Ease test, which calculates a score on a 100-point scale. The higher the number, the easier the text is to understand.<\/p>\n\n\n\n<p><strong>A bit of history<\/strong><\/p>\n\n\n\n<p>To review the history of Microsoft Word, we have to go back many years, to when Word 1.0 for Windows was released in 1989. This was one of the first word processors to offer a WYSIWYG (What You See Is What You Get) interface.<\/p>\n\n\n\n<p>This combination of ease of use and robust features makes it the go-to word processor for both homes and offices today. It&#039;s now also available for Mac, as well as a web-based version through an Office 365 subscription.<\/p>\n\n\n\n<p><strong>The many uses of Microsoft Word<\/strong><\/p>\n\n\n\n<p>Microsoft Word offers a wide range of possibilities for creating personal and professional documents, going far beyond simply writing text from scratch. For example, you can use professionally designed templates to enhance the appearance of your documents. With these templates, you can create reports, proposals, newsletters, brochures, catalogs, flyers, CVs, business cards, invoices, receipts, product packaging, labels, invitations, gift cards, and much more.<\/p>\n\n\n\n<p>Microsoft Word is compatible with many other programs, the most common being the other components of the Office suite.<\/p>\n\n\n\n<p>Microsoft Word has evolved over the years with online subscriptions offering access on multiple devices, as well as a free, cloud-based version. Because of this, it remains the go-to tool for producing important documents: it&#039;s reliable, customizable, and has many built-in features.<\/p>","protected":false},"excerpt":{"rendered":"<p>\u00bfQU\u00c9 ES MICROSOFT WORD? Si necesita crear un documento, probablemente considere la opci\u00f3n de Microsoft Word. Esta herramienta es \u00fatil para crear una amplia variedad de documentos profesionales de forma r\u00e1pida y sencilla. Adem\u00e1s, es una de las m\u00e1s populares en la actualidad. Microsoft Word se puede utilizar para producir muchos tipos de documentos por&#8230;<\/p>","protected":false},"author":4,"featured_media":0,"parent":6185,"menu_order":0,"comment_status":"closed","ping_status":"closed","template":"page-landing-glosario.php","meta":{"_acf_changed":false,"_kad_blocks_custom_css":"","_kad_blocks_head_custom_js":"","_kad_blocks_body_custom_js":"","_kad_blocks_footer_custom_js":"","_kad_post_transparent":"","_kad_post_title":"","_kad_post_layout":"","_kad_post_sidebar_id":"","_kad_post_content_style":"","_kad_post_vertical_padding":"","_kad_post_feature":"","_kad_post_feature_position":"","_kad_post_header":false,"_kad_post_footer":false,"_kad_post_classname":"","footnotes":""},"class_list":["post-20299","page","type-page","status-publish","hentry"],"acf":[],"yoast_head":"<!-- This site is optimized with the Yoast SEO plugin v27.4 - https:\/\/yoast.com\/product\/yoast-seo-wordpress\/ -->\n<title>Que es Microsoft Word - Apen Inform\u00e1tica<\/title>\n<meta name=\"description\" content=\"Si necesita crear un documento, probablemente considere la opci\u00f3n de Microsoft Word. Esta herramienta es \u00fatil para crear una amplia variedad de \u2026\" \/>\n<meta name=\"robots\" content=\"index, follow, max-snippet:-1, max-image-preview:large, max-video-preview:-1\" \/>\n<link rel=\"canonical\" href=\"https:\/\/www.apen.es\/en\/computer-glossary\/microsoft-word\/\" \/>\n<meta property=\"og:locale\" content=\"en_US\" \/>\n<meta property=\"og:type\" content=\"article\" \/>\n<meta property=\"og:title\" content=\"Que es Microsoft Word - Apen Inform\u00e1tica\" \/>\n<meta property=\"og:description\" content=\"Si necesita crear un documento, probablemente considere la opci\u00f3n de Microsoft Word. Esta herramienta es \u00fatil para crear una amplia variedad de \u2026\" \/>\n<meta property=\"og:url\" content=\"https:\/\/www.apen.es\/en\/computer-glossary\/microsoft-word\/\" \/>\n<meta property=\"og:site_name\" content=\"Apen Inform\u00e1tica\" \/>\n<meta property=\"article:publisher\" content=\"https:\/\/www.facebook.com\/apensolucions\" \/>\n<meta property=\"article:modified_time\" content=\"2025-07-14T11:07:52+00:00\" \/>\n<meta property=\"og:image\" content=\"https:\/\/www.apen.es\/wp-content\/uploads\/2020\/11\/Microsoft-Word-Logotipo-2013-2019-300x169.jpg\" \/>\n<meta name=\"twitter:card\" content=\"summary_large_image\" \/>\n<meta name=\"twitter:label1\" content=\"Est. reading time\" \/>\n\t<meta name=\"twitter:data1\" content=\"3 minutes\" \/>\n<script type=\"application\/ld+json\" class=\"yoast-schema-graph\">{\"@context\":\"https:\\\/\\\/schema.org\",\"@graph\":[{\"@type\":\"WebPage\",\"@id\":\"https:\\\/\\\/www.apen.es\\\/glosario-de-informatica\\\/microsoft-word\\\/\",\"url\":\"https:\\\/\\\/www.apen.es\\\/glosario-de-informatica\\\/microsoft-word\\\/\",\"name\":\"Que es Microsoft Word - Apen Inform\u00e1tica\",\"isPartOf\":{\"@id\":\"https:\\\/\\\/www.apen.es\\\/#website\"},\"primaryImageOfPage\":{\"@id\":\"https:\\\/\\\/www.apen.es\\\/glosario-de-informatica\\\/microsoft-word\\\/#primaryimage\"},\"image\":{\"@id\":\"https:\\\/\\\/www.apen.es\\\/glosario-de-informatica\\\/microsoft-word\\\/#primaryimage\"},\"thumbnailUrl\":\"https:\\\/\\\/www.apen.es\\\/wp-content\\\/uploads\\\/2020\\\/11\\\/Microsoft-Word-Logotipo-2013-2019-300x169.jpg\",\"datePublished\":\"2020-11-02T11:28:58+00:00\",\"dateModified\":\"2025-07-14T11:07:52+00:00\",\"description\":\"Si necesita crear un documento, probablemente considere la opci\u00f3n de Microsoft Word. Esta herramienta es \u00fatil para crear una amplia variedad de \u2026\",\"breadcrumb\":{\"@id\":\"https:\\\/\\\/www.apen.es\\\/glosario-de-informatica\\\/microsoft-word\\\/#breadcrumb\"},\"inLanguage\":\"en-US\",\"potentialAction\":[{\"@type\":\"ReadAction\",\"target\":[\"https:\\\/\\\/www.apen.es\\\/glosario-de-informatica\\\/microsoft-word\\\/\"]}]},{\"@type\":\"ImageObject\",\"inLanguage\":\"en-US\",\"@id\":\"https:\\\/\\\/www.apen.es\\\/glosario-de-informatica\\\/microsoft-word\\\/#primaryimage\",\"url\":\"https:\\\/\\\/www.apen.es\\\/wp-content\\\/uploads\\\/2020\\\/11\\\/Microsoft-Word-Logotipo-2013-2019-300x169.jpg\",\"contentUrl\":\"https:\\\/\\\/www.apen.es\\\/wp-content\\\/uploads\\\/2020\\\/11\\\/Microsoft-Word-Logotipo-2013-2019-300x169.jpg\"},{\"@type\":\"BreadcrumbList\",\"@id\":\"https:\\\/\\\/www.apen.es\\\/glosario-de-informatica\\\/microsoft-word\\\/#breadcrumb\",\"itemListElement\":[{\"@type\":\"ListItem\",\"position\":1,\"name\":\"Portada\",\"item\":\"https:\\\/\\\/www.apen.es\\\/\"},{\"@type\":\"ListItem\",\"position\":2,\"name\":\"Glosario de inform\u00e1tica\",\"item\":\"https:\\\/\\\/www.apen.es\\\/glosario-de-informatica\\\/\"},{\"@type\":\"ListItem\",\"position\":3,\"name\":\"Que es Microsoft Word\"}]},{\"@type\":\"WebSite\",\"@id\":\"https:\\\/\\\/www.apen.es\\\/#website\",\"url\":\"https:\\\/\\\/www.apen.es\\\/\",\"name\":\"Apen Inform\u00e1tica\",\"description\":\"Mantenimiento Inform\u00e1tico , Software de Gesti\u00f3n, Soluciones de impresi\u00f3n\",\"publisher\":{\"@id\":\"https:\\\/\\\/www.apen.es\\\/#organization\"},\"potentialAction\":[{\"@type\":\"SearchAction\",\"target\":{\"@type\":\"EntryPoint\",\"urlTemplate\":\"https:\\\/\\\/www.apen.es\\\/?s={search_term_string}\"},\"query-input\":{\"@type\":\"PropertyValueSpecification\",\"valueRequired\":true,\"valueName\":\"search_term_string\"}}],\"inLanguage\":\"en-US\"},{\"@type\":\"Organization\",\"@id\":\"https:\\\/\\\/www.apen.es\\\/#organization\",\"name\":\"Apen: Soluciones inform\u00e1ticas\",\"url\":\"https:\\\/\\\/www.apen.es\\\/\",\"logo\":{\"@type\":\"ImageObject\",\"inLanguage\":\"en-US\",\"@id\":\"https:\\\/\\\/www.apen.es\\\/#\\\/schema\\\/logo\\\/image\\\/\",\"url\":\"https:\\\/\\\/www.apen.es\\\/wp-content\\\/uploads\\\/2022\\\/08\\\/logo-apenok-231x82-1.png\",\"contentUrl\":\"https:\\\/\\\/www.apen.es\\\/wp-content\\\/uploads\\\/2022\\\/08\\\/logo-apenok-231x82-1.png\",\"width\":231,\"height\":82,\"caption\":\"Apen: Soluciones inform\u00e1ticas\"},\"image\":{\"@id\":\"https:\\\/\\\/www.apen.es\\\/#\\\/schema\\\/logo\\\/image\\\/\"},\"sameAs\":[\"https:\\\/\\\/www.facebook.com\\\/apensolucions\",\"https:\\\/\\\/www.youtube.com\\\/user\\\/ApenCentreInformatic\",\"https:\\\/\\\/www.linkedin.com\\\/company\\\/1021771?trk=tyah&trkInfo=clickedVerticalcompanyclickedEntityId1021771idx2-1-2tarId1464195271196tasapenin\"]}]}<\/script>\n<!-- \/ Yoast SEO plugin. -->","yoast_head_json":{"title":"What is Microsoft Word? - Apen Informatics","description":"If you need to create a document, you&#039;ll probably consider Microsoft Word. This tool is useful for creating a wide variety of\u2026","robots":{"index":"index","follow":"follow","max-snippet":"max-snippet:-1","max-image-preview":"max-image-preview:large","max-video-preview":"max-video-preview:-1"},"canonical":"https:\/\/www.apen.es\/en\/computer-glossary\/microsoft-word\/","og_locale":"en_US","og_type":"article","og_title":"Que es Microsoft Word - Apen Inform\u00e1tica","og_description":"Si necesita crear un documento, probablemente considere la opci\u00f3n de Microsoft Word. Esta herramienta es \u00fatil para crear una amplia variedad de \u2026","og_url":"https:\/\/www.apen.es\/en\/computer-glossary\/microsoft-word\/","og_site_name":"Apen Inform\u00e1tica","article_publisher":"https:\/\/www.facebook.com\/apensolucions","article_modified_time":"2025-07-14T11:07:52+00:00","og_image":[{"url":"https:\/\/www.apen.es\/wp-content\/uploads\/2020\/11\/Microsoft-Word-Logotipo-2013-2019-300x169.jpg","type":"","width":"","height":""}],"twitter_card":"summary_large_image","twitter_misc":{"Est. reading time":"3 minutes"},"schema":{"@context":"https:\/\/schema.org","@graph":[{"@type":"WebPage","@id":"https:\/\/www.apen.es\/glosario-de-informatica\/microsoft-word\/","url":"https:\/\/www.apen.es\/glosario-de-informatica\/microsoft-word\/","name":"What is Microsoft Word? - Apen Informatics","isPartOf":{"@id":"https:\/\/www.apen.es\/#website"},"primaryImageOfPage":{"@id":"https:\/\/www.apen.es\/glosario-de-informatica\/microsoft-word\/#primaryimage"},"image":{"@id":"https:\/\/www.apen.es\/glosario-de-informatica\/microsoft-word\/#primaryimage"},"thumbnailUrl":"https:\/\/www.apen.es\/wp-content\/uploads\/2020\/11\/Microsoft-Word-Logotipo-2013-2019-300x169.jpg","datePublished":"2020-11-02T11:28:58+00:00","dateModified":"2025-07-14T11:07:52+00:00","description":"If you need to create a document, you&#039;ll probably consider Microsoft Word. This tool is useful for creating a wide variety of\u2026","breadcrumb":{"@id":"https:\/\/www.apen.es\/glosario-de-informatica\/microsoft-word\/#breadcrumb"},"inLanguage":"en-US","potentialAction":[{"@type":"ReadAction","target":["https:\/\/www.apen.es\/glosario-de-informatica\/microsoft-word\/"]}]},{"@type":"ImageObject","inLanguage":"en-US","@id":"https:\/\/www.apen.es\/glosario-de-informatica\/microsoft-word\/#primaryimage","url":"https:\/\/www.apen.es\/wp-content\/uploads\/2020\/11\/Microsoft-Word-Logotipo-2013-2019-300x169.jpg","contentUrl":"https:\/\/www.apen.es\/wp-content\/uploads\/2020\/11\/Microsoft-Word-Logotipo-2013-2019-300x169.jpg"},{"@type":"BreadcrumbList","@id":"https:\/\/www.apen.es\/glosario-de-informatica\/microsoft-word\/#breadcrumb","itemListElement":[{"@type":"ListItem","position":1,"name":"Portada","item":"https:\/\/www.apen.es\/"},{"@type":"ListItem","position":2,"name":"Glosario de inform\u00e1tica","item":"https:\/\/www.apen.es\/glosario-de-informatica\/"},{"@type":"ListItem","position":3,"name":"Que es Microsoft Word"}]},{"@type":"WebSite","@id":"https:\/\/www.apen.es\/#website","url":"https:\/\/www.apen.es\/","name":"Apen Inform\u00e1tica","description":"IT Maintenance, Management Software, Printing Solutions","publisher":{"@id":"https:\/\/www.apen.es\/#organization"},"potentialAction":[{"@type":"SearchAction","target":{"@type":"EntryPoint","urlTemplate":"https:\/\/www.apen.es\/?s={search_term_string}"},"query-input":{"@type":"PropertyValueSpecification","valueRequired":true,"valueName":"search_term_string"}}],"inLanguage":"en-US"},{"@type":"Organization","@id":"https:\/\/www.apen.es\/#organization","name":"Apen: IT Solutions","url":"https:\/\/www.apen.es\/","logo":{"@type":"ImageObject","inLanguage":"en-US","@id":"https:\/\/www.apen.es\/#\/schema\/logo\/image\/","url":"https:\/\/www.apen.es\/wp-content\/uploads\/2022\/08\/logo-apenok-231x82-1.png","contentUrl":"https:\/\/www.apen.es\/wp-content\/uploads\/2022\/08\/logo-apenok-231x82-1.png","width":231,"height":82,"caption":"Apen: Soluciones inform\u00e1ticas"},"image":{"@id":"https:\/\/www.apen.es\/#\/schema\/logo\/image\/"},"sameAs":["https:\/\/www.facebook.com\/apensolucions","https:\/\/www.youtube.com\/user\/ApenCentreInformatic","https:\/\/www.linkedin.com\/company\/1021771?trk=tyah&trkInfo=clickedVerticalcompanyclickedEntityId1021771idx2-1-2tarId1464195271196tasapenin"]}]}},"taxonomy_info":[],"featured_image_src_large":false,"author_info":{"display_name":"marqueting","author_link":"https:\/\/www.apen.es\/en\/blog\/author\/marqueting\/"},"comment_info":0,"_links":{"self":[{"href":"https:\/\/www.apen.es\/en\/wp-json\/wp\/v2\/pages\/20299","targetHints":{"allow":["GET"]}}],"collection":[{"href":"https:\/\/www.apen.es\/en\/wp-json\/wp\/v2\/pages"}],"about":[{"href":"https:\/\/www.apen.es\/en\/wp-json\/wp\/v2\/types\/page"}],"author":[{"embeddable":true,"href":"https:\/\/www.apen.es\/en\/wp-json\/wp\/v2\/users\/4"}],"replies":[{"embeddable":true,"href":"https:\/\/www.apen.es\/en\/wp-json\/wp\/v2\/comments?post=20299"}],"version-history":[{"count":1,"href":"https:\/\/www.apen.es\/en\/wp-json\/wp\/v2\/pages\/20299\/revisions"}],"predecessor-version":[{"id":56573,"href":"https:\/\/www.apen.es\/en\/wp-json\/wp\/v2\/pages\/20299\/revisions\/56573"}],"up":[{"embeddable":true,"href":"https:\/\/www.apen.es\/en\/wp-json\/wp\/v2\/pages\/6185"}],"wp:attachment":[{"href":"https:\/\/www.apen.es\/en\/wp-json\/wp\/v2\/media?parent=20299"}],"curies":[{"name":"wp","href":"https:\/\/api.w.org\/{rel}","templated":true}]}}