{"id":19509,"date":"2020-10-09T13:08:39","date_gmt":"2020-10-09T13:08:39","guid":{"rendered":"https:\/\/www.apen.es\/?page_id=19509"},"modified":"2025-07-09T10:31:24","modified_gmt":"2025-07-09T10:31:24","slug":"mobile-phone-rental","status":"publish","type":"page","link":"https:\/\/www.apen.es\/en\/renting-ordenadores\/renting-moviles\/","title":{"rendered":"Mobile phone rental"},"content":{"rendered":"<p>He <strong>Mobile phone rental<\/strong> It is the most convenient and cost-effective option for companies, as they can have as many smartphones as they need to use as a work tool, without having to buy them.<\/p>\n\n\n\n<p>He <strong>mobile phone rental<\/strong> It becomes the best option for having access to state-of-the-art smart devices, tailored to the needs of each company, without requiring employees or managers to use their personal mobile phones, and paying only for what they use. It&#039;s a rental service that fully adapts to the needs of each company and is a much more economical and practical solution than purchasing them.<\/p>\n\n\n\n<p>Thanks to leasing, many companies have access to ideal work tools that allow them to perform their necessary tasks from anywhere without using their personal phones, enjoying all the possibilities and features offered by cutting-edge smartphones. It&#039;s also a good way to have greater control over company expenses in this area, since a &quot;pay-per-use&quot; financing service allows for precise tracking of the investment and costs associated with this system. <strong>mobile phone rental<\/strong>.<\/p>\n\n\n\n<p>At Apen, we offer a full range of leasing services because we understand the advantages they offer, especially for small businesses and new entrepreneurs who need access to cutting-edge devices but lack the budget. This leasing service makes managing calls, messages, and data more convenient and secure for any company, allowing employees to benefit from continuously updated systems and high-performance features at a low cost.<\/p>\n\n\n\n<p>Renting mobile phones offers significant advantages over buying smartphones, as companies can save a lot of money, especially on the initial investment, and can also test different systems until they find the device that best suits their needs, without the commitment of having to buy them.<\/p>\n\n\n\n<p>Another clear advantage is the flexibility and scalability it offers, because it is a new consumption model in which the company only has to pay for the mobile phones it needs and for what it uses, depending on the agreed conditions.<\/p>\n\n\n\n<p>This means that the company&#039;s mobile phone consumption is more sustainable and promotes the circular economy, in addition to combating planned obsolescence and encouraging the conscious use of devices. Thanks to <strong>mobile phone rental<\/strong> Companies use the tools in a more optimized way, extending their useful life and having the possibility of having the specialized help of Apen, to be able to fix any problem and find a replacement device while this is being resolved.<\/p>","protected":false},"excerpt":{"rendered":"<p>El Renting de m\u00f3viles es la opci\u00f3n m\u00e1s c\u00f3moda y rentable para las empresas, ya que pueden disponer de la cantidad de smartphones que necesiten para utilizarlos como herramienta de trabajo, sin tener la necesidad de comprarlos. El renting de m\u00f3viles se convierte en la mejor opci\u00f3n para disponer de dispositivos inteligentes de \u00faltima generaci\u00f3n,&#8230;<\/p>","protected":false},"author":4,"featured_media":0,"parent":6256,"menu_order":0,"comment_status":"closed","ping_status":"closed","template":"page-renting-equipos-informatico.php","meta":{"_acf_changed":false,"_kad_blocks_custom_css":"","_kad_blocks_head_custom_js":"","_kad_blocks_body_custom_js":"","_kad_blocks_footer_custom_js":"","_kad_post_transparent":"","_kad_post_title":"","_kad_post_layout":"","_kad_post_sidebar_id":"","_kad_post_content_style":"","_kad_post_vertical_padding":"","_kad_post_feature":"","_kad_post_feature_position":"","_kad_post_header":false,"_kad_post_footer":false,"_kad_post_classname":"","footnotes":""},"class_list":["post-19509","page","type-page","status-publish","hentry"],"acf":[],"yoast_head":"<!-- This site is optimized with the Yoast SEO plugin v27.4 - https:\/\/yoast.com\/product\/yoast-seo-wordpress\/ -->\n<title>Renting moviles - Apen Inform\u00e1tica<\/title>\n<meta name=\"description\" content=\"\u00bfNecesitas un renting de tel\u00e9fonos m\u00f3viles? Apen es una empresa proveedora de servicios de renting y alquiler de todo tipo de tecnolog\u00edas. Conf\u00eda en Apen.\" \/>\n<meta name=\"robots\" content=\"index, follow, max-snippet:-1, max-image-preview:large, max-video-preview:-1\" \/>\n<link rel=\"canonical\" href=\"https:\/\/www.apen.es\/en\/computer-rental-2\/mobile-phone-rental\/\" \/>\n<meta property=\"og:locale\" content=\"en_US\" \/>\n<meta property=\"og:type\" content=\"article\" \/>\n<meta property=\"og:title\" content=\"Renting moviles - Apen Inform\u00e1tica\" \/>\n<meta property=\"og:description\" content=\"\u00bfNecesitas un renting de tel\u00e9fonos m\u00f3viles? Apen es una empresa proveedora de servicios de renting y alquiler de todo tipo de tecnolog\u00edas. Conf\u00eda en Apen.\" \/>\n<meta property=\"og:url\" content=\"https:\/\/www.apen.es\/en\/computer-rental-2\/mobile-phone-rental\/\" \/>\n<meta property=\"og:site_name\" content=\"Apen Inform\u00e1tica\" \/>\n<meta property=\"article:publisher\" content=\"https:\/\/www.facebook.com\/apensolucions\" \/>\n<meta property=\"article:modified_time\" content=\"2025-07-09T10:31:24+00:00\" \/>\n<meta property=\"og:image\" content=\"https:\/\/www.apen.es\/wp-content\/uploads\/2016\/05\/logo-apen-231x82-trasparent.png\" \/>\n\t<meta property=\"og:image:width\" content=\"231\" \/>\n\t<meta property=\"og:image:height\" content=\"82\" \/>\n\t<meta property=\"og:image:type\" content=\"image\/png\" \/>\n<meta name=\"twitter:card\" content=\"summary_large_image\" \/>\n<meta name=\"twitter:label1\" content=\"Est. reading time\" \/>\n\t<meta name=\"twitter:data1\" content=\"4 minutes\" \/>\n<script type=\"application\/ld+json\" class=\"yoast-schema-graph\">{\"@context\":\"https:\\\/\\\/schema.org\",\"@graph\":[{\"@type\":\"WebPage\",\"@id\":\"https:\\\/\\\/www.apen.es\\\/renting-ordenadores\\\/renting-moviles\\\/\",\"url\":\"https:\\\/\\\/www.apen.es\\\/renting-ordenadores\\\/renting-moviles\\\/\",\"name\":\"Renting moviles - Apen Inform\u00e1tica\",\"isPartOf\":{\"@id\":\"https:\\\/\\\/www.apen.es\\\/#website\"},\"datePublished\":\"2020-10-09T13:08:39+00:00\",\"dateModified\":\"2025-07-09T10:31:24+00:00\",\"description\":\"\u00bfNecesitas un renting de tel\u00e9fonos m\u00f3viles? Apen es una empresa proveedora de servicios de renting y alquiler de todo tipo de tecnolog\u00edas. Conf\u00eda en Apen.\",\"breadcrumb\":{\"@id\":\"https:\\\/\\\/www.apen.es\\\/renting-ordenadores\\\/renting-moviles\\\/#breadcrumb\"},\"inLanguage\":\"en-US\",\"potentialAction\":[{\"@type\":\"ReadAction\",\"target\":[\"https:\\\/\\\/www.apen.es\\\/renting-ordenadores\\\/renting-moviles\\\/\"]}]},{\"@type\":\"BreadcrumbList\",\"@id\":\"https:\\\/\\\/www.apen.es\\\/renting-ordenadores\\\/renting-moviles\\\/#breadcrumb\",\"itemListElement\":[{\"@type\":\"ListItem\",\"position\":1,\"name\":\"Portada\",\"item\":\"https:\\\/\\\/www.apen.es\\\/\"},{\"@type\":\"ListItem\",\"position\":2,\"name\":\"Renting ordenadores\",\"item\":\"https:\\\/\\\/www.apen.es\\\/renting-ordenadores\\\/\"},{\"@type\":\"ListItem\",\"position\":3,\"name\":\"Renting moviles\"}]},{\"@type\":\"WebSite\",\"@id\":\"https:\\\/\\\/www.apen.es\\\/#website\",\"url\":\"https:\\\/\\\/www.apen.es\\\/\",\"name\":\"Apen Inform\u00e1tica\",\"description\":\"Mantenimiento Inform\u00e1tico , Software de Gesti\u00f3n, Soluciones de impresi\u00f3n\",\"publisher\":{\"@id\":\"https:\\\/\\\/www.apen.es\\\/#organization\"},\"potentialAction\":[{\"@type\":\"SearchAction\",\"target\":{\"@type\":\"EntryPoint\",\"urlTemplate\":\"https:\\\/\\\/www.apen.es\\\/?s={search_term_string}\"},\"query-input\":{\"@type\":\"PropertyValueSpecification\",\"valueRequired\":true,\"valueName\":\"search_term_string\"}}],\"inLanguage\":\"en-US\"},{\"@type\":\"Organization\",\"@id\":\"https:\\\/\\\/www.apen.es\\\/#organization\",\"name\":\"Apen: Soluciones inform\u00e1ticas\",\"url\":\"https:\\\/\\\/www.apen.es\\\/\",\"logo\":{\"@type\":\"ImageObject\",\"inLanguage\":\"en-US\",\"@id\":\"https:\\\/\\\/www.apen.es\\\/#\\\/schema\\\/logo\\\/image\\\/\",\"url\":\"https:\\\/\\\/www.apen.es\\\/wp-content\\\/uploads\\\/2022\\\/08\\\/logo-apenok-231x82-1.png\",\"contentUrl\":\"https:\\\/\\\/www.apen.es\\\/wp-content\\\/uploads\\\/2022\\\/08\\\/logo-apenok-231x82-1.png\",\"width\":231,\"height\":82,\"caption\":\"Apen: Soluciones inform\u00e1ticas\"},\"image\":{\"@id\":\"https:\\\/\\\/www.apen.es\\\/#\\\/schema\\\/logo\\\/image\\\/\"},\"sameAs\":[\"https:\\\/\\\/www.facebook.com\\\/apensolucions\",\"https:\\\/\\\/www.youtube.com\\\/user\\\/ApenCentreInformatic\",\"https:\\\/\\\/www.linkedin.com\\\/company\\\/1021771?trk=tyah&trkInfo=clickedVerticalcompanyclickedEntityId1021771idx2-1-2tarId1464195271196tasapenin\"]}]}<\/script>\n<!-- \/ Yoast SEO plugin. -->","yoast_head_json":{"title":"Mobile phone rental - Apen Inform\u00e1tica","description":"Do you need to lease a mobile phone? Apen is a company that provides leasing and rental services for all types of technology. Trust Apen.","robots":{"index":"index","follow":"follow","max-snippet":"max-snippet:-1","max-image-preview":"max-image-preview:large","max-video-preview":"max-video-preview:-1"},"canonical":"https:\/\/www.apen.es\/en\/computer-rental-2\/mobile-phone-rental\/","og_locale":"en_US","og_type":"article","og_title":"Renting moviles - Apen Inform\u00e1tica","og_description":"\u00bfNecesitas un renting de tel\u00e9fonos m\u00f3viles? Apen es una empresa proveedora de servicios de renting y alquiler de todo tipo de tecnolog\u00edas. Conf\u00eda en Apen.","og_url":"https:\/\/www.apen.es\/en\/computer-rental-2\/mobile-phone-rental\/","og_site_name":"Apen Inform\u00e1tica","article_publisher":"https:\/\/www.facebook.com\/apensolucions","article_modified_time":"2025-07-09T10:31:24+00:00","og_image":[{"width":231,"height":82,"url":"https:\/\/www.apen.es\/wp-content\/uploads\/2016\/05\/logo-apen-231x82-trasparent.png","type":"image\/png"}],"twitter_card":"summary_large_image","twitter_misc":{"Est. reading time":"4 minutes"},"schema":{"@context":"https:\/\/schema.org","@graph":[{"@type":"WebPage","@id":"https:\/\/www.apen.es\/renting-ordenadores\/renting-moviles\/","url":"https:\/\/www.apen.es\/renting-ordenadores\/renting-moviles\/","name":"Mobile phone rental - Apen Inform\u00e1tica","isPartOf":{"@id":"https:\/\/www.apen.es\/#website"},"datePublished":"2020-10-09T13:08:39+00:00","dateModified":"2025-07-09T10:31:24+00:00","description":"Do you need to lease a mobile phone? Apen is a company that provides leasing and rental services for all types of technology. Trust Apen.","breadcrumb":{"@id":"https:\/\/www.apen.es\/renting-ordenadores\/renting-moviles\/#breadcrumb"},"inLanguage":"en-US","potentialAction":[{"@type":"ReadAction","target":["https:\/\/www.apen.es\/renting-ordenadores\/renting-moviles\/"]}]},{"@type":"BreadcrumbList","@id":"https:\/\/www.apen.es\/renting-ordenadores\/renting-moviles\/#breadcrumb","itemListElement":[{"@type":"ListItem","position":1,"name":"Portada","item":"https:\/\/www.apen.es\/"},{"@type":"ListItem","position":2,"name":"Renting ordenadores","item":"https:\/\/www.apen.es\/renting-ordenadores\/"},{"@type":"ListItem","position":3,"name":"Renting moviles"}]},{"@type":"WebSite","@id":"https:\/\/www.apen.es\/#website","url":"https:\/\/www.apen.es\/","name":"Apen Inform\u00e1tica","description":"IT Maintenance, Management Software, Printing Solutions","publisher":{"@id":"https:\/\/www.apen.es\/#organization"},"potentialAction":[{"@type":"SearchAction","target":{"@type":"EntryPoint","urlTemplate":"https:\/\/www.apen.es\/?s={search_term_string}"},"query-input":{"@type":"PropertyValueSpecification","valueRequired":true,"valueName":"search_term_string"}}],"inLanguage":"en-US"},{"@type":"Organization","@id":"https:\/\/www.apen.es\/#organization","name":"Apen: IT Solutions","url":"https:\/\/www.apen.es\/","logo":{"@type":"ImageObject","inLanguage":"en-US","@id":"https:\/\/www.apen.es\/#\/schema\/logo\/image\/","url":"https:\/\/www.apen.es\/wp-content\/uploads\/2022\/08\/logo-apenok-231x82-1.png","contentUrl":"https:\/\/www.apen.es\/wp-content\/uploads\/2022\/08\/logo-apenok-231x82-1.png","width":231,"height":82,"caption":"Apen: Soluciones inform\u00e1ticas"},"image":{"@id":"https:\/\/www.apen.es\/#\/schema\/logo\/image\/"},"sameAs":["https:\/\/www.facebook.com\/apensolucions","https:\/\/www.youtube.com\/user\/ApenCentreInformatic","https:\/\/www.linkedin.com\/company\/1021771?trk=tyah&trkInfo=clickedVerticalcompanyclickedEntityId1021771idx2-1-2tarId1464195271196tasapenin"]}]}},"taxonomy_info":[],"featured_image_src_large":false,"author_info":{"display_name":"marqueting","author_link":"https:\/\/www.apen.es\/en\/blog\/author\/marqueting\/"},"comment_info":0,"_links":{"self":[{"href":"https:\/\/www.apen.es\/en\/wp-json\/wp\/v2\/pages\/19509","targetHints":{"allow":["GET"]}}],"collection":[{"href":"https:\/\/www.apen.es\/en\/wp-json\/wp\/v2\/pages"}],"about":[{"href":"https:\/\/www.apen.es\/en\/wp-json\/wp\/v2\/types\/page"}],"author":[{"embeddable":true,"href":"https:\/\/www.apen.es\/en\/wp-json\/wp\/v2\/users\/4"}],"replies":[{"embeddable":true,"href":"https:\/\/www.apen.es\/en\/wp-json\/wp\/v2\/comments?post=19509"}],"version-history":[{"count":1,"href":"https:\/\/www.apen.es\/en\/wp-json\/wp\/v2\/pages\/19509\/revisions"}],"predecessor-version":[{"id":55998,"href":"https:\/\/www.apen.es\/en\/wp-json\/wp\/v2\/pages\/19509\/revisions\/55998"}],"up":[{"embeddable":true,"href":"https:\/\/www.apen.es\/en\/wp-json\/wp\/v2\/pages\/6256"}],"wp:attachment":[{"href":"https:\/\/www.apen.es\/en\/wp-json\/wp\/v2\/media?parent=19509"}],"curies":[{"name":"wp","href":"https:\/\/api.w.org\/{rel}","templated":true}]}}