{"id":19478,"date":"2020-10-09T08:53:37","date_gmt":"2020-10-09T08:53:37","guid":{"rendered":"https:\/\/www.apen.es\/?page_id=19478"},"modified":"2025-07-10T07:14:22","modified_gmt":"2025-07-10T07:14:22","slug":"windows-server-cloud","status":"publish","type":"page","link":"https:\/\/www.apen.es\/en\/servidores-redes\/servidores-cloud\/servidor-windows-nube\/","title":{"rendered":"Windows cloud server"},"content":{"rendered":"<p>To have a <strong>Windows server <\/strong>in the<strong> cloud<\/strong> It&#039;s about enjoying top-quality storage software and a work tool that is fully cost-effective and highly accessible.<\/p>\n\n\n\n<p>It offers significant advantages over physical servers, improving upon their capabilities and ensuring continuous updates. Furthermore, it saves on maintenance fees and personnel costs, as specialized staff are not required for its operation. Customized plans are available, allowing for complete adaptation to the company&#039;s needs and maximizing its performance and efficiency. This software is constantly evolving, capable of adapting to all types of situations and preventing system downtime.<\/p>\n\n\n\n<p>Cloud servers offer greater redundancy, and if one server fails, others can take its place, making data storage security much more secure, intelligent, and efficient. <strong>server<\/strong> of <strong>Windows<\/strong> in the <strong>cloud<\/strong> It is a system that creates great flexibility and scalability, allowing access to additional resources whenever necessary, and this is very valuable for clients who have peaks in the required resource in some months of the year or those clients who have a resource that is difficult to predict.<\/p>\n\n\n\n<p>He <strong>Windows server <\/strong>in the<strong> cloud<\/strong> It&#039;s a very cost-effective option because the client only pays for what they use and doesn&#039;t need to buy a complete package, being able to remove resources they don&#039;t need and saving money. There are also fixed and unchangeable costs because the provider takes care of repairing, maintaining, or updating the infrastructure, avoiding unforeseen expenses or situations like staff shortages.<\/p>\n\n\n\n<p>The Windows server in the cloud is very secure for the company because it supports data encryption, both for data in transit and data at rest. Being connected to the network ensures it&#039;s always up-to-date with the latest versions and security protocols, allowing for continuous improvement. Backups also offer advantages, as they don&#039;t require constant monitoring; they are created automatically and can be accessed from any device, making the loss of valuable company information virtually impossible.<\/p>\n\n\n\n<p>If you want to reap all the benefits of having a <strong>Windows server<\/strong> in the <strong>cloud<\/strong> At Apen, we can help you achieve this in your company. We will provide expert advice to explain, in detail, all the available options and will also propose a customized solution, based on your needs and those of your company, so that this software allows you to enjoy a secure, up-to-date, efficient, and personalized virtual environment whenever and wherever you need it.<\/p>","protected":false},"excerpt":{"rendered":"<p>Disponer de un servidor Windows en la nube es disfrutar de un software de almacenamiento y una herramienta de trabajo de la m\u00e1xima calidad, totalmente rentable y con una gran accesibilidad. Ofrece grandes ventajas frente a los servidores f\u00edsicos, ya que mejora las cualidades de estos y se mantiene continuamente actualizado, adem\u00e1s de ahorrar costes&#8230;<\/p>","protected":false},"author":4,"featured_media":0,"parent":2250,"menu_order":0,"comment_status":"closed","ping_status":"closed","template":"page-landing-servidores-cloud.php","meta":{"_acf_changed":false,"_kad_blocks_custom_css":"","_kad_blocks_head_custom_js":"","_kad_blocks_body_custom_js":"","_kad_blocks_footer_custom_js":"","_kad_post_transparent":"","_kad_post_title":"","_kad_post_layout":"","_kad_post_sidebar_id":"","_kad_post_content_style":"","_kad_post_vertical_padding":"","_kad_post_feature":"","_kad_post_feature_position":"","_kad_post_header":false,"_kad_post_footer":false,"_kad_post_classname":"","footnotes":""},"class_list":["post-19478","page","type-page","status-publish","hentry"],"acf":[],"yoast_head":"<!-- This site is optimized with the Yoast SEO plugin v27.4 - https:\/\/yoast.com\/product\/yoast-seo-wordpress\/ -->\n<title>Servidor Windows nube - Apen Inform\u00e1tica<\/title>\n<meta name=\"description\" content=\"El servidor Windows en la nube ofrece una gran flexibilidad y escalabilidad, ya que se puede acceder a recursos a\u00f1adidos cuando sea necesario.\" \/>\n<meta name=\"robots\" content=\"index, follow, max-snippet:-1, max-image-preview:large, max-video-preview:-1\" \/>\n<link rel=\"canonical\" href=\"https:\/\/www.apen.es\/en\/network-servers\/cloud-servers\/windows-server-cloud\/\" \/>\n<meta property=\"og:locale\" content=\"en_US\" \/>\n<meta property=\"og:type\" content=\"article\" \/>\n<meta property=\"og:title\" content=\"Servidor Windows nube - Apen Inform\u00e1tica\" \/>\n<meta property=\"og:description\" content=\"El servidor Windows en la nube ofrece una gran flexibilidad y escalabilidad, ya que se puede acceder a recursos a\u00f1adidos cuando sea necesario.\" \/>\n<meta property=\"og:url\" content=\"https:\/\/www.apen.es\/en\/network-servers\/cloud-servers\/windows-server-cloud\/\" \/>\n<meta property=\"og:site_name\" content=\"Apen Inform\u00e1tica\" \/>\n<meta property=\"article:publisher\" content=\"https:\/\/www.facebook.com\/apensolucions\" \/>\n<meta property=\"article:modified_time\" content=\"2025-07-10T07:14:22+00:00\" \/>\n<meta property=\"og:image\" content=\"https:\/\/www.apen.es\/wp-content\/uploads\/2016\/05\/logo-apen-231x82-trasparent.png\" \/>\n\t<meta property=\"og:image:width\" content=\"231\" \/>\n\t<meta property=\"og:image:height\" content=\"82\" \/>\n\t<meta property=\"og:image:type\" content=\"image\/png\" \/>\n<meta name=\"twitter:card\" content=\"summary_large_image\" \/>\n<meta name=\"twitter:label1\" content=\"Est. reading time\" \/>\n\t<meta name=\"twitter:data1\" content=\"5 minutes\" \/>\n<script type=\"application\/ld+json\" class=\"yoast-schema-graph\">{\"@context\":\"https:\\\/\\\/schema.org\",\"@graph\":[{\"@type\":\"WebPage\",\"@id\":\"https:\\\/\\\/www.apen.es\\\/servidores-redes\\\/servidores-cloud\\\/servidor-windows-nube\\\/\",\"url\":\"https:\\\/\\\/www.apen.es\\\/servidores-redes\\\/servidores-cloud\\\/servidor-windows-nube\\\/\",\"name\":\"Servidor Windows nube - Apen Inform\u00e1tica\",\"isPartOf\":{\"@id\":\"https:\\\/\\\/www.apen.es\\\/#website\"},\"datePublished\":\"2020-10-09T08:53:37+00:00\",\"dateModified\":\"2025-07-10T07:14:22+00:00\",\"description\":\"El servidor Windows en la nube ofrece una gran flexibilidad y escalabilidad, ya que se puede acceder a recursos a\u00f1adidos cuando sea necesario.\",\"breadcrumb\":{\"@id\":\"https:\\\/\\\/www.apen.es\\\/servidores-redes\\\/servidores-cloud\\\/servidor-windows-nube\\\/#breadcrumb\"},\"inLanguage\":\"en-US\",\"potentialAction\":[{\"@type\":\"ReadAction\",\"target\":[\"https:\\\/\\\/www.apen.es\\\/servidores-redes\\\/servidores-cloud\\\/servidor-windows-nube\\\/\"]}]},{\"@type\":\"BreadcrumbList\",\"@id\":\"https:\\\/\\\/www.apen.es\\\/servidores-redes\\\/servidores-cloud\\\/servidor-windows-nube\\\/#breadcrumb\",\"itemListElement\":[{\"@type\":\"ListItem\",\"position\":1,\"name\":\"Portada\",\"item\":\"https:\\\/\\\/www.apen.es\\\/\"},{\"@type\":\"ListItem\",\"position\":2,\"name\":\"Servidores y redes\",\"item\":\"https:\\\/\\\/www.apen.es\\\/servidores-redes\\\/\"},{\"@type\":\"ListItem\",\"position\":3,\"name\":\"Servidores Cloud\",\"item\":\"https:\\\/\\\/www.apen.es\\\/servidores-redes\\\/servidores-cloud\\\/\"},{\"@type\":\"ListItem\",\"position\":4,\"name\":\"Servidor Windows nube\"}]},{\"@type\":\"WebSite\",\"@id\":\"https:\\\/\\\/www.apen.es\\\/#website\",\"url\":\"https:\\\/\\\/www.apen.es\\\/\",\"name\":\"Apen Inform\u00e1tica\",\"description\":\"Mantenimiento Inform\u00e1tico , Software de Gesti\u00f3n, Soluciones de impresi\u00f3n\",\"publisher\":{\"@id\":\"https:\\\/\\\/www.apen.es\\\/#organization\"},\"potentialAction\":[{\"@type\":\"SearchAction\",\"target\":{\"@type\":\"EntryPoint\",\"urlTemplate\":\"https:\\\/\\\/www.apen.es\\\/?s={search_term_string}\"},\"query-input\":{\"@type\":\"PropertyValueSpecification\",\"valueRequired\":true,\"valueName\":\"search_term_string\"}}],\"inLanguage\":\"en-US\"},{\"@type\":\"Organization\",\"@id\":\"https:\\\/\\\/www.apen.es\\\/#organization\",\"name\":\"Apen: Soluciones inform\u00e1ticas\",\"url\":\"https:\\\/\\\/www.apen.es\\\/\",\"logo\":{\"@type\":\"ImageObject\",\"inLanguage\":\"en-US\",\"@id\":\"https:\\\/\\\/www.apen.es\\\/#\\\/schema\\\/logo\\\/image\\\/\",\"url\":\"https:\\\/\\\/www.apen.es\\\/wp-content\\\/uploads\\\/2022\\\/08\\\/logo-apenok-231x82-1.png\",\"contentUrl\":\"https:\\\/\\\/www.apen.es\\\/wp-content\\\/uploads\\\/2022\\\/08\\\/logo-apenok-231x82-1.png\",\"width\":231,\"height\":82,\"caption\":\"Apen: Soluciones inform\u00e1ticas\"},\"image\":{\"@id\":\"https:\\\/\\\/www.apen.es\\\/#\\\/schema\\\/logo\\\/image\\\/\"},\"sameAs\":[\"https:\\\/\\\/www.facebook.com\\\/apensolucions\",\"https:\\\/\\\/www.youtube.com\\\/user\\\/ApenCentreInformatic\",\"https:\\\/\\\/www.linkedin.com\\\/company\\\/1021771?trk=tyah&trkInfo=clickedVerticalcompanyclickedEntityId1021771idx2-1-2tarId1464195271196tasapenin\"]}]}<\/script>\n<!-- \/ Yoast SEO plugin. -->","yoast_head_json":{"title":"Windows cloud server - Apen Inform\u00e1tica","description":"The Windows server in the cloud offers great flexibility and scalability, as additional resources can be accessed when needed.","robots":{"index":"index","follow":"follow","max-snippet":"max-snippet:-1","max-image-preview":"max-image-preview:large","max-video-preview":"max-video-preview:-1"},"canonical":"https:\/\/www.apen.es\/en\/network-servers\/cloud-servers\/windows-server-cloud\/","og_locale":"en_US","og_type":"article","og_title":"Servidor Windows nube - Apen Inform\u00e1tica","og_description":"El servidor Windows en la nube ofrece una gran flexibilidad y escalabilidad, ya que se puede acceder a recursos a\u00f1adidos cuando sea necesario.","og_url":"https:\/\/www.apen.es\/en\/network-servers\/cloud-servers\/windows-server-cloud\/","og_site_name":"Apen Inform\u00e1tica","article_publisher":"https:\/\/www.facebook.com\/apensolucions","article_modified_time":"2025-07-10T07:14:22+00:00","og_image":[{"width":231,"height":82,"url":"https:\/\/www.apen.es\/wp-content\/uploads\/2016\/05\/logo-apen-231x82-trasparent.png","type":"image\/png"}],"twitter_card":"summary_large_image","twitter_misc":{"Est. reading time":"5 minutes"},"schema":{"@context":"https:\/\/schema.org","@graph":[{"@type":"WebPage","@id":"https:\/\/www.apen.es\/servidores-redes\/servidores-cloud\/servidor-windows-nube\/","url":"https:\/\/www.apen.es\/servidores-redes\/servidores-cloud\/servidor-windows-nube\/","name":"Windows cloud server - Apen Inform\u00e1tica","isPartOf":{"@id":"https:\/\/www.apen.es\/#website"},"datePublished":"2020-10-09T08:53:37+00:00","dateModified":"2025-07-10T07:14:22+00:00","description":"The Windows server in the cloud offers great flexibility and scalability, as additional resources can be accessed when needed.","breadcrumb":{"@id":"https:\/\/www.apen.es\/servidores-redes\/servidores-cloud\/servidor-windows-nube\/#breadcrumb"},"inLanguage":"en-US","potentialAction":[{"@type":"ReadAction","target":["https:\/\/www.apen.es\/servidores-redes\/servidores-cloud\/servidor-windows-nube\/"]}]},{"@type":"BreadcrumbList","@id":"https:\/\/www.apen.es\/servidores-redes\/servidores-cloud\/servidor-windows-nube\/#breadcrumb","itemListElement":[{"@type":"ListItem","position":1,"name":"Portada","item":"https:\/\/www.apen.es\/"},{"@type":"ListItem","position":2,"name":"Servidores y redes","item":"https:\/\/www.apen.es\/servidores-redes\/"},{"@type":"ListItem","position":3,"name":"Servidores Cloud","item":"https:\/\/www.apen.es\/servidores-redes\/servidores-cloud\/"},{"@type":"ListItem","position":4,"name":"Servidor Windows nube"}]},{"@type":"WebSite","@id":"https:\/\/www.apen.es\/#website","url":"https:\/\/www.apen.es\/","name":"Apen Inform\u00e1tica","description":"IT Maintenance, Management Software, Printing Solutions","publisher":{"@id":"https:\/\/www.apen.es\/#organization"},"potentialAction":[{"@type":"SearchAction","target":{"@type":"EntryPoint","urlTemplate":"https:\/\/www.apen.es\/?s={search_term_string}"},"query-input":{"@type":"PropertyValueSpecification","valueRequired":true,"valueName":"search_term_string"}}],"inLanguage":"en-US"},{"@type":"Organization","@id":"https:\/\/www.apen.es\/#organization","name":"Apen: IT Solutions","url":"https:\/\/www.apen.es\/","logo":{"@type":"ImageObject","inLanguage":"en-US","@id":"https:\/\/www.apen.es\/#\/schema\/logo\/image\/","url":"https:\/\/www.apen.es\/wp-content\/uploads\/2022\/08\/logo-apenok-231x82-1.png","contentUrl":"https:\/\/www.apen.es\/wp-content\/uploads\/2022\/08\/logo-apenok-231x82-1.png","width":231,"height":82,"caption":"Apen: Soluciones inform\u00e1ticas"},"image":{"@id":"https:\/\/www.apen.es\/#\/schema\/logo\/image\/"},"sameAs":["https:\/\/www.facebook.com\/apensolucions","https:\/\/www.youtube.com\/user\/ApenCentreInformatic","https:\/\/www.linkedin.com\/company\/1021771?trk=tyah&trkInfo=clickedVerticalcompanyclickedEntityId1021771idx2-1-2tarId1464195271196tasapenin"]}]}},"taxonomy_info":[],"featured_image_src_large":false,"author_info":{"display_name":"marqueting","author_link":"https:\/\/www.apen.es\/en\/blog\/author\/marqueting\/"},"comment_info":0,"_links":{"self":[{"href":"https:\/\/www.apen.es\/en\/wp-json\/wp\/v2\/pages\/19478","targetHints":{"allow":["GET"]}}],"collection":[{"href":"https:\/\/www.apen.es\/en\/wp-json\/wp\/v2\/pages"}],"about":[{"href":"https:\/\/www.apen.es\/en\/wp-json\/wp\/v2\/types\/page"}],"author":[{"embeddable":true,"href":"https:\/\/www.apen.es\/en\/wp-json\/wp\/v2\/users\/4"}],"replies":[{"embeddable":true,"href":"https:\/\/www.apen.es\/en\/wp-json\/wp\/v2\/comments?post=19478"}],"version-history":[{"count":1,"href":"https:\/\/www.apen.es\/en\/wp-json\/wp\/v2\/pages\/19478\/revisions"}],"predecessor-version":[{"id":56076,"href":"https:\/\/www.apen.es\/en\/wp-json\/wp\/v2\/pages\/19478\/revisions\/56076"}],"up":[{"embeddable":true,"href":"https:\/\/www.apen.es\/en\/wp-json\/wp\/v2\/pages\/2250"}],"wp:attachment":[{"href":"https:\/\/www.apen.es\/en\/wp-json\/wp\/v2\/media?parent=19478"}],"curies":[{"name":"wp","href":"https:\/\/api.w.org\/{rel}","templated":true}]}}