{"id":19477,"date":"2020-10-09T08:53:35","date_gmt":"2020-10-09T08:53:35","guid":{"rendered":"https:\/\/www.apen.es\/?page_id=19477"},"modified":"2025-07-10T07:13:24","modified_gmt":"2025-07-10T07:13:24","slug":"windows-cloud-server","status":"publish","type":"page","link":"https:\/\/www.apen.es\/en\/servidores-redes\/servidores-cloud\/servidor-windows-cloud\/","title":{"rendered":"Windows Cloud Server"},"content":{"rendered":"<p>He <strong>Windows Cloud server<\/strong> It will make your company improve both qualitatively and quantitatively from the first day of its installation, because on the one hand it will allow you to work in a more accessible way, being able to access your company&#039;s data from anywhere and, on the other hand, it is much more cost-effective than a physical server.<\/p>\n\n\n\n<p>He <strong>Windows Cloud server<\/strong> It will make your work easier and create a secure virtual environment from which you can access data immediately and securely, ensuring that backups run automatically, preventing system crashes, and encrypting information. It&#039;s completely reliable software that is always up-to-date and fully adaptable to the needs of each company.<\/p>\n\n\n\n<p>This server will significantly improve your company&#039;s performance and productivity, allowing you to use resources in a more optimized and intelligent way. It provides a truly functional and cost-effective work tool that doesn&#039;t require you to buy a complete package; you only pay for what you use, always keeping it updated and adapted to your needs, constantly evolving.<\/p>\n\n\n\n<p>Having a <strong>Windows Cloud server<\/strong> It&#039;s about betting on the security and intelligence provided by up-to-date cloud systems, with which you can obtain a comprehensive solution adapted to the needs of your company, without putting its finances or data at risk.<\/p>\n\n\n\n<p>With a Windows Cloud Server, you&#039;ll enjoy a personalized plan tailored to your business, including all the tools you need: software, storage, internet service, and our dedicated technical support. At Apen, we specialize in IT maintenance and security. As Microsoft resellers, we have extensive experience with cloud servers for businesses and offer services designed to improve business management, productivity, performance, and internal communication. We also provide cost-effective and customized solutions, such as a3 ERP implementation, printing solutions, and technology leasing.<\/p>\n\n\n\n<p>If you want the highest security and maintenance for your company&#039;s data in the cloud, the best option is to use a <strong>Windows Cloud Server<\/strong>, like the one we offer you at Apen, so that you can achieve a great improvement and have software that evolves according to the needs of the market at all times, taking into account your needs at all times and having it available immediately and uninterruptedly.<\/p>\n\n\n\n<p>Visit our website and discover everything we have to offer!<\/p>","protected":false},"excerpt":{"rendered":"<p>El servidor Windows Cloud va a conseguir que tu empresa mejore de forme cualitativa y cuantitativa desde el primer d\u00eda de su instalaci\u00f3n, porque por un lado te permitir\u00e1 trabajar de una forma m\u00e1s accesible, pudiendo acceder a los datos de tu empresa desde cualquier lugar y, por el otro, es mucho m\u00e1s rentable que&#8230;<\/p>","protected":false},"author":4,"featured_media":0,"parent":2250,"menu_order":0,"comment_status":"closed","ping_status":"closed","template":"page-landing-servidores-cloud.php","meta":{"_acf_changed":false,"_kad_blocks_custom_css":"","_kad_blocks_head_custom_js":"","_kad_blocks_body_custom_js":"","_kad_blocks_footer_custom_js":"","_kad_post_transparent":"","_kad_post_title":"","_kad_post_layout":"","_kad_post_sidebar_id":"","_kad_post_content_style":"","_kad_post_vertical_padding":"","_kad_post_feature":"","_kad_post_feature_position":"","_kad_post_header":false,"_kad_post_footer":false,"_kad_post_classname":"","footnotes":""},"class_list":["post-19477","page","type-page","status-publish","hentry"],"acf":[],"yoast_head":"<!-- This site is optimized with the Yoast SEO plugin v27.4 - https:\/\/yoast.com\/product\/yoast-seo-wordpress\/ -->\n<title>Servidor Windows Cloud - Apen Inform\u00e1tica<\/title>\n<meta name=\"description\" content=\"El servidor Windows cloud ofrece una gran flexibilidad y escalabilidad, ya que se puede acceder a recursos a\u00f1adidos cuando sea necesario.\" \/>\n<meta name=\"robots\" content=\"index, follow, max-snippet:-1, max-image-preview:large, max-video-preview:-1\" \/>\n<link rel=\"canonical\" href=\"https:\/\/www.apen.es\/en\/network-servers\/cloud-servers\/windows-cloud-server\/\" \/>\n<meta property=\"og:locale\" content=\"en_US\" \/>\n<meta property=\"og:type\" content=\"article\" \/>\n<meta property=\"og:title\" content=\"Servidor Windows Cloud - Apen Inform\u00e1tica\" \/>\n<meta property=\"og:description\" content=\"El servidor Windows cloud ofrece una gran flexibilidad y escalabilidad, ya que se puede acceder a recursos a\u00f1adidos cuando sea necesario.\" \/>\n<meta property=\"og:url\" content=\"https:\/\/www.apen.es\/en\/network-servers\/cloud-servers\/windows-cloud-server\/\" \/>\n<meta property=\"og:site_name\" content=\"Apen Inform\u00e1tica\" \/>\n<meta property=\"article:publisher\" content=\"https:\/\/www.facebook.com\/apensolucions\" \/>\n<meta property=\"article:modified_time\" content=\"2025-07-10T07:13:24+00:00\" \/>\n<meta property=\"og:image\" content=\"https:\/\/www.apen.es\/wp-content\/uploads\/2016\/05\/logo-apen-231x82-trasparent.png\" \/>\n\t<meta property=\"og:image:width\" content=\"231\" \/>\n\t<meta property=\"og:image:height\" content=\"82\" \/>\n\t<meta property=\"og:image:type\" content=\"image\/png\" \/>\n<meta name=\"twitter:card\" content=\"summary_large_image\" \/>\n<meta name=\"twitter:label1\" content=\"Est. reading time\" \/>\n\t<meta name=\"twitter:data1\" content=\"5 minutes\" \/>\n<script type=\"application\/ld+json\" class=\"yoast-schema-graph\">{\"@context\":\"https:\\\/\\\/schema.org\",\"@graph\":[{\"@type\":\"WebPage\",\"@id\":\"https:\\\/\\\/www.apen.es\\\/servidores-redes\\\/servidores-cloud\\\/servidor-windows-cloud\\\/\",\"url\":\"https:\\\/\\\/www.apen.es\\\/servidores-redes\\\/servidores-cloud\\\/servidor-windows-cloud\\\/\",\"name\":\"Servidor Windows Cloud - Apen Inform\u00e1tica\",\"isPartOf\":{\"@id\":\"https:\\\/\\\/www.apen.es\\\/#website\"},\"datePublished\":\"2020-10-09T08:53:35+00:00\",\"dateModified\":\"2025-07-10T07:13:24+00:00\",\"description\":\"El servidor Windows cloud ofrece una gran flexibilidad y escalabilidad, ya que se puede acceder a recursos a\u00f1adidos cuando sea necesario.\",\"breadcrumb\":{\"@id\":\"https:\\\/\\\/www.apen.es\\\/servidores-redes\\\/servidores-cloud\\\/servidor-windows-cloud\\\/#breadcrumb\"},\"inLanguage\":\"en-US\",\"potentialAction\":[{\"@type\":\"ReadAction\",\"target\":[\"https:\\\/\\\/www.apen.es\\\/servidores-redes\\\/servidores-cloud\\\/servidor-windows-cloud\\\/\"]}]},{\"@type\":\"BreadcrumbList\",\"@id\":\"https:\\\/\\\/www.apen.es\\\/servidores-redes\\\/servidores-cloud\\\/servidor-windows-cloud\\\/#breadcrumb\",\"itemListElement\":[{\"@type\":\"ListItem\",\"position\":1,\"name\":\"Portada\",\"item\":\"https:\\\/\\\/www.apen.es\\\/\"},{\"@type\":\"ListItem\",\"position\":2,\"name\":\"Servidores y redes\",\"item\":\"https:\\\/\\\/www.apen.es\\\/servidores-redes\\\/\"},{\"@type\":\"ListItem\",\"position\":3,\"name\":\"Servidores Cloud\",\"item\":\"https:\\\/\\\/www.apen.es\\\/servidores-redes\\\/servidores-cloud\\\/\"},{\"@type\":\"ListItem\",\"position\":4,\"name\":\"Servidor Windows Cloud\"}]},{\"@type\":\"WebSite\",\"@id\":\"https:\\\/\\\/www.apen.es\\\/#website\",\"url\":\"https:\\\/\\\/www.apen.es\\\/\",\"name\":\"Apen Inform\u00e1tica\",\"description\":\"Mantenimiento Inform\u00e1tico , Software de Gesti\u00f3n, Soluciones de impresi\u00f3n\",\"publisher\":{\"@id\":\"https:\\\/\\\/www.apen.es\\\/#organization\"},\"potentialAction\":[{\"@type\":\"SearchAction\",\"target\":{\"@type\":\"EntryPoint\",\"urlTemplate\":\"https:\\\/\\\/www.apen.es\\\/?s={search_term_string}\"},\"query-input\":{\"@type\":\"PropertyValueSpecification\",\"valueRequired\":true,\"valueName\":\"search_term_string\"}}],\"inLanguage\":\"en-US\"},{\"@type\":\"Organization\",\"@id\":\"https:\\\/\\\/www.apen.es\\\/#organization\",\"name\":\"Apen: Soluciones inform\u00e1ticas\",\"url\":\"https:\\\/\\\/www.apen.es\\\/\",\"logo\":{\"@type\":\"ImageObject\",\"inLanguage\":\"en-US\",\"@id\":\"https:\\\/\\\/www.apen.es\\\/#\\\/schema\\\/logo\\\/image\\\/\",\"url\":\"https:\\\/\\\/www.apen.es\\\/wp-content\\\/uploads\\\/2022\\\/08\\\/logo-apenok-231x82-1.png\",\"contentUrl\":\"https:\\\/\\\/www.apen.es\\\/wp-content\\\/uploads\\\/2022\\\/08\\\/logo-apenok-231x82-1.png\",\"width\":231,\"height\":82,\"caption\":\"Apen: Soluciones inform\u00e1ticas\"},\"image\":{\"@id\":\"https:\\\/\\\/www.apen.es\\\/#\\\/schema\\\/logo\\\/image\\\/\"},\"sameAs\":[\"https:\\\/\\\/www.facebook.com\\\/apensolucions\",\"https:\\\/\\\/www.youtube.com\\\/user\\\/ApenCentreInformatic\",\"https:\\\/\\\/www.linkedin.com\\\/company\\\/1021771?trk=tyah&trkInfo=clickedVerticalcompanyclickedEntityId1021771idx2-1-2tarId1464195271196tasapenin\"]}]}<\/script>\n<!-- \/ Yoast SEO plugin. -->","yoast_head_json":{"title":"Windows Cloud Server - Apen Inform\u00e1tica","description":"The Windows cloud server offers great flexibility and scalability, as additional resources can be accessed when needed.","robots":{"index":"index","follow":"follow","max-snippet":"max-snippet:-1","max-image-preview":"max-image-preview:large","max-video-preview":"max-video-preview:-1"},"canonical":"https:\/\/www.apen.es\/en\/network-servers\/cloud-servers\/windows-cloud-server\/","og_locale":"en_US","og_type":"article","og_title":"Servidor Windows Cloud - Apen Inform\u00e1tica","og_description":"El servidor Windows cloud ofrece una gran flexibilidad y escalabilidad, ya que se puede acceder a recursos a\u00f1adidos cuando sea necesario.","og_url":"https:\/\/www.apen.es\/en\/network-servers\/cloud-servers\/windows-cloud-server\/","og_site_name":"Apen Inform\u00e1tica","article_publisher":"https:\/\/www.facebook.com\/apensolucions","article_modified_time":"2025-07-10T07:13:24+00:00","og_image":[{"width":231,"height":82,"url":"https:\/\/www.apen.es\/wp-content\/uploads\/2016\/05\/logo-apen-231x82-trasparent.png","type":"image\/png"}],"twitter_card":"summary_large_image","twitter_misc":{"Est. reading time":"5 minutes"},"schema":{"@context":"https:\/\/schema.org","@graph":[{"@type":"WebPage","@id":"https:\/\/www.apen.es\/servidores-redes\/servidores-cloud\/servidor-windows-cloud\/","url":"https:\/\/www.apen.es\/servidores-redes\/servidores-cloud\/servidor-windows-cloud\/","name":"Windows Cloud Server - Apen Inform\u00e1tica","isPartOf":{"@id":"https:\/\/www.apen.es\/#website"},"datePublished":"2020-10-09T08:53:35+00:00","dateModified":"2025-07-10T07:13:24+00:00","description":"The Windows cloud server offers great flexibility and scalability, as additional resources can be accessed when needed.","breadcrumb":{"@id":"https:\/\/www.apen.es\/servidores-redes\/servidores-cloud\/servidor-windows-cloud\/#breadcrumb"},"inLanguage":"en-US","potentialAction":[{"@type":"ReadAction","target":["https:\/\/www.apen.es\/servidores-redes\/servidores-cloud\/servidor-windows-cloud\/"]}]},{"@type":"BreadcrumbList","@id":"https:\/\/www.apen.es\/servidores-redes\/servidores-cloud\/servidor-windows-cloud\/#breadcrumb","itemListElement":[{"@type":"ListItem","position":1,"name":"Portada","item":"https:\/\/www.apen.es\/"},{"@type":"ListItem","position":2,"name":"Servidores y redes","item":"https:\/\/www.apen.es\/servidores-redes\/"},{"@type":"ListItem","position":3,"name":"Servidores Cloud","item":"https:\/\/www.apen.es\/servidores-redes\/servidores-cloud\/"},{"@type":"ListItem","position":4,"name":"Servidor Windows Cloud"}]},{"@type":"WebSite","@id":"https:\/\/www.apen.es\/#website","url":"https:\/\/www.apen.es\/","name":"Apen Inform\u00e1tica","description":"IT Maintenance, Management Software, Printing Solutions","publisher":{"@id":"https:\/\/www.apen.es\/#organization"},"potentialAction":[{"@type":"SearchAction","target":{"@type":"EntryPoint","urlTemplate":"https:\/\/www.apen.es\/?s={search_term_string}"},"query-input":{"@type":"PropertyValueSpecification","valueRequired":true,"valueName":"search_term_string"}}],"inLanguage":"en-US"},{"@type":"Organization","@id":"https:\/\/www.apen.es\/#organization","name":"Apen: IT Solutions","url":"https:\/\/www.apen.es\/","logo":{"@type":"ImageObject","inLanguage":"en-US","@id":"https:\/\/www.apen.es\/#\/schema\/logo\/image\/","url":"https:\/\/www.apen.es\/wp-content\/uploads\/2022\/08\/logo-apenok-231x82-1.png","contentUrl":"https:\/\/www.apen.es\/wp-content\/uploads\/2022\/08\/logo-apenok-231x82-1.png","width":231,"height":82,"caption":"Apen: Soluciones inform\u00e1ticas"},"image":{"@id":"https:\/\/www.apen.es\/#\/schema\/logo\/image\/"},"sameAs":["https:\/\/www.facebook.com\/apensolucions","https:\/\/www.youtube.com\/user\/ApenCentreInformatic","https:\/\/www.linkedin.com\/company\/1021771?trk=tyah&trkInfo=clickedVerticalcompanyclickedEntityId1021771idx2-1-2tarId1464195271196tasapenin"]}]}},"taxonomy_info":[],"featured_image_src_large":false,"author_info":{"display_name":"marqueting","author_link":"https:\/\/www.apen.es\/en\/blog\/author\/marqueting\/"},"comment_info":0,"_links":{"self":[{"href":"https:\/\/www.apen.es\/en\/wp-json\/wp\/v2\/pages\/19477","targetHints":{"allow":["GET"]}}],"collection":[{"href":"https:\/\/www.apen.es\/en\/wp-json\/wp\/v2\/pages"}],"about":[{"href":"https:\/\/www.apen.es\/en\/wp-json\/wp\/v2\/types\/page"}],"author":[{"embeddable":true,"href":"https:\/\/www.apen.es\/en\/wp-json\/wp\/v2\/users\/4"}],"replies":[{"embeddable":true,"href":"https:\/\/www.apen.es\/en\/wp-json\/wp\/v2\/comments?post=19477"}],"version-history":[{"count":1,"href":"https:\/\/www.apen.es\/en\/wp-json\/wp\/v2\/pages\/19477\/revisions"}],"predecessor-version":[{"id":56075,"href":"https:\/\/www.apen.es\/en\/wp-json\/wp\/v2\/pages\/19477\/revisions\/56075"}],"up":[{"embeddable":true,"href":"https:\/\/www.apen.es\/en\/wp-json\/wp\/v2\/pages\/2250"}],"wp:attachment":[{"href":"https:\/\/www.apen.es\/en\/wp-json\/wp\/v2\/media?parent=19477"}],"curies":[{"name":"wp","href":"https:\/\/api.w.org\/{rel}","templated":true}]}}