{"id":19475,"date":"2020-10-09T08:53:33","date_gmt":"2020-10-09T08:53:33","guid":{"rendered":"https:\/\/www.apen.es\/?page_id=19475"},"modified":"2025-07-10T07:12:45","modified_gmt":"2025-07-10T07:12:45","slug":"enterprise-cloud-server","status":"publish","type":"page","link":"https:\/\/www.apen.es\/en\/servidores-redes\/servidores-cloud\/servidor-empresa-nube\/","title":{"rendered":"Enterprise cloud server"},"content":{"rendered":"<p>He <strong>server<\/strong> for <strong>company<\/strong> in the <strong>cloud<\/strong> It offers significant advantages over other types of traditional servers, such as shared or dedicated servers, as it provides many more benefits and adapts better to the company&#039;s needs. Cloud servers allow clients to rent a virtual server without having to rent or buy physical servers, and they also offer the advantages of the two most common hosting options: dedicated and shared hosting.<\/p>\n\n\n\n<p>When there is more demand on the servers, it is possible to automatically increase capacity to match the demand without having to pay for it permanently, and the enterprise server in the cloud can also run on a hypervisor, which is responsible for controlling the capacity that the operating systems have, so that it is allocated when needed.<\/p>\n\n\n\n<p>Another advantage of <strong>server<\/strong> for <strong>company<\/strong> in the <strong>cloud<\/strong> It offers significant redundancy, since if one server fails, others can take over. This server can greatly improve data security because it provides a stable and secure environment that prevents service outages, offering peace of mind to any company and creating safer work environments.<\/p>\n\n\n\n<p>It&#039;s a very cost-effective option because customers only pay for what they use at any given time, and when that resource is no longer needed, usage is immediately reduced, ensuring consistently low costs. Compared to a physical server, the maintenance and service costs are considerably lower, resulting in significant savings for the company.<\/p>\n\n\n\n<p>A <strong>server<\/strong> for <strong>company<\/strong> in the <strong>cloud<\/strong> It also improves work performance, as the speed of the processes carried out is the maximum possible, and it provides maximum security, as the data is always protected, even if the equipment is lost.<\/p>\n\n\n\n<p>More than just an option, having a cloud server is a clear necessity. From a competitive standpoint, it&#039;s essential to adapt to digital transformation immediately, reduce costs, and make better use of resources. It&#039;s a virtual space that allows you to easily and easily store all the information your company needs, adapting completely to its requirements 24\/7, 365 days a year. It provides constant availability, enabling you to work efficiently and independently from anywhere.<\/p>","protected":false},"excerpt":{"rendered":"<p>El servidor para empresa en la nube ofrece grandes ventajas sobre otro tipo de servidores tradicionales, como los compartidos o dedicados y es que son capaces de aportar muchos m\u00e1s beneficios y se adaptan mejor a las necesidades de la empresa. El servidor en la nube permite que los clientes puedan alquilar un servidor virtual,&#8230;<\/p>","protected":false},"author":4,"featured_media":0,"parent":2250,"menu_order":0,"comment_status":"closed","ping_status":"closed","template":"page-landing-servidores-cloud.php","meta":{"_acf_changed":false,"_kad_blocks_custom_css":"","_kad_blocks_head_custom_js":"","_kad_blocks_body_custom_js":"","_kad_blocks_footer_custom_js":"","_kad_post_transparent":"","_kad_post_title":"","_kad_post_layout":"","_kad_post_sidebar_id":"","_kad_post_content_style":"","_kad_post_vertical_padding":"","_kad_post_feature":"","_kad_post_feature_position":"","_kad_post_header":false,"_kad_post_footer":false,"_kad_post_classname":"","footnotes":""},"class_list":["post-19475","page","type-page","status-publish","hentry"],"acf":[],"yoast_head":"<!-- This site is optimized with the Yoast SEO plugin v27.4 - https:\/\/yoast.com\/product\/yoast-seo-wordpress\/ -->\n<title>Servidor empresa nube - Apen Inform\u00e1tica<\/title>\n<meta name=\"description\" content=\"Subimos el servidor de tu empresa a la nube. Ha llegado el momento de externalizar y subir toda la infraestructura de tu empresa a la nube\" \/>\n<meta name=\"robots\" content=\"index, follow, max-snippet:-1, max-image-preview:large, max-video-preview:-1\" \/>\n<link rel=\"canonical\" href=\"https:\/\/www.apen.es\/en\/network-servers\/cloud-servers\/enterprise-cloud-server\/\" \/>\n<meta property=\"og:locale\" content=\"en_US\" \/>\n<meta property=\"og:type\" content=\"article\" \/>\n<meta property=\"og:title\" content=\"Servidor empresa nube - Apen Inform\u00e1tica\" \/>\n<meta property=\"og:description\" content=\"Subimos el servidor de tu empresa a la nube. Ha llegado el momento de externalizar y subir toda la infraestructura de tu empresa a la nube\" \/>\n<meta property=\"og:url\" content=\"https:\/\/www.apen.es\/en\/network-servers\/cloud-servers\/enterprise-cloud-server\/\" \/>\n<meta property=\"og:site_name\" content=\"Apen Inform\u00e1tica\" \/>\n<meta property=\"article:publisher\" content=\"https:\/\/www.facebook.com\/apensolucions\" \/>\n<meta property=\"article:modified_time\" content=\"2025-07-10T07:12:45+00:00\" \/>\n<meta property=\"og:image\" content=\"https:\/\/www.apen.es\/wp-content\/uploads\/2016\/05\/logo-apen-231x82-trasparent.png\" \/>\n\t<meta property=\"og:image:width\" content=\"231\" \/>\n\t<meta property=\"og:image:height\" content=\"82\" \/>\n\t<meta property=\"og:image:type\" content=\"image\/png\" \/>\n<meta name=\"twitter:card\" content=\"summary_large_image\" \/>\n<meta name=\"twitter:label1\" content=\"Est. reading time\" \/>\n\t<meta name=\"twitter:data1\" content=\"5 minutes\" \/>\n<script type=\"application\/ld+json\" class=\"yoast-schema-graph\">{\"@context\":\"https:\\\/\\\/schema.org\",\"@graph\":[{\"@type\":\"WebPage\",\"@id\":\"https:\\\/\\\/www.apen.es\\\/servidores-redes\\\/servidores-cloud\\\/servidor-empresa-nube\\\/\",\"url\":\"https:\\\/\\\/www.apen.es\\\/servidores-redes\\\/servidores-cloud\\\/servidor-empresa-nube\\\/\",\"name\":\"Servidor empresa nube - Apen Inform\u00e1tica\",\"isPartOf\":{\"@id\":\"https:\\\/\\\/www.apen.es\\\/#website\"},\"datePublished\":\"2020-10-09T08:53:33+00:00\",\"dateModified\":\"2025-07-10T07:12:45+00:00\",\"description\":\"Subimos el servidor de tu empresa a la nube. Ha llegado el momento de externalizar y subir toda la infraestructura de tu empresa a la nube\",\"breadcrumb\":{\"@id\":\"https:\\\/\\\/www.apen.es\\\/servidores-redes\\\/servidores-cloud\\\/servidor-empresa-nube\\\/#breadcrumb\"},\"inLanguage\":\"en-US\",\"potentialAction\":[{\"@type\":\"ReadAction\",\"target\":[\"https:\\\/\\\/www.apen.es\\\/servidores-redes\\\/servidores-cloud\\\/servidor-empresa-nube\\\/\"]}]},{\"@type\":\"BreadcrumbList\",\"@id\":\"https:\\\/\\\/www.apen.es\\\/servidores-redes\\\/servidores-cloud\\\/servidor-empresa-nube\\\/#breadcrumb\",\"itemListElement\":[{\"@type\":\"ListItem\",\"position\":1,\"name\":\"Portada\",\"item\":\"https:\\\/\\\/www.apen.es\\\/\"},{\"@type\":\"ListItem\",\"position\":2,\"name\":\"Servidores y redes\",\"item\":\"https:\\\/\\\/www.apen.es\\\/servidores-redes\\\/\"},{\"@type\":\"ListItem\",\"position\":3,\"name\":\"Servidores Cloud\",\"item\":\"https:\\\/\\\/www.apen.es\\\/servidores-redes\\\/servidores-cloud\\\/\"},{\"@type\":\"ListItem\",\"position\":4,\"name\":\"Servidor empresa nube\"}]},{\"@type\":\"WebSite\",\"@id\":\"https:\\\/\\\/www.apen.es\\\/#website\",\"url\":\"https:\\\/\\\/www.apen.es\\\/\",\"name\":\"Apen Inform\u00e1tica\",\"description\":\"Mantenimiento Inform\u00e1tico , Software de Gesti\u00f3n, Soluciones de impresi\u00f3n\",\"publisher\":{\"@id\":\"https:\\\/\\\/www.apen.es\\\/#organization\"},\"potentialAction\":[{\"@type\":\"SearchAction\",\"target\":{\"@type\":\"EntryPoint\",\"urlTemplate\":\"https:\\\/\\\/www.apen.es\\\/?s={search_term_string}\"},\"query-input\":{\"@type\":\"PropertyValueSpecification\",\"valueRequired\":true,\"valueName\":\"search_term_string\"}}],\"inLanguage\":\"en-US\"},{\"@type\":\"Organization\",\"@id\":\"https:\\\/\\\/www.apen.es\\\/#organization\",\"name\":\"Apen: Soluciones inform\u00e1ticas\",\"url\":\"https:\\\/\\\/www.apen.es\\\/\",\"logo\":{\"@type\":\"ImageObject\",\"inLanguage\":\"en-US\",\"@id\":\"https:\\\/\\\/www.apen.es\\\/#\\\/schema\\\/logo\\\/image\\\/\",\"url\":\"https:\\\/\\\/www.apen.es\\\/wp-content\\\/uploads\\\/2022\\\/08\\\/logo-apenok-231x82-1.png\",\"contentUrl\":\"https:\\\/\\\/www.apen.es\\\/wp-content\\\/uploads\\\/2022\\\/08\\\/logo-apenok-231x82-1.png\",\"width\":231,\"height\":82,\"caption\":\"Apen: Soluciones inform\u00e1ticas\"},\"image\":{\"@id\":\"https:\\\/\\\/www.apen.es\\\/#\\\/schema\\\/logo\\\/image\\\/\"},\"sameAs\":[\"https:\\\/\\\/www.facebook.com\\\/apensolucions\",\"https:\\\/\\\/www.youtube.com\\\/user\\\/ApenCentreInformatic\",\"https:\\\/\\\/www.linkedin.com\\\/company\\\/1021771?trk=tyah&trkInfo=clickedVerticalcompanyclickedEntityId1021771idx2-1-2tarId1464195271196tasapenin\"]}]}<\/script>\n<!-- \/ Yoast SEO plugin. -->","yoast_head_json":{"title":"Enterprise cloud server - Apen Inform\u00e1tica","description":"We&#039;ll move your company&#039;s server to the cloud. It&#039;s time to outsource and migrate your entire company infrastructure to the cloud.","robots":{"index":"index","follow":"follow","max-snippet":"max-snippet:-1","max-image-preview":"max-image-preview:large","max-video-preview":"max-video-preview:-1"},"canonical":"https:\/\/www.apen.es\/en\/network-servers\/cloud-servers\/enterprise-cloud-server\/","og_locale":"en_US","og_type":"article","og_title":"Servidor empresa nube - Apen Inform\u00e1tica","og_description":"Subimos el servidor de tu empresa a la nube. Ha llegado el momento de externalizar y subir toda la infraestructura de tu empresa a la nube","og_url":"https:\/\/www.apen.es\/en\/network-servers\/cloud-servers\/enterprise-cloud-server\/","og_site_name":"Apen Inform\u00e1tica","article_publisher":"https:\/\/www.facebook.com\/apensolucions","article_modified_time":"2025-07-10T07:12:45+00:00","og_image":[{"width":231,"height":82,"url":"https:\/\/www.apen.es\/wp-content\/uploads\/2016\/05\/logo-apen-231x82-trasparent.png","type":"image\/png"}],"twitter_card":"summary_large_image","twitter_misc":{"Est. reading time":"5 minutes"},"schema":{"@context":"https:\/\/schema.org","@graph":[{"@type":"WebPage","@id":"https:\/\/www.apen.es\/servidores-redes\/servidores-cloud\/servidor-empresa-nube\/","url":"https:\/\/www.apen.es\/servidores-redes\/servidores-cloud\/servidor-empresa-nube\/","name":"Enterprise cloud server - Apen Inform\u00e1tica","isPartOf":{"@id":"https:\/\/www.apen.es\/#website"},"datePublished":"2020-10-09T08:53:33+00:00","dateModified":"2025-07-10T07:12:45+00:00","description":"We&#039;ll move your company&#039;s server to the cloud. It&#039;s time to outsource and migrate your entire company infrastructure to the cloud.","breadcrumb":{"@id":"https:\/\/www.apen.es\/servidores-redes\/servidores-cloud\/servidor-empresa-nube\/#breadcrumb"},"inLanguage":"en-US","potentialAction":[{"@type":"ReadAction","target":["https:\/\/www.apen.es\/servidores-redes\/servidores-cloud\/servidor-empresa-nube\/"]}]},{"@type":"BreadcrumbList","@id":"https:\/\/www.apen.es\/servidores-redes\/servidores-cloud\/servidor-empresa-nube\/#breadcrumb","itemListElement":[{"@type":"ListItem","position":1,"name":"Portada","item":"https:\/\/www.apen.es\/"},{"@type":"ListItem","position":2,"name":"Servidores y redes","item":"https:\/\/www.apen.es\/servidores-redes\/"},{"@type":"ListItem","position":3,"name":"Servidores Cloud","item":"https:\/\/www.apen.es\/servidores-redes\/servidores-cloud\/"},{"@type":"ListItem","position":4,"name":"Servidor empresa nube"}]},{"@type":"WebSite","@id":"https:\/\/www.apen.es\/#website","url":"https:\/\/www.apen.es\/","name":"Apen Inform\u00e1tica","description":"IT Maintenance, Management Software, Printing Solutions","publisher":{"@id":"https:\/\/www.apen.es\/#organization"},"potentialAction":[{"@type":"SearchAction","target":{"@type":"EntryPoint","urlTemplate":"https:\/\/www.apen.es\/?s={search_term_string}"},"query-input":{"@type":"PropertyValueSpecification","valueRequired":true,"valueName":"search_term_string"}}],"inLanguage":"en-US"},{"@type":"Organization","@id":"https:\/\/www.apen.es\/#organization","name":"Apen: IT Solutions","url":"https:\/\/www.apen.es\/","logo":{"@type":"ImageObject","inLanguage":"en-US","@id":"https:\/\/www.apen.es\/#\/schema\/logo\/image\/","url":"https:\/\/www.apen.es\/wp-content\/uploads\/2022\/08\/logo-apenok-231x82-1.png","contentUrl":"https:\/\/www.apen.es\/wp-content\/uploads\/2022\/08\/logo-apenok-231x82-1.png","width":231,"height":82,"caption":"Apen: Soluciones inform\u00e1ticas"},"image":{"@id":"https:\/\/www.apen.es\/#\/schema\/logo\/image\/"},"sameAs":["https:\/\/www.facebook.com\/apensolucions","https:\/\/www.youtube.com\/user\/ApenCentreInformatic","https:\/\/www.linkedin.com\/company\/1021771?trk=tyah&trkInfo=clickedVerticalcompanyclickedEntityId1021771idx2-1-2tarId1464195271196tasapenin"]}]}},"taxonomy_info":[],"featured_image_src_large":false,"author_info":{"display_name":"marqueting","author_link":"https:\/\/www.apen.es\/en\/blog\/author\/marqueting\/"},"comment_info":0,"_links":{"self":[{"href":"https:\/\/www.apen.es\/en\/wp-json\/wp\/v2\/pages\/19475","targetHints":{"allow":["GET"]}}],"collection":[{"href":"https:\/\/www.apen.es\/en\/wp-json\/wp\/v2\/pages"}],"about":[{"href":"https:\/\/www.apen.es\/en\/wp-json\/wp\/v2\/types\/page"}],"author":[{"embeddable":true,"href":"https:\/\/www.apen.es\/en\/wp-json\/wp\/v2\/users\/4"}],"replies":[{"embeddable":true,"href":"https:\/\/www.apen.es\/en\/wp-json\/wp\/v2\/comments?post=19475"}],"version-history":[{"count":1,"href":"https:\/\/www.apen.es\/en\/wp-json\/wp\/v2\/pages\/19475\/revisions"}],"predecessor-version":[{"id":56072,"href":"https:\/\/www.apen.es\/en\/wp-json\/wp\/v2\/pages\/19475\/revisions\/56072"}],"up":[{"embeddable":true,"href":"https:\/\/www.apen.es\/en\/wp-json\/wp\/v2\/pages\/2250"}],"wp:attachment":[{"href":"https:\/\/www.apen.es\/en\/wp-json\/wp\/v2\/media?parent=19475"}],"curies":[{"name":"wp","href":"https:\/\/api.w.org\/{rel}","templated":true}]}}