{"id":19470,"date":"2020-10-09T08:42:31","date_gmt":"2020-10-09T08:42:31","guid":{"rendered":"https:\/\/www.apen.es\/?page_id=19470"},"modified":"2025-07-17T10:13:14","modified_gmt":"2025-07-17T10:13:14","slug":"rgpd-para-empresas","status":"publish","type":"page","link":"https:\/\/www.apen.es\/en\/rgpd-para-empresas\/","title":{"rendered":"GDPR for businesses"},"content":{"rendered":"<h3 class=\"wp-block-heading\"><strong>The General Data Protection Regulation and its importance in companies<\/strong><\/h3>\n\n\n\n<p>The GDPR is the General Data Protection Regulation. <strong>GDPR for businesses<\/strong> It stipulates that from May 25, 2018, all EU companies, if they market their products or services in the European Union, must be adapted to the regulation.<\/p>\n\n\n\n<p>He <strong>GDPR for businesses<\/strong> It has to do with processing citizens&#039; personal data and extends its territorial application to organizations established outside the European Union that deal with data of European citizens to offer them goods and services.<\/p>\n\n\n\n<p>Likewise, the <strong>GDPR for businesses<\/strong> Personal data is considered to be any information related to identified or identifiable individuals, for example: name, address, geolocation, health information, biometric data, among others.<\/p>\n\n\n\n<p>In it <strong>GDPR for businesses<\/strong> A distinction is made between basic data and data from special high-risk categories.<\/p>\n\n\n\n<p>Special categories of data are sensitive data concerning the most intimate aspects of a person&#039;s life. For example: health, ideology, religion, etc.<\/p>\n\n\n\n<p>The aim is to give citizens new rights and greater control and information over the processing of their personal data.<\/p>\n\n\n\n<p>In it <strong>GDPR for businesses<\/strong> The information that must be provided to stakeholders is also expanded. This process should be carried out in a concise, understandable, and easily accessible manner, using clear and simple language.<\/p>\n\n\n\n<p>Given this, with the <strong>GDPR for businesses<\/strong> Rights are incorporated that improve individuals&#039; control over their personal data. The data controller must facilitate the exercise of these rights by data subjects. These rights include: access, rectification, objection, restriction of processing, erasure (right to be forgotten), and data portability.<\/p>\n\n\n\n<p>The <strong>GDPR for businesses<\/strong> This affects businesses because it establishes new obligations based on Proactive Responsibility. This principle is based on prevention and requires the implementation of appropriate technical and organizational measures to ensure and demonstrate compliance with the GDPR. For example, consent must be explicit and obtained freely, specifically, in an informed and unambiguous manner, through affirmative action.<\/p>\n\n\n\n<p>The GDPR also stipulates that measures must be in place to maintain a level of security appropriate to the risk and to demonstrate compliance with the regulation. In the event of a data breach that poses a risk to the rights and freedoms of data subjects, the competent authority and the data subjects themselves must be informed. The maximum timeframe is 72 hours from the time the controller becomes aware of the incident.<\/p>\n\n\n\n<p>He <strong>GDPR for businesses<\/strong> It requires each business to review its Privacy Policy, Terms of Use of applications, adapt its internal working procedures, train its employees and add the necessary functionalities to its software to ensure compliance with European regulations.<\/p>","protected":false},"excerpt":{"rendered":"<p>El Reglamento General de Protecci\u00f3n de Datos y su importancia en empresas El RGPD es el Reglamento General de Protecci\u00f3n de Datos. El RGPD para empresas contempla que desde el 25 de mayo de 2018 todas las empresas comunitarias, si comercializan sus productos o servicios en la Uni\u00f3n Europea, deben estar adaptados al reglamento. El&#8230;<\/p>","protected":false},"author":4,"featured_media":0,"parent":0,"menu_order":0,"comment_status":"closed","ping_status":"closed","template":"page-landing-RGPD.php","meta":{"_acf_changed":false,"_kad_blocks_custom_css":"","_kad_blocks_head_custom_js":"","_kad_blocks_body_custom_js":"","_kad_blocks_footer_custom_js":"","_kad_post_transparent":"","_kad_post_title":"","_kad_post_layout":"","_kad_post_sidebar_id":"","_kad_post_content_style":"","_kad_post_vertical_padding":"","_kad_post_feature":"","_kad_post_feature_position":"","_kad_post_header":false,"_kad_post_footer":false,"_kad_post_classname":"","footnotes":""},"class_list":["post-19470","page","type-page","status-publish","hentry"],"acf":[],"yoast_head":"<!-- This site is optimized with the Yoast SEO plugin v27.4 - https:\/\/yoast.com\/product\/yoast-seo-wordpress\/ -->\n<title>RGPD para empresas - Apen Inform\u00e1tica<\/title>\n<meta name=\"description\" content=\"\u00a1Evita sanciones! Apen te adapta a las nuevas obligaciones. Podemos ayudarte a cumplir con la RGPD. D\u00e9cadas de experiencia asesorando empresas.\" \/>\n<meta name=\"robots\" content=\"index, follow, max-snippet:-1, max-image-preview:large, max-video-preview:-1\" \/>\n<link rel=\"canonical\" href=\"https:\/\/www.apen.es\/en\/rgpd-para-empresas\/\" \/>\n<meta property=\"og:locale\" content=\"en_US\" \/>\n<meta property=\"og:type\" content=\"article\" \/>\n<meta property=\"og:title\" content=\"RGPD para empresas - Apen Inform\u00e1tica\" \/>\n<meta property=\"og:description\" content=\"\u00a1Evita sanciones! Apen te adapta a las nuevas obligaciones. Podemos ayudarte a cumplir con la RGPD. D\u00e9cadas de experiencia asesorando empresas.\" \/>\n<meta property=\"og:url\" content=\"https:\/\/www.apen.es\/en\/rgpd-para-empresas\/\" \/>\n<meta property=\"og:site_name\" content=\"Apen Inform\u00e1tica\" \/>\n<meta property=\"article:publisher\" content=\"https:\/\/www.facebook.com\/apensolucions\" \/>\n<meta property=\"article:modified_time\" content=\"2025-07-17T10:13:14+00:00\" \/>\n<meta property=\"og:image\" content=\"https:\/\/www.apen.es\/wp-content\/uploads\/2016\/05\/logo-apen-231x82-trasparent.png\" \/>\n\t<meta property=\"og:image:width\" content=\"231\" \/>\n\t<meta property=\"og:image:height\" content=\"82\" \/>\n\t<meta property=\"og:image:type\" content=\"image\/png\" \/>\n<meta name=\"twitter:card\" content=\"summary_large_image\" \/>\n<meta name=\"twitter:label1\" content=\"Est. reading time\" \/>\n\t<meta name=\"twitter:data1\" content=\"4 minutes\" \/>\n<script type=\"application\/ld+json\" class=\"yoast-schema-graph\">{\"@context\":\"https:\\\/\\\/schema.org\",\"@graph\":[{\"@type\":\"WebPage\",\"@id\":\"https:\\\/\\\/www.apen.es\\\/rgpd-para-empresas\\\/\",\"url\":\"https:\\\/\\\/www.apen.es\\\/rgpd-para-empresas\\\/\",\"name\":\"RGPD para empresas - Apen Inform\u00e1tica\",\"isPartOf\":{\"@id\":\"https:\\\/\\\/www.apen.es\\\/#website\"},\"datePublished\":\"2020-10-09T08:42:31+00:00\",\"dateModified\":\"2025-07-17T10:13:14+00:00\",\"description\":\"\u00a1Evita sanciones! Apen te adapta a las nuevas obligaciones. Podemos ayudarte a cumplir con la RGPD. D\u00e9cadas de experiencia asesorando empresas.\",\"breadcrumb\":{\"@id\":\"https:\\\/\\\/www.apen.es\\\/rgpd-para-empresas\\\/#breadcrumb\"},\"inLanguage\":\"en-US\",\"potentialAction\":[{\"@type\":\"ReadAction\",\"target\":[\"https:\\\/\\\/www.apen.es\\\/rgpd-para-empresas\\\/\"]}]},{\"@type\":\"BreadcrumbList\",\"@id\":\"https:\\\/\\\/www.apen.es\\\/rgpd-para-empresas\\\/#breadcrumb\",\"itemListElement\":[{\"@type\":\"ListItem\",\"position\":1,\"name\":\"Portada\",\"item\":\"https:\\\/\\\/www.apen.es\\\/\"},{\"@type\":\"ListItem\",\"position\":2,\"name\":\"RGPD para empresas\"}]},{\"@type\":\"WebSite\",\"@id\":\"https:\\\/\\\/www.apen.es\\\/#website\",\"url\":\"https:\\\/\\\/www.apen.es\\\/\",\"name\":\"Apen Inform\u00e1tica\",\"description\":\"Mantenimiento Inform\u00e1tico , Software de Gesti\u00f3n, Soluciones de impresi\u00f3n\",\"publisher\":{\"@id\":\"https:\\\/\\\/www.apen.es\\\/#organization\"},\"potentialAction\":[{\"@type\":\"SearchAction\",\"target\":{\"@type\":\"EntryPoint\",\"urlTemplate\":\"https:\\\/\\\/www.apen.es\\\/?s={search_term_string}\"},\"query-input\":{\"@type\":\"PropertyValueSpecification\",\"valueRequired\":true,\"valueName\":\"search_term_string\"}}],\"inLanguage\":\"en-US\"},{\"@type\":\"Organization\",\"@id\":\"https:\\\/\\\/www.apen.es\\\/#organization\",\"name\":\"Apen: Soluciones inform\u00e1ticas\",\"url\":\"https:\\\/\\\/www.apen.es\\\/\",\"logo\":{\"@type\":\"ImageObject\",\"inLanguage\":\"en-US\",\"@id\":\"https:\\\/\\\/www.apen.es\\\/#\\\/schema\\\/logo\\\/image\\\/\",\"url\":\"https:\\\/\\\/www.apen.es\\\/wp-content\\\/uploads\\\/2022\\\/08\\\/logo-apenok-231x82-1.png\",\"contentUrl\":\"https:\\\/\\\/www.apen.es\\\/wp-content\\\/uploads\\\/2022\\\/08\\\/logo-apenok-231x82-1.png\",\"width\":231,\"height\":82,\"caption\":\"Apen: Soluciones inform\u00e1ticas\"},\"image\":{\"@id\":\"https:\\\/\\\/www.apen.es\\\/#\\\/schema\\\/logo\\\/image\\\/\"},\"sameAs\":[\"https:\\\/\\\/www.facebook.com\\\/apensolucions\",\"https:\\\/\\\/www.youtube.com\\\/user\\\/ApenCentreInformatic\",\"https:\\\/\\\/www.linkedin.com\\\/company\\\/1021771?trk=tyah&trkInfo=clickedVerticalcompanyclickedEntityId1021771idx2-1-2tarId1464195271196tasapenin\"]}]}<\/script>\n<!-- \/ Yoast SEO plugin. -->","yoast_head_json":{"title":"RGPD para empresas - Apen Inform\u00e1tica","description":"\u00a1Evita sanciones! Apen te adapta a las nuevas obligaciones. Podemos ayudarte a cumplir con la RGPD. D\u00e9cadas de experiencia asesorando empresas.","robots":{"index":"index","follow":"follow","max-snippet":"max-snippet:-1","max-image-preview":"max-image-preview:large","max-video-preview":"max-video-preview:-1"},"canonical":"https:\/\/www.apen.es\/en\/rgpd-para-empresas\/","og_locale":"en_US","og_type":"article","og_title":"RGPD para empresas - Apen Inform\u00e1tica","og_description":"\u00a1Evita sanciones! Apen te adapta a las nuevas obligaciones. Podemos ayudarte a cumplir con la RGPD. D\u00e9cadas de experiencia asesorando empresas.","og_url":"https:\/\/www.apen.es\/en\/rgpd-para-empresas\/","og_site_name":"Apen Inform\u00e1tica","article_publisher":"https:\/\/www.facebook.com\/apensolucions","article_modified_time":"2025-07-17T10:13:14+00:00","og_image":[{"width":231,"height":82,"url":"https:\/\/www.apen.es\/wp-content\/uploads\/2016\/05\/logo-apen-231x82-trasparent.png","type":"image\/png"}],"twitter_card":"summary_large_image","twitter_misc":{"Est. reading time":"4 minutes"},"schema":{"@context":"https:\/\/schema.org","@graph":[{"@type":"WebPage","@id":"https:\/\/www.apen.es\/rgpd-para-empresas\/","url":"https:\/\/www.apen.es\/rgpd-para-empresas\/","name":"RGPD para empresas - Apen Inform\u00e1tica","isPartOf":{"@id":"https:\/\/www.apen.es\/#website"},"datePublished":"2020-10-09T08:42:31+00:00","dateModified":"2025-07-17T10:13:14+00:00","description":"\u00a1Evita sanciones! Apen te adapta a las nuevas obligaciones. Podemos ayudarte a cumplir con la RGPD. D\u00e9cadas de experiencia asesorando empresas.","breadcrumb":{"@id":"https:\/\/www.apen.es\/rgpd-para-empresas\/#breadcrumb"},"inLanguage":"en-US","potentialAction":[{"@type":"ReadAction","target":["https:\/\/www.apen.es\/rgpd-para-empresas\/"]}]},{"@type":"BreadcrumbList","@id":"https:\/\/www.apen.es\/rgpd-para-empresas\/#breadcrumb","itemListElement":[{"@type":"ListItem","position":1,"name":"Portada","item":"https:\/\/www.apen.es\/"},{"@type":"ListItem","position":2,"name":"RGPD para empresas"}]},{"@type":"WebSite","@id":"https:\/\/www.apen.es\/#website","url":"https:\/\/www.apen.es\/","name":"Apen Inform\u00e1tica","description":"IT Maintenance, Management Software, Printing Solutions","publisher":{"@id":"https:\/\/www.apen.es\/#organization"},"potentialAction":[{"@type":"SearchAction","target":{"@type":"EntryPoint","urlTemplate":"https:\/\/www.apen.es\/?s={search_term_string}"},"query-input":{"@type":"PropertyValueSpecification","valueRequired":true,"valueName":"search_term_string"}}],"inLanguage":"en-US"},{"@type":"Organization","@id":"https:\/\/www.apen.es\/#organization","name":"Apen: IT Solutions","url":"https:\/\/www.apen.es\/","logo":{"@type":"ImageObject","inLanguage":"en-US","@id":"https:\/\/www.apen.es\/#\/schema\/logo\/image\/","url":"https:\/\/www.apen.es\/wp-content\/uploads\/2022\/08\/logo-apenok-231x82-1.png","contentUrl":"https:\/\/www.apen.es\/wp-content\/uploads\/2022\/08\/logo-apenok-231x82-1.png","width":231,"height":82,"caption":"Apen: Soluciones inform\u00e1ticas"},"image":{"@id":"https:\/\/www.apen.es\/#\/schema\/logo\/image\/"},"sameAs":["https:\/\/www.facebook.com\/apensolucions","https:\/\/www.youtube.com\/user\/ApenCentreInformatic","https:\/\/www.linkedin.com\/company\/1021771?trk=tyah&trkInfo=clickedVerticalcompanyclickedEntityId1021771idx2-1-2tarId1464195271196tasapenin"]}]}},"taxonomy_info":[],"featured_image_src_large":false,"author_info":{"display_name":"marqueting","author_link":"https:\/\/www.apen.es\/en\/blog\/author\/marqueting\/"},"comment_info":0,"_links":{"self":[{"href":"https:\/\/www.apen.es\/en\/wp-json\/wp\/v2\/pages\/19470","targetHints":{"allow":["GET"]}}],"collection":[{"href":"https:\/\/www.apen.es\/en\/wp-json\/wp\/v2\/pages"}],"about":[{"href":"https:\/\/www.apen.es\/en\/wp-json\/wp\/v2\/types\/page"}],"author":[{"embeddable":true,"href":"https:\/\/www.apen.es\/en\/wp-json\/wp\/v2\/users\/4"}],"replies":[{"embeddable":true,"href":"https:\/\/www.apen.es\/en\/wp-json\/wp\/v2\/comments?post=19470"}],"version-history":[{"count":3,"href":"https:\/\/www.apen.es\/en\/wp-json\/wp\/v2\/pages\/19470\/revisions"}],"predecessor-version":[{"id":57099,"href":"https:\/\/www.apen.es\/en\/wp-json\/wp\/v2\/pages\/19470\/revisions\/57099"}],"wp:attachment":[{"href":"https:\/\/www.apen.es\/en\/wp-json\/wp\/v2\/media?parent=19470"}],"curies":[{"name":"wp","href":"https:\/\/api.w.org\/{rel}","templated":true}]}}