{"id":17314,"date":"2020-06-03T09:21:41","date_gmt":"2020-06-03T09:21:41","guid":{"rendered":"https:\/\/www.apen.es\/?page_id=17314"},"modified":"2025-07-09T11:57:48","modified_gmt":"2025-07-09T11:57:48","slug":"sharepoint-training","status":"publish","type":"page","link":"https:\/\/www.apen.es\/en\/training-for-companies\/sharepoint-training\/","title":{"rendered":"SharePoint training"},"content":{"rendered":"<p>Enjoy a secure intranet in your SME thanks to the <strong>training <\/strong>of<strong> SharePoint <\/strong>For businesses, we offer a program at Apen that allows you to share, store, organize, and manage your company&#039;s information from any device, with maximum accessibility. At Apen, we provide training for businesses on various multifunctional programs and tools, enabling users to increase their productivity and get the most out of the business resources and tools available to them.<\/p>\n\n\n\n<p>With the <strong>training <\/strong>of<strong> SharePoint<\/strong>, The user will be able to search by content type, add applications, create lists and document libraries, properly configure permissions to restrict access based on roles, profiles, or users, manage document versions, create and manage documentation, classify by content type, create columns, configure and create classic and new sites, and even design news articles. This comprehensive course will enable any company to improve the quality and security of its intranet, creating a customized space adapted to the company&#039;s evolving needs. <strong>training<\/strong> of <strong>SharePoint<\/strong>, Users will be able to add or edit pages and ultimately improve the pace of work, as well as customer service, since there will be a very elaborate and optimized internal organization.<\/p>\n\n\n\n<p>To do the <strong>training<\/strong> of <strong>SharePoint<\/strong> Apen offers significant advantages for your company, as it represents a comprehensive work tool capable of improving document management and is a very complete solution, comprised of a set of tools that result in one of the most effective and robust business collaboration platforms on the market, offering the possibility of creating, organizing, sharing, managing or editing a company&#039;s intranet securely and efficiently, through its multiple functionalities.<\/p>\n\n\n\n<p>SharePoint allows teams to collaborate effectively by sharing tasks, documents, calendars, and emails as files, regardless of whether team members are employees or external users. You can also create portals, customizing the content you want to see while maintaining privacy, access control, and compatibility with any mobile device.<\/p>\n\n\n\n<p>SharePoint will help you improve internal company communication by creating customized workgroups and providing a service fully tailored to your company&#039;s actual needs. It&#039;s a tool that&#039;s part of the Office 365 suite, which means it offers valuable features like Power BI.<\/p>\n\n\n\n<p>SharePoint offers a simple, intuitive and very practical interface, which adapts to all types of devices and especially to smartphones, which is by far the most used option compared to other devices, such as tablets or computers.<\/p>","protected":false},"excerpt":{"rendered":"<p>Disfruta de una Intranet segura en tu pyme gracias a la formaci\u00f3n de Sharepoint para empresas que ofrecemos en Apen. Consiste en un programa con el que podr\u00e1s compartir, almacenar, organizar y gestionar la informaci\u00f3n de tu empresa desde cualquier dispositivo, disfrutando de la m\u00e1xima accesibilidad. En Apen llevamos a cabo una formaci\u00f3n para empresas&#8230;<\/p>","protected":false},"author":4,"featured_media":0,"parent":16874,"menu_order":0,"comment_status":"closed","ping_status":"closed","template":"page-landing-formacion.php","meta":{"_acf_changed":false,"_kad_blocks_custom_css":"","_kad_blocks_head_custom_js":"","_kad_blocks_body_custom_js":"","_kad_blocks_footer_custom_js":"","_kad_post_transparent":"","_kad_post_title":"","_kad_post_layout":"","_kad_post_sidebar_id":"","_kad_post_content_style":"","_kad_post_vertical_padding":"","_kad_post_feature":"","_kad_post_feature_position":"","_kad_post_header":false,"_kad_post_footer":false,"_kad_post_classname":"","footnotes":""},"class_list":["post-17314","page","type-page","status-publish","hentry"],"acf":[],"yoast_head":"<!-- This site is optimized with the Yoast SEO plugin v27.4 - https:\/\/yoast.com\/product\/yoast-seo-wordpress\/ -->\n<title>Formaci\u00f3n Sharepoint - Apen Inform\u00e1tica<\/title>\n<meta name=\"description\" content=\"Disfruta de una Intranet segura en tu pyme gracias a la formaci\u00f3n de Sharepoint para empresas que ofrecemos en Apen. Contacta con APEN.\" \/>\n<meta name=\"robots\" content=\"index, follow, max-snippet:-1, max-image-preview:large, max-video-preview:-1\" \/>\n<link rel=\"canonical\" href=\"https:\/\/www.apen.es\/en\/training-for-companies\/sharepoint-training\/\" \/>\n<meta property=\"og:locale\" content=\"en_US\" \/>\n<meta property=\"og:type\" content=\"article\" \/>\n<meta property=\"og:title\" content=\"Formaci\u00f3n Sharepoint - Apen Inform\u00e1tica\" \/>\n<meta property=\"og:description\" content=\"Disfruta de una Intranet segura en tu pyme gracias a la formaci\u00f3n de Sharepoint para empresas que ofrecemos en Apen. Contacta con APEN.\" \/>\n<meta property=\"og:url\" content=\"https:\/\/www.apen.es\/en\/training-for-companies\/sharepoint-training\/\" \/>\n<meta property=\"og:site_name\" content=\"Apen Inform\u00e1tica\" \/>\n<meta property=\"article:publisher\" content=\"https:\/\/www.facebook.com\/apensolucions\" \/>\n<meta property=\"article:modified_time\" content=\"2025-07-09T11:57:48+00:00\" \/>\n<meta property=\"og:image\" content=\"https:\/\/www.apen.es\/wp-content\/uploads\/2016\/05\/logo-apen-231x82-trasparent.png\" \/>\n\t<meta property=\"og:image:width\" content=\"231\" \/>\n\t<meta property=\"og:image:height\" content=\"82\" \/>\n\t<meta property=\"og:image:type\" content=\"image\/png\" \/>\n<meta name=\"twitter:card\" content=\"summary_large_image\" \/>\n<meta name=\"twitter:label1\" content=\"Est. reading time\" \/>\n\t<meta name=\"twitter:data1\" content=\"5 minutes\" \/>\n<script type=\"application\/ld+json\" class=\"yoast-schema-graph\">{\"@context\":\"https:\\\/\\\/schema.org\",\"@graph\":[{\"@type\":\"WebPage\",\"@id\":\"https:\\\/\\\/www.apen.es\\\/formacion-para-empresas\\\/formacion-sharepoint\\\/\",\"url\":\"https:\\\/\\\/www.apen.es\\\/formacion-para-empresas\\\/formacion-sharepoint\\\/\",\"name\":\"Formaci\u00f3n Sharepoint - Apen Inform\u00e1tica\",\"isPartOf\":{\"@id\":\"https:\\\/\\\/www.apen.es\\\/#website\"},\"datePublished\":\"2020-06-03T09:21:41+00:00\",\"dateModified\":\"2025-07-09T11:57:48+00:00\",\"description\":\"Disfruta de una Intranet segura en tu pyme gracias a la formaci\u00f3n de Sharepoint para empresas que ofrecemos en Apen. Contacta con APEN.\",\"breadcrumb\":{\"@id\":\"https:\\\/\\\/www.apen.es\\\/formacion-para-empresas\\\/formacion-sharepoint\\\/#breadcrumb\"},\"inLanguage\":\"en-US\",\"potentialAction\":[{\"@type\":\"ReadAction\",\"target\":[\"https:\\\/\\\/www.apen.es\\\/formacion-para-empresas\\\/formacion-sharepoint\\\/\"]}]},{\"@type\":\"BreadcrumbList\",\"@id\":\"https:\\\/\\\/www.apen.es\\\/formacion-para-empresas\\\/formacion-sharepoint\\\/#breadcrumb\",\"itemListElement\":[{\"@type\":\"ListItem\",\"position\":1,\"name\":\"Portada\",\"item\":\"https:\\\/\\\/www.apen.es\\\/\"},{\"@type\":\"ListItem\",\"position\":2,\"name\":\"Formaci\u00f3n para Empresas\",\"item\":\"https:\\\/\\\/www.apen.es\\\/formacion-para-empresas\\\/\"},{\"@type\":\"ListItem\",\"position\":3,\"name\":\"Formaci\u00f3n Sharepoint\"}]},{\"@type\":\"WebSite\",\"@id\":\"https:\\\/\\\/www.apen.es\\\/#website\",\"url\":\"https:\\\/\\\/www.apen.es\\\/\",\"name\":\"Apen Inform\u00e1tica\",\"description\":\"Mantenimiento Inform\u00e1tico , Software de Gesti\u00f3n, Soluciones de impresi\u00f3n\",\"publisher\":{\"@id\":\"https:\\\/\\\/www.apen.es\\\/#organization\"},\"potentialAction\":[{\"@type\":\"SearchAction\",\"target\":{\"@type\":\"EntryPoint\",\"urlTemplate\":\"https:\\\/\\\/www.apen.es\\\/?s={search_term_string}\"},\"query-input\":{\"@type\":\"PropertyValueSpecification\",\"valueRequired\":true,\"valueName\":\"search_term_string\"}}],\"inLanguage\":\"en-US\"},{\"@type\":\"Organization\",\"@id\":\"https:\\\/\\\/www.apen.es\\\/#organization\",\"name\":\"Apen: Soluciones inform\u00e1ticas\",\"url\":\"https:\\\/\\\/www.apen.es\\\/\",\"logo\":{\"@type\":\"ImageObject\",\"inLanguage\":\"en-US\",\"@id\":\"https:\\\/\\\/www.apen.es\\\/#\\\/schema\\\/logo\\\/image\\\/\",\"url\":\"https:\\\/\\\/www.apen.es\\\/wp-content\\\/uploads\\\/2022\\\/08\\\/logo-apenok-231x82-1.png\",\"contentUrl\":\"https:\\\/\\\/www.apen.es\\\/wp-content\\\/uploads\\\/2022\\\/08\\\/logo-apenok-231x82-1.png\",\"width\":231,\"height\":82,\"caption\":\"Apen: Soluciones inform\u00e1ticas\"},\"image\":{\"@id\":\"https:\\\/\\\/www.apen.es\\\/#\\\/schema\\\/logo\\\/image\\\/\"},\"sameAs\":[\"https:\\\/\\\/www.facebook.com\\\/apensolucions\",\"https:\\\/\\\/www.youtube.com\\\/user\\\/ApenCentreInformatic\",\"https:\\\/\\\/www.linkedin.com\\\/company\\\/1021771?trk=tyah&trkInfo=clickedVerticalcompanyclickedEntityId1021771idx2-1-2tarId1464195271196tasapenin\"]}]}<\/script>\n<!-- \/ Yoast SEO plugin. -->","yoast_head_json":{"title":"SharePoint Training - Apen Inform\u00e1tica","description":"Enjoy a secure intranet for your SME with the SharePoint training for businesses we offer at APEN. Contact APEN.","robots":{"index":"index","follow":"follow","max-snippet":"max-snippet:-1","max-image-preview":"max-image-preview:large","max-video-preview":"max-video-preview:-1"},"canonical":"https:\/\/www.apen.es\/en\/training-for-companies\/sharepoint-training\/","og_locale":"en_US","og_type":"article","og_title":"Formaci\u00f3n Sharepoint - Apen Inform\u00e1tica","og_description":"Disfruta de una Intranet segura en tu pyme gracias a la formaci\u00f3n de Sharepoint para empresas que ofrecemos en Apen. Contacta con APEN.","og_url":"https:\/\/www.apen.es\/en\/training-for-companies\/sharepoint-training\/","og_site_name":"Apen Inform\u00e1tica","article_publisher":"https:\/\/www.facebook.com\/apensolucions","article_modified_time":"2025-07-09T11:57:48+00:00","og_image":[{"width":231,"height":82,"url":"https:\/\/www.apen.es\/wp-content\/uploads\/2016\/05\/logo-apen-231x82-trasparent.png","type":"image\/png"}],"twitter_card":"summary_large_image","twitter_misc":{"Est. reading time":"5 minutes"},"schema":{"@context":"https:\/\/schema.org","@graph":[{"@type":"WebPage","@id":"https:\/\/www.apen.es\/formacion-para-empresas\/formacion-sharepoint\/","url":"https:\/\/www.apen.es\/formacion-para-empresas\/formacion-sharepoint\/","name":"SharePoint Training - Apen Inform\u00e1tica","isPartOf":{"@id":"https:\/\/www.apen.es\/#website"},"datePublished":"2020-06-03T09:21:41+00:00","dateModified":"2025-07-09T11:57:48+00:00","description":"Enjoy a secure intranet for your SME with the SharePoint training for businesses we offer at APEN. Contact APEN.","breadcrumb":{"@id":"https:\/\/www.apen.es\/formacion-para-empresas\/formacion-sharepoint\/#breadcrumb"},"inLanguage":"en-US","potentialAction":[{"@type":"ReadAction","target":["https:\/\/www.apen.es\/formacion-para-empresas\/formacion-sharepoint\/"]}]},{"@type":"BreadcrumbList","@id":"https:\/\/www.apen.es\/formacion-para-empresas\/formacion-sharepoint\/#breadcrumb","itemListElement":[{"@type":"ListItem","position":1,"name":"Portada","item":"https:\/\/www.apen.es\/"},{"@type":"ListItem","position":2,"name":"Formaci\u00f3n para Empresas","item":"https:\/\/www.apen.es\/formacion-para-empresas\/"},{"@type":"ListItem","position":3,"name":"Formaci\u00f3n Sharepoint"}]},{"@type":"WebSite","@id":"https:\/\/www.apen.es\/#website","url":"https:\/\/www.apen.es\/","name":"Apen Inform\u00e1tica","description":"IT Maintenance, Management Software, Printing Solutions","publisher":{"@id":"https:\/\/www.apen.es\/#organization"},"potentialAction":[{"@type":"SearchAction","target":{"@type":"EntryPoint","urlTemplate":"https:\/\/www.apen.es\/?s={search_term_string}"},"query-input":{"@type":"PropertyValueSpecification","valueRequired":true,"valueName":"search_term_string"}}],"inLanguage":"en-US"},{"@type":"Organization","@id":"https:\/\/www.apen.es\/#organization","name":"Apen: IT Solutions","url":"https:\/\/www.apen.es\/","logo":{"@type":"ImageObject","inLanguage":"en-US","@id":"https:\/\/www.apen.es\/#\/schema\/logo\/image\/","url":"https:\/\/www.apen.es\/wp-content\/uploads\/2022\/08\/logo-apenok-231x82-1.png","contentUrl":"https:\/\/www.apen.es\/wp-content\/uploads\/2022\/08\/logo-apenok-231x82-1.png","width":231,"height":82,"caption":"Apen: Soluciones inform\u00e1ticas"},"image":{"@id":"https:\/\/www.apen.es\/#\/schema\/logo\/image\/"},"sameAs":["https:\/\/www.facebook.com\/apensolucions","https:\/\/www.youtube.com\/user\/ApenCentreInformatic","https:\/\/www.linkedin.com\/company\/1021771?trk=tyah&trkInfo=clickedVerticalcompanyclickedEntityId1021771idx2-1-2tarId1464195271196tasapenin"]}]}},"taxonomy_info":[],"featured_image_src_large":false,"author_info":{"display_name":"marqueting","author_link":"https:\/\/www.apen.es\/en\/blog\/author\/marqueting\/"},"comment_info":0,"_links":{"self":[{"href":"https:\/\/www.apen.es\/en\/wp-json\/wp\/v2\/pages\/17314","targetHints":{"allow":["GET"]}}],"collection":[{"href":"https:\/\/www.apen.es\/en\/wp-json\/wp\/v2\/pages"}],"about":[{"href":"https:\/\/www.apen.es\/en\/wp-json\/wp\/v2\/types\/page"}],"author":[{"embeddable":true,"href":"https:\/\/www.apen.es\/en\/wp-json\/wp\/v2\/users\/4"}],"replies":[{"embeddable":true,"href":"https:\/\/www.apen.es\/en\/wp-json\/wp\/v2\/comments?post=17314"}],"version-history":[{"count":1,"href":"https:\/\/www.apen.es\/en\/wp-json\/wp\/v2\/pages\/17314\/revisions"}],"predecessor-version":[{"id":56045,"href":"https:\/\/www.apen.es\/en\/wp-json\/wp\/v2\/pages\/17314\/revisions\/56045"}],"up":[{"embeddable":true,"href":"https:\/\/www.apen.es\/en\/wp-json\/wp\/v2\/pages\/16874"}],"wp:attachment":[{"href":"https:\/\/www.apen.es\/en\/wp-json\/wp\/v2\/media?parent=17314"}],"curies":[{"name":"wp","href":"https:\/\/api.w.org\/{rel}","templated":true}]}}