{"id":16961,"date":"2020-05-12T06:43:15","date_gmt":"2020-05-12T06:43:15","guid":{"rendered":"https:\/\/www.apen.es\/?page_id=16961"},"modified":"2025-07-09T11:58:11","modified_gmt":"2025-07-09T11:58:11","slug":"word-training-for-companies","status":"publish","type":"page","link":"https:\/\/www.apen.es\/en\/training-for-companies\/word-training-for-companies\/","title":{"rendered":"Word training for companies"},"content":{"rendered":"<p>In <strong>Apen<\/strong> you can find all kinds of <a href=\"https:\/\/www.apen.es\/en\/company-training\/\"><strong>training for companies<\/strong><\/a>, To enjoy the maximum performance of this work tool, you will be able to get much more out of it and use it in a more optimized way.<\/p>\n\n\n\n<p>In <strong>Apen<\/strong> We present a <strong>Word training<\/strong>, focused on obtaining a basic level, with a syllabus that is divided into six different categories; The work environment, working with documents, editing a document, tables and columns, inserting elements, reviewing a document and printing.<\/p>\n\n\n\n<p>It is a course that aims to<strong> train companies<\/strong> in it <strong>Word program<\/strong>, so that they know how to apply font and paragraph formatting, create and format documents, correctly check the spelling and grammar of a document, work with bullets and lists, format a page, or properly prepare a document for printing.<\/p>\n\n\n\n<p>Knowing how to insert special characters, comments, page and section breaks, symbols, delete cells, rows or columns, split and merge, apply advanced formatting, configure the page in a custom way, insert tables, review a document, look up synonyms for words, change from lowercase to uppercase, navigate to the last visited position, open and convert a document from previous versions and countless other possibilities it offers <strong>Word<\/strong>.<\/p>\n\n\n\n<p>In <strong>Apen<\/strong> We know how important it is to understand all the features and functionalities of each of the tools we use in the office, which is why we thought it appropriate to create this guide. <strong>Word training<\/strong>, with which you can discover all the advantages that this office tool can provide to companies.<\/p>\n\n\n\n<p>Thanks to this <strong>Word training course<\/strong>, You will learn to create documents with different appearance styles, facilitate the visualization of the text being processed before printing the document, make better use of all the tools it offers, enjoy a very flexible office tool that is compatible with many formats, graphics, tables, tabulations and styles, use a spelling and grammar checker to avoid mistakes in your text, have automatic language tools to obtain synonyms and antonyms in the written text, etc.<\/p>\n\n\n\n<p>Visit our website and contact us to discover all the details about our Word training, as well as all the corporate training programs we&#039;ve prepared. You can enjoy courses to learn how to use it. <strong>Excel<\/strong>, <strong>PowerPoint<\/strong>, <strong>Access<\/strong> and all kinds of functionalities of <strong>Office 365<\/strong>, such as <strong>OneDrive<\/strong>, <strong>SharePoint<\/strong>, <strong>Teams<\/strong>, <strong>OneNote<\/strong>, <strong>Planner<\/strong>, <strong>Flow<\/strong>, <strong>Outlook<\/strong>\u2026<\/p>\n\n\n\n<p>Discover the best courses in <strong>training for companies<\/strong> in <strong>Apen<\/strong>. Top-quality knowledge to help you get the most out of the programs you use daily in your office, or those you haven&#039;t yet learned to use. Learn everything you need to enjoy a much more productive and efficient work environment in our corporate training courses.<\/p>","protected":false},"excerpt":{"rendered":"<p>En Apen podr\u00e1s encontrar todo tipo de formaci\u00f3n para las empresas, para disfrutar del m\u00e1ximo rendimiento de esta herramienta de trabajo, a la que vas a poder sacar mucho m\u00e1s partido y utilizar de un modo m\u00e1s optimizado. En Apen presentamos una formaci\u00f3n de Word, enfocada a obtener un nivel b\u00e1sico, con un temario que&#8230;<\/p>","protected":false},"author":4,"featured_media":0,"parent":16874,"menu_order":0,"comment_status":"closed","ping_status":"closed","template":"page-landing-formacion.php","meta":{"_acf_changed":false,"_kad_blocks_custom_css":"","_kad_blocks_head_custom_js":"","_kad_blocks_body_custom_js":"","_kad_blocks_footer_custom_js":"","_kad_post_transparent":"","_kad_post_title":"","_kad_post_layout":"","_kad_post_sidebar_id":"","_kad_post_content_style":"","_kad_post_vertical_padding":"","_kad_post_feature":"","_kad_post_feature_position":"","_kad_post_header":false,"_kad_post_footer":false,"_kad_post_classname":"","footnotes":""},"class_list":["post-16961","page","type-page","status-publish","hentry"],"acf":[],"yoast_head":"<!-- This site is optimized with the Yoast SEO plugin v27.4 - https:\/\/yoast.com\/product\/yoast-seo-wordpress\/ -->\n<title>Formaci\u00f3n Word para empresas - Apen Inform\u00e1tica<\/title>\n<meta name=\"description\" content=\"Aprende a usar Word. La formaci\u00f3n m\u00e1s completa para pymes que permite a tu negocio optimizarse y sacar el m\u00e1ximo rendimiento. Conf\u00eda en Apen.\" \/>\n<meta name=\"robots\" content=\"index, follow, max-snippet:-1, max-image-preview:large, max-video-preview:-1\" \/>\n<link rel=\"canonical\" href=\"https:\/\/www.apen.es\/en\/training-for-companies\/word-training-for-companies\/\" \/>\n<meta property=\"og:locale\" content=\"en_US\" \/>\n<meta property=\"og:type\" content=\"article\" \/>\n<meta property=\"og:title\" content=\"Formaci\u00f3n Word para empresas - Apen Inform\u00e1tica\" \/>\n<meta property=\"og:description\" content=\"Aprende a usar Word. La formaci\u00f3n m\u00e1s completa para pymes que permite a tu negocio optimizarse y sacar el m\u00e1ximo rendimiento. Conf\u00eda en Apen.\" \/>\n<meta property=\"og:url\" content=\"https:\/\/www.apen.es\/en\/training-for-companies\/word-training-for-companies\/\" \/>\n<meta property=\"og:site_name\" content=\"Apen Inform\u00e1tica\" \/>\n<meta property=\"article:publisher\" content=\"https:\/\/www.facebook.com\/apensolucions\" \/>\n<meta property=\"article:modified_time\" content=\"2025-07-09T11:58:11+00:00\" \/>\n<meta property=\"og:image\" content=\"https:\/\/www.apen.es\/wp-content\/uploads\/2016\/05\/logo-apen-231x82-trasparent.png\" \/>\n\t<meta property=\"og:image:width\" content=\"231\" \/>\n\t<meta property=\"og:image:height\" content=\"82\" \/>\n\t<meta property=\"og:image:type\" content=\"image\/png\" \/>\n<meta name=\"twitter:card\" content=\"summary_large_image\" \/>\n<meta name=\"twitter:label1\" content=\"Est. reading time\" \/>\n\t<meta name=\"twitter:data1\" content=\"5 minutes\" \/>\n<script type=\"application\/ld+json\" class=\"yoast-schema-graph\">{\"@context\":\"https:\\\/\\\/schema.org\",\"@graph\":[{\"@type\":\"WebPage\",\"@id\":\"https:\\\/\\\/www.apen.es\\\/formacion-para-empresas\\\/formacion-word-para-empresas\\\/\",\"url\":\"https:\\\/\\\/www.apen.es\\\/formacion-para-empresas\\\/formacion-word-para-empresas\\\/\",\"name\":\"Formaci\u00f3n Word para empresas - Apen Inform\u00e1tica\",\"isPartOf\":{\"@id\":\"https:\\\/\\\/www.apen.es\\\/#website\"},\"datePublished\":\"2020-05-12T06:43:15+00:00\",\"dateModified\":\"2025-07-09T11:58:11+00:00\",\"description\":\"Aprende a usar Word. La formaci\u00f3n m\u00e1s completa para pymes que permite a tu negocio optimizarse y sacar el m\u00e1ximo rendimiento. Conf\u00eda en Apen.\",\"breadcrumb\":{\"@id\":\"https:\\\/\\\/www.apen.es\\\/formacion-para-empresas\\\/formacion-word-para-empresas\\\/#breadcrumb\"},\"inLanguage\":\"en-US\",\"potentialAction\":[{\"@type\":\"ReadAction\",\"target\":[\"https:\\\/\\\/www.apen.es\\\/formacion-para-empresas\\\/formacion-word-para-empresas\\\/\"]}]},{\"@type\":\"BreadcrumbList\",\"@id\":\"https:\\\/\\\/www.apen.es\\\/formacion-para-empresas\\\/formacion-word-para-empresas\\\/#breadcrumb\",\"itemListElement\":[{\"@type\":\"ListItem\",\"position\":1,\"name\":\"Portada\",\"item\":\"https:\\\/\\\/www.apen.es\\\/\"},{\"@type\":\"ListItem\",\"position\":2,\"name\":\"Formaci\u00f3n para Empresas\",\"item\":\"https:\\\/\\\/www.apen.es\\\/formacion-para-empresas\\\/\"},{\"@type\":\"ListItem\",\"position\":3,\"name\":\"Formaci\u00f3n Word para empresas\"}]},{\"@type\":\"WebSite\",\"@id\":\"https:\\\/\\\/www.apen.es\\\/#website\",\"url\":\"https:\\\/\\\/www.apen.es\\\/\",\"name\":\"Apen Inform\u00e1tica\",\"description\":\"Mantenimiento Inform\u00e1tico , Software de Gesti\u00f3n, Soluciones de impresi\u00f3n\",\"publisher\":{\"@id\":\"https:\\\/\\\/www.apen.es\\\/#organization\"},\"potentialAction\":[{\"@type\":\"SearchAction\",\"target\":{\"@type\":\"EntryPoint\",\"urlTemplate\":\"https:\\\/\\\/www.apen.es\\\/?s={search_term_string}\"},\"query-input\":{\"@type\":\"PropertyValueSpecification\",\"valueRequired\":true,\"valueName\":\"search_term_string\"}}],\"inLanguage\":\"en-US\"},{\"@type\":\"Organization\",\"@id\":\"https:\\\/\\\/www.apen.es\\\/#organization\",\"name\":\"Apen: Soluciones inform\u00e1ticas\",\"url\":\"https:\\\/\\\/www.apen.es\\\/\",\"logo\":{\"@type\":\"ImageObject\",\"inLanguage\":\"en-US\",\"@id\":\"https:\\\/\\\/www.apen.es\\\/#\\\/schema\\\/logo\\\/image\\\/\",\"url\":\"https:\\\/\\\/www.apen.es\\\/wp-content\\\/uploads\\\/2022\\\/08\\\/logo-apenok-231x82-1.png\",\"contentUrl\":\"https:\\\/\\\/www.apen.es\\\/wp-content\\\/uploads\\\/2022\\\/08\\\/logo-apenok-231x82-1.png\",\"width\":231,\"height\":82,\"caption\":\"Apen: Soluciones inform\u00e1ticas\"},\"image\":{\"@id\":\"https:\\\/\\\/www.apen.es\\\/#\\\/schema\\\/logo\\\/image\\\/\"},\"sameAs\":[\"https:\\\/\\\/www.facebook.com\\\/apensolucions\",\"https:\\\/\\\/www.youtube.com\\\/user\\\/ApenCentreInformatic\",\"https:\\\/\\\/www.linkedin.com\\\/company\\\/1021771?trk=tyah&trkInfo=clickedVerticalcompanyclickedEntityId1021771idx2-1-2tarId1464195271196tasapenin\"]}]}<\/script>\n<!-- \/ Yoast SEO plugin. -->","yoast_head_json":{"title":"Word training for companies - Apen Inform\u00e1tica","description":"Learn to use Word. The most comprehensive training for SMEs, enabling your business to optimize and maximize its performance. Trust Apen.","robots":{"index":"index","follow":"follow","max-snippet":"max-snippet:-1","max-image-preview":"max-image-preview:large","max-video-preview":"max-video-preview:-1"},"canonical":"https:\/\/www.apen.es\/en\/training-for-companies\/word-training-for-companies\/","og_locale":"en_US","og_type":"article","og_title":"Formaci\u00f3n Word para empresas - Apen Inform\u00e1tica","og_description":"Aprende a usar Word. La formaci\u00f3n m\u00e1s completa para pymes que permite a tu negocio optimizarse y sacar el m\u00e1ximo rendimiento. Conf\u00eda en Apen.","og_url":"https:\/\/www.apen.es\/en\/training-for-companies\/word-training-for-companies\/","og_site_name":"Apen Inform\u00e1tica","article_publisher":"https:\/\/www.facebook.com\/apensolucions","article_modified_time":"2025-07-09T11:58:11+00:00","og_image":[{"width":231,"height":82,"url":"https:\/\/www.apen.es\/wp-content\/uploads\/2016\/05\/logo-apen-231x82-trasparent.png","type":"image\/png"}],"twitter_card":"summary_large_image","twitter_misc":{"Est. reading time":"5 minutes"},"schema":{"@context":"https:\/\/schema.org","@graph":[{"@type":"WebPage","@id":"https:\/\/www.apen.es\/formacion-para-empresas\/formacion-word-para-empresas\/","url":"https:\/\/www.apen.es\/formacion-para-empresas\/formacion-word-para-empresas\/","name":"Word training for companies - Apen Inform\u00e1tica","isPartOf":{"@id":"https:\/\/www.apen.es\/#website"},"datePublished":"2020-05-12T06:43:15+00:00","dateModified":"2025-07-09T11:58:11+00:00","description":"Learn to use Word. The most comprehensive training for SMEs, enabling your business to optimize and maximize its performance. Trust Apen.","breadcrumb":{"@id":"https:\/\/www.apen.es\/formacion-para-empresas\/formacion-word-para-empresas\/#breadcrumb"},"inLanguage":"en-US","potentialAction":[{"@type":"ReadAction","target":["https:\/\/www.apen.es\/formacion-para-empresas\/formacion-word-para-empresas\/"]}]},{"@type":"BreadcrumbList","@id":"https:\/\/www.apen.es\/formacion-para-empresas\/formacion-word-para-empresas\/#breadcrumb","itemListElement":[{"@type":"ListItem","position":1,"name":"Portada","item":"https:\/\/www.apen.es\/"},{"@type":"ListItem","position":2,"name":"Formaci\u00f3n para Empresas","item":"https:\/\/www.apen.es\/formacion-para-empresas\/"},{"@type":"ListItem","position":3,"name":"Formaci\u00f3n Word para empresas"}]},{"@type":"WebSite","@id":"https:\/\/www.apen.es\/#website","url":"https:\/\/www.apen.es\/","name":"Apen Inform\u00e1tica","description":"IT Maintenance, Management Software, Printing Solutions","publisher":{"@id":"https:\/\/www.apen.es\/#organization"},"potentialAction":[{"@type":"SearchAction","target":{"@type":"EntryPoint","urlTemplate":"https:\/\/www.apen.es\/?s={search_term_string}"},"query-input":{"@type":"PropertyValueSpecification","valueRequired":true,"valueName":"search_term_string"}}],"inLanguage":"en-US"},{"@type":"Organization","@id":"https:\/\/www.apen.es\/#organization","name":"Apen: IT Solutions","url":"https:\/\/www.apen.es\/","logo":{"@type":"ImageObject","inLanguage":"en-US","@id":"https:\/\/www.apen.es\/#\/schema\/logo\/image\/","url":"https:\/\/www.apen.es\/wp-content\/uploads\/2022\/08\/logo-apenok-231x82-1.png","contentUrl":"https:\/\/www.apen.es\/wp-content\/uploads\/2022\/08\/logo-apenok-231x82-1.png","width":231,"height":82,"caption":"Apen: Soluciones inform\u00e1ticas"},"image":{"@id":"https:\/\/www.apen.es\/#\/schema\/logo\/image\/"},"sameAs":["https:\/\/www.facebook.com\/apensolucions","https:\/\/www.youtube.com\/user\/ApenCentreInformatic","https:\/\/www.linkedin.com\/company\/1021771?trk=tyah&trkInfo=clickedVerticalcompanyclickedEntityId1021771idx2-1-2tarId1464195271196tasapenin"]}]}},"taxonomy_info":[],"featured_image_src_large":false,"author_info":{"display_name":"marqueting","author_link":"https:\/\/www.apen.es\/en\/blog\/author\/marqueting\/"},"comment_info":0,"_links":{"self":[{"href":"https:\/\/www.apen.es\/en\/wp-json\/wp\/v2\/pages\/16961","targetHints":{"allow":["GET"]}}],"collection":[{"href":"https:\/\/www.apen.es\/en\/wp-json\/wp\/v2\/pages"}],"about":[{"href":"https:\/\/www.apen.es\/en\/wp-json\/wp\/v2\/types\/page"}],"author":[{"embeddable":true,"href":"https:\/\/www.apen.es\/en\/wp-json\/wp\/v2\/users\/4"}],"replies":[{"embeddable":true,"href":"https:\/\/www.apen.es\/en\/wp-json\/wp\/v2\/comments?post=16961"}],"version-history":[{"count":2,"href":"https:\/\/www.apen.es\/en\/wp-json\/wp\/v2\/pages\/16961\/revisions"}],"predecessor-version":[{"id":56047,"href":"https:\/\/www.apen.es\/en\/wp-json\/wp\/v2\/pages\/16961\/revisions\/56047"}],"up":[{"embeddable":true,"href":"https:\/\/www.apen.es\/en\/wp-json\/wp\/v2\/pages\/16874"}],"wp:attachment":[{"href":"https:\/\/www.apen.es\/en\/wp-json\/wp\/v2\/media?parent=16961"}],"curies":[{"name":"wp","href":"https:\/\/api.w.org\/{rel}","templated":true}]}}