{"id":16808,"date":"2020-04-29T07:44:38","date_gmt":"2020-04-29T07:44:38","guid":{"rendered":"https:\/\/www.apen.es\/?page_id=16808"},"modified":"2025-10-01T06:44:44","modified_gmt":"2025-10-01T06:44:44","slug":"computer-equipment-rental-2","status":"publish","type":"page","link":"https:\/\/www.apen.es\/en\/computer-rental-2\/computer-equipment-rental-2\/","title":{"rendered":"Computer equipment rental"},"content":{"rendered":"<p>At Apen you can find all kinds of IT solutions designed to improve the business management of any SME, productivity, internal communication, accessibility and also cost savings, since we offer technological rental proposals of all kinds.<\/p>\n\n\n\n<p>At Apen you can have access to the best computer equipment whenever you want, without needing to buy it or commit to a long-term contract, as we offer the&nbsp;<strong>rent<\/strong>&nbsp;of all our&nbsp;<strong>computer equipment<\/strong>, to facilitate access to state-of-the-art equipment, offering the most advanced technology. In this way, with the&nbsp;<strong>rent<\/strong>&nbsp;of&nbsp;<strong>computer equipment<\/strong>&nbsp;You&#039;ll be able to enjoy all the features and benefits they offer from the first day we install them in your small business until you wish to end this leasing agreement. This is a great advantage, and you&#039;ll also receive professional technical support from our team, which has over 25 years of IT experience.<\/p>\n\n\n\n<p>As specialists in IT maintenance and security, at Apen we offer you this service of&nbsp;<strong>rent<\/strong>&nbsp;of&nbsp;<strong>computer equipment<\/strong>, We conduct a preliminary study of your company to understand its true needs and ensure the reliability and effectiveness of our equipment. Working with a variety of top-tier brands allows us to select diverse features and functionalities, creating a fully customized proposal tailored to each SME, as we believe this is the best way to serve our clients.<\/p>\n\n\n\n<p>At Apen we offer the rental of all types of computer equipment, from computers to printers, as we also offer various printing solutions, with which you can access a rental, which we call Price per copy, which would be like the &quot;pay per use&quot; of any rental, that is, the client will only pay for what they have used, without adding additional costs.<\/p>\n\n\n\n<p>This rental arrangement allows for significant savings for the customer, not only because they do not need to purchase the equipment, but also because they have stable monthly payments, allowing them to organize and balance their budget without unexpected and unnecessary expenses.<\/p>\n\n\n\n<p>Through the&nbsp;<strong>rent<\/strong>&nbsp;of&nbsp;<strong>computer equipment<\/strong>&nbsp;This results in cost savings and also better business organization and management, because the necessary tools are available, with features and functionalities that provide added value to the company&#039;s operations.<\/p>\n\n\n\n<p>After more than 25 years of history, at Apen we have been able to verify that renting computer equipment is the best option for any SME, whether small, medium or large, and this is because it provides a fairer and more personalized service.<\/p>","protected":false},"excerpt":{"rendered":"<p>En Apen podr\u00e1s encontrar todo tipo de soluciones inform\u00e1ticas pensadas para mejorar la gesti\u00f3n empresarial de cualquier pyme, la productividad, la comunicaci\u00f3n interna, la accesibilidad y tambi\u00e9n el ahorro econ\u00f3mico, ya que ofrecemos propuestas de renting tecnol\u00f3gico de todo tipo. En Apen puedes disponer de los mejores equipos inform\u00e1ticos siempre que quieras, sin necesidad de&#8230;<\/p>","protected":false},"author":4,"featured_media":0,"parent":6256,"menu_order":0,"comment_status":"closed","ping_status":"closed","template":"page-renting-equipos-informatico.php","meta":{"_acf_changed":false,"_kad_blocks_custom_css":"","_kad_blocks_head_custom_js":"","_kad_blocks_body_custom_js":"","_kad_blocks_footer_custom_js":"","_kad_post_transparent":"","_kad_post_title":"","_kad_post_layout":"","_kad_post_sidebar_id":"","_kad_post_content_style":"","_kad_post_vertical_padding":"","_kad_post_feature":"","_kad_post_feature_position":"","_kad_post_header":false,"_kad_post_footer":false,"_kad_post_classname":"","footnotes":""},"class_list":["post-16808","page","type-page","status-publish","hentry"],"acf":[],"yoast_head":"<!-- This site is optimized with the Yoast SEO plugin v27.4 - https:\/\/yoast.com\/product\/yoast-seo-wordpress\/ -->\n<title>Alquiler equipos inform\u00e1ticos - Apen Inform\u00e1tica<\/title>\n<meta name=\"description\" content=\"\u00bfNecesitas un alquiler de quipos inform\u00e1ticos? Apen es una empresa proveedora de servicios de renting y alquiler de todo tipo de electr\u00f3nica.\" \/>\n<meta name=\"robots\" content=\"index, follow, max-snippet:-1, max-image-preview:large, max-video-preview:-1\" \/>\n<link rel=\"canonical\" href=\"https:\/\/www.apen.es\/en\/computer-rental-2\/computer-equipment-rental-2\/\" \/>\n<meta property=\"og:locale\" content=\"en_US\" \/>\n<meta property=\"og:type\" content=\"article\" \/>\n<meta property=\"og:title\" content=\"Alquiler equipos inform\u00e1ticos - Apen Inform\u00e1tica\" \/>\n<meta property=\"og:description\" content=\"\u00bfNecesitas un alquiler de quipos inform\u00e1ticos? Apen es una empresa proveedora de servicios de renting y alquiler de todo tipo de electr\u00f3nica.\" \/>\n<meta property=\"og:url\" content=\"https:\/\/www.apen.es\/en\/computer-rental-2\/computer-equipment-rental-2\/\" \/>\n<meta property=\"og:site_name\" content=\"Apen Inform\u00e1tica\" \/>\n<meta property=\"article:publisher\" content=\"https:\/\/www.facebook.com\/apensolucions\" \/>\n<meta property=\"article:modified_time\" content=\"2025-10-01T06:44:44+00:00\" \/>\n<meta property=\"og:image\" content=\"https:\/\/www.apen.es\/wp-content\/uploads\/2016\/05\/logo-apen-231x82-trasparent.png\" \/>\n\t<meta property=\"og:image:width\" content=\"231\" \/>\n\t<meta property=\"og:image:height\" content=\"82\" \/>\n\t<meta property=\"og:image:type\" content=\"image\/png\" \/>\n<meta name=\"twitter:card\" content=\"summary_large_image\" \/>\n<meta name=\"twitter:label1\" content=\"Est. reading time\" \/>\n\t<meta name=\"twitter:data1\" content=\"5 minutes\" \/>\n<script type=\"application\/ld+json\" class=\"yoast-schema-graph\">{\"@context\":\"https:\\\/\\\/schema.org\",\"@graph\":[{\"@type\":\"WebPage\",\"@id\":\"https:\\\/\\\/www.apen.es\\\/renting-ordenadores\\\/alquiler-equipos-informaticos\\\/\",\"url\":\"https:\\\/\\\/www.apen.es\\\/renting-ordenadores\\\/alquiler-equipos-informaticos\\\/\",\"name\":\"Alquiler equipos inform\u00e1ticos - Apen Inform\u00e1tica\",\"isPartOf\":{\"@id\":\"https:\\\/\\\/www.apen.es\\\/#website\"},\"datePublished\":\"2020-04-29T07:44:38+00:00\",\"dateModified\":\"2025-10-01T06:44:44+00:00\",\"description\":\"\u00bfNecesitas un alquiler de quipos inform\u00e1ticos? Apen es una empresa proveedora de servicios de renting y alquiler de todo tipo de electr\u00f3nica.\",\"breadcrumb\":{\"@id\":\"https:\\\/\\\/www.apen.es\\\/renting-ordenadores\\\/alquiler-equipos-informaticos\\\/#breadcrumb\"},\"inLanguage\":\"en-US\",\"potentialAction\":[{\"@type\":\"ReadAction\",\"target\":[\"https:\\\/\\\/www.apen.es\\\/renting-ordenadores\\\/alquiler-equipos-informaticos\\\/\"]}]},{\"@type\":\"BreadcrumbList\",\"@id\":\"https:\\\/\\\/www.apen.es\\\/renting-ordenadores\\\/alquiler-equipos-informaticos\\\/#breadcrumb\",\"itemListElement\":[{\"@type\":\"ListItem\",\"position\":1,\"name\":\"Portada\",\"item\":\"https:\\\/\\\/www.apen.es\\\/\"},{\"@type\":\"ListItem\",\"position\":2,\"name\":\"Renting ordenadores\",\"item\":\"https:\\\/\\\/www.apen.es\\\/renting-ordenadores\\\/\"},{\"@type\":\"ListItem\",\"position\":3,\"name\":\"Alquiler equipos inform\u00e1ticos\"}]},{\"@type\":\"WebSite\",\"@id\":\"https:\\\/\\\/www.apen.es\\\/#website\",\"url\":\"https:\\\/\\\/www.apen.es\\\/\",\"name\":\"Apen Inform\u00e1tica\",\"description\":\"Mantenimiento Inform\u00e1tico , Software de Gesti\u00f3n, Soluciones de impresi\u00f3n\",\"publisher\":{\"@id\":\"https:\\\/\\\/www.apen.es\\\/#organization\"},\"potentialAction\":[{\"@type\":\"SearchAction\",\"target\":{\"@type\":\"EntryPoint\",\"urlTemplate\":\"https:\\\/\\\/www.apen.es\\\/?s={search_term_string}\"},\"query-input\":{\"@type\":\"PropertyValueSpecification\",\"valueRequired\":true,\"valueName\":\"search_term_string\"}}],\"inLanguage\":\"en-US\"},{\"@type\":\"Organization\",\"@id\":\"https:\\\/\\\/www.apen.es\\\/#organization\",\"name\":\"Apen: Soluciones inform\u00e1ticas\",\"url\":\"https:\\\/\\\/www.apen.es\\\/\",\"logo\":{\"@type\":\"ImageObject\",\"inLanguage\":\"en-US\",\"@id\":\"https:\\\/\\\/www.apen.es\\\/#\\\/schema\\\/logo\\\/image\\\/\",\"url\":\"https:\\\/\\\/www.apen.es\\\/wp-content\\\/uploads\\\/2022\\\/08\\\/logo-apenok-231x82-1.png\",\"contentUrl\":\"https:\\\/\\\/www.apen.es\\\/wp-content\\\/uploads\\\/2022\\\/08\\\/logo-apenok-231x82-1.png\",\"width\":231,\"height\":82,\"caption\":\"Apen: Soluciones inform\u00e1ticas\"},\"image\":{\"@id\":\"https:\\\/\\\/www.apen.es\\\/#\\\/schema\\\/logo\\\/image\\\/\"},\"sameAs\":[\"https:\\\/\\\/www.facebook.com\\\/apensolucions\",\"https:\\\/\\\/www.youtube.com\\\/user\\\/ApenCentreInformatic\",\"https:\\\/\\\/www.linkedin.com\\\/company\\\/1021771?trk=tyah&trkInfo=clickedVerticalcompanyclickedEntityId1021771idx2-1-2tarId1464195271196tasapenin\"]}]}<\/script>\n<!-- \/ Yoast SEO plugin. -->","yoast_head_json":{"title":"Computer equipment rental - Apen Inform\u00e1tica","description":"Do you need to rent computer equipment? Apen is a company that provides rental and leasing services for all types of electronics.","robots":{"index":"index","follow":"follow","max-snippet":"max-snippet:-1","max-image-preview":"max-image-preview:large","max-video-preview":"max-video-preview:-1"},"canonical":"https:\/\/www.apen.es\/en\/computer-rental-2\/computer-equipment-rental-2\/","og_locale":"en_US","og_type":"article","og_title":"Alquiler equipos inform\u00e1ticos - Apen Inform\u00e1tica","og_description":"\u00bfNecesitas un alquiler de quipos inform\u00e1ticos? Apen es una empresa proveedora de servicios de renting y alquiler de todo tipo de electr\u00f3nica.","og_url":"https:\/\/www.apen.es\/en\/computer-rental-2\/computer-equipment-rental-2\/","og_site_name":"Apen Inform\u00e1tica","article_publisher":"https:\/\/www.facebook.com\/apensolucions","article_modified_time":"2025-10-01T06:44:44+00:00","og_image":[{"width":231,"height":82,"url":"https:\/\/www.apen.es\/wp-content\/uploads\/2016\/05\/logo-apen-231x82-trasparent.png","type":"image\/png"}],"twitter_card":"summary_large_image","twitter_misc":{"Est. reading time":"5 minutes"},"schema":{"@context":"https:\/\/schema.org","@graph":[{"@type":"WebPage","@id":"https:\/\/www.apen.es\/renting-ordenadores\/alquiler-equipos-informaticos\/","url":"https:\/\/www.apen.es\/renting-ordenadores\/alquiler-equipos-informaticos\/","name":"Computer equipment rental - Apen Inform\u00e1tica","isPartOf":{"@id":"https:\/\/www.apen.es\/#website"},"datePublished":"2020-04-29T07:44:38+00:00","dateModified":"2025-10-01T06:44:44+00:00","description":"Do you need to rent computer equipment? Apen is a company that provides rental and leasing services for all types of electronics.","breadcrumb":{"@id":"https:\/\/www.apen.es\/renting-ordenadores\/alquiler-equipos-informaticos\/#breadcrumb"},"inLanguage":"en-US","potentialAction":[{"@type":"ReadAction","target":["https:\/\/www.apen.es\/renting-ordenadores\/alquiler-equipos-informaticos\/"]}]},{"@type":"BreadcrumbList","@id":"https:\/\/www.apen.es\/renting-ordenadores\/alquiler-equipos-informaticos\/#breadcrumb","itemListElement":[{"@type":"ListItem","position":1,"name":"Portada","item":"https:\/\/www.apen.es\/"},{"@type":"ListItem","position":2,"name":"Renting ordenadores","item":"https:\/\/www.apen.es\/renting-ordenadores\/"},{"@type":"ListItem","position":3,"name":"Alquiler equipos inform\u00e1ticos"}]},{"@type":"WebSite","@id":"https:\/\/www.apen.es\/#website","url":"https:\/\/www.apen.es\/","name":"Apen Inform\u00e1tica","description":"IT Maintenance, Management Software, Printing Solutions","publisher":{"@id":"https:\/\/www.apen.es\/#organization"},"potentialAction":[{"@type":"SearchAction","target":{"@type":"EntryPoint","urlTemplate":"https:\/\/www.apen.es\/?s={search_term_string}"},"query-input":{"@type":"PropertyValueSpecification","valueRequired":true,"valueName":"search_term_string"}}],"inLanguage":"en-US"},{"@type":"Organization","@id":"https:\/\/www.apen.es\/#organization","name":"Apen: IT Solutions","url":"https:\/\/www.apen.es\/","logo":{"@type":"ImageObject","inLanguage":"en-US","@id":"https:\/\/www.apen.es\/#\/schema\/logo\/image\/","url":"https:\/\/www.apen.es\/wp-content\/uploads\/2022\/08\/logo-apenok-231x82-1.png","contentUrl":"https:\/\/www.apen.es\/wp-content\/uploads\/2022\/08\/logo-apenok-231x82-1.png","width":231,"height":82,"caption":"Apen: Soluciones inform\u00e1ticas"},"image":{"@id":"https:\/\/www.apen.es\/#\/schema\/logo\/image\/"},"sameAs":["https:\/\/www.facebook.com\/apensolucions","https:\/\/www.youtube.com\/user\/ApenCentreInformatic","https:\/\/www.linkedin.com\/company\/1021771?trk=tyah&trkInfo=clickedVerticalcompanyclickedEntityId1021771idx2-1-2tarId1464195271196tasapenin"]}]}},"taxonomy_info":[],"featured_image_src_large":false,"author_info":{"display_name":"marqueting","author_link":"https:\/\/www.apen.es\/en\/blog\/author\/marqueting\/"},"comment_info":0,"_links":{"self":[{"href":"https:\/\/www.apen.es\/en\/wp-json\/wp\/v2\/pages\/16808","targetHints":{"allow":["GET"]}}],"collection":[{"href":"https:\/\/www.apen.es\/en\/wp-json\/wp\/v2\/pages"}],"about":[{"href":"https:\/\/www.apen.es\/en\/wp-json\/wp\/v2\/types\/page"}],"author":[{"embeddable":true,"href":"https:\/\/www.apen.es\/en\/wp-json\/wp\/v2\/users\/4"}],"replies":[{"embeddable":true,"href":"https:\/\/www.apen.es\/en\/wp-json\/wp\/v2\/comments?post=16808"}],"version-history":[{"count":1,"href":"https:\/\/www.apen.es\/en\/wp-json\/wp\/v2\/pages\/16808\/revisions"}],"predecessor-version":[{"id":60411,"href":"https:\/\/www.apen.es\/en\/wp-json\/wp\/v2\/pages\/16808\/revisions\/60411"}],"up":[{"embeddable":true,"href":"https:\/\/www.apen.es\/en\/wp-json\/wp\/v2\/pages\/6256"}],"wp:attachment":[{"href":"https:\/\/www.apen.es\/en\/wp-json\/wp\/v2\/media?parent=16808"}],"curies":[{"name":"wp","href":"https:\/\/api.w.org\/{rel}","templated":true}]}}