{"id":14987,"date":"2019-10-24T06:40:08","date_gmt":"2019-10-24T06:40:08","guid":{"rendered":"https:\/\/www.apen.es\/?page_id=14987"},"modified":"2025-07-18T07:06:41","modified_gmt":"2025-07-18T07:06:41","slug":"erp","status":"publish","type":"page","link":"https:\/\/www.apen.es\/en\/glosario-de-informatica\/erp\/","title":{"rendered":"ERP. Everything you need to know\u2026"},"content":{"rendered":"<h2 class=\"wp-block-heading\">WHAT IS AN ERP?<\/h2>\n\n\n<div class=\"wp-block-image\">\n<figure class=\"alignleft\"><img loading=\"lazy\" decoding=\"async\" width=\"290\" height=\"290\" src=\"https:\/\/www.apen.es\/wp-content\/uploads\/2019\/10\/erp.png\" alt=\"\" class=\"wp-image-14988\" srcset=\"https:\/\/www.apen.es\/wp-content\/uploads\/2019\/10\/erp.png 290w, https:\/\/www.apen.es\/wp-content\/uploads\/2019\/10\/erp-150x150.png 150w, https:\/\/www.apen.es\/wp-content\/uploads\/2019\/10\/erp-70x70.png 70w, https:\/\/www.apen.es\/wp-content\/uploads\/2019\/10\/erp-90x90.png 90w, https:\/\/www.apen.es\/wp-content\/uploads\/2019\/10\/erp-270x270.png 270w\" sizes=\"auto, (max-width: 290px) 100vw, 290px\" \/><\/figure>\n<\/div>\n\n\n<p>When we refer to ERP, we mean Enterprise Resource Planning. ERP is an internal program for production, distribution, and human resources within a company; in other words, a program that centralizes all of the company&#039;s activities.<\/p>\n\n\n\n<p>ERP is also known as <strong>\u201cback office\u201d<\/strong>, which deals with internal administrative matters, or <strong>\u201cfront office\u201d<\/strong>, which performs operations related to customer service.<\/p>\n\n\n\n<p>For an ERP to be considered as such, it must fulfill these requirements: it must be <strong>comprehensive <\/strong>(manage all aspects of the company), <strong>modular<\/strong> (divide according to the company&#039;s departments) and <strong>adaptable<\/strong> (adapt to the company&#039;s activity)<\/p>\n\n\n\n<p>The purpose of this program or software is to help the company&#039;s clients by solving their problems in the shortest possible time, as well as managing all the information to make good decisions.<\/p>\n\n\n\n<h3 class=\"wp-block-heading\"><strong>ERP CREATION<\/strong><\/h3>\n\n\n\n<p>In 1990, Gartner, a technology research and consulting firm, coined the term ERP to address an increasingly common need in businesses., <strong>increase productivity and optimize time. <\/strong>Starting from <strong>2000<\/strong> With the introduction of the euro, companies saw an opportunity to adopt the ERP system, leaving behind old practices, since entering a new era brought new problems that only an improved system could solve.<\/p>\n\n\n\n<h3 class=\"wp-block-heading\"><strong>ERP MODULES<\/strong><\/h3>\n\n\n\n<p><strong>Human resources module:<\/strong> It assists in the hiring of new employees and also tracks employee performance. With this module, employees can view and verify hours worked, manage leave requests, process payroll, and send surveys or news of interest to encourage employee engagement.<\/p>\n\n\n\n<p><strong>Inventory module: <\/strong>It handles the buying and selling process. It tracks inventory, generates unit reports, and locates items in the warehouse.<\/p>\n\n\n\n<p><strong>Purchasing module: <\/strong>It handles all aspects of product and raw material procurement. With this module, you can create a list of suppliers, items, analyze budgets, generate purchase orders, track items, and update inventory.<\/p>\n\n\n\n<p><strong>Sales module: <\/strong>Includes reporting and analysis, order acceptance, and invoice generation.<\/p>\n\n\n\n<p><strong>Financial module: <\/strong>Automate and simplify the entire accounting process, thereby reducing potential errors and costs.<\/p>\n\n\n\n<p><strong>Production module: <\/strong>It facilitates production tracking, raw material control, and product quality assessment.<\/p>\n\n\n\n<p><strong>Customer Relationship Management (CRM) module: <\/strong>This module significantly increases sales by improving customer relationships. This tool allows you to gather customer information so that you can provide personalized and tailored service.<\/p>","protected":false},"excerpt":{"rendered":"<p>\u00bfQUE \u00c9S UN ERP? Cuando nos referimos a ERP queremos decir, Enterprise Resource Planning, que traducido quiere decir \u201cplanificaci\u00f3n de recursos empresariales\u201d. ERP, es un programa interno de producci\u00f3n, distribuci\u00f3n y recursos humanos de la empresa, es decir, un programa que centraliza todas las actividades de la empresa. ERP tambi\u00e9n es conocido como \u201cback office\u201d,&#8230;<\/p>","protected":false},"author":4,"featured_media":0,"parent":6185,"menu_order":0,"comment_status":"closed","ping_status":"closed","template":"page-landing-glosario.php","meta":{"_acf_changed":false,"_kad_blocks_custom_css":"","_kad_blocks_head_custom_js":"","_kad_blocks_body_custom_js":"","_kad_blocks_footer_custom_js":"","_kad_post_transparent":"","_kad_post_title":"","_kad_post_layout":"","_kad_post_sidebar_id":"","_kad_post_content_style":"","_kad_post_vertical_padding":"","_kad_post_feature":"","_kad_post_feature_position":"","_kad_post_header":false,"_kad_post_footer":false,"_kad_post_classname":"","footnotes":""},"class_list":["post-14987","page","type-page","status-publish","hentry"],"acf":[],"yoast_head":"<!-- This site is optimized with the Yoast SEO plugin v27.6 - https:\/\/yoast.com\/product\/yoast-seo-wordpress\/ -->\n<title>ERP. Todo lo que necesitas saber... - Apen Inform\u00e1tica<\/title>\n<meta name=\"description\" content=\"Cuando nos referimos a ERP queremos decir, Enterprise Resource Planning, que traducido quiere decir \u201cplanificaci\u00f3n de recursos empresariales\u201d\u2026\" \/>\n<meta name=\"robots\" content=\"index, follow, max-snippet:-1, max-image-preview:large, max-video-preview:-1\" \/>\n<link rel=\"canonical\" href=\"https:\/\/www.apen.es\/en\/computer-glossary\/erp\/\" \/>\n<meta property=\"og:locale\" content=\"en_US\" \/>\n<meta property=\"og:type\" content=\"article\" \/>\n<meta property=\"og:title\" content=\"ERP. Todo lo que necesitas saber... - Apen Inform\u00e1tica\" \/>\n<meta property=\"og:description\" content=\"Cuando nos referimos a ERP queremos decir, Enterprise Resource Planning, que traducido quiere decir \u201cplanificaci\u00f3n de recursos empresariales\u201d\u2026\" \/>\n<meta property=\"og:url\" content=\"https:\/\/www.apen.es\/en\/computer-glossary\/erp\/\" \/>\n<meta property=\"og:site_name\" content=\"Apen Inform\u00e1tica\" \/>\n<meta property=\"article:publisher\" content=\"https:\/\/www.facebook.com\/apensolucions\" \/>\n<meta property=\"article:modified_time\" content=\"2025-07-18T07:06:41+00:00\" \/>\n<meta property=\"og:image\" content=\"https:\/\/www.apen.es\/wp-content\/uploads\/2019\/10\/erp.png\" \/>\n<meta name=\"twitter:card\" content=\"summary_large_image\" \/>\n<meta name=\"twitter:label1\" content=\"Est. reading time\" \/>\n\t<meta name=\"twitter:data1\" content=\"3 minutes\" \/>\n<script type=\"application\/ld+json\" class=\"yoast-schema-graph\">{\"@context\":\"https:\\\/\\\/schema.org\",\"@graph\":[{\"@type\":\"WebPage\",\"@id\":\"https:\\\/\\\/www.apen.es\\\/glosario-de-informatica\\\/erp\\\/\",\"url\":\"https:\\\/\\\/www.apen.es\\\/glosario-de-informatica\\\/erp\\\/\",\"name\":\"ERP. Todo lo que necesitas saber... - Apen Inform\u00e1tica\",\"isPartOf\":{\"@id\":\"https:\\\/\\\/www.apen.es\\\/#website\"},\"primaryImageOfPage\":{\"@id\":\"https:\\\/\\\/www.apen.es\\\/glosario-de-informatica\\\/erp\\\/#primaryimage\"},\"image\":{\"@id\":\"https:\\\/\\\/www.apen.es\\\/glosario-de-informatica\\\/erp\\\/#primaryimage\"},\"thumbnailUrl\":\"https:\\\/\\\/www.apen.es\\\/wp-content\\\/uploads\\\/2019\\\/10\\\/erp.png\",\"datePublished\":\"2019-10-24T06:40:08+00:00\",\"dateModified\":\"2025-07-18T07:06:41+00:00\",\"description\":\"Cuando nos referimos a ERP queremos decir, Enterprise Resource Planning, que traducido quiere decir \u201cplanificaci\u00f3n de recursos empresariales\u201d\u2026\",\"breadcrumb\":{\"@id\":\"https:\\\/\\\/www.apen.es\\\/glosario-de-informatica\\\/erp\\\/#breadcrumb\"},\"inLanguage\":\"en-US\",\"potentialAction\":[{\"@type\":\"ReadAction\",\"target\":[\"https:\\\/\\\/www.apen.es\\\/glosario-de-informatica\\\/erp\\\/\"]}]},{\"@type\":\"ImageObject\",\"inLanguage\":\"en-US\",\"@id\":\"https:\\\/\\\/www.apen.es\\\/glosario-de-informatica\\\/erp\\\/#primaryimage\",\"url\":\"https:\\\/\\\/www.apen.es\\\/wp-content\\\/uploads\\\/2019\\\/10\\\/erp.png\",\"contentUrl\":\"https:\\\/\\\/www.apen.es\\\/wp-content\\\/uploads\\\/2019\\\/10\\\/erp.png\"},{\"@type\":\"BreadcrumbList\",\"@id\":\"https:\\\/\\\/www.apen.es\\\/glosario-de-informatica\\\/erp\\\/#breadcrumb\",\"itemListElement\":[{\"@type\":\"ListItem\",\"position\":1,\"name\":\"Portada\",\"item\":\"https:\\\/\\\/www.apen.es\\\/\"},{\"@type\":\"ListItem\",\"position\":2,\"name\":\"Glosario de inform\u00e1tica\",\"item\":\"https:\\\/\\\/www.apen.es\\\/glosario-de-informatica\\\/\"},{\"@type\":\"ListItem\",\"position\":3,\"name\":\"ERP. Todo lo que necesitas saber&#8230;\"}]},{\"@type\":\"WebSite\",\"@id\":\"https:\\\/\\\/www.apen.es\\\/#website\",\"url\":\"https:\\\/\\\/www.apen.es\\\/\",\"name\":\"Apen Inform\u00e1tica\",\"description\":\"Mantenimiento Inform\u00e1tico , Software de Gesti\u00f3n, Soluciones de impresi\u00f3n\",\"publisher\":{\"@id\":\"https:\\\/\\\/www.apen.es\\\/#organization\"},\"potentialAction\":[{\"@type\":\"SearchAction\",\"target\":{\"@type\":\"EntryPoint\",\"urlTemplate\":\"https:\\\/\\\/www.apen.es\\\/?s={search_term_string}\"},\"query-input\":{\"@type\":\"PropertyValueSpecification\",\"valueRequired\":true,\"valueName\":\"search_term_string\"}}],\"inLanguage\":\"en-US\"},{\"@type\":\"Organization\",\"@id\":\"https:\\\/\\\/www.apen.es\\\/#organization\",\"name\":\"Apen: Soluciones inform\u00e1ticas\",\"url\":\"https:\\\/\\\/www.apen.es\\\/\",\"logo\":{\"@type\":\"ImageObject\",\"inLanguage\":\"en-US\",\"@id\":\"https:\\\/\\\/www.apen.es\\\/#\\\/schema\\\/logo\\\/image\\\/\",\"url\":\"https:\\\/\\\/www.apen.es\\\/wp-content\\\/uploads\\\/2022\\\/08\\\/logo-apenok-231x82-1.png\",\"contentUrl\":\"https:\\\/\\\/www.apen.es\\\/wp-content\\\/uploads\\\/2022\\\/08\\\/logo-apenok-231x82-1.png\",\"width\":231,\"height\":82,\"caption\":\"Apen: Soluciones inform\u00e1ticas\"},\"image\":{\"@id\":\"https:\\\/\\\/www.apen.es\\\/#\\\/schema\\\/logo\\\/image\\\/\"},\"sameAs\":[\"https:\\\/\\\/www.facebook.com\\\/apensolucions\",\"https:\\\/\\\/www.youtube.com\\\/user\\\/ApenCentreInformatic\",\"https:\\\/\\\/www.linkedin.com\\\/company\\\/1021771?trk=tyah&trkInfo=clickedVerticalcompanyclickedEntityId1021771idx2-1-2tarId1464195271196tasapenin\"]}]}<\/script>\n<!-- \/ Yoast SEO plugin. -->","yoast_head_json":{"title":"ERP. Everything you need to know... - Apen Inform\u00e1tica","description":"When we refer to ERP we mean Enterprise Resource Planning, which translates to &quot;business resource planning&quot;...","robots":{"index":"index","follow":"follow","max-snippet":"max-snippet:-1","max-image-preview":"max-image-preview:large","max-video-preview":"max-video-preview:-1"},"canonical":"https:\/\/www.apen.es\/en\/computer-glossary\/erp\/","og_locale":"en_US","og_type":"article","og_title":"ERP. Todo lo que necesitas saber... - Apen Inform\u00e1tica","og_description":"Cuando nos referimos a ERP queremos decir, Enterprise Resource Planning, que traducido quiere decir \u201cplanificaci\u00f3n de recursos empresariales\u201d\u2026","og_url":"https:\/\/www.apen.es\/en\/computer-glossary\/erp\/","og_site_name":"Apen Inform\u00e1tica","article_publisher":"https:\/\/www.facebook.com\/apensolucions","article_modified_time":"2025-07-18T07:06:41+00:00","og_image":[{"url":"https:\/\/www.apen.es\/wp-content\/uploads\/2019\/10\/erp.png","type":"","width":"","height":""}],"twitter_card":"summary_large_image","twitter_misc":{"Est. reading time":"3 minutes"},"schema":{"@context":"https:\/\/schema.org","@graph":[{"@type":"WebPage","@id":"https:\/\/www.apen.es\/glosario-de-informatica\/erp\/","url":"https:\/\/www.apen.es\/glosario-de-informatica\/erp\/","name":"ERP. Everything you need to know... - Apen Inform\u00e1tica","isPartOf":{"@id":"https:\/\/www.apen.es\/#website"},"primaryImageOfPage":{"@id":"https:\/\/www.apen.es\/glosario-de-informatica\/erp\/#primaryimage"},"image":{"@id":"https:\/\/www.apen.es\/glosario-de-informatica\/erp\/#primaryimage"},"thumbnailUrl":"https:\/\/www.apen.es\/wp-content\/uploads\/2019\/10\/erp.png","datePublished":"2019-10-24T06:40:08+00:00","dateModified":"2025-07-18T07:06:41+00:00","description":"When we refer to ERP we mean Enterprise Resource Planning, which translates to &quot;business resource planning&quot;...","breadcrumb":{"@id":"https:\/\/www.apen.es\/glosario-de-informatica\/erp\/#breadcrumb"},"inLanguage":"en-US","potentialAction":[{"@type":"ReadAction","target":["https:\/\/www.apen.es\/glosario-de-informatica\/erp\/"]}]},{"@type":"ImageObject","inLanguage":"en-US","@id":"https:\/\/www.apen.es\/glosario-de-informatica\/erp\/#primaryimage","url":"https:\/\/www.apen.es\/wp-content\/uploads\/2019\/10\/erp.png","contentUrl":"https:\/\/www.apen.es\/wp-content\/uploads\/2019\/10\/erp.png"},{"@type":"BreadcrumbList","@id":"https:\/\/www.apen.es\/glosario-de-informatica\/erp\/#breadcrumb","itemListElement":[{"@type":"ListItem","position":1,"name":"Portada","item":"https:\/\/www.apen.es\/"},{"@type":"ListItem","position":2,"name":"Glosario de inform\u00e1tica","item":"https:\/\/www.apen.es\/glosario-de-informatica\/"},{"@type":"ListItem","position":3,"name":"ERP. Todo lo que necesitas saber&#8230;"}]},{"@type":"WebSite","@id":"https:\/\/www.apen.es\/#website","url":"https:\/\/www.apen.es\/","name":"Apen Inform\u00e1tica","description":"IT Maintenance, Management Software, Printing Solutions","publisher":{"@id":"https:\/\/www.apen.es\/#organization"},"potentialAction":[{"@type":"SearchAction","target":{"@type":"EntryPoint","urlTemplate":"https:\/\/www.apen.es\/?s={search_term_string}"},"query-input":{"@type":"PropertyValueSpecification","valueRequired":true,"valueName":"search_term_string"}}],"inLanguage":"en-US"},{"@type":"Organization","@id":"https:\/\/www.apen.es\/#organization","name":"Apen: IT Solutions","url":"https:\/\/www.apen.es\/","logo":{"@type":"ImageObject","inLanguage":"en-US","@id":"https:\/\/www.apen.es\/#\/schema\/logo\/image\/","url":"https:\/\/www.apen.es\/wp-content\/uploads\/2022\/08\/logo-apenok-231x82-1.png","contentUrl":"https:\/\/www.apen.es\/wp-content\/uploads\/2022\/08\/logo-apenok-231x82-1.png","width":231,"height":82,"caption":"Apen: Soluciones inform\u00e1ticas"},"image":{"@id":"https:\/\/www.apen.es\/#\/schema\/logo\/image\/"},"sameAs":["https:\/\/www.facebook.com\/apensolucions","https:\/\/www.youtube.com\/user\/ApenCentreInformatic","https:\/\/www.linkedin.com\/company\/1021771?trk=tyah&trkInfo=clickedVerticalcompanyclickedEntityId1021771idx2-1-2tarId1464195271196tasapenin"]}]}},"taxonomy_info":[],"featured_image_src_large":false,"author_info":{"display_name":"marqueting","author_link":"https:\/\/www.apen.es\/en\/blog\/author\/marqueting\/"},"comment_info":0,"_links":{"self":[{"href":"https:\/\/www.apen.es\/en\/wp-json\/wp\/v2\/pages\/14987","targetHints":{"allow":["GET"]}}],"collection":[{"href":"https:\/\/www.apen.es\/en\/wp-json\/wp\/v2\/pages"}],"about":[{"href":"https:\/\/www.apen.es\/en\/wp-json\/wp\/v2\/types\/page"}],"author":[{"embeddable":true,"href":"https:\/\/www.apen.es\/en\/wp-json\/wp\/v2\/users\/4"}],"replies":[{"embeddable":true,"href":"https:\/\/www.apen.es\/en\/wp-json\/wp\/v2\/comments?post=14987"}],"version-history":[{"count":2,"href":"https:\/\/www.apen.es\/en\/wp-json\/wp\/v2\/pages\/14987\/revisions"}],"predecessor-version":[{"id":57245,"href":"https:\/\/www.apen.es\/en\/wp-json\/wp\/v2\/pages\/14987\/revisions\/57245"}],"up":[{"embeddable":true,"href":"https:\/\/www.apen.es\/en\/wp-json\/wp\/v2\/pages\/6185"}],"wp:attachment":[{"href":"https:\/\/www.apen.es\/en\/wp-json\/wp\/v2\/media?parent=14987"}],"curies":[{"name":"wp","href":"https:\/\/api.w.org\/{rel}","templated":true}]}}