{"id":14503,"date":"2019-09-03T07:23:32","date_gmt":"2019-09-03T07:23:32","guid":{"rendered":"https:\/\/www.apen.es\/?page_id=14503"},"modified":"2025-03-31T07:09:30","modified_gmt":"2025-03-31T07:09:30","slug":"computer-maintenance-canet-de-mar","status":"publish","type":"page","link":"https:\/\/www.apen.es\/en\/mantenimiento-informatico\/mantenimiento-informatico-canet-de-mar\/","title":{"rendered":"Computer maintenance in Canet de Mar"},"content":{"rendered":"<p>If you want your company&#039;s equipment to remain in perfect condition for a long time and operate at peak performance, it&#039;s best to hire specialized services from an expert company in the field.&nbsp;<strong>IT maintenance<\/strong>&nbsp;in&nbsp;<strong>Canet de Mar<\/strong>&nbsp;As Apen, we specialize in both computer maintenance and cybersecurity, so we can guarantee experienced and effective work on your equipment.<\/p>\n\n\n\n<p>You can enjoy many types of&nbsp;<strong>IT maintenance<\/strong>&nbsp;in&nbsp;<strong>Canet de Mar<\/strong>, From basic maintenance to comprehensive plans that include all the features we offer, we have a wide range of options. We also offer an intermediate option, designed for both SMEs without their own IT department and those looking to complement their existing one. We are a leading company in the IT services sector because we provide personalized attention and creative, specialized solutions tailored to market demands. At Apen, you can enjoy a variety of options, all designed to improve productivity, management, organization, IT equipment, cost savings, risk prevention, and more.<\/p>\n\n\n\n<p>With over 25 years of experience in the industry, we can offer you tailored printing solutions, such as the leasing of state-of-the-art multifunction printers. Enjoy a &quot;pay-per-copy&quot; service, meaning you only pay for the pages you print, as the equipment operates on a rental basis. We also offer the implementation of enterprise management software to unify all your company&#039;s departments, improving productivity, providing greater control over internal operations, enabling better decision-making, and more. In addition, we offer cloud solutions for secure data storage, backups, IT maintenance adapted to the specific needs of each business, and a specialized cybersecurity service to protect against viruses and cyberattacks.<\/p>\n\n\n\n<p>On our website you can find a description of each of our services and types of&nbsp;<strong>IT maintenance<\/strong>&nbsp;in&nbsp;<strong>Canet de Mar<\/strong>, You can also follow all the news and articles we publish weekly on our blog, where you can stay up to date on all the latest developments related to the IT sector and new technologies.<\/p>\n\n\n\n<p>If you&#039;re looking for professional IT support or want to improve and complement your existing service, don&#039;t hesitate to contact us. At Apen, we&#039;ll provide expert advice and assistance, offering solutions designed specifically for your SME that can evolve and adapt to your company&#039;s changes, such as...&nbsp;<strong>IT maintenance<\/strong>&nbsp;in&nbsp;<strong>Canet de Mar<\/strong>.<\/p>","protected":false},"excerpt":{"rendered":"<p>Si quieres que los equipos de tu empresa se mantengan en perfecto estado durante mucho tiempo y funcionen a pleno rendimiento, lo mejor es contratar servicios especializados de una empresa experta en&nbsp;mantenimiento inform\u00e1tico&nbsp;en&nbsp;Canet de Mar&nbsp;como Apen. Somos especialistas tanto en el mantenimiento inform\u00e1tico como en la seguridad inform\u00e1tica, por lo que podemos garantizarte un trabajo&#8230;<\/p>","protected":false},"author":4,"featured_media":0,"parent":1357,"menu_order":0,"comment_status":"closed","ping_status":"closed","template":"page-servicio-informatico.php","meta":{"_acf_changed":false,"_kad_blocks_custom_css":"","_kad_blocks_head_custom_js":"","_kad_blocks_body_custom_js":"","_kad_blocks_footer_custom_js":"","_kad_post_transparent":"","_kad_post_title":"","_kad_post_layout":"","_kad_post_sidebar_id":"","_kad_post_content_style":"","_kad_post_vertical_padding":"","_kad_post_feature":"","_kad_post_feature_position":"","_kad_post_header":false,"_kad_post_footer":false,"_kad_post_classname":"","footnotes":""},"class_list":["post-14503","page","type-page","status-publish","hentry"],"acf":[],"yoast_head":"<!-- This site is optimized with the Yoast SEO plugin v27.4 - https:\/\/yoast.com\/product\/yoast-seo-wordpress\/ -->\n<title>Mantenimiento inform\u00e1tico Canet de Mar - Apen Inform\u00e1tica<\/title>\n<meta name=\"description\" content=\"Servicio de mantenimiento inform\u00e1tico para empresas en Canet de Mar. Mantenimiento de ordenadores y servidores. Ll\u00e1manos al 938 606 220 sin compromiso.\" \/>\n<meta name=\"robots\" content=\"index, follow, max-snippet:-1, max-image-preview:large, max-video-preview:-1\" \/>\n<link rel=\"canonical\" href=\"https:\/\/www.apen.es\/en\/computer-maintenance\/computer-maintenance-canet-de-mar\/\" \/>\n<meta property=\"og:locale\" content=\"en_US\" \/>\n<meta property=\"og:type\" content=\"article\" \/>\n<meta property=\"og:title\" content=\"Mantenimiento inform\u00e1tico Canet de Mar - Apen Inform\u00e1tica\" \/>\n<meta property=\"og:description\" content=\"Servicio de mantenimiento inform\u00e1tico para empresas en Canet de Mar. Mantenimiento de ordenadores y servidores. Ll\u00e1manos al 938 606 220 sin compromiso.\" \/>\n<meta property=\"og:url\" content=\"https:\/\/www.apen.es\/en\/computer-maintenance\/computer-maintenance-canet-de-mar\/\" \/>\n<meta property=\"og:site_name\" content=\"Apen Inform\u00e1tica\" \/>\n<meta property=\"article:publisher\" content=\"https:\/\/www.facebook.com\/apensolucions\" \/>\n<meta property=\"article:modified_time\" content=\"2025-03-31T07:09:30+00:00\" \/>\n<meta property=\"og:image\" content=\"https:\/\/www.apen.es\/wp-content\/uploads\/2016\/05\/logo-apen-231x82-trasparent.png\" \/>\n\t<meta property=\"og:image:width\" content=\"231\" \/>\n\t<meta property=\"og:image:height\" content=\"82\" \/>\n\t<meta property=\"og:image:type\" content=\"image\/png\" \/>\n<meta name=\"twitter:card\" content=\"summary_large_image\" \/>\n<meta name=\"twitter:label1\" content=\"Est. reading time\" \/>\n\t<meta name=\"twitter:data1\" content=\"10 minutes\" \/>\n<script type=\"application\/ld+json\" class=\"yoast-schema-graph\">{\"@context\":\"https:\\\/\\\/schema.org\",\"@graph\":[{\"@type\":\"WebPage\",\"@id\":\"https:\\\/\\\/www.apen.es\\\/mantenimiento-informatico\\\/mantenimiento-informatico-canet-de-mar\\\/\",\"url\":\"https:\\\/\\\/www.apen.es\\\/mantenimiento-informatico\\\/mantenimiento-informatico-canet-de-mar\\\/\",\"name\":\"Mantenimiento inform\u00e1tico Canet de Mar - Apen Inform\u00e1tica\",\"isPartOf\":{\"@id\":\"https:\\\/\\\/www.apen.es\\\/#website\"},\"datePublished\":\"2019-09-03T07:23:32+00:00\",\"dateModified\":\"2025-03-31T07:09:30+00:00\",\"description\":\"Servicio de mantenimiento inform\u00e1tico para empresas en Canet de Mar. Mantenimiento de ordenadores y servidores. Ll\u00e1manos al 938 606 220 sin compromiso.\",\"breadcrumb\":{\"@id\":\"https:\\\/\\\/www.apen.es\\\/mantenimiento-informatico\\\/mantenimiento-informatico-canet-de-mar\\\/#breadcrumb\"},\"inLanguage\":\"en-US\",\"potentialAction\":[{\"@type\":\"ReadAction\",\"target\":[\"https:\\\/\\\/www.apen.es\\\/mantenimiento-informatico\\\/mantenimiento-informatico-canet-de-mar\\\/\"]}]},{\"@type\":\"BreadcrumbList\",\"@id\":\"https:\\\/\\\/www.apen.es\\\/mantenimiento-informatico\\\/mantenimiento-informatico-canet-de-mar\\\/#breadcrumb\",\"itemListElement\":[{\"@type\":\"ListItem\",\"position\":1,\"name\":\"Portada\",\"item\":\"https:\\\/\\\/www.apen.es\\\/\"},{\"@type\":\"ListItem\",\"position\":2,\"name\":\"Mantenimiento inform\u00e1tico\",\"item\":\"https:\\\/\\\/www.apen.es\\\/mantenimiento-informatico\\\/\"},{\"@type\":\"ListItem\",\"position\":3,\"name\":\"Mantenimiento inform\u00e1tico Canet de Mar\"}]},{\"@type\":\"WebSite\",\"@id\":\"https:\\\/\\\/www.apen.es\\\/#website\",\"url\":\"https:\\\/\\\/www.apen.es\\\/\",\"name\":\"Apen Inform\u00e1tica\",\"description\":\"Mantenimiento Inform\u00e1tico , Software de Gesti\u00f3n, Soluciones de impresi\u00f3n\",\"publisher\":{\"@id\":\"https:\\\/\\\/www.apen.es\\\/#organization\"},\"potentialAction\":[{\"@type\":\"SearchAction\",\"target\":{\"@type\":\"EntryPoint\",\"urlTemplate\":\"https:\\\/\\\/www.apen.es\\\/?s={search_term_string}\"},\"query-input\":{\"@type\":\"PropertyValueSpecification\",\"valueRequired\":true,\"valueName\":\"search_term_string\"}}],\"inLanguage\":\"en-US\"},{\"@type\":\"Organization\",\"@id\":\"https:\\\/\\\/www.apen.es\\\/#organization\",\"name\":\"Apen: Soluciones inform\u00e1ticas\",\"url\":\"https:\\\/\\\/www.apen.es\\\/\",\"logo\":{\"@type\":\"ImageObject\",\"inLanguage\":\"en-US\",\"@id\":\"https:\\\/\\\/www.apen.es\\\/#\\\/schema\\\/logo\\\/image\\\/\",\"url\":\"https:\\\/\\\/www.apen.es\\\/wp-content\\\/uploads\\\/2022\\\/08\\\/logo-apenok-231x82-1.png\",\"contentUrl\":\"https:\\\/\\\/www.apen.es\\\/wp-content\\\/uploads\\\/2022\\\/08\\\/logo-apenok-231x82-1.png\",\"width\":231,\"height\":82,\"caption\":\"Apen: Soluciones inform\u00e1ticas\"},\"image\":{\"@id\":\"https:\\\/\\\/www.apen.es\\\/#\\\/schema\\\/logo\\\/image\\\/\"},\"sameAs\":[\"https:\\\/\\\/www.facebook.com\\\/apensolucions\",\"https:\\\/\\\/www.youtube.com\\\/user\\\/ApenCentreInformatic\",\"https:\\\/\\\/www.linkedin.com\\\/company\\\/1021771?trk=tyah&trkInfo=clickedVerticalcompanyclickedEntityId1021771idx2-1-2tarId1464195271196tasapenin\"]}]}<\/script>\n<!-- \/ Yoast SEO plugin. -->","yoast_head_json":{"title":"Computer Maintenance in Canet de Mar - Apen Inform\u00e1tica","description":"IT maintenance service for businesses in Canet de Mar. Computer and server maintenance. Call us at 938 606 220 for a free consultation.","robots":{"index":"index","follow":"follow","max-snippet":"max-snippet:-1","max-image-preview":"max-image-preview:large","max-video-preview":"max-video-preview:-1"},"canonical":"https:\/\/www.apen.es\/en\/computer-maintenance\/computer-maintenance-canet-de-mar\/","og_locale":"en_US","og_type":"article","og_title":"Mantenimiento inform\u00e1tico Canet de Mar - Apen Inform\u00e1tica","og_description":"Servicio de mantenimiento inform\u00e1tico para empresas en Canet de Mar. Mantenimiento de ordenadores y servidores. Ll\u00e1manos al 938 606 220 sin compromiso.","og_url":"https:\/\/www.apen.es\/en\/computer-maintenance\/computer-maintenance-canet-de-mar\/","og_site_name":"Apen Inform\u00e1tica","article_publisher":"https:\/\/www.facebook.com\/apensolucions","article_modified_time":"2025-03-31T07:09:30+00:00","og_image":[{"width":231,"height":82,"url":"https:\/\/www.apen.es\/wp-content\/uploads\/2016\/05\/logo-apen-231x82-trasparent.png","type":"image\/png"}],"twitter_card":"summary_large_image","twitter_misc":{"Est. reading time":"10 minutes"},"schema":{"@context":"https:\/\/schema.org","@graph":[{"@type":"WebPage","@id":"https:\/\/www.apen.es\/mantenimiento-informatico\/mantenimiento-informatico-canet-de-mar\/","url":"https:\/\/www.apen.es\/mantenimiento-informatico\/mantenimiento-informatico-canet-de-mar\/","name":"Computer Maintenance in Canet de Mar - Apen Inform\u00e1tica","isPartOf":{"@id":"https:\/\/www.apen.es\/#website"},"datePublished":"2019-09-03T07:23:32+00:00","dateModified":"2025-03-31T07:09:30+00:00","description":"IT maintenance service for businesses in Canet de Mar. Computer and server maintenance. Call us at 938 606 220 for a free consultation.","breadcrumb":{"@id":"https:\/\/www.apen.es\/mantenimiento-informatico\/mantenimiento-informatico-canet-de-mar\/#breadcrumb"},"inLanguage":"en-US","potentialAction":[{"@type":"ReadAction","target":["https:\/\/www.apen.es\/mantenimiento-informatico\/mantenimiento-informatico-canet-de-mar\/"]}]},{"@type":"BreadcrumbList","@id":"https:\/\/www.apen.es\/mantenimiento-informatico\/mantenimiento-informatico-canet-de-mar\/#breadcrumb","itemListElement":[{"@type":"ListItem","position":1,"name":"Portada","item":"https:\/\/www.apen.es\/"},{"@type":"ListItem","position":2,"name":"Mantenimiento inform\u00e1tico","item":"https:\/\/www.apen.es\/mantenimiento-informatico\/"},{"@type":"ListItem","position":3,"name":"Mantenimiento inform\u00e1tico Canet de Mar"}]},{"@type":"WebSite","@id":"https:\/\/www.apen.es\/#website","url":"https:\/\/www.apen.es\/","name":"Apen Inform\u00e1tica","description":"IT Maintenance, Management Software, Printing Solutions","publisher":{"@id":"https:\/\/www.apen.es\/#organization"},"potentialAction":[{"@type":"SearchAction","target":{"@type":"EntryPoint","urlTemplate":"https:\/\/www.apen.es\/?s={search_term_string}"},"query-input":{"@type":"PropertyValueSpecification","valueRequired":true,"valueName":"search_term_string"}}],"inLanguage":"en-US"},{"@type":"Organization","@id":"https:\/\/www.apen.es\/#organization","name":"Apen: IT Solutions","url":"https:\/\/www.apen.es\/","logo":{"@type":"ImageObject","inLanguage":"en-US","@id":"https:\/\/www.apen.es\/#\/schema\/logo\/image\/","url":"https:\/\/www.apen.es\/wp-content\/uploads\/2022\/08\/logo-apenok-231x82-1.png","contentUrl":"https:\/\/www.apen.es\/wp-content\/uploads\/2022\/08\/logo-apenok-231x82-1.png","width":231,"height":82,"caption":"Apen: Soluciones inform\u00e1ticas"},"image":{"@id":"https:\/\/www.apen.es\/#\/schema\/logo\/image\/"},"sameAs":["https:\/\/www.facebook.com\/apensolucions","https:\/\/www.youtube.com\/user\/ApenCentreInformatic","https:\/\/www.linkedin.com\/company\/1021771?trk=tyah&trkInfo=clickedVerticalcompanyclickedEntityId1021771idx2-1-2tarId1464195271196tasapenin"]}]}},"taxonomy_info":[],"featured_image_src_large":false,"author_info":{"display_name":"marqueting","author_link":"https:\/\/www.apen.es\/en\/blog\/author\/marqueting\/"},"comment_info":0,"_links":{"self":[{"href":"https:\/\/www.apen.es\/en\/wp-json\/wp\/v2\/pages\/14503","targetHints":{"allow":["GET"]}}],"collection":[{"href":"https:\/\/www.apen.es\/en\/wp-json\/wp\/v2\/pages"}],"about":[{"href":"https:\/\/www.apen.es\/en\/wp-json\/wp\/v2\/types\/page"}],"author":[{"embeddable":true,"href":"https:\/\/www.apen.es\/en\/wp-json\/wp\/v2\/users\/4"}],"replies":[{"embeddable":true,"href":"https:\/\/www.apen.es\/en\/wp-json\/wp\/v2\/comments?post=14503"}],"version-history":[{"count":2,"href":"https:\/\/www.apen.es\/en\/wp-json\/wp\/v2\/pages\/14503\/revisions"}],"predecessor-version":[{"id":54598,"href":"https:\/\/www.apen.es\/en\/wp-json\/wp\/v2\/pages\/14503\/revisions\/54598"}],"up":[{"embeddable":true,"href":"https:\/\/www.apen.es\/en\/wp-json\/wp\/v2\/pages\/1357"}],"wp:attachment":[{"href":"https:\/\/www.apen.es\/en\/wp-json\/wp\/v2\/media?parent=14503"}],"curies":[{"name":"wp","href":"https:\/\/api.w.org\/{rel}","templated":true}]}}