{"id":14470,"date":"2019-09-02T08:11:16","date_gmt":"2019-09-02T08:11:16","guid":{"rendered":"https:\/\/www.apen.es\/?page_id=14470"},"modified":"2025-03-31T06:23:39","modified_gmt":"2025-03-31T06:23:39","slug":"computer-maintenance-arenys-de-munt","status":"publish","type":"page","link":"https:\/\/www.apen.es\/en\/mantenimiento-informatico\/mantenimiento-informatico-arenys-de-munt\/","title":{"rendered":"Computer maintenance Arenys de Munt"},"content":{"rendered":"<p>Enjoy the best&nbsp;<strong>IT maintenance<\/strong>&nbsp;in&nbsp;<strong>Arenys de Munt&nbsp;<\/strong>Thanks to Apen. We offer specialized technical service, capable of resolving any issues related to IT maintenance and security, as well as proposing various ways to improve your company&#039;s IT system and business management. Our main goal is to be the ideal tool for SMEs, improving all aspects related to their IT systems and management. You&#039;ll find experts in security and&nbsp;<strong>IT maintenance<\/strong>&nbsp;in&nbsp;<strong>Arenys de Munt<\/strong>, the possibility of implementing ERP software with which you can unify all areas of your company in a single program and improve business management, customized printing solutions with state-of-the-art printers, etc.<\/p>\n\n\n\n<p>At Apen, with over 25 years of experience in the sector, we can offer you customized IT maintenance proposals to adapt the service to your company&#039;s specific needs. You can choose from three types of&nbsp;<strong>IT maintenance<\/strong>&nbsp;in&nbsp;<strong>Arenys de Munt<\/strong>. Three different options with various features to suit different types of customers, ranging from the most basic to the most complete.<\/p>\n\n\n\n<p>Basic Maintenance; For essential and basic maintenance, designed for companies that want a service of this type.<\/p>\n\n\n\n<p>Maintenance Outsourcing; Which offers clients a highly qualified technical service, designed for SMEs that do not have their own IT department or need technical support to complement their own.<\/p>\n\n\n\n<p>Premium Maintenance; This service offers high-quality IT maintenance based on system monitoring, prevention, and expertise, designed to reduce risks and unnecessary expenses while maximizing the benefits of this service. It includes three distinct packages that can be adapted and evolved at the same pace as your business.<\/p>\n\n\n\n<p>At Apen, you can access comprehensive and customized solutions that will allow you to enjoy a professional, efficient, and evolving service from day one, providing numerous advantages for your company. We want you to reap all the benefits by leveraging the useful tools we offer and working in a computerized environment. You can learn more about our company and each of our services by visiting our website. There, you can also see success stories from companies that have chosen us to improve their performance, productivity, brand image, sales, and business management thanks to our services, which are not only based on...&nbsp;<strong>IT maintenance<\/strong>&nbsp;in&nbsp;<strong>Arenys de Munt<\/strong>, but you can also find printing solutions, systems and cloud services, cybersecurity and business management software.<\/p>","protected":false},"excerpt":{"rendered":"<p>Disfruta del mejor&nbsp;mantenimiento inform\u00e1tico&nbsp;en&nbsp;Arenys de Munt&nbsp;gracias a Apen. Te ofrecemos un servicio t\u00e9cnico especializado, capaz de resolver cualquier anomal\u00eda relacionada con el mantenimiento y la seguridad inform\u00e1tica, adem\u00e1s de proponer diversas formas de mejorar el sistema inform\u00e1tico de la empresa y la gesti\u00f3n empresarial. Nuestro mayor objetivo es ser la herramienta ideal para las PYMES,&#8230;<\/p>","protected":false},"author":4,"featured_media":0,"parent":1357,"menu_order":0,"comment_status":"closed","ping_status":"closed","template":"page-servicio-informatico.php","meta":{"_acf_changed":false,"_kad_blocks_custom_css":"","_kad_blocks_head_custom_js":"","_kad_blocks_body_custom_js":"","_kad_blocks_footer_custom_js":"","_kad_post_transparent":"","_kad_post_title":"","_kad_post_layout":"","_kad_post_sidebar_id":"","_kad_post_content_style":"","_kad_post_vertical_padding":"","_kad_post_feature":"","_kad_post_feature_position":"","_kad_post_header":false,"_kad_post_footer":false,"_kad_post_classname":"","footnotes":""},"class_list":["post-14470","page","type-page","status-publish","hentry"],"acf":[],"yoast_head":"<!-- This site is optimized with the Yoast SEO plugin v27.4 - https:\/\/yoast.com\/product\/yoast-seo-wordpress\/ -->\n<title>Mantenimiento inform\u00e1tico Arenys de Munt - Apen Inform\u00e1tica<\/title>\n<meta name=\"description\" content=\"Servicio de mantenimiento inform\u00e1tico para empresas en Arenys de Munt. Mantenimiento de ordenadores y servidores. Ofrecemos tarifas adaptada.\" \/>\n<meta name=\"robots\" content=\"index, follow, max-snippet:-1, max-image-preview:large, max-video-preview:-1\" \/>\n<link rel=\"canonical\" href=\"https:\/\/www.apen.es\/en\/computer-maintenance\/computer-maintenance-arenys-de-munt\/\" \/>\n<meta property=\"og:locale\" content=\"en_US\" \/>\n<meta property=\"og:type\" content=\"article\" \/>\n<meta property=\"og:title\" content=\"Mantenimiento inform\u00e1tico Arenys de Munt - Apen Inform\u00e1tica\" \/>\n<meta property=\"og:description\" content=\"Servicio de mantenimiento inform\u00e1tico para empresas en Arenys de Munt. Mantenimiento de ordenadores y servidores. Ofrecemos tarifas adaptada.\" \/>\n<meta property=\"og:url\" content=\"https:\/\/www.apen.es\/en\/computer-maintenance\/computer-maintenance-arenys-de-munt\/\" \/>\n<meta property=\"og:site_name\" content=\"Apen Inform\u00e1tica\" \/>\n<meta property=\"article:publisher\" content=\"https:\/\/www.facebook.com\/apensolucions\" \/>\n<meta property=\"article:modified_time\" content=\"2025-03-31T06:23:39+00:00\" \/>\n<meta property=\"og:image\" content=\"https:\/\/www.apen.es\/wp-content\/uploads\/2016\/05\/logo-apen-231x82-trasparent.png\" \/>\n\t<meta property=\"og:image:width\" content=\"231\" \/>\n\t<meta property=\"og:image:height\" content=\"82\" \/>\n\t<meta property=\"og:image:type\" content=\"image\/png\" \/>\n<meta name=\"twitter:card\" content=\"summary_large_image\" \/>\n<meta name=\"twitter:label1\" content=\"Est. reading time\" \/>\n\t<meta name=\"twitter:data1\" content=\"10 minutes\" \/>\n<script type=\"application\/ld+json\" class=\"yoast-schema-graph\">{\"@context\":\"https:\\\/\\\/schema.org\",\"@graph\":[{\"@type\":\"WebPage\",\"@id\":\"https:\\\/\\\/www.apen.es\\\/mantenimiento-informatico\\\/mantenimiento-informatico-arenys-de-munt\\\/\",\"url\":\"https:\\\/\\\/www.apen.es\\\/mantenimiento-informatico\\\/mantenimiento-informatico-arenys-de-munt\\\/\",\"name\":\"Mantenimiento inform\u00e1tico Arenys de Munt - Apen Inform\u00e1tica\",\"isPartOf\":{\"@id\":\"https:\\\/\\\/www.apen.es\\\/#website\"},\"datePublished\":\"2019-09-02T08:11:16+00:00\",\"dateModified\":\"2025-03-31T06:23:39+00:00\",\"description\":\"Servicio de mantenimiento inform\u00e1tico para empresas en Arenys de Munt. Mantenimiento de ordenadores y servidores. Ofrecemos tarifas adaptada.\",\"breadcrumb\":{\"@id\":\"https:\\\/\\\/www.apen.es\\\/mantenimiento-informatico\\\/mantenimiento-informatico-arenys-de-munt\\\/#breadcrumb\"},\"inLanguage\":\"en-US\",\"potentialAction\":[{\"@type\":\"ReadAction\",\"target\":[\"https:\\\/\\\/www.apen.es\\\/mantenimiento-informatico\\\/mantenimiento-informatico-arenys-de-munt\\\/\"]}]},{\"@type\":\"BreadcrumbList\",\"@id\":\"https:\\\/\\\/www.apen.es\\\/mantenimiento-informatico\\\/mantenimiento-informatico-arenys-de-munt\\\/#breadcrumb\",\"itemListElement\":[{\"@type\":\"ListItem\",\"position\":1,\"name\":\"Portada\",\"item\":\"https:\\\/\\\/www.apen.es\\\/\"},{\"@type\":\"ListItem\",\"position\":2,\"name\":\"Mantenimiento inform\u00e1tico\",\"item\":\"https:\\\/\\\/www.apen.es\\\/mantenimiento-informatico\\\/\"},{\"@type\":\"ListItem\",\"position\":3,\"name\":\"Mantenimiento inform\u00e1tico Arenys de Munt\"}]},{\"@type\":\"WebSite\",\"@id\":\"https:\\\/\\\/www.apen.es\\\/#website\",\"url\":\"https:\\\/\\\/www.apen.es\\\/\",\"name\":\"Apen Inform\u00e1tica\",\"description\":\"Mantenimiento Inform\u00e1tico , Software de Gesti\u00f3n, Soluciones de impresi\u00f3n\",\"publisher\":{\"@id\":\"https:\\\/\\\/www.apen.es\\\/#organization\"},\"potentialAction\":[{\"@type\":\"SearchAction\",\"target\":{\"@type\":\"EntryPoint\",\"urlTemplate\":\"https:\\\/\\\/www.apen.es\\\/?s={search_term_string}\"},\"query-input\":{\"@type\":\"PropertyValueSpecification\",\"valueRequired\":true,\"valueName\":\"search_term_string\"}}],\"inLanguage\":\"en-US\"},{\"@type\":\"Organization\",\"@id\":\"https:\\\/\\\/www.apen.es\\\/#organization\",\"name\":\"Apen: Soluciones inform\u00e1ticas\",\"url\":\"https:\\\/\\\/www.apen.es\\\/\",\"logo\":{\"@type\":\"ImageObject\",\"inLanguage\":\"en-US\",\"@id\":\"https:\\\/\\\/www.apen.es\\\/#\\\/schema\\\/logo\\\/image\\\/\",\"url\":\"https:\\\/\\\/www.apen.es\\\/wp-content\\\/uploads\\\/2022\\\/08\\\/logo-apenok-231x82-1.png\",\"contentUrl\":\"https:\\\/\\\/www.apen.es\\\/wp-content\\\/uploads\\\/2022\\\/08\\\/logo-apenok-231x82-1.png\",\"width\":231,\"height\":82,\"caption\":\"Apen: Soluciones inform\u00e1ticas\"},\"image\":{\"@id\":\"https:\\\/\\\/www.apen.es\\\/#\\\/schema\\\/logo\\\/image\\\/\"},\"sameAs\":[\"https:\\\/\\\/www.facebook.com\\\/apensolucions\",\"https:\\\/\\\/www.youtube.com\\\/user\\\/ApenCentreInformatic\",\"https:\\\/\\\/www.linkedin.com\\\/company\\\/1021771?trk=tyah&trkInfo=clickedVerticalcompanyclickedEntityId1021771idx2-1-2tarId1464195271196tasapenin\"]}]}<\/script>\n<!-- \/ Yoast SEO plugin. -->","yoast_head_json":{"title":"Computer maintenance in Arenys de Munt - Apen Inform\u00e1tica","description":"IT maintenance service for businesses in Arenys de Munt. Computer and server maintenance. We offer customized rates.","robots":{"index":"index","follow":"follow","max-snippet":"max-snippet:-1","max-image-preview":"max-image-preview:large","max-video-preview":"max-video-preview:-1"},"canonical":"https:\/\/www.apen.es\/en\/computer-maintenance\/computer-maintenance-arenys-de-munt\/","og_locale":"en_US","og_type":"article","og_title":"Mantenimiento inform\u00e1tico Arenys de Munt - Apen Inform\u00e1tica","og_description":"Servicio de mantenimiento inform\u00e1tico para empresas en Arenys de Munt. Mantenimiento de ordenadores y servidores. Ofrecemos tarifas adaptada.","og_url":"https:\/\/www.apen.es\/en\/computer-maintenance\/computer-maintenance-arenys-de-munt\/","og_site_name":"Apen Inform\u00e1tica","article_publisher":"https:\/\/www.facebook.com\/apensolucions","article_modified_time":"2025-03-31T06:23:39+00:00","og_image":[{"width":231,"height":82,"url":"https:\/\/www.apen.es\/wp-content\/uploads\/2016\/05\/logo-apen-231x82-trasparent.png","type":"image\/png"}],"twitter_card":"summary_large_image","twitter_misc":{"Est. reading time":"10 minutes"},"schema":{"@context":"https:\/\/schema.org","@graph":[{"@type":"WebPage","@id":"https:\/\/www.apen.es\/mantenimiento-informatico\/mantenimiento-informatico-arenys-de-munt\/","url":"https:\/\/www.apen.es\/mantenimiento-informatico\/mantenimiento-informatico-arenys-de-munt\/","name":"Computer maintenance in Arenys de Munt - Apen Inform\u00e1tica","isPartOf":{"@id":"https:\/\/www.apen.es\/#website"},"datePublished":"2019-09-02T08:11:16+00:00","dateModified":"2025-03-31T06:23:39+00:00","description":"IT maintenance service for businesses in Arenys de Munt. Computer and server maintenance. We offer customized rates.","breadcrumb":{"@id":"https:\/\/www.apen.es\/mantenimiento-informatico\/mantenimiento-informatico-arenys-de-munt\/#breadcrumb"},"inLanguage":"en-US","potentialAction":[{"@type":"ReadAction","target":["https:\/\/www.apen.es\/mantenimiento-informatico\/mantenimiento-informatico-arenys-de-munt\/"]}]},{"@type":"BreadcrumbList","@id":"https:\/\/www.apen.es\/mantenimiento-informatico\/mantenimiento-informatico-arenys-de-munt\/#breadcrumb","itemListElement":[{"@type":"ListItem","position":1,"name":"Portada","item":"https:\/\/www.apen.es\/"},{"@type":"ListItem","position":2,"name":"Mantenimiento inform\u00e1tico","item":"https:\/\/www.apen.es\/mantenimiento-informatico\/"},{"@type":"ListItem","position":3,"name":"Mantenimiento inform\u00e1tico Arenys de Munt"}]},{"@type":"WebSite","@id":"https:\/\/www.apen.es\/#website","url":"https:\/\/www.apen.es\/","name":"Apen Inform\u00e1tica","description":"IT Maintenance, Management Software, Printing Solutions","publisher":{"@id":"https:\/\/www.apen.es\/#organization"},"potentialAction":[{"@type":"SearchAction","target":{"@type":"EntryPoint","urlTemplate":"https:\/\/www.apen.es\/?s={search_term_string}"},"query-input":{"@type":"PropertyValueSpecification","valueRequired":true,"valueName":"search_term_string"}}],"inLanguage":"en-US"},{"@type":"Organization","@id":"https:\/\/www.apen.es\/#organization","name":"Apen: IT Solutions","url":"https:\/\/www.apen.es\/","logo":{"@type":"ImageObject","inLanguage":"en-US","@id":"https:\/\/www.apen.es\/#\/schema\/logo\/image\/","url":"https:\/\/www.apen.es\/wp-content\/uploads\/2022\/08\/logo-apenok-231x82-1.png","contentUrl":"https:\/\/www.apen.es\/wp-content\/uploads\/2022\/08\/logo-apenok-231x82-1.png","width":231,"height":82,"caption":"Apen: Soluciones inform\u00e1ticas"},"image":{"@id":"https:\/\/www.apen.es\/#\/schema\/logo\/image\/"},"sameAs":["https:\/\/www.facebook.com\/apensolucions","https:\/\/www.youtube.com\/user\/ApenCentreInformatic","https:\/\/www.linkedin.com\/company\/1021771?trk=tyah&trkInfo=clickedVerticalcompanyclickedEntityId1021771idx2-1-2tarId1464195271196tasapenin"]}]}},"taxonomy_info":[],"featured_image_src_large":false,"author_info":{"display_name":"marqueting","author_link":"https:\/\/www.apen.es\/en\/blog\/author\/marqueting\/"},"comment_info":0,"_links":{"self":[{"href":"https:\/\/www.apen.es\/en\/wp-json\/wp\/v2\/pages\/14470","targetHints":{"allow":["GET"]}}],"collection":[{"href":"https:\/\/www.apen.es\/en\/wp-json\/wp\/v2\/pages"}],"about":[{"href":"https:\/\/www.apen.es\/en\/wp-json\/wp\/v2\/types\/page"}],"author":[{"embeddable":true,"href":"https:\/\/www.apen.es\/en\/wp-json\/wp\/v2\/users\/4"}],"replies":[{"embeddable":true,"href":"https:\/\/www.apen.es\/en\/wp-json\/wp\/v2\/comments?post=14470"}],"version-history":[{"count":2,"href":"https:\/\/www.apen.es\/en\/wp-json\/wp\/v2\/pages\/14470\/revisions"}],"predecessor-version":[{"id":54500,"href":"https:\/\/www.apen.es\/en\/wp-json\/wp\/v2\/pages\/14470\/revisions\/54500"}],"up":[{"embeddable":true,"href":"https:\/\/www.apen.es\/en\/wp-json\/wp\/v2\/pages\/1357"}],"wp:attachment":[{"href":"https:\/\/www.apen.es\/en\/wp-json\/wp\/v2\/media?parent=14470"}],"curies":[{"name":"wp","href":"https:\/\/api.w.org\/{rel}","templated":true}]}}