{"id":14412,"date":"2019-07-31T08:40:55","date_gmt":"2019-07-31T08:40:55","guid":{"rendered":"https:\/\/www.apen.es\/?page_id=14412"},"modified":"2025-07-14T10:53:13","modified_gmt":"2025-07-14T10:53:13","slug":"crm","status":"publish","type":"page","link":"https:\/\/www.apen.es\/en\/computer-glossary\/crm\/","title":{"rendered":"CRM"},"content":{"rendered":"<h2 class=\"wp-block-heading\">WHAT IS A CRM AND WHAT IS IT USED FOR?<\/h2>\n\n\n<div class=\"wp-block-image\">\n<figure class=\"alignleft is-resized\"><img loading=\"lazy\" decoding=\"async\" width=\"640\" height=\"426\" src=\"https:\/\/www.apen.es\/wp-content\/uploads\/2019\/07\/crm-glosario.png\" alt=\"\" class=\"wp-image-14437\" style=\"width:400px\" srcset=\"https:\/\/www.apen.es\/wp-content\/uploads\/2019\/07\/crm-glosario.png 640w, https:\/\/www.apen.es\/wp-content\/uploads\/2019\/07\/crm-glosario-300x200.png 300w\" sizes=\"auto, (max-width: 640px) 100vw, 640px\" \/><\/figure>\n<\/div>\n\n\n<p>CRM stands for Customer Relationship Management, which refers to putting the customer at the heart of the strategy using CRM software. This software helps customers choose one brand over another by storing all customer information and centralizing all customer-related activities.<\/p>\n\n\n\n<p>CRM is a term that has existed for a long time, but from its inception, it wasn&#039;t taken very seriously by companies, or worse, it was misinterpreted and reduced solely to activities like call centers. What truly changed the way we view customer relationship management was the technological advancement we have today, allowing us to understand the meaning of a CRM system, what CRM is, and the different types of CRM that exist.<\/p>\n\n\n\n<h2 class=\"wp-block-heading\">What is a CRM system?<\/h2>\n\n\n\n<p>It&#039;s a technological tool that supports the company&#039;s strategies. This software or system allows for tracking customers, enabling better segmentation.<br>Once you know the customer and their needs better, it will be much easier to offer them a product that fits their profile, achieving customer satisfaction and loyalty.<\/p>\n\n\n\n<h2 class=\"wp-block-heading\">How many types of CRM systems are there?<\/h2>\n\n\n\n<h3 class=\"wp-block-heading\">Operational<\/h3>\n\n\n\n<p>This type of CRM system focuses on using applications that help collect sets of customer information and then store it in a single file. For example, it will gather a customer&#039;s contact information, purchase history, and any previous communication they&#039;ve had with the company on a website so that employees can provide them with prompt service and responses tailored to their needs.<\/p>\n\n\n\n<h3 class=\"wp-block-heading\">Sales force automation<\/h3>\n\n\n\n<p>This CRM system will keep a record of each stage of the sales process, helping employees automate activities such as creating reports, scheduling calls, and sending emails.<\/p>\n\n\n\n<h3 class=\"wp-block-heading\">Analytical<\/h3>\n\n\n\n<p>Analytical systems will analyze customer data from an analytical perspective to develop sales and marketing strategies. Databases are analyzed, and then, using techniques such as data mining, patterns and trends are identified.<\/p>\n\n\n\n<h3 class=\"wp-block-heading\">Collaborative<\/h3>\n\n\n\n<p>Collaboration systems focus on integrating external contacts, such as suppliers and distributors. This allows customers to be proactive in improving the service they receive from the company by providing them with a support center, new tools, and technologies like instant messaging.<\/p>\n\n\n\n<h3 class=\"wp-block-heading\">Campaign Management<\/h3>\n\n\n\n<p>This is a combination of analytical and operational systems, as it can store, analyze, and track the company&#039;s various campaigns. It can also be effective for targeting specific customer types by sending emails, calling them, or using email marketing with special offers.<\/p>\n\n\n\n<h3 class=\"wp-block-heading\">Sales intelligence<\/h3>\n\n\n\n<p>This is similar to an analytics system, but it is used as a sales tool for employees who can observe sales trends and performance.<br>To determine which type of CRM system is right for your company, it&#039;s important to understand that this varies depending on the number of employees, the number of customers, the type of product, and the company&#039;s business model.<\/p>","protected":false},"excerpt":{"rendered":"<p>\u00bfQUE \u00c9S UN CRM Y PARA QU\u00c9 SIRVE? Las siglas del CRM significan Customer Relationship Management que en espa\u00f1ol vendr\u00eda a significar \u201cgesti\u00f3n de la relaci\u00f3n con los clientes\u201d, y hace referencia a poner al cliente en el centro de la estrategia utilizando el software CRM. Este software sirve para que los clientes prefieran una&#8230;<\/p>","protected":false},"author":4,"featured_media":0,"parent":6185,"menu_order":0,"comment_status":"closed","ping_status":"closed","template":"page-landing-glosario.php","meta":{"_acf_changed":false,"_kad_blocks_custom_css":"","_kad_blocks_head_custom_js":"","_kad_blocks_body_custom_js":"","_kad_blocks_footer_custom_js":"","_kad_post_transparent":"","_kad_post_title":"","_kad_post_layout":"","_kad_post_sidebar_id":"","_kad_post_content_style":"","_kad_post_vertical_padding":"","_kad_post_feature":"","_kad_post_feature_position":"","_kad_post_header":false,"_kad_post_footer":false,"_kad_post_classname":"","footnotes":""},"class_list":["post-14412","page","type-page","status-publish","hentry"],"acf":[],"yoast_head":"<!-- This site is optimized with the Yoast SEO plugin v27.4 - https:\/\/yoast.com\/product\/yoast-seo-wordpress\/ -->\n<title>CRM - Apen Inform\u00e1tica<\/title>\n<meta name=\"description\" content=\"Las siglas del CRM significan Customer Relationship Management que en espa\u00f1ol vendr\u00eda a significar \u201cgesti\u00f3n de la relaci\u00f3n con los clientes\u201d\u2026\" \/>\n<meta name=\"robots\" content=\"index, follow, max-snippet:-1, max-image-preview:large, max-video-preview:-1\" \/>\n<link rel=\"canonical\" href=\"https:\/\/www.apen.es\/en\/computer-glossary\/crm\/\" \/>\n<meta property=\"og:locale\" content=\"en_US\" \/>\n<meta property=\"og:type\" content=\"article\" \/>\n<meta property=\"og:title\" content=\"CRM - Apen Inform\u00e1tica\" \/>\n<meta property=\"og:description\" content=\"Las siglas del CRM significan Customer Relationship Management que en espa\u00f1ol vendr\u00eda a significar \u201cgesti\u00f3n de la relaci\u00f3n con los clientes\u201d\u2026\" \/>\n<meta property=\"og:url\" content=\"https:\/\/www.apen.es\/en\/computer-glossary\/crm\/\" \/>\n<meta property=\"og:site_name\" content=\"Apen Inform\u00e1tica\" \/>\n<meta property=\"article:publisher\" content=\"https:\/\/www.facebook.com\/apensolucions\" \/>\n<meta property=\"article:modified_time\" content=\"2025-07-14T10:53:13+00:00\" \/>\n<meta property=\"og:image\" content=\"https:\/\/www.apen.es\/wp-content\/uploads\/2019\/07\/crm-glosario.png\" \/>\n<meta name=\"twitter:card\" content=\"summary_large_image\" \/>\n<meta name=\"twitter:label1\" content=\"Est. reading time\" \/>\n\t<meta name=\"twitter:data1\" content=\"3 minutes\" \/>\n<script type=\"application\/ld+json\" class=\"yoast-schema-graph\">{\"@context\":\"https:\\\/\\\/schema.org\",\"@graph\":[{\"@type\":\"WebPage\",\"@id\":\"https:\\\/\\\/www.apen.es\\\/glosario-de-informatica\\\/crm\\\/\",\"url\":\"https:\\\/\\\/www.apen.es\\\/glosario-de-informatica\\\/crm\\\/\",\"name\":\"CRM - Apen Inform\u00e1tica\",\"isPartOf\":{\"@id\":\"https:\\\/\\\/www.apen.es\\\/#website\"},\"primaryImageOfPage\":{\"@id\":\"https:\\\/\\\/www.apen.es\\\/glosario-de-informatica\\\/crm\\\/#primaryimage\"},\"image\":{\"@id\":\"https:\\\/\\\/www.apen.es\\\/glosario-de-informatica\\\/crm\\\/#primaryimage\"},\"thumbnailUrl\":\"https:\\\/\\\/www.apen.es\\\/wp-content\\\/uploads\\\/2019\\\/07\\\/crm-glosario.png\",\"datePublished\":\"2019-07-31T08:40:55+00:00\",\"dateModified\":\"2025-07-14T10:53:13+00:00\",\"description\":\"Las siglas del CRM significan Customer Relationship Management que en espa\u00f1ol vendr\u00eda a significar \u201cgesti\u00f3n de la relaci\u00f3n con los clientes\u201d\u2026\",\"breadcrumb\":{\"@id\":\"https:\\\/\\\/www.apen.es\\\/glosario-de-informatica\\\/crm\\\/#breadcrumb\"},\"inLanguage\":\"en-US\",\"potentialAction\":[{\"@type\":\"ReadAction\",\"target\":[\"https:\\\/\\\/www.apen.es\\\/glosario-de-informatica\\\/crm\\\/\"]}]},{\"@type\":\"ImageObject\",\"inLanguage\":\"en-US\",\"@id\":\"https:\\\/\\\/www.apen.es\\\/glosario-de-informatica\\\/crm\\\/#primaryimage\",\"url\":\"https:\\\/\\\/www.apen.es\\\/wp-content\\\/uploads\\\/2019\\\/07\\\/crm-glosario.png\",\"contentUrl\":\"https:\\\/\\\/www.apen.es\\\/wp-content\\\/uploads\\\/2019\\\/07\\\/crm-glosario.png\"},{\"@type\":\"BreadcrumbList\",\"@id\":\"https:\\\/\\\/www.apen.es\\\/glosario-de-informatica\\\/crm\\\/#breadcrumb\",\"itemListElement\":[{\"@type\":\"ListItem\",\"position\":1,\"name\":\"Portada\",\"item\":\"https:\\\/\\\/www.apen.es\\\/\"},{\"@type\":\"ListItem\",\"position\":2,\"name\":\"Glosario de inform\u00e1tica\",\"item\":\"https:\\\/\\\/www.apen.es\\\/glosario-de-informatica\\\/\"},{\"@type\":\"ListItem\",\"position\":3,\"name\":\"CRM\"}]},{\"@type\":\"WebSite\",\"@id\":\"https:\\\/\\\/www.apen.es\\\/#website\",\"url\":\"https:\\\/\\\/www.apen.es\\\/\",\"name\":\"Apen Inform\u00e1tica\",\"description\":\"Mantenimiento Inform\u00e1tico , Software de Gesti\u00f3n, Soluciones de impresi\u00f3n\",\"publisher\":{\"@id\":\"https:\\\/\\\/www.apen.es\\\/#organization\"},\"potentialAction\":[{\"@type\":\"SearchAction\",\"target\":{\"@type\":\"EntryPoint\",\"urlTemplate\":\"https:\\\/\\\/www.apen.es\\\/?s={search_term_string}\"},\"query-input\":{\"@type\":\"PropertyValueSpecification\",\"valueRequired\":true,\"valueName\":\"search_term_string\"}}],\"inLanguage\":\"en-US\"},{\"@type\":\"Organization\",\"@id\":\"https:\\\/\\\/www.apen.es\\\/#organization\",\"name\":\"Apen: Soluciones inform\u00e1ticas\",\"url\":\"https:\\\/\\\/www.apen.es\\\/\",\"logo\":{\"@type\":\"ImageObject\",\"inLanguage\":\"en-US\",\"@id\":\"https:\\\/\\\/www.apen.es\\\/#\\\/schema\\\/logo\\\/image\\\/\",\"url\":\"https:\\\/\\\/www.apen.es\\\/wp-content\\\/uploads\\\/2022\\\/08\\\/logo-apenok-231x82-1.png\",\"contentUrl\":\"https:\\\/\\\/www.apen.es\\\/wp-content\\\/uploads\\\/2022\\\/08\\\/logo-apenok-231x82-1.png\",\"width\":231,\"height\":82,\"caption\":\"Apen: Soluciones inform\u00e1ticas\"},\"image\":{\"@id\":\"https:\\\/\\\/www.apen.es\\\/#\\\/schema\\\/logo\\\/image\\\/\"},\"sameAs\":[\"https:\\\/\\\/www.facebook.com\\\/apensolucions\",\"https:\\\/\\\/www.youtube.com\\\/user\\\/ApenCentreInformatic\",\"https:\\\/\\\/www.linkedin.com\\\/company\\\/1021771?trk=tyah&trkInfo=clickedVerticalcompanyclickedEntityId1021771idx2-1-2tarId1464195271196tasapenin\"]}]}<\/script>\n<!-- \/ Yoast SEO plugin. -->","yoast_head_json":{"title":"CRM - Apen Inform\u00e1tica","description":"Las siglas del CRM significan Customer Relationship Management que en espa\u00f1ol vendr\u00eda a significar \u201cgesti\u00f3n de la relaci\u00f3n con los clientes\u201d\u2026","robots":{"index":"index","follow":"follow","max-snippet":"max-snippet:-1","max-image-preview":"max-image-preview:large","max-video-preview":"max-video-preview:-1"},"canonical":"https:\/\/www.apen.es\/en\/computer-glossary\/crm\/","og_locale":"en_US","og_type":"article","og_title":"CRM - Apen Inform\u00e1tica","og_description":"Las siglas del CRM significan Customer Relationship Management que en espa\u00f1ol vendr\u00eda a significar \u201cgesti\u00f3n de la relaci\u00f3n con los clientes\u201d\u2026","og_url":"https:\/\/www.apen.es\/en\/computer-glossary\/crm\/","og_site_name":"Apen Inform\u00e1tica","article_publisher":"https:\/\/www.facebook.com\/apensolucions","article_modified_time":"2025-07-14T10:53:13+00:00","og_image":[{"url":"https:\/\/www.apen.es\/wp-content\/uploads\/2019\/07\/crm-glosario.png","type":"","width":"","height":""}],"twitter_card":"summary_large_image","twitter_misc":{"Est. reading time":"3 minutes"},"schema":{"@context":"https:\/\/schema.org","@graph":[{"@type":"WebPage","@id":"https:\/\/www.apen.es\/glosario-de-informatica\/crm\/","url":"https:\/\/www.apen.es\/glosario-de-informatica\/crm\/","name":"CRM - Apen Inform\u00e1tica","isPartOf":{"@id":"https:\/\/www.apen.es\/#website"},"primaryImageOfPage":{"@id":"https:\/\/www.apen.es\/glosario-de-informatica\/crm\/#primaryimage"},"image":{"@id":"https:\/\/www.apen.es\/glosario-de-informatica\/crm\/#primaryimage"},"thumbnailUrl":"https:\/\/www.apen.es\/wp-content\/uploads\/2019\/07\/crm-glosario.png","datePublished":"2019-07-31T08:40:55+00:00","dateModified":"2025-07-14T10:53:13+00:00","description":"Las siglas del CRM significan Customer Relationship Management que en espa\u00f1ol vendr\u00eda a significar \u201cgesti\u00f3n de la relaci\u00f3n con los clientes\u201d\u2026","breadcrumb":{"@id":"https:\/\/www.apen.es\/glosario-de-informatica\/crm\/#breadcrumb"},"inLanguage":"en-US","potentialAction":[{"@type":"ReadAction","target":["https:\/\/www.apen.es\/glosario-de-informatica\/crm\/"]}]},{"@type":"ImageObject","inLanguage":"en-US","@id":"https:\/\/www.apen.es\/glosario-de-informatica\/crm\/#primaryimage","url":"https:\/\/www.apen.es\/wp-content\/uploads\/2019\/07\/crm-glosario.png","contentUrl":"https:\/\/www.apen.es\/wp-content\/uploads\/2019\/07\/crm-glosario.png"},{"@type":"BreadcrumbList","@id":"https:\/\/www.apen.es\/glosario-de-informatica\/crm\/#breadcrumb","itemListElement":[{"@type":"ListItem","position":1,"name":"Portada","item":"https:\/\/www.apen.es\/"},{"@type":"ListItem","position":2,"name":"Glosario de inform\u00e1tica","item":"https:\/\/www.apen.es\/glosario-de-informatica\/"},{"@type":"ListItem","position":3,"name":"CRM"}]},{"@type":"WebSite","@id":"https:\/\/www.apen.es\/#website","url":"https:\/\/www.apen.es\/","name":"Apen Inform\u00e1tica","description":"IT Maintenance, Management Software, Printing Solutions","publisher":{"@id":"https:\/\/www.apen.es\/#organization"},"potentialAction":[{"@type":"SearchAction","target":{"@type":"EntryPoint","urlTemplate":"https:\/\/www.apen.es\/?s={search_term_string}"},"query-input":{"@type":"PropertyValueSpecification","valueRequired":true,"valueName":"search_term_string"}}],"inLanguage":"en-US"},{"@type":"Organization","@id":"https:\/\/www.apen.es\/#organization","name":"Apen: IT Solutions","url":"https:\/\/www.apen.es\/","logo":{"@type":"ImageObject","inLanguage":"en-US","@id":"https:\/\/www.apen.es\/#\/schema\/logo\/image\/","url":"https:\/\/www.apen.es\/wp-content\/uploads\/2022\/08\/logo-apenok-231x82-1.png","contentUrl":"https:\/\/www.apen.es\/wp-content\/uploads\/2022\/08\/logo-apenok-231x82-1.png","width":231,"height":82,"caption":"Apen: Soluciones inform\u00e1ticas"},"image":{"@id":"https:\/\/www.apen.es\/#\/schema\/logo\/image\/"},"sameAs":["https:\/\/www.facebook.com\/apensolucions","https:\/\/www.youtube.com\/user\/ApenCentreInformatic","https:\/\/www.linkedin.com\/company\/1021771?trk=tyah&trkInfo=clickedVerticalcompanyclickedEntityId1021771idx2-1-2tarId1464195271196tasapenin"]}]}},"taxonomy_info":[],"featured_image_src_large":false,"author_info":{"display_name":"marqueting","author_link":"https:\/\/www.apen.es\/en\/blog\/author\/marqueting\/"},"comment_info":0,"_links":{"self":[{"href":"https:\/\/www.apen.es\/en\/wp-json\/wp\/v2\/pages\/14412","targetHints":{"allow":["GET"]}}],"collection":[{"href":"https:\/\/www.apen.es\/en\/wp-json\/wp\/v2\/pages"}],"about":[{"href":"https:\/\/www.apen.es\/en\/wp-json\/wp\/v2\/types\/page"}],"author":[{"embeddable":true,"href":"https:\/\/www.apen.es\/en\/wp-json\/wp\/v2\/users\/4"}],"replies":[{"embeddable":true,"href":"https:\/\/www.apen.es\/en\/wp-json\/wp\/v2\/comments?post=14412"}],"version-history":[{"count":1,"href":"https:\/\/www.apen.es\/en\/wp-json\/wp\/v2\/pages\/14412\/revisions"}],"predecessor-version":[{"id":56550,"href":"https:\/\/www.apen.es\/en\/wp-json\/wp\/v2\/pages\/14412\/revisions\/56550"}],"up":[{"embeddable":true,"href":"https:\/\/www.apen.es\/en\/wp-json\/wp\/v2\/pages\/6185"}],"wp:attachment":[{"href":"https:\/\/www.apen.es\/en\/wp-json\/wp\/v2\/media?parent=14412"}],"curies":[{"name":"wp","href":"https:\/\/api.w.org\/{rel}","templated":true}]}}