{"id":13952,"date":"2019-05-21T16:15:14","date_gmt":"2019-05-21T16:15:14","guid":{"rendered":"https:\/\/www.apen.es\/?page_id=13952"},"modified":"2025-03-31T07:00:47","modified_gmt":"2025-03-31T07:00:47","slug":"computer-maintenance-in-les-franqueses-del-valles","status":"publish","type":"page","link":"https:\/\/www.apen.es\/en\/mantenimiento-informatico\/mantenimiento-informatico-les-franqueses-del-valles\/","title":{"rendered":"Computer maintenance Les Franqueses del Vall\u00e8s"},"content":{"rendered":"<p>At Apen, we are a company specializing in IT for over twenty-five years, but we especially focus on the&nbsp;<strong>IT maintenance in Les Franqueses del Vall\u00e8s<\/strong>&nbsp;and in surrounding cities, since throughout these years of experience we have acquired a large number of clients who endorse us as one of the best companies in the sector.<\/p>\n\n\n\n<p>At our company, we are deeply committed to providing a service that is fully tailored to our clients, personalized, efficient, professional, and most importantly, transparent, approachable, and long-lasting, so that you can truly enjoy our service.&nbsp;<strong>IT maintenance in Les Franqueses del Vall\u00e8s<\/strong>&nbsp;for as long as possible and whenever you need it.<\/p>\n\n\n\n<p>We have a strong technical team that is highly qualified and specialized in order to offer the best service.&nbsp;<strong>IT maintenance in Les Franqueses del Vall\u00e8s<\/strong>, Therefore, they must have extensive knowledge of topics such as malware detection and removal, equipment installation and configuration, ERP implementation, backups, antivirus installation, and ultimately, solving and helping you with everything related to your business&#039;s IT service, so that you don&#039;t have to worry about anything at all.<\/p>\n\n\n\n<p>Hiring a specialized IT company is&nbsp;&nbsp;<strong>IT maintenance in Les Franqueses del Vall\u00e8s<\/strong>, Our priority is to have quality equipment, such as secure and stable computer systems, which will always have preventive IT maintenance and will be protected from possible cyberattacks, which could cause the loss of all the data you store on these devices, which would cause a serious problem for your business, since nowadays, in practically all sectors, they have computer equipment where a lot of information is stored, such as customer and supplier data, company statistics and much more.<\/p>\n\n\n\n<p>Furthermore, with this service&nbsp;<strong>IT maintenance in Les Franqueses del Vall\u00e8s<\/strong>&nbsp;You will also be able to avoid problems such as lack of space, slow startup, and all kinds of system failures.<\/p>\n\n\n\n<p>We know that each of our clients is different, so we offer each one a unique, fully personalized service. For this reason, we have three different plans that will perfectly suit your type of business, such as Basic IT Maintenance, for smaller companies that don&#039;t need much; we also have Outsourcing Maintenance and Premium SPC (Support-Prevention-Corrective Maintenance), which is the most comprehensive and perfect for companies with a large number of computer systems.<\/p>","protected":false},"excerpt":{"rendered":"<p>Apen, somos una empresa especializada desde hace m\u00e1s de veinticinco a\u00f1os en la inform\u00e1tica pero especialmente nos centramos en el&nbsp;mantenimiento inform\u00e1tico en Les Franqueses del Vall\u00e8s&nbsp;y en ciudades del alrededor, ya que durante todos estos a\u00f1os de experiencia hemos conseguido una gran cantidad de clientes que nos avalan como una de las mejores empresas del&#8230;<\/p>","protected":false},"author":4,"featured_media":0,"parent":1357,"menu_order":0,"comment_status":"closed","ping_status":"closed","template":"page-servicio-informatico.php","meta":{"_acf_changed":false,"_kad_blocks_custom_css":"","_kad_blocks_head_custom_js":"","_kad_blocks_body_custom_js":"","_kad_blocks_footer_custom_js":"","_kad_post_transparent":"","_kad_post_title":"","_kad_post_layout":"","_kad_post_sidebar_id":"","_kad_post_content_style":"","_kad_post_vertical_padding":"","_kad_post_feature":"","_kad_post_feature_position":"","_kad_post_header":false,"_kad_post_footer":false,"_kad_post_classname":"","footnotes":""},"class_list":["post-13952","page","type-page","status-publish","hentry"],"acf":[],"yoast_head":"<!-- This site is optimized with the Yoast SEO plugin v27.4 - https:\/\/yoast.com\/product\/yoast-seo-wordpress\/ -->\n<title>Mantenimiento inform\u00e1tico Les Franqueses del Vall\u00e8s - Apen Inform\u00e1tica<\/title>\n<meta name=\"description\" content=\"Servicio de mantenimiento inform\u00e1tico para empresas en Les Franqueses del Vall\u00e8s. Mantenimiento de ordenadores y servidores. L\u00edderes en Barcelona.\" \/>\n<meta name=\"robots\" content=\"index, follow, max-snippet:-1, max-image-preview:large, max-video-preview:-1\" \/>\n<link rel=\"canonical\" href=\"https:\/\/www.apen.es\/en\/computer-maintenance\/computer-maintenance-in-les-franqueses-del-valles\/\" \/>\n<meta property=\"og:locale\" content=\"en_US\" \/>\n<meta property=\"og:type\" content=\"article\" \/>\n<meta property=\"og:title\" content=\"Mantenimiento inform\u00e1tico Les Franqueses del Vall\u00e8s - Apen Inform\u00e1tica\" \/>\n<meta property=\"og:description\" content=\"Servicio de mantenimiento inform\u00e1tico para empresas en Les Franqueses del Vall\u00e8s. Mantenimiento de ordenadores y servidores. L\u00edderes en Barcelona.\" \/>\n<meta property=\"og:url\" content=\"https:\/\/www.apen.es\/en\/computer-maintenance\/computer-maintenance-in-les-franqueses-del-valles\/\" \/>\n<meta property=\"og:site_name\" content=\"Apen Inform\u00e1tica\" \/>\n<meta property=\"article:publisher\" content=\"https:\/\/www.facebook.com\/apensolucions\" \/>\n<meta property=\"article:modified_time\" content=\"2025-03-31T07:00:47+00:00\" \/>\n<meta property=\"og:image\" content=\"https:\/\/www.apen.es\/wp-content\/uploads\/2016\/05\/logo-apen-231x82-trasparent.png\" \/>\n\t<meta property=\"og:image:width\" content=\"231\" \/>\n\t<meta property=\"og:image:height\" content=\"82\" \/>\n\t<meta property=\"og:image:type\" content=\"image\/png\" \/>\n<meta name=\"twitter:card\" content=\"summary_large_image\" \/>\n<meta name=\"twitter:label1\" content=\"Est. reading time\" \/>\n\t<meta name=\"twitter:data1\" content=\"10 minutes\" \/>\n<script type=\"application\/ld+json\" class=\"yoast-schema-graph\">{\"@context\":\"https:\\\/\\\/schema.org\",\"@graph\":[{\"@type\":\"WebPage\",\"@id\":\"https:\\\/\\\/www.apen.es\\\/mantenimiento-informatico\\\/mantenimiento-informatico-les-franqueses-del-valles\\\/\",\"url\":\"https:\\\/\\\/www.apen.es\\\/mantenimiento-informatico\\\/mantenimiento-informatico-les-franqueses-del-valles\\\/\",\"name\":\"Mantenimiento inform\u00e1tico Les Franqueses del Vall\u00e8s - Apen Inform\u00e1tica\",\"isPartOf\":{\"@id\":\"https:\\\/\\\/www.apen.es\\\/#website\"},\"datePublished\":\"2019-05-21T16:15:14+00:00\",\"dateModified\":\"2025-03-31T07:00:47+00:00\",\"description\":\"Servicio de mantenimiento inform\u00e1tico para empresas en Les Franqueses del Vall\u00e8s. Mantenimiento de ordenadores y servidores. L\u00edderes en Barcelona.\",\"breadcrumb\":{\"@id\":\"https:\\\/\\\/www.apen.es\\\/mantenimiento-informatico\\\/mantenimiento-informatico-les-franqueses-del-valles\\\/#breadcrumb\"},\"inLanguage\":\"en-US\",\"potentialAction\":[{\"@type\":\"ReadAction\",\"target\":[\"https:\\\/\\\/www.apen.es\\\/mantenimiento-informatico\\\/mantenimiento-informatico-les-franqueses-del-valles\\\/\"]}]},{\"@type\":\"BreadcrumbList\",\"@id\":\"https:\\\/\\\/www.apen.es\\\/mantenimiento-informatico\\\/mantenimiento-informatico-les-franqueses-del-valles\\\/#breadcrumb\",\"itemListElement\":[{\"@type\":\"ListItem\",\"position\":1,\"name\":\"Portada\",\"item\":\"https:\\\/\\\/www.apen.es\\\/\"},{\"@type\":\"ListItem\",\"position\":2,\"name\":\"Mantenimiento inform\u00e1tico\",\"item\":\"https:\\\/\\\/www.apen.es\\\/mantenimiento-informatico\\\/\"},{\"@type\":\"ListItem\",\"position\":3,\"name\":\"Mantenimiento inform\u00e1tico Les Franqueses del Vall\u00e8s\"}]},{\"@type\":\"WebSite\",\"@id\":\"https:\\\/\\\/www.apen.es\\\/#website\",\"url\":\"https:\\\/\\\/www.apen.es\\\/\",\"name\":\"Apen Inform\u00e1tica\",\"description\":\"Mantenimiento Inform\u00e1tico , Software de Gesti\u00f3n, Soluciones de impresi\u00f3n\",\"publisher\":{\"@id\":\"https:\\\/\\\/www.apen.es\\\/#organization\"},\"potentialAction\":[{\"@type\":\"SearchAction\",\"target\":{\"@type\":\"EntryPoint\",\"urlTemplate\":\"https:\\\/\\\/www.apen.es\\\/?s={search_term_string}\"},\"query-input\":{\"@type\":\"PropertyValueSpecification\",\"valueRequired\":true,\"valueName\":\"search_term_string\"}}],\"inLanguage\":\"en-US\"},{\"@type\":\"Organization\",\"@id\":\"https:\\\/\\\/www.apen.es\\\/#organization\",\"name\":\"Apen: Soluciones inform\u00e1ticas\",\"url\":\"https:\\\/\\\/www.apen.es\\\/\",\"logo\":{\"@type\":\"ImageObject\",\"inLanguage\":\"en-US\",\"@id\":\"https:\\\/\\\/www.apen.es\\\/#\\\/schema\\\/logo\\\/image\\\/\",\"url\":\"https:\\\/\\\/www.apen.es\\\/wp-content\\\/uploads\\\/2022\\\/08\\\/logo-apenok-231x82-1.png\",\"contentUrl\":\"https:\\\/\\\/www.apen.es\\\/wp-content\\\/uploads\\\/2022\\\/08\\\/logo-apenok-231x82-1.png\",\"width\":231,\"height\":82,\"caption\":\"Apen: Soluciones inform\u00e1ticas\"},\"image\":{\"@id\":\"https:\\\/\\\/www.apen.es\\\/#\\\/schema\\\/logo\\\/image\\\/\"},\"sameAs\":[\"https:\\\/\\\/www.facebook.com\\\/apensolucions\",\"https:\\\/\\\/www.youtube.com\\\/user\\\/ApenCentreInformatic\",\"https:\\\/\\\/www.linkedin.com\\\/company\\\/1021771?trk=tyah&trkInfo=clickedVerticalcompanyclickedEntityId1021771idx2-1-2tarId1464195271196tasapenin\"]}]}<\/script>\n<!-- \/ Yoast SEO plugin. -->","yoast_head_json":{"title":"Computer Maintenance Les Franqueses del Vall\u00e8s - Apen Inform\u00e1tica","description":"IT maintenance service for businesses in Les Franqueses del Vall\u00e8s. Computer and server maintenance. Leaders in Barcelona.","robots":{"index":"index","follow":"follow","max-snippet":"max-snippet:-1","max-image-preview":"max-image-preview:large","max-video-preview":"max-video-preview:-1"},"canonical":"https:\/\/www.apen.es\/en\/computer-maintenance\/computer-maintenance-in-les-franqueses-del-valles\/","og_locale":"en_US","og_type":"article","og_title":"Mantenimiento inform\u00e1tico Les Franqueses del Vall\u00e8s - Apen Inform\u00e1tica","og_description":"Servicio de mantenimiento inform\u00e1tico para empresas en Les Franqueses del Vall\u00e8s. Mantenimiento de ordenadores y servidores. L\u00edderes en Barcelona.","og_url":"https:\/\/www.apen.es\/en\/computer-maintenance\/computer-maintenance-in-les-franqueses-del-valles\/","og_site_name":"Apen Inform\u00e1tica","article_publisher":"https:\/\/www.facebook.com\/apensolucions","article_modified_time":"2025-03-31T07:00:47+00:00","og_image":[{"width":231,"height":82,"url":"https:\/\/www.apen.es\/wp-content\/uploads\/2016\/05\/logo-apen-231x82-trasparent.png","type":"image\/png"}],"twitter_card":"summary_large_image","twitter_misc":{"Est. reading time":"10 minutes"},"schema":{"@context":"https:\/\/schema.org","@graph":[{"@type":"WebPage","@id":"https:\/\/www.apen.es\/mantenimiento-informatico\/mantenimiento-informatico-les-franqueses-del-valles\/","url":"https:\/\/www.apen.es\/mantenimiento-informatico\/mantenimiento-informatico-les-franqueses-del-valles\/","name":"Computer Maintenance Les Franqueses del Vall\u00e8s - Apen Inform\u00e1tica","isPartOf":{"@id":"https:\/\/www.apen.es\/#website"},"datePublished":"2019-05-21T16:15:14+00:00","dateModified":"2025-03-31T07:00:47+00:00","description":"IT maintenance service for businesses in Les Franqueses del Vall\u00e8s. Computer and server maintenance. Leaders in Barcelona.","breadcrumb":{"@id":"https:\/\/www.apen.es\/mantenimiento-informatico\/mantenimiento-informatico-les-franqueses-del-valles\/#breadcrumb"},"inLanguage":"en-US","potentialAction":[{"@type":"ReadAction","target":["https:\/\/www.apen.es\/mantenimiento-informatico\/mantenimiento-informatico-les-franqueses-del-valles\/"]}]},{"@type":"BreadcrumbList","@id":"https:\/\/www.apen.es\/mantenimiento-informatico\/mantenimiento-informatico-les-franqueses-del-valles\/#breadcrumb","itemListElement":[{"@type":"ListItem","position":1,"name":"Portada","item":"https:\/\/www.apen.es\/"},{"@type":"ListItem","position":2,"name":"Mantenimiento inform\u00e1tico","item":"https:\/\/www.apen.es\/mantenimiento-informatico\/"},{"@type":"ListItem","position":3,"name":"Mantenimiento inform\u00e1tico Les Franqueses del Vall\u00e8s"}]},{"@type":"WebSite","@id":"https:\/\/www.apen.es\/#website","url":"https:\/\/www.apen.es\/","name":"Apen Inform\u00e1tica","description":"IT Maintenance, Management Software, Printing Solutions","publisher":{"@id":"https:\/\/www.apen.es\/#organization"},"potentialAction":[{"@type":"SearchAction","target":{"@type":"EntryPoint","urlTemplate":"https:\/\/www.apen.es\/?s={search_term_string}"},"query-input":{"@type":"PropertyValueSpecification","valueRequired":true,"valueName":"search_term_string"}}],"inLanguage":"en-US"},{"@type":"Organization","@id":"https:\/\/www.apen.es\/#organization","name":"Apen: IT Solutions","url":"https:\/\/www.apen.es\/","logo":{"@type":"ImageObject","inLanguage":"en-US","@id":"https:\/\/www.apen.es\/#\/schema\/logo\/image\/","url":"https:\/\/www.apen.es\/wp-content\/uploads\/2022\/08\/logo-apenok-231x82-1.png","contentUrl":"https:\/\/www.apen.es\/wp-content\/uploads\/2022\/08\/logo-apenok-231x82-1.png","width":231,"height":82,"caption":"Apen: Soluciones inform\u00e1ticas"},"image":{"@id":"https:\/\/www.apen.es\/#\/schema\/logo\/image\/"},"sameAs":["https:\/\/www.facebook.com\/apensolucions","https:\/\/www.youtube.com\/user\/ApenCentreInformatic","https:\/\/www.linkedin.com\/company\/1021771?trk=tyah&trkInfo=clickedVerticalcompanyclickedEntityId1021771idx2-1-2tarId1464195271196tasapenin"]}]}},"taxonomy_info":[],"featured_image_src_large":false,"author_info":{"display_name":"marqueting","author_link":"https:\/\/www.apen.es\/en\/blog\/author\/marqueting\/"},"comment_info":0,"_links":{"self":[{"href":"https:\/\/www.apen.es\/en\/wp-json\/wp\/v2\/pages\/13952","targetHints":{"allow":["GET"]}}],"collection":[{"href":"https:\/\/www.apen.es\/en\/wp-json\/wp\/v2\/pages"}],"about":[{"href":"https:\/\/www.apen.es\/en\/wp-json\/wp\/v2\/types\/page"}],"author":[{"embeddable":true,"href":"https:\/\/www.apen.es\/en\/wp-json\/wp\/v2\/users\/4"}],"replies":[{"embeddable":true,"href":"https:\/\/www.apen.es\/en\/wp-json\/wp\/v2\/comments?post=13952"}],"version-history":[{"count":2,"href":"https:\/\/www.apen.es\/en\/wp-json\/wp\/v2\/pages\/13952\/revisions"}],"predecessor-version":[{"id":54579,"href":"https:\/\/www.apen.es\/en\/wp-json\/wp\/v2\/pages\/13952\/revisions\/54579"}],"up":[{"embeddable":true,"href":"https:\/\/www.apen.es\/en\/wp-json\/wp\/v2\/pages\/1357"}],"wp:attachment":[{"href":"https:\/\/www.apen.es\/en\/wp-json\/wp\/v2\/media?parent=13952"}],"curies":[{"name":"wp","href":"https:\/\/api.w.org\/{rel}","templated":true}]}}