{"id":13942,"date":"2019-05-17T12:29:38","date_gmt":"2019-05-17T12:29:38","guid":{"rendered":"https:\/\/www.apen.es\/?page_id=13942"},"modified":"2025-03-31T07:00:30","modified_gmt":"2025-03-31T07:00:30","slug":"computer-maintenance-castellcir","status":"publish","type":"page","link":"https:\/\/www.apen.es\/en\/mantenimiento-informatico\/mantenimiento-informatico-castellcir\/","title":{"rendered":"Computer maintenance Castellcir"},"content":{"rendered":"<p>He&nbsp;<strong>IT maintenance in Castellcir<\/strong>, IT is one of the essential services for all businesses today, since computer equipment, to a greater or lesser extent, is found in every business, regardless of its sector or size. This has many advantages, such as greater control over all company data, but it also has disadvantages, such as the potential loss of all information if this equipment breaks down.<\/p>\n\n\n\n<p>But don&#039;t worry, there&#039;s a solution; simply hire a good service.&nbsp;<strong>IT maintenance in Castellcir<\/strong>, such as the one we offer at our company Apen, in which we take care of performing all the necessary tasks to guarantee the proper functioning of all the computer equipment in your business.<\/p>\n\n\n\n<p>Furthermore, don&#039;t think that this service of&nbsp;<strong>IT maintenance in Castellcir<\/strong>, It is not only aimed at large companies, as this is not the case, because we have three different plans that adapt to the needs of each company.<\/p>\n\n\n\n<p>First, we have basic maintenance, which is ideal for SMEs and businesses that don&#039;t require a lot of computer equipment, then we have the&nbsp;<strong>IT maintenance in Castellcir<\/strong>&nbsp;Outsourcing, in which you can enjoy highly qualified personnel, without the need to select, train or hire, and finally, the Premium SPC maintenance (Support- Prevention - Corrective), which is the most complete plan, so it is designed for larger companies that have a large number of computer equipment that must receive the best maintenance.<\/p>\n\n\n\n<p>At Apen, we have very clear values, which are what have led us to achieve the great success we have today, such as the ease with which we find an effective solution that meets the current demands of the market, tailored to the needs of each company, or the professional service marked by the dedication, vocation and passion that promote the &quot;yes&quot; of our work and identify the philosophy of our organization, among many other values, such as quality at a competitive price, among others.<\/p>\n\n\n\n<p>Thanks to all of this, at Apen we have built a long list of clients who trust the services we offer and who, thanks to our help, have been able to grow their businesses and therefore increase their profits. So if you want your business to be next, don&#039;t hesitate to contact us, whether to find out more about the&nbsp;<strong>IT maintenance in Castellcir<\/strong>&nbsp;or to contract any of the other services we offer, as our company will be happy to help you in any way we can.<\/p>","protected":false},"excerpt":{"rendered":"<p>El&nbsp;mantenimiento inform\u00e1tico en Castellcir, es uno de los servicios indispensables para todas las empresas de hoy en d\u00eda, ya que los aparatos inform\u00e1ticos sea a mayor o a menos medida se encuentran en todos los negocios independientemente del sector al que se dediquen o al tama\u00f1o que tengan. Esto tiene muchos puntos positivos, como por&#8230;<\/p>","protected":false},"author":4,"featured_media":0,"parent":1357,"menu_order":0,"comment_status":"closed","ping_status":"closed","template":"page-servicio-informatico.php","meta":{"_acf_changed":false,"_kad_blocks_custom_css":"","_kad_blocks_head_custom_js":"","_kad_blocks_body_custom_js":"","_kad_blocks_footer_custom_js":"","_kad_post_transparent":"","_kad_post_title":"","_kad_post_layout":"","_kad_post_sidebar_id":"","_kad_post_content_style":"","_kad_post_vertical_padding":"","_kad_post_feature":"","_kad_post_feature_position":"","_kad_post_header":false,"_kad_post_footer":false,"_kad_post_classname":"","footnotes":""},"class_list":["post-13942","page","type-page","status-publish","hentry"],"acf":[],"yoast_head":"<!-- This site is optimized with the Yoast SEO plugin v27.4 - https:\/\/yoast.com\/product\/yoast-seo-wordpress\/ -->\n<title>Mantenimiento inform\u00e1tico Castellcir - Apen Inform\u00e1tica<\/title>\n<meta name=\"description\" content=\"Servicio de mantenimiento inform\u00e1tico para empresas en Castellcir. Mantenimiento de ordenadores y servidores. Ll\u00e1manos al 938 606 220 sin compromiso.\" \/>\n<meta name=\"robots\" content=\"index, follow, max-snippet:-1, max-image-preview:large, max-video-preview:-1\" \/>\n<link rel=\"canonical\" href=\"https:\/\/www.apen.es\/en\/computer-maintenance\/computer-maintenance-castellcir\/\" \/>\n<meta property=\"og:locale\" content=\"en_US\" \/>\n<meta property=\"og:type\" content=\"article\" \/>\n<meta property=\"og:title\" content=\"Mantenimiento inform\u00e1tico Castellcir - Apen Inform\u00e1tica\" \/>\n<meta property=\"og:description\" content=\"Servicio de mantenimiento inform\u00e1tico para empresas en Castellcir. Mantenimiento de ordenadores y servidores. Ll\u00e1manos al 938 606 220 sin compromiso.\" \/>\n<meta property=\"og:url\" content=\"https:\/\/www.apen.es\/en\/computer-maintenance\/computer-maintenance-castellcir\/\" \/>\n<meta property=\"og:site_name\" content=\"Apen Inform\u00e1tica\" \/>\n<meta property=\"article:publisher\" content=\"https:\/\/www.facebook.com\/apensolucions\" \/>\n<meta property=\"article:modified_time\" content=\"2025-03-31T07:00:30+00:00\" \/>\n<meta property=\"og:image\" content=\"https:\/\/www.apen.es\/wp-content\/uploads\/2016\/05\/logo-apen-231x82-trasparent.png\" \/>\n\t<meta property=\"og:image:width\" content=\"231\" \/>\n\t<meta property=\"og:image:height\" content=\"82\" \/>\n\t<meta property=\"og:image:type\" content=\"image\/png\" \/>\n<meta name=\"twitter:card\" content=\"summary_large_image\" \/>\n<meta name=\"twitter:label1\" content=\"Est. reading time\" \/>\n\t<meta name=\"twitter:data1\" content=\"10 minutes\" \/>\n<script type=\"application\/ld+json\" class=\"yoast-schema-graph\">{\"@context\":\"https:\\\/\\\/schema.org\",\"@graph\":[{\"@type\":\"WebPage\",\"@id\":\"https:\\\/\\\/www.apen.es\\\/mantenimiento-informatico\\\/mantenimiento-informatico-castellcir\\\/\",\"url\":\"https:\\\/\\\/www.apen.es\\\/mantenimiento-informatico\\\/mantenimiento-informatico-castellcir\\\/\",\"name\":\"Mantenimiento inform\u00e1tico Castellcir - Apen Inform\u00e1tica\",\"isPartOf\":{\"@id\":\"https:\\\/\\\/www.apen.es\\\/#website\"},\"datePublished\":\"2019-05-17T12:29:38+00:00\",\"dateModified\":\"2025-03-31T07:00:30+00:00\",\"description\":\"Servicio de mantenimiento inform\u00e1tico para empresas en Castellcir. Mantenimiento de ordenadores y servidores. Ll\u00e1manos al 938 606 220 sin compromiso.\",\"breadcrumb\":{\"@id\":\"https:\\\/\\\/www.apen.es\\\/mantenimiento-informatico\\\/mantenimiento-informatico-castellcir\\\/#breadcrumb\"},\"inLanguage\":\"en-US\",\"potentialAction\":[{\"@type\":\"ReadAction\",\"target\":[\"https:\\\/\\\/www.apen.es\\\/mantenimiento-informatico\\\/mantenimiento-informatico-castellcir\\\/\"]}]},{\"@type\":\"BreadcrumbList\",\"@id\":\"https:\\\/\\\/www.apen.es\\\/mantenimiento-informatico\\\/mantenimiento-informatico-castellcir\\\/#breadcrumb\",\"itemListElement\":[{\"@type\":\"ListItem\",\"position\":1,\"name\":\"Portada\",\"item\":\"https:\\\/\\\/www.apen.es\\\/\"},{\"@type\":\"ListItem\",\"position\":2,\"name\":\"Mantenimiento inform\u00e1tico\",\"item\":\"https:\\\/\\\/www.apen.es\\\/mantenimiento-informatico\\\/\"},{\"@type\":\"ListItem\",\"position\":3,\"name\":\"Mantenimiento inform\u00e1tico Castellcir\"}]},{\"@type\":\"WebSite\",\"@id\":\"https:\\\/\\\/www.apen.es\\\/#website\",\"url\":\"https:\\\/\\\/www.apen.es\\\/\",\"name\":\"Apen Inform\u00e1tica\",\"description\":\"Mantenimiento Inform\u00e1tico , Software de Gesti\u00f3n, Soluciones de impresi\u00f3n\",\"publisher\":{\"@id\":\"https:\\\/\\\/www.apen.es\\\/#organization\"},\"potentialAction\":[{\"@type\":\"SearchAction\",\"target\":{\"@type\":\"EntryPoint\",\"urlTemplate\":\"https:\\\/\\\/www.apen.es\\\/?s={search_term_string}\"},\"query-input\":{\"@type\":\"PropertyValueSpecification\",\"valueRequired\":true,\"valueName\":\"search_term_string\"}}],\"inLanguage\":\"en-US\"},{\"@type\":\"Organization\",\"@id\":\"https:\\\/\\\/www.apen.es\\\/#organization\",\"name\":\"Apen: Soluciones inform\u00e1ticas\",\"url\":\"https:\\\/\\\/www.apen.es\\\/\",\"logo\":{\"@type\":\"ImageObject\",\"inLanguage\":\"en-US\",\"@id\":\"https:\\\/\\\/www.apen.es\\\/#\\\/schema\\\/logo\\\/image\\\/\",\"url\":\"https:\\\/\\\/www.apen.es\\\/wp-content\\\/uploads\\\/2022\\\/08\\\/logo-apenok-231x82-1.png\",\"contentUrl\":\"https:\\\/\\\/www.apen.es\\\/wp-content\\\/uploads\\\/2022\\\/08\\\/logo-apenok-231x82-1.png\",\"width\":231,\"height\":82,\"caption\":\"Apen: Soluciones inform\u00e1ticas\"},\"image\":{\"@id\":\"https:\\\/\\\/www.apen.es\\\/#\\\/schema\\\/logo\\\/image\\\/\"},\"sameAs\":[\"https:\\\/\\\/www.facebook.com\\\/apensolucions\",\"https:\\\/\\\/www.youtube.com\\\/user\\\/ApenCentreInformatic\",\"https:\\\/\\\/www.linkedin.com\\\/company\\\/1021771?trk=tyah&trkInfo=clickedVerticalcompanyclickedEntityId1021771idx2-1-2tarId1464195271196tasapenin\"]}]}<\/script>\n<!-- \/ Yoast SEO plugin. -->","yoast_head_json":{"title":"Computer Maintenance Castellcir - Apen Inform\u00e1tica","description":"IT maintenance service for businesses in Castellcir. Computer and server maintenance. Call us at 938 606 220 for a free consultation.","robots":{"index":"index","follow":"follow","max-snippet":"max-snippet:-1","max-image-preview":"max-image-preview:large","max-video-preview":"max-video-preview:-1"},"canonical":"https:\/\/www.apen.es\/en\/computer-maintenance\/computer-maintenance-castellcir\/","og_locale":"en_US","og_type":"article","og_title":"Mantenimiento inform\u00e1tico Castellcir - Apen Inform\u00e1tica","og_description":"Servicio de mantenimiento inform\u00e1tico para empresas en Castellcir. Mantenimiento de ordenadores y servidores. Ll\u00e1manos al 938 606 220 sin compromiso.","og_url":"https:\/\/www.apen.es\/en\/computer-maintenance\/computer-maintenance-castellcir\/","og_site_name":"Apen Inform\u00e1tica","article_publisher":"https:\/\/www.facebook.com\/apensolucions","article_modified_time":"2025-03-31T07:00:30+00:00","og_image":[{"width":231,"height":82,"url":"https:\/\/www.apen.es\/wp-content\/uploads\/2016\/05\/logo-apen-231x82-trasparent.png","type":"image\/png"}],"twitter_card":"summary_large_image","twitter_misc":{"Est. reading time":"10 minutes"},"schema":{"@context":"https:\/\/schema.org","@graph":[{"@type":"WebPage","@id":"https:\/\/www.apen.es\/mantenimiento-informatico\/mantenimiento-informatico-castellcir\/","url":"https:\/\/www.apen.es\/mantenimiento-informatico\/mantenimiento-informatico-castellcir\/","name":"Computer Maintenance Castellcir - Apen Inform\u00e1tica","isPartOf":{"@id":"https:\/\/www.apen.es\/#website"},"datePublished":"2019-05-17T12:29:38+00:00","dateModified":"2025-03-31T07:00:30+00:00","description":"IT maintenance service for businesses in Castellcir. Computer and server maintenance. Call us at 938 606 220 for a free consultation.","breadcrumb":{"@id":"https:\/\/www.apen.es\/mantenimiento-informatico\/mantenimiento-informatico-castellcir\/#breadcrumb"},"inLanguage":"en-US","potentialAction":[{"@type":"ReadAction","target":["https:\/\/www.apen.es\/mantenimiento-informatico\/mantenimiento-informatico-castellcir\/"]}]},{"@type":"BreadcrumbList","@id":"https:\/\/www.apen.es\/mantenimiento-informatico\/mantenimiento-informatico-castellcir\/#breadcrumb","itemListElement":[{"@type":"ListItem","position":1,"name":"Portada","item":"https:\/\/www.apen.es\/"},{"@type":"ListItem","position":2,"name":"Mantenimiento inform\u00e1tico","item":"https:\/\/www.apen.es\/mantenimiento-informatico\/"},{"@type":"ListItem","position":3,"name":"Mantenimiento inform\u00e1tico Castellcir"}]},{"@type":"WebSite","@id":"https:\/\/www.apen.es\/#website","url":"https:\/\/www.apen.es\/","name":"Apen Inform\u00e1tica","description":"IT Maintenance, Management Software, Printing Solutions","publisher":{"@id":"https:\/\/www.apen.es\/#organization"},"potentialAction":[{"@type":"SearchAction","target":{"@type":"EntryPoint","urlTemplate":"https:\/\/www.apen.es\/?s={search_term_string}"},"query-input":{"@type":"PropertyValueSpecification","valueRequired":true,"valueName":"search_term_string"}}],"inLanguage":"en-US"},{"@type":"Organization","@id":"https:\/\/www.apen.es\/#organization","name":"Apen: IT Solutions","url":"https:\/\/www.apen.es\/","logo":{"@type":"ImageObject","inLanguage":"en-US","@id":"https:\/\/www.apen.es\/#\/schema\/logo\/image\/","url":"https:\/\/www.apen.es\/wp-content\/uploads\/2022\/08\/logo-apenok-231x82-1.png","contentUrl":"https:\/\/www.apen.es\/wp-content\/uploads\/2022\/08\/logo-apenok-231x82-1.png","width":231,"height":82,"caption":"Apen: Soluciones inform\u00e1ticas"},"image":{"@id":"https:\/\/www.apen.es\/#\/schema\/logo\/image\/"},"sameAs":["https:\/\/www.facebook.com\/apensolucions","https:\/\/www.youtube.com\/user\/ApenCentreInformatic","https:\/\/www.linkedin.com\/company\/1021771?trk=tyah&trkInfo=clickedVerticalcompanyclickedEntityId1021771idx2-1-2tarId1464195271196tasapenin"]}]}},"taxonomy_info":[],"featured_image_src_large":false,"author_info":{"display_name":"marqueting","author_link":"https:\/\/www.apen.es\/en\/blog\/author\/marqueting\/"},"comment_info":0,"_links":{"self":[{"href":"https:\/\/www.apen.es\/en\/wp-json\/wp\/v2\/pages\/13942","targetHints":{"allow":["GET"]}}],"collection":[{"href":"https:\/\/www.apen.es\/en\/wp-json\/wp\/v2\/pages"}],"about":[{"href":"https:\/\/www.apen.es\/en\/wp-json\/wp\/v2\/types\/page"}],"author":[{"embeddable":true,"href":"https:\/\/www.apen.es\/en\/wp-json\/wp\/v2\/users\/4"}],"replies":[{"embeddable":true,"href":"https:\/\/www.apen.es\/en\/wp-json\/wp\/v2\/comments?post=13942"}],"version-history":[{"count":2,"href":"https:\/\/www.apen.es\/en\/wp-json\/wp\/v2\/pages\/13942\/revisions"}],"predecessor-version":[{"id":54577,"href":"https:\/\/www.apen.es\/en\/wp-json\/wp\/v2\/pages\/13942\/revisions\/54577"}],"up":[{"embeddable":true,"href":"https:\/\/www.apen.es\/en\/wp-json\/wp\/v2\/pages\/1357"}],"wp:attachment":[{"href":"https:\/\/www.apen.es\/en\/wp-json\/wp\/v2\/media?parent=13942"}],"curies":[{"name":"wp","href":"https:\/\/api.w.org\/{rel}","templated":true}]}}