{"id":13837,"date":"2019-04-15T09:18:37","date_gmt":"2019-04-15T09:18:37","guid":{"rendered":"https:\/\/www.apen.es\/?page_id=13837"},"modified":"2025-03-31T06:18:13","modified_gmt":"2025-03-31T06:18:13","slug":"it-service-sabadell","status":"publish","type":"page","link":"https:\/\/www.apen.es\/en\/mantenimiento-informatico\/servicio-informatico\/servicio-informatico-sabadell\/","title":{"rendered":"Sabadell IT Service"},"content":{"rendered":"<p>At Apen we specialize in the implementation and maintenance of computer equipment, and we have a very clear objective: to always provide the best.&nbsp;<strong>IT services in Sabadell<\/strong>&nbsp;and the best solutions for business management, in order to improve the competitive capacity of each and every one of our clients, always in a highly personalized way.<\/p>\n\n\n\n<p>By this, we mean that all our services are tailored perfectly to each and every one of our clients, because we know that not all companies are the same, but rather each one performs a different function and has specific needs, so they need a company like ours that offers a comprehensive service, starting by getting to know each client and their needs well and thus being able to offer them the service that best suits them.<\/p>\n\n\n\n<p>To achieve this, it is crucial that we offer a wide range of services, such as IT maintenance, and above all, that we have a large team of highly skilled specialists who have in-depth knowledge of this sector and can therefore adapt seamlessly to any situation. Furthermore, at Apen, we highly value customer service, which is why we have over twenty-five years of experience providing our services.&nbsp;<strong>services<\/strong>&nbsp;<strong>IT specialists in Sabadell<\/strong>&nbsp;and building a large list of satisfied customers.<\/p>\n\n\n\n<p>IT maintenance is a key element for achieving success in all modern businesses, since nowadays, much of our information is stored digitally. A virus or any other problem could cause us to lose all our data, which would be a major catastrophe. Furthermore, if your company works with computer equipment and it malfunctions, while you&#039;re waiting for a professional to fix it, you&#039;ll waste a lot of time and therefore lose money.<\/p>\n\n\n\n<p>Among all the&nbsp;<strong>IT services in Sabadell<\/strong>&nbsp;From our company Apen, we offer maintenance for companies, which mainly offers three plans: first, basic maintenance; second, outsourcing maintenance; and finally, Premium SPC (Support-Prevention-Corrective) maintenance.<\/p>\n\n\n\n<p>This wide range of maintenance plans is because one of our main objectives is to offer each client exactly what they need, since all companies are different, with different needs and problems. We assure you that you will always find the most suitable service for you. If you would like more information about these plans and the rest of our services, please contact us.&nbsp;<strong>IT services in Sabadell<\/strong>&nbsp;We offer, so don&#039;t hesitate to ask us.<\/p>","protected":false},"excerpt":{"rendered":"<p>En Apen somos especialistas en la implantaci\u00f3n y el mantenimiento de equipos inform\u00e1ticos, y tenemos un objetivo muy claro, que es aportar siempre los mejores&nbsp;servicios inform\u00e1ticos en Sabadell&nbsp;y las mejores soluciones para la gesti\u00f3n de las empresas, con tal de mejorar la capacidad competitiva de todos y cada uno de nuestros clientes, siempre de una&#8230;<\/p>","protected":false},"author":4,"featured_media":0,"parent":13823,"menu_order":0,"comment_status":"closed","ping_status":"closed","template":"page-servicio-informatico.php","meta":{"_acf_changed":false,"_kad_blocks_custom_css":"","_kad_blocks_head_custom_js":"","_kad_blocks_body_custom_js":"","_kad_blocks_footer_custom_js":"","_kad_post_transparent":"","_kad_post_title":"","_kad_post_layout":"","_kad_post_sidebar_id":"","_kad_post_content_style":"","_kad_post_vertical_padding":"","_kad_post_feature":"","_kad_post_feature_position":"","_kad_post_header":false,"_kad_post_footer":false,"_kad_post_classname":"","footnotes":""},"class_list":["post-13837","page","type-page","status-publish","hentry"],"acf":[],"yoast_head":"<!-- This site is optimized with the Yoast SEO plugin v27.4 - https:\/\/yoast.com\/product\/yoast-seo-wordpress\/ -->\n<title>Servicio inform\u00e1tico Sabadell - Apen Inform\u00e1tica<\/title>\n<meta name=\"description\" content=\"\u00bfTu empresa necesita un servicio inform\u00e1tico en Sabadell? Ofrecemos soluciones tecnolog\u00edcas que ayudamos a las empresas a digitalizarse. Conf\u00eda en Apen.\" \/>\n<meta name=\"robots\" content=\"index, follow, max-snippet:-1, max-image-preview:large, max-video-preview:-1\" \/>\n<link rel=\"canonical\" href=\"https:\/\/www.apen.es\/en\/computer-maintenance\/it-service\/it-service-sabadell\/\" \/>\n<meta property=\"og:locale\" content=\"en_US\" \/>\n<meta property=\"og:type\" content=\"article\" \/>\n<meta property=\"og:title\" content=\"Servicio inform\u00e1tico Sabadell - Apen Inform\u00e1tica\" \/>\n<meta property=\"og:description\" content=\"\u00bfTu empresa necesita un servicio inform\u00e1tico en Sabadell? Ofrecemos soluciones tecnolog\u00edcas que ayudamos a las empresas a digitalizarse. Conf\u00eda en Apen.\" \/>\n<meta property=\"og:url\" content=\"https:\/\/www.apen.es\/en\/computer-maintenance\/it-service\/it-service-sabadell\/\" \/>\n<meta property=\"og:site_name\" content=\"Apen Inform\u00e1tica\" \/>\n<meta property=\"article:publisher\" content=\"https:\/\/www.facebook.com\/apensolucions\" \/>\n<meta property=\"article:modified_time\" content=\"2025-03-31T06:18:13+00:00\" \/>\n<meta property=\"og:image\" content=\"https:\/\/www.apen.es\/wp-content\/uploads\/2016\/05\/logo-apen-231x82-trasparent.png\" \/>\n\t<meta property=\"og:image:width\" content=\"231\" \/>\n\t<meta property=\"og:image:height\" content=\"82\" \/>\n\t<meta property=\"og:image:type\" content=\"image\/png\" \/>\n<meta name=\"twitter:card\" content=\"summary_large_image\" \/>\n<meta name=\"twitter:label1\" content=\"Est. reading time\" \/>\n\t<meta name=\"twitter:data1\" content=\"10 minutes\" \/>\n<script type=\"application\/ld+json\" class=\"yoast-schema-graph\">{\"@context\":\"https:\\\/\\\/schema.org\",\"@graph\":[{\"@type\":\"WebPage\",\"@id\":\"https:\\\/\\\/www.apen.es\\\/mantenimiento-informatico\\\/servicio-informatico\\\/servicio-informatico-sabadell\\\/\",\"url\":\"https:\\\/\\\/www.apen.es\\\/mantenimiento-informatico\\\/servicio-informatico\\\/servicio-informatico-sabadell\\\/\",\"name\":\"Servicio inform\u00e1tico Sabadell - Apen Inform\u00e1tica\",\"isPartOf\":{\"@id\":\"https:\\\/\\\/www.apen.es\\\/#website\"},\"datePublished\":\"2019-04-15T09:18:37+00:00\",\"dateModified\":\"2025-03-31T06:18:13+00:00\",\"description\":\"\u00bfTu empresa necesita un servicio inform\u00e1tico en Sabadell? Ofrecemos soluciones tecnolog\u00edcas que ayudamos a las empresas a digitalizarse. Conf\u00eda en Apen.\",\"breadcrumb\":{\"@id\":\"https:\\\/\\\/www.apen.es\\\/mantenimiento-informatico\\\/servicio-informatico\\\/servicio-informatico-sabadell\\\/#breadcrumb\"},\"inLanguage\":\"en-US\",\"potentialAction\":[{\"@type\":\"ReadAction\",\"target\":[\"https:\\\/\\\/www.apen.es\\\/mantenimiento-informatico\\\/servicio-informatico\\\/servicio-informatico-sabadell\\\/\"]}]},{\"@type\":\"BreadcrumbList\",\"@id\":\"https:\\\/\\\/www.apen.es\\\/mantenimiento-informatico\\\/servicio-informatico\\\/servicio-informatico-sabadell\\\/#breadcrumb\",\"itemListElement\":[{\"@type\":\"ListItem\",\"position\":1,\"name\":\"Portada\",\"item\":\"https:\\\/\\\/www.apen.es\\\/\"},{\"@type\":\"ListItem\",\"position\":2,\"name\":\"Mantenimiento inform\u00e1tico\",\"item\":\"https:\\\/\\\/www.apen.es\\\/mantenimiento-informatico\\\/\"},{\"@type\":\"ListItem\",\"position\":3,\"name\":\"Servicio inform\u00e1tico\",\"item\":\"https:\\\/\\\/www.apen.es\\\/mantenimiento-informatico\\\/servicio-informatico\\\/\"},{\"@type\":\"ListItem\",\"position\":4,\"name\":\"Servicio inform\u00e1tico Sabadell\"}]},{\"@type\":\"WebSite\",\"@id\":\"https:\\\/\\\/www.apen.es\\\/#website\",\"url\":\"https:\\\/\\\/www.apen.es\\\/\",\"name\":\"Apen Inform\u00e1tica\",\"description\":\"Mantenimiento Inform\u00e1tico , Software de Gesti\u00f3n, Soluciones de impresi\u00f3n\",\"publisher\":{\"@id\":\"https:\\\/\\\/www.apen.es\\\/#organization\"},\"potentialAction\":[{\"@type\":\"SearchAction\",\"target\":{\"@type\":\"EntryPoint\",\"urlTemplate\":\"https:\\\/\\\/www.apen.es\\\/?s={search_term_string}\"},\"query-input\":{\"@type\":\"PropertyValueSpecification\",\"valueRequired\":true,\"valueName\":\"search_term_string\"}}],\"inLanguage\":\"en-US\"},{\"@type\":\"Organization\",\"@id\":\"https:\\\/\\\/www.apen.es\\\/#organization\",\"name\":\"Apen: Soluciones inform\u00e1ticas\",\"url\":\"https:\\\/\\\/www.apen.es\\\/\",\"logo\":{\"@type\":\"ImageObject\",\"inLanguage\":\"en-US\",\"@id\":\"https:\\\/\\\/www.apen.es\\\/#\\\/schema\\\/logo\\\/image\\\/\",\"url\":\"https:\\\/\\\/www.apen.es\\\/wp-content\\\/uploads\\\/2022\\\/08\\\/logo-apenok-231x82-1.png\",\"contentUrl\":\"https:\\\/\\\/www.apen.es\\\/wp-content\\\/uploads\\\/2022\\\/08\\\/logo-apenok-231x82-1.png\",\"width\":231,\"height\":82,\"caption\":\"Apen: Soluciones inform\u00e1ticas\"},\"image\":{\"@id\":\"https:\\\/\\\/www.apen.es\\\/#\\\/schema\\\/logo\\\/image\\\/\"},\"sameAs\":[\"https:\\\/\\\/www.facebook.com\\\/apensolucions\",\"https:\\\/\\\/www.youtube.com\\\/user\\\/ApenCentreInformatic\",\"https:\\\/\\\/www.linkedin.com\\\/company\\\/1021771?trk=tyah&trkInfo=clickedVerticalcompanyclickedEntityId1021771idx2-1-2tarId1464195271196tasapenin\"]}]}<\/script>\n<!-- \/ Yoast SEO plugin. -->","yoast_head_json":{"title":"Sabadell IT Service - Apen Inform\u00e1tica","description":"Does your company need IT services in Sabadell? We offer technological solutions that help businesses digitize their operations. Trust Apen.","robots":{"index":"index","follow":"follow","max-snippet":"max-snippet:-1","max-image-preview":"max-image-preview:large","max-video-preview":"max-video-preview:-1"},"canonical":"https:\/\/www.apen.es\/en\/computer-maintenance\/it-service\/it-service-sabadell\/","og_locale":"en_US","og_type":"article","og_title":"Servicio inform\u00e1tico Sabadell - Apen Inform\u00e1tica","og_description":"\u00bfTu empresa necesita un servicio inform\u00e1tico en Sabadell? Ofrecemos soluciones tecnolog\u00edcas que ayudamos a las empresas a digitalizarse. Conf\u00eda en Apen.","og_url":"https:\/\/www.apen.es\/en\/computer-maintenance\/it-service\/it-service-sabadell\/","og_site_name":"Apen Inform\u00e1tica","article_publisher":"https:\/\/www.facebook.com\/apensolucions","article_modified_time":"2025-03-31T06:18:13+00:00","og_image":[{"width":231,"height":82,"url":"https:\/\/www.apen.es\/wp-content\/uploads\/2016\/05\/logo-apen-231x82-trasparent.png","type":"image\/png"}],"twitter_card":"summary_large_image","twitter_misc":{"Est. reading time":"10 minutes"},"schema":{"@context":"https:\/\/schema.org","@graph":[{"@type":"WebPage","@id":"https:\/\/www.apen.es\/mantenimiento-informatico\/servicio-informatico\/servicio-informatico-sabadell\/","url":"https:\/\/www.apen.es\/mantenimiento-informatico\/servicio-informatico\/servicio-informatico-sabadell\/","name":"Sabadell IT Service - Apen Inform\u00e1tica","isPartOf":{"@id":"https:\/\/www.apen.es\/#website"},"datePublished":"2019-04-15T09:18:37+00:00","dateModified":"2025-03-31T06:18:13+00:00","description":"Does your company need IT services in Sabadell? We offer technological solutions that help businesses digitize their operations. Trust Apen.","breadcrumb":{"@id":"https:\/\/www.apen.es\/mantenimiento-informatico\/servicio-informatico\/servicio-informatico-sabadell\/#breadcrumb"},"inLanguage":"en-US","potentialAction":[{"@type":"ReadAction","target":["https:\/\/www.apen.es\/mantenimiento-informatico\/servicio-informatico\/servicio-informatico-sabadell\/"]}]},{"@type":"BreadcrumbList","@id":"https:\/\/www.apen.es\/mantenimiento-informatico\/servicio-informatico\/servicio-informatico-sabadell\/#breadcrumb","itemListElement":[{"@type":"ListItem","position":1,"name":"Portada","item":"https:\/\/www.apen.es\/"},{"@type":"ListItem","position":2,"name":"Mantenimiento inform\u00e1tico","item":"https:\/\/www.apen.es\/mantenimiento-informatico\/"},{"@type":"ListItem","position":3,"name":"Servicio inform\u00e1tico","item":"https:\/\/www.apen.es\/mantenimiento-informatico\/servicio-informatico\/"},{"@type":"ListItem","position":4,"name":"Servicio inform\u00e1tico Sabadell"}]},{"@type":"WebSite","@id":"https:\/\/www.apen.es\/#website","url":"https:\/\/www.apen.es\/","name":"Apen Inform\u00e1tica","description":"IT Maintenance, Management Software, Printing Solutions","publisher":{"@id":"https:\/\/www.apen.es\/#organization"},"potentialAction":[{"@type":"SearchAction","target":{"@type":"EntryPoint","urlTemplate":"https:\/\/www.apen.es\/?s={search_term_string}"},"query-input":{"@type":"PropertyValueSpecification","valueRequired":true,"valueName":"search_term_string"}}],"inLanguage":"en-US"},{"@type":"Organization","@id":"https:\/\/www.apen.es\/#organization","name":"Apen: IT Solutions","url":"https:\/\/www.apen.es\/","logo":{"@type":"ImageObject","inLanguage":"en-US","@id":"https:\/\/www.apen.es\/#\/schema\/logo\/image\/","url":"https:\/\/www.apen.es\/wp-content\/uploads\/2022\/08\/logo-apenok-231x82-1.png","contentUrl":"https:\/\/www.apen.es\/wp-content\/uploads\/2022\/08\/logo-apenok-231x82-1.png","width":231,"height":82,"caption":"Apen: Soluciones inform\u00e1ticas"},"image":{"@id":"https:\/\/www.apen.es\/#\/schema\/logo\/image\/"},"sameAs":["https:\/\/www.facebook.com\/apensolucions","https:\/\/www.youtube.com\/user\/ApenCentreInformatic","https:\/\/www.linkedin.com\/company\/1021771?trk=tyah&trkInfo=clickedVerticalcompanyclickedEntityId1021771idx2-1-2tarId1464195271196tasapenin"]}]}},"taxonomy_info":[],"featured_image_src_large":false,"author_info":{"display_name":"marqueting","author_link":"https:\/\/www.apen.es\/en\/blog\/author\/marqueting\/"},"comment_info":0,"_links":{"self":[{"href":"https:\/\/www.apen.es\/en\/wp-json\/wp\/v2\/pages\/13837","targetHints":{"allow":["GET"]}}],"collection":[{"href":"https:\/\/www.apen.es\/en\/wp-json\/wp\/v2\/pages"}],"about":[{"href":"https:\/\/www.apen.es\/en\/wp-json\/wp\/v2\/types\/page"}],"author":[{"embeddable":true,"href":"https:\/\/www.apen.es\/en\/wp-json\/wp\/v2\/users\/4"}],"replies":[{"embeddable":true,"href":"https:\/\/www.apen.es\/en\/wp-json\/wp\/v2\/comments?post=13837"}],"version-history":[{"count":2,"href":"https:\/\/www.apen.es\/en\/wp-json\/wp\/v2\/pages\/13837\/revisions"}],"predecessor-version":[{"id":54482,"href":"https:\/\/www.apen.es\/en\/wp-json\/wp\/v2\/pages\/13837\/revisions\/54482"}],"up":[{"embeddable":true,"href":"https:\/\/www.apen.es\/en\/wp-json\/wp\/v2\/pages\/13823"}],"wp:attachment":[{"href":"https:\/\/www.apen.es\/en\/wp-json\/wp\/v2\/media?parent=13837"}],"curies":[{"name":"wp","href":"https:\/\/api.w.org\/{rel}","templated":true}]}}