{"id":13821,"date":"2019-04-15T08:49:15","date_gmt":"2019-04-15T08:49:15","guid":{"rendered":"https:\/\/www.apen.es\/?page_id=13821"},"modified":"2025-07-09T10:14:48","modified_gmt":"2025-07-09T10:14:48","slug":"computer-equipment-repair","status":"publish","type":"page","link":"https:\/\/www.apen.es\/en\/mantenimiento-informatico\/reparacion-de-equipos-informaticos\/","title":{"rendered":"Computer equipment repair"},"content":{"rendered":"<p>At Apen we take care of the installation, configuration and&nbsp;<strong>repair of&nbsp;<\/strong>the<strong>&nbsp;computer equipment<\/strong>&nbsp;of the companies. We have a highly qualified professional technical team that, in addition to paying special attention to the maintenance and IT security of our clients&#039; equipment, takes care of the&nbsp;<strong>repair of&nbsp;<\/strong>the<strong>&nbsp;computer equipment<\/strong>&nbsp;whenever necessary, offering decisive, effective and lasting solutions.<\/p>\n\n\n\n<p>If your company uses the professional services of a company specializing in computer repair, you&#039;ll be able to work more calmly, productively, and efficiently with your equipment, because you&#039;ll have access to a quick and reliable solution whenever a problem or technical issue arises. Our technical support is a guarantee of quality that will allow you to keep your equipment in optimal condition and free from computer viruses, system failures, and other problems.<\/p>\n\n\n\n<p>At Apen, you&#039;ll find secure, affordable, and reliable maintenance for your state-of-the-art equipment, ensuring it operates at peak performance and delivers the highest quality at all times. And if you need to resolve any issues, we offer fast and effective solutions through our&nbsp;<strong>computer equipment repair<\/strong>, This will allow us to repair the technical issue as quickly and effectively as possible. Furthermore, you will always receive a loaner device during the repair process so you can continue working normally until your equipment has been fully and successfully repaired.<\/p>\n\n\n\n<p>It&#039;s a smart way to save on your company&#039;s annual costs and avoid putting your equipment or the valuable information stored on it at risk. Maintaining your computer network is truly vital for ensuring optimal workflow and preventing any disruption to your business operations.<br>With a professional IT service, you can resolve any problem that arises and always have access to the best possible equipment from leading brands for much longer, receiving the best response whenever you need it.&nbsp;<strong>repair of&nbsp;<\/strong>your<strong>&nbsp;computer equipment<\/strong>.<\/p>\n\n\n\n<p>On our website we show you the three types of IT maintenance we can offer you (Basic, Outsourcing and Premium) and also other types of proposals such as printing solutions with state-of-the-art multifunctional equipment, the implementation of business management software to unify all areas of your company, etc.<\/p>\n\n\n\n<p>You can also follow our blog, where we publish very interesting information for the business sector, related to computer maintenance and security, tools and apps related to business management or technological advances, storage platforms, practical tips to combat possible computer viruses or to improve productivity, among many other issues.<\/p>","protected":false},"excerpt":{"rendered":"<p>En Apen nos ocupamos de la instalaci\u00f3n, configuraci\u00f3n y&nbsp;reparaci\u00f3n de&nbsp;los&nbsp;equipos inform\u00e1ticos&nbsp;de las empresas. Contamos con un equipo t\u00e9cnico profesional altamente cualificado que, adem\u00e1s de prestar especial atenci\u00f3n al mantenimiento y la seguridad inform\u00e1tica de los equipos de nuestros clientes, se ocupan de la&nbsp;reparaci\u00f3n de&nbsp;los&nbsp;equipos inform\u00e1ticos&nbsp;siempre que sea necesario ofreciendo soluciones resolutivas, efectivas y duraderas. Si&#8230;<\/p>","protected":false},"author":4,"featured_media":0,"parent":1357,"menu_order":0,"comment_status":"closed","ping_status":"closed","template":"page-servicio-informatico-2.php","meta":{"_acf_changed":false,"_kad_blocks_custom_css":"","_kad_blocks_head_custom_js":"","_kad_blocks_body_custom_js":"","_kad_blocks_footer_custom_js":"","_kad_post_transparent":"","_kad_post_title":"","_kad_post_layout":"","_kad_post_sidebar_id":"","_kad_post_content_style":"","_kad_post_vertical_padding":"","_kad_post_feature":"","_kad_post_feature_position":"","_kad_post_header":false,"_kad_post_footer":false,"_kad_post_classname":"","footnotes":""},"class_list":["post-13821","page","type-page","status-publish","hentry"],"acf":[],"yoast_head":"<!-- This site is optimized with the Yoast SEO plugin v27.4 - https:\/\/yoast.com\/product\/yoast-seo-wordpress\/ -->\n<title>Reparaci\u00f3n de equipos inform\u00e1ticos - Apen Inform\u00e1tica<\/title>\n<meta name=\"description\" content=\"Somos especialistas en reparaci\u00f3n de equipos inform\u00e1ticos para empresas. Ofrecemos soluciones tecnolog\u00edcas para ayudar a las empresas.\" \/>\n<meta name=\"robots\" content=\"index, follow, max-snippet:-1, max-image-preview:large, max-video-preview:-1\" \/>\n<link rel=\"canonical\" href=\"https:\/\/www.apen.es\/en\/computer-maintenance\/computer-equipment-repair\/\" \/>\n<meta property=\"og:locale\" content=\"en_US\" \/>\n<meta property=\"og:type\" content=\"article\" \/>\n<meta property=\"og:title\" content=\"Reparaci\u00f3n de equipos inform\u00e1ticos - Apen Inform\u00e1tica\" \/>\n<meta property=\"og:description\" content=\"Somos especialistas en reparaci\u00f3n de equipos inform\u00e1ticos para empresas. Ofrecemos soluciones tecnolog\u00edcas para ayudar a las empresas.\" \/>\n<meta property=\"og:url\" content=\"https:\/\/www.apen.es\/en\/computer-maintenance\/computer-equipment-repair\/\" \/>\n<meta property=\"og:site_name\" content=\"Apen Inform\u00e1tica\" \/>\n<meta property=\"article:publisher\" content=\"https:\/\/www.facebook.com\/apensolucions\" \/>\n<meta property=\"article:modified_time\" content=\"2025-07-09T10:14:48+00:00\" \/>\n<meta property=\"og:image\" content=\"https:\/\/www.apen.es\/wp-content\/uploads\/2016\/05\/logo-apen-231x82-trasparent.png\" \/>\n\t<meta property=\"og:image:width\" content=\"231\" \/>\n\t<meta property=\"og:image:height\" content=\"82\" \/>\n\t<meta property=\"og:image:type\" content=\"image\/png\" \/>\n<meta name=\"twitter:card\" content=\"summary_large_image\" \/>\n<meta name=\"twitter:label1\" content=\"Est. reading time\" \/>\n\t<meta name=\"twitter:data1\" content=\"10 minutes\" \/>\n<script type=\"application\/ld+json\" class=\"yoast-schema-graph\">{\"@context\":\"https:\\\/\\\/schema.org\",\"@graph\":[{\"@type\":\"WebPage\",\"@id\":\"https:\\\/\\\/www.apen.es\\\/mantenimiento-informatico\\\/reparacion-de-equipos-informaticos\\\/\",\"url\":\"https:\\\/\\\/www.apen.es\\\/mantenimiento-informatico\\\/reparacion-de-equipos-informaticos\\\/\",\"name\":\"Reparaci\u00f3n de equipos inform\u00e1ticos - Apen Inform\u00e1tica\",\"isPartOf\":{\"@id\":\"https:\\\/\\\/www.apen.es\\\/#website\"},\"datePublished\":\"2019-04-15T08:49:15+00:00\",\"dateModified\":\"2025-07-09T10:14:48+00:00\",\"description\":\"Somos especialistas en reparaci\u00f3n de equipos inform\u00e1ticos para empresas. Ofrecemos soluciones tecnolog\u00edcas para ayudar a las empresas.\",\"breadcrumb\":{\"@id\":\"https:\\\/\\\/www.apen.es\\\/mantenimiento-informatico\\\/reparacion-de-equipos-informaticos\\\/#breadcrumb\"},\"inLanguage\":\"en-US\",\"potentialAction\":[{\"@type\":\"ReadAction\",\"target\":[\"https:\\\/\\\/www.apen.es\\\/mantenimiento-informatico\\\/reparacion-de-equipos-informaticos\\\/\"]}]},{\"@type\":\"BreadcrumbList\",\"@id\":\"https:\\\/\\\/www.apen.es\\\/mantenimiento-informatico\\\/reparacion-de-equipos-informaticos\\\/#breadcrumb\",\"itemListElement\":[{\"@type\":\"ListItem\",\"position\":1,\"name\":\"Portada\",\"item\":\"https:\\\/\\\/www.apen.es\\\/\"},{\"@type\":\"ListItem\",\"position\":2,\"name\":\"Mantenimiento inform\u00e1tico\",\"item\":\"https:\\\/\\\/www.apen.es\\\/mantenimiento-informatico\\\/\"},{\"@type\":\"ListItem\",\"position\":3,\"name\":\"Reparaci\u00f3n de equipos inform\u00e1ticos\"}]},{\"@type\":\"WebSite\",\"@id\":\"https:\\\/\\\/www.apen.es\\\/#website\",\"url\":\"https:\\\/\\\/www.apen.es\\\/\",\"name\":\"Apen Inform\u00e1tica\",\"description\":\"Mantenimiento Inform\u00e1tico , Software de Gesti\u00f3n, Soluciones de impresi\u00f3n\",\"publisher\":{\"@id\":\"https:\\\/\\\/www.apen.es\\\/#organization\"},\"potentialAction\":[{\"@type\":\"SearchAction\",\"target\":{\"@type\":\"EntryPoint\",\"urlTemplate\":\"https:\\\/\\\/www.apen.es\\\/?s={search_term_string}\"},\"query-input\":{\"@type\":\"PropertyValueSpecification\",\"valueRequired\":true,\"valueName\":\"search_term_string\"}}],\"inLanguage\":\"en-US\"},{\"@type\":\"Organization\",\"@id\":\"https:\\\/\\\/www.apen.es\\\/#organization\",\"name\":\"Apen: Soluciones inform\u00e1ticas\",\"url\":\"https:\\\/\\\/www.apen.es\\\/\",\"logo\":{\"@type\":\"ImageObject\",\"inLanguage\":\"en-US\",\"@id\":\"https:\\\/\\\/www.apen.es\\\/#\\\/schema\\\/logo\\\/image\\\/\",\"url\":\"https:\\\/\\\/www.apen.es\\\/wp-content\\\/uploads\\\/2022\\\/08\\\/logo-apenok-231x82-1.png\",\"contentUrl\":\"https:\\\/\\\/www.apen.es\\\/wp-content\\\/uploads\\\/2022\\\/08\\\/logo-apenok-231x82-1.png\",\"width\":231,\"height\":82,\"caption\":\"Apen: Soluciones inform\u00e1ticas\"},\"image\":{\"@id\":\"https:\\\/\\\/www.apen.es\\\/#\\\/schema\\\/logo\\\/image\\\/\"},\"sameAs\":[\"https:\\\/\\\/www.facebook.com\\\/apensolucions\",\"https:\\\/\\\/www.youtube.com\\\/user\\\/ApenCentreInformatic\",\"https:\\\/\\\/www.linkedin.com\\\/company\\\/1021771?trk=tyah&trkInfo=clickedVerticalcompanyclickedEntityId1021771idx2-1-2tarId1464195271196tasapenin\"]}]}<\/script>\n<!-- \/ Yoast SEO plugin. -->","yoast_head_json":{"title":"Computer repair - Apen Inform\u00e1tica","description":"We specialize in computer repair for businesses. We offer technological solutions to help companies.","robots":{"index":"index","follow":"follow","max-snippet":"max-snippet:-1","max-image-preview":"max-image-preview:large","max-video-preview":"max-video-preview:-1"},"canonical":"https:\/\/www.apen.es\/en\/computer-maintenance\/computer-equipment-repair\/","og_locale":"en_US","og_type":"article","og_title":"Reparaci\u00f3n de equipos inform\u00e1ticos - Apen Inform\u00e1tica","og_description":"Somos especialistas en reparaci\u00f3n de equipos inform\u00e1ticos para empresas. Ofrecemos soluciones tecnolog\u00edcas para ayudar a las empresas.","og_url":"https:\/\/www.apen.es\/en\/computer-maintenance\/computer-equipment-repair\/","og_site_name":"Apen Inform\u00e1tica","article_publisher":"https:\/\/www.facebook.com\/apensolucions","article_modified_time":"2025-07-09T10:14:48+00:00","og_image":[{"width":231,"height":82,"url":"https:\/\/www.apen.es\/wp-content\/uploads\/2016\/05\/logo-apen-231x82-trasparent.png","type":"image\/png"}],"twitter_card":"summary_large_image","twitter_misc":{"Est. reading time":"10 minutes"},"schema":{"@context":"https:\/\/schema.org","@graph":[{"@type":"WebPage","@id":"https:\/\/www.apen.es\/mantenimiento-informatico\/reparacion-de-equipos-informaticos\/","url":"https:\/\/www.apen.es\/mantenimiento-informatico\/reparacion-de-equipos-informaticos\/","name":"Computer repair - Apen Inform\u00e1tica","isPartOf":{"@id":"https:\/\/www.apen.es\/#website"},"datePublished":"2019-04-15T08:49:15+00:00","dateModified":"2025-07-09T10:14:48+00:00","description":"We specialize in computer repair for businesses. We offer technological solutions to help companies.","breadcrumb":{"@id":"https:\/\/www.apen.es\/mantenimiento-informatico\/reparacion-de-equipos-informaticos\/#breadcrumb"},"inLanguage":"en-US","potentialAction":[{"@type":"ReadAction","target":["https:\/\/www.apen.es\/mantenimiento-informatico\/reparacion-de-equipos-informaticos\/"]}]},{"@type":"BreadcrumbList","@id":"https:\/\/www.apen.es\/mantenimiento-informatico\/reparacion-de-equipos-informaticos\/#breadcrumb","itemListElement":[{"@type":"ListItem","position":1,"name":"Portada","item":"https:\/\/www.apen.es\/"},{"@type":"ListItem","position":2,"name":"Mantenimiento inform\u00e1tico","item":"https:\/\/www.apen.es\/mantenimiento-informatico\/"},{"@type":"ListItem","position":3,"name":"Reparaci\u00f3n de equipos inform\u00e1ticos"}]},{"@type":"WebSite","@id":"https:\/\/www.apen.es\/#website","url":"https:\/\/www.apen.es\/","name":"Apen Inform\u00e1tica","description":"IT Maintenance, Management Software, Printing Solutions","publisher":{"@id":"https:\/\/www.apen.es\/#organization"},"potentialAction":[{"@type":"SearchAction","target":{"@type":"EntryPoint","urlTemplate":"https:\/\/www.apen.es\/?s={search_term_string}"},"query-input":{"@type":"PropertyValueSpecification","valueRequired":true,"valueName":"search_term_string"}}],"inLanguage":"en-US"},{"@type":"Organization","@id":"https:\/\/www.apen.es\/#organization","name":"Apen: IT Solutions","url":"https:\/\/www.apen.es\/","logo":{"@type":"ImageObject","inLanguage":"en-US","@id":"https:\/\/www.apen.es\/#\/schema\/logo\/image\/","url":"https:\/\/www.apen.es\/wp-content\/uploads\/2022\/08\/logo-apenok-231x82-1.png","contentUrl":"https:\/\/www.apen.es\/wp-content\/uploads\/2022\/08\/logo-apenok-231x82-1.png","width":231,"height":82,"caption":"Apen: Soluciones inform\u00e1ticas"},"image":{"@id":"https:\/\/www.apen.es\/#\/schema\/logo\/image\/"},"sameAs":["https:\/\/www.facebook.com\/apensolucions","https:\/\/www.youtube.com\/user\/ApenCentreInformatic","https:\/\/www.linkedin.com\/company\/1021771?trk=tyah&trkInfo=clickedVerticalcompanyclickedEntityId1021771idx2-1-2tarId1464195271196tasapenin"]}]}},"taxonomy_info":[],"featured_image_src_large":false,"author_info":{"display_name":"marqueting","author_link":"https:\/\/www.apen.es\/en\/blog\/author\/marqueting\/"},"comment_info":0,"_links":{"self":[{"href":"https:\/\/www.apen.es\/en\/wp-json\/wp\/v2\/pages\/13821","targetHints":{"allow":["GET"]}}],"collection":[{"href":"https:\/\/www.apen.es\/en\/wp-json\/wp\/v2\/pages"}],"about":[{"href":"https:\/\/www.apen.es\/en\/wp-json\/wp\/v2\/types\/page"}],"author":[{"embeddable":true,"href":"https:\/\/www.apen.es\/en\/wp-json\/wp\/v2\/users\/4"}],"replies":[{"embeddable":true,"href":"https:\/\/www.apen.es\/en\/wp-json\/wp\/v2\/comments?post=13821"}],"version-history":[{"count":3,"href":"https:\/\/www.apen.es\/en\/wp-json\/wp\/v2\/pages\/13821\/revisions"}],"predecessor-version":[{"id":54474,"href":"https:\/\/www.apen.es\/en\/wp-json\/wp\/v2\/pages\/13821\/revisions\/54474"}],"up":[{"embeddable":true,"href":"https:\/\/www.apen.es\/en\/wp-json\/wp\/v2\/pages\/1357"}],"wp:attachment":[{"href":"https:\/\/www.apen.es\/en\/wp-json\/wp\/v2\/media?parent=13821"}],"curies":[{"name":"wp","href":"https:\/\/api.w.org\/{rel}","templated":true}]}}