{"id":13815,"date":"2019-04-15T08:38:04","date_gmt":"2019-04-15T08:38:04","guid":{"rendered":"https:\/\/www.apen.es\/?page_id=13815"},"modified":"2025-03-31T06:56:20","modified_gmt":"2025-03-31T06:56:20","slug":"network-maintenance-2","status":"publish","type":"page","link":"https:\/\/www.apen.es\/en\/mantenimiento-informatico\/mantenimiento-de-redes\/mantenimiento-de-redes-vic\/","title":{"rendered":"Vic Network Maintenance"},"content":{"rendered":"<p>If you want all your equipment to remain in optimal condition and perform at its best for a long time, we recommend investing in a&nbsp;<strong>network maintenance&nbsp;<\/strong>in<strong>&nbsp;Vic<\/strong>. This way you can enjoy a quality computer network from day one, obtaining greater security and stability for all your equipment.<\/p>\n\n\n\n<p>Thanks to the service of&nbsp;<strong>network maintenance&nbsp;<\/strong>in<strong>&nbsp;Vic<\/strong>&nbsp;What we offer at Apen is that your computers will remain free of computer viruses, work more productively, have a more proactive and efficient network connection, and you can enjoy all their features and functionalities without fearing system failures or constant technical problems.<\/p>\n\n\n\n<p>Your SME can enjoy great advantages with the&nbsp;<strong>network maintenance&nbsp;<\/strong>in<strong>&nbsp;Vic<\/strong>, Thanks to the professional and effective work of our technical team specializing in IT maintenance and security, we offer three options for the best IT maintenance service: Basic Maintenance, Outsourcing Maintenance, and Premium Maintenance. These three distinct options, ranging from least to most complex, can help you resolve any type of technical issue or system failure, protect your computer from attacks or viruses, and implement improvements that will benefit your system and ensure it operates at peak performance.<\/p>\n\n\n\n<p>We have over 25 years of experience in this sector, which has allowed us to learn a great deal, as we have been able to respond to all kinds of situations in companies of all types. Over the years, we have refined our techniques, but we have never lost sight of our main objective: to satisfy our clients&#039; needs by creating customized proposals tailored to each SME.<\/p>\n\n\n\n<p>At Apen, you&#039;ll find expert advice and tailored solutions to help you get the most out of your cutting-edge equipment. We always work with leading brands to guarantee the highest quality in our IT equipment, and we also offer technology leasing services so that any type of business can benefit from the advantages of the latest generation of IT equipment.<\/p>\n\n\n\n<p>The advantages of having a&nbsp;<strong>maintenance<\/strong>&nbsp;professional&nbsp;<strong>of networks&nbsp;<\/strong>computer science in<strong>&nbsp;Vic<\/strong>&nbsp;There are many, such as obtaining an intelligent, professional and adapted system, to enjoy a network of efficient computers capable of increasing productivity among workers.<\/p>\n\n\n\n<p>On our website you can find a description of each of the services we can offer you, from the&nbsp;<strong>computer network maintenance&nbsp;<\/strong>in<strong>&nbsp;Vic<\/strong>&nbsp;from the best printing solutions for your company to the implementation of a3ERP software, which unifies all departments of your SME in the same program.<\/p>","protected":false},"excerpt":{"rendered":"<p>Si quieres que todos tus equipos se mantengan en un estado \u00f3ptimo y funcionen a pleno rendimiento durante mucho tiempo, te recomendamos invertir en un&nbsp;mantenimiento de redes&nbsp;en&nbsp;Vic. De esta forma podr\u00e1s disfrutar de una red inform\u00e1tica de calidad desde el primer d\u00eda, obteniendo una mayor seguridad y estabilidad en todos tus equipos. Gracias al servicio&#8230;<\/p>","protected":false},"author":4,"featured_media":0,"parent":13742,"menu_order":0,"comment_status":"closed","ping_status":"closed","template":"page-servicio-informatico.php","meta":{"_acf_changed":false,"_kad_blocks_custom_css":"","_kad_blocks_head_custom_js":"","_kad_blocks_body_custom_js":"","_kad_blocks_footer_custom_js":"","_kad_post_transparent":"","_kad_post_title":"","_kad_post_layout":"","_kad_post_sidebar_id":"","_kad_post_content_style":"","_kad_post_vertical_padding":"","_kad_post_feature":"","_kad_post_feature_position":"","_kad_post_header":false,"_kad_post_footer":false,"_kad_post_classname":"","footnotes":""},"class_list":["post-13815","page","type-page","status-publish","hentry"],"acf":[],"yoast_head":"<!-- This site is optimized with the Yoast SEO plugin v27.4 - https:\/\/yoast.com\/product\/yoast-seo-wordpress\/ -->\n<title>Mantenimiento de redes Vic - Apen Inform\u00e1tica<\/title>\n<meta name=\"description\" content=\"Servicio de mantenieminto de redes inform\u00e1ticas en Vic. Disponemos de personal especializado en el mantenimiento y reparaci\u00f3n de redes. Conf\u00eda en Apen.\" \/>\n<meta name=\"robots\" content=\"index, follow, max-snippet:-1, max-image-preview:large, max-video-preview:-1\" \/>\n<link rel=\"canonical\" href=\"https:\/\/www.apen.es\/en\/computer-maintenance\/network-maintenance\/network-maintenance-2\/\" \/>\n<meta property=\"og:locale\" content=\"en_US\" \/>\n<meta property=\"og:type\" content=\"article\" \/>\n<meta property=\"og:title\" content=\"Mantenimiento de redes Vic - Apen Inform\u00e1tica\" \/>\n<meta property=\"og:description\" content=\"Servicio de mantenieminto de redes inform\u00e1ticas en Vic. Disponemos de personal especializado en el mantenimiento y reparaci\u00f3n de redes. Conf\u00eda en Apen.\" \/>\n<meta property=\"og:url\" content=\"https:\/\/www.apen.es\/en\/computer-maintenance\/network-maintenance\/network-maintenance-2\/\" \/>\n<meta property=\"og:site_name\" content=\"Apen Inform\u00e1tica\" \/>\n<meta property=\"article:publisher\" content=\"https:\/\/www.facebook.com\/apensolucions\" \/>\n<meta property=\"article:modified_time\" content=\"2025-03-31T06:56:20+00:00\" \/>\n<meta property=\"og:image\" content=\"https:\/\/www.apen.es\/wp-content\/uploads\/2016\/05\/logo-apen-231x82-trasparent.png\" \/>\n\t<meta property=\"og:image:width\" content=\"231\" \/>\n\t<meta property=\"og:image:height\" content=\"82\" \/>\n\t<meta property=\"og:image:type\" content=\"image\/png\" \/>\n<meta name=\"twitter:card\" content=\"summary_large_image\" \/>\n<meta name=\"twitter:label1\" content=\"Est. reading time\" \/>\n\t<meta name=\"twitter:data1\" content=\"10 minutes\" \/>\n<script type=\"application\/ld+json\" class=\"yoast-schema-graph\">{\"@context\":\"https:\\\/\\\/schema.org\",\"@graph\":[{\"@type\":\"WebPage\",\"@id\":\"https:\\\/\\\/www.apen.es\\\/mantenimiento-informatico\\\/mantenimiento-de-redes\\\/mantenimiento-de-redes-vic\\\/\",\"url\":\"https:\\\/\\\/www.apen.es\\\/mantenimiento-informatico\\\/mantenimiento-de-redes\\\/mantenimiento-de-redes-vic\\\/\",\"name\":\"Mantenimiento de redes Vic - Apen Inform\u00e1tica\",\"isPartOf\":{\"@id\":\"https:\\\/\\\/www.apen.es\\\/#website\"},\"datePublished\":\"2019-04-15T08:38:04+00:00\",\"dateModified\":\"2025-03-31T06:56:20+00:00\",\"description\":\"Servicio de mantenieminto de redes inform\u00e1ticas en Vic. Disponemos de personal especializado en el mantenimiento y reparaci\u00f3n de redes. Conf\u00eda en Apen.\",\"breadcrumb\":{\"@id\":\"https:\\\/\\\/www.apen.es\\\/mantenimiento-informatico\\\/mantenimiento-de-redes\\\/mantenimiento-de-redes-vic\\\/#breadcrumb\"},\"inLanguage\":\"en-US\",\"potentialAction\":[{\"@type\":\"ReadAction\",\"target\":[\"https:\\\/\\\/www.apen.es\\\/mantenimiento-informatico\\\/mantenimiento-de-redes\\\/mantenimiento-de-redes-vic\\\/\"]}]},{\"@type\":\"BreadcrumbList\",\"@id\":\"https:\\\/\\\/www.apen.es\\\/mantenimiento-informatico\\\/mantenimiento-de-redes\\\/mantenimiento-de-redes-vic\\\/#breadcrumb\",\"itemListElement\":[{\"@type\":\"ListItem\",\"position\":1,\"name\":\"Portada\",\"item\":\"https:\\\/\\\/www.apen.es\\\/\"},{\"@type\":\"ListItem\",\"position\":2,\"name\":\"Mantenimiento inform\u00e1tico\",\"item\":\"https:\\\/\\\/www.apen.es\\\/mantenimiento-informatico\\\/\"},{\"@type\":\"ListItem\",\"position\":3,\"name\":\"Mantenimiento de redes\",\"item\":\"https:\\\/\\\/www.apen.es\\\/mantenimiento-informatico\\\/mantenimiento-de-redes\\\/\"},{\"@type\":\"ListItem\",\"position\":4,\"name\":\"Mantenimiento de redes Vic\"}]},{\"@type\":\"WebSite\",\"@id\":\"https:\\\/\\\/www.apen.es\\\/#website\",\"url\":\"https:\\\/\\\/www.apen.es\\\/\",\"name\":\"Apen Inform\u00e1tica\",\"description\":\"Mantenimiento Inform\u00e1tico , Software de Gesti\u00f3n, Soluciones de impresi\u00f3n\",\"publisher\":{\"@id\":\"https:\\\/\\\/www.apen.es\\\/#organization\"},\"potentialAction\":[{\"@type\":\"SearchAction\",\"target\":{\"@type\":\"EntryPoint\",\"urlTemplate\":\"https:\\\/\\\/www.apen.es\\\/?s={search_term_string}\"},\"query-input\":{\"@type\":\"PropertyValueSpecification\",\"valueRequired\":true,\"valueName\":\"search_term_string\"}}],\"inLanguage\":\"en-US\"},{\"@type\":\"Organization\",\"@id\":\"https:\\\/\\\/www.apen.es\\\/#organization\",\"name\":\"Apen: Soluciones inform\u00e1ticas\",\"url\":\"https:\\\/\\\/www.apen.es\\\/\",\"logo\":{\"@type\":\"ImageObject\",\"inLanguage\":\"en-US\",\"@id\":\"https:\\\/\\\/www.apen.es\\\/#\\\/schema\\\/logo\\\/image\\\/\",\"url\":\"https:\\\/\\\/www.apen.es\\\/wp-content\\\/uploads\\\/2022\\\/08\\\/logo-apenok-231x82-1.png\",\"contentUrl\":\"https:\\\/\\\/www.apen.es\\\/wp-content\\\/uploads\\\/2022\\\/08\\\/logo-apenok-231x82-1.png\",\"width\":231,\"height\":82,\"caption\":\"Apen: Soluciones inform\u00e1ticas\"},\"image\":{\"@id\":\"https:\\\/\\\/www.apen.es\\\/#\\\/schema\\\/logo\\\/image\\\/\"},\"sameAs\":[\"https:\\\/\\\/www.facebook.com\\\/apensolucions\",\"https:\\\/\\\/www.youtube.com\\\/user\\\/ApenCentreInformatic\",\"https:\\\/\\\/www.linkedin.com\\\/company\\\/1021771?trk=tyah&trkInfo=clickedVerticalcompanyclickedEntityId1021771idx2-1-2tarId1464195271196tasapenin\"]}]}<\/script>\n<!-- \/ Yoast SEO plugin. -->","yoast_head_json":{"title":"Vic Network Maintenance - Apen Informatics","description":"Computer network maintenance service in Vic. We have specialized personnel for network maintenance and repair. Trust Apen.","robots":{"index":"index","follow":"follow","max-snippet":"max-snippet:-1","max-image-preview":"max-image-preview:large","max-video-preview":"max-video-preview:-1"},"canonical":"https:\/\/www.apen.es\/en\/computer-maintenance\/network-maintenance\/network-maintenance-2\/","og_locale":"en_US","og_type":"article","og_title":"Mantenimiento de redes Vic - Apen Inform\u00e1tica","og_description":"Servicio de mantenieminto de redes inform\u00e1ticas en Vic. Disponemos de personal especializado en el mantenimiento y reparaci\u00f3n de redes. Conf\u00eda en Apen.","og_url":"https:\/\/www.apen.es\/en\/computer-maintenance\/network-maintenance\/network-maintenance-2\/","og_site_name":"Apen Inform\u00e1tica","article_publisher":"https:\/\/www.facebook.com\/apensolucions","article_modified_time":"2025-03-31T06:56:20+00:00","og_image":[{"width":231,"height":82,"url":"https:\/\/www.apen.es\/wp-content\/uploads\/2016\/05\/logo-apen-231x82-trasparent.png","type":"image\/png"}],"twitter_card":"summary_large_image","twitter_misc":{"Est. reading time":"10 minutes"},"schema":{"@context":"https:\/\/schema.org","@graph":[{"@type":"WebPage","@id":"https:\/\/www.apen.es\/mantenimiento-informatico\/mantenimiento-de-redes\/mantenimiento-de-redes-vic\/","url":"https:\/\/www.apen.es\/mantenimiento-informatico\/mantenimiento-de-redes\/mantenimiento-de-redes-vic\/","name":"Vic Network Maintenance - Apen Informatics","isPartOf":{"@id":"https:\/\/www.apen.es\/#website"},"datePublished":"2019-04-15T08:38:04+00:00","dateModified":"2025-03-31T06:56:20+00:00","description":"Computer network maintenance service in Vic. We have specialized personnel for network maintenance and repair. Trust Apen.","breadcrumb":{"@id":"https:\/\/www.apen.es\/mantenimiento-informatico\/mantenimiento-de-redes\/mantenimiento-de-redes-vic\/#breadcrumb"},"inLanguage":"en-US","potentialAction":[{"@type":"ReadAction","target":["https:\/\/www.apen.es\/mantenimiento-informatico\/mantenimiento-de-redes\/mantenimiento-de-redes-vic\/"]}]},{"@type":"BreadcrumbList","@id":"https:\/\/www.apen.es\/mantenimiento-informatico\/mantenimiento-de-redes\/mantenimiento-de-redes-vic\/#breadcrumb","itemListElement":[{"@type":"ListItem","position":1,"name":"Portada","item":"https:\/\/www.apen.es\/"},{"@type":"ListItem","position":2,"name":"Mantenimiento inform\u00e1tico","item":"https:\/\/www.apen.es\/mantenimiento-informatico\/"},{"@type":"ListItem","position":3,"name":"Mantenimiento de redes","item":"https:\/\/www.apen.es\/mantenimiento-informatico\/mantenimiento-de-redes\/"},{"@type":"ListItem","position":4,"name":"Mantenimiento de redes Vic"}]},{"@type":"WebSite","@id":"https:\/\/www.apen.es\/#website","url":"https:\/\/www.apen.es\/","name":"Apen Inform\u00e1tica","description":"IT Maintenance, Management Software, Printing Solutions","publisher":{"@id":"https:\/\/www.apen.es\/#organization"},"potentialAction":[{"@type":"SearchAction","target":{"@type":"EntryPoint","urlTemplate":"https:\/\/www.apen.es\/?s={search_term_string}"},"query-input":{"@type":"PropertyValueSpecification","valueRequired":true,"valueName":"search_term_string"}}],"inLanguage":"en-US"},{"@type":"Organization","@id":"https:\/\/www.apen.es\/#organization","name":"Apen: IT Solutions","url":"https:\/\/www.apen.es\/","logo":{"@type":"ImageObject","inLanguage":"en-US","@id":"https:\/\/www.apen.es\/#\/schema\/logo\/image\/","url":"https:\/\/www.apen.es\/wp-content\/uploads\/2022\/08\/logo-apenok-231x82-1.png","contentUrl":"https:\/\/www.apen.es\/wp-content\/uploads\/2022\/08\/logo-apenok-231x82-1.png","width":231,"height":82,"caption":"Apen: Soluciones inform\u00e1ticas"},"image":{"@id":"https:\/\/www.apen.es\/#\/schema\/logo\/image\/"},"sameAs":["https:\/\/www.facebook.com\/apensolucions","https:\/\/www.youtube.com\/user\/ApenCentreInformatic","https:\/\/www.linkedin.com\/company\/1021771?trk=tyah&trkInfo=clickedVerticalcompanyclickedEntityId1021771idx2-1-2tarId1464195271196tasapenin"]}]}},"taxonomy_info":[],"featured_image_src_large":false,"author_info":{"display_name":"marqueting","author_link":"https:\/\/www.apen.es\/en\/blog\/author\/marqueting\/"},"comment_info":0,"_links":{"self":[{"href":"https:\/\/www.apen.es\/en\/wp-json\/wp\/v2\/pages\/13815","targetHints":{"allow":["GET"]}}],"collection":[{"href":"https:\/\/www.apen.es\/en\/wp-json\/wp\/v2\/pages"}],"about":[{"href":"https:\/\/www.apen.es\/en\/wp-json\/wp\/v2\/types\/page"}],"author":[{"embeddable":true,"href":"https:\/\/www.apen.es\/en\/wp-json\/wp\/v2\/users\/4"}],"replies":[{"embeddable":true,"href":"https:\/\/www.apen.es\/en\/wp-json\/wp\/v2\/comments?post=13815"}],"version-history":[{"count":2,"href":"https:\/\/www.apen.es\/en\/wp-json\/wp\/v2\/pages\/13815\/revisions"}],"predecessor-version":[{"id":54557,"href":"https:\/\/www.apen.es\/en\/wp-json\/wp\/v2\/pages\/13815\/revisions\/54557"}],"up":[{"embeddable":true,"href":"https:\/\/www.apen.es\/en\/wp-json\/wp\/v2\/pages\/13742"}],"wp:attachment":[{"href":"https:\/\/www.apen.es\/en\/wp-json\/wp\/v2\/media?parent=13815"}],"curies":[{"name":"wp","href":"https:\/\/api.w.org\/{rel}","templated":true}]}}