{"id":13803,"date":"2019-04-15T08:25:02","date_gmt":"2019-04-15T08:25:02","guid":{"rendered":"https:\/\/www.apen.es\/?page_id=13803"},"modified":"2026-04-20T11:31:20","modified_gmt":"2026-04-20T11:31:20","slug":"computer-equipment-maintenance","status":"publish","type":"page","link":"https:\/\/www.apen.es\/en\/mantenimiento-informatico\/mantenimiento-de-equipos-informaticos\/","title":{"rendered":"IT maintenance in Vall\u00e8s Oriental"},"content":{"rendered":"<p>Apen is the leading IT maintenance company in the Vall\u00e8s Oriental region. Based in Les Franqueses del Vall\u00e8s, in the heart of the region, we offer rapid on-site support to all businesses in Vall\u00e8s Oriental: Granollers, Mollet del Vall\u00e8s, La Garriga, Cardedeu, Parets del Vall\u00e8s, and all other municipalities in the region. With over 35 years of experience and more than a thousand contracts in the sector, we are the trusted technology partner for SMEs in the area.<\/p>\n\n\n\n<p>With us, you&#039;ll always find quick and effective solutions, thanks to the experience and professionalism of our highly qualified technical team. They&#039;ll take care of keeping your company&#039;s computers running smoothly through continuous maintenance.&nbsp;<strong>maintenance<\/strong>&nbsp;of the&nbsp;<strong>computer equipment<\/strong>.<\/p>\n\n\n\n<p>At Apen you can choose between three different options&nbsp;<strong>maintenance<\/strong>&nbsp;for your&nbsp;<strong>teams<\/strong>&nbsp;<strong>computer scientists<\/strong>Basic, Outsourcing, and Premium, ranging from least to most complex, but all three aim to improve the performance of SMEs and offer quality technical support through the&nbsp;<strong>maintenance of&nbsp;<\/strong>the<strong>&nbsp;computer equipment<\/strong>. The choice between one or the other will depend on the client&#039;s preferences, budget, business objectives, and, above all, the actual needs of each company. It should be noted, however, that all three maintenance services are fully adaptable and adjustable.<\/p>\n\n\n\n<p>The service of&nbsp;<strong>computer equipment maintenance<\/strong>&nbsp;Apen stands out from other companies in the sector, clearly, due to its personalized attention and services tailored to each client. Furthermore, it consistently uses cutting-edge products and services from leading brands and boasts over 35 years of experience and a team led by technical specialists in IT maintenance and security.<\/p>\n\n\n\n<p>Our service will allow you to enjoy top-quality performance from your equipment, making it a smart and competitive resource for your company and a future investment that will achieve great results and free you from the responsibility of solving any technical problems with your equipment.<\/p>\n\n\n\n<p>We specialize in the implementation and&nbsp;<strong>computer equipment maintenance<\/strong>&nbsp;We provide specific solutions for business management to enhance competitiveness. Through expert advice, the ability to propose customized systems tailored to each client&#039;s needs, and the provision of top-quality, state-of-the-art multifunctional equipment at reasonable prices, we have established ourselves as a leading company in this sector within the province of Barcelona.<\/p>\n\n\n\n<p>Currently, our main areas of operation are in Vall\u00e8s Oriental, Vall\u00e8s Occidental, Maresme, and Barcelon\u00e8s. However, we now have extensive national coverage thanks to our network of partners. If you would like to learn more about our company or any of the services we offer, please visit our website and contact us.<\/p>","protected":false},"excerpt":{"rendered":"<p>Apen es la empresa de referencia en mantenimiento inform\u00e1tico en el Vall\u00e8s Oriental. Con sede en Les Franqueses del Vall\u00e8s, en el coraz\u00f3n de la comarca, ofrecemos cobertura presencial r\u00e1pida a todas las empresas del Vall\u00e8s Oriental: Granollers, Mollet del Vall\u00e9s, La Garriga, Cardedeu, Parets del Vall\u00e8s y todo el resto de municipios de la&#8230;<\/p>","protected":false},"author":4,"featured_media":0,"parent":1357,"menu_order":0,"comment_status":"closed","ping_status":"closed","template":"page-servicio-informatico.php","meta":{"_acf_changed":false,"_kad_blocks_custom_css":"","_kad_blocks_head_custom_js":"","_kad_blocks_body_custom_js":"","_kad_blocks_footer_custom_js":"","_kad_post_transparent":"","_kad_post_title":"","_kad_post_layout":"","_kad_post_sidebar_id":"","_kad_post_content_style":"","_kad_post_vertical_padding":"","_kad_post_feature":"","_kad_post_feature_position":"","_kad_post_header":false,"_kad_post_footer":false,"_kad_post_classname":"","footnotes":""},"class_list":["post-13803","page","type-page","status-publish","hentry"],"acf":[],"yoast_head":"<!-- This site is optimized with the Yoast SEO plugin v27.4 - https:\/\/yoast.com\/product\/yoast-seo-wordpress\/ -->\n<title>Mantenimiento inform\u00e1tico en el Vall\u00e8s Oriental - Apen Inform\u00e1tica<\/title>\n<meta name=\"description\" content=\"Mantenimiento inform\u00e1tico en el Vall\u00e8s Oriental: tarifa plana, soporte ilimitado y atenci\u00f3n 24\/7. Empresa local con sede en Les Franqueses del Vall\u00e8s. Pide presupuesto sin compromiso.\" \/>\n<meta name=\"robots\" content=\"index, follow, max-snippet:-1, max-image-preview:large, max-video-preview:-1\" \/>\n<link rel=\"canonical\" href=\"https:\/\/www.apen.es\/en\/computer-maintenance\/computer-equipment-maintenance\/\" \/>\n<meta property=\"og:locale\" content=\"en_US\" \/>\n<meta property=\"og:type\" content=\"article\" \/>\n<meta property=\"og:title\" content=\"Mantenimiento inform\u00e1tico en el Vall\u00e8s Oriental - Apen Inform\u00e1tica\" \/>\n<meta property=\"og:description\" content=\"Mantenimiento inform\u00e1tico en el Vall\u00e8s Oriental: tarifa plana, soporte ilimitado y atenci\u00f3n 24\/7. Empresa local con sede en Les Franqueses del Vall\u00e8s. Pide presupuesto sin compromiso.\" \/>\n<meta property=\"og:url\" content=\"https:\/\/www.apen.es\/en\/computer-maintenance\/computer-equipment-maintenance\/\" \/>\n<meta property=\"og:site_name\" content=\"Apen Inform\u00e1tica\" \/>\n<meta property=\"article:publisher\" content=\"https:\/\/www.facebook.com\/apensolucions\" \/>\n<meta property=\"article:modified_time\" content=\"2026-04-20T11:31:20+00:00\" \/>\n<meta property=\"og:image\" content=\"https:\/\/www.apen.es\/wp-content\/uploads\/2016\/05\/logo-apen-231x82-trasparent.png\" \/>\n\t<meta property=\"og:image:width\" content=\"231\" \/>\n\t<meta property=\"og:image:height\" content=\"82\" \/>\n\t<meta property=\"og:image:type\" content=\"image\/png\" \/>\n<meta name=\"twitter:card\" content=\"summary_large_image\" \/>\n<meta name=\"twitter:label1\" content=\"Est. reading time\" \/>\n\t<meta name=\"twitter:data1\" content=\"3 minutes\" \/>\n<script type=\"application\/ld+json\" class=\"yoast-schema-graph\">{\"@context\":\"https:\\\/\\\/schema.org\",\"@graph\":[{\"@type\":\"WebPage\",\"@id\":\"https:\\\/\\\/www.apen.es\\\/mantenimiento-informatico\\\/mantenimiento-de-equipos-informaticos\\\/\",\"url\":\"https:\\\/\\\/www.apen.es\\\/mantenimiento-informatico\\\/mantenimiento-de-equipos-informaticos\\\/\",\"name\":\"Mantenimiento inform\u00e1tico en el Vall\u00e8s Oriental - Apen Inform\u00e1tica\",\"isPartOf\":{\"@id\":\"https:\\\/\\\/www.apen.es\\\/#website\"},\"datePublished\":\"2019-04-15T08:25:02+00:00\",\"dateModified\":\"2026-04-20T11:31:20+00:00\",\"description\":\"Mantenimiento inform\u00e1tico en el Vall\u00e8s Oriental: tarifa plana, soporte ilimitado y atenci\u00f3n 24\\\/7. Empresa local con sede en Les Franqueses del Vall\u00e8s. Pide presupuesto sin compromiso.\",\"breadcrumb\":{\"@id\":\"https:\\\/\\\/www.apen.es\\\/mantenimiento-informatico\\\/mantenimiento-de-equipos-informaticos\\\/#breadcrumb\"},\"inLanguage\":\"en-US\",\"potentialAction\":[{\"@type\":\"ReadAction\",\"target\":[\"https:\\\/\\\/www.apen.es\\\/mantenimiento-informatico\\\/mantenimiento-de-equipos-informaticos\\\/\"]}]},{\"@type\":\"BreadcrumbList\",\"@id\":\"https:\\\/\\\/www.apen.es\\\/mantenimiento-informatico\\\/mantenimiento-de-equipos-informaticos\\\/#breadcrumb\",\"itemListElement\":[{\"@type\":\"ListItem\",\"position\":1,\"name\":\"Portada\",\"item\":\"https:\\\/\\\/www.apen.es\\\/\"},{\"@type\":\"ListItem\",\"position\":2,\"name\":\"Mantenimiento inform\u00e1tico\",\"item\":\"https:\\\/\\\/www.apen.es\\\/mantenimiento-informatico\\\/\"},{\"@type\":\"ListItem\",\"position\":3,\"name\":\"Mantenimiento inform\u00e1tico en el Vall\u00e8s Oriental\"}]},{\"@type\":\"WebSite\",\"@id\":\"https:\\\/\\\/www.apen.es\\\/#website\",\"url\":\"https:\\\/\\\/www.apen.es\\\/\",\"name\":\"Apen Inform\u00e1tica\",\"description\":\"Mantenimiento Inform\u00e1tico , Software de Gesti\u00f3n, Soluciones de impresi\u00f3n\",\"publisher\":{\"@id\":\"https:\\\/\\\/www.apen.es\\\/#organization\"},\"potentialAction\":[{\"@type\":\"SearchAction\",\"target\":{\"@type\":\"EntryPoint\",\"urlTemplate\":\"https:\\\/\\\/www.apen.es\\\/?s={search_term_string}\"},\"query-input\":{\"@type\":\"PropertyValueSpecification\",\"valueRequired\":true,\"valueName\":\"search_term_string\"}}],\"inLanguage\":\"en-US\"},{\"@type\":\"Organization\",\"@id\":\"https:\\\/\\\/www.apen.es\\\/#organization\",\"name\":\"Apen: Soluciones inform\u00e1ticas\",\"url\":\"https:\\\/\\\/www.apen.es\\\/\",\"logo\":{\"@type\":\"ImageObject\",\"inLanguage\":\"en-US\",\"@id\":\"https:\\\/\\\/www.apen.es\\\/#\\\/schema\\\/logo\\\/image\\\/\",\"url\":\"https:\\\/\\\/www.apen.es\\\/wp-content\\\/uploads\\\/2022\\\/08\\\/logo-apenok-231x82-1.png\",\"contentUrl\":\"https:\\\/\\\/www.apen.es\\\/wp-content\\\/uploads\\\/2022\\\/08\\\/logo-apenok-231x82-1.png\",\"width\":231,\"height\":82,\"caption\":\"Apen: Soluciones inform\u00e1ticas\"},\"image\":{\"@id\":\"https:\\\/\\\/www.apen.es\\\/#\\\/schema\\\/logo\\\/image\\\/\"},\"sameAs\":[\"https:\\\/\\\/www.facebook.com\\\/apensolucions\",\"https:\\\/\\\/www.youtube.com\\\/user\\\/ApenCentreInformatic\",\"https:\\\/\\\/www.linkedin.com\\\/company\\\/1021771?trk=tyah&trkInfo=clickedVerticalcompanyclickedEntityId1021771idx2-1-2tarId1464195271196tasapenin\"]}]}<\/script>\n<!-- \/ Yoast SEO plugin. -->","yoast_head_json":{"title":"IT maintenance in Vall\u00e8s Oriental - Apen Inform\u00e1tica","description":"IT maintenance in Vall\u00e8s Oriental: flat rate, unlimited support, and 24\/7 service. Local company based in Les Franqueses del Vall\u00e8s. Request a free quote.","robots":{"index":"index","follow":"follow","max-snippet":"max-snippet:-1","max-image-preview":"max-image-preview:large","max-video-preview":"max-video-preview:-1"},"canonical":"https:\/\/www.apen.es\/en\/computer-maintenance\/computer-equipment-maintenance\/","og_locale":"en_US","og_type":"article","og_title":"Mantenimiento inform\u00e1tico en el Vall\u00e8s Oriental - Apen Inform\u00e1tica","og_description":"Mantenimiento inform\u00e1tico en el Vall\u00e8s Oriental: tarifa plana, soporte ilimitado y atenci\u00f3n 24\/7. Empresa local con sede en Les Franqueses del Vall\u00e8s. Pide presupuesto sin compromiso.","og_url":"https:\/\/www.apen.es\/en\/computer-maintenance\/computer-equipment-maintenance\/","og_site_name":"Apen Inform\u00e1tica","article_publisher":"https:\/\/www.facebook.com\/apensolucions","article_modified_time":"2026-04-20T11:31:20+00:00","og_image":[{"width":231,"height":82,"url":"https:\/\/www.apen.es\/wp-content\/uploads\/2016\/05\/logo-apen-231x82-trasparent.png","type":"image\/png"}],"twitter_card":"summary_large_image","twitter_misc":{"Est. reading time":"3 minutes"},"schema":{"@context":"https:\/\/schema.org","@graph":[{"@type":"WebPage","@id":"https:\/\/www.apen.es\/mantenimiento-informatico\/mantenimiento-de-equipos-informaticos\/","url":"https:\/\/www.apen.es\/mantenimiento-informatico\/mantenimiento-de-equipos-informaticos\/","name":"IT maintenance in Vall\u00e8s Oriental - Apen Inform\u00e1tica","isPartOf":{"@id":"https:\/\/www.apen.es\/#website"},"datePublished":"2019-04-15T08:25:02+00:00","dateModified":"2026-04-20T11:31:20+00:00","description":"IT maintenance in Vall\u00e8s Oriental: flat rate, unlimited support, and 24\/7 service. Local company based in Les Franqueses del Vall\u00e8s. Request a free quote.","breadcrumb":{"@id":"https:\/\/www.apen.es\/mantenimiento-informatico\/mantenimiento-de-equipos-informaticos\/#breadcrumb"},"inLanguage":"en-US","potentialAction":[{"@type":"ReadAction","target":["https:\/\/www.apen.es\/mantenimiento-informatico\/mantenimiento-de-equipos-informaticos\/"]}]},{"@type":"BreadcrumbList","@id":"https:\/\/www.apen.es\/mantenimiento-informatico\/mantenimiento-de-equipos-informaticos\/#breadcrumb","itemListElement":[{"@type":"ListItem","position":1,"name":"Portada","item":"https:\/\/www.apen.es\/"},{"@type":"ListItem","position":2,"name":"Mantenimiento inform\u00e1tico","item":"https:\/\/www.apen.es\/mantenimiento-informatico\/"},{"@type":"ListItem","position":3,"name":"Mantenimiento inform\u00e1tico en el Vall\u00e8s Oriental"}]},{"@type":"WebSite","@id":"https:\/\/www.apen.es\/#website","url":"https:\/\/www.apen.es\/","name":"Apen Inform\u00e1tica","description":"IT Maintenance, Management Software, Printing Solutions","publisher":{"@id":"https:\/\/www.apen.es\/#organization"},"potentialAction":[{"@type":"SearchAction","target":{"@type":"EntryPoint","urlTemplate":"https:\/\/www.apen.es\/?s={search_term_string}"},"query-input":{"@type":"PropertyValueSpecification","valueRequired":true,"valueName":"search_term_string"}}],"inLanguage":"en-US"},{"@type":"Organization","@id":"https:\/\/www.apen.es\/#organization","name":"Apen: IT Solutions","url":"https:\/\/www.apen.es\/","logo":{"@type":"ImageObject","inLanguage":"en-US","@id":"https:\/\/www.apen.es\/#\/schema\/logo\/image\/","url":"https:\/\/www.apen.es\/wp-content\/uploads\/2022\/08\/logo-apenok-231x82-1.png","contentUrl":"https:\/\/www.apen.es\/wp-content\/uploads\/2022\/08\/logo-apenok-231x82-1.png","width":231,"height":82,"caption":"Apen: Soluciones inform\u00e1ticas"},"image":{"@id":"https:\/\/www.apen.es\/#\/schema\/logo\/image\/"},"sameAs":["https:\/\/www.facebook.com\/apensolucions","https:\/\/www.youtube.com\/user\/ApenCentreInformatic","https:\/\/www.linkedin.com\/company\/1021771?trk=tyah&trkInfo=clickedVerticalcompanyclickedEntityId1021771idx2-1-2tarId1464195271196tasapenin"]}]}},"taxonomy_info":[],"featured_image_src_large":false,"author_info":{"display_name":"marqueting","author_link":"https:\/\/www.apen.es\/en\/blog\/author\/marqueting\/"},"comment_info":0,"_links":{"self":[{"href":"https:\/\/www.apen.es\/en\/wp-json\/wp\/v2\/pages\/13803","targetHints":{"allow":["GET"]}}],"collection":[{"href":"https:\/\/www.apen.es\/en\/wp-json\/wp\/v2\/pages"}],"about":[{"href":"https:\/\/www.apen.es\/en\/wp-json\/wp\/v2\/types\/page"}],"author":[{"embeddable":true,"href":"https:\/\/www.apen.es\/en\/wp-json\/wp\/v2\/users\/4"}],"replies":[{"embeddable":true,"href":"https:\/\/www.apen.es\/en\/wp-json\/wp\/v2\/comments?post=13803"}],"version-history":[{"count":5,"href":"https:\/\/www.apen.es\/en\/wp-json\/wp\/v2\/pages\/13803\/revisions"}],"predecessor-version":[{"id":63692,"href":"https:\/\/www.apen.es\/en\/wp-json\/wp\/v2\/pages\/13803\/revisions\/63692"}],"up":[{"embeddable":true,"href":"https:\/\/www.apen.es\/en\/wp-json\/wp\/v2\/pages\/1357"}],"wp:attachment":[{"href":"https:\/\/www.apen.es\/en\/wp-json\/wp\/v2\/media?parent=13803"}],"curies":[{"name":"wp","href":"https:\/\/api.w.org\/{rel}","templated":true}]}}