{"id":13799,"date":"2019-04-15T08:20:03","date_gmt":"2019-04-15T08:20:03","guid":{"rendered":"https:\/\/www.apen.es\/?page_id=13799"},"modified":"2025-03-31T06:55:21","modified_gmt":"2025-03-31T06:55:21","slug":"network-maintenance-granollers","status":"publish","type":"page","link":"https:\/\/www.apen.es\/en\/mantenimiento-informatico\/mantenimiento-de-redes\/mantenimiento-de-redes-granollers\/","title":{"rendered":"Network maintenance Granollers"},"content":{"rendered":"<p>Apen, we are a large company dedicated, among other things, to&nbsp;<strong>network maintenance in<\/strong>&nbsp;<strong>Granollers<\/strong>, We have extensive experience in the IT sector, spanning over 25 years, which has allowed us to learn a great deal over the years. This is thanks to our growth alongside the industry, which has experienced significant advancements in recent years. Throughout this time, we have been able to address all kinds of situations in companies across diverse sectors, as IT is essential in virtually every industry today.<\/p>\n\n\n\n<p>Over the years, we have refined our technique, but we have never lost sight of our main objective: to satisfy our clients&#039; needs by creating personalized proposals tailored to each SME. We believe that every SME is different and therefore requires customized solutions that adapt to its specific requirements.&nbsp;<strong>network maintenance in Granollers<\/strong>&nbsp;that they need.<\/p>\n\n\n\n<p>The benefits of having a&nbsp;<strong>maintenance<\/strong>&nbsp;<strong>of networks in Granollers<\/strong>&nbsp;There are countless benefits, but we can highlight the most important ones, such as obtaining an intelligent, professional system tailored to your business, allowing you to enjoy a network of efficient computers capable of increasing productivity among all your company&#039;s employees.<\/p>\n\n\n\n<p>We can find three types of&nbsp;<strong>maintenance<\/strong>&nbsp;<strong>of networks in<\/strong>&nbsp;<strong>Granollers<\/strong>&nbsp;There are different types of maintenance, which are basic maintenance, outsourcing maintenance, and premium SPC maintenance (Support \u2013 Prevention \u2013 Corrective), ordered from least to most complete, although all offer spectacular results, but choosing one or the other will depend on the specific needs of each company, since there are sectors in which computer equipment is more necessary than in others.<\/p>\n\n\n\n<p>All services that include the different types of&nbsp;<strong>maintenance<\/strong>&nbsp;<strong>of networks in<\/strong>&nbsp;<strong>Granollers<\/strong>&nbsp;They are always carried out by the best professionals in the sector, who have passed through different phases, in which they have demonstrated that they are fully capable of successfully carrying out all the work of our company and that they are also able to improvise in the face of any unforeseen event, so we are very fortunate to have such a powerful team that allows us to offer a great guarantee that is very attractive to companies.<\/p>\n\n\n\n<p>If you would like to know more about this service or any of the services we offer, which you can find on our website, please do not hesitate to contact us through the different communication channels we provide. However you choose to contact us, we will be happy to assist you by conducting a preliminary study of your needs and offering a personalized service.<\/p>","protected":false},"excerpt":{"rendered":"<p>Apen, somos una gran empresa dedicada entre otras cosas al&nbsp;mantenimiento de redes en&nbsp;Granollers, en la cual contamos con una larga experiencia en el sector de los sistemas inform\u00e1ticos, exactamente de m\u00e1s de 25 a\u00f1os, cosa que nos ha permitido aprender mucho a lo largo de los a\u00f1os, gracias a que hemos ido creciendo junto con&#8230;<\/p>","protected":false},"author":4,"featured_media":0,"parent":13742,"menu_order":0,"comment_status":"closed","ping_status":"closed","template":"page-servicio-informatico.php","meta":{"_acf_changed":false,"_kad_blocks_custom_css":"","_kad_blocks_head_custom_js":"","_kad_blocks_body_custom_js":"","_kad_blocks_footer_custom_js":"","_kad_post_transparent":"","_kad_post_title":"","_kad_post_layout":"","_kad_post_sidebar_id":"","_kad_post_content_style":"","_kad_post_vertical_padding":"","_kad_post_feature":"","_kad_post_feature_position":"","_kad_post_header":false,"_kad_post_footer":false,"_kad_post_classname":"","footnotes":""},"class_list":["post-13799","page","type-page","status-publish","hentry"],"acf":[],"yoast_head":"<!-- This site is optimized with the Yoast SEO plugin v27.4 - https:\/\/yoast.com\/product\/yoast-seo-wordpress\/ -->\n<title>Mantenimiento de redes Granollers - Apen Inform\u00e1tica<\/title>\n<meta name=\"description\" content=\"Servicio de mantenieminto de redes inform\u00e1ticas en Granollers. Disponemos de personal especializado en el mantenimiento y reparaci\u00f3n de redes.\" \/>\n<meta name=\"robots\" content=\"index, follow, max-snippet:-1, max-image-preview:large, max-video-preview:-1\" \/>\n<link rel=\"canonical\" href=\"https:\/\/www.apen.es\/en\/computer-maintenance\/network-maintenance\/network-maintenance-granollers\/\" \/>\n<meta property=\"og:locale\" content=\"en_US\" \/>\n<meta property=\"og:type\" content=\"article\" \/>\n<meta property=\"og:title\" content=\"Mantenimiento de redes Granollers - Apen Inform\u00e1tica\" \/>\n<meta property=\"og:description\" content=\"Servicio de mantenieminto de redes inform\u00e1ticas en Granollers. Disponemos de personal especializado en el mantenimiento y reparaci\u00f3n de redes.\" \/>\n<meta property=\"og:url\" content=\"https:\/\/www.apen.es\/en\/computer-maintenance\/network-maintenance\/network-maintenance-granollers\/\" \/>\n<meta property=\"og:site_name\" content=\"Apen Inform\u00e1tica\" \/>\n<meta property=\"article:publisher\" content=\"https:\/\/www.facebook.com\/apensolucions\" \/>\n<meta property=\"article:modified_time\" content=\"2025-03-31T06:55:21+00:00\" \/>\n<meta property=\"og:image\" content=\"https:\/\/www.apen.es\/wp-content\/uploads\/2016\/05\/logo-apen-231x82-trasparent.png\" \/>\n\t<meta property=\"og:image:width\" content=\"231\" \/>\n\t<meta property=\"og:image:height\" content=\"82\" \/>\n\t<meta property=\"og:image:type\" content=\"image\/png\" \/>\n<meta name=\"twitter:card\" content=\"summary_large_image\" \/>\n<meta name=\"twitter:label1\" content=\"Est. reading time\" \/>\n\t<meta name=\"twitter:data1\" content=\"10 minutes\" \/>\n<script type=\"application\/ld+json\" class=\"yoast-schema-graph\">{\"@context\":\"https:\\\/\\\/schema.org\",\"@graph\":[{\"@type\":\"WebPage\",\"@id\":\"https:\\\/\\\/www.apen.es\\\/mantenimiento-informatico\\\/mantenimiento-de-redes\\\/mantenimiento-de-redes-granollers\\\/\",\"url\":\"https:\\\/\\\/www.apen.es\\\/mantenimiento-informatico\\\/mantenimiento-de-redes\\\/mantenimiento-de-redes-granollers\\\/\",\"name\":\"Mantenimiento de redes Granollers - Apen Inform\u00e1tica\",\"isPartOf\":{\"@id\":\"https:\\\/\\\/www.apen.es\\\/#website\"},\"datePublished\":\"2019-04-15T08:20:03+00:00\",\"dateModified\":\"2025-03-31T06:55:21+00:00\",\"description\":\"Servicio de mantenieminto de redes inform\u00e1ticas en Granollers. Disponemos de personal especializado en el mantenimiento y reparaci\u00f3n de redes.\",\"breadcrumb\":{\"@id\":\"https:\\\/\\\/www.apen.es\\\/mantenimiento-informatico\\\/mantenimiento-de-redes\\\/mantenimiento-de-redes-granollers\\\/#breadcrumb\"},\"inLanguage\":\"en-US\",\"potentialAction\":[{\"@type\":\"ReadAction\",\"target\":[\"https:\\\/\\\/www.apen.es\\\/mantenimiento-informatico\\\/mantenimiento-de-redes\\\/mantenimiento-de-redes-granollers\\\/\"]}]},{\"@type\":\"BreadcrumbList\",\"@id\":\"https:\\\/\\\/www.apen.es\\\/mantenimiento-informatico\\\/mantenimiento-de-redes\\\/mantenimiento-de-redes-granollers\\\/#breadcrumb\",\"itemListElement\":[{\"@type\":\"ListItem\",\"position\":1,\"name\":\"Portada\",\"item\":\"https:\\\/\\\/www.apen.es\\\/\"},{\"@type\":\"ListItem\",\"position\":2,\"name\":\"Mantenimiento inform\u00e1tico\",\"item\":\"https:\\\/\\\/www.apen.es\\\/mantenimiento-informatico\\\/\"},{\"@type\":\"ListItem\",\"position\":3,\"name\":\"Mantenimiento de redes\",\"item\":\"https:\\\/\\\/www.apen.es\\\/mantenimiento-informatico\\\/mantenimiento-de-redes\\\/\"},{\"@type\":\"ListItem\",\"position\":4,\"name\":\"Mantenimiento de redes Granollers\"}]},{\"@type\":\"WebSite\",\"@id\":\"https:\\\/\\\/www.apen.es\\\/#website\",\"url\":\"https:\\\/\\\/www.apen.es\\\/\",\"name\":\"Apen Inform\u00e1tica\",\"description\":\"Mantenimiento Inform\u00e1tico , Software de Gesti\u00f3n, Soluciones de impresi\u00f3n\",\"publisher\":{\"@id\":\"https:\\\/\\\/www.apen.es\\\/#organization\"},\"potentialAction\":[{\"@type\":\"SearchAction\",\"target\":{\"@type\":\"EntryPoint\",\"urlTemplate\":\"https:\\\/\\\/www.apen.es\\\/?s={search_term_string}\"},\"query-input\":{\"@type\":\"PropertyValueSpecification\",\"valueRequired\":true,\"valueName\":\"search_term_string\"}}],\"inLanguage\":\"en-US\"},{\"@type\":\"Organization\",\"@id\":\"https:\\\/\\\/www.apen.es\\\/#organization\",\"name\":\"Apen: Soluciones inform\u00e1ticas\",\"url\":\"https:\\\/\\\/www.apen.es\\\/\",\"logo\":{\"@type\":\"ImageObject\",\"inLanguage\":\"en-US\",\"@id\":\"https:\\\/\\\/www.apen.es\\\/#\\\/schema\\\/logo\\\/image\\\/\",\"url\":\"https:\\\/\\\/www.apen.es\\\/wp-content\\\/uploads\\\/2022\\\/08\\\/logo-apenok-231x82-1.png\",\"contentUrl\":\"https:\\\/\\\/www.apen.es\\\/wp-content\\\/uploads\\\/2022\\\/08\\\/logo-apenok-231x82-1.png\",\"width\":231,\"height\":82,\"caption\":\"Apen: Soluciones inform\u00e1ticas\"},\"image\":{\"@id\":\"https:\\\/\\\/www.apen.es\\\/#\\\/schema\\\/logo\\\/image\\\/\"},\"sameAs\":[\"https:\\\/\\\/www.facebook.com\\\/apensolucions\",\"https:\\\/\\\/www.youtube.com\\\/user\\\/ApenCentreInformatic\",\"https:\\\/\\\/www.linkedin.com\\\/company\\\/1021771?trk=tyah&trkInfo=clickedVerticalcompanyclickedEntityId1021771idx2-1-2tarId1464195271196tasapenin\"]}]}<\/script>\n<!-- \/ Yoast SEO plugin. -->","yoast_head_json":{"title":"Network maintenance Granollers - Apen Inform\u00e1tica","description":"Computer network maintenance service in Granollers. We have specialized personnel for network maintenance and repair.","robots":{"index":"index","follow":"follow","max-snippet":"max-snippet:-1","max-image-preview":"max-image-preview:large","max-video-preview":"max-video-preview:-1"},"canonical":"https:\/\/www.apen.es\/en\/computer-maintenance\/network-maintenance\/network-maintenance-granollers\/","og_locale":"en_US","og_type":"article","og_title":"Mantenimiento de redes Granollers - Apen Inform\u00e1tica","og_description":"Servicio de mantenieminto de redes inform\u00e1ticas en Granollers. Disponemos de personal especializado en el mantenimiento y reparaci\u00f3n de redes.","og_url":"https:\/\/www.apen.es\/en\/computer-maintenance\/network-maintenance\/network-maintenance-granollers\/","og_site_name":"Apen Inform\u00e1tica","article_publisher":"https:\/\/www.facebook.com\/apensolucions","article_modified_time":"2025-03-31T06:55:21+00:00","og_image":[{"width":231,"height":82,"url":"https:\/\/www.apen.es\/wp-content\/uploads\/2016\/05\/logo-apen-231x82-trasparent.png","type":"image\/png"}],"twitter_card":"summary_large_image","twitter_misc":{"Est. reading time":"10 minutes"},"schema":{"@context":"https:\/\/schema.org","@graph":[{"@type":"WebPage","@id":"https:\/\/www.apen.es\/mantenimiento-informatico\/mantenimiento-de-redes\/mantenimiento-de-redes-granollers\/","url":"https:\/\/www.apen.es\/mantenimiento-informatico\/mantenimiento-de-redes\/mantenimiento-de-redes-granollers\/","name":"Network maintenance Granollers - Apen Inform\u00e1tica","isPartOf":{"@id":"https:\/\/www.apen.es\/#website"},"datePublished":"2019-04-15T08:20:03+00:00","dateModified":"2025-03-31T06:55:21+00:00","description":"Computer network maintenance service in Granollers. We have specialized personnel for network maintenance and repair.","breadcrumb":{"@id":"https:\/\/www.apen.es\/mantenimiento-informatico\/mantenimiento-de-redes\/mantenimiento-de-redes-granollers\/#breadcrumb"},"inLanguage":"en-US","potentialAction":[{"@type":"ReadAction","target":["https:\/\/www.apen.es\/mantenimiento-informatico\/mantenimiento-de-redes\/mantenimiento-de-redes-granollers\/"]}]},{"@type":"BreadcrumbList","@id":"https:\/\/www.apen.es\/mantenimiento-informatico\/mantenimiento-de-redes\/mantenimiento-de-redes-granollers\/#breadcrumb","itemListElement":[{"@type":"ListItem","position":1,"name":"Portada","item":"https:\/\/www.apen.es\/"},{"@type":"ListItem","position":2,"name":"Mantenimiento inform\u00e1tico","item":"https:\/\/www.apen.es\/mantenimiento-informatico\/"},{"@type":"ListItem","position":3,"name":"Mantenimiento de redes","item":"https:\/\/www.apen.es\/mantenimiento-informatico\/mantenimiento-de-redes\/"},{"@type":"ListItem","position":4,"name":"Mantenimiento de redes Granollers"}]},{"@type":"WebSite","@id":"https:\/\/www.apen.es\/#website","url":"https:\/\/www.apen.es\/","name":"Apen Inform\u00e1tica","description":"IT Maintenance, Management Software, Printing Solutions","publisher":{"@id":"https:\/\/www.apen.es\/#organization"},"potentialAction":[{"@type":"SearchAction","target":{"@type":"EntryPoint","urlTemplate":"https:\/\/www.apen.es\/?s={search_term_string}"},"query-input":{"@type":"PropertyValueSpecification","valueRequired":true,"valueName":"search_term_string"}}],"inLanguage":"en-US"},{"@type":"Organization","@id":"https:\/\/www.apen.es\/#organization","name":"Apen: IT Solutions","url":"https:\/\/www.apen.es\/","logo":{"@type":"ImageObject","inLanguage":"en-US","@id":"https:\/\/www.apen.es\/#\/schema\/logo\/image\/","url":"https:\/\/www.apen.es\/wp-content\/uploads\/2022\/08\/logo-apenok-231x82-1.png","contentUrl":"https:\/\/www.apen.es\/wp-content\/uploads\/2022\/08\/logo-apenok-231x82-1.png","width":231,"height":82,"caption":"Apen: Soluciones inform\u00e1ticas"},"image":{"@id":"https:\/\/www.apen.es\/#\/schema\/logo\/image\/"},"sameAs":["https:\/\/www.facebook.com\/apensolucions","https:\/\/www.youtube.com\/user\/ApenCentreInformatic","https:\/\/www.linkedin.com\/company\/1021771?trk=tyah&trkInfo=clickedVerticalcompanyclickedEntityId1021771idx2-1-2tarId1464195271196tasapenin"]}]}},"taxonomy_info":[],"featured_image_src_large":false,"author_info":{"display_name":"marqueting","author_link":"https:\/\/www.apen.es\/en\/blog\/author\/marqueting\/"},"comment_info":0,"_links":{"self":[{"href":"https:\/\/www.apen.es\/en\/wp-json\/wp\/v2\/pages\/13799","targetHints":{"allow":["GET"]}}],"collection":[{"href":"https:\/\/www.apen.es\/en\/wp-json\/wp\/v2\/pages"}],"about":[{"href":"https:\/\/www.apen.es\/en\/wp-json\/wp\/v2\/types\/page"}],"author":[{"embeddable":true,"href":"https:\/\/www.apen.es\/en\/wp-json\/wp\/v2\/users\/4"}],"replies":[{"embeddable":true,"href":"https:\/\/www.apen.es\/en\/wp-json\/wp\/v2\/comments?post=13799"}],"version-history":[{"count":2,"href":"https:\/\/www.apen.es\/en\/wp-json\/wp\/v2\/pages\/13799\/revisions"}],"predecessor-version":[{"id":54551,"href":"https:\/\/www.apen.es\/en\/wp-json\/wp\/v2\/pages\/13799\/revisions\/54551"}],"up":[{"embeddable":true,"href":"https:\/\/www.apen.es\/en\/wp-json\/wp\/v2\/pages\/13742"}],"wp:attachment":[{"href":"https:\/\/www.apen.es\/en\/wp-json\/wp\/v2\/media?parent=13799"}],"curies":[{"name":"wp","href":"https:\/\/api.w.org\/{rel}","templated":true}]}}