{"id":13797,"date":"2019-04-15T08:18:02","date_gmt":"2019-04-15T08:18:02","guid":{"rendered":"https:\/\/www.apen.es\/?page_id=13797"},"modified":"2026-04-20T11:45:47","modified_gmt":"2026-04-20T11:45:47","slug":"network-maintenance-barcelona","status":"publish","type":"page","link":"https:\/\/www.apen.es\/en\/mantenimiento-informatico\/mantenimiento-de-redes\/mantenimiento-de-redes-barcelona\/","title":{"rendered":"Computer maintenance of servers and xarxes Barcelona"},"content":{"rendered":"<p>Apen is a company specializing in IT maintenance for servers and networks in Barcelona, serving businesses across all sectors. All our services are comprehensive and customized; we tailor each solution to the client&#039;s specific business needs, conducting a preliminary study to identify their exact requirements.<\/p>\n\n\n\n<p>Our service covers all the situations your company may need: server and computer system maintenance, antivirus system installation, ERP implementation, backups, software installation, malware detection and removal, and local network installation and maintenance, among others.<\/p>\n\n\n\n<p>Thanks to our service, your equipment will remain secure and operational, your servers will perform at their maximum capacity, and you can enjoy all the features of your IT infrastructure without fear of constant system errors or technical problems.<\/p>\n\n\n\n<p>We offer three maintenance options for your company in Barcelona: Basic Maintenance, which is well-suited to most SMEs; Outsourcing Maintenance, a more comprehensive option for companies that wish to completely outsource their IT; and Maintenance<\/p>\n\n\n\n<p>Premium, the most complete service, with all corrective and preventive maintenance at a fixed price and aimed at companies with more demanding infrastructure.<\/p>\n\n\n\n<p>We have a team of highly qualified professionals specializing in server maintenance, with over 35 years of experience serving businesses in Barcelona and the surrounding province. Contact us and we&#039;ll help you find the solution that best suits your needs.<\/p>","protected":false},"excerpt":{"rendered":"<p>Apen es una empresa especializada en mantenimiento inform\u00e1tico de servidores y redes en Barcelona para empresas de todos los sectores. Todos los servicios que ofrecemos son integrales y personalizados, es decir, adaptamos cada soluci\u00f3n al tipo de negocio del cliente, realizando un estudio previo para detectar cu\u00e1les son sus necesidades reales. Nuestro servicio cubre todas&#8230;<\/p>","protected":false},"author":4,"featured_media":0,"parent":13742,"menu_order":0,"comment_status":"closed","ping_status":"closed","template":"page-servicio-informatico.php","meta":{"_acf_changed":false,"_kad_blocks_custom_css":"","_kad_blocks_head_custom_js":"","_kad_blocks_body_custom_js":"","_kad_blocks_footer_custom_js":"","_kad_post_transparent":"","_kad_post_title":"","_kad_post_layout":"","_kad_post_sidebar_id":"","_kad_post_content_style":"","_kad_post_vertical_padding":"","_kad_post_feature":"","_kad_post_feature_position":"","_kad_post_header":false,"_kad_post_footer":false,"_kad_post_classname":"","footnotes":""},"class_list":["post-13797","page","type-page","status-publish","hentry"],"acf":[],"yoast_head":"<!-- This site is optimized with the Yoast SEO plugin v27.4 - https:\/\/yoast.com\/product\/yoast-seo-wordpress\/ -->\n<title>Manteniment inform\u00e0tic de servidors i xarxes Barcelona - Apen Inform\u00e1tica<\/title>\n<meta name=\"description\" content=\"Mantenimiento inform\u00e1tico de servidores y redes en Barcelona: soporte ilimitado, precio cerrado y atenci\u00f3n 24\/7. M\u00e1s de 35 a\u00f1os de experiencia. Pide presupuesto sin compromiso.\" \/>\n<meta name=\"robots\" content=\"index, follow, max-snippet:-1, max-image-preview:large, max-video-preview:-1\" \/>\n<link rel=\"canonical\" href=\"https:\/\/www.apen.es\/en\/computer-maintenance\/network-maintenance\/network-maintenance-barcelona\/\" \/>\n<meta property=\"og:locale\" content=\"en_US\" \/>\n<meta property=\"og:type\" content=\"article\" \/>\n<meta property=\"og:title\" content=\"Manteniment inform\u00e0tic de servidors i xarxes Barcelona - Apen Inform\u00e1tica\" \/>\n<meta property=\"og:description\" content=\"Mantenimiento inform\u00e1tico de servidores y redes en Barcelona: soporte ilimitado, precio cerrado y atenci\u00f3n 24\/7. M\u00e1s de 35 a\u00f1os de experiencia. Pide presupuesto sin compromiso.\" \/>\n<meta property=\"og:url\" content=\"https:\/\/www.apen.es\/en\/computer-maintenance\/network-maintenance\/network-maintenance-barcelona\/\" \/>\n<meta property=\"og:site_name\" content=\"Apen Inform\u00e1tica\" \/>\n<meta property=\"article:publisher\" content=\"https:\/\/www.facebook.com\/apensolucions\" \/>\n<meta property=\"article:modified_time\" content=\"2026-04-20T11:45:47+00:00\" \/>\n<meta property=\"og:image\" content=\"https:\/\/www.apen.es\/wp-content\/uploads\/2016\/05\/logo-apen-231x82-trasparent.png\" \/>\n\t<meta property=\"og:image:width\" content=\"231\" \/>\n\t<meta property=\"og:image:height\" content=\"82\" \/>\n\t<meta property=\"og:image:type\" content=\"image\/png\" \/>\n<meta name=\"twitter:card\" content=\"summary_large_image\" \/>\n<meta name=\"twitter:label1\" content=\"Est. reading time\" \/>\n\t<meta name=\"twitter:data1\" content=\"2 minutes\" \/>\n<script type=\"application\/ld+json\" class=\"yoast-schema-graph\">{\"@context\":\"https:\\\/\\\/schema.org\",\"@graph\":[{\"@type\":\"WebPage\",\"@id\":\"https:\\\/\\\/www.apen.es\\\/mantenimiento-informatico\\\/mantenimiento-de-redes\\\/mantenimiento-de-redes-barcelona\\\/\",\"url\":\"https:\\\/\\\/www.apen.es\\\/mantenimiento-informatico\\\/mantenimiento-de-redes\\\/mantenimiento-de-redes-barcelona\\\/\",\"name\":\"Manteniment inform\u00e0tic de servidors i xarxes Barcelona - Apen Inform\u00e1tica\",\"isPartOf\":{\"@id\":\"https:\\\/\\\/www.apen.es\\\/#website\"},\"datePublished\":\"2019-04-15T08:18:02+00:00\",\"dateModified\":\"2026-04-20T11:45:47+00:00\",\"description\":\"Mantenimiento inform\u00e1tico de servidores y redes en Barcelona: soporte ilimitado, precio cerrado y atenci\u00f3n 24\\\/7. M\u00e1s de 35 a\u00f1os de experiencia. Pide presupuesto sin compromiso.\",\"breadcrumb\":{\"@id\":\"https:\\\/\\\/www.apen.es\\\/mantenimiento-informatico\\\/mantenimiento-de-redes\\\/mantenimiento-de-redes-barcelona\\\/#breadcrumb\"},\"inLanguage\":\"en-US\",\"potentialAction\":[{\"@type\":\"ReadAction\",\"target\":[\"https:\\\/\\\/www.apen.es\\\/mantenimiento-informatico\\\/mantenimiento-de-redes\\\/mantenimiento-de-redes-barcelona\\\/\"]}]},{\"@type\":\"BreadcrumbList\",\"@id\":\"https:\\\/\\\/www.apen.es\\\/mantenimiento-informatico\\\/mantenimiento-de-redes\\\/mantenimiento-de-redes-barcelona\\\/#breadcrumb\",\"itemListElement\":[{\"@type\":\"ListItem\",\"position\":1,\"name\":\"Portada\",\"item\":\"https:\\\/\\\/www.apen.es\\\/\"},{\"@type\":\"ListItem\",\"position\":2,\"name\":\"Mantenimiento inform\u00e1tico\",\"item\":\"https:\\\/\\\/www.apen.es\\\/mantenimiento-informatico\\\/\"},{\"@type\":\"ListItem\",\"position\":3,\"name\":\"Mantenimiento de redes\",\"item\":\"https:\\\/\\\/www.apen.es\\\/mantenimiento-informatico\\\/mantenimiento-de-redes\\\/\"},{\"@type\":\"ListItem\",\"position\":4,\"name\":\"Manteniment inform\u00e0tic de servidors i xarxes Barcelona\"}]},{\"@type\":\"WebSite\",\"@id\":\"https:\\\/\\\/www.apen.es\\\/#website\",\"url\":\"https:\\\/\\\/www.apen.es\\\/\",\"name\":\"Apen Inform\u00e1tica\",\"description\":\"Mantenimiento Inform\u00e1tico , Software de Gesti\u00f3n, Soluciones de impresi\u00f3n\",\"publisher\":{\"@id\":\"https:\\\/\\\/www.apen.es\\\/#organization\"},\"potentialAction\":[{\"@type\":\"SearchAction\",\"target\":{\"@type\":\"EntryPoint\",\"urlTemplate\":\"https:\\\/\\\/www.apen.es\\\/?s={search_term_string}\"},\"query-input\":{\"@type\":\"PropertyValueSpecification\",\"valueRequired\":true,\"valueName\":\"search_term_string\"}}],\"inLanguage\":\"en-US\"},{\"@type\":\"Organization\",\"@id\":\"https:\\\/\\\/www.apen.es\\\/#organization\",\"name\":\"Apen: Soluciones inform\u00e1ticas\",\"url\":\"https:\\\/\\\/www.apen.es\\\/\",\"logo\":{\"@type\":\"ImageObject\",\"inLanguage\":\"en-US\",\"@id\":\"https:\\\/\\\/www.apen.es\\\/#\\\/schema\\\/logo\\\/image\\\/\",\"url\":\"https:\\\/\\\/www.apen.es\\\/wp-content\\\/uploads\\\/2022\\\/08\\\/logo-apenok-231x82-1.png\",\"contentUrl\":\"https:\\\/\\\/www.apen.es\\\/wp-content\\\/uploads\\\/2022\\\/08\\\/logo-apenok-231x82-1.png\",\"width\":231,\"height\":82,\"caption\":\"Apen: Soluciones inform\u00e1ticas\"},\"image\":{\"@id\":\"https:\\\/\\\/www.apen.es\\\/#\\\/schema\\\/logo\\\/image\\\/\"},\"sameAs\":[\"https:\\\/\\\/www.facebook.com\\\/apensolucions\",\"https:\\\/\\\/www.youtube.com\\\/user\\\/ApenCentreInformatic\",\"https:\\\/\\\/www.linkedin.com\\\/company\\\/1021771?trk=tyah&trkInfo=clickedVerticalcompanyclickedEntityId1021771idx2-1-2tarId1464195271196tasapenin\"]}]}<\/script>\n<!-- \/ Yoast SEO plugin. -->","yoast_head_json":{"title":"Computer maintenance of servers and xarxes Barcelona - Apen Inform\u00e1tica","description":"Server and network IT maintenance in Barcelona: unlimited support, fixed price, and 24\/7 service. Over 35 years of experience. Request a free quote.","robots":{"index":"index","follow":"follow","max-snippet":"max-snippet:-1","max-image-preview":"max-image-preview:large","max-video-preview":"max-video-preview:-1"},"canonical":"https:\/\/www.apen.es\/en\/computer-maintenance\/network-maintenance\/network-maintenance-barcelona\/","og_locale":"en_US","og_type":"article","og_title":"Manteniment inform\u00e0tic de servidors i xarxes Barcelona - Apen Inform\u00e1tica","og_description":"Mantenimiento inform\u00e1tico de servidores y redes en Barcelona: soporte ilimitado, precio cerrado y atenci\u00f3n 24\/7. M\u00e1s de 35 a\u00f1os de experiencia. Pide presupuesto sin compromiso.","og_url":"https:\/\/www.apen.es\/en\/computer-maintenance\/network-maintenance\/network-maintenance-barcelona\/","og_site_name":"Apen Inform\u00e1tica","article_publisher":"https:\/\/www.facebook.com\/apensolucions","article_modified_time":"2026-04-20T11:45:47+00:00","og_image":[{"width":231,"height":82,"url":"https:\/\/www.apen.es\/wp-content\/uploads\/2016\/05\/logo-apen-231x82-trasparent.png","type":"image\/png"}],"twitter_card":"summary_large_image","twitter_misc":{"Est. reading time":"2 minutes"},"schema":{"@context":"https:\/\/schema.org","@graph":[{"@type":"WebPage","@id":"https:\/\/www.apen.es\/mantenimiento-informatico\/mantenimiento-de-redes\/mantenimiento-de-redes-barcelona\/","url":"https:\/\/www.apen.es\/mantenimiento-informatico\/mantenimiento-de-redes\/mantenimiento-de-redes-barcelona\/","name":"Computer maintenance of servers and xarxes Barcelona - Apen Inform\u00e1tica","isPartOf":{"@id":"https:\/\/www.apen.es\/#website"},"datePublished":"2019-04-15T08:18:02+00:00","dateModified":"2026-04-20T11:45:47+00:00","description":"Server and network IT maintenance in Barcelona: unlimited support, fixed price, and 24\/7 service. Over 35 years of experience. Request a free quote.","breadcrumb":{"@id":"https:\/\/www.apen.es\/mantenimiento-informatico\/mantenimiento-de-redes\/mantenimiento-de-redes-barcelona\/#breadcrumb"},"inLanguage":"en-US","potentialAction":[{"@type":"ReadAction","target":["https:\/\/www.apen.es\/mantenimiento-informatico\/mantenimiento-de-redes\/mantenimiento-de-redes-barcelona\/"]}]},{"@type":"BreadcrumbList","@id":"https:\/\/www.apen.es\/mantenimiento-informatico\/mantenimiento-de-redes\/mantenimiento-de-redes-barcelona\/#breadcrumb","itemListElement":[{"@type":"ListItem","position":1,"name":"Portada","item":"https:\/\/www.apen.es\/"},{"@type":"ListItem","position":2,"name":"Mantenimiento inform\u00e1tico","item":"https:\/\/www.apen.es\/mantenimiento-informatico\/"},{"@type":"ListItem","position":3,"name":"Mantenimiento de redes","item":"https:\/\/www.apen.es\/mantenimiento-informatico\/mantenimiento-de-redes\/"},{"@type":"ListItem","position":4,"name":"Manteniment inform\u00e0tic de servidors i xarxes Barcelona"}]},{"@type":"WebSite","@id":"https:\/\/www.apen.es\/#website","url":"https:\/\/www.apen.es\/","name":"Apen Inform\u00e1tica","description":"IT Maintenance, Management Software, Printing Solutions","publisher":{"@id":"https:\/\/www.apen.es\/#organization"},"potentialAction":[{"@type":"SearchAction","target":{"@type":"EntryPoint","urlTemplate":"https:\/\/www.apen.es\/?s={search_term_string}"},"query-input":{"@type":"PropertyValueSpecification","valueRequired":true,"valueName":"search_term_string"}}],"inLanguage":"en-US"},{"@type":"Organization","@id":"https:\/\/www.apen.es\/#organization","name":"Apen: IT Solutions","url":"https:\/\/www.apen.es\/","logo":{"@type":"ImageObject","inLanguage":"en-US","@id":"https:\/\/www.apen.es\/#\/schema\/logo\/image\/","url":"https:\/\/www.apen.es\/wp-content\/uploads\/2022\/08\/logo-apenok-231x82-1.png","contentUrl":"https:\/\/www.apen.es\/wp-content\/uploads\/2022\/08\/logo-apenok-231x82-1.png","width":231,"height":82,"caption":"Apen: Soluciones inform\u00e1ticas"},"image":{"@id":"https:\/\/www.apen.es\/#\/schema\/logo\/image\/"},"sameAs":["https:\/\/www.facebook.com\/apensolucions","https:\/\/www.youtube.com\/user\/ApenCentreInformatic","https:\/\/www.linkedin.com\/company\/1021771?trk=tyah&trkInfo=clickedVerticalcompanyclickedEntityId1021771idx2-1-2tarId1464195271196tasapenin"]}]}},"taxonomy_info":[],"featured_image_src_large":false,"author_info":{"display_name":"marqueting","author_link":"https:\/\/www.apen.es\/en\/blog\/author\/marqueting\/"},"comment_info":0,"_links":{"self":[{"href":"https:\/\/www.apen.es\/en\/wp-json\/wp\/v2\/pages\/13797","targetHints":{"allow":["GET"]}}],"collection":[{"href":"https:\/\/www.apen.es\/en\/wp-json\/wp\/v2\/pages"}],"about":[{"href":"https:\/\/www.apen.es\/en\/wp-json\/wp\/v2\/types\/page"}],"author":[{"embeddable":true,"href":"https:\/\/www.apen.es\/en\/wp-json\/wp\/v2\/users\/4"}],"replies":[{"embeddable":true,"href":"https:\/\/www.apen.es\/en\/wp-json\/wp\/v2\/comments?post=13797"}],"version-history":[{"count":5,"href":"https:\/\/www.apen.es\/en\/wp-json\/wp\/v2\/pages\/13797\/revisions"}],"predecessor-version":[{"id":63705,"href":"https:\/\/www.apen.es\/en\/wp-json\/wp\/v2\/pages\/13797\/revisions\/63705"}],"up":[{"embeddable":true,"href":"https:\/\/www.apen.es\/en\/wp-json\/wp\/v2\/pages\/13742"}],"wp:attachment":[{"href":"https:\/\/www.apen.es\/en\/wp-json\/wp\/v2\/media?parent=13797"}],"curies":[{"name":"wp","href":"https:\/\/api.w.org\/{rel}","templated":true}]}}