{"id":13787,"date":"2019-04-15T08:01:01","date_gmt":"2019-04-15T08:01:01","guid":{"rendered":"https:\/\/www.apen.es\/?page_id=13787"},"modified":"2025-03-31T06:58:49","modified_gmt":"2025-03-31T06:58:49","slug":"it-sant-cugat","status":"publish","type":"page","link":"https:\/\/www.apen.es\/en\/mantenimiento-informatico\/informatica\/informatica-sant-cugat\/","title":{"rendered":"Sant Cugat IT"},"content":{"rendered":"<p>At our company Apen, we know firsthand that more and more companies are choosing to upgrade their IT systems and are increasingly digitizing more and more things, such as customer data, purchases and sales, invoices, employee data, databases, and much more. Therefore, in the business world,&nbsp;<strong>IT in Sant Cugat<\/strong>, has become a key piece without which it would be impossible to move the company forward right now.<\/p>\n\n\n\n<p>A minor network glitch&nbsp;<strong>IT in Sant Cugat<\/strong>, For example, a virus could cause a major catastrophe in your companies, because even if you have backups, depending on how they are, if there is a failure you may lose all this data, which could be a great loss.<\/p>\n\n\n\n<p>Furthermore, when we talk about the&nbsp;<strong>IT in Sant Cugat<\/strong>&nbsp;In companies, we&#039;re not just talking about data storage; it depends on the sector. Some companies have machines that operate with numerical control from a computer that gives them orders, so if this computer breaks down, we&#039;ll be out of production for a long time, which translates into a huge loss of money for the company.<\/p>\n\n\n\n<p>For these reasons, among many others, at Apen, we advise you to contract one of the three maintenance services we offer aimed at the&nbsp;<strong>IT in Sant<\/strong>&nbsp;<strong>Cugat<\/strong>&nbsp;For companies (basic maintenance, outsourcing maintenance and premium SPC maintenance), since as you well know, prevention is better than cure, and even more so in these cases, when the cure may be impossible or very expensive.<\/p>\n\n\n\n<p>At our company, we always like to adapt to the needs of each of you. For this reason, we always offer a comprehensive and fully personalized service, in which from the very first moment we take into account the needs of each of our clients, and in this way we can offer the most suitable service for them.<\/p>\n\n\n\n<p>Furthermore, we have a highly qualified staff, who have all the necessary knowledge and training to adapt to all cases, thus guaranteeing that we always offer a service characterized by its high quality and ensuring the proper functioning of these systems.<\/p>\n\n\n\n<p>If you want to know more information about the services related to the&nbsp;<strong>computer science in<\/strong>&nbsp;<strong>Sant Cugat<\/strong>&nbsp;that can be adapted to your company, such as the computer maintenance service or any other of the services we offer on our website, do not hesitate to contact us, as we will be happy to help you in any way we can.<\/p>","protected":false},"excerpt":{"rendered":"<p>En nuestra empresa Apen, sabemos de primera mano que cada d\u00eda son m\u00e1s i m\u00e1s las empresas que deciden aumentar los sistemas inform\u00e1ticos de sus empresas y cada vez digitalizan m\u00e1s cosas, como por ejemplo los datos de los clientes, las compras y las ventas, las facturas realizadas, los datos de sus propios trabajadores, bases&#8230;<\/p>","protected":false},"author":4,"featured_media":0,"parent":13773,"menu_order":0,"comment_status":"closed","ping_status":"closed","template":"page-servicio-informatico.php","meta":{"_acf_changed":false,"_kad_blocks_custom_css":"","_kad_blocks_head_custom_js":"","_kad_blocks_body_custom_js":"","_kad_blocks_footer_custom_js":"","_kad_post_transparent":"","_kad_post_title":"","_kad_post_layout":"","_kad_post_sidebar_id":"","_kad_post_content_style":"","_kad_post_vertical_padding":"","_kad_post_feature":"","_kad_post_feature_position":"","_kad_post_header":false,"_kad_post_footer":false,"_kad_post_classname":"","footnotes":""},"class_list":["post-13787","page","type-page","status-publish","hentry"],"acf":[],"yoast_head":"<!-- This site is optimized with the Yoast SEO plugin v27.4 - https:\/\/yoast.com\/product\/yoast-seo-wordpress\/ -->\n<title>Inform\u00e1tica Sant Cugat - Apen Inform\u00e1tica<\/title>\n<meta name=\"description\" content=\"Inform\u00e1tica Sant Cugat para empresas. Somos una empresa de inform\u00e1tica y soluciones tecnolog\u00edcas que ayudamos a las empresas a digitalizarse.\" \/>\n<meta name=\"robots\" content=\"index, follow, max-snippet:-1, max-image-preview:large, max-video-preview:-1\" \/>\n<link rel=\"canonical\" href=\"https:\/\/www.apen.es\/en\/computer-maintenance\/computing\/it-sant-cugat\/\" \/>\n<meta property=\"og:locale\" content=\"en_US\" \/>\n<meta property=\"og:type\" content=\"article\" \/>\n<meta property=\"og:title\" content=\"Inform\u00e1tica Sant Cugat - Apen Inform\u00e1tica\" \/>\n<meta property=\"og:description\" content=\"Inform\u00e1tica Sant Cugat para empresas. Somos una empresa de inform\u00e1tica y soluciones tecnolog\u00edcas que ayudamos a las empresas a digitalizarse.\" \/>\n<meta property=\"og:url\" content=\"https:\/\/www.apen.es\/en\/computer-maintenance\/computing\/it-sant-cugat\/\" \/>\n<meta property=\"og:site_name\" content=\"Apen Inform\u00e1tica\" \/>\n<meta property=\"article:publisher\" content=\"https:\/\/www.facebook.com\/apensolucions\" \/>\n<meta property=\"article:modified_time\" content=\"2025-03-31T06:58:49+00:00\" \/>\n<meta property=\"og:image\" content=\"https:\/\/www.apen.es\/wp-content\/uploads\/2016\/05\/logo-apen-231x82-trasparent.png\" \/>\n\t<meta property=\"og:image:width\" content=\"231\" \/>\n\t<meta property=\"og:image:height\" content=\"82\" \/>\n\t<meta property=\"og:image:type\" content=\"image\/png\" \/>\n<meta name=\"twitter:card\" content=\"summary_large_image\" \/>\n<meta name=\"twitter:label1\" content=\"Est. reading time\" \/>\n\t<meta name=\"twitter:data1\" content=\"10 minutes\" \/>\n<script type=\"application\/ld+json\" class=\"yoast-schema-graph\">{\"@context\":\"https:\\\/\\\/schema.org\",\"@graph\":[{\"@type\":\"WebPage\",\"@id\":\"https:\\\/\\\/www.apen.es\\\/mantenimiento-informatico\\\/informatica\\\/informatica-sant-cugat\\\/\",\"url\":\"https:\\\/\\\/www.apen.es\\\/mantenimiento-informatico\\\/informatica\\\/informatica-sant-cugat\\\/\",\"name\":\"Inform\u00e1tica Sant Cugat - Apen Inform\u00e1tica\",\"isPartOf\":{\"@id\":\"https:\\\/\\\/www.apen.es\\\/#website\"},\"datePublished\":\"2019-04-15T08:01:01+00:00\",\"dateModified\":\"2025-03-31T06:58:49+00:00\",\"description\":\"Inform\u00e1tica Sant Cugat para empresas. Somos una empresa de inform\u00e1tica y soluciones tecnolog\u00edcas que ayudamos a las empresas a digitalizarse.\",\"breadcrumb\":{\"@id\":\"https:\\\/\\\/www.apen.es\\\/mantenimiento-informatico\\\/informatica\\\/informatica-sant-cugat\\\/#breadcrumb\"},\"inLanguage\":\"en-US\",\"potentialAction\":[{\"@type\":\"ReadAction\",\"target\":[\"https:\\\/\\\/www.apen.es\\\/mantenimiento-informatico\\\/informatica\\\/informatica-sant-cugat\\\/\"]}]},{\"@type\":\"BreadcrumbList\",\"@id\":\"https:\\\/\\\/www.apen.es\\\/mantenimiento-informatico\\\/informatica\\\/informatica-sant-cugat\\\/#breadcrumb\",\"itemListElement\":[{\"@type\":\"ListItem\",\"position\":1,\"name\":\"Portada\",\"item\":\"https:\\\/\\\/www.apen.es\\\/\"},{\"@type\":\"ListItem\",\"position\":2,\"name\":\"Mantenimiento inform\u00e1tico\",\"item\":\"https:\\\/\\\/www.apen.es\\\/mantenimiento-informatico\\\/\"},{\"@type\":\"ListItem\",\"position\":3,\"name\":\"Inform\u00e1tica\",\"item\":\"https:\\\/\\\/www.apen.es\\\/mantenimiento-informatico\\\/informatica\\\/\"},{\"@type\":\"ListItem\",\"position\":4,\"name\":\"Inform\u00e1tica Sant Cugat\"}]},{\"@type\":\"WebSite\",\"@id\":\"https:\\\/\\\/www.apen.es\\\/#website\",\"url\":\"https:\\\/\\\/www.apen.es\\\/\",\"name\":\"Apen Inform\u00e1tica\",\"description\":\"Mantenimiento Inform\u00e1tico , Software de Gesti\u00f3n, Soluciones de impresi\u00f3n\",\"publisher\":{\"@id\":\"https:\\\/\\\/www.apen.es\\\/#organization\"},\"potentialAction\":[{\"@type\":\"SearchAction\",\"target\":{\"@type\":\"EntryPoint\",\"urlTemplate\":\"https:\\\/\\\/www.apen.es\\\/?s={search_term_string}\"},\"query-input\":{\"@type\":\"PropertyValueSpecification\",\"valueRequired\":true,\"valueName\":\"search_term_string\"}}],\"inLanguage\":\"en-US\"},{\"@type\":\"Organization\",\"@id\":\"https:\\\/\\\/www.apen.es\\\/#organization\",\"name\":\"Apen: Soluciones inform\u00e1ticas\",\"url\":\"https:\\\/\\\/www.apen.es\\\/\",\"logo\":{\"@type\":\"ImageObject\",\"inLanguage\":\"en-US\",\"@id\":\"https:\\\/\\\/www.apen.es\\\/#\\\/schema\\\/logo\\\/image\\\/\",\"url\":\"https:\\\/\\\/www.apen.es\\\/wp-content\\\/uploads\\\/2022\\\/08\\\/logo-apenok-231x82-1.png\",\"contentUrl\":\"https:\\\/\\\/www.apen.es\\\/wp-content\\\/uploads\\\/2022\\\/08\\\/logo-apenok-231x82-1.png\",\"width\":231,\"height\":82,\"caption\":\"Apen: Soluciones inform\u00e1ticas\"},\"image\":{\"@id\":\"https:\\\/\\\/www.apen.es\\\/#\\\/schema\\\/logo\\\/image\\\/\"},\"sameAs\":[\"https:\\\/\\\/www.facebook.com\\\/apensolucions\",\"https:\\\/\\\/www.youtube.com\\\/user\\\/ApenCentreInformatic\",\"https:\\\/\\\/www.linkedin.com\\\/company\\\/1021771?trk=tyah&trkInfo=clickedVerticalcompanyclickedEntityId1021771idx2-1-2tarId1464195271196tasapenin\"]}]}<\/script>\n<!-- \/ Yoast SEO plugin. -->","yoast_head_json":{"title":"Sant Cugat IT - Apen IT","description":"IT services in Sant Cugat for businesses. We are an IT and technology solutions company that helps businesses digitize their operations.","robots":{"index":"index","follow":"follow","max-snippet":"max-snippet:-1","max-image-preview":"max-image-preview:large","max-video-preview":"max-video-preview:-1"},"canonical":"https:\/\/www.apen.es\/en\/computer-maintenance\/computing\/it-sant-cugat\/","og_locale":"en_US","og_type":"article","og_title":"Inform\u00e1tica Sant Cugat - Apen Inform\u00e1tica","og_description":"Inform\u00e1tica Sant Cugat para empresas. Somos una empresa de inform\u00e1tica y soluciones tecnolog\u00edcas que ayudamos a las empresas a digitalizarse.","og_url":"https:\/\/www.apen.es\/en\/computer-maintenance\/computing\/it-sant-cugat\/","og_site_name":"Apen Inform\u00e1tica","article_publisher":"https:\/\/www.facebook.com\/apensolucions","article_modified_time":"2025-03-31T06:58:49+00:00","og_image":[{"width":231,"height":82,"url":"https:\/\/www.apen.es\/wp-content\/uploads\/2016\/05\/logo-apen-231x82-trasparent.png","type":"image\/png"}],"twitter_card":"summary_large_image","twitter_misc":{"Est. reading time":"10 minutes"},"schema":{"@context":"https:\/\/schema.org","@graph":[{"@type":"WebPage","@id":"https:\/\/www.apen.es\/mantenimiento-informatico\/informatica\/informatica-sant-cugat\/","url":"https:\/\/www.apen.es\/mantenimiento-informatico\/informatica\/informatica-sant-cugat\/","name":"Sant Cugat IT - Apen IT","isPartOf":{"@id":"https:\/\/www.apen.es\/#website"},"datePublished":"2019-04-15T08:01:01+00:00","dateModified":"2025-03-31T06:58:49+00:00","description":"IT services in Sant Cugat for businesses. We are an IT and technology solutions company that helps businesses digitize their operations.","breadcrumb":{"@id":"https:\/\/www.apen.es\/mantenimiento-informatico\/informatica\/informatica-sant-cugat\/#breadcrumb"},"inLanguage":"en-US","potentialAction":[{"@type":"ReadAction","target":["https:\/\/www.apen.es\/mantenimiento-informatico\/informatica\/informatica-sant-cugat\/"]}]},{"@type":"BreadcrumbList","@id":"https:\/\/www.apen.es\/mantenimiento-informatico\/informatica\/informatica-sant-cugat\/#breadcrumb","itemListElement":[{"@type":"ListItem","position":1,"name":"Portada","item":"https:\/\/www.apen.es\/"},{"@type":"ListItem","position":2,"name":"Mantenimiento inform\u00e1tico","item":"https:\/\/www.apen.es\/mantenimiento-informatico\/"},{"@type":"ListItem","position":3,"name":"Inform\u00e1tica","item":"https:\/\/www.apen.es\/mantenimiento-informatico\/informatica\/"},{"@type":"ListItem","position":4,"name":"Inform\u00e1tica Sant Cugat"}]},{"@type":"WebSite","@id":"https:\/\/www.apen.es\/#website","url":"https:\/\/www.apen.es\/","name":"Apen Inform\u00e1tica","description":"IT Maintenance, Management Software, Printing Solutions","publisher":{"@id":"https:\/\/www.apen.es\/#organization"},"potentialAction":[{"@type":"SearchAction","target":{"@type":"EntryPoint","urlTemplate":"https:\/\/www.apen.es\/?s={search_term_string}"},"query-input":{"@type":"PropertyValueSpecification","valueRequired":true,"valueName":"search_term_string"}}],"inLanguage":"en-US"},{"@type":"Organization","@id":"https:\/\/www.apen.es\/#organization","name":"Apen: IT Solutions","url":"https:\/\/www.apen.es\/","logo":{"@type":"ImageObject","inLanguage":"en-US","@id":"https:\/\/www.apen.es\/#\/schema\/logo\/image\/","url":"https:\/\/www.apen.es\/wp-content\/uploads\/2022\/08\/logo-apenok-231x82-1.png","contentUrl":"https:\/\/www.apen.es\/wp-content\/uploads\/2022\/08\/logo-apenok-231x82-1.png","width":231,"height":82,"caption":"Apen: Soluciones inform\u00e1ticas"},"image":{"@id":"https:\/\/www.apen.es\/#\/schema\/logo\/image\/"},"sameAs":["https:\/\/www.facebook.com\/apensolucions","https:\/\/www.youtube.com\/user\/ApenCentreInformatic","https:\/\/www.linkedin.com\/company\/1021771?trk=tyah&trkInfo=clickedVerticalcompanyclickedEntityId1021771idx2-1-2tarId1464195271196tasapenin"]}]}},"taxonomy_info":[],"featured_image_src_large":false,"author_info":{"display_name":"marqueting","author_link":"https:\/\/www.apen.es\/en\/blog\/author\/marqueting\/"},"comment_info":0,"_links":{"self":[{"href":"https:\/\/www.apen.es\/en\/wp-json\/wp\/v2\/pages\/13787","targetHints":{"allow":["GET"]}}],"collection":[{"href":"https:\/\/www.apen.es\/en\/wp-json\/wp\/v2\/pages"}],"about":[{"href":"https:\/\/www.apen.es\/en\/wp-json\/wp\/v2\/types\/page"}],"author":[{"embeddable":true,"href":"https:\/\/www.apen.es\/en\/wp-json\/wp\/v2\/users\/4"}],"replies":[{"embeddable":true,"href":"https:\/\/www.apen.es\/en\/wp-json\/wp\/v2\/comments?post=13787"}],"version-history":[{"count":3,"href":"https:\/\/www.apen.es\/en\/wp-json\/wp\/v2\/pages\/13787\/revisions"}],"predecessor-version":[{"id":54568,"href":"https:\/\/www.apen.es\/en\/wp-json\/wp\/v2\/pages\/13787\/revisions\/54568"}],"up":[{"embeddable":true,"href":"https:\/\/www.apen.es\/en\/wp-json\/wp\/v2\/pages\/13773"}],"wp:attachment":[{"href":"https:\/\/www.apen.es\/en\/wp-json\/wp\/v2\/media?parent=13787"}],"curies":[{"name":"wp","href":"https:\/\/api.w.org\/{rel}","templated":true}]}}