{"id":13781,"date":"2019-04-15T07:54:13","date_gmt":"2019-04-15T07:54:13","guid":{"rendered":"https:\/\/www.apen.es\/?page_id=13781"},"modified":"2025-03-31T06:58:59","modified_gmt":"2025-03-31T06:58:59","slug":"computer-science-mataro","status":"publish","type":"page","link":"https:\/\/www.apen.es\/en\/mantenimiento-informatico\/informatica\/informatica-mataro\/","title":{"rendered":"Computer services Matar\u00f3"},"content":{"rendered":"<p>At Apen, we are a company with over twenty-five years of experience, specializing in three major areas related to...&nbsp;<strong>computer science in<\/strong>&nbsp;<strong>Matar\u00f3<\/strong>, Firstly, printing solutions, secondly, the implementation of management software (a3ERP) and lastly, but no less important, IT maintenance for all types of companies, which is what we will focus on next, since without a doubt it is one of the essential services for all companies, regardless of the sector they are in.<\/p>\n\n\n\n<p>Today, it doesn&#039;t matter what sector a company is in, since practically every sector and every company in the area uses some kind of computer product. And although it may seem like everything works perfectly and it will never break down, this is one of the major drawbacks of technology: failures can occur at any time, especially over the years. However, failures aren&#039;t always necessary, as a virus could wipe out all the information on your company&#039;s computers.<\/p>\n\n\n\n<p>For this reason, we believe that proper maintenance of the products of&nbsp;<strong>IT in Matar\u00f3<\/strong>, This is essential to avoid these kinds of problems and to prevent us from losing this data, as we could end up losing many customers and money.<\/p>\n\n\n\n<p>The services we offer at our company&nbsp;<strong>IT in Matar\u00f3<\/strong>, They are very comprehensive and perfectly adapt to the needs of all companies, such as computer, server and IT system maintenance, since each company has different needs, so the service we offer must be personalized and adaptable to each one of them.<\/p>\n\n\n\n<p>During the more than 25 years that we have experience in our company&nbsp;<strong>IT in Matar\u00f3<\/strong>, We have built a large list of satisfied customers who recommend us and always rely on us, so if you want to be the next company to receive our help and indirectly increase your profits, don&#039;t hesitate to contact us as soon as possible, as we will be happy to help you in any way we can.<\/p>\n\n\n\n<p>Also, remember that in our company&nbsp;<strong>IT in Matar\u00f3<\/strong>, We have a great team made up of true professionals, who have gone through different phases and have been chosen so that we have the best professionals in the sector, who have all the training, knowledge and capabilities to meet the objectives of our company, and in this way we can guarantee that we always offer you the best quality result.<\/p>","protected":false},"excerpt":{"rendered":"<p>Apen, somos una empresa con m\u00e1s de veinticinco a\u00f1os de experiencia en la cual, nos hemos ido especializando en tres grandes \u00e1reas relacionadas con la&nbsp;inform\u00e1tica en&nbsp;Matar\u00f3, en primer lugar, las soluciones de impresi\u00f3n, en segundo lugar, la implantaci\u00f3n de softwares de gesti\u00f3n (a3ERP) y, por \u00faltimo, perno no menos importante, en el mantenimiento inform\u00e1tico para&#8230;<\/p>","protected":false},"author":4,"featured_media":0,"parent":13773,"menu_order":0,"comment_status":"closed","ping_status":"closed","template":"page-servicio-informatico.php","meta":{"_acf_changed":false,"_kad_blocks_custom_css":"","_kad_blocks_head_custom_js":"","_kad_blocks_body_custom_js":"","_kad_blocks_footer_custom_js":"","_kad_post_transparent":"","_kad_post_title":"","_kad_post_layout":"","_kad_post_sidebar_id":"","_kad_post_content_style":"","_kad_post_vertical_padding":"","_kad_post_feature":"","_kad_post_feature_position":"","_kad_post_header":false,"_kad_post_footer":false,"_kad_post_classname":"","footnotes":""},"class_list":["post-13781","page","type-page","status-publish","hentry"],"acf":[],"yoast_head":"<!-- This site is optimized with the Yoast SEO plugin v27.4 - https:\/\/yoast.com\/product\/yoast-seo-wordpress\/ -->\n<title>Inform\u00e1tica Matar\u00f3 - Apen Inform\u00e1tica<\/title>\n<meta name=\"description\" content=\"Inform\u00e1tica Matar\u00f3 para empresas. Somos una empresa de inform\u00e1tica y soluciones tecnolog\u00edcas que ayudamos a las empresas a digitalizarse.\" \/>\n<meta name=\"robots\" content=\"index, follow, max-snippet:-1, max-image-preview:large, max-video-preview:-1\" \/>\n<link rel=\"canonical\" href=\"https:\/\/www.apen.es\/en\/computer-maintenance\/computing\/computer-science-mataro\/\" \/>\n<meta property=\"og:locale\" content=\"en_US\" \/>\n<meta property=\"og:type\" content=\"article\" \/>\n<meta property=\"og:title\" content=\"Inform\u00e1tica Matar\u00f3 - Apen Inform\u00e1tica\" \/>\n<meta property=\"og:description\" content=\"Inform\u00e1tica Matar\u00f3 para empresas. Somos una empresa de inform\u00e1tica y soluciones tecnolog\u00edcas que ayudamos a las empresas a digitalizarse.\" \/>\n<meta property=\"og:url\" content=\"https:\/\/www.apen.es\/en\/computer-maintenance\/computing\/computer-science-mataro\/\" \/>\n<meta property=\"og:site_name\" content=\"Apen Inform\u00e1tica\" \/>\n<meta property=\"article:publisher\" content=\"https:\/\/www.facebook.com\/apensolucions\" \/>\n<meta property=\"article:modified_time\" content=\"2025-03-31T06:58:59+00:00\" \/>\n<meta property=\"og:image\" content=\"https:\/\/www.apen.es\/wp-content\/uploads\/2016\/05\/logo-apen-231x82-trasparent.png\" \/>\n\t<meta property=\"og:image:width\" content=\"231\" \/>\n\t<meta property=\"og:image:height\" content=\"82\" \/>\n\t<meta property=\"og:image:type\" content=\"image\/png\" \/>\n<meta name=\"twitter:card\" content=\"summary_large_image\" \/>\n<meta name=\"twitter:label1\" content=\"Est. reading time\" \/>\n\t<meta name=\"twitter:data1\" content=\"10 minutes\" \/>\n<script type=\"application\/ld+json\" class=\"yoast-schema-graph\">{\"@context\":\"https:\\\/\\\/schema.org\",\"@graph\":[{\"@type\":\"WebPage\",\"@id\":\"https:\\\/\\\/www.apen.es\\\/mantenimiento-informatico\\\/informatica\\\/informatica-mataro\\\/\",\"url\":\"https:\\\/\\\/www.apen.es\\\/mantenimiento-informatico\\\/informatica\\\/informatica-mataro\\\/\",\"name\":\"Inform\u00e1tica Matar\u00f3 - Apen Inform\u00e1tica\",\"isPartOf\":{\"@id\":\"https:\\\/\\\/www.apen.es\\\/#website\"},\"datePublished\":\"2019-04-15T07:54:13+00:00\",\"dateModified\":\"2025-03-31T06:58:59+00:00\",\"description\":\"Inform\u00e1tica Matar\u00f3 para empresas. Somos una empresa de inform\u00e1tica y soluciones tecnolog\u00edcas que ayudamos a las empresas a digitalizarse.\",\"breadcrumb\":{\"@id\":\"https:\\\/\\\/www.apen.es\\\/mantenimiento-informatico\\\/informatica\\\/informatica-mataro\\\/#breadcrumb\"},\"inLanguage\":\"en-US\",\"potentialAction\":[{\"@type\":\"ReadAction\",\"target\":[\"https:\\\/\\\/www.apen.es\\\/mantenimiento-informatico\\\/informatica\\\/informatica-mataro\\\/\"]}]},{\"@type\":\"BreadcrumbList\",\"@id\":\"https:\\\/\\\/www.apen.es\\\/mantenimiento-informatico\\\/informatica\\\/informatica-mataro\\\/#breadcrumb\",\"itemListElement\":[{\"@type\":\"ListItem\",\"position\":1,\"name\":\"Portada\",\"item\":\"https:\\\/\\\/www.apen.es\\\/\"},{\"@type\":\"ListItem\",\"position\":2,\"name\":\"Mantenimiento inform\u00e1tico\",\"item\":\"https:\\\/\\\/www.apen.es\\\/mantenimiento-informatico\\\/\"},{\"@type\":\"ListItem\",\"position\":3,\"name\":\"Inform\u00e1tica\",\"item\":\"https:\\\/\\\/www.apen.es\\\/mantenimiento-informatico\\\/informatica\\\/\"},{\"@type\":\"ListItem\",\"position\":4,\"name\":\"Inform\u00e1tica Matar\u00f3\"}]},{\"@type\":\"WebSite\",\"@id\":\"https:\\\/\\\/www.apen.es\\\/#website\",\"url\":\"https:\\\/\\\/www.apen.es\\\/\",\"name\":\"Apen Inform\u00e1tica\",\"description\":\"Mantenimiento Inform\u00e1tico , Software de Gesti\u00f3n, Soluciones de impresi\u00f3n\",\"publisher\":{\"@id\":\"https:\\\/\\\/www.apen.es\\\/#organization\"},\"potentialAction\":[{\"@type\":\"SearchAction\",\"target\":{\"@type\":\"EntryPoint\",\"urlTemplate\":\"https:\\\/\\\/www.apen.es\\\/?s={search_term_string}\"},\"query-input\":{\"@type\":\"PropertyValueSpecification\",\"valueRequired\":true,\"valueName\":\"search_term_string\"}}],\"inLanguage\":\"en-US\"},{\"@type\":\"Organization\",\"@id\":\"https:\\\/\\\/www.apen.es\\\/#organization\",\"name\":\"Apen: Soluciones inform\u00e1ticas\",\"url\":\"https:\\\/\\\/www.apen.es\\\/\",\"logo\":{\"@type\":\"ImageObject\",\"inLanguage\":\"en-US\",\"@id\":\"https:\\\/\\\/www.apen.es\\\/#\\\/schema\\\/logo\\\/image\\\/\",\"url\":\"https:\\\/\\\/www.apen.es\\\/wp-content\\\/uploads\\\/2022\\\/08\\\/logo-apenok-231x82-1.png\",\"contentUrl\":\"https:\\\/\\\/www.apen.es\\\/wp-content\\\/uploads\\\/2022\\\/08\\\/logo-apenok-231x82-1.png\",\"width\":231,\"height\":82,\"caption\":\"Apen: Soluciones inform\u00e1ticas\"},\"image\":{\"@id\":\"https:\\\/\\\/www.apen.es\\\/#\\\/schema\\\/logo\\\/image\\\/\"},\"sameAs\":[\"https:\\\/\\\/www.facebook.com\\\/apensolucions\",\"https:\\\/\\\/www.youtube.com\\\/user\\\/ApenCentreInformatic\",\"https:\\\/\\\/www.linkedin.com\\\/company\\\/1021771?trk=tyah&trkInfo=clickedVerticalcompanyclickedEntityId1021771idx2-1-2tarId1464195271196tasapenin\"]}]}<\/script>\n<!-- \/ Yoast SEO plugin. -->","yoast_head_json":{"title":"Matar\u00f3 IT - Apen IT","description":"IT services in Matar\u00f3 for businesses. We are an IT and technology solutions company that helps businesses digitize their operations.","robots":{"index":"index","follow":"follow","max-snippet":"max-snippet:-1","max-image-preview":"max-image-preview:large","max-video-preview":"max-video-preview:-1"},"canonical":"https:\/\/www.apen.es\/en\/computer-maintenance\/computing\/computer-science-mataro\/","og_locale":"en_US","og_type":"article","og_title":"Inform\u00e1tica Matar\u00f3 - Apen Inform\u00e1tica","og_description":"Inform\u00e1tica Matar\u00f3 para empresas. Somos una empresa de inform\u00e1tica y soluciones tecnolog\u00edcas que ayudamos a las empresas a digitalizarse.","og_url":"https:\/\/www.apen.es\/en\/computer-maintenance\/computing\/computer-science-mataro\/","og_site_name":"Apen Inform\u00e1tica","article_publisher":"https:\/\/www.facebook.com\/apensolucions","article_modified_time":"2025-03-31T06:58:59+00:00","og_image":[{"width":231,"height":82,"url":"https:\/\/www.apen.es\/wp-content\/uploads\/2016\/05\/logo-apen-231x82-trasparent.png","type":"image\/png"}],"twitter_card":"summary_large_image","twitter_misc":{"Est. reading time":"10 minutes"},"schema":{"@context":"https:\/\/schema.org","@graph":[{"@type":"WebPage","@id":"https:\/\/www.apen.es\/mantenimiento-informatico\/informatica\/informatica-mataro\/","url":"https:\/\/www.apen.es\/mantenimiento-informatico\/informatica\/informatica-mataro\/","name":"Matar\u00f3 IT - Apen IT","isPartOf":{"@id":"https:\/\/www.apen.es\/#website"},"datePublished":"2019-04-15T07:54:13+00:00","dateModified":"2025-03-31T06:58:59+00:00","description":"IT services in Matar\u00f3 for businesses. We are an IT and technology solutions company that helps businesses digitize their operations.","breadcrumb":{"@id":"https:\/\/www.apen.es\/mantenimiento-informatico\/informatica\/informatica-mataro\/#breadcrumb"},"inLanguage":"en-US","potentialAction":[{"@type":"ReadAction","target":["https:\/\/www.apen.es\/mantenimiento-informatico\/informatica\/informatica-mataro\/"]}]},{"@type":"BreadcrumbList","@id":"https:\/\/www.apen.es\/mantenimiento-informatico\/informatica\/informatica-mataro\/#breadcrumb","itemListElement":[{"@type":"ListItem","position":1,"name":"Portada","item":"https:\/\/www.apen.es\/"},{"@type":"ListItem","position":2,"name":"Mantenimiento inform\u00e1tico","item":"https:\/\/www.apen.es\/mantenimiento-informatico\/"},{"@type":"ListItem","position":3,"name":"Inform\u00e1tica","item":"https:\/\/www.apen.es\/mantenimiento-informatico\/informatica\/"},{"@type":"ListItem","position":4,"name":"Inform\u00e1tica Matar\u00f3"}]},{"@type":"WebSite","@id":"https:\/\/www.apen.es\/#website","url":"https:\/\/www.apen.es\/","name":"Apen Inform\u00e1tica","description":"IT Maintenance, Management Software, Printing Solutions","publisher":{"@id":"https:\/\/www.apen.es\/#organization"},"potentialAction":[{"@type":"SearchAction","target":{"@type":"EntryPoint","urlTemplate":"https:\/\/www.apen.es\/?s={search_term_string}"},"query-input":{"@type":"PropertyValueSpecification","valueRequired":true,"valueName":"search_term_string"}}],"inLanguage":"en-US"},{"@type":"Organization","@id":"https:\/\/www.apen.es\/#organization","name":"Apen: IT Solutions","url":"https:\/\/www.apen.es\/","logo":{"@type":"ImageObject","inLanguage":"en-US","@id":"https:\/\/www.apen.es\/#\/schema\/logo\/image\/","url":"https:\/\/www.apen.es\/wp-content\/uploads\/2022\/08\/logo-apenok-231x82-1.png","contentUrl":"https:\/\/www.apen.es\/wp-content\/uploads\/2022\/08\/logo-apenok-231x82-1.png","width":231,"height":82,"caption":"Apen: Soluciones inform\u00e1ticas"},"image":{"@id":"https:\/\/www.apen.es\/#\/schema\/logo\/image\/"},"sameAs":["https:\/\/www.facebook.com\/apensolucions","https:\/\/www.youtube.com\/user\/ApenCentreInformatic","https:\/\/www.linkedin.com\/company\/1021771?trk=tyah&trkInfo=clickedVerticalcompanyclickedEntityId1021771idx2-1-2tarId1464195271196tasapenin"]}]}},"taxonomy_info":[],"featured_image_src_large":false,"author_info":{"display_name":"marqueting","author_link":"https:\/\/www.apen.es\/en\/blog\/author\/marqueting\/"},"comment_info":0,"_links":{"self":[{"href":"https:\/\/www.apen.es\/en\/wp-json\/wp\/v2\/pages\/13781","targetHints":{"allow":["GET"]}}],"collection":[{"href":"https:\/\/www.apen.es\/en\/wp-json\/wp\/v2\/pages"}],"about":[{"href":"https:\/\/www.apen.es\/en\/wp-json\/wp\/v2\/types\/page"}],"author":[{"embeddable":true,"href":"https:\/\/www.apen.es\/en\/wp-json\/wp\/v2\/users\/4"}],"replies":[{"embeddable":true,"href":"https:\/\/www.apen.es\/en\/wp-json\/wp\/v2\/comments?post=13781"}],"version-history":[{"count":2,"href":"https:\/\/www.apen.es\/en\/wp-json\/wp\/v2\/pages\/13781\/revisions"}],"predecessor-version":[{"id":54566,"href":"https:\/\/www.apen.es\/en\/wp-json\/wp\/v2\/pages\/13781\/revisions\/54566"}],"up":[{"embeddable":true,"href":"https:\/\/www.apen.es\/en\/wp-json\/wp\/v2\/pages\/13773"}],"wp:attachment":[{"href":"https:\/\/www.apen.es\/en\/wp-json\/wp\/v2\/media?parent=13781"}],"curies":[{"name":"wp","href":"https:\/\/api.w.org\/{rel}","templated":true}]}}