{"id":13779,"date":"2019-04-15T07:51:57","date_gmt":"2019-04-15T07:51:57","guid":{"rendered":"https:\/\/www.apen.es\/?page_id=13779"},"modified":"2025-03-31T06:58:25","modified_gmt":"2025-03-31T06:58:25","slug":"it-hospitalet","status":"publish","type":"page","link":"https:\/\/www.apen.es\/en\/computer-maintenance\/computing\/it-hospitalet\/","title":{"rendered":"IT Hospitalet"},"content":{"rendered":"<p>For a service to&nbsp;<strong>computing<\/strong>&nbsp;in your company in&nbsp;<strong>Hospitalet<\/strong>&nbsp;To offer you the best possible guarantees, it must be a professional solution tailored to your specific needs. Entrusting your IT maintenance and security to an external company will allow you to enjoy significant advantages from day one. It will also provide the confidence and peace of mind you need, ensuring that your IT systems remain stable and under control.<\/p>\n\n\n\n<p>We have a long and experienced track record of over 25 years, allowing us to achieve the best results, always working with leading brands in each sector. For us, it is essential to meet and, whenever possible, exceed the objectives set by our clients. Therefore, we meticulously study the needs of each company before offering a specific solution, such as our comprehensive service for&nbsp;<strong>computing<\/strong>&nbsp;in&nbsp;<strong>Hospitalet<\/strong>. At Apen we can offer you all these guarantees because we work with a highly qualified and very capable specialized technical team to resolve any technical anomaly that may arise, install antivirus software, install and configure equipment, repair incidents, provide emergency technical assistance in less than four hours, etc.<\/p>\n\n\n\n<p>For us, the most important thing is to meet the real needs of all types of businesses. Our core values are finding the perfect solution for each client, advising them whenever they need it without any obligation, offering a reasonable price, committing to the highest quality in each of our products and services, and ensuring that our services are characterized by professionalism, innovation, quality, commitment, efficiency, and transparency.<\/p>\n\n\n\n<p>Enjoy the best service from&nbsp;<strong>computing<\/strong>&nbsp;in&nbsp;<strong>Hospitalet<\/strong>&nbsp;Thanks to Apen, we can offer you three different IT maintenance options so you can choose the one that best suits your needs. Furthermore, all our proposals can be customized to create a personalized solution. You can choose between Basic Maintenance, Outsourcing Maintenance, and Premium Maintenance, depending on the level of complexity or simplicity you require in your IT maintenance.<\/p>\n\n\n\n<p>On our website you can find all kinds of solutions for&nbsp;<strong>computing<\/strong>&nbsp;in&nbsp;<strong>Hospitalet<\/strong>, such as technology leasing, antivirus installation, implementation of business management software, printing solutions, etc. All of these are carried out by a specialized technical team, which will take care of repairing any type of anomaly that may arise along the way.<\/p>\n\n\n\n<p>We have service points throughout the province of Barcelona, and our operations center is located in Granollers, in the Vall\u00e8s Oriental region. We have service points in the Barcelon\u00e8s, Vall\u00e8s, and Maresme districts, and we also offer nationwide coverage through a network of partners.<\/p>","protected":false},"excerpt":{"rendered":"<p>Para que un servicio de&nbsp;inform\u00e1tica&nbsp;en tu empresa en&nbsp;Hospitalet&nbsp;pueda ofrecerte las m\u00e1ximas garant\u00edas, deber\u00e1 tratarse de una soluci\u00f3n profesional y adaptada a las necesidades reales de la misma. El hecho de confiar en una empresa externa que est\u00e9 especializada en el mantenimiento y la seguridad inform\u00e1tica, te permitir\u00e1 disfrutar de grandes ventajas desde el primer d\u00eda&#8230;.<\/p>","protected":false},"author":4,"featured_media":0,"parent":13773,"menu_order":0,"comment_status":"closed","ping_status":"closed","template":"page-servicio-informatico.php","meta":{"_acf_changed":false,"_kad_blocks_custom_css":"","_kad_blocks_head_custom_js":"","_kad_blocks_body_custom_js":"","_kad_blocks_footer_custom_js":"","_kad_post_transparent":"","_kad_post_title":"","_kad_post_layout":"","_kad_post_sidebar_id":"","_kad_post_content_style":"","_kad_post_vertical_padding":"","_kad_post_feature":"","_kad_post_feature_position":"","_kad_post_header":false,"_kad_post_footer":false,"_kad_post_classname":"","footnotes":""},"class_list":["post-13779","page","type-page","status-publish","hentry"],"acf":[],"yoast_head":"<!-- This site is optimized with the Yoast SEO plugin v27.4 - https:\/\/yoast.com\/product\/yoast-seo-wordpress\/ -->\n<title>Inform\u00e1tica Hospitalet - Apen Inform\u00e1tica<\/title>\n<meta name=\"description\" content=\"Inform\u00e1tica Hospitalet para Empresas. Somos una empresa de inform\u00e1tica y soluciones tecnolog\u00edcas que ayudamos a las empresas a digitalizarse.\" \/>\n<meta name=\"robots\" content=\"index, follow, max-snippet:-1, max-image-preview:large, max-video-preview:-1\" \/>\n<link rel=\"canonical\" href=\"https:\/\/www.apen.es\/en\/computer-maintenance\/computing\/it-hospitalet\/\" \/>\n<meta property=\"og:locale\" content=\"en_US\" \/>\n<meta property=\"og:type\" content=\"article\" \/>\n<meta property=\"og:title\" content=\"Inform\u00e1tica Hospitalet - Apen Inform\u00e1tica\" \/>\n<meta property=\"og:description\" content=\"Inform\u00e1tica Hospitalet para Empresas. Somos una empresa de inform\u00e1tica y soluciones tecnolog\u00edcas que ayudamos a las empresas a digitalizarse.\" \/>\n<meta property=\"og:url\" content=\"https:\/\/www.apen.es\/en\/computer-maintenance\/computing\/it-hospitalet\/\" \/>\n<meta property=\"og:site_name\" content=\"Apen Inform\u00e1tica\" \/>\n<meta property=\"article:publisher\" content=\"https:\/\/www.facebook.com\/apensolucions\" \/>\n<meta property=\"article:modified_time\" content=\"2025-03-31T06:58:25+00:00\" \/>\n<meta property=\"og:image\" content=\"https:\/\/www.apen.es\/wp-content\/uploads\/2016\/05\/logo-apen-231x82-trasparent.png\" \/>\n\t<meta property=\"og:image:width\" content=\"231\" \/>\n\t<meta property=\"og:image:height\" content=\"82\" \/>\n\t<meta property=\"og:image:type\" content=\"image\/png\" \/>\n<meta name=\"twitter:card\" content=\"summary_large_image\" \/>\n<meta name=\"twitter:label1\" content=\"Est. reading time\" \/>\n\t<meta name=\"twitter:data1\" content=\"10 minutes\" \/>\n<script type=\"application\/ld+json\" class=\"yoast-schema-graph\">{\"@context\":\"https:\\\/\\\/schema.org\",\"@graph\":[{\"@type\":\"WebPage\",\"@id\":\"https:\\\/\\\/www.apen.es\\\/mantenimiento-informatico\\\/informatica\\\/informatica-hospitalet\\\/\",\"url\":\"https:\\\/\\\/www.apen.es\\\/mantenimiento-informatico\\\/informatica\\\/informatica-hospitalet\\\/\",\"name\":\"Inform\u00e1tica Hospitalet - Apen Inform\u00e1tica\",\"isPartOf\":{\"@id\":\"https:\\\/\\\/www.apen.es\\\/#website\"},\"datePublished\":\"2019-04-15T07:51:57+00:00\",\"dateModified\":\"2025-03-31T06:58:25+00:00\",\"description\":\"Inform\u00e1tica Hospitalet para Empresas. Somos una empresa de inform\u00e1tica y soluciones tecnolog\u00edcas que ayudamos a las empresas a digitalizarse.\",\"breadcrumb\":{\"@id\":\"https:\\\/\\\/www.apen.es\\\/mantenimiento-informatico\\\/informatica\\\/informatica-hospitalet\\\/#breadcrumb\"},\"inLanguage\":\"en-US\",\"potentialAction\":[{\"@type\":\"ReadAction\",\"target\":[\"https:\\\/\\\/www.apen.es\\\/mantenimiento-informatico\\\/informatica\\\/informatica-hospitalet\\\/\"]}]},{\"@type\":\"BreadcrumbList\",\"@id\":\"https:\\\/\\\/www.apen.es\\\/mantenimiento-informatico\\\/informatica\\\/informatica-hospitalet\\\/#breadcrumb\",\"itemListElement\":[{\"@type\":\"ListItem\",\"position\":1,\"name\":\"Portada\",\"item\":\"https:\\\/\\\/www.apen.es\\\/\"},{\"@type\":\"ListItem\",\"position\":2,\"name\":\"Mantenimiento inform\u00e1tico\",\"item\":\"https:\\\/\\\/www.apen.es\\\/mantenimiento-informatico\\\/\"},{\"@type\":\"ListItem\",\"position\":3,\"name\":\"Inform\u00e1tica\",\"item\":\"https:\\\/\\\/www.apen.es\\\/mantenimiento-informatico\\\/informatica\\\/\"},{\"@type\":\"ListItem\",\"position\":4,\"name\":\"Inform\u00e1tica Hospitalet\"}]},{\"@type\":\"WebSite\",\"@id\":\"https:\\\/\\\/www.apen.es\\\/#website\",\"url\":\"https:\\\/\\\/www.apen.es\\\/\",\"name\":\"Apen Inform\u00e1tica\",\"description\":\"Mantenimiento Inform\u00e1tico , Software de Gesti\u00f3n, Soluciones de impresi\u00f3n\",\"publisher\":{\"@id\":\"https:\\\/\\\/www.apen.es\\\/#organization\"},\"potentialAction\":[{\"@type\":\"SearchAction\",\"target\":{\"@type\":\"EntryPoint\",\"urlTemplate\":\"https:\\\/\\\/www.apen.es\\\/?s={search_term_string}\"},\"query-input\":{\"@type\":\"PropertyValueSpecification\",\"valueRequired\":true,\"valueName\":\"search_term_string\"}}],\"inLanguage\":\"en-US\"},{\"@type\":\"Organization\",\"@id\":\"https:\\\/\\\/www.apen.es\\\/#organization\",\"name\":\"Apen: Soluciones inform\u00e1ticas\",\"url\":\"https:\\\/\\\/www.apen.es\\\/\",\"logo\":{\"@type\":\"ImageObject\",\"inLanguage\":\"en-US\",\"@id\":\"https:\\\/\\\/www.apen.es\\\/#\\\/schema\\\/logo\\\/image\\\/\",\"url\":\"https:\\\/\\\/www.apen.es\\\/wp-content\\\/uploads\\\/2022\\\/08\\\/logo-apenok-231x82-1.png\",\"contentUrl\":\"https:\\\/\\\/www.apen.es\\\/wp-content\\\/uploads\\\/2022\\\/08\\\/logo-apenok-231x82-1.png\",\"width\":231,\"height\":82,\"caption\":\"Apen: Soluciones inform\u00e1ticas\"},\"image\":{\"@id\":\"https:\\\/\\\/www.apen.es\\\/#\\\/schema\\\/logo\\\/image\\\/\"},\"sameAs\":[\"https:\\\/\\\/www.facebook.com\\\/apensolucions\",\"https:\\\/\\\/www.youtube.com\\\/user\\\/ApenCentreInformatic\",\"https:\\\/\\\/www.linkedin.com\\\/company\\\/1021771?trk=tyah&trkInfo=clickedVerticalcompanyclickedEntityId1021771idx2-1-2tarId1464195271196tasapenin\"]}]}<\/script>\n<!-- \/ Yoast SEO plugin. -->","yoast_head_json":{"title":"Hospitalet IT - Apen IT","description":"IT Services for Businesses in Hospitalet. We are an IT and technology solutions company that helps businesses digitize their operations.","robots":{"index":"index","follow":"follow","max-snippet":"max-snippet:-1","max-image-preview":"max-image-preview:large","max-video-preview":"max-video-preview:-1"},"canonical":"https:\/\/www.apen.es\/en\/computer-maintenance\/computing\/it-hospitalet\/","og_locale":"en_US","og_type":"article","og_title":"Inform\u00e1tica Hospitalet - Apen Inform\u00e1tica","og_description":"Inform\u00e1tica Hospitalet para Empresas. Somos una empresa de inform\u00e1tica y soluciones tecnolog\u00edcas que ayudamos a las empresas a digitalizarse.","og_url":"https:\/\/www.apen.es\/en\/computer-maintenance\/computing\/it-hospitalet\/","og_site_name":"Apen Inform\u00e1tica","article_publisher":"https:\/\/www.facebook.com\/apensolucions","article_modified_time":"2025-03-31T06:58:25+00:00","og_image":[{"width":231,"height":82,"url":"https:\/\/www.apen.es\/wp-content\/uploads\/2016\/05\/logo-apen-231x82-trasparent.png","type":"image\/png"}],"twitter_card":"summary_large_image","twitter_misc":{"Est. reading time":"10 minutes"},"schema":{"@context":"https:\/\/schema.org","@graph":[{"@type":"WebPage","@id":"https:\/\/www.apen.es\/mantenimiento-informatico\/informatica\/informatica-hospitalet\/","url":"https:\/\/www.apen.es\/mantenimiento-informatico\/informatica\/informatica-hospitalet\/","name":"Hospitalet IT - Apen IT","isPartOf":{"@id":"https:\/\/www.apen.es\/#website"},"datePublished":"2019-04-15T07:51:57+00:00","dateModified":"2025-03-31T06:58:25+00:00","description":"IT Services for Businesses in Hospitalet. We are an IT and technology solutions company that helps businesses digitize their operations.","breadcrumb":{"@id":"https:\/\/www.apen.es\/mantenimiento-informatico\/informatica\/informatica-hospitalet\/#breadcrumb"},"inLanguage":"en-US","potentialAction":[{"@type":"ReadAction","target":["https:\/\/www.apen.es\/mantenimiento-informatico\/informatica\/informatica-hospitalet\/"]}]},{"@type":"BreadcrumbList","@id":"https:\/\/www.apen.es\/mantenimiento-informatico\/informatica\/informatica-hospitalet\/#breadcrumb","itemListElement":[{"@type":"ListItem","position":1,"name":"Portada","item":"https:\/\/www.apen.es\/"},{"@type":"ListItem","position":2,"name":"Mantenimiento inform\u00e1tico","item":"https:\/\/www.apen.es\/mantenimiento-informatico\/"},{"@type":"ListItem","position":3,"name":"Inform\u00e1tica","item":"https:\/\/www.apen.es\/mantenimiento-informatico\/informatica\/"},{"@type":"ListItem","position":4,"name":"Inform\u00e1tica Hospitalet"}]},{"@type":"WebSite","@id":"https:\/\/www.apen.es\/#website","url":"https:\/\/www.apen.es\/","name":"Apen Inform\u00e1tica","description":"IT Maintenance, Management Software, Printing Solutions","publisher":{"@id":"https:\/\/www.apen.es\/#organization"},"potentialAction":[{"@type":"SearchAction","target":{"@type":"EntryPoint","urlTemplate":"https:\/\/www.apen.es\/?s={search_term_string}"},"query-input":{"@type":"PropertyValueSpecification","valueRequired":true,"valueName":"search_term_string"}}],"inLanguage":"en-US"},{"@type":"Organization","@id":"https:\/\/www.apen.es\/#organization","name":"Apen: IT Solutions","url":"https:\/\/www.apen.es\/","logo":{"@type":"ImageObject","inLanguage":"en-US","@id":"https:\/\/www.apen.es\/#\/schema\/logo\/image\/","url":"https:\/\/www.apen.es\/wp-content\/uploads\/2022\/08\/logo-apenok-231x82-1.png","contentUrl":"https:\/\/www.apen.es\/wp-content\/uploads\/2022\/08\/logo-apenok-231x82-1.png","width":231,"height":82,"caption":"Apen: Soluciones inform\u00e1ticas"},"image":{"@id":"https:\/\/www.apen.es\/#\/schema\/logo\/image\/"},"sameAs":["https:\/\/www.facebook.com\/apensolucions","https:\/\/www.youtube.com\/user\/ApenCentreInformatic","https:\/\/www.linkedin.com\/company\/1021771?trk=tyah&trkInfo=clickedVerticalcompanyclickedEntityId1021771idx2-1-2tarId1464195271196tasapenin"]}]}},"taxonomy_info":[],"featured_image_src_large":false,"author_info":{"display_name":"marqueting","author_link":"https:\/\/www.apen.es\/en\/blog\/author\/marqueting\/"},"comment_info":0,"_links":{"self":[{"href":"https:\/\/www.apen.es\/en\/wp-json\/wp\/v2\/pages\/13779","targetHints":{"allow":["GET"]}}],"collection":[{"href":"https:\/\/www.apen.es\/en\/wp-json\/wp\/v2\/pages"}],"about":[{"href":"https:\/\/www.apen.es\/en\/wp-json\/wp\/v2\/types\/page"}],"author":[{"embeddable":true,"href":"https:\/\/www.apen.es\/en\/wp-json\/wp\/v2\/users\/4"}],"replies":[{"embeddable":true,"href":"https:\/\/www.apen.es\/en\/wp-json\/wp\/v2\/comments?post=13779"}],"version-history":[{"count":2,"href":"https:\/\/www.apen.es\/en\/wp-json\/wp\/v2\/pages\/13779\/revisions"}],"predecessor-version":[{"id":54563,"href":"https:\/\/www.apen.es\/en\/wp-json\/wp\/v2\/pages\/13779\/revisions\/54563"}],"up":[{"embeddable":true,"href":"https:\/\/www.apen.es\/en\/wp-json\/wp\/v2\/pages\/13773"}],"wp:attachment":[{"href":"https:\/\/www.apen.es\/en\/wp-json\/wp\/v2\/media?parent=13779"}],"curies":[{"name":"wp","href":"https:\/\/api.w.org\/{rel}","templated":true}]}}