{"id":13771,"date":"2019-04-15T07:41:57","date_gmt":"2019-04-15T07:41:57","guid":{"rendered":"https:\/\/www.apen.es\/?page_id=13771"},"modified":"2025-03-31T06:56:30","modified_gmt":"2025-03-31T06:56:30","slug":"computer-equipment-for-businesses","status":"publish","type":"page","link":"https:\/\/www.apen.es\/en\/mantenimiento-informatico\/equipos-informaticos-para-empresas\/","title":{"rendered":"Computer equipment for businesses"},"content":{"rendered":"<p>At Apen, we put the best technology at your fingertips, with state-of-the-art equipment from leading brands that can meet all your business requirements and needs.&nbsp;<strong>computer equipment<\/strong>&nbsp;<strong>for companies<\/strong>&nbsp;adapted, optimized and tested to offer good performance and operation in any type of SME.<\/p>\n\n\n\n<p>In Apen you can find&nbsp;<strong>computer equipment for businesses<\/strong>&nbsp;Tailor-made for your SME, with features and functionalities tailored and designed to improve productivity, business management, competitiveness, and even reduce your company&#039;s annual costs. Significant advantages that you&#039;ll notice from day one of installation and configuration, allowing you to enjoy all the benefits of having this solution in your business.&nbsp;<strong>computer equipment for businesses<\/strong>&nbsp;state-of-the-art, from the leading brands in the sector.<\/p>\n\n\n\n<p>Thanks to the personalized attention of the&nbsp;<strong>computer equipment<\/strong>&nbsp;professionals&nbsp;<strong>for companies<\/strong>&nbsp;With Apen, you&#039;ll get secure, stable, and cost-effective IT management, ensuring your equipment always performs at its best and you never miss a beat. It&#039;s the best way to enjoy your IT equipment for as long as possible, with the peace of mind of having the best specialized technical support.<\/p>\n\n\n\n<p>We offer three types of IT maintenance, perfectly suited to all kinds of businesses: Basic Maintenance, Outsourcing Maintenance, and Premium Maintenance. These three distinct categories, each with varying levels of complexity, can be adapted and adjusted to meet the specific needs of each client. All plans include the professional expertise of our highly qualified technical team, who will provide the necessary support for any technical issues or problems.&nbsp;<strong>computer equipment for businesses<\/strong>.<\/p>\n\n\n\n<p>Our company values are based on personalized, attentive, accessible, and transparent customer service. We also provide highly specialized advice, drawing on the experience gained from over 25 years in this sector. The quality of our services, professional technical support, and truly affordable prices position us as a leading company offering the best.&nbsp;<strong>computer equipment for businesses<\/strong>.<\/p>\n\n\n\n<p>On our website, you can see everything we can do for you and your company, from preventative maintenance to resolving all types of breakdowns or anomalies related to your company&#039;s cybersecurity. We also offer customized printing solutions, backups, malware detection and removal, and the implementation of custom management software for your SME, allowing you to unify all areas of your business. We also offer technology leasing, which will give you access to all the advantages of our services.&nbsp;<strong>computer equipment for businesses<\/strong>, state-of-the-art, from day one without having the obligation to purchase them.<\/p>","protected":false},"excerpt":{"rendered":"<p>En Apen ponemos la mejor tecnolog\u00eda a vuestro alcance, con equipos de \u00faltima generaci\u00f3n de primeras marcas que podr\u00e1n satisfacer todas vuestras exigencias y necesidades empresariales. Son&nbsp;equipos inform\u00e1ticos&nbsp;para empresas&nbsp;adaptados, optimizados y testados para ofrecer un buen rendimiento y funcionamiento en cualquier tipo de PYME. En Apen podr\u00e1s encontrar&nbsp;equipos inform\u00e1ticos para empresas&nbsp;hechos a medida para tu&#8230;<\/p>","protected":false},"author":4,"featured_media":0,"parent":1357,"menu_order":0,"comment_status":"closed","ping_status":"closed","template":"page-servicio-informatico.php","meta":{"_acf_changed":false,"_kad_blocks_custom_css":"","_kad_blocks_head_custom_js":"","_kad_blocks_body_custom_js":"","_kad_blocks_footer_custom_js":"","_kad_post_transparent":"","_kad_post_title":"","_kad_post_layout":"","_kad_post_sidebar_id":"","_kad_post_content_style":"","_kad_post_vertical_padding":"","_kad_post_feature":"","_kad_post_feature_position":"","_kad_post_header":false,"_kad_post_footer":false,"_kad_post_classname":"","footnotes":""},"class_list":["post-13771","page","type-page","status-publish","hentry"],"acf":[],"yoast_head":"<!-- This site is optimized with the Yoast SEO plugin v27.4 - https:\/\/yoast.com\/product\/yoast-seo-wordpress\/ -->\n<title>Equipos inform\u00e1ticos para empresas - Apen Inform\u00e1tica<\/title>\n<meta name=\"description\" content=\"\u00bfNecesitas equipos inform\u00e1ticos para tu empresa? Somos una empresa de inform\u00e1tica y tecnolog\u00eda que ayudamos a las empresas a digitalizarse.\" \/>\n<meta name=\"robots\" content=\"index, follow, max-snippet:-1, max-image-preview:large, max-video-preview:-1\" \/>\n<link rel=\"canonical\" href=\"https:\/\/www.apen.es\/en\/computer-maintenance\/computer-equipment-for-businesses\/\" \/>\n<meta property=\"og:locale\" content=\"en_US\" \/>\n<meta property=\"og:type\" content=\"article\" \/>\n<meta property=\"og:title\" content=\"Equipos inform\u00e1ticos para empresas - Apen Inform\u00e1tica\" \/>\n<meta property=\"og:description\" content=\"\u00bfNecesitas equipos inform\u00e1ticos para tu empresa? Somos una empresa de inform\u00e1tica y tecnolog\u00eda que ayudamos a las empresas a digitalizarse.\" \/>\n<meta property=\"og:url\" content=\"https:\/\/www.apen.es\/en\/computer-maintenance\/computer-equipment-for-businesses\/\" \/>\n<meta property=\"og:site_name\" content=\"Apen Inform\u00e1tica\" \/>\n<meta property=\"article:publisher\" content=\"https:\/\/www.facebook.com\/apensolucions\" \/>\n<meta property=\"article:modified_time\" content=\"2025-03-31T06:56:30+00:00\" \/>\n<meta property=\"og:image\" content=\"https:\/\/www.apen.es\/wp-content\/uploads\/2016\/05\/logo-apen-231x82-trasparent.png\" \/>\n\t<meta property=\"og:image:width\" content=\"231\" \/>\n\t<meta property=\"og:image:height\" content=\"82\" \/>\n\t<meta property=\"og:image:type\" content=\"image\/png\" \/>\n<meta name=\"twitter:card\" content=\"summary_large_image\" \/>\n<meta name=\"twitter:label1\" content=\"Est. reading time\" \/>\n\t<meta name=\"twitter:data1\" content=\"10 minutes\" \/>\n<script type=\"application\/ld+json\" class=\"yoast-schema-graph\">{\"@context\":\"https:\\\/\\\/schema.org\",\"@graph\":[{\"@type\":\"WebPage\",\"@id\":\"https:\\\/\\\/www.apen.es\\\/mantenimiento-informatico\\\/equipos-informaticos-para-empresas\\\/\",\"url\":\"https:\\\/\\\/www.apen.es\\\/mantenimiento-informatico\\\/equipos-informaticos-para-empresas\\\/\",\"name\":\"Equipos inform\u00e1ticos para empresas - Apen Inform\u00e1tica\",\"isPartOf\":{\"@id\":\"https:\\\/\\\/www.apen.es\\\/#website\"},\"datePublished\":\"2019-04-15T07:41:57+00:00\",\"dateModified\":\"2025-03-31T06:56:30+00:00\",\"description\":\"\u00bfNecesitas equipos inform\u00e1ticos para tu empresa? Somos una empresa de inform\u00e1tica y tecnolog\u00eda que ayudamos a las empresas a digitalizarse.\",\"breadcrumb\":{\"@id\":\"https:\\\/\\\/www.apen.es\\\/mantenimiento-informatico\\\/equipos-informaticos-para-empresas\\\/#breadcrumb\"},\"inLanguage\":\"en-US\",\"potentialAction\":[{\"@type\":\"ReadAction\",\"target\":[\"https:\\\/\\\/www.apen.es\\\/mantenimiento-informatico\\\/equipos-informaticos-para-empresas\\\/\"]}]},{\"@type\":\"BreadcrumbList\",\"@id\":\"https:\\\/\\\/www.apen.es\\\/mantenimiento-informatico\\\/equipos-informaticos-para-empresas\\\/#breadcrumb\",\"itemListElement\":[{\"@type\":\"ListItem\",\"position\":1,\"name\":\"Portada\",\"item\":\"https:\\\/\\\/www.apen.es\\\/\"},{\"@type\":\"ListItem\",\"position\":2,\"name\":\"Mantenimiento inform\u00e1tico\",\"item\":\"https:\\\/\\\/www.apen.es\\\/mantenimiento-informatico\\\/\"},{\"@type\":\"ListItem\",\"position\":3,\"name\":\"Equipos inform\u00e1ticos para empresas\"}]},{\"@type\":\"WebSite\",\"@id\":\"https:\\\/\\\/www.apen.es\\\/#website\",\"url\":\"https:\\\/\\\/www.apen.es\\\/\",\"name\":\"Apen Inform\u00e1tica\",\"description\":\"Mantenimiento Inform\u00e1tico , Software de Gesti\u00f3n, Soluciones de impresi\u00f3n\",\"publisher\":{\"@id\":\"https:\\\/\\\/www.apen.es\\\/#organization\"},\"potentialAction\":[{\"@type\":\"SearchAction\",\"target\":{\"@type\":\"EntryPoint\",\"urlTemplate\":\"https:\\\/\\\/www.apen.es\\\/?s={search_term_string}\"},\"query-input\":{\"@type\":\"PropertyValueSpecification\",\"valueRequired\":true,\"valueName\":\"search_term_string\"}}],\"inLanguage\":\"en-US\"},{\"@type\":\"Organization\",\"@id\":\"https:\\\/\\\/www.apen.es\\\/#organization\",\"name\":\"Apen: Soluciones inform\u00e1ticas\",\"url\":\"https:\\\/\\\/www.apen.es\\\/\",\"logo\":{\"@type\":\"ImageObject\",\"inLanguage\":\"en-US\",\"@id\":\"https:\\\/\\\/www.apen.es\\\/#\\\/schema\\\/logo\\\/image\\\/\",\"url\":\"https:\\\/\\\/www.apen.es\\\/wp-content\\\/uploads\\\/2022\\\/08\\\/logo-apenok-231x82-1.png\",\"contentUrl\":\"https:\\\/\\\/www.apen.es\\\/wp-content\\\/uploads\\\/2022\\\/08\\\/logo-apenok-231x82-1.png\",\"width\":231,\"height\":82,\"caption\":\"Apen: Soluciones inform\u00e1ticas\"},\"image\":{\"@id\":\"https:\\\/\\\/www.apen.es\\\/#\\\/schema\\\/logo\\\/image\\\/\"},\"sameAs\":[\"https:\\\/\\\/www.facebook.com\\\/apensolucions\",\"https:\\\/\\\/www.youtube.com\\\/user\\\/ApenCentreInformatic\",\"https:\\\/\\\/www.linkedin.com\\\/company\\\/1021771?trk=tyah&trkInfo=clickedVerticalcompanyclickedEntityId1021771idx2-1-2tarId1464195271196tasapenin\"]}]}<\/script>\n<!-- \/ Yoast SEO plugin. -->","yoast_head_json":{"title":"Computer equipment for businesses - Apen Inform\u00e1tica","description":"Do you need computer equipment for your company? We are an IT and technology company that helps businesses digitize their operations.","robots":{"index":"index","follow":"follow","max-snippet":"max-snippet:-1","max-image-preview":"max-image-preview:large","max-video-preview":"max-video-preview:-1"},"canonical":"https:\/\/www.apen.es\/en\/computer-maintenance\/computer-equipment-for-businesses\/","og_locale":"en_US","og_type":"article","og_title":"Equipos inform\u00e1ticos para empresas - Apen Inform\u00e1tica","og_description":"\u00bfNecesitas equipos inform\u00e1ticos para tu empresa? Somos una empresa de inform\u00e1tica y tecnolog\u00eda que ayudamos a las empresas a digitalizarse.","og_url":"https:\/\/www.apen.es\/en\/computer-maintenance\/computer-equipment-for-businesses\/","og_site_name":"Apen Inform\u00e1tica","article_publisher":"https:\/\/www.facebook.com\/apensolucions","article_modified_time":"2025-03-31T06:56:30+00:00","og_image":[{"width":231,"height":82,"url":"https:\/\/www.apen.es\/wp-content\/uploads\/2016\/05\/logo-apen-231x82-trasparent.png","type":"image\/png"}],"twitter_card":"summary_large_image","twitter_misc":{"Est. reading time":"10 minutes"},"schema":{"@context":"https:\/\/schema.org","@graph":[{"@type":"WebPage","@id":"https:\/\/www.apen.es\/mantenimiento-informatico\/equipos-informaticos-para-empresas\/","url":"https:\/\/www.apen.es\/mantenimiento-informatico\/equipos-informaticos-para-empresas\/","name":"Computer equipment for businesses - Apen Inform\u00e1tica","isPartOf":{"@id":"https:\/\/www.apen.es\/#website"},"datePublished":"2019-04-15T07:41:57+00:00","dateModified":"2025-03-31T06:56:30+00:00","description":"Do you need computer equipment for your company? We are an IT and technology company that helps businesses digitize their operations.","breadcrumb":{"@id":"https:\/\/www.apen.es\/mantenimiento-informatico\/equipos-informaticos-para-empresas\/#breadcrumb"},"inLanguage":"en-US","potentialAction":[{"@type":"ReadAction","target":["https:\/\/www.apen.es\/mantenimiento-informatico\/equipos-informaticos-para-empresas\/"]}]},{"@type":"BreadcrumbList","@id":"https:\/\/www.apen.es\/mantenimiento-informatico\/equipos-informaticos-para-empresas\/#breadcrumb","itemListElement":[{"@type":"ListItem","position":1,"name":"Portada","item":"https:\/\/www.apen.es\/"},{"@type":"ListItem","position":2,"name":"Mantenimiento inform\u00e1tico","item":"https:\/\/www.apen.es\/mantenimiento-informatico\/"},{"@type":"ListItem","position":3,"name":"Equipos inform\u00e1ticos para empresas"}]},{"@type":"WebSite","@id":"https:\/\/www.apen.es\/#website","url":"https:\/\/www.apen.es\/","name":"Apen Inform\u00e1tica","description":"IT Maintenance, Management Software, Printing Solutions","publisher":{"@id":"https:\/\/www.apen.es\/#organization"},"potentialAction":[{"@type":"SearchAction","target":{"@type":"EntryPoint","urlTemplate":"https:\/\/www.apen.es\/?s={search_term_string}"},"query-input":{"@type":"PropertyValueSpecification","valueRequired":true,"valueName":"search_term_string"}}],"inLanguage":"en-US"},{"@type":"Organization","@id":"https:\/\/www.apen.es\/#organization","name":"Apen: IT Solutions","url":"https:\/\/www.apen.es\/","logo":{"@type":"ImageObject","inLanguage":"en-US","@id":"https:\/\/www.apen.es\/#\/schema\/logo\/image\/","url":"https:\/\/www.apen.es\/wp-content\/uploads\/2022\/08\/logo-apenok-231x82-1.png","contentUrl":"https:\/\/www.apen.es\/wp-content\/uploads\/2022\/08\/logo-apenok-231x82-1.png","width":231,"height":82,"caption":"Apen: Soluciones inform\u00e1ticas"},"image":{"@id":"https:\/\/www.apen.es\/#\/schema\/logo\/image\/"},"sameAs":["https:\/\/www.facebook.com\/apensolucions","https:\/\/www.youtube.com\/user\/ApenCentreInformatic","https:\/\/www.linkedin.com\/company\/1021771?trk=tyah&trkInfo=clickedVerticalcompanyclickedEntityId1021771idx2-1-2tarId1464195271196tasapenin"]}]}},"taxonomy_info":[],"featured_image_src_large":false,"author_info":{"display_name":"marqueting","author_link":"https:\/\/www.apen.es\/en\/blog\/author\/marqueting\/"},"comment_info":0,"_links":{"self":[{"href":"https:\/\/www.apen.es\/en\/wp-json\/wp\/v2\/pages\/13771","targetHints":{"allow":["GET"]}}],"collection":[{"href":"https:\/\/www.apen.es\/en\/wp-json\/wp\/v2\/pages"}],"about":[{"href":"https:\/\/www.apen.es\/en\/wp-json\/wp\/v2\/types\/page"}],"author":[{"embeddable":true,"href":"https:\/\/www.apen.es\/en\/wp-json\/wp\/v2\/users\/4"}],"replies":[{"embeddable":true,"href":"https:\/\/www.apen.es\/en\/wp-json\/wp\/v2\/comments?post=13771"}],"version-history":[{"count":2,"href":"https:\/\/www.apen.es\/en\/wp-json\/wp\/v2\/pages\/13771\/revisions"}],"predecessor-version":[{"id":54558,"href":"https:\/\/www.apen.es\/en\/wp-json\/wp\/v2\/pages\/13771\/revisions\/54558"}],"up":[{"embeddable":true,"href":"https:\/\/www.apen.es\/en\/wp-json\/wp\/v2\/pages\/1357"}],"wp:attachment":[{"href":"https:\/\/www.apen.es\/en\/wp-json\/wp\/v2\/media?parent=13771"}],"curies":[{"name":"wp","href":"https:\/\/api.w.org\/{rel}","templated":true}]}}