{"id":13751,"date":"2019-04-15T07:12:09","date_gmt":"2019-04-15T07:12:09","guid":{"rendered":"https:\/\/www.apen.es\/?page_id=13751"},"modified":"2025-03-31T06:11:31","modified_gmt":"2025-03-31T06:11:31","slug":"it-company-for-businesses","status":"publish","type":"page","link":"https:\/\/www.apen.es\/en\/mantenimiento-informatico\/empresa-de-informatica-para-empresas\/","title":{"rendered":"IT company for businesses"},"content":{"rendered":"<p>If you want to keep your computer equipment in optimal condition for as long as possible, the best thing you can do is hire a&nbsp;<strong>IT company for businesses<\/strong>, Apen specializes in IT maintenance and security. At Apen, we guarantee a high-quality service that responds as quickly and efficiently as possible, thanks to our highly qualified technical team. This ensures your equipment always receives professional technical support, preventing you from experiencing technical issues, viruses, or malfunctions. Apen&#039;s professional and dedicated technical team always finds the best solution for every situation and resolves any technical problem quickly and efficiently. Therefore, we can guarantee our clients top-quality IT service at affordable prices, positioning ourselves as a leading provider.&nbsp;<strong>computer company<\/strong>&nbsp;leading provider of technical support for all&nbsp;<strong>companies<\/strong>&nbsp;that they request it.<\/p>\n\n\n\n<p>In addition to offering this technical service, at Apen you&#039;ll find state-of-the-art equipment ready to provide features and functionalities perfectly tailored to the real needs of your SME. We want to meet you in person to discover everything we can do for you so you can improve business management, the health of your IT equipment, your corporate image, save on annual costs, and more. Because at Apen, we are a&nbsp;<strong>computer company<\/strong>&nbsp;willing&nbsp;<strong>for<\/strong>&nbsp;help others&nbsp;<strong>companies<\/strong>&nbsp;through our services in printing solutions, maintenance and IT security, implementation of management software, technology rental, etc.<\/p>\n\n\n\n<p>We offer Basic IT maintenance, Outsourcing maintenance, and Premium maintenance\u2014three distinct options that can be tailored to each client&#039;s needs. Preventive IT maintenance for your company can be an essential solution to avoid equipment malfunctions, viruses or cyberattacks, lack of storage space, slow startup times, and all kinds of system failures. With Apen, as&nbsp;<strong>computer company<\/strong>&nbsp;dedicated to providing customized solutions&nbsp;<strong>for companies<\/strong>, We can help you solve this issue in a practical, efficient and lasting way from day one until you decide to continue trusting us.<\/p>\n\n\n\n<p>On our website, you can find more details and technical specifications for each of the services we offer, as well as a section showcasing real-world success stories, our company history, and a blog. In this blog, we publish information and articles related to technological advancements, IT maintenance and security, business management, platforms, tools, and apps of interest for online storage or for simplifying the lives of SMEs, tips for improving performance and productivity within your company, and more.<\/p>","protected":false},"excerpt":{"rendered":"<p>Si quieres mantener tus equipos inform\u00e1ticos en un estado \u00f3ptimo durante el mayor tiempo posible, lo mejor que puedes hacer es contratar una&nbsp;empresa de inform\u00e1tica para empresas, que est\u00e9 especializada en el mantenimiento y la seguridad inform\u00e1tica. En Apen podemos garantizarte un servicio de calidad que responde en el menor tiempo posible y con la&#8230;<\/p>","protected":false},"author":4,"featured_media":0,"parent":1357,"menu_order":0,"comment_status":"closed","ping_status":"closed","template":"page-servicio-informatico.php","meta":{"_acf_changed":false,"_kad_blocks_custom_css":"","_kad_blocks_head_custom_js":"","_kad_blocks_body_custom_js":"","_kad_blocks_footer_custom_js":"","_kad_post_transparent":"","_kad_post_title":"","_kad_post_layout":"","_kad_post_sidebar_id":"","_kad_post_content_style":"","_kad_post_vertical_padding":"","_kad_post_feature":"","_kad_post_feature_position":"","_kad_post_header":false,"_kad_post_footer":false,"_kad_post_classname":"","footnotes":""},"class_list":["post-13751","page","type-page","status-publish","hentry"],"acf":[],"yoast_head":"<!-- This site is optimized with the Yoast SEO plugin v27.4 - https:\/\/yoast.com\/product\/yoast-seo-wordpress\/ -->\n<title>Empresa de inform\u00e1tica para empresas - Apen Inform\u00e1tica<\/title>\n<meta name=\"description\" content=\"Somos una empresa de inform\u00e1tica y soluciones tecnolog\u00edcas que ayudamos a las empresas a digitalizarse. Contacta con Apen para obtener informaci\u00f3n.\" \/>\n<meta name=\"robots\" content=\"index, follow, max-snippet:-1, max-image-preview:large, max-video-preview:-1\" \/>\n<link rel=\"canonical\" href=\"https:\/\/www.apen.es\/en\/computer-maintenance\/it-company-for-businesses\/\" \/>\n<meta property=\"og:locale\" content=\"en_US\" \/>\n<meta property=\"og:type\" content=\"article\" \/>\n<meta property=\"og:title\" content=\"Empresa de inform\u00e1tica para empresas - Apen Inform\u00e1tica\" \/>\n<meta property=\"og:description\" content=\"Somos una empresa de inform\u00e1tica y soluciones tecnolog\u00edcas que ayudamos a las empresas a digitalizarse. Contacta con Apen para obtener informaci\u00f3n.\" \/>\n<meta property=\"og:url\" content=\"https:\/\/www.apen.es\/en\/computer-maintenance\/it-company-for-businesses\/\" \/>\n<meta property=\"og:site_name\" content=\"Apen Inform\u00e1tica\" \/>\n<meta property=\"article:publisher\" content=\"https:\/\/www.facebook.com\/apensolucions\" \/>\n<meta property=\"article:modified_time\" content=\"2025-03-31T06:11:31+00:00\" \/>\n<meta property=\"og:image\" content=\"https:\/\/www.apen.es\/wp-content\/uploads\/2016\/05\/logo-apen-231x82-trasparent.png\" \/>\n\t<meta property=\"og:image:width\" content=\"231\" \/>\n\t<meta property=\"og:image:height\" content=\"82\" \/>\n\t<meta property=\"og:image:type\" content=\"image\/png\" \/>\n<meta name=\"twitter:card\" content=\"summary_large_image\" \/>\n<meta name=\"twitter:label1\" content=\"Est. reading time\" \/>\n\t<meta name=\"twitter:data1\" content=\"10 minutes\" \/>\n<script type=\"application\/ld+json\" class=\"yoast-schema-graph\">{\"@context\":\"https:\\\/\\\/schema.org\",\"@graph\":[{\"@type\":\"WebPage\",\"@id\":\"https:\\\/\\\/www.apen.es\\\/mantenimiento-informatico\\\/empresa-de-informatica-para-empresas\\\/\",\"url\":\"https:\\\/\\\/www.apen.es\\\/mantenimiento-informatico\\\/empresa-de-informatica-para-empresas\\\/\",\"name\":\"Empresa de inform\u00e1tica para empresas - Apen Inform\u00e1tica\",\"isPartOf\":{\"@id\":\"https:\\\/\\\/www.apen.es\\\/#website\"},\"datePublished\":\"2019-04-15T07:12:09+00:00\",\"dateModified\":\"2025-03-31T06:11:31+00:00\",\"description\":\"Somos una empresa de inform\u00e1tica y soluciones tecnolog\u00edcas que ayudamos a las empresas a digitalizarse. Contacta con Apen para obtener informaci\u00f3n.\",\"breadcrumb\":{\"@id\":\"https:\\\/\\\/www.apen.es\\\/mantenimiento-informatico\\\/empresa-de-informatica-para-empresas\\\/#breadcrumb\"},\"inLanguage\":\"en-US\",\"potentialAction\":[{\"@type\":\"ReadAction\",\"target\":[\"https:\\\/\\\/www.apen.es\\\/mantenimiento-informatico\\\/empresa-de-informatica-para-empresas\\\/\"]}]},{\"@type\":\"BreadcrumbList\",\"@id\":\"https:\\\/\\\/www.apen.es\\\/mantenimiento-informatico\\\/empresa-de-informatica-para-empresas\\\/#breadcrumb\",\"itemListElement\":[{\"@type\":\"ListItem\",\"position\":1,\"name\":\"Portada\",\"item\":\"https:\\\/\\\/www.apen.es\\\/\"},{\"@type\":\"ListItem\",\"position\":2,\"name\":\"Mantenimiento inform\u00e1tico\",\"item\":\"https:\\\/\\\/www.apen.es\\\/mantenimiento-informatico\\\/\"},{\"@type\":\"ListItem\",\"position\":3,\"name\":\"Empresa de inform\u00e1tica para empresas\"}]},{\"@type\":\"WebSite\",\"@id\":\"https:\\\/\\\/www.apen.es\\\/#website\",\"url\":\"https:\\\/\\\/www.apen.es\\\/\",\"name\":\"Apen Inform\u00e1tica\",\"description\":\"Mantenimiento Inform\u00e1tico , Software de Gesti\u00f3n, Soluciones de impresi\u00f3n\",\"publisher\":{\"@id\":\"https:\\\/\\\/www.apen.es\\\/#organization\"},\"potentialAction\":[{\"@type\":\"SearchAction\",\"target\":{\"@type\":\"EntryPoint\",\"urlTemplate\":\"https:\\\/\\\/www.apen.es\\\/?s={search_term_string}\"},\"query-input\":{\"@type\":\"PropertyValueSpecification\",\"valueRequired\":true,\"valueName\":\"search_term_string\"}}],\"inLanguage\":\"en-US\"},{\"@type\":\"Organization\",\"@id\":\"https:\\\/\\\/www.apen.es\\\/#organization\",\"name\":\"Apen: Soluciones inform\u00e1ticas\",\"url\":\"https:\\\/\\\/www.apen.es\\\/\",\"logo\":{\"@type\":\"ImageObject\",\"inLanguage\":\"en-US\",\"@id\":\"https:\\\/\\\/www.apen.es\\\/#\\\/schema\\\/logo\\\/image\\\/\",\"url\":\"https:\\\/\\\/www.apen.es\\\/wp-content\\\/uploads\\\/2022\\\/08\\\/logo-apenok-231x82-1.png\",\"contentUrl\":\"https:\\\/\\\/www.apen.es\\\/wp-content\\\/uploads\\\/2022\\\/08\\\/logo-apenok-231x82-1.png\",\"width\":231,\"height\":82,\"caption\":\"Apen: Soluciones inform\u00e1ticas\"},\"image\":{\"@id\":\"https:\\\/\\\/www.apen.es\\\/#\\\/schema\\\/logo\\\/image\\\/\"},\"sameAs\":[\"https:\\\/\\\/www.facebook.com\\\/apensolucions\",\"https:\\\/\\\/www.youtube.com\\\/user\\\/ApenCentreInformatic\",\"https:\\\/\\\/www.linkedin.com\\\/company\\\/1021771?trk=tyah&trkInfo=clickedVerticalcompanyclickedEntityId1021771idx2-1-2tarId1464195271196tasapenin\"]}]}<\/script>\n<!-- \/ Yoast SEO plugin. -->","yoast_head_json":{"title":"IT company for businesses - Apen Inform\u00e1tica","description":"We are an IT and technology solutions company that helps businesses digitize their operations. Contact Apen for more information.","robots":{"index":"index","follow":"follow","max-snippet":"max-snippet:-1","max-image-preview":"max-image-preview:large","max-video-preview":"max-video-preview:-1"},"canonical":"https:\/\/www.apen.es\/en\/computer-maintenance\/it-company-for-businesses\/","og_locale":"en_US","og_type":"article","og_title":"Empresa de inform\u00e1tica para empresas - Apen Inform\u00e1tica","og_description":"Somos una empresa de inform\u00e1tica y soluciones tecnolog\u00edcas que ayudamos a las empresas a digitalizarse. Contacta con Apen para obtener informaci\u00f3n.","og_url":"https:\/\/www.apen.es\/en\/computer-maintenance\/it-company-for-businesses\/","og_site_name":"Apen Inform\u00e1tica","article_publisher":"https:\/\/www.facebook.com\/apensolucions","article_modified_time":"2025-03-31T06:11:31+00:00","og_image":[{"width":231,"height":82,"url":"https:\/\/www.apen.es\/wp-content\/uploads\/2016\/05\/logo-apen-231x82-trasparent.png","type":"image\/png"}],"twitter_card":"summary_large_image","twitter_misc":{"Est. reading time":"10 minutes"},"schema":{"@context":"https:\/\/schema.org","@graph":[{"@type":"WebPage","@id":"https:\/\/www.apen.es\/mantenimiento-informatico\/empresa-de-informatica-para-empresas\/","url":"https:\/\/www.apen.es\/mantenimiento-informatico\/empresa-de-informatica-para-empresas\/","name":"IT company for businesses - Apen Inform\u00e1tica","isPartOf":{"@id":"https:\/\/www.apen.es\/#website"},"datePublished":"2019-04-15T07:12:09+00:00","dateModified":"2025-03-31T06:11:31+00:00","description":"We are an IT and technology solutions company that helps businesses digitize their operations. Contact Apen for more information.","breadcrumb":{"@id":"https:\/\/www.apen.es\/mantenimiento-informatico\/empresa-de-informatica-para-empresas\/#breadcrumb"},"inLanguage":"en-US","potentialAction":[{"@type":"ReadAction","target":["https:\/\/www.apen.es\/mantenimiento-informatico\/empresa-de-informatica-para-empresas\/"]}]},{"@type":"BreadcrumbList","@id":"https:\/\/www.apen.es\/mantenimiento-informatico\/empresa-de-informatica-para-empresas\/#breadcrumb","itemListElement":[{"@type":"ListItem","position":1,"name":"Portada","item":"https:\/\/www.apen.es\/"},{"@type":"ListItem","position":2,"name":"Mantenimiento inform\u00e1tico","item":"https:\/\/www.apen.es\/mantenimiento-informatico\/"},{"@type":"ListItem","position":3,"name":"Empresa de inform\u00e1tica para empresas"}]},{"@type":"WebSite","@id":"https:\/\/www.apen.es\/#website","url":"https:\/\/www.apen.es\/","name":"Apen Inform\u00e1tica","description":"IT Maintenance, Management Software, Printing Solutions","publisher":{"@id":"https:\/\/www.apen.es\/#organization"},"potentialAction":[{"@type":"SearchAction","target":{"@type":"EntryPoint","urlTemplate":"https:\/\/www.apen.es\/?s={search_term_string}"},"query-input":{"@type":"PropertyValueSpecification","valueRequired":true,"valueName":"search_term_string"}}],"inLanguage":"en-US"},{"@type":"Organization","@id":"https:\/\/www.apen.es\/#organization","name":"Apen: IT Solutions","url":"https:\/\/www.apen.es\/","logo":{"@type":"ImageObject","inLanguage":"en-US","@id":"https:\/\/www.apen.es\/#\/schema\/logo\/image\/","url":"https:\/\/www.apen.es\/wp-content\/uploads\/2022\/08\/logo-apenok-231x82-1.png","contentUrl":"https:\/\/www.apen.es\/wp-content\/uploads\/2022\/08\/logo-apenok-231x82-1.png","width":231,"height":82,"caption":"Apen: Soluciones inform\u00e1ticas"},"image":{"@id":"https:\/\/www.apen.es\/#\/schema\/logo\/image\/"},"sameAs":["https:\/\/www.facebook.com\/apensolucions","https:\/\/www.youtube.com\/user\/ApenCentreInformatic","https:\/\/www.linkedin.com\/company\/1021771?trk=tyah&trkInfo=clickedVerticalcompanyclickedEntityId1021771idx2-1-2tarId1464195271196tasapenin"]}]}},"taxonomy_info":[],"featured_image_src_large":false,"author_info":{"display_name":"marqueting","author_link":"https:\/\/www.apen.es\/en\/blog\/author\/marqueting\/"},"comment_info":0,"_links":{"self":[{"href":"https:\/\/www.apen.es\/en\/wp-json\/wp\/v2\/pages\/13751","targetHints":{"allow":["GET"]}}],"collection":[{"href":"https:\/\/www.apen.es\/en\/wp-json\/wp\/v2\/pages"}],"about":[{"href":"https:\/\/www.apen.es\/en\/wp-json\/wp\/v2\/types\/page"}],"author":[{"embeddable":true,"href":"https:\/\/www.apen.es\/en\/wp-json\/wp\/v2\/users\/4"}],"replies":[{"embeddable":true,"href":"https:\/\/www.apen.es\/en\/wp-json\/wp\/v2\/comments?post=13751"}],"version-history":[{"count":3,"href":"https:\/\/www.apen.es\/en\/wp-json\/wp\/v2\/pages\/13751\/revisions"}],"predecessor-version":[{"id":54459,"href":"https:\/\/www.apen.es\/en\/wp-json\/wp\/v2\/pages\/13751\/revisions\/54459"}],"up":[{"embeddable":true,"href":"https:\/\/www.apen.es\/en\/wp-json\/wp\/v2\/pages\/1357"}],"wp:attachment":[{"href":"https:\/\/www.apen.es\/en\/wp-json\/wp\/v2\/media?parent=13751"}],"curies":[{"name":"wp","href":"https:\/\/api.w.org\/{rel}","templated":true}]}}