{"id":12948,"date":"2019-02-07T14:25:11","date_gmt":"2019-02-07T14:25:11","guid":{"rendered":"https:\/\/www.apen.es\/?page_id=12948"},"modified":"2025-05-23T08:15:48","modified_gmt":"2025-05-23T08:15:48","slug":"mataro-rental","status":"publish","type":"page","link":"https:\/\/www.apen.es\/en\/multifunction\/hp-multifunction-printer-rental\/mataro-rental\/","title":{"rendered":"HP Multifunction Rental Matar\u00f3"},"content":{"rendered":"<p>At Apen, we offer a wide range of top-quality products that are suitable for all types of businesses, large and small, regardless of their industry. To enable more companies to utilize high-end equipment, Apen offers a service of&nbsp;<strong>HP multifunction rental in Matar\u00f3<\/strong>. This service is intended to provide a solution for all those businesses that require the best printing equipment, but, at this time, cannot afford to bear the costs of a purchase and what this entails.<\/p>\n\n\n\n<p>Many businesses are just starting out or don&#039;t have the financial resources to make a large purchase and then bear the costs of maintenance and repairs if needed. For this reason, our&nbsp;<strong>HP multifunction rental in Matar\u00f3<\/strong>, This service is ideal for these types of situations. With this service, the client only pays a monthly fee agreed upon in advance by both parties. This way, the client always knows their expenses without any surprises. If the equipment needs maintenance or repair, we will replace it so the company can continue operating without interruption. This also prevents unexpected costs.<\/p>\n\n\n\n<p>Many companies don&#039;t know exactly what type of product they need and, when in doubt, prefer to use our service.&nbsp;<strong>HP multifunction rental in Matar\u00f3<\/strong>. Thanks to this service, companies that don&#039;t want to risk such a large purchase can have the device for a while and then decide whether they want to buy it or try a different one. The best way to know if a device is suitable for a business, and especially for the activities it carries out, is to use it.<\/p>\n\n\n\n<p>Our company&#039;s objective is to provide solutions to all businesses that come to us with any type of problem. Therefore, our service...&nbsp;<strong>HP multifunction rental in Matar\u00f3<\/strong>, We offer fully personalized consulting services where you explain your needs and we focus on finding the devices that will truly provide the most effective and quickest solutions for your specific situation. If you would like to learn more about our company or the products and services we offer, please don&#039;t hesitate to contact us. Our team of professionals will be happy to assist you and answer any questions you may have, as well as provide all the information you require, without any obligation.<\/p>","protected":false},"excerpt":{"rendered":"<p>En Apen disponemos de una gran gama de productos que, pese a ser de m\u00e1xima calidad, se adapta a todo tipo de empresas, tanto grandes como peque\u00f1as, e independientemente del sector al que se dediquen. Con la finalidad de que cada vez m\u00e1s empresas puedan hacer uso de aparatos de alta gama, en Apen ofrecemos&#8230;<\/p>","protected":false},"author":4,"featured_media":0,"parent":12384,"menu_order":0,"comment_status":"closed","ping_status":"closed","template":"page-renting-impresoras.php","meta":{"_acf_changed":false,"_kad_blocks_custom_css":"","_kad_blocks_head_custom_js":"","_kad_blocks_body_custom_js":"","_kad_blocks_footer_custom_js":"","_kad_post_transparent":"","_kad_post_title":"","_kad_post_layout":"","_kad_post_sidebar_id":"","_kad_post_content_style":"","_kad_post_vertical_padding":"","_kad_post_feature":"","_kad_post_feature_position":"","_kad_post_header":false,"_kad_post_footer":false,"_kad_post_classname":"","footnotes":""},"class_list":["post-12948","page","type-page","status-publish","hentry"],"acf":[],"yoast_head":"<!-- This site is optimized with the Yoast SEO plugin v27.4 - https:\/\/yoast.com\/product\/yoast-seo-wordpress\/ -->\n<title>Renting multifunci\u00f3n HP Matar\u00f3 - Apen Inform\u00e1tica<\/title>\n<meta name=\"description\" content=\"Ofrecemos el servicio de Renting Multifunci\u00f3n de la marca HP en Mataro. Soluciones de impresi\u00f3n, renting, alquiler y venta para empresas.Conf\u00eda en Apen.\" \/>\n<meta name=\"robots\" content=\"index, follow, max-snippet:-1, max-image-preview:large, max-video-preview:-1\" \/>\n<link rel=\"canonical\" href=\"https:\/\/www.apen.es\/en\/multifunction\/hp-multifunction-printer-rental\/mataro-rental\/\" \/>\n<meta property=\"og:locale\" content=\"en_US\" \/>\n<meta property=\"og:type\" content=\"article\" \/>\n<meta property=\"og:title\" content=\"Renting multifunci\u00f3n HP Matar\u00f3 - Apen Inform\u00e1tica\" \/>\n<meta property=\"og:description\" content=\"Ofrecemos el servicio de Renting Multifunci\u00f3n de la marca HP en Mataro. Soluciones de impresi\u00f3n, renting, alquiler y venta para empresas.Conf\u00eda en Apen.\" \/>\n<meta property=\"og:url\" content=\"https:\/\/www.apen.es\/en\/multifunction\/hp-multifunction-printer-rental\/mataro-rental\/\" \/>\n<meta property=\"og:site_name\" content=\"Apen Inform\u00e1tica\" \/>\n<meta property=\"article:publisher\" content=\"https:\/\/www.facebook.com\/apensolucions\" \/>\n<meta property=\"article:modified_time\" content=\"2025-05-23T08:15:48+00:00\" \/>\n<meta property=\"og:image\" content=\"https:\/\/www.apen.es\/wp-content\/uploads\/2016\/05\/logo-apen-231x82-trasparent.png\" \/>\n\t<meta property=\"og:image:width\" content=\"231\" \/>\n\t<meta property=\"og:image:height\" content=\"82\" \/>\n\t<meta property=\"og:image:type\" content=\"image\/png\" \/>\n<meta name=\"twitter:card\" content=\"summary_large_image\" \/>\n<meta name=\"twitter:label1\" content=\"Est. reading time\" \/>\n\t<meta name=\"twitter:data1\" content=\"7 minutes\" \/>\n<script type=\"application\/ld+json\" class=\"yoast-schema-graph\">{\"@context\":\"https:\\\/\\\/schema.org\",\"@graph\":[{\"@type\":\"WebPage\",\"@id\":\"https:\\\/\\\/www.apen.es\\\/multifuncion\\\/renting-multifuncion-hp\\\/renting-mataro\\\/\",\"url\":\"https:\\\/\\\/www.apen.es\\\/multifuncion\\\/renting-multifuncion-hp\\\/renting-mataro\\\/\",\"name\":\"Renting multifunci\u00f3n HP Matar\u00f3 - Apen Inform\u00e1tica\",\"isPartOf\":{\"@id\":\"https:\\\/\\\/www.apen.es\\\/#website\"},\"datePublished\":\"2019-02-07T14:25:11+00:00\",\"dateModified\":\"2025-05-23T08:15:48+00:00\",\"description\":\"Ofrecemos el servicio de Renting Multifunci\u00f3n de la marca HP en Mataro. Soluciones de impresi\u00f3n, renting, alquiler y venta para empresas.Conf\u00eda en Apen.\",\"breadcrumb\":{\"@id\":\"https:\\\/\\\/www.apen.es\\\/multifuncion\\\/renting-multifuncion-hp\\\/renting-mataro\\\/#breadcrumb\"},\"inLanguage\":\"en-US\",\"potentialAction\":[{\"@type\":\"ReadAction\",\"target\":[\"https:\\\/\\\/www.apen.es\\\/multifuncion\\\/renting-multifuncion-hp\\\/renting-mataro\\\/\"]}]},{\"@type\":\"BreadcrumbList\",\"@id\":\"https:\\\/\\\/www.apen.es\\\/multifuncion\\\/renting-multifuncion-hp\\\/renting-mataro\\\/#breadcrumb\",\"itemListElement\":[{\"@type\":\"ListItem\",\"position\":1,\"name\":\"Portada\",\"item\":\"https:\\\/\\\/www.apen.es\\\/\"},{\"@type\":\"ListItem\",\"position\":2,\"name\":\"Multifunci\u00f3n\",\"item\":\"https:\\\/\\\/www.apen.es\\\/multifuncion\\\/\"},{\"@type\":\"ListItem\",\"position\":3,\"name\":\"Renting multifunci\u00f3n HP\",\"item\":\"https:\\\/\\\/www.apen.es\\\/multifuncion\\\/renting-multifuncion-hp\\\/\"},{\"@type\":\"ListItem\",\"position\":4,\"name\":\"Renting multifunci\u00f3n HP Matar\u00f3\"}]},{\"@type\":\"WebSite\",\"@id\":\"https:\\\/\\\/www.apen.es\\\/#website\",\"url\":\"https:\\\/\\\/www.apen.es\\\/\",\"name\":\"Apen Inform\u00e1tica\",\"description\":\"Mantenimiento Inform\u00e1tico , Software de Gesti\u00f3n, Soluciones de impresi\u00f3n\",\"publisher\":{\"@id\":\"https:\\\/\\\/www.apen.es\\\/#organization\"},\"potentialAction\":[{\"@type\":\"SearchAction\",\"target\":{\"@type\":\"EntryPoint\",\"urlTemplate\":\"https:\\\/\\\/www.apen.es\\\/?s={search_term_string}\"},\"query-input\":{\"@type\":\"PropertyValueSpecification\",\"valueRequired\":true,\"valueName\":\"search_term_string\"}}],\"inLanguage\":\"en-US\"},{\"@type\":\"Organization\",\"@id\":\"https:\\\/\\\/www.apen.es\\\/#organization\",\"name\":\"Apen: Soluciones inform\u00e1ticas\",\"url\":\"https:\\\/\\\/www.apen.es\\\/\",\"logo\":{\"@type\":\"ImageObject\",\"inLanguage\":\"en-US\",\"@id\":\"https:\\\/\\\/www.apen.es\\\/#\\\/schema\\\/logo\\\/image\\\/\",\"url\":\"https:\\\/\\\/www.apen.es\\\/wp-content\\\/uploads\\\/2022\\\/08\\\/logo-apenok-231x82-1.png\",\"contentUrl\":\"https:\\\/\\\/www.apen.es\\\/wp-content\\\/uploads\\\/2022\\\/08\\\/logo-apenok-231x82-1.png\",\"width\":231,\"height\":82,\"caption\":\"Apen: Soluciones inform\u00e1ticas\"},\"image\":{\"@id\":\"https:\\\/\\\/www.apen.es\\\/#\\\/schema\\\/logo\\\/image\\\/\"},\"sameAs\":[\"https:\\\/\\\/www.facebook.com\\\/apensolucions\",\"https:\\\/\\\/www.youtube.com\\\/user\\\/ApenCentreInformatic\",\"https:\\\/\\\/www.linkedin.com\\\/company\\\/1021771?trk=tyah&trkInfo=clickedVerticalcompanyclickedEntityId1021771idx2-1-2tarId1464195271196tasapenin\"]}]}<\/script>\n<!-- \/ Yoast SEO plugin. -->","yoast_head_json":{"title":"Renting multifunci\u00f3n HP Matar\u00f3 - Apen Inform\u00e1tica","description":"Ofrecemos el servicio de Renting Multifunci\u00f3n de la marca HP en Mataro. Soluciones de impresi\u00f3n, renting, alquiler y venta para empresas.Conf\u00eda en Apen.","robots":{"index":"index","follow":"follow","max-snippet":"max-snippet:-1","max-image-preview":"max-image-preview:large","max-video-preview":"max-video-preview:-1"},"canonical":"https:\/\/www.apen.es\/en\/multifunction\/hp-multifunction-printer-rental\/mataro-rental\/","og_locale":"en_US","og_type":"article","og_title":"Renting multifunci\u00f3n HP Matar\u00f3 - Apen Inform\u00e1tica","og_description":"Ofrecemos el servicio de Renting Multifunci\u00f3n de la marca HP en Mataro. Soluciones de impresi\u00f3n, renting, alquiler y venta para empresas.Conf\u00eda en Apen.","og_url":"https:\/\/www.apen.es\/en\/multifunction\/hp-multifunction-printer-rental\/mataro-rental\/","og_site_name":"Apen Inform\u00e1tica","article_publisher":"https:\/\/www.facebook.com\/apensolucions","article_modified_time":"2025-05-23T08:15:48+00:00","og_image":[{"width":231,"height":82,"url":"https:\/\/www.apen.es\/wp-content\/uploads\/2016\/05\/logo-apen-231x82-trasparent.png","type":"image\/png"}],"twitter_card":"summary_large_image","twitter_misc":{"Est. reading time":"7 minutes"},"schema":{"@context":"https:\/\/schema.org","@graph":[{"@type":"WebPage","@id":"https:\/\/www.apen.es\/multifuncion\/renting-multifuncion-hp\/renting-mataro\/","url":"https:\/\/www.apen.es\/multifuncion\/renting-multifuncion-hp\/renting-mataro\/","name":"Renting multifunci\u00f3n HP Matar\u00f3 - Apen Inform\u00e1tica","isPartOf":{"@id":"https:\/\/www.apen.es\/#website"},"datePublished":"2019-02-07T14:25:11+00:00","dateModified":"2025-05-23T08:15:48+00:00","description":"Ofrecemos el servicio de Renting Multifunci\u00f3n de la marca HP en Mataro. Soluciones de impresi\u00f3n, renting, alquiler y venta para empresas.Conf\u00eda en Apen.","breadcrumb":{"@id":"https:\/\/www.apen.es\/multifuncion\/renting-multifuncion-hp\/renting-mataro\/#breadcrumb"},"inLanguage":"en-US","potentialAction":[{"@type":"ReadAction","target":["https:\/\/www.apen.es\/multifuncion\/renting-multifuncion-hp\/renting-mataro\/"]}]},{"@type":"BreadcrumbList","@id":"https:\/\/www.apen.es\/multifuncion\/renting-multifuncion-hp\/renting-mataro\/#breadcrumb","itemListElement":[{"@type":"ListItem","position":1,"name":"Portada","item":"https:\/\/www.apen.es\/"},{"@type":"ListItem","position":2,"name":"Multifunci\u00f3n","item":"https:\/\/www.apen.es\/multifuncion\/"},{"@type":"ListItem","position":3,"name":"Renting multifunci\u00f3n HP","item":"https:\/\/www.apen.es\/multifuncion\/renting-multifuncion-hp\/"},{"@type":"ListItem","position":4,"name":"Renting multifunci\u00f3n HP Matar\u00f3"}]},{"@type":"WebSite","@id":"https:\/\/www.apen.es\/#website","url":"https:\/\/www.apen.es\/","name":"Apen Inform\u00e1tica","description":"IT Maintenance, Management Software, Printing Solutions","publisher":{"@id":"https:\/\/www.apen.es\/#organization"},"potentialAction":[{"@type":"SearchAction","target":{"@type":"EntryPoint","urlTemplate":"https:\/\/www.apen.es\/?s={search_term_string}"},"query-input":{"@type":"PropertyValueSpecification","valueRequired":true,"valueName":"search_term_string"}}],"inLanguage":"en-US"},{"@type":"Organization","@id":"https:\/\/www.apen.es\/#organization","name":"Apen: IT Solutions","url":"https:\/\/www.apen.es\/","logo":{"@type":"ImageObject","inLanguage":"en-US","@id":"https:\/\/www.apen.es\/#\/schema\/logo\/image\/","url":"https:\/\/www.apen.es\/wp-content\/uploads\/2022\/08\/logo-apenok-231x82-1.png","contentUrl":"https:\/\/www.apen.es\/wp-content\/uploads\/2022\/08\/logo-apenok-231x82-1.png","width":231,"height":82,"caption":"Apen: Soluciones inform\u00e1ticas"},"image":{"@id":"https:\/\/www.apen.es\/#\/schema\/logo\/image\/"},"sameAs":["https:\/\/www.facebook.com\/apensolucions","https:\/\/www.youtube.com\/user\/ApenCentreInformatic","https:\/\/www.linkedin.com\/company\/1021771?trk=tyah&trkInfo=clickedVerticalcompanyclickedEntityId1021771idx2-1-2tarId1464195271196tasapenin"]}]}},"taxonomy_info":[],"featured_image_src_large":false,"author_info":{"display_name":"marqueting","author_link":"https:\/\/www.apen.es\/en\/blog\/author\/marqueting\/"},"comment_info":0,"_links":{"self":[{"href":"https:\/\/www.apen.es\/en\/wp-json\/wp\/v2\/pages\/12948","targetHints":{"allow":["GET"]}}],"collection":[{"href":"https:\/\/www.apen.es\/en\/wp-json\/wp\/v2\/pages"}],"about":[{"href":"https:\/\/www.apen.es\/en\/wp-json\/wp\/v2\/types\/page"}],"author":[{"embeddable":true,"href":"https:\/\/www.apen.es\/en\/wp-json\/wp\/v2\/users\/4"}],"replies":[{"embeddable":true,"href":"https:\/\/www.apen.es\/en\/wp-json\/wp\/v2\/comments?post=12948"}],"version-history":[{"count":3,"href":"https:\/\/www.apen.es\/en\/wp-json\/wp\/v2\/pages\/12948\/revisions"}],"predecessor-version":[{"id":54852,"href":"https:\/\/www.apen.es\/en\/wp-json\/wp\/v2\/pages\/12948\/revisions\/54852"}],"up":[{"embeddable":true,"href":"https:\/\/www.apen.es\/en\/wp-json\/wp\/v2\/pages\/12384"}],"wp:attachment":[{"href":"https:\/\/www.apen.es\/en\/wp-json\/wp\/v2\/media?parent=12948"}],"curies":[{"name":"wp","href":"https:\/\/api.w.org\/{rel}","templated":true}]}}