{"id":12875,"date":"2019-02-06T13:25:51","date_gmt":"2019-02-06T13:25:51","guid":{"rendered":"https:\/\/www.apen.es\/?page_id=12875"},"modified":"2025-05-23T08:30:12","modified_gmt":"2025-05-23T08:30:12","slug":"granollers-rental","status":"publish","type":"page","link":"https:\/\/www.apen.es\/en\/multifuncion\/alquiler-multifuncion-hp\/alquiler-granollers\/","title":{"rendered":"HP Multifunction Rental Granollers"},"content":{"rendered":"<p>Enjoy the best system of&nbsp;<strong>HP Multifunction Rental&nbsp;<\/strong>in<strong>&nbsp;Granollers<\/strong>, With the rental of state-of-the-art printers that we offer at Apen, with leading brands in this sector such as OKI, KYOCERA, HP and KONICA MINOLTA.<\/p>\n\n\n\n<p>At Apen you can find various services, all focused on improving business management. Such as&nbsp;<strong>HP Multifunction Rental&nbsp;<\/strong>in<strong>&nbsp;Granollers<\/strong>, which allows you to make top-quality prints with state-of-the-art equipment at a very competitive price, without any additional costs and paying only for the pages you print.<\/p>\n\n\n\n<p>It works on a &quot;price per copy&quot; system, meaning you pay for the service rather than the product; in other words, you pay for what you print, not for the printer. This gives the customer more freedom to decide how long they want to use the rental service.<\/p>\n\n\n\n<p>This new method allows for financing payments and thus reduces the company&#039;s annual printing costs, enabling more conscious printing practices and avoiding unnecessary paper waste. At Apen, we believe that&nbsp;<strong>HP Multifunction Rental&nbsp;<\/strong>in<strong>&nbsp;Granollers&nbsp;<\/strong>It is a fairer system for the customer and the environment, because it manages paper consumption in a more sustainable way and we complement it with the recycling of consumables when they run out.<\/p>\n\n\n\n<p>You will be able to enjoy top-quality technical service that is included within the&nbsp;<strong>HP multifunction rental Granollers<\/strong>, So you get a comprehensive service where you only have to worry about paying for what you print and taking care of the equipment&#039;s power supply. Because we&#039;ll handle all the technical service tasks, such as installation, configuration, maintenance, replacement of parts and consumables, repairs, etc.<\/p>\n\n\n\n<p>Many clients have already opted for this service and have noticed significant improvements in their businesses, thanks to the use of these state-of-the-art multifunctional devices that we offer at Apen. These devices have allowed them to be more efficient and productive in their work, organize their priorities, and focus on more important matters, among other benefits.<\/p>\n\n\n\n<p>At Apen, you can find many types of multifunctional services designed to make your work as efficient, practical, and competitive as possible, through the use of tools like multifunctional printers that offer high-quality printing. In addition to&nbsp;<strong>HP multifunction rental Granollers<\/strong>&nbsp;We have more services that can help you, such as the installation of a3ERP software, with which you can manage all areas of your company from a single program.<\/p>\n\n\n\n<p>Visit our website and discover everything you have at your disposal to improve the management of your company, as well as take a look at our blog where you can find news related to this sector.<\/p>","protected":false},"excerpt":{"rendered":"<p>Disfruta del mejor sistema de&nbsp;alquiler multifunci\u00f3n HP&nbsp;en&nbsp;Granollers, con el renting de impresoras de \u00faltima generaci\u00f3n que ofrecemos en Apen, con las marcas l\u00edderes en este sector como son OKI, KYOCERA, HP y KONICA MINOLTA. En Apen puedes encontrar distintos servicios, pero todos ellos enfocados a mejorar la gesti\u00f3n de las empresas. Como el&nbsp;alquiler multifunci\u00f3n HP&nbsp;en&nbsp;Granollers,&#8230;<\/p>","protected":false},"author":4,"featured_media":0,"parent":12865,"menu_order":0,"comment_status":"closed","ping_status":"closed","template":"page-renting-impresoras.php","meta":{"_acf_changed":false,"_kad_blocks_custom_css":"","_kad_blocks_head_custom_js":"","_kad_blocks_body_custom_js":"","_kad_blocks_footer_custom_js":"","_kad_post_transparent":"","_kad_post_title":"","_kad_post_layout":"","_kad_post_sidebar_id":"","_kad_post_content_style":"","_kad_post_vertical_padding":"","_kad_post_feature":"","_kad_post_feature_position":"","_kad_post_header":false,"_kad_post_footer":false,"_kad_post_classname":"","footnotes":""},"class_list":["post-12875","page","type-page","status-publish","hentry"],"acf":[],"yoast_head":"<!-- This site is optimized with the Yoast SEO plugin v27.4 - https:\/\/yoast.com\/product\/yoast-seo-wordpress\/ -->\n<title>Alquiler multifunci\u00f3n HP Granollers - Apen Inform\u00e1tica<\/title>\n<meta name=\"description\" content=\"Ahora puedes alquilar una multifunci\u00f3n HP en Granollers para mejorar las prestaciones de tu actual impresora a un coste muy bajo para tu empresa.\" \/>\n<meta name=\"robots\" content=\"index, follow, max-snippet:-1, max-image-preview:large, max-video-preview:-1\" \/>\n<link rel=\"canonical\" href=\"https:\/\/www.apen.es\/en\/multifunction\/hp-multifunction-rental\/granollers-rental\/\" \/>\n<meta property=\"og:locale\" content=\"en_US\" \/>\n<meta property=\"og:type\" content=\"article\" \/>\n<meta property=\"og:title\" content=\"Alquiler multifunci\u00f3n HP Granollers - Apen Inform\u00e1tica\" \/>\n<meta property=\"og:description\" content=\"Ahora puedes alquilar una multifunci\u00f3n HP en Granollers para mejorar las prestaciones de tu actual impresora a un coste muy bajo para tu empresa.\" \/>\n<meta property=\"og:url\" content=\"https:\/\/www.apen.es\/en\/multifunction\/hp-multifunction-rental\/granollers-rental\/\" \/>\n<meta property=\"og:site_name\" content=\"Apen Inform\u00e1tica\" \/>\n<meta property=\"article:publisher\" content=\"https:\/\/www.facebook.com\/apensolucions\" \/>\n<meta property=\"article:modified_time\" content=\"2025-05-23T08:30:12+00:00\" \/>\n<meta property=\"og:image\" content=\"https:\/\/www.apen.es\/wp-content\/uploads\/2016\/05\/logo-apen-231x82-trasparent.png\" \/>\n\t<meta property=\"og:image:width\" content=\"231\" \/>\n\t<meta property=\"og:image:height\" content=\"82\" \/>\n\t<meta property=\"og:image:type\" content=\"image\/png\" \/>\n<meta name=\"twitter:card\" content=\"summary_large_image\" \/>\n<meta name=\"twitter:label1\" content=\"Est. reading time\" \/>\n\t<meta name=\"twitter:data1\" content=\"8 minutes\" \/>\n<script type=\"application\/ld+json\" class=\"yoast-schema-graph\">{\"@context\":\"https:\\\/\\\/schema.org\",\"@graph\":[{\"@type\":\"WebPage\",\"@id\":\"https:\\\/\\\/www.apen.es\\\/multifuncion\\\/alquiler-multifuncion-hp\\\/alquiler-granollers\\\/\",\"url\":\"https:\\\/\\\/www.apen.es\\\/multifuncion\\\/alquiler-multifuncion-hp\\\/alquiler-granollers\\\/\",\"name\":\"Alquiler multifunci\u00f3n HP Granollers - Apen Inform\u00e1tica\",\"isPartOf\":{\"@id\":\"https:\\\/\\\/www.apen.es\\\/#website\"},\"datePublished\":\"2019-02-06T13:25:51+00:00\",\"dateModified\":\"2025-05-23T08:30:12+00:00\",\"description\":\"Ahora puedes alquilar una multifunci\u00f3n HP en Granollers para mejorar las prestaciones de tu actual impresora a un coste muy bajo para tu empresa.\",\"breadcrumb\":{\"@id\":\"https:\\\/\\\/www.apen.es\\\/multifuncion\\\/alquiler-multifuncion-hp\\\/alquiler-granollers\\\/#breadcrumb\"},\"inLanguage\":\"en-US\",\"potentialAction\":[{\"@type\":\"ReadAction\",\"target\":[\"https:\\\/\\\/www.apen.es\\\/multifuncion\\\/alquiler-multifuncion-hp\\\/alquiler-granollers\\\/\"]}]},{\"@type\":\"BreadcrumbList\",\"@id\":\"https:\\\/\\\/www.apen.es\\\/multifuncion\\\/alquiler-multifuncion-hp\\\/alquiler-granollers\\\/#breadcrumb\",\"itemListElement\":[{\"@type\":\"ListItem\",\"position\":1,\"name\":\"Portada\",\"item\":\"https:\\\/\\\/www.apen.es\\\/\"},{\"@type\":\"ListItem\",\"position\":2,\"name\":\"Multifunci\u00f3n\",\"item\":\"https:\\\/\\\/www.apen.es\\\/multifuncion\\\/\"},{\"@type\":\"ListItem\",\"position\":3,\"name\":\"Alquiler multifunci\u00f3n HP\",\"item\":\"https:\\\/\\\/www.apen.es\\\/multifuncion\\\/alquiler-multifuncion-hp\\\/\"},{\"@type\":\"ListItem\",\"position\":4,\"name\":\"Alquiler multifunci\u00f3n HP Granollers\"}]},{\"@type\":\"WebSite\",\"@id\":\"https:\\\/\\\/www.apen.es\\\/#website\",\"url\":\"https:\\\/\\\/www.apen.es\\\/\",\"name\":\"Apen Inform\u00e1tica\",\"description\":\"Mantenimiento Inform\u00e1tico , Software de Gesti\u00f3n, Soluciones de impresi\u00f3n\",\"publisher\":{\"@id\":\"https:\\\/\\\/www.apen.es\\\/#organization\"},\"potentialAction\":[{\"@type\":\"SearchAction\",\"target\":{\"@type\":\"EntryPoint\",\"urlTemplate\":\"https:\\\/\\\/www.apen.es\\\/?s={search_term_string}\"},\"query-input\":{\"@type\":\"PropertyValueSpecification\",\"valueRequired\":true,\"valueName\":\"search_term_string\"}}],\"inLanguage\":\"en-US\"},{\"@type\":\"Organization\",\"@id\":\"https:\\\/\\\/www.apen.es\\\/#organization\",\"name\":\"Apen: Soluciones inform\u00e1ticas\",\"url\":\"https:\\\/\\\/www.apen.es\\\/\",\"logo\":{\"@type\":\"ImageObject\",\"inLanguage\":\"en-US\",\"@id\":\"https:\\\/\\\/www.apen.es\\\/#\\\/schema\\\/logo\\\/image\\\/\",\"url\":\"https:\\\/\\\/www.apen.es\\\/wp-content\\\/uploads\\\/2022\\\/08\\\/logo-apenok-231x82-1.png\",\"contentUrl\":\"https:\\\/\\\/www.apen.es\\\/wp-content\\\/uploads\\\/2022\\\/08\\\/logo-apenok-231x82-1.png\",\"width\":231,\"height\":82,\"caption\":\"Apen: Soluciones inform\u00e1ticas\"},\"image\":{\"@id\":\"https:\\\/\\\/www.apen.es\\\/#\\\/schema\\\/logo\\\/image\\\/\"},\"sameAs\":[\"https:\\\/\\\/www.facebook.com\\\/apensolucions\",\"https:\\\/\\\/www.youtube.com\\\/user\\\/ApenCentreInformatic\",\"https:\\\/\\\/www.linkedin.com\\\/company\\\/1021771?trk=tyah&trkInfo=clickedVerticalcompanyclickedEntityId1021771idx2-1-2tarId1464195271196tasapenin\"]}]}<\/script>\n<!-- \/ Yoast SEO plugin. -->","yoast_head_json":{"title":"HP Multifunction Printer Rental Granollers - Apen Inform\u00e1tica","description":"Now you can rent an HP multifunction printer in Granollers to improve the performance of your current printer at a very low cost for your company.","robots":{"index":"index","follow":"follow","max-snippet":"max-snippet:-1","max-image-preview":"max-image-preview:large","max-video-preview":"max-video-preview:-1"},"canonical":"https:\/\/www.apen.es\/en\/multifunction\/hp-multifunction-rental\/granollers-rental\/","og_locale":"en_US","og_type":"article","og_title":"Alquiler multifunci\u00f3n HP Granollers - Apen Inform\u00e1tica","og_description":"Ahora puedes alquilar una multifunci\u00f3n HP en Granollers para mejorar las prestaciones de tu actual impresora a un coste muy bajo para tu empresa.","og_url":"https:\/\/www.apen.es\/en\/multifunction\/hp-multifunction-rental\/granollers-rental\/","og_site_name":"Apen Inform\u00e1tica","article_publisher":"https:\/\/www.facebook.com\/apensolucions","article_modified_time":"2025-05-23T08:30:12+00:00","og_image":[{"width":231,"height":82,"url":"https:\/\/www.apen.es\/wp-content\/uploads\/2016\/05\/logo-apen-231x82-trasparent.png","type":"image\/png"}],"twitter_card":"summary_large_image","twitter_misc":{"Est. reading time":"8 minutes"},"schema":{"@context":"https:\/\/schema.org","@graph":[{"@type":"WebPage","@id":"https:\/\/www.apen.es\/multifuncion\/alquiler-multifuncion-hp\/alquiler-granollers\/","url":"https:\/\/www.apen.es\/multifuncion\/alquiler-multifuncion-hp\/alquiler-granollers\/","name":"HP Multifunction Printer Rental Granollers - Apen Inform\u00e1tica","isPartOf":{"@id":"https:\/\/www.apen.es\/#website"},"datePublished":"2019-02-06T13:25:51+00:00","dateModified":"2025-05-23T08:30:12+00:00","description":"Now you can rent an HP multifunction printer in Granollers to improve the performance of your current printer at a very low cost for your company.","breadcrumb":{"@id":"https:\/\/www.apen.es\/multifuncion\/alquiler-multifuncion-hp\/alquiler-granollers\/#breadcrumb"},"inLanguage":"en-US","potentialAction":[{"@type":"ReadAction","target":["https:\/\/www.apen.es\/multifuncion\/alquiler-multifuncion-hp\/alquiler-granollers\/"]}]},{"@type":"BreadcrumbList","@id":"https:\/\/www.apen.es\/multifuncion\/alquiler-multifuncion-hp\/alquiler-granollers\/#breadcrumb","itemListElement":[{"@type":"ListItem","position":1,"name":"Portada","item":"https:\/\/www.apen.es\/"},{"@type":"ListItem","position":2,"name":"Multifunci\u00f3n","item":"https:\/\/www.apen.es\/multifuncion\/"},{"@type":"ListItem","position":3,"name":"Alquiler multifunci\u00f3n HP","item":"https:\/\/www.apen.es\/multifuncion\/alquiler-multifuncion-hp\/"},{"@type":"ListItem","position":4,"name":"Alquiler multifunci\u00f3n HP Granollers"}]},{"@type":"WebSite","@id":"https:\/\/www.apen.es\/#website","url":"https:\/\/www.apen.es\/","name":"Apen Inform\u00e1tica","description":"IT Maintenance, Management Software, Printing Solutions","publisher":{"@id":"https:\/\/www.apen.es\/#organization"},"potentialAction":[{"@type":"SearchAction","target":{"@type":"EntryPoint","urlTemplate":"https:\/\/www.apen.es\/?s={search_term_string}"},"query-input":{"@type":"PropertyValueSpecification","valueRequired":true,"valueName":"search_term_string"}}],"inLanguage":"en-US"},{"@type":"Organization","@id":"https:\/\/www.apen.es\/#organization","name":"Apen: IT Solutions","url":"https:\/\/www.apen.es\/","logo":{"@type":"ImageObject","inLanguage":"en-US","@id":"https:\/\/www.apen.es\/#\/schema\/logo\/image\/","url":"https:\/\/www.apen.es\/wp-content\/uploads\/2022\/08\/logo-apenok-231x82-1.png","contentUrl":"https:\/\/www.apen.es\/wp-content\/uploads\/2022\/08\/logo-apenok-231x82-1.png","width":231,"height":82,"caption":"Apen: Soluciones inform\u00e1ticas"},"image":{"@id":"https:\/\/www.apen.es\/#\/schema\/logo\/image\/"},"sameAs":["https:\/\/www.facebook.com\/apensolucions","https:\/\/www.youtube.com\/user\/ApenCentreInformatic","https:\/\/www.linkedin.com\/company\/1021771?trk=tyah&trkInfo=clickedVerticalcompanyclickedEntityId1021771idx2-1-2tarId1464195271196tasapenin"]}]}},"taxonomy_info":[],"featured_image_src_large":false,"author_info":{"display_name":"marqueting","author_link":"https:\/\/www.apen.es\/en\/blog\/author\/marqueting\/"},"comment_info":0,"_links":{"self":[{"href":"https:\/\/www.apen.es\/en\/wp-json\/wp\/v2\/pages\/12875","targetHints":{"allow":["GET"]}}],"collection":[{"href":"https:\/\/www.apen.es\/en\/wp-json\/wp\/v2\/pages"}],"about":[{"href":"https:\/\/www.apen.es\/en\/wp-json\/wp\/v2\/types\/page"}],"author":[{"embeddable":true,"href":"https:\/\/www.apen.es\/en\/wp-json\/wp\/v2\/users\/4"}],"replies":[{"embeddable":true,"href":"https:\/\/www.apen.es\/en\/wp-json\/wp\/v2\/comments?post=12875"}],"version-history":[{"count":3,"href":"https:\/\/www.apen.es\/en\/wp-json\/wp\/v2\/pages\/12875\/revisions"}],"predecessor-version":[{"id":54924,"href":"https:\/\/www.apen.es\/en\/wp-json\/wp\/v2\/pages\/12875\/revisions\/54924"}],"up":[{"embeddable":true,"href":"https:\/\/www.apen.es\/en\/wp-json\/wp\/v2\/pages\/12865"}],"wp:attachment":[{"href":"https:\/\/www.apen.es\/en\/wp-json\/wp\/v2\/media?parent=12875"}],"curies":[{"name":"wp","href":"https:\/\/api.w.org\/{rel}","templated":true}]}}