{"id":11987,"date":"2018-10-16T08:33:19","date_gmt":"2018-10-16T08:33:19","guid":{"rendered":"https:\/\/www.apen.es\/?page_id=11987"},"modified":"2025-07-10T09:02:48","modified_gmt":"2025-07-10T09:02:48","slug":"landing-kyocera","status":"publish","type":"page","link":"https:\/\/www.apen.es\/en\/landing-kyocera\/","title":{"rendered":"Kyocera Landing Page"},"content":{"rendered":"<p>At Apen we have a catalog where customers can find the best <strong>offers<\/strong> of <strong>printers<\/strong>. We only work with companies specializing in the technology sector and with extensive experience in printer manufacturing, such as <strong>Kyocera<\/strong>. This company is a leader in its sector and is based on offering effective solutions, always using the most innovative technology. <strong>Kyocera<\/strong> It offers a wide range of products, including digital copiers, <strong>printers<\/strong> Lasers, video conferencing systems, mobile phones, cameras, and many other technology products. Because this company operates in so many sectors, it can offer much more comprehensive and sophisticated technology across all its products, such as its printers.<\/p>\n\n\n\n<p>Like us, the company <strong>Kyocera<\/strong> It pursues innovation in order to offer its customers products that will truly be useful and make their lives easier and more efficient. The great advantage of the <strong>offers<\/strong> of <strong>printers<\/strong> What we do at Apen is produce high-quality printers, always with exceptional quality. This way, we guarantee that all our customers are satisfied with their printer purchase.<\/p>\n\n\n\n<p>At Apen we have a <strong>offer<\/strong> of <strong>printers <\/strong>very different and from such distinguished brands as <strong>Kyocera<\/strong>. In this way, all types of businesses can acquire one to meet their printing needs, regardless of their sector or the features they require. The wide variety of <strong>offer<\/strong> of <strong>printers<\/strong> The range we offer ensures that any company can find one perfectly suited to its needs.<\/p>\n\n\n\n<p>Some companies only need very basic printing services, while others can&#039;t do their job properly without a state-of-the-art printer. In all cases, at Apen we have the best. <strong>offers<\/strong> in order to satisfy each and every one of the users who come to us.<\/p>\n\n\n\n<p>In our company, in addition to <strong>offers<\/strong> of <strong>printers<\/strong> <strong>Kyocera<\/strong>, <strong>we have<\/strong> Apen offers a wide range of IT maintenance services, including servers, communications, virtual desktops, business software, and much more. We aim to provide solutions for all aspects of a business that require automation or cutting-edge technology. To achieve this, we partner with leading companies in their respective sectors.<\/p>\n\n\n\n<p>If you would like to know more about Apen or about our <strong>offer<\/strong> of <strong>printers<\/strong> <strong>Kyocera<\/strong> Please don&#039;t hesitate to contact us. We&#039;d be delighted to assist you and answer any questions you may have, as well as provide you with complete information about any product or service, without any obligation. This way, we can help you choose the products that best suit your business.<\/p>","protected":false},"excerpt":{"rendered":"<p>En Apen disponemos de un cat\u00e1logo en el que los clientes pueden encontrar las mejores ofertas de impresoras. \u00danicamente trabajamos con empresas especializadas en el sector tecnol\u00f3gico y con una amplia trayectoria en la fabricaci\u00f3n de impresoras como Kyocera. Esta compa\u00f1\u00eda es l\u00edder en su sector y tiene como base ofrecer soluciones eficaces y siempre&#8230;<\/p>","protected":false},"author":4,"featured_media":0,"parent":0,"menu_order":0,"comment_status":"closed","ping_status":"closed","template":"page-renting-impresoras.php","meta":{"_acf_changed":false,"_kad_blocks_custom_css":"","_kad_blocks_head_custom_js":"","_kad_blocks_body_custom_js":"","_kad_blocks_footer_custom_js":"","_kad_post_transparent":"","_kad_post_title":"","_kad_post_layout":"","_kad_post_sidebar_id":"","_kad_post_content_style":"","_kad_post_vertical_padding":"","_kad_post_feature":"","_kad_post_feature_position":"","_kad_post_header":false,"_kad_post_footer":false,"_kad_post_classname":"","footnotes":""},"class_list":["post-11987","page","type-page","status-publish","hentry"],"acf":[],"yoast_head":"<!-- This site is optimized with the Yoast SEO plugin v27.4 - https:\/\/yoast.com\/product\/yoast-seo-wordpress\/ -->\n<title>Landing Kyocera - Apen Inform\u00e1tica<\/title>\n<meta name=\"description\" content=\"En Apen disponemos de un cat\u00e1logo en el que los clientes pueden encontrar las mejores ofertas de impresoras. \u00danicamente trabajamos con empresas\" \/>\n<meta name=\"robots\" content=\"index, follow, max-snippet:-1, max-image-preview:large, max-video-preview:-1\" \/>\n<link rel=\"canonical\" href=\"https:\/\/www.apen.es\/en\/landing-kyocera\/\" \/>\n<meta property=\"og:locale\" content=\"en_US\" \/>\n<meta property=\"og:type\" content=\"article\" \/>\n<meta property=\"og:title\" content=\"Landing Kyocera - Apen Inform\u00e1tica\" \/>\n<meta property=\"og:description\" content=\"En Apen disponemos de un cat\u00e1logo en el que los clientes pueden encontrar las mejores ofertas de impresoras. \u00danicamente trabajamos con empresas\" \/>\n<meta property=\"og:url\" content=\"https:\/\/www.apen.es\/en\/landing-kyocera\/\" \/>\n<meta property=\"og:site_name\" content=\"Apen Inform\u00e1tica\" \/>\n<meta property=\"article:publisher\" content=\"https:\/\/www.facebook.com\/apensolucions\" \/>\n<meta property=\"article:modified_time\" content=\"2025-07-10T09:02:48+00:00\" \/>\n<meta property=\"og:image\" content=\"https:\/\/www.apen.es\/wp-content\/uploads\/2016\/05\/logo-apen-231x82-trasparent.png\" \/>\n\t<meta property=\"og:image:width\" content=\"231\" \/>\n\t<meta property=\"og:image:height\" content=\"82\" \/>\n\t<meta property=\"og:image:type\" content=\"image\/png\" \/>\n<meta name=\"twitter:card\" content=\"summary_large_image\" \/>\n<meta name=\"twitter:label1\" content=\"Est. reading time\" \/>\n\t<meta name=\"twitter:data1\" content=\"2 minutes\" \/>\n<script type=\"application\/ld+json\" class=\"yoast-schema-graph\">{\"@context\":\"https:\\\/\\\/schema.org\",\"@graph\":[{\"@type\":\"WebPage\",\"@id\":\"https:\\\/\\\/www.apen.es\\\/landing-kyocera\\\/\",\"url\":\"https:\\\/\\\/www.apen.es\\\/landing-kyocera\\\/\",\"name\":\"Landing Kyocera - Apen Inform\u00e1tica\",\"isPartOf\":{\"@id\":\"https:\\\/\\\/www.apen.es\\\/#website\"},\"datePublished\":\"2018-10-16T08:33:19+00:00\",\"dateModified\":\"2025-07-10T09:02:48+00:00\",\"description\":\"En Apen disponemos de un cat\u00e1logo en el que los clientes pueden encontrar las mejores ofertas de impresoras. \u00danicamente trabajamos con empresas\",\"breadcrumb\":{\"@id\":\"https:\\\/\\\/www.apen.es\\\/landing-kyocera\\\/#breadcrumb\"},\"inLanguage\":\"en-US\",\"potentialAction\":[{\"@type\":\"ReadAction\",\"target\":[\"https:\\\/\\\/www.apen.es\\\/landing-kyocera\\\/\"]}]},{\"@type\":\"BreadcrumbList\",\"@id\":\"https:\\\/\\\/www.apen.es\\\/landing-kyocera\\\/#breadcrumb\",\"itemListElement\":[{\"@type\":\"ListItem\",\"position\":1,\"name\":\"Portada\",\"item\":\"https:\\\/\\\/www.apen.es\\\/\"},{\"@type\":\"ListItem\",\"position\":2,\"name\":\"Landing Kyocera\"}]},{\"@type\":\"WebSite\",\"@id\":\"https:\\\/\\\/www.apen.es\\\/#website\",\"url\":\"https:\\\/\\\/www.apen.es\\\/\",\"name\":\"Apen Inform\u00e1tica\",\"description\":\"Mantenimiento Inform\u00e1tico , Software de Gesti\u00f3n, Soluciones de impresi\u00f3n\",\"publisher\":{\"@id\":\"https:\\\/\\\/www.apen.es\\\/#organization\"},\"potentialAction\":[{\"@type\":\"SearchAction\",\"target\":{\"@type\":\"EntryPoint\",\"urlTemplate\":\"https:\\\/\\\/www.apen.es\\\/?s={search_term_string}\"},\"query-input\":{\"@type\":\"PropertyValueSpecification\",\"valueRequired\":true,\"valueName\":\"search_term_string\"}}],\"inLanguage\":\"en-US\"},{\"@type\":\"Organization\",\"@id\":\"https:\\\/\\\/www.apen.es\\\/#organization\",\"name\":\"Apen: Soluciones inform\u00e1ticas\",\"url\":\"https:\\\/\\\/www.apen.es\\\/\",\"logo\":{\"@type\":\"ImageObject\",\"inLanguage\":\"en-US\",\"@id\":\"https:\\\/\\\/www.apen.es\\\/#\\\/schema\\\/logo\\\/image\\\/\",\"url\":\"https:\\\/\\\/www.apen.es\\\/wp-content\\\/uploads\\\/2022\\\/08\\\/logo-apenok-231x82-1.png\",\"contentUrl\":\"https:\\\/\\\/www.apen.es\\\/wp-content\\\/uploads\\\/2022\\\/08\\\/logo-apenok-231x82-1.png\",\"width\":231,\"height\":82,\"caption\":\"Apen: Soluciones inform\u00e1ticas\"},\"image\":{\"@id\":\"https:\\\/\\\/www.apen.es\\\/#\\\/schema\\\/logo\\\/image\\\/\"},\"sameAs\":[\"https:\\\/\\\/www.facebook.com\\\/apensolucions\",\"https:\\\/\\\/www.youtube.com\\\/user\\\/ApenCentreInformatic\",\"https:\\\/\\\/www.linkedin.com\\\/company\\\/1021771?trk=tyah&trkInfo=clickedVerticalcompanyclickedEntityId1021771idx2-1-2tarId1464195271196tasapenin\"]}]}<\/script>\n<!-- \/ Yoast SEO plugin. -->","yoast_head_json":{"title":"Landing Kyocera - Apen Inform\u00e1tica","description":"En Apen disponemos de un cat\u00e1logo en el que los clientes pueden encontrar las mejores ofertas de impresoras. \u00danicamente trabajamos con empresas","robots":{"index":"index","follow":"follow","max-snippet":"max-snippet:-1","max-image-preview":"max-image-preview:large","max-video-preview":"max-video-preview:-1"},"canonical":"https:\/\/www.apen.es\/en\/landing-kyocera\/","og_locale":"en_US","og_type":"article","og_title":"Landing Kyocera - Apen Inform\u00e1tica","og_description":"En Apen disponemos de un cat\u00e1logo en el que los clientes pueden encontrar las mejores ofertas de impresoras. \u00danicamente trabajamos con empresas","og_url":"https:\/\/www.apen.es\/en\/landing-kyocera\/","og_site_name":"Apen Inform\u00e1tica","article_publisher":"https:\/\/www.facebook.com\/apensolucions","article_modified_time":"2025-07-10T09:02:48+00:00","og_image":[{"width":231,"height":82,"url":"https:\/\/www.apen.es\/wp-content\/uploads\/2016\/05\/logo-apen-231x82-trasparent.png","type":"image\/png"}],"twitter_card":"summary_large_image","twitter_misc":{"Est. reading time":"2 minutes"},"schema":{"@context":"https:\/\/schema.org","@graph":[{"@type":"WebPage","@id":"https:\/\/www.apen.es\/landing-kyocera\/","url":"https:\/\/www.apen.es\/landing-kyocera\/","name":"Landing Kyocera - Apen Inform\u00e1tica","isPartOf":{"@id":"https:\/\/www.apen.es\/#website"},"datePublished":"2018-10-16T08:33:19+00:00","dateModified":"2025-07-10T09:02:48+00:00","description":"En Apen disponemos de un cat\u00e1logo en el que los clientes pueden encontrar las mejores ofertas de impresoras. \u00danicamente trabajamos con empresas","breadcrumb":{"@id":"https:\/\/www.apen.es\/landing-kyocera\/#breadcrumb"},"inLanguage":"en-US","potentialAction":[{"@type":"ReadAction","target":["https:\/\/www.apen.es\/landing-kyocera\/"]}]},{"@type":"BreadcrumbList","@id":"https:\/\/www.apen.es\/landing-kyocera\/#breadcrumb","itemListElement":[{"@type":"ListItem","position":1,"name":"Portada","item":"https:\/\/www.apen.es\/"},{"@type":"ListItem","position":2,"name":"Landing Kyocera"}]},{"@type":"WebSite","@id":"https:\/\/www.apen.es\/#website","url":"https:\/\/www.apen.es\/","name":"Apen Inform\u00e1tica","description":"IT Maintenance, Management Software, Printing Solutions","publisher":{"@id":"https:\/\/www.apen.es\/#organization"},"potentialAction":[{"@type":"SearchAction","target":{"@type":"EntryPoint","urlTemplate":"https:\/\/www.apen.es\/?s={search_term_string}"},"query-input":{"@type":"PropertyValueSpecification","valueRequired":true,"valueName":"search_term_string"}}],"inLanguage":"en-US"},{"@type":"Organization","@id":"https:\/\/www.apen.es\/#organization","name":"Apen: IT Solutions","url":"https:\/\/www.apen.es\/","logo":{"@type":"ImageObject","inLanguage":"en-US","@id":"https:\/\/www.apen.es\/#\/schema\/logo\/image\/","url":"https:\/\/www.apen.es\/wp-content\/uploads\/2022\/08\/logo-apenok-231x82-1.png","contentUrl":"https:\/\/www.apen.es\/wp-content\/uploads\/2022\/08\/logo-apenok-231x82-1.png","width":231,"height":82,"caption":"Apen: Soluciones inform\u00e1ticas"},"image":{"@id":"https:\/\/www.apen.es\/#\/schema\/logo\/image\/"},"sameAs":["https:\/\/www.facebook.com\/apensolucions","https:\/\/www.youtube.com\/user\/ApenCentreInformatic","https:\/\/www.linkedin.com\/company\/1021771?trk=tyah&trkInfo=clickedVerticalcompanyclickedEntityId1021771idx2-1-2tarId1464195271196tasapenin"]}]}},"taxonomy_info":[],"featured_image_src_large":false,"author_info":{"display_name":"marqueting","author_link":"https:\/\/www.apen.es\/en\/blog\/author\/marqueting\/"},"comment_info":0,"_links":{"self":[{"href":"https:\/\/www.apen.es\/en\/wp-json\/wp\/v2\/pages\/11987","targetHints":{"allow":["GET"]}}],"collection":[{"href":"https:\/\/www.apen.es\/en\/wp-json\/wp\/v2\/pages"}],"about":[{"href":"https:\/\/www.apen.es\/en\/wp-json\/wp\/v2\/types\/page"}],"author":[{"embeddable":true,"href":"https:\/\/www.apen.es\/en\/wp-json\/wp\/v2\/users\/4"}],"replies":[{"embeddable":true,"href":"https:\/\/www.apen.es\/en\/wp-json\/wp\/v2\/comments?post=11987"}],"version-history":[{"count":1,"href":"https:\/\/www.apen.es\/en\/wp-json\/wp\/v2\/pages\/11987\/revisions"}],"predecessor-version":[{"id":56166,"href":"https:\/\/www.apen.es\/en\/wp-json\/wp\/v2\/pages\/11987\/revisions\/56166"}],"wp:attachment":[{"href":"https:\/\/www.apen.es\/en\/wp-json\/wp\/v2\/media?parent=11987"}],"curies":[{"name":"wp","href":"https:\/\/api.w.org\/{rel}","templated":true}]}}