{"id":11978,"date":"2018-10-16T08:27:16","date_gmt":"2018-10-16T08:27:16","guid":{"rendered":"https:\/\/www.apen.es\/?page_id=11978"},"modified":"2025-07-10T08:57:58","modified_gmt":"2025-07-10T08:57:58","slug":"landing-hp","status":"publish","type":"page","link":"https:\/\/www.apen.es\/en\/landing-hp\/","title":{"rendered":"HP Landing Page"},"content":{"rendered":"<p>At our company, we offer the highest quality products and services to ensure the proper functioning of our machines and the satisfaction of all our customers. To achieve our goals, Apen has a large <strong>offer<\/strong> of <strong>printers<\/strong> of the company <strong>HP<\/strong>, Among many others in the sector. All the companies present with us are market leaders and manufacture products with innovative and exceptional technology.<\/p>\n\n\n\n<p><strong>HP<\/strong> It is one of the most recognized brands in the sector of <strong>printers<\/strong>, because it is constantly innovating to offer products that meet the needs of all its customers. Within the company <strong>HP<\/strong> we can find a great <strong>offer<\/strong>, both of <strong>printers<\/strong> as well as other technological devices such as computers and mobile phones. At Apen we have their <strong>printers<\/strong> because countless customers demand them, as they are some of the best on the market.<\/p>\n\n\n\n<p>The company&#039;s main objective <strong>HP<\/strong> It&#039;s about creating the best products that make life easier for our customers. At Apen, we also want our customers to have the most efficient products so they can do their work quickly and comfortably. <strong>offer<\/strong> of <strong>printers<\/strong> The resources we have in our company are intended to provide solutions to all those customers who require our products or services.<\/p>\n\n\n\n<p>One of the main advantages of having a large <strong>offer<\/strong> of <strong>printers<\/strong> <strong>HP<\/strong> The idea is that there&#039;s a perfect one for every customer; that is, the features can be more or less depending on each customer&#039;s needs. Some customers need <strong>printers<\/strong> Very basic for printing documents that don&#039;t require much detail, but other types of businesses need <strong>printers<\/strong> with great technology and definition in order to perform its tasks correctly.<\/p>\n\n\n\n<p>The <strong>offer<\/strong> of <strong>printers<\/strong> What customers will find at our company is a wide variety of brands in addition to <strong>HP<\/strong>. All brands of <strong>printers<\/strong> The brands we have in our company are leaders in their sector and recognized for a long history in the IT and new technologies sector. In this way, we ensure that the products and services we offer are the best and that the customer will always be satisfied and happy with their purchase.<\/p>\n\n\n\n<p>Our technology and that of the <strong>printers<\/strong> The services we offer at Apen are designed to be the best solution for all types of needs your business or company may have. If you would like to learn more about us or our extensive services, please contact us. <strong>offer<\/strong> of <strong>printers<\/strong> <strong>HP<\/strong> Please feel free to contact us; we will be happy to assist you and answer any questions you may have.<\/p>","protected":false},"excerpt":{"rendered":"<p>En nuestra empresa ofrecemos los productos y servicio de mejor calidad con la finalidad de garantizar el correcto funcionamiento de las m\u00e1quinas y la satisfacci\u00f3n de todos nuestros clientes. Con tal de lograr nuestros objetivos, en Apen contamos con una gran oferta de impresoras de la empresa HP, entre muchas otras del sector. Todas las&#8230;<\/p>","protected":false},"author":4,"featured_media":0,"parent":0,"menu_order":0,"comment_status":"closed","ping_status":"closed","template":"page-renting-impresoras.php","meta":{"_acf_changed":false,"_kad_blocks_custom_css":"","_kad_blocks_head_custom_js":"","_kad_blocks_body_custom_js":"","_kad_blocks_footer_custom_js":"","_kad_post_transparent":"","_kad_post_title":"","_kad_post_layout":"","_kad_post_sidebar_id":"","_kad_post_content_style":"","_kad_post_vertical_padding":"","_kad_post_feature":"","_kad_post_feature_position":"","_kad_post_header":false,"_kad_post_footer":false,"_kad_post_classname":"","footnotes":""},"class_list":["post-11978","page","type-page","status-publish","hentry"],"acf":[],"yoast_head":"<!-- This site is optimized with the Yoast SEO plugin v27.4 - https:\/\/yoast.com\/product\/yoast-seo-wordpress\/ -->\n<title>Landing HP - Apen Inform\u00e1tica<\/title>\n<meta name=\"description\" content=\"En nuestra empresa ofrecemos los productos y servicio de mejor calidad con la finalidad de garantizar el correcto funcionamiento de las m\u00e1quinas y la\" \/>\n<meta name=\"robots\" content=\"index, follow, max-snippet:-1, max-image-preview:large, max-video-preview:-1\" \/>\n<link rel=\"canonical\" href=\"https:\/\/www.apen.es\/en\/landing-hp\/\" \/>\n<meta property=\"og:locale\" content=\"en_US\" \/>\n<meta property=\"og:type\" content=\"article\" \/>\n<meta property=\"og:title\" content=\"Landing HP - Apen Inform\u00e1tica\" \/>\n<meta property=\"og:description\" content=\"En nuestra empresa ofrecemos los productos y servicio de mejor calidad con la finalidad de garantizar el correcto funcionamiento de las m\u00e1quinas y la\" \/>\n<meta property=\"og:url\" content=\"https:\/\/www.apen.es\/en\/landing-hp\/\" \/>\n<meta property=\"og:site_name\" content=\"Apen Inform\u00e1tica\" \/>\n<meta property=\"article:publisher\" content=\"https:\/\/www.facebook.com\/apensolucions\" \/>\n<meta property=\"article:modified_time\" content=\"2025-07-10T08:57:58+00:00\" \/>\n<meta property=\"og:image\" content=\"https:\/\/www.apen.es\/wp-content\/uploads\/2016\/05\/logo-apen-231x82-trasparent.png\" \/>\n\t<meta property=\"og:image:width\" content=\"231\" \/>\n\t<meta property=\"og:image:height\" content=\"82\" \/>\n\t<meta property=\"og:image:type\" content=\"image\/png\" \/>\n<meta name=\"twitter:card\" content=\"summary_large_image\" \/>\n<meta name=\"twitter:label1\" content=\"Est. reading time\" \/>\n\t<meta name=\"twitter:data1\" content=\"2 minutes\" \/>\n<script type=\"application\/ld+json\" class=\"yoast-schema-graph\">{\"@context\":\"https:\\\/\\\/schema.org\",\"@graph\":[{\"@type\":\"WebPage\",\"@id\":\"https:\\\/\\\/www.apen.es\\\/landing-hp\\\/\",\"url\":\"https:\\\/\\\/www.apen.es\\\/landing-hp\\\/\",\"name\":\"Landing HP - Apen Inform\u00e1tica\",\"isPartOf\":{\"@id\":\"https:\\\/\\\/www.apen.es\\\/#website\"},\"datePublished\":\"2018-10-16T08:27:16+00:00\",\"dateModified\":\"2025-07-10T08:57:58+00:00\",\"description\":\"En nuestra empresa ofrecemos los productos y servicio de mejor calidad con la finalidad de garantizar el correcto funcionamiento de las m\u00e1quinas y la\",\"breadcrumb\":{\"@id\":\"https:\\\/\\\/www.apen.es\\\/landing-hp\\\/#breadcrumb\"},\"inLanguage\":\"en-US\",\"potentialAction\":[{\"@type\":\"ReadAction\",\"target\":[\"https:\\\/\\\/www.apen.es\\\/landing-hp\\\/\"]}]},{\"@type\":\"BreadcrumbList\",\"@id\":\"https:\\\/\\\/www.apen.es\\\/landing-hp\\\/#breadcrumb\",\"itemListElement\":[{\"@type\":\"ListItem\",\"position\":1,\"name\":\"Portada\",\"item\":\"https:\\\/\\\/www.apen.es\\\/\"},{\"@type\":\"ListItem\",\"position\":2,\"name\":\"Landing HP\"}]},{\"@type\":\"WebSite\",\"@id\":\"https:\\\/\\\/www.apen.es\\\/#website\",\"url\":\"https:\\\/\\\/www.apen.es\\\/\",\"name\":\"Apen Inform\u00e1tica\",\"description\":\"Mantenimiento Inform\u00e1tico , Software de Gesti\u00f3n, Soluciones de impresi\u00f3n\",\"publisher\":{\"@id\":\"https:\\\/\\\/www.apen.es\\\/#organization\"},\"potentialAction\":[{\"@type\":\"SearchAction\",\"target\":{\"@type\":\"EntryPoint\",\"urlTemplate\":\"https:\\\/\\\/www.apen.es\\\/?s={search_term_string}\"},\"query-input\":{\"@type\":\"PropertyValueSpecification\",\"valueRequired\":true,\"valueName\":\"search_term_string\"}}],\"inLanguage\":\"en-US\"},{\"@type\":\"Organization\",\"@id\":\"https:\\\/\\\/www.apen.es\\\/#organization\",\"name\":\"Apen: Soluciones inform\u00e1ticas\",\"url\":\"https:\\\/\\\/www.apen.es\\\/\",\"logo\":{\"@type\":\"ImageObject\",\"inLanguage\":\"en-US\",\"@id\":\"https:\\\/\\\/www.apen.es\\\/#\\\/schema\\\/logo\\\/image\\\/\",\"url\":\"https:\\\/\\\/www.apen.es\\\/wp-content\\\/uploads\\\/2022\\\/08\\\/logo-apenok-231x82-1.png\",\"contentUrl\":\"https:\\\/\\\/www.apen.es\\\/wp-content\\\/uploads\\\/2022\\\/08\\\/logo-apenok-231x82-1.png\",\"width\":231,\"height\":82,\"caption\":\"Apen: Soluciones inform\u00e1ticas\"},\"image\":{\"@id\":\"https:\\\/\\\/www.apen.es\\\/#\\\/schema\\\/logo\\\/image\\\/\"},\"sameAs\":[\"https:\\\/\\\/www.facebook.com\\\/apensolucions\",\"https:\\\/\\\/www.youtube.com\\\/user\\\/ApenCentreInformatic\",\"https:\\\/\\\/www.linkedin.com\\\/company\\\/1021771?trk=tyah&trkInfo=clickedVerticalcompanyclickedEntityId1021771idx2-1-2tarId1464195271196tasapenin\"]}]}<\/script>\n<!-- \/ Yoast SEO plugin. -->","yoast_head_json":{"title":"Landing HP - Apen Inform\u00e1tica","description":"En nuestra empresa ofrecemos los productos y servicio de mejor calidad con la finalidad de garantizar el correcto funcionamiento de las m\u00e1quinas y la","robots":{"index":"index","follow":"follow","max-snippet":"max-snippet:-1","max-image-preview":"max-image-preview:large","max-video-preview":"max-video-preview:-1"},"canonical":"https:\/\/www.apen.es\/en\/landing-hp\/","og_locale":"en_US","og_type":"article","og_title":"Landing HP - Apen Inform\u00e1tica","og_description":"En nuestra empresa ofrecemos los productos y servicio de mejor calidad con la finalidad de garantizar el correcto funcionamiento de las m\u00e1quinas y la","og_url":"https:\/\/www.apen.es\/en\/landing-hp\/","og_site_name":"Apen Inform\u00e1tica","article_publisher":"https:\/\/www.facebook.com\/apensolucions","article_modified_time":"2025-07-10T08:57:58+00:00","og_image":[{"width":231,"height":82,"url":"https:\/\/www.apen.es\/wp-content\/uploads\/2016\/05\/logo-apen-231x82-trasparent.png","type":"image\/png"}],"twitter_card":"summary_large_image","twitter_misc":{"Est. reading time":"2 minutes"},"schema":{"@context":"https:\/\/schema.org","@graph":[{"@type":"WebPage","@id":"https:\/\/www.apen.es\/landing-hp\/","url":"https:\/\/www.apen.es\/landing-hp\/","name":"Landing HP - Apen Inform\u00e1tica","isPartOf":{"@id":"https:\/\/www.apen.es\/#website"},"datePublished":"2018-10-16T08:27:16+00:00","dateModified":"2025-07-10T08:57:58+00:00","description":"En nuestra empresa ofrecemos los productos y servicio de mejor calidad con la finalidad de garantizar el correcto funcionamiento de las m\u00e1quinas y la","breadcrumb":{"@id":"https:\/\/www.apen.es\/landing-hp\/#breadcrumb"},"inLanguage":"en-US","potentialAction":[{"@type":"ReadAction","target":["https:\/\/www.apen.es\/landing-hp\/"]}]},{"@type":"BreadcrumbList","@id":"https:\/\/www.apen.es\/landing-hp\/#breadcrumb","itemListElement":[{"@type":"ListItem","position":1,"name":"Portada","item":"https:\/\/www.apen.es\/"},{"@type":"ListItem","position":2,"name":"Landing HP"}]},{"@type":"WebSite","@id":"https:\/\/www.apen.es\/#website","url":"https:\/\/www.apen.es\/","name":"Apen Inform\u00e1tica","description":"IT Maintenance, Management Software, Printing Solutions","publisher":{"@id":"https:\/\/www.apen.es\/#organization"},"potentialAction":[{"@type":"SearchAction","target":{"@type":"EntryPoint","urlTemplate":"https:\/\/www.apen.es\/?s={search_term_string}"},"query-input":{"@type":"PropertyValueSpecification","valueRequired":true,"valueName":"search_term_string"}}],"inLanguage":"en-US"},{"@type":"Organization","@id":"https:\/\/www.apen.es\/#organization","name":"Apen: IT Solutions","url":"https:\/\/www.apen.es\/","logo":{"@type":"ImageObject","inLanguage":"en-US","@id":"https:\/\/www.apen.es\/#\/schema\/logo\/image\/","url":"https:\/\/www.apen.es\/wp-content\/uploads\/2022\/08\/logo-apenok-231x82-1.png","contentUrl":"https:\/\/www.apen.es\/wp-content\/uploads\/2022\/08\/logo-apenok-231x82-1.png","width":231,"height":82,"caption":"Apen: Soluciones inform\u00e1ticas"},"image":{"@id":"https:\/\/www.apen.es\/#\/schema\/logo\/image\/"},"sameAs":["https:\/\/www.facebook.com\/apensolucions","https:\/\/www.youtube.com\/user\/ApenCentreInformatic","https:\/\/www.linkedin.com\/company\/1021771?trk=tyah&trkInfo=clickedVerticalcompanyclickedEntityId1021771idx2-1-2tarId1464195271196tasapenin"]}]}},"taxonomy_info":[],"featured_image_src_large":false,"author_info":{"display_name":"marqueting","author_link":"https:\/\/www.apen.es\/en\/blog\/author\/marqueting\/"},"comment_info":0,"_links":{"self":[{"href":"https:\/\/www.apen.es\/en\/wp-json\/wp\/v2\/pages\/11978","targetHints":{"allow":["GET"]}}],"collection":[{"href":"https:\/\/www.apen.es\/en\/wp-json\/wp\/v2\/pages"}],"about":[{"href":"https:\/\/www.apen.es\/en\/wp-json\/wp\/v2\/types\/page"}],"author":[{"embeddable":true,"href":"https:\/\/www.apen.es\/en\/wp-json\/wp\/v2\/users\/4"}],"replies":[{"embeddable":true,"href":"https:\/\/www.apen.es\/en\/wp-json\/wp\/v2\/comments?post=11978"}],"version-history":[{"count":3,"href":"https:\/\/www.apen.es\/en\/wp-json\/wp\/v2\/pages\/11978\/revisions"}],"predecessor-version":[{"id":56157,"href":"https:\/\/www.apen.es\/en\/wp-json\/wp\/v2\/pages\/11978\/revisions\/56157"}],"wp:attachment":[{"href":"https:\/\/www.apen.es\/en\/wp-json\/wp\/v2\/media?parent=11978"}],"curies":[{"name":"wp","href":"https:\/\/api.w.org\/{rel}","templated":true}]}}