{"id":11957,"date":"2018-10-16T08:04:23","date_gmt":"2018-10-16T08:04:23","guid":{"rendered":"https:\/\/www.apen.es\/?page_id=11957"},"modified":"2025-07-10T09:04:04","modified_gmt":"2025-07-10T09:04:04","slug":"landing-oki","status":"publish","type":"page","link":"https:\/\/www.apen.es\/en\/landing-oki\/","title":{"rendered":"Oki Landing"},"content":{"rendered":"<p>Although computer systems are now more commonly used than traditional methods to transmit documents to other departments or companies, some machinery such as printers and copiers remain equally useful for all types of businesses. Therefore, our company offers a wide range of <strong>Oki copier offers<\/strong>.<\/p>\n\n\n\n<p>Oki is one of the best-known brands in the printing industry, which is why at Apen we trust their products to offer to our customers. Since its inception, this company has been working with the most innovative technology to create truly effective products that meet the needs of all its customers. For this reason, Oki has a presence in more than 120 different countries, partnering exclusively with the best brands and companies in the sector.<\/p>\n\n\n\n<p>At Apen, our goal is to provide our customers with the best <strong>Oki copier offer<\/strong>, In this way, they can photocopy all types of documents quickly and with the highest quality. This will directly impact their relationships with other companies and how those companies perceive them, which is why it&#039;s so important to always offer clean, high-quality photocopies.<\/p>\n\n\n\n<p>In addition to other companies, at Apen we have a large <strong>Oki copier offer<\/strong> Because they perform much more advanced tasks with unparalleled final quality. These types of devices are usually the perfect size to not take up too much space without sacrificing quality and cutting-edge technology.<\/p>\n\n\n\n<p>Most customers who come to us for these types of products do so with the confidence and peace of mind that our company offers only top-quality products designed to facilitate business operations. We also help all our customers work much faster and more effectively, making us a great option for streamlining all kinds of tasks.<\/p>\n\n\n\n<p>Currently, all companies have the necessary machinery to perform all types of document printing tasks, but it is important to always have the latest technology to offer the best documents and achieve a better corporate image. Therefore, at Apen we want to offer a <strong>Oki copier offer<\/strong> very extensive so that each type of company can find one that suits its needs and preferences.<\/p>\n\n\n\n<p>On the other hand, at Apen we offer many more devices designed for printing and the smooth operation of our clients&#039; businesses. For this reason, we are committed to offering the highest quality products at a competitive and affordable price for any company. Our wide variety of products is what makes us the top choice for many of our clients.<\/p>\n\n\n\n<p>If you would like to know more about our products or our company, please do not hesitate to contact us. We will be happy to assist you, provide information, and answer any questions you may have without any obligation.<\/p>","protected":false},"excerpt":{"rendered":"<p>Aunque actualmente se utilicen m\u00e1s los sistemas inform\u00e1ticos que los convencionales para transmitir a otros departamentos o empresas documentos, lo cierto es que alguna maquinaria como impresoras o copiadoras siguen siendo igual de \u00fatiles para todo tipo de empresas. De esta forma, en nuestra empresa ofrecemos una gran cantidad de ofertas de copiadoras Oki. La&#8230;<\/p>","protected":false},"author":4,"featured_media":0,"parent":0,"menu_order":0,"comment_status":"closed","ping_status":"closed","template":"page-renting-impresoras.php","meta":{"_acf_changed":false,"_kad_blocks_custom_css":"","_kad_blocks_head_custom_js":"","_kad_blocks_body_custom_js":"","_kad_blocks_footer_custom_js":"","_kad_post_transparent":"","_kad_post_title":"","_kad_post_layout":"","_kad_post_sidebar_id":"","_kad_post_content_style":"","_kad_post_vertical_padding":"","_kad_post_feature":"","_kad_post_feature_position":"","_kad_post_header":false,"_kad_post_footer":false,"_kad_post_classname":"","footnotes":""},"class_list":["post-11957","page","type-page","status-publish","hentry"],"acf":[],"yoast_head":"<!-- This site is optimized with the Yoast SEO plugin v27.4 - https:\/\/yoast.com\/product\/yoast-seo-wordpress\/ -->\n<title>Landing Oki - Apen Inform\u00e1tica<\/title>\n<meta name=\"description\" content=\"Aunque actualmente se utilicen m\u00e1s los sistemas inform\u00e1ticos que los convencionales para transmitir a otros departamentos o empresas documentos, lo cierto\" \/>\n<meta name=\"robots\" content=\"index, follow, max-snippet:-1, max-image-preview:large, max-video-preview:-1\" \/>\n<link rel=\"canonical\" href=\"https:\/\/www.apen.es\/en\/landing-oki\/\" \/>\n<meta property=\"og:locale\" content=\"en_US\" \/>\n<meta property=\"og:type\" content=\"article\" \/>\n<meta property=\"og:title\" content=\"Landing Oki - Apen Inform\u00e1tica\" \/>\n<meta property=\"og:description\" content=\"Aunque actualmente se utilicen m\u00e1s los sistemas inform\u00e1ticos que los convencionales para transmitir a otros departamentos o empresas documentos, lo cierto\" \/>\n<meta property=\"og:url\" content=\"https:\/\/www.apen.es\/en\/landing-oki\/\" \/>\n<meta property=\"og:site_name\" content=\"Apen Inform\u00e1tica\" \/>\n<meta property=\"article:publisher\" content=\"https:\/\/www.facebook.com\/apensolucions\" \/>\n<meta property=\"article:modified_time\" content=\"2025-07-10T09:04:04+00:00\" \/>\n<meta property=\"og:image\" content=\"https:\/\/www.apen.es\/wp-content\/uploads\/2016\/05\/logo-apen-231x82-trasparent.png\" \/>\n\t<meta property=\"og:image:width\" content=\"231\" \/>\n\t<meta property=\"og:image:height\" content=\"82\" \/>\n\t<meta property=\"og:image:type\" content=\"image\/png\" \/>\n<meta name=\"twitter:card\" content=\"summary_large_image\" \/>\n<meta name=\"twitter:label1\" content=\"Est. reading time\" \/>\n\t<meta name=\"twitter:data1\" content=\"3 minutes\" \/>\n<script type=\"application\/ld+json\" class=\"yoast-schema-graph\">{\"@context\":\"https:\\\/\\\/schema.org\",\"@graph\":[{\"@type\":\"WebPage\",\"@id\":\"https:\\\/\\\/www.apen.es\\\/landing-oki\\\/\",\"url\":\"https:\\\/\\\/www.apen.es\\\/landing-oki\\\/\",\"name\":\"Landing Oki - Apen Inform\u00e1tica\",\"isPartOf\":{\"@id\":\"https:\\\/\\\/www.apen.es\\\/#website\"},\"datePublished\":\"2018-10-16T08:04:23+00:00\",\"dateModified\":\"2025-07-10T09:04:04+00:00\",\"description\":\"Aunque actualmente se utilicen m\u00e1s los sistemas inform\u00e1ticos que los convencionales para transmitir a otros departamentos o empresas documentos, lo cierto\",\"breadcrumb\":{\"@id\":\"https:\\\/\\\/www.apen.es\\\/landing-oki\\\/#breadcrumb\"},\"inLanguage\":\"en-US\",\"potentialAction\":[{\"@type\":\"ReadAction\",\"target\":[\"https:\\\/\\\/www.apen.es\\\/landing-oki\\\/\"]}]},{\"@type\":\"BreadcrumbList\",\"@id\":\"https:\\\/\\\/www.apen.es\\\/landing-oki\\\/#breadcrumb\",\"itemListElement\":[{\"@type\":\"ListItem\",\"position\":1,\"name\":\"Portada\",\"item\":\"https:\\\/\\\/www.apen.es\\\/\"},{\"@type\":\"ListItem\",\"position\":2,\"name\":\"Landing Oki\"}]},{\"@type\":\"WebSite\",\"@id\":\"https:\\\/\\\/www.apen.es\\\/#website\",\"url\":\"https:\\\/\\\/www.apen.es\\\/\",\"name\":\"Apen Inform\u00e1tica\",\"description\":\"Mantenimiento Inform\u00e1tico , Software de Gesti\u00f3n, Soluciones de impresi\u00f3n\",\"publisher\":{\"@id\":\"https:\\\/\\\/www.apen.es\\\/#organization\"},\"potentialAction\":[{\"@type\":\"SearchAction\",\"target\":{\"@type\":\"EntryPoint\",\"urlTemplate\":\"https:\\\/\\\/www.apen.es\\\/?s={search_term_string}\"},\"query-input\":{\"@type\":\"PropertyValueSpecification\",\"valueRequired\":true,\"valueName\":\"search_term_string\"}}],\"inLanguage\":\"en-US\"},{\"@type\":\"Organization\",\"@id\":\"https:\\\/\\\/www.apen.es\\\/#organization\",\"name\":\"Apen: Soluciones inform\u00e1ticas\",\"url\":\"https:\\\/\\\/www.apen.es\\\/\",\"logo\":{\"@type\":\"ImageObject\",\"inLanguage\":\"en-US\",\"@id\":\"https:\\\/\\\/www.apen.es\\\/#\\\/schema\\\/logo\\\/image\\\/\",\"url\":\"https:\\\/\\\/www.apen.es\\\/wp-content\\\/uploads\\\/2022\\\/08\\\/logo-apenok-231x82-1.png\",\"contentUrl\":\"https:\\\/\\\/www.apen.es\\\/wp-content\\\/uploads\\\/2022\\\/08\\\/logo-apenok-231x82-1.png\",\"width\":231,\"height\":82,\"caption\":\"Apen: Soluciones inform\u00e1ticas\"},\"image\":{\"@id\":\"https:\\\/\\\/www.apen.es\\\/#\\\/schema\\\/logo\\\/image\\\/\"},\"sameAs\":[\"https:\\\/\\\/www.facebook.com\\\/apensolucions\",\"https:\\\/\\\/www.youtube.com\\\/user\\\/ApenCentreInformatic\",\"https:\\\/\\\/www.linkedin.com\\\/company\\\/1021771?trk=tyah&trkInfo=clickedVerticalcompanyclickedEntityId1021771idx2-1-2tarId1464195271196tasapenin\"]}]}<\/script>\n<!-- \/ Yoast SEO plugin. -->","yoast_head_json":{"title":"Oki Landing Page - Apen Inform\u00e1tica","description":"Although computer systems are currently used more than conventional methods to transmit documents to other departments or companies, the truth is","robots":{"index":"index","follow":"follow","max-snippet":"max-snippet:-1","max-image-preview":"max-image-preview:large","max-video-preview":"max-video-preview:-1"},"canonical":"https:\/\/www.apen.es\/en\/landing-oki\/","og_locale":"en_US","og_type":"article","og_title":"Landing Oki - Apen Inform\u00e1tica","og_description":"Aunque actualmente se utilicen m\u00e1s los sistemas inform\u00e1ticos que los convencionales para transmitir a otros departamentos o empresas documentos, lo cierto","og_url":"https:\/\/www.apen.es\/en\/landing-oki\/","og_site_name":"Apen Inform\u00e1tica","article_publisher":"https:\/\/www.facebook.com\/apensolucions","article_modified_time":"2025-07-10T09:04:04+00:00","og_image":[{"width":231,"height":82,"url":"https:\/\/www.apen.es\/wp-content\/uploads\/2016\/05\/logo-apen-231x82-trasparent.png","type":"image\/png"}],"twitter_card":"summary_large_image","twitter_misc":{"Est. reading time":"3 minutes"},"schema":{"@context":"https:\/\/schema.org","@graph":[{"@type":"WebPage","@id":"https:\/\/www.apen.es\/landing-oki\/","url":"https:\/\/www.apen.es\/landing-oki\/","name":"Oki Landing Page - Apen Inform\u00e1tica","isPartOf":{"@id":"https:\/\/www.apen.es\/#website"},"datePublished":"2018-10-16T08:04:23+00:00","dateModified":"2025-07-10T09:04:04+00:00","description":"Although computer systems are currently used more than conventional methods to transmit documents to other departments or companies, the truth is","breadcrumb":{"@id":"https:\/\/www.apen.es\/landing-oki\/#breadcrumb"},"inLanguage":"en-US","potentialAction":[{"@type":"ReadAction","target":["https:\/\/www.apen.es\/landing-oki\/"]}]},{"@type":"BreadcrumbList","@id":"https:\/\/www.apen.es\/landing-oki\/#breadcrumb","itemListElement":[{"@type":"ListItem","position":1,"name":"Portada","item":"https:\/\/www.apen.es\/"},{"@type":"ListItem","position":2,"name":"Landing Oki"}]},{"@type":"WebSite","@id":"https:\/\/www.apen.es\/#website","url":"https:\/\/www.apen.es\/","name":"Apen Inform\u00e1tica","description":"IT Maintenance, Management Software, Printing Solutions","publisher":{"@id":"https:\/\/www.apen.es\/#organization"},"potentialAction":[{"@type":"SearchAction","target":{"@type":"EntryPoint","urlTemplate":"https:\/\/www.apen.es\/?s={search_term_string}"},"query-input":{"@type":"PropertyValueSpecification","valueRequired":true,"valueName":"search_term_string"}}],"inLanguage":"en-US"},{"@type":"Organization","@id":"https:\/\/www.apen.es\/#organization","name":"Apen: IT Solutions","url":"https:\/\/www.apen.es\/","logo":{"@type":"ImageObject","inLanguage":"en-US","@id":"https:\/\/www.apen.es\/#\/schema\/logo\/image\/","url":"https:\/\/www.apen.es\/wp-content\/uploads\/2022\/08\/logo-apenok-231x82-1.png","contentUrl":"https:\/\/www.apen.es\/wp-content\/uploads\/2022\/08\/logo-apenok-231x82-1.png","width":231,"height":82,"caption":"Apen: Soluciones inform\u00e1ticas"},"image":{"@id":"https:\/\/www.apen.es\/#\/schema\/logo\/image\/"},"sameAs":["https:\/\/www.facebook.com\/apensolucions","https:\/\/www.youtube.com\/user\/ApenCentreInformatic","https:\/\/www.linkedin.com\/company\/1021771?trk=tyah&trkInfo=clickedVerticalcompanyclickedEntityId1021771idx2-1-2tarId1464195271196tasapenin"]}]}},"taxonomy_info":[],"featured_image_src_large":false,"author_info":{"display_name":"marqueting","author_link":"https:\/\/www.apen.es\/en\/blog\/author\/marqueting\/"},"comment_info":0,"_links":{"self":[{"href":"https:\/\/www.apen.es\/en\/wp-json\/wp\/v2\/pages\/11957","targetHints":{"allow":["GET"]}}],"collection":[{"href":"https:\/\/www.apen.es\/en\/wp-json\/wp\/v2\/pages"}],"about":[{"href":"https:\/\/www.apen.es\/en\/wp-json\/wp\/v2\/types\/page"}],"author":[{"embeddable":true,"href":"https:\/\/www.apen.es\/en\/wp-json\/wp\/v2\/users\/4"}],"replies":[{"embeddable":true,"href":"https:\/\/www.apen.es\/en\/wp-json\/wp\/v2\/comments?post=11957"}],"version-history":[{"count":2,"href":"https:\/\/www.apen.es\/en\/wp-json\/wp\/v2\/pages\/11957\/revisions"}],"predecessor-version":[{"id":56168,"href":"https:\/\/www.apen.es\/en\/wp-json\/wp\/v2\/pages\/11957\/revisions\/56168"}],"wp:attachment":[{"href":"https:\/\/www.apen.es\/en\/wp-json\/wp\/v2\/media?parent=11957"}],"curies":[{"name":"wp","href":"https:\/\/api.w.org\/{rel}","templated":true}]}}