{"id":11550,"date":"2025-02-06T10:52:05","date_gmt":"2025-02-06T10:52:05","guid":{"rendered":"https:\/\/www.apen.es\/?page_id=11550"},"modified":"2025-10-27T12:22:10","modified_gmt":"2025-10-27T12:22:10","slug":"kyocera","status":"publish","type":"page","link":"https:\/\/www.apen.es\/en\/kyocera\/","title":{"rendered":"Kyocera"},"content":{"rendered":"<p>At Apen, with over 30 years of experience, we can guarantee you the best IT service in Granollers, offering tailor-made solutions designed exclusively for the smooth operation of your business. Unlike other companies in the sector, at Apen <strong>We conduct a preliminary study of your company<\/strong> to learn firsthand how things work and this helps us to study and design the best proposal for your SME.<\/p>\n\n\n\n<p>We work with <strong>top brands<\/strong>, To offer and guarantee you the best results. And if we add to this the fact that the work is carried out by our qualified and expert technical team in IT maintenance and security, we achieve a comprehensive solution to cover the real needs of your company in terms of professional IT services in Granollers.<\/p>\n\n\n\n<p>We offer you three great options for your company&#039;s IT maintenance; <strong>Basic Maintenance, Outsourcing Maintenance and Premium Maintenance<\/strong>. The first option allows you to enjoy technical assistance from our team in less than four hours, an annual audit that guarantees the proper functioning of the equipment, loans of computer equipment and having a technician from our team at your disposal whenever you need it, to solve any anomaly or technical problem that may arise in your equipment.<\/p>\n\n\n\n<p>IT maintenance outsourcing also includes the travel costs of the necessary IT technicians and maintenance coverage for five days, 10 hours each day.<\/p>\n\n\n\n<p>And the third option of our <strong>IT service in Granollers is Premium maintenance<\/strong>, With this service, your company can enjoy the best IT maintenance in the entire province of Barcelona. This service offers additional IT solutions beyond outsourced maintenance, including corrective and preventative services, high-level remote support, and more.&nbsp;<\/p>\n\n\n\n<p>Among the IT solutions we offer, the most common services include antivirus installation, ERP implementation, backups, software installation, virus detection and removal, printing solutions, malware removal, local network maintenance, and more. We offer 24\/7\/365 coverage, ensuring you consistently get the best performance from your IT systems.<\/p>\n\n\n\n<p>If you&#039;d like more information about our IT services in Granollers, we invite you to visit our website and contact us, with no obligation. We can assess your company&#039;s actual needs and determine the best and most effective solution we can offer. We also offer a leasing option, so you can enjoy all the benefits of our equipment from day one, without the obligation to purchase it.<\/p>","protected":false},"excerpt":{"rendered":"<p>En Apen, tras m\u00e1s de 30 a\u00f1os de experiencia, podemos garantizarte el mejor servicio inform\u00e1tico en Granollers ofreci\u00e9ndote soluciones hechas a medida y pensadas exclusivamente para el buen funcionamiento de tu empresa. A diferencia de otras empresas del sector, en Apen realizamos un estudio previo de tu empresa para conocer, de primera mano, el funcionamiento&#8230;<\/p>","protected":false},"author":4,"featured_media":0,"parent":0,"menu_order":0,"comment_status":"closed","ping_status":"closed","template":"page-renting-impresoras.php","meta":{"_acf_changed":false,"_kad_blocks_custom_css":"","_kad_blocks_head_custom_js":"","_kad_blocks_body_custom_js":"","_kad_blocks_footer_custom_js":"","_kad_post_transparent":"","_kad_post_title":"","_kad_post_layout":"","_kad_post_sidebar_id":"","_kad_post_content_style":"","_kad_post_vertical_padding":"","_kad_post_feature":"","_kad_post_feature_position":"","_kad_post_header":false,"_kad_post_footer":false,"_kad_post_classname":"","footnotes":""},"class_list":["post-11550","page","type-page","status-publish","hentry"],"acf":[],"yoast_head":"<!-- This site is optimized with the Yoast SEO plugin v27.4 - https:\/\/yoast.com\/product\/yoast-seo-wordpress\/ -->\n<title>Kyocera - Apen Inform\u00e1tica<\/title>\n<meta name=\"description\" content=\"En Apen, tras m\u00e1s de 30 a\u00f1os de experiencia, podemos garantizarte el mejor servicio inform\u00e1tico en Granollers ofreci\u00e9ndote soluciones hechas a medida y\" \/>\n<meta name=\"robots\" content=\"index, follow, max-snippet:-1, max-image-preview:large, max-video-preview:-1\" \/>\n<link rel=\"canonical\" href=\"https:\/\/www.apen.es\/en\/kyocera\/\" \/>\n<meta property=\"og:locale\" content=\"en_US\" \/>\n<meta property=\"og:type\" content=\"article\" \/>\n<meta property=\"og:title\" content=\"Kyocera - Apen Inform\u00e1tica\" \/>\n<meta property=\"og:description\" content=\"En Apen, tras m\u00e1s de 30 a\u00f1os de experiencia, podemos garantizarte el mejor servicio inform\u00e1tico en Granollers ofreci\u00e9ndote soluciones hechas a medida y\" \/>\n<meta property=\"og:url\" content=\"https:\/\/www.apen.es\/en\/kyocera\/\" \/>\n<meta property=\"og:site_name\" content=\"Apen Inform\u00e1tica\" \/>\n<meta property=\"article:publisher\" content=\"https:\/\/www.facebook.com\/apensolucions\" \/>\n<meta property=\"article:modified_time\" content=\"2025-10-27T12:22:10+00:00\" \/>\n<meta property=\"og:image\" content=\"https:\/\/www.apen.es\/wp-content\/uploads\/2016\/05\/logo-apen-231x82-trasparent.png\" \/>\n\t<meta property=\"og:image:width\" content=\"231\" \/>\n\t<meta property=\"og:image:height\" content=\"82\" \/>\n\t<meta property=\"og:image:type\" content=\"image\/png\" \/>\n<meta name=\"twitter:card\" content=\"summary_large_image\" \/>\n<meta name=\"twitter:label1\" content=\"Est. reading time\" \/>\n\t<meta name=\"twitter:data1\" content=\"3 minutes\" \/>\n<script type=\"application\/ld+json\" class=\"yoast-schema-graph\">{\"@context\":\"https:\\\/\\\/schema.org\",\"@graph\":[{\"@type\":\"WebPage\",\"@id\":\"https:\\\/\\\/www.apen.es\\\/kyocera\\\/\",\"url\":\"https:\\\/\\\/www.apen.es\\\/kyocera\\\/\",\"name\":\"Kyocera - Apen Inform\u00e1tica\",\"isPartOf\":{\"@id\":\"https:\\\/\\\/www.apen.es\\\/#website\"},\"datePublished\":\"2025-02-06T10:52:05+00:00\",\"dateModified\":\"2025-10-27T12:22:10+00:00\",\"description\":\"En Apen, tras m\u00e1s de 30 a\u00f1os de experiencia, podemos garantizarte el mejor servicio inform\u00e1tico en Granollers ofreci\u00e9ndote soluciones hechas a medida y\",\"breadcrumb\":{\"@id\":\"https:\\\/\\\/www.apen.es\\\/kyocera\\\/#breadcrumb\"},\"inLanguage\":\"en-US\",\"potentialAction\":[{\"@type\":\"ReadAction\",\"target\":[\"https:\\\/\\\/www.apen.es\\\/kyocera\\\/\"]}]},{\"@type\":\"BreadcrumbList\",\"@id\":\"https:\\\/\\\/www.apen.es\\\/kyocera\\\/#breadcrumb\",\"itemListElement\":[{\"@type\":\"ListItem\",\"position\":1,\"name\":\"Portada\",\"item\":\"https:\\\/\\\/www.apen.es\\\/\"},{\"@type\":\"ListItem\",\"position\":2,\"name\":\"Kyocera\"}]},{\"@type\":\"WebSite\",\"@id\":\"https:\\\/\\\/www.apen.es\\\/#website\",\"url\":\"https:\\\/\\\/www.apen.es\\\/\",\"name\":\"Apen Inform\u00e1tica\",\"description\":\"Mantenimiento Inform\u00e1tico , Software de Gesti\u00f3n, Soluciones de impresi\u00f3n\",\"publisher\":{\"@id\":\"https:\\\/\\\/www.apen.es\\\/#organization\"},\"potentialAction\":[{\"@type\":\"SearchAction\",\"target\":{\"@type\":\"EntryPoint\",\"urlTemplate\":\"https:\\\/\\\/www.apen.es\\\/?s={search_term_string}\"},\"query-input\":{\"@type\":\"PropertyValueSpecification\",\"valueRequired\":true,\"valueName\":\"search_term_string\"}}],\"inLanguage\":\"en-US\"},{\"@type\":\"Organization\",\"@id\":\"https:\\\/\\\/www.apen.es\\\/#organization\",\"name\":\"Apen: Soluciones inform\u00e1ticas\",\"url\":\"https:\\\/\\\/www.apen.es\\\/\",\"logo\":{\"@type\":\"ImageObject\",\"inLanguage\":\"en-US\",\"@id\":\"https:\\\/\\\/www.apen.es\\\/#\\\/schema\\\/logo\\\/image\\\/\",\"url\":\"https:\\\/\\\/www.apen.es\\\/wp-content\\\/uploads\\\/2022\\\/08\\\/logo-apenok-231x82-1.png\",\"contentUrl\":\"https:\\\/\\\/www.apen.es\\\/wp-content\\\/uploads\\\/2022\\\/08\\\/logo-apenok-231x82-1.png\",\"width\":231,\"height\":82,\"caption\":\"Apen: Soluciones inform\u00e1ticas\"},\"image\":{\"@id\":\"https:\\\/\\\/www.apen.es\\\/#\\\/schema\\\/logo\\\/image\\\/\"},\"sameAs\":[\"https:\\\/\\\/www.facebook.com\\\/apensolucions\",\"https:\\\/\\\/www.youtube.com\\\/user\\\/ApenCentreInformatic\",\"https:\\\/\\\/www.linkedin.com\\\/company\\\/1021771?trk=tyah&trkInfo=clickedVerticalcompanyclickedEntityId1021771idx2-1-2tarId1464195271196tasapenin\"]}]}<\/script>\n<!-- \/ Yoast SEO plugin. -->","yoast_head_json":{"title":"Kyocera - Apen Inform\u00e1tica","description":"En Apen, tras m\u00e1s de 30 a\u00f1os de experiencia, podemos garantizarte el mejor servicio inform\u00e1tico en Granollers ofreci\u00e9ndote soluciones hechas a medida y","robots":{"index":"index","follow":"follow","max-snippet":"max-snippet:-1","max-image-preview":"max-image-preview:large","max-video-preview":"max-video-preview:-1"},"canonical":"https:\/\/www.apen.es\/en\/kyocera\/","og_locale":"en_US","og_type":"article","og_title":"Kyocera - Apen Inform\u00e1tica","og_description":"En Apen, tras m\u00e1s de 30 a\u00f1os de experiencia, podemos garantizarte el mejor servicio inform\u00e1tico en Granollers ofreci\u00e9ndote soluciones hechas a medida y","og_url":"https:\/\/www.apen.es\/en\/kyocera\/","og_site_name":"Apen Inform\u00e1tica","article_publisher":"https:\/\/www.facebook.com\/apensolucions","article_modified_time":"2025-10-27T12:22:10+00:00","og_image":[{"width":231,"height":82,"url":"https:\/\/www.apen.es\/wp-content\/uploads\/2016\/05\/logo-apen-231x82-trasparent.png","type":"image\/png"}],"twitter_card":"summary_large_image","twitter_misc":{"Est. reading time":"3 minutes"},"schema":{"@context":"https:\/\/schema.org","@graph":[{"@type":"WebPage","@id":"https:\/\/www.apen.es\/kyocera\/","url":"https:\/\/www.apen.es\/kyocera\/","name":"Kyocera - Apen Inform\u00e1tica","isPartOf":{"@id":"https:\/\/www.apen.es\/#website"},"datePublished":"2025-02-06T10:52:05+00:00","dateModified":"2025-10-27T12:22:10+00:00","description":"En Apen, tras m\u00e1s de 30 a\u00f1os de experiencia, podemos garantizarte el mejor servicio inform\u00e1tico en Granollers ofreci\u00e9ndote soluciones hechas a medida y","breadcrumb":{"@id":"https:\/\/www.apen.es\/kyocera\/#breadcrumb"},"inLanguage":"en-US","potentialAction":[{"@type":"ReadAction","target":["https:\/\/www.apen.es\/kyocera\/"]}]},{"@type":"BreadcrumbList","@id":"https:\/\/www.apen.es\/kyocera\/#breadcrumb","itemListElement":[{"@type":"ListItem","position":1,"name":"Portada","item":"https:\/\/www.apen.es\/"},{"@type":"ListItem","position":2,"name":"Kyocera"}]},{"@type":"WebSite","@id":"https:\/\/www.apen.es\/#website","url":"https:\/\/www.apen.es\/","name":"Apen Inform\u00e1tica","description":"IT Maintenance, Management Software, Printing Solutions","publisher":{"@id":"https:\/\/www.apen.es\/#organization"},"potentialAction":[{"@type":"SearchAction","target":{"@type":"EntryPoint","urlTemplate":"https:\/\/www.apen.es\/?s={search_term_string}"},"query-input":{"@type":"PropertyValueSpecification","valueRequired":true,"valueName":"search_term_string"}}],"inLanguage":"en-US"},{"@type":"Organization","@id":"https:\/\/www.apen.es\/#organization","name":"Apen: IT Solutions","url":"https:\/\/www.apen.es\/","logo":{"@type":"ImageObject","inLanguage":"en-US","@id":"https:\/\/www.apen.es\/#\/schema\/logo\/image\/","url":"https:\/\/www.apen.es\/wp-content\/uploads\/2022\/08\/logo-apenok-231x82-1.png","contentUrl":"https:\/\/www.apen.es\/wp-content\/uploads\/2022\/08\/logo-apenok-231x82-1.png","width":231,"height":82,"caption":"Apen: Soluciones inform\u00e1ticas"},"image":{"@id":"https:\/\/www.apen.es\/#\/schema\/logo\/image\/"},"sameAs":["https:\/\/www.facebook.com\/apensolucions","https:\/\/www.youtube.com\/user\/ApenCentreInformatic","https:\/\/www.linkedin.com\/company\/1021771?trk=tyah&trkInfo=clickedVerticalcompanyclickedEntityId1021771idx2-1-2tarId1464195271196tasapenin"]}]}},"taxonomy_info":[],"featured_image_src_large":false,"author_info":{"display_name":"marqueting","author_link":"https:\/\/www.apen.es\/en\/blog\/author\/marqueting\/"},"comment_info":0,"_links":{"self":[{"href":"https:\/\/www.apen.es\/en\/wp-json\/wp\/v2\/pages\/11550","targetHints":{"allow":["GET"]}}],"collection":[{"href":"https:\/\/www.apen.es\/en\/wp-json\/wp\/v2\/pages"}],"about":[{"href":"https:\/\/www.apen.es\/en\/wp-json\/wp\/v2\/types\/page"}],"author":[{"embeddable":true,"href":"https:\/\/www.apen.es\/en\/wp-json\/wp\/v2\/users\/4"}],"replies":[{"embeddable":true,"href":"https:\/\/www.apen.es\/en\/wp-json\/wp\/v2\/comments?post=11550"}],"version-history":[{"count":5,"href":"https:\/\/www.apen.es\/en\/wp-json\/wp\/v2\/pages\/11550\/revisions"}],"predecessor-version":[{"id":62445,"href":"https:\/\/www.apen.es\/en\/wp-json\/wp\/v2\/pages\/11550\/revisions\/62445"}],"wp:attachment":[{"href":"https:\/\/www.apen.es\/en\/wp-json\/wp\/v2\/media?parent=11550"}],"curies":[{"name":"wp","href":"https:\/\/api.w.org\/{rel}","templated":true}]}}