{"id":10836,"date":"2018-07-18T08:31:26","date_gmt":"2018-07-18T08:31:26","guid":{"rendered":"https:\/\/www.apen.es\/?page_id=10836"},"modified":"2025-05-23T08:20:22","modified_gmt":"2025-05-23T08:20:22","slug":"konica-printer-offer","status":"publish","type":"page","link":"https:\/\/www.apen.es\/en\/soluciones-de-impresion\/oferta-impresora-konica\/","title":{"rendered":"Konica printer offer"},"content":{"rendered":"<p>To offer the best products and services to all our customers, at Apen we partner with the leading brands in the IT and new technologies sector. Among them is the company&nbsp;<strong>Konica<\/strong>, whose objective is to understand the customer&#039;s perspective in order to offer them the products and services that best meet their needs. At Apen, we want to offer the best.&nbsp;<strong>printers<\/strong>&nbsp;For our customers, we have a great&nbsp;<strong>offer<\/strong>&nbsp;in our catalog, both of the&nbsp;<strong>printers<\/strong>&nbsp;<strong>Konica<\/strong>&nbsp;as well as many other high-quality ones.<\/p>\n\n\n\n<p>The products offered by the company&nbsp;<strong>Konica<\/strong>&nbsp;They are related to information, as well as to digital imaging in office and production environments. Therefore, at Apen we have the best&nbsp;<strong>printer offer<\/strong>&nbsp;<strong>Konica<\/strong>, which are designed to offer the best solutions to clients. At Apen we have the&nbsp;<strong>printers<\/strong>&nbsp;of this company because we trust in its long history and in the quality of each and every one of its products.<\/p>\n\n\n\n<p>The&nbsp;<strong>printer offer<\/strong>&nbsp;The range we offer at Apen is very broad and comprehensive, as we work with the best companies in the sector, each of which has...&nbsp;<strong>printers<\/strong>&nbsp;Konica offers a range of printers with easily distinguishable features. As a leading brand in the printing sector, Konica products are essential for our business, as countless companies and organizations rely on them.&nbsp;<strong>printers<\/strong>&nbsp;thanks to their great features and a fairly reasonable price.<\/p>\n\n\n\n<p>Printing is one of the most important aspects, both in offices and other types of businesses. For this reason, at Apen we offer the best&nbsp;<strong>offer<\/strong>&nbsp;of&nbsp;<strong>printers<\/strong>&nbsp;of the brand&nbsp;<strong>Konica<\/strong>&nbsp;and many others. Any type of company can have one of ours.&nbsp;<strong>printers<\/strong>&nbsp;and enjoy the benefits of the best printing on the market. Thanks to our&nbsp;<strong>offer<\/strong>&nbsp;of&nbsp;<strong>printers<\/strong>&nbsp;It&#039;s very broad; we have some more basic options and others with more advanced features, ensuring that we have the&nbsp;<strong>printer<\/strong>&nbsp;Perfect for every client, regardless of the company they own or the sector they are in.<\/p>\n\n\n\n<p>In today&#039;s market, there are more and more companies that, as&nbsp;<strong>Konica<\/strong>&nbsp;They must be constantly innovating to position themselves as market leaders. That&#039;s why at Apen, we only have the&nbsp;<strong>printers<\/strong>&nbsp;using the latest technology, guaranteeing that the result obtained by the client is impeccable.<\/p>\n\n\n\n<p>If you would like to learn more about our company or our large&nbsp;<strong>offer<\/strong>&nbsp;of&nbsp;<strong>printers<\/strong>&nbsp;of the brand&nbsp;<strong>Konica<\/strong>&nbsp;Please feel free to contact us; we will be happy to assist you and answer any questions you may have without any obligation.<\/p>","protected":false},"excerpt":{"rendered":"<p>Para ofrecer los mejores productos y servicios a todos nuestros clientes, en Apen contamos con las mejores marcas en el sector de la inform\u00e1tica y nuevas tecnolog\u00edas. Entre ellas, se encuentra la empresa&nbsp;Konica, cuyo objetivo es conocer la perspectiva de los clientes con tal de ofrecerles los productos y servicios que mejor puedan resolver sus&#8230;<\/p>","protected":false},"author":4,"featured_media":0,"parent":1158,"menu_order":0,"comment_status":"closed","ping_status":"closed","template":"page-renting-impresoras.php","meta":{"_acf_changed":false,"_kad_blocks_custom_css":"","_kad_blocks_head_custom_js":"","_kad_blocks_body_custom_js":"","_kad_blocks_footer_custom_js":"","_kad_post_transparent":"","_kad_post_title":"","_kad_post_layout":"","_kad_post_sidebar_id":"","_kad_post_content_style":"","_kad_post_vertical_padding":"","_kad_post_feature":"","_kad_post_feature_position":"","_kad_post_header":false,"_kad_post_footer":false,"_kad_post_classname":"","footnotes":""},"class_list":["post-10836","page","type-page","status-publish","hentry"],"acf":[],"yoast_head":"<!-- This site is optimized with the Yoast SEO plugin v27.4 - https:\/\/yoast.com\/product\/yoast-seo-wordpress\/ -->\n<title>Oferta impresora Konica - Apen Inform\u00e1tica<\/title>\n<meta name=\"description\" content=\"En Apen ofrecemos una oferta para impresoras Konica, ahorre espacio y electricidad, mayor rendimiento, respeto y harmon\u00eda con el medio ambiente.\" \/>\n<meta name=\"robots\" content=\"index, follow, max-snippet:-1, max-image-preview:large, max-video-preview:-1\" \/>\n<link rel=\"canonical\" href=\"https:\/\/www.apen.es\/en\/printing-solutions\/konica-printer-offer\/\" \/>\n<meta property=\"og:locale\" content=\"en_US\" \/>\n<meta property=\"og:type\" content=\"article\" \/>\n<meta property=\"og:title\" content=\"Oferta impresora Konica - Apen Inform\u00e1tica\" \/>\n<meta property=\"og:description\" content=\"En Apen ofrecemos una oferta para impresoras Konica, ahorre espacio y electricidad, mayor rendimiento, respeto y harmon\u00eda con el medio ambiente.\" \/>\n<meta property=\"og:url\" content=\"https:\/\/www.apen.es\/en\/printing-solutions\/konica-printer-offer\/\" \/>\n<meta property=\"og:site_name\" content=\"Apen Inform\u00e1tica\" \/>\n<meta property=\"article:publisher\" content=\"https:\/\/www.facebook.com\/apensolucions\" \/>\n<meta property=\"article:modified_time\" content=\"2025-05-23T08:20:22+00:00\" \/>\n<meta property=\"og:image\" content=\"https:\/\/www.apen.es\/wp-content\/uploads\/2016\/05\/logo-apen-231x82-trasparent.png\" \/>\n\t<meta property=\"og:image:width\" content=\"231\" \/>\n\t<meta property=\"og:image:height\" content=\"82\" \/>\n\t<meta property=\"og:image:type\" content=\"image\/png\" \/>\n<meta name=\"twitter:card\" content=\"summary_large_image\" \/>\n<meta name=\"twitter:label1\" content=\"Est. reading time\" \/>\n\t<meta name=\"twitter:data1\" content=\"8 minutes\" \/>\n<script type=\"application\/ld+json\" class=\"yoast-schema-graph\">{\"@context\":\"https:\\\/\\\/schema.org\",\"@graph\":[{\"@type\":\"WebPage\",\"@id\":\"https:\\\/\\\/www.apen.es\\\/soluciones-de-impresion\\\/oferta-impresora-konica\\\/\",\"url\":\"https:\\\/\\\/www.apen.es\\\/soluciones-de-impresion\\\/oferta-impresora-konica\\\/\",\"name\":\"Oferta impresora Konica - Apen Inform\u00e1tica\",\"isPartOf\":{\"@id\":\"https:\\\/\\\/www.apen.es\\\/#website\"},\"datePublished\":\"2018-07-18T08:31:26+00:00\",\"dateModified\":\"2025-05-23T08:20:22+00:00\",\"description\":\"En Apen ofrecemos una oferta para impresoras Konica, ahorre espacio y electricidad, mayor rendimiento, respeto y harmon\u00eda con el medio ambiente.\",\"breadcrumb\":{\"@id\":\"https:\\\/\\\/www.apen.es\\\/soluciones-de-impresion\\\/oferta-impresora-konica\\\/#breadcrumb\"},\"inLanguage\":\"en-US\",\"potentialAction\":[{\"@type\":\"ReadAction\",\"target\":[\"https:\\\/\\\/www.apen.es\\\/soluciones-de-impresion\\\/oferta-impresora-konica\\\/\"]}]},{\"@type\":\"BreadcrumbList\",\"@id\":\"https:\\\/\\\/www.apen.es\\\/soluciones-de-impresion\\\/oferta-impresora-konica\\\/#breadcrumb\",\"itemListElement\":[{\"@type\":\"ListItem\",\"position\":1,\"name\":\"Portada\",\"item\":\"https:\\\/\\\/www.apen.es\\\/\"},{\"@type\":\"ListItem\",\"position\":2,\"name\":\"Soluciones de impresi\u00f3n\",\"item\":\"https:\\\/\\\/www.apen.es\\\/soluciones-de-impresion\\\/\"},{\"@type\":\"ListItem\",\"position\":3,\"name\":\"Oferta impresora Konica\"}]},{\"@type\":\"WebSite\",\"@id\":\"https:\\\/\\\/www.apen.es\\\/#website\",\"url\":\"https:\\\/\\\/www.apen.es\\\/\",\"name\":\"Apen Inform\u00e1tica\",\"description\":\"Mantenimiento Inform\u00e1tico , Software de Gesti\u00f3n, Soluciones de impresi\u00f3n\",\"publisher\":{\"@id\":\"https:\\\/\\\/www.apen.es\\\/#organization\"},\"potentialAction\":[{\"@type\":\"SearchAction\",\"target\":{\"@type\":\"EntryPoint\",\"urlTemplate\":\"https:\\\/\\\/www.apen.es\\\/?s={search_term_string}\"},\"query-input\":{\"@type\":\"PropertyValueSpecification\",\"valueRequired\":true,\"valueName\":\"search_term_string\"}}],\"inLanguage\":\"en-US\"},{\"@type\":\"Organization\",\"@id\":\"https:\\\/\\\/www.apen.es\\\/#organization\",\"name\":\"Apen: Soluciones inform\u00e1ticas\",\"url\":\"https:\\\/\\\/www.apen.es\\\/\",\"logo\":{\"@type\":\"ImageObject\",\"inLanguage\":\"en-US\",\"@id\":\"https:\\\/\\\/www.apen.es\\\/#\\\/schema\\\/logo\\\/image\\\/\",\"url\":\"https:\\\/\\\/www.apen.es\\\/wp-content\\\/uploads\\\/2022\\\/08\\\/logo-apenok-231x82-1.png\",\"contentUrl\":\"https:\\\/\\\/www.apen.es\\\/wp-content\\\/uploads\\\/2022\\\/08\\\/logo-apenok-231x82-1.png\",\"width\":231,\"height\":82,\"caption\":\"Apen: Soluciones inform\u00e1ticas\"},\"image\":{\"@id\":\"https:\\\/\\\/www.apen.es\\\/#\\\/schema\\\/logo\\\/image\\\/\"},\"sameAs\":[\"https:\\\/\\\/www.facebook.com\\\/apensolucions\",\"https:\\\/\\\/www.youtube.com\\\/user\\\/ApenCentreInformatic\",\"https:\\\/\\\/www.linkedin.com\\\/company\\\/1021771?trk=tyah&trkInfo=clickedVerticalcompanyclickedEntityId1021771idx2-1-2tarId1464195271196tasapenin\"]}]}<\/script>\n<!-- \/ Yoast SEO plugin. -->","yoast_head_json":{"title":"Konica printer offer - Apen Inform\u00e1tica","description":"At Apen we offer a deal on Konica printers: save space and electricity, enjoy greater performance, and be respectful and harmonious with the environment.","robots":{"index":"index","follow":"follow","max-snippet":"max-snippet:-1","max-image-preview":"max-image-preview:large","max-video-preview":"max-video-preview:-1"},"canonical":"https:\/\/www.apen.es\/en\/printing-solutions\/konica-printer-offer\/","og_locale":"en_US","og_type":"article","og_title":"Oferta impresora Konica - Apen Inform\u00e1tica","og_description":"En Apen ofrecemos una oferta para impresoras Konica, ahorre espacio y electricidad, mayor rendimiento, respeto y harmon\u00eda con el medio ambiente.","og_url":"https:\/\/www.apen.es\/en\/printing-solutions\/konica-printer-offer\/","og_site_name":"Apen Inform\u00e1tica","article_publisher":"https:\/\/www.facebook.com\/apensolucions","article_modified_time":"2025-05-23T08:20:22+00:00","og_image":[{"width":231,"height":82,"url":"https:\/\/www.apen.es\/wp-content\/uploads\/2016\/05\/logo-apen-231x82-trasparent.png","type":"image\/png"}],"twitter_card":"summary_large_image","twitter_misc":{"Est. reading time":"8 minutes"},"schema":{"@context":"https:\/\/schema.org","@graph":[{"@type":"WebPage","@id":"https:\/\/www.apen.es\/soluciones-de-impresion\/oferta-impresora-konica\/","url":"https:\/\/www.apen.es\/soluciones-de-impresion\/oferta-impresora-konica\/","name":"Konica printer offer - Apen Inform\u00e1tica","isPartOf":{"@id":"https:\/\/www.apen.es\/#website"},"datePublished":"2018-07-18T08:31:26+00:00","dateModified":"2025-05-23T08:20:22+00:00","description":"At Apen we offer a deal on Konica printers: save space and electricity, enjoy greater performance, and be respectful and harmonious with the environment.","breadcrumb":{"@id":"https:\/\/www.apen.es\/soluciones-de-impresion\/oferta-impresora-konica\/#breadcrumb"},"inLanguage":"en-US","potentialAction":[{"@type":"ReadAction","target":["https:\/\/www.apen.es\/soluciones-de-impresion\/oferta-impresora-konica\/"]}]},{"@type":"BreadcrumbList","@id":"https:\/\/www.apen.es\/soluciones-de-impresion\/oferta-impresora-konica\/#breadcrumb","itemListElement":[{"@type":"ListItem","position":1,"name":"Portada","item":"https:\/\/www.apen.es\/"},{"@type":"ListItem","position":2,"name":"Soluciones de impresi\u00f3n","item":"https:\/\/www.apen.es\/soluciones-de-impresion\/"},{"@type":"ListItem","position":3,"name":"Oferta impresora Konica"}]},{"@type":"WebSite","@id":"https:\/\/www.apen.es\/#website","url":"https:\/\/www.apen.es\/","name":"Apen Inform\u00e1tica","description":"IT Maintenance, Management Software, Printing Solutions","publisher":{"@id":"https:\/\/www.apen.es\/#organization"},"potentialAction":[{"@type":"SearchAction","target":{"@type":"EntryPoint","urlTemplate":"https:\/\/www.apen.es\/?s={search_term_string}"},"query-input":{"@type":"PropertyValueSpecification","valueRequired":true,"valueName":"search_term_string"}}],"inLanguage":"en-US"},{"@type":"Organization","@id":"https:\/\/www.apen.es\/#organization","name":"Apen: IT Solutions","url":"https:\/\/www.apen.es\/","logo":{"@type":"ImageObject","inLanguage":"en-US","@id":"https:\/\/www.apen.es\/#\/schema\/logo\/image\/","url":"https:\/\/www.apen.es\/wp-content\/uploads\/2022\/08\/logo-apenok-231x82-1.png","contentUrl":"https:\/\/www.apen.es\/wp-content\/uploads\/2022\/08\/logo-apenok-231x82-1.png","width":231,"height":82,"caption":"Apen: Soluciones inform\u00e1ticas"},"image":{"@id":"https:\/\/www.apen.es\/#\/schema\/logo\/image\/"},"sameAs":["https:\/\/www.facebook.com\/apensolucions","https:\/\/www.youtube.com\/user\/ApenCentreInformatic","https:\/\/www.linkedin.com\/company\/1021771?trk=tyah&trkInfo=clickedVerticalcompanyclickedEntityId1021771idx2-1-2tarId1464195271196tasapenin"]}]}},"taxonomy_info":[],"featured_image_src_large":false,"author_info":{"display_name":"marqueting","author_link":"https:\/\/www.apen.es\/en\/blog\/author\/marqueting\/"},"comment_info":0,"_links":{"self":[{"href":"https:\/\/www.apen.es\/en\/wp-json\/wp\/v2\/pages\/10836","targetHints":{"allow":["GET"]}}],"collection":[{"href":"https:\/\/www.apen.es\/en\/wp-json\/wp\/v2\/pages"}],"about":[{"href":"https:\/\/www.apen.es\/en\/wp-json\/wp\/v2\/types\/page"}],"author":[{"embeddable":true,"href":"https:\/\/www.apen.es\/en\/wp-json\/wp\/v2\/users\/4"}],"replies":[{"embeddable":true,"href":"https:\/\/www.apen.es\/en\/wp-json\/wp\/v2\/comments?post=10836"}],"version-history":[{"count":3,"href":"https:\/\/www.apen.es\/en\/wp-json\/wp\/v2\/pages\/10836\/revisions"}],"predecessor-version":[{"id":54871,"href":"https:\/\/www.apen.es\/en\/wp-json\/wp\/v2\/pages\/10836\/revisions\/54871"}],"up":[{"embeddable":true,"href":"https:\/\/www.apen.es\/en\/wp-json\/wp\/v2\/pages\/1158"}],"wp:attachment":[{"href":"https:\/\/www.apen.es\/en\/wp-json\/wp\/v2\/media?parent=10836"}],"curies":[{"name":"wp","href":"https:\/\/api.w.org\/{rel}","templated":true}]}}