{"id":10832,"date":"2018-07-18T08:28:53","date_gmt":"2018-07-18T08:28:53","guid":{"rendered":"https:\/\/www.apen.es\/?page_id=10832"},"modified":"2025-05-23T08:03:13","modified_gmt":"2025-05-23T08:03:13","slug":"official-oki-distributor","status":"publish","type":"page","link":"https:\/\/www.apen.es\/en\/soluciones-de-impresion\/distribuidor-oficial-oki\/","title":{"rendered":"Official OKI distributor"},"content":{"rendered":"<p>At Apen we are&nbsp;<strong>official distributors<\/strong>&nbsp;of&nbsp;<strong>OKI<\/strong>, a world-leading innovation company focused on providing the best solutions to its customers for over 130 years.&nbsp;<strong>OKI<\/strong>&nbsp;With over 18,000 employees across 120 countries, this international organization provides them with extensive experience and a truly broad business perspective, which we value as&nbsp;<strong>official distributors<\/strong>&nbsp;of this brand.<\/p>\n\n\n\n<p>The company&nbsp;<strong>OKI<\/strong>, of which we are&nbsp;<strong>official distributors<\/strong>, Its purpose is to offer top-quality products and solutions to satisfy its customers&#039; needs through an innovative approach, with special attention to service, design, manufacturing, and implementation. Like our company,&nbsp;<strong>OKI<\/strong>&nbsp;It has very strong values in which quality and customer satisfaction stand out.<\/p>\n\n\n\n<p>For more than 20 years, the company&nbsp;<strong>OKI<\/strong>, [Company Name] has led the printing technology market. As a result, many businesses and organizations turn to this company for the best products and services in printing and innovative technology.&nbsp;<strong>OKI<\/strong>&nbsp;It has a large portfolio of products, each with different functions to adapt to the needs and preferences of each client and sector.<\/p>\n\n\n\n<p>At Apen we are&nbsp;<strong>official distributors<\/strong>&nbsp;of the company&nbsp;<strong>OKI<\/strong>&nbsp;Because, in addition to offering top-quality products to its customers, it is a pioneer in innovative printing technologies such as digital LED printing and high-definition color. Its extensive product portfolio offers customers the opportunity to communicate with their audience in a vibrant way through high-quality, colorful printing that focuses on both images and text.<\/p>\n\n\n\n<p>At Apen, we are committed to quality and professionalism when offering all types of services and products to our clients; in this way, we have aimed to be&nbsp;<strong>distributors<\/strong>&nbsp;<strong>officers<\/strong>&nbsp;of&nbsp;<strong>OKI<\/strong>, Among many other brands in the printing sector. Our services are perfectly adapted to today&#039;s society, where technology must be innovative and always attentive to the latest industry trends. We have over 25 years of experience and countless satisfied customers attest to our quality.<\/p>\n\n\n\n<p>At Apen we primarily offer two services, always with the help of&nbsp;<strong>OKI<\/strong>, the company we are&nbsp;<strong>official distributors<\/strong>. On the one hand, print-per-copy allows for an optimized proposal with significant benefits and the actual price per copy, resulting in substantial savings on printing costs. On the other hand, the smart office is an intelligent device that performs all the basic functions of a photocopier as well as those of an integrated document management system.<\/p>","protected":false},"excerpt":{"rendered":"<p>En Apen somos&nbsp;distribuidores oficiales&nbsp;de&nbsp;OKI, una empresa l\u00edder mundial en innovaci\u00f3n orientada a dar las mejores soluciones a sus clientes durante m\u00e1s de 130 a\u00f1os.&nbsp;OKI&nbsp;cuenta con m\u00e1s de 18.000 empleados repartidos por 120 pa\u00edses, gracias a esta organizaci\u00f3n internacional, disponen de una gran experiencia y un enfoque empresarial realmente amplio, cosa que valoramos como&nbsp;distribuidores oficiales&nbsp;de esta&#8230;<\/p>","protected":false},"author":4,"featured_media":0,"parent":1158,"menu_order":0,"comment_status":"closed","ping_status":"closed","template":"page-renting-impresoras.php","meta":{"_acf_changed":false,"_kad_blocks_custom_css":"","_kad_blocks_head_custom_js":"","_kad_blocks_body_custom_js":"","_kad_blocks_footer_custom_js":"","_kad_post_transparent":"","_kad_post_title":"","_kad_post_layout":"","_kad_post_sidebar_id":"","_kad_post_content_style":"","_kad_post_vertical_padding":"","_kad_post_feature":"","_kad_post_feature_position":"","_kad_post_header":false,"_kad_post_footer":false,"_kad_post_classname":"","footnotes":""},"class_list":["post-10832","page","type-page","status-publish","hentry"],"acf":[],"yoast_head":"<!-- This site is optimized with the Yoast SEO plugin v27.4 - https:\/\/yoast.com\/product\/yoast-seo-wordpress\/ -->\n<title>Distribuidor oficial OKI - Apen Inform\u00e1tica<\/title>\n<meta name=\"description\" content=\"Apen es un distribuidor oficial OKI, ahorra espacio, electricidad y consumibles. Un mayor rendimiento y respeto y armon\u00eda con el medio ambiente.\" \/>\n<meta name=\"robots\" content=\"index, follow, max-snippet:-1, max-image-preview:large, max-video-preview:-1\" \/>\n<link rel=\"canonical\" href=\"https:\/\/www.apen.es\/en\/printing-solutions\/official-oki-distributor\/\" \/>\n<meta property=\"og:locale\" content=\"en_US\" \/>\n<meta property=\"og:type\" content=\"article\" \/>\n<meta property=\"og:title\" content=\"Distribuidor oficial OKI - Apen Inform\u00e1tica\" \/>\n<meta property=\"og:description\" content=\"Apen es un distribuidor oficial OKI, ahorra espacio, electricidad y consumibles. Un mayor rendimiento y respeto y armon\u00eda con el medio ambiente.\" \/>\n<meta property=\"og:url\" content=\"https:\/\/www.apen.es\/en\/printing-solutions\/official-oki-distributor\/\" \/>\n<meta property=\"og:site_name\" content=\"Apen Inform\u00e1tica\" \/>\n<meta property=\"article:publisher\" content=\"https:\/\/www.facebook.com\/apensolucions\" \/>\n<meta property=\"article:modified_time\" content=\"2025-05-23T08:03:13+00:00\" \/>\n<meta property=\"og:image\" content=\"https:\/\/www.apen.es\/wp-content\/uploads\/2016\/05\/logo-apen-231x82-trasparent.png\" \/>\n\t<meta property=\"og:image:width\" content=\"231\" \/>\n\t<meta property=\"og:image:height\" content=\"82\" \/>\n\t<meta property=\"og:image:type\" content=\"image\/png\" \/>\n<meta name=\"twitter:card\" content=\"summary_large_image\" \/>\n<meta name=\"twitter:label1\" content=\"Est. reading time\" \/>\n\t<meta name=\"twitter:data1\" content=\"8 minutes\" \/>\n<script type=\"application\/ld+json\" class=\"yoast-schema-graph\">{\"@context\":\"https:\\\/\\\/schema.org\",\"@graph\":[{\"@type\":\"WebPage\",\"@id\":\"https:\\\/\\\/www.apen.es\\\/soluciones-de-impresion\\\/distribuidor-oficial-oki\\\/\",\"url\":\"https:\\\/\\\/www.apen.es\\\/soluciones-de-impresion\\\/distribuidor-oficial-oki\\\/\",\"name\":\"Distribuidor oficial OKI - Apen Inform\u00e1tica\",\"isPartOf\":{\"@id\":\"https:\\\/\\\/www.apen.es\\\/#website\"},\"datePublished\":\"2018-07-18T08:28:53+00:00\",\"dateModified\":\"2025-05-23T08:03:13+00:00\",\"description\":\"Apen es un distribuidor oficial OKI, ahorra espacio, electricidad y consumibles. Un mayor rendimiento y respeto y armon\u00eda con el medio ambiente.\",\"breadcrumb\":{\"@id\":\"https:\\\/\\\/www.apen.es\\\/soluciones-de-impresion\\\/distribuidor-oficial-oki\\\/#breadcrumb\"},\"inLanguage\":\"en-US\",\"potentialAction\":[{\"@type\":\"ReadAction\",\"target\":[\"https:\\\/\\\/www.apen.es\\\/soluciones-de-impresion\\\/distribuidor-oficial-oki\\\/\"]}]},{\"@type\":\"BreadcrumbList\",\"@id\":\"https:\\\/\\\/www.apen.es\\\/soluciones-de-impresion\\\/distribuidor-oficial-oki\\\/#breadcrumb\",\"itemListElement\":[{\"@type\":\"ListItem\",\"position\":1,\"name\":\"Portada\",\"item\":\"https:\\\/\\\/www.apen.es\\\/\"},{\"@type\":\"ListItem\",\"position\":2,\"name\":\"Soluciones de impresi\u00f3n\",\"item\":\"https:\\\/\\\/www.apen.es\\\/soluciones-de-impresion\\\/\"},{\"@type\":\"ListItem\",\"position\":3,\"name\":\"Distribuidor oficial OKI\"}]},{\"@type\":\"WebSite\",\"@id\":\"https:\\\/\\\/www.apen.es\\\/#website\",\"url\":\"https:\\\/\\\/www.apen.es\\\/\",\"name\":\"Apen Inform\u00e1tica\",\"description\":\"Mantenimiento Inform\u00e1tico , Software de Gesti\u00f3n, Soluciones de impresi\u00f3n\",\"publisher\":{\"@id\":\"https:\\\/\\\/www.apen.es\\\/#organization\"},\"potentialAction\":[{\"@type\":\"SearchAction\",\"target\":{\"@type\":\"EntryPoint\",\"urlTemplate\":\"https:\\\/\\\/www.apen.es\\\/?s={search_term_string}\"},\"query-input\":{\"@type\":\"PropertyValueSpecification\",\"valueRequired\":true,\"valueName\":\"search_term_string\"}}],\"inLanguage\":\"en-US\"},{\"@type\":\"Organization\",\"@id\":\"https:\\\/\\\/www.apen.es\\\/#organization\",\"name\":\"Apen: Soluciones inform\u00e1ticas\",\"url\":\"https:\\\/\\\/www.apen.es\\\/\",\"logo\":{\"@type\":\"ImageObject\",\"inLanguage\":\"en-US\",\"@id\":\"https:\\\/\\\/www.apen.es\\\/#\\\/schema\\\/logo\\\/image\\\/\",\"url\":\"https:\\\/\\\/www.apen.es\\\/wp-content\\\/uploads\\\/2022\\\/08\\\/logo-apenok-231x82-1.png\",\"contentUrl\":\"https:\\\/\\\/www.apen.es\\\/wp-content\\\/uploads\\\/2022\\\/08\\\/logo-apenok-231x82-1.png\",\"width\":231,\"height\":82,\"caption\":\"Apen: Soluciones inform\u00e1ticas\"},\"image\":{\"@id\":\"https:\\\/\\\/www.apen.es\\\/#\\\/schema\\\/logo\\\/image\\\/\"},\"sameAs\":[\"https:\\\/\\\/www.facebook.com\\\/apensolucions\",\"https:\\\/\\\/www.youtube.com\\\/user\\\/ApenCentreInformatic\",\"https:\\\/\\\/www.linkedin.com\\\/company\\\/1021771?trk=tyah&trkInfo=clickedVerticalcompanyclickedEntityId1021771idx2-1-2tarId1464195271196tasapenin\"]}]}<\/script>\n<!-- \/ Yoast SEO plugin. -->","yoast_head_json":{"title":"Official OKI distributor - Apen Inform\u00e1tica","description":"Apen is an official OKI distributor, saving space, electricity, and consumables. Greater performance and respect for the environment.","robots":{"index":"index","follow":"follow","max-snippet":"max-snippet:-1","max-image-preview":"max-image-preview:large","max-video-preview":"max-video-preview:-1"},"canonical":"https:\/\/www.apen.es\/en\/printing-solutions\/official-oki-distributor\/","og_locale":"en_US","og_type":"article","og_title":"Distribuidor oficial OKI - Apen Inform\u00e1tica","og_description":"Apen es un distribuidor oficial OKI, ahorra espacio, electricidad y consumibles. Un mayor rendimiento y respeto y armon\u00eda con el medio ambiente.","og_url":"https:\/\/www.apen.es\/en\/printing-solutions\/official-oki-distributor\/","og_site_name":"Apen Inform\u00e1tica","article_publisher":"https:\/\/www.facebook.com\/apensolucions","article_modified_time":"2025-05-23T08:03:13+00:00","og_image":[{"width":231,"height":82,"url":"https:\/\/www.apen.es\/wp-content\/uploads\/2016\/05\/logo-apen-231x82-trasparent.png","type":"image\/png"}],"twitter_card":"summary_large_image","twitter_misc":{"Est. reading time":"8 minutes"},"schema":{"@context":"https:\/\/schema.org","@graph":[{"@type":"WebPage","@id":"https:\/\/www.apen.es\/soluciones-de-impresion\/distribuidor-oficial-oki\/","url":"https:\/\/www.apen.es\/soluciones-de-impresion\/distribuidor-oficial-oki\/","name":"Official OKI distributor - Apen Inform\u00e1tica","isPartOf":{"@id":"https:\/\/www.apen.es\/#website"},"datePublished":"2018-07-18T08:28:53+00:00","dateModified":"2025-05-23T08:03:13+00:00","description":"Apen is an official OKI distributor, saving space, electricity, and consumables. Greater performance and respect for the environment.","breadcrumb":{"@id":"https:\/\/www.apen.es\/soluciones-de-impresion\/distribuidor-oficial-oki\/#breadcrumb"},"inLanguage":"en-US","potentialAction":[{"@type":"ReadAction","target":["https:\/\/www.apen.es\/soluciones-de-impresion\/distribuidor-oficial-oki\/"]}]},{"@type":"BreadcrumbList","@id":"https:\/\/www.apen.es\/soluciones-de-impresion\/distribuidor-oficial-oki\/#breadcrumb","itemListElement":[{"@type":"ListItem","position":1,"name":"Portada","item":"https:\/\/www.apen.es\/"},{"@type":"ListItem","position":2,"name":"Soluciones de impresi\u00f3n","item":"https:\/\/www.apen.es\/soluciones-de-impresion\/"},{"@type":"ListItem","position":3,"name":"Distribuidor oficial OKI"}]},{"@type":"WebSite","@id":"https:\/\/www.apen.es\/#website","url":"https:\/\/www.apen.es\/","name":"Apen Inform\u00e1tica","description":"IT Maintenance, Management Software, Printing Solutions","publisher":{"@id":"https:\/\/www.apen.es\/#organization"},"potentialAction":[{"@type":"SearchAction","target":{"@type":"EntryPoint","urlTemplate":"https:\/\/www.apen.es\/?s={search_term_string}"},"query-input":{"@type":"PropertyValueSpecification","valueRequired":true,"valueName":"search_term_string"}}],"inLanguage":"en-US"},{"@type":"Organization","@id":"https:\/\/www.apen.es\/#organization","name":"Apen: IT Solutions","url":"https:\/\/www.apen.es\/","logo":{"@type":"ImageObject","inLanguage":"en-US","@id":"https:\/\/www.apen.es\/#\/schema\/logo\/image\/","url":"https:\/\/www.apen.es\/wp-content\/uploads\/2022\/08\/logo-apenok-231x82-1.png","contentUrl":"https:\/\/www.apen.es\/wp-content\/uploads\/2022\/08\/logo-apenok-231x82-1.png","width":231,"height":82,"caption":"Apen: Soluciones inform\u00e1ticas"},"image":{"@id":"https:\/\/www.apen.es\/#\/schema\/logo\/image\/"},"sameAs":["https:\/\/www.facebook.com\/apensolucions","https:\/\/www.youtube.com\/user\/ApenCentreInformatic","https:\/\/www.linkedin.com\/company\/1021771?trk=tyah&trkInfo=clickedVerticalcompanyclickedEntityId1021771idx2-1-2tarId1464195271196tasapenin"]}]}},"taxonomy_info":[],"featured_image_src_large":false,"author_info":{"display_name":"marqueting","author_link":"https:\/\/www.apen.es\/en\/blog\/author\/marqueting\/"},"comment_info":0,"_links":{"self":[{"href":"https:\/\/www.apen.es\/en\/wp-json\/wp\/v2\/pages\/10832","targetHints":{"allow":["GET"]}}],"collection":[{"href":"https:\/\/www.apen.es\/en\/wp-json\/wp\/v2\/pages"}],"about":[{"href":"https:\/\/www.apen.es\/en\/wp-json\/wp\/v2\/types\/page"}],"author":[{"embeddable":true,"href":"https:\/\/www.apen.es\/en\/wp-json\/wp\/v2\/users\/4"}],"replies":[{"embeddable":true,"href":"https:\/\/www.apen.es\/en\/wp-json\/wp\/v2\/comments?post=10832"}],"version-history":[{"count":4,"href":"https:\/\/www.apen.es\/en\/wp-json\/wp\/v2\/pages\/10832\/revisions"}],"predecessor-version":[{"id":54783,"href":"https:\/\/www.apen.es\/en\/wp-json\/wp\/v2\/pages\/10832\/revisions\/54783"}],"up":[{"embeddable":true,"href":"https:\/\/www.apen.es\/en\/wp-json\/wp\/v2\/pages\/1158"}],"wp:attachment":[{"href":"https:\/\/www.apen.es\/en\/wp-json\/wp\/v2\/media?parent=10832"}],"curies":[{"name":"wp","href":"https:\/\/api.w.org\/{rel}","templated":true}]}}