{"id":10829,"date":"2018-07-18T08:27:30","date_gmt":"2018-07-18T08:27:30","guid":{"rendered":"https:\/\/www.apen.es\/?page_id=10829"},"modified":"2025-05-23T08:02:49","modified_gmt":"2025-05-23T08:02:49","slug":"official-kyocera-distributor","status":"publish","type":"page","link":"https:\/\/www.apen.es\/en\/soluciones-de-impresion\/distribuidor-oficial-kyocera\/","title":{"rendered":"Official Kyocera distributor"},"content":{"rendered":"<p>At Apen we offer printing services for all types of businesses and individuals; to do so, we are&nbsp;<strong>official distributors<\/strong>&nbsp;of the company&nbsp;<strong>Kyocera<\/strong>. This company shares our belief in the importance of quality when manufacturing products; therefore, we only sell top-quality products with the best guarantees.<\/p>\n\n\n\n<p>The company&nbsp;<strong>Kyocera<\/strong>, of which we are&nbsp;<strong>official distributors<\/strong>, [Company Name] has established itself as a leader in the digital technology sector, offering top-quality products such as digital copiers, laser printers, cameras, and many others. Thanks to this company&#039;s extensive experience, we can confidently say that we only offer premium products.<\/p>\n\n\n\n<p>At Apen we have over 25 years of experience in the sector and countless satisfied companies, which we believe has been possible because we are&nbsp;<strong>official distributors<\/strong>&nbsp;from such professional and reputable companies as&nbsp;<strong>Kyocera<\/strong>. Furthermore, we share the same values and believe in the commitment to offer truly effective solutions to the problems of all our clients.<\/p>\n\n\n\n<p>In recent years, the market has undergone a significant transformation in terms of the IT and printing needs of businesses and individuals. At Apen, we have adapted to this new generation by utilizing cutting-edge technology in all the services we offer our clients. These changes have been beneficial for our customers, resulting in savings of up to 301% on their company&#039;s printing costs.<\/p>\n\n\n\n<p>Some of our printing services that we can offer thanks to being&nbsp;<strong>distributors<\/strong>&nbsp;<strong>officers<\/strong>&nbsp;of&nbsp;<strong>Kyocera<\/strong>, These are: price per copy and smart office. The price per copy service consists of a comprehensive printing services contract in exchange for a pre-agreed fee for each print job. At Apen, we handle installation, user training, fuel supply, printer and copier maintenance, and much more. This way, all our clients receive the product exactly as they expect, and quickly.<\/p>\n\n\n\n<p>On the other hand, the smart office service consists of an intelligent multifunction device that performs all the basic functions of a photocopier, and also offers the advantages of an integrated document management system optimized for increased productivity. With a single system, the entire client&#039;s office can print, copy, scan, archive, search, manage, and even fax.<\/p>\n\n\n\n<p>At Apen we offer very complete and intelligent services because we are&nbsp;<strong>official distributors<\/strong>&nbsp;of the company&nbsp;<strong>Kyocera<\/strong>. In this way, we are always equipped with the latest technology and our customers can enjoy the best products and services at an affordable price.<\/p>","protected":false},"excerpt":{"rendered":"<p>En Apen ofrecemos servicios de impresi\u00f3n para todo tipo de empresas y particulares, para hacerlo, somos&nbsp;distribuidores oficiales&nbsp;de la compa\u00f1\u00eda&nbsp;Kyocera. Esta empresa comparte con nosotros la importancia que tiene la calidad a la hora de fabricar productos, de esta forma, \u00fanicamente comercializamos productos de primera calidad y con las mejores garant\u00edas. La empresa&nbsp;Kyocera, de la que&#8230;<\/p>","protected":false},"author":4,"featured_media":0,"parent":1158,"menu_order":0,"comment_status":"closed","ping_status":"closed","template":"page-renting-impresoras.php","meta":{"_acf_changed":false,"_kad_blocks_custom_css":"","_kad_blocks_head_custom_js":"","_kad_blocks_body_custom_js":"","_kad_blocks_footer_custom_js":"","_kad_post_transparent":"","_kad_post_title":"","_kad_post_layout":"","_kad_post_sidebar_id":"","_kad_post_content_style":"","_kad_post_vertical_padding":"","_kad_post_feature":"","_kad_post_feature_position":"","_kad_post_header":false,"_kad_post_footer":false,"_kad_post_classname":"","footnotes":""},"class_list":["post-10829","page","type-page","status-publish","hentry"],"acf":[],"yoast_head":"<!-- This site is optimized with the Yoast SEO plugin v27.4 - https:\/\/yoast.com\/product\/yoast-seo-wordpress\/ -->\n<title>Distribuidor oficial Kyocera - Apen Inform\u00e1tica<\/title>\n<meta name=\"description\" content=\"Apen es un distribuidor oficial Kyocera, ahorra espacio, electricidad y consumibles. Un mayor rendimiento y respeto y armon\u00eda con el medio ambiente.\" \/>\n<meta name=\"robots\" content=\"index, follow, max-snippet:-1, max-image-preview:large, max-video-preview:-1\" \/>\n<link rel=\"canonical\" href=\"https:\/\/www.apen.es\/en\/printing-solutions\/official-kyocera-distributor\/\" \/>\n<meta property=\"og:locale\" content=\"en_US\" \/>\n<meta property=\"og:type\" content=\"article\" \/>\n<meta property=\"og:title\" content=\"Distribuidor oficial Kyocera - Apen Inform\u00e1tica\" \/>\n<meta property=\"og:description\" content=\"Apen es un distribuidor oficial Kyocera, ahorra espacio, electricidad y consumibles. Un mayor rendimiento y respeto y armon\u00eda con el medio ambiente.\" \/>\n<meta property=\"og:url\" content=\"https:\/\/www.apen.es\/en\/printing-solutions\/official-kyocera-distributor\/\" \/>\n<meta property=\"og:site_name\" content=\"Apen Inform\u00e1tica\" \/>\n<meta property=\"article:publisher\" content=\"https:\/\/www.facebook.com\/apensolucions\" \/>\n<meta property=\"article:modified_time\" content=\"2025-05-23T08:02:49+00:00\" \/>\n<meta property=\"og:image\" content=\"https:\/\/www.apen.es\/wp-content\/uploads\/2016\/05\/logo-apen-231x82-trasparent.png\" \/>\n\t<meta property=\"og:image:width\" content=\"231\" \/>\n\t<meta property=\"og:image:height\" content=\"82\" \/>\n\t<meta property=\"og:image:type\" content=\"image\/png\" \/>\n<meta name=\"twitter:card\" content=\"summary_large_image\" \/>\n<meta name=\"twitter:label1\" content=\"Est. reading time\" \/>\n\t<meta name=\"twitter:data1\" content=\"8 minutes\" \/>\n<script type=\"application\/ld+json\" class=\"yoast-schema-graph\">{\"@context\":\"https:\\\/\\\/schema.org\",\"@graph\":[{\"@type\":\"WebPage\",\"@id\":\"https:\\\/\\\/www.apen.es\\\/soluciones-de-impresion\\\/distribuidor-oficial-kyocera\\\/\",\"url\":\"https:\\\/\\\/www.apen.es\\\/soluciones-de-impresion\\\/distribuidor-oficial-kyocera\\\/\",\"name\":\"Distribuidor oficial Kyocera - Apen Inform\u00e1tica\",\"isPartOf\":{\"@id\":\"https:\\\/\\\/www.apen.es\\\/#website\"},\"datePublished\":\"2018-07-18T08:27:30+00:00\",\"dateModified\":\"2025-05-23T08:02:49+00:00\",\"description\":\"Apen es un distribuidor oficial Kyocera, ahorra espacio, electricidad y consumibles. Un mayor rendimiento y respeto y armon\u00eda con el medio ambiente.\",\"breadcrumb\":{\"@id\":\"https:\\\/\\\/www.apen.es\\\/soluciones-de-impresion\\\/distribuidor-oficial-kyocera\\\/#breadcrumb\"},\"inLanguage\":\"en-US\",\"potentialAction\":[{\"@type\":\"ReadAction\",\"target\":[\"https:\\\/\\\/www.apen.es\\\/soluciones-de-impresion\\\/distribuidor-oficial-kyocera\\\/\"]}]},{\"@type\":\"BreadcrumbList\",\"@id\":\"https:\\\/\\\/www.apen.es\\\/soluciones-de-impresion\\\/distribuidor-oficial-kyocera\\\/#breadcrumb\",\"itemListElement\":[{\"@type\":\"ListItem\",\"position\":1,\"name\":\"Portada\",\"item\":\"https:\\\/\\\/www.apen.es\\\/\"},{\"@type\":\"ListItem\",\"position\":2,\"name\":\"Soluciones de impresi\u00f3n\",\"item\":\"https:\\\/\\\/www.apen.es\\\/soluciones-de-impresion\\\/\"},{\"@type\":\"ListItem\",\"position\":3,\"name\":\"Distribuidor oficial Kyocera\"}]},{\"@type\":\"WebSite\",\"@id\":\"https:\\\/\\\/www.apen.es\\\/#website\",\"url\":\"https:\\\/\\\/www.apen.es\\\/\",\"name\":\"Apen Inform\u00e1tica\",\"description\":\"Mantenimiento Inform\u00e1tico , Software de Gesti\u00f3n, Soluciones de impresi\u00f3n\",\"publisher\":{\"@id\":\"https:\\\/\\\/www.apen.es\\\/#organization\"},\"potentialAction\":[{\"@type\":\"SearchAction\",\"target\":{\"@type\":\"EntryPoint\",\"urlTemplate\":\"https:\\\/\\\/www.apen.es\\\/?s={search_term_string}\"},\"query-input\":{\"@type\":\"PropertyValueSpecification\",\"valueRequired\":true,\"valueName\":\"search_term_string\"}}],\"inLanguage\":\"en-US\"},{\"@type\":\"Organization\",\"@id\":\"https:\\\/\\\/www.apen.es\\\/#organization\",\"name\":\"Apen: Soluciones inform\u00e1ticas\",\"url\":\"https:\\\/\\\/www.apen.es\\\/\",\"logo\":{\"@type\":\"ImageObject\",\"inLanguage\":\"en-US\",\"@id\":\"https:\\\/\\\/www.apen.es\\\/#\\\/schema\\\/logo\\\/image\\\/\",\"url\":\"https:\\\/\\\/www.apen.es\\\/wp-content\\\/uploads\\\/2022\\\/08\\\/logo-apenok-231x82-1.png\",\"contentUrl\":\"https:\\\/\\\/www.apen.es\\\/wp-content\\\/uploads\\\/2022\\\/08\\\/logo-apenok-231x82-1.png\",\"width\":231,\"height\":82,\"caption\":\"Apen: Soluciones inform\u00e1ticas\"},\"image\":{\"@id\":\"https:\\\/\\\/www.apen.es\\\/#\\\/schema\\\/logo\\\/image\\\/\"},\"sameAs\":[\"https:\\\/\\\/www.facebook.com\\\/apensolucions\",\"https:\\\/\\\/www.youtube.com\\\/user\\\/ApenCentreInformatic\",\"https:\\\/\\\/www.linkedin.com\\\/company\\\/1021771?trk=tyah&trkInfo=clickedVerticalcompanyclickedEntityId1021771idx2-1-2tarId1464195271196tasapenin\"]}]}<\/script>\n<!-- \/ Yoast SEO plugin. -->","yoast_head_json":{"title":"Official Kyocera distributor - Apen Inform\u00e1tica","description":"Apen is an official Kyocera distributor, saving space, electricity, and consumables. Greater performance and respect for the environment.","robots":{"index":"index","follow":"follow","max-snippet":"max-snippet:-1","max-image-preview":"max-image-preview:large","max-video-preview":"max-video-preview:-1"},"canonical":"https:\/\/www.apen.es\/en\/printing-solutions\/official-kyocera-distributor\/","og_locale":"en_US","og_type":"article","og_title":"Distribuidor oficial Kyocera - Apen Inform\u00e1tica","og_description":"Apen es un distribuidor oficial Kyocera, ahorra espacio, electricidad y consumibles. Un mayor rendimiento y respeto y armon\u00eda con el medio ambiente.","og_url":"https:\/\/www.apen.es\/en\/printing-solutions\/official-kyocera-distributor\/","og_site_name":"Apen Inform\u00e1tica","article_publisher":"https:\/\/www.facebook.com\/apensolucions","article_modified_time":"2025-05-23T08:02:49+00:00","og_image":[{"width":231,"height":82,"url":"https:\/\/www.apen.es\/wp-content\/uploads\/2016\/05\/logo-apen-231x82-trasparent.png","type":"image\/png"}],"twitter_card":"summary_large_image","twitter_misc":{"Est. reading time":"8 minutes"},"schema":{"@context":"https:\/\/schema.org","@graph":[{"@type":"WebPage","@id":"https:\/\/www.apen.es\/soluciones-de-impresion\/distribuidor-oficial-kyocera\/","url":"https:\/\/www.apen.es\/soluciones-de-impresion\/distribuidor-oficial-kyocera\/","name":"Official Kyocera distributor - Apen Inform\u00e1tica","isPartOf":{"@id":"https:\/\/www.apen.es\/#website"},"datePublished":"2018-07-18T08:27:30+00:00","dateModified":"2025-05-23T08:02:49+00:00","description":"Apen is an official Kyocera distributor, saving space, electricity, and consumables. Greater performance and respect for the environment.","breadcrumb":{"@id":"https:\/\/www.apen.es\/soluciones-de-impresion\/distribuidor-oficial-kyocera\/#breadcrumb"},"inLanguage":"en-US","potentialAction":[{"@type":"ReadAction","target":["https:\/\/www.apen.es\/soluciones-de-impresion\/distribuidor-oficial-kyocera\/"]}]},{"@type":"BreadcrumbList","@id":"https:\/\/www.apen.es\/soluciones-de-impresion\/distribuidor-oficial-kyocera\/#breadcrumb","itemListElement":[{"@type":"ListItem","position":1,"name":"Portada","item":"https:\/\/www.apen.es\/"},{"@type":"ListItem","position":2,"name":"Soluciones de impresi\u00f3n","item":"https:\/\/www.apen.es\/soluciones-de-impresion\/"},{"@type":"ListItem","position":3,"name":"Distribuidor oficial Kyocera"}]},{"@type":"WebSite","@id":"https:\/\/www.apen.es\/#website","url":"https:\/\/www.apen.es\/","name":"Apen Inform\u00e1tica","description":"IT Maintenance, Management Software, Printing Solutions","publisher":{"@id":"https:\/\/www.apen.es\/#organization"},"potentialAction":[{"@type":"SearchAction","target":{"@type":"EntryPoint","urlTemplate":"https:\/\/www.apen.es\/?s={search_term_string}"},"query-input":{"@type":"PropertyValueSpecification","valueRequired":true,"valueName":"search_term_string"}}],"inLanguage":"en-US"},{"@type":"Organization","@id":"https:\/\/www.apen.es\/#organization","name":"Apen: IT Solutions","url":"https:\/\/www.apen.es\/","logo":{"@type":"ImageObject","inLanguage":"en-US","@id":"https:\/\/www.apen.es\/#\/schema\/logo\/image\/","url":"https:\/\/www.apen.es\/wp-content\/uploads\/2022\/08\/logo-apenok-231x82-1.png","contentUrl":"https:\/\/www.apen.es\/wp-content\/uploads\/2022\/08\/logo-apenok-231x82-1.png","width":231,"height":82,"caption":"Apen: Soluciones inform\u00e1ticas"},"image":{"@id":"https:\/\/www.apen.es\/#\/schema\/logo\/image\/"},"sameAs":["https:\/\/www.facebook.com\/apensolucions","https:\/\/www.youtube.com\/user\/ApenCentreInformatic","https:\/\/www.linkedin.com\/company\/1021771?trk=tyah&trkInfo=clickedVerticalcompanyclickedEntityId1021771idx2-1-2tarId1464195271196tasapenin"]}]}},"taxonomy_info":[],"featured_image_src_large":false,"author_info":{"display_name":"marqueting","author_link":"https:\/\/www.apen.es\/en\/blog\/author\/marqueting\/"},"comment_info":0,"_links":{"self":[{"href":"https:\/\/www.apen.es\/en\/wp-json\/wp\/v2\/pages\/10829","targetHints":{"allow":["GET"]}}],"collection":[{"href":"https:\/\/www.apen.es\/en\/wp-json\/wp\/v2\/pages"}],"about":[{"href":"https:\/\/www.apen.es\/en\/wp-json\/wp\/v2\/types\/page"}],"author":[{"embeddable":true,"href":"https:\/\/www.apen.es\/en\/wp-json\/wp\/v2\/users\/4"}],"replies":[{"embeddable":true,"href":"https:\/\/www.apen.es\/en\/wp-json\/wp\/v2\/comments?post=10829"}],"version-history":[{"count":2,"href":"https:\/\/www.apen.es\/en\/wp-json\/wp\/v2\/pages\/10829\/revisions"}],"predecessor-version":[{"id":54781,"href":"https:\/\/www.apen.es\/en\/wp-json\/wp\/v2\/pages\/10829\/revisions\/54781"}],"up":[{"embeddable":true,"href":"https:\/\/www.apen.es\/en\/wp-json\/wp\/v2\/pages\/1158"}],"wp:attachment":[{"href":"https:\/\/www.apen.es\/en\/wp-json\/wp\/v2\/media?parent=10829"}],"curies":[{"name":"wp","href":"https:\/\/api.w.org\/{rel}","templated":true}]}}