{"id":10802,"date":"2018-07-18T07:57:16","date_gmt":"2018-07-18T07:57:16","guid":{"rendered":"https:\/\/www.apen.es\/?page_id=10802"},"modified":"2025-05-23T08:03:01","modified_gmt":"2025-05-23T08:03:01","slug":"official-hp-distributor","status":"publish","type":"page","link":"https:\/\/www.apen.es\/en\/soluciones-de-impresion\/distribuidor-oficial-hp\/","title":{"rendered":"Official HP Distributor"},"content":{"rendered":"<p>At Apen, we carry products from various brands to offer our customers the highest quality in all their purchases; in this way, we are&nbsp;<strong>official distributors<\/strong>&nbsp;from the American company&nbsp;<strong>HP<\/strong>. This company is one of the world&#039;s leading information technology companies.&nbsp;<strong>HP<\/strong>, of which we are&nbsp;<strong>distributors<\/strong>, It has a presence in several industries: computing, software, hardware, telephony, consulting, IT services.<\/p>\n\n\n\n<p>The company&#039;s main objective&nbsp;<strong>HP<\/strong>, of which we are&nbsp;<strong>official distributors<\/strong>, It is about creating technology that makes the lives of its users and customers better. The motivation of&nbsp;<strong>HP<\/strong>&nbsp;It lies in providing solutions to the public&#039;s needs, always adapting to their preferences and tastes. At Apen, we follow the same objective as&nbsp;<strong>HP<\/strong>, For this reason, we are one of your&nbsp;<strong>official distributors<\/strong>&nbsp;and we only offer top-quality products and services that adapt to the needs of each client, whether a company or an individual.<\/p>\n\n\n\n<p>Along with our values, the company&nbsp;<strong>HP<\/strong>&nbsp;We pursue innovation, sustainability, and, of course, the quality of all our products in order to offer our customers optimal performance that makes their lives much simpler and more practical. As a company dedicated to providing IT and technology solutions, we can only work with the best brands; in this way, we are&nbsp;<strong>distributors<\/strong>&nbsp;<strong>officers<\/strong>&nbsp;of&nbsp;<strong>HP<\/strong>&nbsp;among many other companies in the printing and technology sector.<\/p>\n\n\n\n<p>At Apen, we have over 25 years of experience in the sector, which establishes us as one of the best companies when it comes to providing IT and technology solutions to all our clients. Everyone at Apen is committed to offering the highest quality products, always with the utmost professionalism and expertise.<\/p>\n\n\n\n<p>Technology advances very rapidly, and it&#039;s essential to always be aware of the latest developments to offer our customers products with the best features, just as we do.&nbsp;<strong>HP<\/strong>, the company we are&nbsp;<strong>distributors<\/strong>&nbsp;<strong>officers<\/strong>. At Apen, we have state-of-the-art equipment to achieve the best results and high customer satisfaction.<\/p>\n\n\n\n<p>Our printing services include: price-per-copy and smart office. The price-per-copy service is a comprehensive printing contract where you pay a pre-agreed price for each print job. The smart office service, on the other hand, is an intelligent multifunction device that performs a wide range of tasks, from basic photocopying to more advanced functions, using an integrated document management system that boosts productivity.<\/p>","protected":false},"excerpt":{"rendered":"<p>En Apen contamos con productos de distintas marcas con tal de ofrecer a nuestros clientes la m\u00e1xima calidad en todas sus compras, de esta forma, somos&nbsp;distribuidores oficiales&nbsp;de la compa\u00f1\u00eda estadounidense&nbsp;HP. Esta empresa es una de las mayores l\u00edderes en el sector de las tecnolog\u00edas de la informaci\u00f3n de todo el mundo. La compa\u00f1\u00eda&nbsp;HP, de la&#8230;<\/p>","protected":false},"author":4,"featured_media":0,"parent":1158,"menu_order":0,"comment_status":"closed","ping_status":"closed","template":"page-renting-impresoras.php","meta":{"_acf_changed":false,"_kad_blocks_custom_css":"","_kad_blocks_head_custom_js":"","_kad_blocks_body_custom_js":"","_kad_blocks_footer_custom_js":"","_kad_post_transparent":"","_kad_post_title":"","_kad_post_layout":"","_kad_post_sidebar_id":"","_kad_post_content_style":"","_kad_post_vertical_padding":"","_kad_post_feature":"","_kad_post_feature_position":"","_kad_post_header":false,"_kad_post_footer":false,"_kad_post_classname":"","footnotes":""},"class_list":["post-10802","page","type-page","status-publish","hentry"],"acf":[],"yoast_head":"<!-- This site is optimized with the Yoast SEO plugin v27.4 - https:\/\/yoast.com\/product\/yoast-seo-wordpress\/ -->\n<title>Distribuidor oficial HP - Apen Inform\u00e1tica<\/title>\n<meta name=\"description\" content=\"Apen es un distribuidor oficial HP, ahorra espacio, electricidad y consumibles. Un mayor rendimiento y respeto y armon\u00eda con el medio ambiente.\" \/>\n<meta name=\"robots\" content=\"index, follow, max-snippet:-1, max-image-preview:large, max-video-preview:-1\" \/>\n<link rel=\"canonical\" href=\"https:\/\/www.apen.es\/en\/printing-solutions\/official-hp-distributor\/\" \/>\n<meta property=\"og:locale\" content=\"en_US\" \/>\n<meta property=\"og:type\" content=\"article\" \/>\n<meta property=\"og:title\" content=\"Distribuidor oficial HP - Apen Inform\u00e1tica\" \/>\n<meta property=\"og:description\" content=\"Apen es un distribuidor oficial HP, ahorra espacio, electricidad y consumibles. Un mayor rendimiento y respeto y armon\u00eda con el medio ambiente.\" \/>\n<meta property=\"og:url\" content=\"https:\/\/www.apen.es\/en\/printing-solutions\/official-hp-distributor\/\" \/>\n<meta property=\"og:site_name\" content=\"Apen Inform\u00e1tica\" \/>\n<meta property=\"article:publisher\" content=\"https:\/\/www.facebook.com\/apensolucions\" \/>\n<meta property=\"article:modified_time\" content=\"2025-05-23T08:03:01+00:00\" \/>\n<meta property=\"og:image\" content=\"https:\/\/www.apen.es\/wp-content\/uploads\/2016\/05\/logo-apen-231x82-trasparent.png\" \/>\n\t<meta property=\"og:image:width\" content=\"231\" \/>\n\t<meta property=\"og:image:height\" content=\"82\" \/>\n\t<meta property=\"og:image:type\" content=\"image\/png\" \/>\n<meta name=\"twitter:card\" content=\"summary_large_image\" \/>\n<meta name=\"twitter:label1\" content=\"Est. reading time\" \/>\n\t<meta name=\"twitter:data1\" content=\"8 minutes\" \/>\n<script type=\"application\/ld+json\" class=\"yoast-schema-graph\">{\"@context\":\"https:\\\/\\\/schema.org\",\"@graph\":[{\"@type\":\"WebPage\",\"@id\":\"https:\\\/\\\/www.apen.es\\\/soluciones-de-impresion\\\/distribuidor-oficial-hp\\\/\",\"url\":\"https:\\\/\\\/www.apen.es\\\/soluciones-de-impresion\\\/distribuidor-oficial-hp\\\/\",\"name\":\"Distribuidor oficial HP - Apen Inform\u00e1tica\",\"isPartOf\":{\"@id\":\"https:\\\/\\\/www.apen.es\\\/#website\"},\"datePublished\":\"2018-07-18T07:57:16+00:00\",\"dateModified\":\"2025-05-23T08:03:01+00:00\",\"description\":\"Apen es un distribuidor oficial HP, ahorra espacio, electricidad y consumibles. Un mayor rendimiento y respeto y armon\u00eda con el medio ambiente.\",\"breadcrumb\":{\"@id\":\"https:\\\/\\\/www.apen.es\\\/soluciones-de-impresion\\\/distribuidor-oficial-hp\\\/#breadcrumb\"},\"inLanguage\":\"en-US\",\"potentialAction\":[{\"@type\":\"ReadAction\",\"target\":[\"https:\\\/\\\/www.apen.es\\\/soluciones-de-impresion\\\/distribuidor-oficial-hp\\\/\"]}]},{\"@type\":\"BreadcrumbList\",\"@id\":\"https:\\\/\\\/www.apen.es\\\/soluciones-de-impresion\\\/distribuidor-oficial-hp\\\/#breadcrumb\",\"itemListElement\":[{\"@type\":\"ListItem\",\"position\":1,\"name\":\"Portada\",\"item\":\"https:\\\/\\\/www.apen.es\\\/\"},{\"@type\":\"ListItem\",\"position\":2,\"name\":\"Soluciones de impresi\u00f3n\",\"item\":\"https:\\\/\\\/www.apen.es\\\/soluciones-de-impresion\\\/\"},{\"@type\":\"ListItem\",\"position\":3,\"name\":\"Distribuidor oficial HP\"}]},{\"@type\":\"WebSite\",\"@id\":\"https:\\\/\\\/www.apen.es\\\/#website\",\"url\":\"https:\\\/\\\/www.apen.es\\\/\",\"name\":\"Apen Inform\u00e1tica\",\"description\":\"Mantenimiento Inform\u00e1tico , Software de Gesti\u00f3n, Soluciones de impresi\u00f3n\",\"publisher\":{\"@id\":\"https:\\\/\\\/www.apen.es\\\/#organization\"},\"potentialAction\":[{\"@type\":\"SearchAction\",\"target\":{\"@type\":\"EntryPoint\",\"urlTemplate\":\"https:\\\/\\\/www.apen.es\\\/?s={search_term_string}\"},\"query-input\":{\"@type\":\"PropertyValueSpecification\",\"valueRequired\":true,\"valueName\":\"search_term_string\"}}],\"inLanguage\":\"en-US\"},{\"@type\":\"Organization\",\"@id\":\"https:\\\/\\\/www.apen.es\\\/#organization\",\"name\":\"Apen: Soluciones inform\u00e1ticas\",\"url\":\"https:\\\/\\\/www.apen.es\\\/\",\"logo\":{\"@type\":\"ImageObject\",\"inLanguage\":\"en-US\",\"@id\":\"https:\\\/\\\/www.apen.es\\\/#\\\/schema\\\/logo\\\/image\\\/\",\"url\":\"https:\\\/\\\/www.apen.es\\\/wp-content\\\/uploads\\\/2022\\\/08\\\/logo-apenok-231x82-1.png\",\"contentUrl\":\"https:\\\/\\\/www.apen.es\\\/wp-content\\\/uploads\\\/2022\\\/08\\\/logo-apenok-231x82-1.png\",\"width\":231,\"height\":82,\"caption\":\"Apen: Soluciones inform\u00e1ticas\"},\"image\":{\"@id\":\"https:\\\/\\\/www.apen.es\\\/#\\\/schema\\\/logo\\\/image\\\/\"},\"sameAs\":[\"https:\\\/\\\/www.facebook.com\\\/apensolucions\",\"https:\\\/\\\/www.youtube.com\\\/user\\\/ApenCentreInformatic\",\"https:\\\/\\\/www.linkedin.com\\\/company\\\/1021771?trk=tyah&trkInfo=clickedVerticalcompanyclickedEntityId1021771idx2-1-2tarId1464195271196tasapenin\"]}]}<\/script>\n<!-- \/ Yoast SEO plugin. -->","yoast_head_json":{"title":"Official HP distributor - Apen Inform\u00e1tica","description":"Apen is an official HP distributor, saving space, electricity, and consumables. Enjoy greater performance while respecting and harmonizing with the environment.","robots":{"index":"index","follow":"follow","max-snippet":"max-snippet:-1","max-image-preview":"max-image-preview:large","max-video-preview":"max-video-preview:-1"},"canonical":"https:\/\/www.apen.es\/en\/printing-solutions\/official-hp-distributor\/","og_locale":"en_US","og_type":"article","og_title":"Distribuidor oficial HP - Apen Inform\u00e1tica","og_description":"Apen es un distribuidor oficial HP, ahorra espacio, electricidad y consumibles. Un mayor rendimiento y respeto y armon\u00eda con el medio ambiente.","og_url":"https:\/\/www.apen.es\/en\/printing-solutions\/official-hp-distributor\/","og_site_name":"Apen Inform\u00e1tica","article_publisher":"https:\/\/www.facebook.com\/apensolucions","article_modified_time":"2025-05-23T08:03:01+00:00","og_image":[{"width":231,"height":82,"url":"https:\/\/www.apen.es\/wp-content\/uploads\/2016\/05\/logo-apen-231x82-trasparent.png","type":"image\/png"}],"twitter_card":"summary_large_image","twitter_misc":{"Est. reading time":"8 minutes"},"schema":{"@context":"https:\/\/schema.org","@graph":[{"@type":"WebPage","@id":"https:\/\/www.apen.es\/soluciones-de-impresion\/distribuidor-oficial-hp\/","url":"https:\/\/www.apen.es\/soluciones-de-impresion\/distribuidor-oficial-hp\/","name":"Official HP distributor - Apen Inform\u00e1tica","isPartOf":{"@id":"https:\/\/www.apen.es\/#website"},"datePublished":"2018-07-18T07:57:16+00:00","dateModified":"2025-05-23T08:03:01+00:00","description":"Apen is an official HP distributor, saving space, electricity, and consumables. Enjoy greater performance while respecting and harmonizing with the environment.","breadcrumb":{"@id":"https:\/\/www.apen.es\/soluciones-de-impresion\/distribuidor-oficial-hp\/#breadcrumb"},"inLanguage":"en-US","potentialAction":[{"@type":"ReadAction","target":["https:\/\/www.apen.es\/soluciones-de-impresion\/distribuidor-oficial-hp\/"]}]},{"@type":"BreadcrumbList","@id":"https:\/\/www.apen.es\/soluciones-de-impresion\/distribuidor-oficial-hp\/#breadcrumb","itemListElement":[{"@type":"ListItem","position":1,"name":"Portada","item":"https:\/\/www.apen.es\/"},{"@type":"ListItem","position":2,"name":"Soluciones de impresi\u00f3n","item":"https:\/\/www.apen.es\/soluciones-de-impresion\/"},{"@type":"ListItem","position":3,"name":"Distribuidor oficial HP"}]},{"@type":"WebSite","@id":"https:\/\/www.apen.es\/#website","url":"https:\/\/www.apen.es\/","name":"Apen Inform\u00e1tica","description":"IT Maintenance, Management Software, Printing Solutions","publisher":{"@id":"https:\/\/www.apen.es\/#organization"},"potentialAction":[{"@type":"SearchAction","target":{"@type":"EntryPoint","urlTemplate":"https:\/\/www.apen.es\/?s={search_term_string}"},"query-input":{"@type":"PropertyValueSpecification","valueRequired":true,"valueName":"search_term_string"}}],"inLanguage":"en-US"},{"@type":"Organization","@id":"https:\/\/www.apen.es\/#organization","name":"Apen: IT Solutions","url":"https:\/\/www.apen.es\/","logo":{"@type":"ImageObject","inLanguage":"en-US","@id":"https:\/\/www.apen.es\/#\/schema\/logo\/image\/","url":"https:\/\/www.apen.es\/wp-content\/uploads\/2022\/08\/logo-apenok-231x82-1.png","contentUrl":"https:\/\/www.apen.es\/wp-content\/uploads\/2022\/08\/logo-apenok-231x82-1.png","width":231,"height":82,"caption":"Apen: Soluciones inform\u00e1ticas"},"image":{"@id":"https:\/\/www.apen.es\/#\/schema\/logo\/image\/"},"sameAs":["https:\/\/www.facebook.com\/apensolucions","https:\/\/www.youtube.com\/user\/ApenCentreInformatic","https:\/\/www.linkedin.com\/company\/1021771?trk=tyah&trkInfo=clickedVerticalcompanyclickedEntityId1021771idx2-1-2tarId1464195271196tasapenin"]}]}},"taxonomy_info":[],"featured_image_src_large":false,"author_info":{"display_name":"marqueting","author_link":"https:\/\/www.apen.es\/en\/blog\/author\/marqueting\/"},"comment_info":0,"_links":{"self":[{"href":"https:\/\/www.apen.es\/en\/wp-json\/wp\/v2\/pages\/10802","targetHints":{"allow":["GET"]}}],"collection":[{"href":"https:\/\/www.apen.es\/en\/wp-json\/wp\/v2\/pages"}],"about":[{"href":"https:\/\/www.apen.es\/en\/wp-json\/wp\/v2\/types\/page"}],"author":[{"embeddable":true,"href":"https:\/\/www.apen.es\/en\/wp-json\/wp\/v2\/users\/4"}],"replies":[{"embeddable":true,"href":"https:\/\/www.apen.es\/en\/wp-json\/wp\/v2\/comments?post=10802"}],"version-history":[{"count":3,"href":"https:\/\/www.apen.es\/en\/wp-json\/wp\/v2\/pages\/10802\/revisions"}],"predecessor-version":[{"id":54779,"href":"https:\/\/www.apen.es\/en\/wp-json\/wp\/v2\/pages\/10802\/revisions\/54779"}],"up":[{"embeddable":true,"href":"https:\/\/www.apen.es\/en\/wp-json\/wp\/v2\/pages\/1158"}],"wp:attachment":[{"href":"https:\/\/www.apen.es\/en\/wp-json\/wp\/v2\/media?parent=10802"}],"curies":[{"name":"wp","href":"https:\/\/api.w.org\/{rel}","templated":true}]}}