{"id":10679,"date":"2018-07-16T10:51:13","date_gmt":"2018-07-16T10:51:13","guid":{"rendered":"https:\/\/www.apen.es\/?page_id=10679"},"modified":"2025-07-08T11:42:41","modified_gmt":"2025-07-08T11:42:41","slug":"tpv-para-tiendas","status":"publish","type":"page","link":"https:\/\/www.apen.es\/en\/software-programa-tpv\/tpv-para-tiendas\/","title":{"rendered":"POS for stores"},"content":{"rendered":"<p>The software <strong>POS<\/strong> has been designed for use in <strong>stores<\/strong> In a simple and highly intuitive way, this system automates cash management, streamlining sales at the counter. The main advantages offered by this software are: <strong>POS<\/strong> for <strong>stores<\/strong> They are, greater control, productivity and cost savings, all using a single management system.<\/p>\n\n\n\n<p>This software <strong>POS<\/strong> for <strong>stores<\/strong> It&#039;s touch-sensitive and can be used with just one finger, so it doesn&#039;t require any extra effort from employees. Furthermore, it streamlines their work and makes sales much simpler and more convenient for the customer. This is because it connects the point-of-sale system with the accounting, invoicing, and inventory management of your entire business.<\/p>\n\n\n\n<p><strong>POS<\/strong> for <strong>stores<\/strong> It&#039;s very intuitive, allowing you to automatically forecast purchases to better organize your daily work with just one click and minimal margin of error. This way, you can organize various tasks and chores throughout the week based on the purchases the software suggests. <strong>POS<\/strong> of <strong>stores<\/strong> believe that they will be carried out.<\/p>\n\n\n\n<p>The main objective of this system <strong>POS<\/strong> for <strong>stores<\/strong> It&#039;s about improving all your business management processes to make it much more profitable and efficient. To achieve this, the software automates pricing, collections, cash reconciliation, return vouchers, gift certificates, installment payments, advances, and many other elements that need to be managed to maintain greater control over the entire business.<\/p>\n\n\n\n<p>Regarding purchases, this software <strong>POS<\/strong> for <strong>stores<\/strong> It manages all aspects related to suppliers, such as calculating costs, payment methods, automatically issuing orders, and controlling all purchases. This program will help you streamline purchases and automatically place all the orders necessary for the smooth operation of your business.<\/p>\n\n\n\n<p>To place orders automatically, the software also needs to monitor the stock of all the products in your store. <strong>store<\/strong>. This software <strong>POS<\/strong> It does this very quickly, in addition to managing sales, registering inventories, and obtaining reports of all movements with a single click.<\/p>\n\n\n\n<p>You will be able to have complete control of your business in a single software. <strong>POS<\/strong> for <strong>stores<\/strong>, This system will be configured to meet your specific needs and those of your business. Furthermore, it allows you to track daily operations in real time, giving you a clear picture of your business&#039;s current accounting and sales figures. Naturally, you&#039;ll also be able to generate all kinds of reports and documents from this valuable information.<\/p>","protected":false},"excerpt":{"rendered":"<p>El software TPV ha sido dise\u00f1ado para su utilizaci\u00f3n en tiendas de una forma sencilla y muy intuitiva. Este sistema automatiza la gesti\u00f3n de caja agilizando la venta en el mostrador. Las ventajas principales que ofrece este software TPV para tiendas son, un mayor control, productividad y ahorro de costes, todo esto utilizando un \u00fanico&#8230;<\/p>","protected":false},"author":4,"featured_media":0,"parent":10551,"menu_order":0,"comment_status":"closed","ping_status":"closed","template":"page-landing-moduls.php","meta":{"_acf_changed":false,"_kad_blocks_custom_css":"","_kad_blocks_head_custom_js":"","_kad_blocks_body_custom_js":"","_kad_blocks_footer_custom_js":"","_kad_post_transparent":"","_kad_post_title":"","_kad_post_layout":"","_kad_post_sidebar_id":"","_kad_post_content_style":"","_kad_post_vertical_padding":"","_kad_post_feature":"","_kad_post_feature_position":"","_kad_post_header":false,"_kad_post_footer":false,"_kad_post_classname":"","footnotes":""},"class_list":["post-10679","page","type-page","status-publish","hentry"],"acf":[],"yoast_head":"<!-- This site is optimized with the Yoast SEO plugin v27.4 - https:\/\/yoast.com\/product\/yoast-seo-wordpress\/ -->\n<title>TPV para tiendas - Apen Inform\u00e1tica<\/title>\n<meta name=\"description\" content=\"Con TPV para tiendas obtienes un software de punto de venta integrado con a3ERP con diferentes opciones para todos los negocios. Conf\u00eda en Apen.\" \/>\n<meta name=\"robots\" content=\"index, follow, max-snippet:-1, max-image-preview:large, max-video-preview:-1\" \/>\n<link rel=\"canonical\" href=\"https:\/\/www.apen.es\/en\/software-programa-tpv\/tpv-para-tiendas\/\" \/>\n<meta property=\"og:locale\" content=\"en_US\" \/>\n<meta property=\"og:type\" content=\"article\" \/>\n<meta property=\"og:title\" content=\"TPV para tiendas - Apen Inform\u00e1tica\" \/>\n<meta property=\"og:description\" content=\"Con TPV para tiendas obtienes un software de punto de venta integrado con a3ERP con diferentes opciones para todos los negocios. Conf\u00eda en Apen.\" \/>\n<meta property=\"og:url\" content=\"https:\/\/www.apen.es\/en\/software-programa-tpv\/tpv-para-tiendas\/\" \/>\n<meta property=\"og:site_name\" content=\"Apen Inform\u00e1tica\" \/>\n<meta property=\"article:publisher\" content=\"https:\/\/www.facebook.com\/apensolucions\" \/>\n<meta property=\"article:modified_time\" content=\"2025-07-08T11:42:41+00:00\" \/>\n<meta property=\"og:image\" content=\"https:\/\/www.apen.es\/wp-content\/uploads\/2016\/05\/logo-apen-231x82-trasparent.png\" \/>\n\t<meta property=\"og:image:width\" content=\"231\" \/>\n\t<meta property=\"og:image:height\" content=\"82\" \/>\n\t<meta property=\"og:image:type\" content=\"image\/png\" \/>\n<meta name=\"twitter:card\" content=\"summary_large_image\" \/>\n<meta name=\"twitter:label1\" content=\"Est. reading time\" \/>\n\t<meta name=\"twitter:data1\" content=\"5 minutes\" \/>\n<script type=\"application\/ld+json\" class=\"yoast-schema-graph\">{\"@context\":\"https:\\\/\\\/schema.org\",\"@graph\":[{\"@type\":\"WebPage\",\"@id\":\"https:\\\/\\\/www.apen.es\\\/software-programa-tpv\\\/tpv-para-tiendas\\\/\",\"url\":\"https:\\\/\\\/www.apen.es\\\/software-programa-tpv\\\/tpv-para-tiendas\\\/\",\"name\":\"TPV para tiendas - Apen Inform\u00e1tica\",\"isPartOf\":{\"@id\":\"https:\\\/\\\/www.apen.es\\\/#website\"},\"datePublished\":\"2018-07-16T10:51:13+00:00\",\"dateModified\":\"2025-07-08T11:42:41+00:00\",\"description\":\"Con TPV para tiendas obtienes un software de punto de venta integrado con a3ERP con diferentes opciones para todos los negocios. Conf\u00eda en Apen.\",\"breadcrumb\":{\"@id\":\"https:\\\/\\\/www.apen.es\\\/software-programa-tpv\\\/tpv-para-tiendas\\\/#breadcrumb\"},\"inLanguage\":\"en-US\",\"potentialAction\":[{\"@type\":\"ReadAction\",\"target\":[\"https:\\\/\\\/www.apen.es\\\/software-programa-tpv\\\/tpv-para-tiendas\\\/\"]}]},{\"@type\":\"BreadcrumbList\",\"@id\":\"https:\\\/\\\/www.apen.es\\\/software-programa-tpv\\\/tpv-para-tiendas\\\/#breadcrumb\",\"itemListElement\":[{\"@type\":\"ListItem\",\"position\":1,\"name\":\"Portada\",\"item\":\"https:\\\/\\\/www.apen.es\\\/\"},{\"@type\":\"ListItem\",\"position\":2,\"name\":\"TPV-Software Punto de venta\",\"item\":\"https:\\\/\\\/www.apen.es\\\/software-programa-tpv\\\/\"},{\"@type\":\"ListItem\",\"position\":3,\"name\":\"TPV para tiendas\"}]},{\"@type\":\"WebSite\",\"@id\":\"https:\\\/\\\/www.apen.es\\\/#website\",\"url\":\"https:\\\/\\\/www.apen.es\\\/\",\"name\":\"Apen Inform\u00e1tica\",\"description\":\"Mantenimiento Inform\u00e1tico , Software de Gesti\u00f3n, Soluciones de impresi\u00f3n\",\"publisher\":{\"@id\":\"https:\\\/\\\/www.apen.es\\\/#organization\"},\"potentialAction\":[{\"@type\":\"SearchAction\",\"target\":{\"@type\":\"EntryPoint\",\"urlTemplate\":\"https:\\\/\\\/www.apen.es\\\/?s={search_term_string}\"},\"query-input\":{\"@type\":\"PropertyValueSpecification\",\"valueRequired\":true,\"valueName\":\"search_term_string\"}}],\"inLanguage\":\"en-US\"},{\"@type\":\"Organization\",\"@id\":\"https:\\\/\\\/www.apen.es\\\/#organization\",\"name\":\"Apen: Soluciones inform\u00e1ticas\",\"url\":\"https:\\\/\\\/www.apen.es\\\/\",\"logo\":{\"@type\":\"ImageObject\",\"inLanguage\":\"en-US\",\"@id\":\"https:\\\/\\\/www.apen.es\\\/#\\\/schema\\\/logo\\\/image\\\/\",\"url\":\"https:\\\/\\\/www.apen.es\\\/wp-content\\\/uploads\\\/2022\\\/08\\\/logo-apenok-231x82-1.png\",\"contentUrl\":\"https:\\\/\\\/www.apen.es\\\/wp-content\\\/uploads\\\/2022\\\/08\\\/logo-apenok-231x82-1.png\",\"width\":231,\"height\":82,\"caption\":\"Apen: Soluciones inform\u00e1ticas\"},\"image\":{\"@id\":\"https:\\\/\\\/www.apen.es\\\/#\\\/schema\\\/logo\\\/image\\\/\"},\"sameAs\":[\"https:\\\/\\\/www.facebook.com\\\/apensolucions\",\"https:\\\/\\\/www.youtube.com\\\/user\\\/ApenCentreInformatic\",\"https:\\\/\\\/www.linkedin.com\\\/company\\\/1021771?trk=tyah&trkInfo=clickedVerticalcompanyclickedEntityId1021771idx2-1-2tarId1464195271196tasapenin\"]}]}<\/script>\n<!-- \/ Yoast SEO plugin. -->","yoast_head_json":{"title":"TPV para tiendas - Apen Inform\u00e1tica","description":"Con TPV para tiendas obtienes un software de punto de venta integrado con a3ERP con diferentes opciones para todos los negocios. Conf\u00eda en Apen.","robots":{"index":"index","follow":"follow","max-snippet":"max-snippet:-1","max-image-preview":"max-image-preview:large","max-video-preview":"max-video-preview:-1"},"canonical":"https:\/\/www.apen.es\/en\/software-programa-tpv\/tpv-para-tiendas\/","og_locale":"en_US","og_type":"article","og_title":"TPV para tiendas - Apen Inform\u00e1tica","og_description":"Con TPV para tiendas obtienes un software de punto de venta integrado con a3ERP con diferentes opciones para todos los negocios. Conf\u00eda en Apen.","og_url":"https:\/\/www.apen.es\/en\/software-programa-tpv\/tpv-para-tiendas\/","og_site_name":"Apen Inform\u00e1tica","article_publisher":"https:\/\/www.facebook.com\/apensolucions","article_modified_time":"2025-07-08T11:42:41+00:00","og_image":[{"width":231,"height":82,"url":"https:\/\/www.apen.es\/wp-content\/uploads\/2016\/05\/logo-apen-231x82-trasparent.png","type":"image\/png"}],"twitter_card":"summary_large_image","twitter_misc":{"Est. reading time":"5 minutes"},"schema":{"@context":"https:\/\/schema.org","@graph":[{"@type":"WebPage","@id":"https:\/\/www.apen.es\/software-programa-tpv\/tpv-para-tiendas\/","url":"https:\/\/www.apen.es\/software-programa-tpv\/tpv-para-tiendas\/","name":"TPV para tiendas - Apen Inform\u00e1tica","isPartOf":{"@id":"https:\/\/www.apen.es\/#website"},"datePublished":"2018-07-16T10:51:13+00:00","dateModified":"2025-07-08T11:42:41+00:00","description":"Con TPV para tiendas obtienes un software de punto de venta integrado con a3ERP con diferentes opciones para todos los negocios. Conf\u00eda en Apen.","breadcrumb":{"@id":"https:\/\/www.apen.es\/software-programa-tpv\/tpv-para-tiendas\/#breadcrumb"},"inLanguage":"en-US","potentialAction":[{"@type":"ReadAction","target":["https:\/\/www.apen.es\/software-programa-tpv\/tpv-para-tiendas\/"]}]},{"@type":"BreadcrumbList","@id":"https:\/\/www.apen.es\/software-programa-tpv\/tpv-para-tiendas\/#breadcrumb","itemListElement":[{"@type":"ListItem","position":1,"name":"Portada","item":"https:\/\/www.apen.es\/"},{"@type":"ListItem","position":2,"name":"TPV-Software Punto de venta","item":"https:\/\/www.apen.es\/software-programa-tpv\/"},{"@type":"ListItem","position":3,"name":"TPV para tiendas"}]},{"@type":"WebSite","@id":"https:\/\/www.apen.es\/#website","url":"https:\/\/www.apen.es\/","name":"Apen Inform\u00e1tica","description":"IT Maintenance, Management Software, Printing Solutions","publisher":{"@id":"https:\/\/www.apen.es\/#organization"},"potentialAction":[{"@type":"SearchAction","target":{"@type":"EntryPoint","urlTemplate":"https:\/\/www.apen.es\/?s={search_term_string}"},"query-input":{"@type":"PropertyValueSpecification","valueRequired":true,"valueName":"search_term_string"}}],"inLanguage":"en-US"},{"@type":"Organization","@id":"https:\/\/www.apen.es\/#organization","name":"Apen: IT Solutions","url":"https:\/\/www.apen.es\/","logo":{"@type":"ImageObject","inLanguage":"en-US","@id":"https:\/\/www.apen.es\/#\/schema\/logo\/image\/","url":"https:\/\/www.apen.es\/wp-content\/uploads\/2022\/08\/logo-apenok-231x82-1.png","contentUrl":"https:\/\/www.apen.es\/wp-content\/uploads\/2022\/08\/logo-apenok-231x82-1.png","width":231,"height":82,"caption":"Apen: Soluciones inform\u00e1ticas"},"image":{"@id":"https:\/\/www.apen.es\/#\/schema\/logo\/image\/"},"sameAs":["https:\/\/www.facebook.com\/apensolucions","https:\/\/www.youtube.com\/user\/ApenCentreInformatic","https:\/\/www.linkedin.com\/company\/1021771?trk=tyah&trkInfo=clickedVerticalcompanyclickedEntityId1021771idx2-1-2tarId1464195271196tasapenin"]}]}},"taxonomy_info":[],"featured_image_src_large":false,"author_info":{"display_name":"marqueting","author_link":"https:\/\/www.apen.es\/en\/blog\/author\/marqueting\/"},"comment_info":0,"_links":{"self":[{"href":"https:\/\/www.apen.es\/en\/wp-json\/wp\/v2\/pages\/10679","targetHints":{"allow":["GET"]}}],"collection":[{"href":"https:\/\/www.apen.es\/en\/wp-json\/wp\/v2\/pages"}],"about":[{"href":"https:\/\/www.apen.es\/en\/wp-json\/wp\/v2\/types\/page"}],"author":[{"embeddable":true,"href":"https:\/\/www.apen.es\/en\/wp-json\/wp\/v2\/users\/4"}],"replies":[{"embeddable":true,"href":"https:\/\/www.apen.es\/en\/wp-json\/wp\/v2\/comments?post=10679"}],"version-history":[{"count":2,"href":"https:\/\/www.apen.es\/en\/wp-json\/wp\/v2\/pages\/10679\/revisions"}],"predecessor-version":[{"id":55870,"href":"https:\/\/www.apen.es\/en\/wp-json\/wp\/v2\/pages\/10679\/revisions\/55870"}],"up":[{"embeddable":true,"href":"https:\/\/www.apen.es\/en\/wp-json\/wp\/v2\/pages\/10551"}],"wp:attachment":[{"href":"https:\/\/www.apen.es\/en\/wp-json\/wp\/v2\/media?parent=10679"}],"curies":[{"name":"wp","href":"https:\/\/api.w.org\/{rel}","templated":true}]}}