{"id":10675,"date":"2018-07-16T10:46:18","date_gmt":"2018-07-16T10:46:18","guid":{"rendered":"https:\/\/www.apen.es\/?page_id=10675"},"modified":"2025-07-08T11:42:13","modified_gmt":"2025-07-08T11:42:13","slug":"tpv-cloud","status":"publish","type":"page","link":"https:\/\/www.apen.es\/en\/software-programa-tpv\/tpv-cloud\/","title":{"rendered":"Cloud POS"},"content":{"rendered":"<p>The software <a href=\"https:\/\/www.apen.es\/en\/software-programa-tpv\/\"><strong>cloud POS<\/strong><\/a> It&#039;s designed for use in retail, hospitality, and catering. It can be configured to have the necessary functions and tools for managing your business&#039;s accounting and inventory. Furthermore, anyone can use it, as it&#039;s very simple and intuitive.<\/p>\n\n\n\n<p>This system <strong>cloud POS<\/strong> Connect your business&#039;s cash register activity with accounting, invoicing, and inventory management. This way, you can control different areas of your company within a single software platform. Furthermore, the interconnected system allows you to receive all kinds of reports and automatically place orders with suppliers when the program... <strong>cloud POS<\/strong> detect that the merchandise has run out.<\/p>\n\n\n\n<p>By performing many processes automatically, this software <strong>cloud POS<\/strong> It&#039;s perfect for maximizing profitability and getting the most out of your business. Furthermore, it will significantly improve customer service, as sales at the counter and checkout will be much faster. This way, customers will be satisfied and will return to your business to purchase any of your products or services.<\/p>\n\n\n\n<p>Regarding the management of a business, the program <strong>cloud POS<\/strong> It&#039;s perfect for automating payments, cash reconciliations, return vouchers, gift certificates, installment payments, and much more. This will be very advantageous for managing all of your company&#039;s accounting and invoicing from a single program. Through a single device, you can obtain all the information you need to know the current state of your business.<\/p>\n\n\n\n<p>If we talk about purchases from suppliers, such as the <a href=\"https:\/\/www.apen.es\/en\/software-programa-tpv\/\"><strong>cloud POS<\/strong><\/a> It controls all incoming and outgoing merchandise, both from the warehouse and the store. It will tell you when to place an order and how large it needs to be to meet your business&#039;s demand. This software will also help you manage the warehouse and keep all departments under control.<\/p>\n\n\n\n<p>On the other hand, if we talk about the management of a restaurant or similar establishment, the truth is that <strong>cloud POS<\/strong> It offers countless advantages. To begin with, it helps you manage tables, menu items, menu modules, employee roles, tips, ratings of dishes sent to the kitchen, and everything else necessary for your business to run smoothly and for customers to be completely satisfied.<\/p>\n\n\n\n<p>This software <strong>cloud POS<\/strong> It&#039;s also perfect for calculating costs, analyzing losses and deviations to control your business&#039;s stock according to sales, and, whenever necessary, managing both your warehouse and purchases from your suppliers. Using only this software, you can manage your entire business in real time and from anywhere.<\/p>","protected":false},"excerpt":{"rendered":"<p>El software TPV cloud est\u00e1 dise\u00f1ado para ser utilizado tanto en comercios como en hosteler\u00eda y restauraci\u00f3n. Se puede configurar con tal de que tenga las funciones y herramientas necesarias para llevar la gesti\u00f3n de la contabilidad y stock de tu negocio. Adem\u00e1s, cualquier persona puede utilizarlo, ya es que es muy sencillo e intuitivo&#8230;.<\/p>","protected":false},"author":4,"featured_media":0,"parent":10551,"menu_order":0,"comment_status":"closed","ping_status":"closed","template":"page-landing-moduls.php","meta":{"_acf_changed":false,"_kad_blocks_custom_css":"","_kad_blocks_head_custom_js":"","_kad_blocks_body_custom_js":"","_kad_blocks_footer_custom_js":"","_kad_post_transparent":"","_kad_post_title":"","_kad_post_layout":"","_kad_post_sidebar_id":"","_kad_post_content_style":"","_kad_post_vertical_padding":"","_kad_post_feature":"","_kad_post_feature_position":"","_kad_post_header":false,"_kad_post_footer":false,"_kad_post_classname":"","footnotes":""},"class_list":["post-10675","page","type-page","status-publish","hentry"],"acf":[],"yoast_head":"<!-- This site is optimized with the Yoast SEO plugin v27.4 - https:\/\/yoast.com\/product\/yoast-seo-wordpress\/ -->\n<title>TPV Cloud - Apen Inform\u00e1tica<\/title>\n<meta name=\"description\" content=\"Con TPV cloud obtienes un software de punto de venta para cualquier sector con a3ERP con diferentes opciones para todos los negocios. Conf\u00eda en Apen.\" \/>\n<meta name=\"robots\" content=\"index, follow, max-snippet:-1, max-image-preview:large, max-video-preview:-1\" \/>\n<link rel=\"canonical\" href=\"https:\/\/www.apen.es\/en\/software-programa-tpv\/tpv-cloud\/\" \/>\n<meta property=\"og:locale\" content=\"en_US\" \/>\n<meta property=\"og:type\" content=\"article\" \/>\n<meta property=\"og:title\" content=\"TPV Cloud - Apen Inform\u00e1tica\" \/>\n<meta property=\"og:description\" content=\"Con TPV cloud obtienes un software de punto de venta para cualquier sector con a3ERP con diferentes opciones para todos los negocios. Conf\u00eda en Apen.\" \/>\n<meta property=\"og:url\" content=\"https:\/\/www.apen.es\/en\/software-programa-tpv\/tpv-cloud\/\" \/>\n<meta property=\"og:site_name\" content=\"Apen Inform\u00e1tica\" \/>\n<meta property=\"article:publisher\" content=\"https:\/\/www.facebook.com\/apensolucions\" \/>\n<meta property=\"article:modified_time\" content=\"2025-07-08T11:42:13+00:00\" \/>\n<meta property=\"og:image\" content=\"https:\/\/www.apen.es\/wp-content\/uploads\/2016\/05\/logo-apen-231x82-trasparent.png\" \/>\n\t<meta property=\"og:image:width\" content=\"231\" \/>\n\t<meta property=\"og:image:height\" content=\"82\" \/>\n\t<meta property=\"og:image:type\" content=\"image\/png\" \/>\n<meta name=\"twitter:card\" content=\"summary_large_image\" \/>\n<meta name=\"twitter:label1\" content=\"Est. reading time\" \/>\n\t<meta name=\"twitter:data1\" content=\"5 minutes\" \/>\n<script type=\"application\/ld+json\" class=\"yoast-schema-graph\">{\"@context\":\"https:\\\/\\\/schema.org\",\"@graph\":[{\"@type\":\"WebPage\",\"@id\":\"https:\\\/\\\/www.apen.es\\\/software-programa-tpv\\\/tpv-cloud\\\/\",\"url\":\"https:\\\/\\\/www.apen.es\\\/software-programa-tpv\\\/tpv-cloud\\\/\",\"name\":\"TPV Cloud - Apen Inform\u00e1tica\",\"isPartOf\":{\"@id\":\"https:\\\/\\\/www.apen.es\\\/#website\"},\"datePublished\":\"2018-07-16T10:46:18+00:00\",\"dateModified\":\"2025-07-08T11:42:13+00:00\",\"description\":\"Con TPV cloud obtienes un software de punto de venta para cualquier sector con a3ERP con diferentes opciones para todos los negocios. Conf\u00eda en Apen.\",\"breadcrumb\":{\"@id\":\"https:\\\/\\\/www.apen.es\\\/software-programa-tpv\\\/tpv-cloud\\\/#breadcrumb\"},\"inLanguage\":\"en-US\",\"potentialAction\":[{\"@type\":\"ReadAction\",\"target\":[\"https:\\\/\\\/www.apen.es\\\/software-programa-tpv\\\/tpv-cloud\\\/\"]}]},{\"@type\":\"BreadcrumbList\",\"@id\":\"https:\\\/\\\/www.apen.es\\\/software-programa-tpv\\\/tpv-cloud\\\/#breadcrumb\",\"itemListElement\":[{\"@type\":\"ListItem\",\"position\":1,\"name\":\"Portada\",\"item\":\"https:\\\/\\\/www.apen.es\\\/\"},{\"@type\":\"ListItem\",\"position\":2,\"name\":\"TPV-Software Punto de venta\",\"item\":\"https:\\\/\\\/www.apen.es\\\/software-programa-tpv\\\/\"},{\"@type\":\"ListItem\",\"position\":3,\"name\":\"TPV Cloud\"}]},{\"@type\":\"WebSite\",\"@id\":\"https:\\\/\\\/www.apen.es\\\/#website\",\"url\":\"https:\\\/\\\/www.apen.es\\\/\",\"name\":\"Apen Inform\u00e1tica\",\"description\":\"Mantenimiento Inform\u00e1tico , Software de Gesti\u00f3n, Soluciones de impresi\u00f3n\",\"publisher\":{\"@id\":\"https:\\\/\\\/www.apen.es\\\/#organization\"},\"potentialAction\":[{\"@type\":\"SearchAction\",\"target\":{\"@type\":\"EntryPoint\",\"urlTemplate\":\"https:\\\/\\\/www.apen.es\\\/?s={search_term_string}\"},\"query-input\":{\"@type\":\"PropertyValueSpecification\",\"valueRequired\":true,\"valueName\":\"search_term_string\"}}],\"inLanguage\":\"en-US\"},{\"@type\":\"Organization\",\"@id\":\"https:\\\/\\\/www.apen.es\\\/#organization\",\"name\":\"Apen: Soluciones inform\u00e1ticas\",\"url\":\"https:\\\/\\\/www.apen.es\\\/\",\"logo\":{\"@type\":\"ImageObject\",\"inLanguage\":\"en-US\",\"@id\":\"https:\\\/\\\/www.apen.es\\\/#\\\/schema\\\/logo\\\/image\\\/\",\"url\":\"https:\\\/\\\/www.apen.es\\\/wp-content\\\/uploads\\\/2022\\\/08\\\/logo-apenok-231x82-1.png\",\"contentUrl\":\"https:\\\/\\\/www.apen.es\\\/wp-content\\\/uploads\\\/2022\\\/08\\\/logo-apenok-231x82-1.png\",\"width\":231,\"height\":82,\"caption\":\"Apen: Soluciones inform\u00e1ticas\"},\"image\":{\"@id\":\"https:\\\/\\\/www.apen.es\\\/#\\\/schema\\\/logo\\\/image\\\/\"},\"sameAs\":[\"https:\\\/\\\/www.facebook.com\\\/apensolucions\",\"https:\\\/\\\/www.youtube.com\\\/user\\\/ApenCentreInformatic\",\"https:\\\/\\\/www.linkedin.com\\\/company\\\/1021771?trk=tyah&trkInfo=clickedVerticalcompanyclickedEntityId1021771idx2-1-2tarId1464195271196tasapenin\"]}]}<\/script>\n<!-- \/ Yoast SEO plugin. -->","yoast_head_json":{"title":"TPV Cloud - Apen Inform\u00e1tica","description":"Con TPV cloud obtienes un software de punto de venta para cualquier sector con a3ERP con diferentes opciones para todos los negocios. Conf\u00eda en Apen.","robots":{"index":"index","follow":"follow","max-snippet":"max-snippet:-1","max-image-preview":"max-image-preview:large","max-video-preview":"max-video-preview:-1"},"canonical":"https:\/\/www.apen.es\/en\/software-programa-tpv\/tpv-cloud\/","og_locale":"en_US","og_type":"article","og_title":"TPV Cloud - Apen Inform\u00e1tica","og_description":"Con TPV cloud obtienes un software de punto de venta para cualquier sector con a3ERP con diferentes opciones para todos los negocios. Conf\u00eda en Apen.","og_url":"https:\/\/www.apen.es\/en\/software-programa-tpv\/tpv-cloud\/","og_site_name":"Apen Inform\u00e1tica","article_publisher":"https:\/\/www.facebook.com\/apensolucions","article_modified_time":"2025-07-08T11:42:13+00:00","og_image":[{"width":231,"height":82,"url":"https:\/\/www.apen.es\/wp-content\/uploads\/2016\/05\/logo-apen-231x82-trasparent.png","type":"image\/png"}],"twitter_card":"summary_large_image","twitter_misc":{"Est. reading time":"5 minutes"},"schema":{"@context":"https:\/\/schema.org","@graph":[{"@type":"WebPage","@id":"https:\/\/www.apen.es\/software-programa-tpv\/tpv-cloud\/","url":"https:\/\/www.apen.es\/software-programa-tpv\/tpv-cloud\/","name":"TPV Cloud - Apen Inform\u00e1tica","isPartOf":{"@id":"https:\/\/www.apen.es\/#website"},"datePublished":"2018-07-16T10:46:18+00:00","dateModified":"2025-07-08T11:42:13+00:00","description":"Con TPV cloud obtienes un software de punto de venta para cualquier sector con a3ERP con diferentes opciones para todos los negocios. Conf\u00eda en Apen.","breadcrumb":{"@id":"https:\/\/www.apen.es\/software-programa-tpv\/tpv-cloud\/#breadcrumb"},"inLanguage":"en-US","potentialAction":[{"@type":"ReadAction","target":["https:\/\/www.apen.es\/software-programa-tpv\/tpv-cloud\/"]}]},{"@type":"BreadcrumbList","@id":"https:\/\/www.apen.es\/software-programa-tpv\/tpv-cloud\/#breadcrumb","itemListElement":[{"@type":"ListItem","position":1,"name":"Portada","item":"https:\/\/www.apen.es\/"},{"@type":"ListItem","position":2,"name":"TPV-Software Punto de venta","item":"https:\/\/www.apen.es\/software-programa-tpv\/"},{"@type":"ListItem","position":3,"name":"TPV Cloud"}]},{"@type":"WebSite","@id":"https:\/\/www.apen.es\/#website","url":"https:\/\/www.apen.es\/","name":"Apen Inform\u00e1tica","description":"IT Maintenance, Management Software, Printing Solutions","publisher":{"@id":"https:\/\/www.apen.es\/#organization"},"potentialAction":[{"@type":"SearchAction","target":{"@type":"EntryPoint","urlTemplate":"https:\/\/www.apen.es\/?s={search_term_string}"},"query-input":{"@type":"PropertyValueSpecification","valueRequired":true,"valueName":"search_term_string"}}],"inLanguage":"en-US"},{"@type":"Organization","@id":"https:\/\/www.apen.es\/#organization","name":"Apen: IT Solutions","url":"https:\/\/www.apen.es\/","logo":{"@type":"ImageObject","inLanguage":"en-US","@id":"https:\/\/www.apen.es\/#\/schema\/logo\/image\/","url":"https:\/\/www.apen.es\/wp-content\/uploads\/2022\/08\/logo-apenok-231x82-1.png","contentUrl":"https:\/\/www.apen.es\/wp-content\/uploads\/2022\/08\/logo-apenok-231x82-1.png","width":231,"height":82,"caption":"Apen: Soluciones inform\u00e1ticas"},"image":{"@id":"https:\/\/www.apen.es\/#\/schema\/logo\/image\/"},"sameAs":["https:\/\/www.facebook.com\/apensolucions","https:\/\/www.youtube.com\/user\/ApenCentreInformatic","https:\/\/www.linkedin.com\/company\/1021771?trk=tyah&trkInfo=clickedVerticalcompanyclickedEntityId1021771idx2-1-2tarId1464195271196tasapenin"]}]}},"taxonomy_info":[],"featured_image_src_large":false,"author_info":{"display_name":"marqueting","author_link":"https:\/\/www.apen.es\/en\/blog\/author\/marqueting\/"},"comment_info":0,"_links":{"self":[{"href":"https:\/\/www.apen.es\/en\/wp-json\/wp\/v2\/pages\/10675","targetHints":{"allow":["GET"]}}],"collection":[{"href":"https:\/\/www.apen.es\/en\/wp-json\/wp\/v2\/pages"}],"about":[{"href":"https:\/\/www.apen.es\/en\/wp-json\/wp\/v2\/types\/page"}],"author":[{"embeddable":true,"href":"https:\/\/www.apen.es\/en\/wp-json\/wp\/v2\/users\/4"}],"replies":[{"embeddable":true,"href":"https:\/\/www.apen.es\/en\/wp-json\/wp\/v2\/comments?post=10675"}],"version-history":[{"count":1,"href":"https:\/\/www.apen.es\/en\/wp-json\/wp\/v2\/pages\/10675\/revisions"}],"predecessor-version":[{"id":55869,"href":"https:\/\/www.apen.es\/en\/wp-json\/wp\/v2\/pages\/10675\/revisions\/55869"}],"up":[{"embeddable":true,"href":"https:\/\/www.apen.es\/en\/wp-json\/wp\/v2\/pages\/10551"}],"wp:attachment":[{"href":"https:\/\/www.apen.es\/en\/wp-json\/wp\/v2\/media?parent=10675"}],"curies":[{"name":"wp","href":"https:\/\/api.w.org\/{rel}","templated":true}]}}