{"id":10673,"date":"2018-07-16T10:44:06","date_gmt":"2018-07-16T10:44:06","guid":{"rendered":"https:\/\/www.apen.es\/?page_id=10673"},"modified":"2025-07-08T11:41:56","modified_gmt":"2025-07-08T11:41:56","slug":"software-tiendas","status":"publish","type":"page","link":"https:\/\/www.apen.es\/en\/software-programa-tpv\/software-tiendas\/","title":{"rendered":"Store software"},"content":{"rendered":"<p>He <a href=\"https:\/\/www.apen.es\/en\/software-programa-tpv\/\"><strong>software for stores<\/strong><\/a> a3ERP POS is specifically designed for use in the hospitality and retail sectors, which is why it comes in two different versions, one for each specialty. The great advantage of this <strong>software<\/strong> It can be installed in any store and offers great advantages for the speed and efficiency of the business.<\/p>\n\n\n\n<p>This <strong>software for stores<\/strong> It directly connects cash register activity with the business&#039;s accounting, invoicing, and inventory management. This way, this aspect will be much more controlled, and a real-time view of the company&#039;s finances will always be available.<\/p>\n\n\n\n<p>Among the advantages that this offers <strong>software<\/strong> We found it to be very easy and intuitive to use, so in just a few days anyone can be using it and all its tools. In addition to keeping track of purchases in real time, this <strong>software for stores<\/strong> It automatically anticipates purchases, allowing you to organize your daily work even before it&#039;s known.<\/p>\n\n\n\n<p>Customers are an essential element in the sale of any product, thanks to this <a href=\"https:\/\/www.apen.es\/en\/software-programa-tpv\/\"><strong>software<\/strong> <strong>for stores<\/strong><\/a>, The business will significantly improve the service it offers, and in this way, customers will feel more satisfied and happy with the company. <strong>software<\/strong> It is perfect for making sales much faster and more efficient, whether at the counter or at the checkout.<\/p>\n\n\n\n<p>Improving business management processes is also one of the main features of this <strong>software for<\/strong> <strong>stores<\/strong>. In this way, businesses operate much more profitably and efficiently. These changes affect both profits and the creation and retention of new customers.<\/p>\n\n\n\n<p>This <strong>software for stores<\/strong> It&#039;s ideal for automating all your processes, including pricing, payments, cash reconciliation, return vouchers, gift certificates, installment payments, and much more. All you need to control all these factors in a single program is to use this one. <strong>software for stores<\/strong>.<\/p>\n\n\n\n<p>Regarding suppliers, costs can also be calculated, payment methods managed, orders issued automatically, and purchases tracked quickly and easily. As for management, this <strong>software<\/strong> It allows you to control the system configuration and adapt it to the needs of the business to maintain optimal accounting.<\/p>\n\n\n\n<p>On the other hand, the <strong>software<\/strong> The restaurant software has essential tools for managing tables, menu items, menu modules, employee roles, tips, dish ratings, kitchen orders, and everything else needed to make the establishment run as quickly and effectively as possible.<\/p>","protected":false},"excerpt":{"rendered":"<p>El software para tiendas a3ERP tpv est\u00e1 dise\u00f1ado especialmente para ser utilizado en sectores de hosteler\u00eda y comercio, por esta raz\u00f3n dispone de dos versiones distintas, una para cada especialidad. La gran ventaja de este software es que se puede instalar en cualquier tienda y ofrece unas grandes ventajas para la rapidez y eficacia del&#8230;<\/p>","protected":false},"author":4,"featured_media":0,"parent":10551,"menu_order":0,"comment_status":"closed","ping_status":"closed","template":"page-landing-moduls.php","meta":{"_acf_changed":false,"_kad_blocks_custom_css":"","_kad_blocks_head_custom_js":"","_kad_blocks_body_custom_js":"","_kad_blocks_footer_custom_js":"","_kad_post_transparent":"","_kad_post_title":"","_kad_post_layout":"","_kad_post_sidebar_id":"","_kad_post_content_style":"","_kad_post_vertical_padding":"","_kad_post_feature":"","_kad_post_feature_position":"","_kad_post_header":false,"_kad_post_footer":false,"_kad_post_classname":"","footnotes":""},"class_list":["post-10673","page","type-page","status-publish","hentry"],"acf":[],"yoast_head":"<!-- This site is optimized with the Yoast SEO plugin v27.4 - https:\/\/yoast.com\/product\/yoast-seo-wordpress\/ -->\n<title>Software tiendas - Apen Inform\u00e1tica<\/title>\n<meta name=\"description\" content=\"Obt\u00e9n un software para tiendas TPV para puntos de venta. La mejor soluci\u00f3n para cualquier sector. Es un m\u00f3dulo totalmente integrado con a3ERP.\" \/>\n<meta name=\"robots\" content=\"index, follow, max-snippet:-1, max-image-preview:large, max-video-preview:-1\" \/>\n<link rel=\"canonical\" href=\"https:\/\/www.apen.es\/en\/software-programa-tpv\/software-tiendas\/\" \/>\n<meta property=\"og:locale\" content=\"en_US\" \/>\n<meta property=\"og:type\" content=\"article\" \/>\n<meta property=\"og:title\" content=\"Software tiendas - Apen Inform\u00e1tica\" \/>\n<meta property=\"og:description\" content=\"Obt\u00e9n un software para tiendas TPV para puntos de venta. La mejor soluci\u00f3n para cualquier sector. Es un m\u00f3dulo totalmente integrado con a3ERP.\" \/>\n<meta property=\"og:url\" content=\"https:\/\/www.apen.es\/en\/software-programa-tpv\/software-tiendas\/\" \/>\n<meta property=\"og:site_name\" content=\"Apen Inform\u00e1tica\" \/>\n<meta property=\"article:publisher\" content=\"https:\/\/www.facebook.com\/apensolucions\" \/>\n<meta property=\"article:modified_time\" content=\"2025-07-08T11:41:56+00:00\" \/>\n<meta property=\"og:image\" content=\"https:\/\/www.apen.es\/wp-content\/uploads\/2016\/05\/logo-apen-231x82-trasparent.png\" \/>\n\t<meta property=\"og:image:width\" content=\"231\" \/>\n\t<meta property=\"og:image:height\" content=\"82\" \/>\n\t<meta property=\"og:image:type\" content=\"image\/png\" \/>\n<meta name=\"twitter:card\" content=\"summary_large_image\" \/>\n<meta name=\"twitter:label1\" content=\"Est. reading time\" \/>\n\t<meta name=\"twitter:data1\" content=\"5 minutes\" \/>\n<script type=\"application\/ld+json\" class=\"yoast-schema-graph\">{\"@context\":\"https:\\\/\\\/schema.org\",\"@graph\":[{\"@type\":\"WebPage\",\"@id\":\"https:\\\/\\\/www.apen.es\\\/software-programa-tpv\\\/software-tiendas\\\/\",\"url\":\"https:\\\/\\\/www.apen.es\\\/software-programa-tpv\\\/software-tiendas\\\/\",\"name\":\"Software tiendas - Apen Inform\u00e1tica\",\"isPartOf\":{\"@id\":\"https:\\\/\\\/www.apen.es\\\/#website\"},\"datePublished\":\"2018-07-16T10:44:06+00:00\",\"dateModified\":\"2025-07-08T11:41:56+00:00\",\"description\":\"Obt\u00e9n un software para tiendas TPV para puntos de venta. La mejor soluci\u00f3n para cualquier sector. Es un m\u00f3dulo totalmente integrado con a3ERP.\",\"breadcrumb\":{\"@id\":\"https:\\\/\\\/www.apen.es\\\/software-programa-tpv\\\/software-tiendas\\\/#breadcrumb\"},\"inLanguage\":\"en-US\",\"potentialAction\":[{\"@type\":\"ReadAction\",\"target\":[\"https:\\\/\\\/www.apen.es\\\/software-programa-tpv\\\/software-tiendas\\\/\"]}]},{\"@type\":\"BreadcrumbList\",\"@id\":\"https:\\\/\\\/www.apen.es\\\/software-programa-tpv\\\/software-tiendas\\\/#breadcrumb\",\"itemListElement\":[{\"@type\":\"ListItem\",\"position\":1,\"name\":\"Portada\",\"item\":\"https:\\\/\\\/www.apen.es\\\/\"},{\"@type\":\"ListItem\",\"position\":2,\"name\":\"TPV-Software Punto de venta\",\"item\":\"https:\\\/\\\/www.apen.es\\\/software-programa-tpv\\\/\"},{\"@type\":\"ListItem\",\"position\":3,\"name\":\"Software tiendas\"}]},{\"@type\":\"WebSite\",\"@id\":\"https:\\\/\\\/www.apen.es\\\/#website\",\"url\":\"https:\\\/\\\/www.apen.es\\\/\",\"name\":\"Apen Inform\u00e1tica\",\"description\":\"Mantenimiento Inform\u00e1tico , Software de Gesti\u00f3n, Soluciones de impresi\u00f3n\",\"publisher\":{\"@id\":\"https:\\\/\\\/www.apen.es\\\/#organization\"},\"potentialAction\":[{\"@type\":\"SearchAction\",\"target\":{\"@type\":\"EntryPoint\",\"urlTemplate\":\"https:\\\/\\\/www.apen.es\\\/?s={search_term_string}\"},\"query-input\":{\"@type\":\"PropertyValueSpecification\",\"valueRequired\":true,\"valueName\":\"search_term_string\"}}],\"inLanguage\":\"en-US\"},{\"@type\":\"Organization\",\"@id\":\"https:\\\/\\\/www.apen.es\\\/#organization\",\"name\":\"Apen: Soluciones inform\u00e1ticas\",\"url\":\"https:\\\/\\\/www.apen.es\\\/\",\"logo\":{\"@type\":\"ImageObject\",\"inLanguage\":\"en-US\",\"@id\":\"https:\\\/\\\/www.apen.es\\\/#\\\/schema\\\/logo\\\/image\\\/\",\"url\":\"https:\\\/\\\/www.apen.es\\\/wp-content\\\/uploads\\\/2022\\\/08\\\/logo-apenok-231x82-1.png\",\"contentUrl\":\"https:\\\/\\\/www.apen.es\\\/wp-content\\\/uploads\\\/2022\\\/08\\\/logo-apenok-231x82-1.png\",\"width\":231,\"height\":82,\"caption\":\"Apen: Soluciones inform\u00e1ticas\"},\"image\":{\"@id\":\"https:\\\/\\\/www.apen.es\\\/#\\\/schema\\\/logo\\\/image\\\/\"},\"sameAs\":[\"https:\\\/\\\/www.facebook.com\\\/apensolucions\",\"https:\\\/\\\/www.youtube.com\\\/user\\\/ApenCentreInformatic\",\"https:\\\/\\\/www.linkedin.com\\\/company\\\/1021771?trk=tyah&trkInfo=clickedVerticalcompanyclickedEntityId1021771idx2-1-2tarId1464195271196tasapenin\"]}]}<\/script>\n<!-- \/ Yoast SEO plugin. -->","yoast_head_json":{"title":"Software tiendas - Apen Inform\u00e1tica","description":"Obt\u00e9n un software para tiendas TPV para puntos de venta. La mejor soluci\u00f3n para cualquier sector. Es un m\u00f3dulo totalmente integrado con a3ERP.","robots":{"index":"index","follow":"follow","max-snippet":"max-snippet:-1","max-image-preview":"max-image-preview:large","max-video-preview":"max-video-preview:-1"},"canonical":"https:\/\/www.apen.es\/en\/software-programa-tpv\/software-tiendas\/","og_locale":"en_US","og_type":"article","og_title":"Software tiendas - Apen Inform\u00e1tica","og_description":"Obt\u00e9n un software para tiendas TPV para puntos de venta. La mejor soluci\u00f3n para cualquier sector. Es un m\u00f3dulo totalmente integrado con a3ERP.","og_url":"https:\/\/www.apen.es\/en\/software-programa-tpv\/software-tiendas\/","og_site_name":"Apen Inform\u00e1tica","article_publisher":"https:\/\/www.facebook.com\/apensolucions","article_modified_time":"2025-07-08T11:41:56+00:00","og_image":[{"width":231,"height":82,"url":"https:\/\/www.apen.es\/wp-content\/uploads\/2016\/05\/logo-apen-231x82-trasparent.png","type":"image\/png"}],"twitter_card":"summary_large_image","twitter_misc":{"Est. reading time":"5 minutes"},"schema":{"@context":"https:\/\/schema.org","@graph":[{"@type":"WebPage","@id":"https:\/\/www.apen.es\/software-programa-tpv\/software-tiendas\/","url":"https:\/\/www.apen.es\/software-programa-tpv\/software-tiendas\/","name":"Software tiendas - Apen Inform\u00e1tica","isPartOf":{"@id":"https:\/\/www.apen.es\/#website"},"datePublished":"2018-07-16T10:44:06+00:00","dateModified":"2025-07-08T11:41:56+00:00","description":"Obt\u00e9n un software para tiendas TPV para puntos de venta. La mejor soluci\u00f3n para cualquier sector. Es un m\u00f3dulo totalmente integrado con a3ERP.","breadcrumb":{"@id":"https:\/\/www.apen.es\/software-programa-tpv\/software-tiendas\/#breadcrumb"},"inLanguage":"en-US","potentialAction":[{"@type":"ReadAction","target":["https:\/\/www.apen.es\/software-programa-tpv\/software-tiendas\/"]}]},{"@type":"BreadcrumbList","@id":"https:\/\/www.apen.es\/software-programa-tpv\/software-tiendas\/#breadcrumb","itemListElement":[{"@type":"ListItem","position":1,"name":"Portada","item":"https:\/\/www.apen.es\/"},{"@type":"ListItem","position":2,"name":"TPV-Software Punto de venta","item":"https:\/\/www.apen.es\/software-programa-tpv\/"},{"@type":"ListItem","position":3,"name":"Software tiendas"}]},{"@type":"WebSite","@id":"https:\/\/www.apen.es\/#website","url":"https:\/\/www.apen.es\/","name":"Apen Inform\u00e1tica","description":"IT Maintenance, Management Software, Printing Solutions","publisher":{"@id":"https:\/\/www.apen.es\/#organization"},"potentialAction":[{"@type":"SearchAction","target":{"@type":"EntryPoint","urlTemplate":"https:\/\/www.apen.es\/?s={search_term_string}"},"query-input":{"@type":"PropertyValueSpecification","valueRequired":true,"valueName":"search_term_string"}}],"inLanguage":"en-US"},{"@type":"Organization","@id":"https:\/\/www.apen.es\/#organization","name":"Apen: IT Solutions","url":"https:\/\/www.apen.es\/","logo":{"@type":"ImageObject","inLanguage":"en-US","@id":"https:\/\/www.apen.es\/#\/schema\/logo\/image\/","url":"https:\/\/www.apen.es\/wp-content\/uploads\/2022\/08\/logo-apenok-231x82-1.png","contentUrl":"https:\/\/www.apen.es\/wp-content\/uploads\/2022\/08\/logo-apenok-231x82-1.png","width":231,"height":82,"caption":"Apen: Soluciones inform\u00e1ticas"},"image":{"@id":"https:\/\/www.apen.es\/#\/schema\/logo\/image\/"},"sameAs":["https:\/\/www.facebook.com\/apensolucions","https:\/\/www.youtube.com\/user\/ApenCentreInformatic","https:\/\/www.linkedin.com\/company\/1021771?trk=tyah&trkInfo=clickedVerticalcompanyclickedEntityId1021771idx2-1-2tarId1464195271196tasapenin"]}]}},"taxonomy_info":[],"featured_image_src_large":false,"author_info":{"display_name":"marqueting","author_link":"https:\/\/www.apen.es\/en\/blog\/author\/marqueting\/"},"comment_info":0,"_links":{"self":[{"href":"https:\/\/www.apen.es\/en\/wp-json\/wp\/v2\/pages\/10673","targetHints":{"allow":["GET"]}}],"collection":[{"href":"https:\/\/www.apen.es\/en\/wp-json\/wp\/v2\/pages"}],"about":[{"href":"https:\/\/www.apen.es\/en\/wp-json\/wp\/v2\/types\/page"}],"author":[{"embeddable":true,"href":"https:\/\/www.apen.es\/en\/wp-json\/wp\/v2\/users\/4"}],"replies":[{"embeddable":true,"href":"https:\/\/www.apen.es\/en\/wp-json\/wp\/v2\/comments?post=10673"}],"version-history":[{"count":1,"href":"https:\/\/www.apen.es\/en\/wp-json\/wp\/v2\/pages\/10673\/revisions"}],"predecessor-version":[{"id":55868,"href":"https:\/\/www.apen.es\/en\/wp-json\/wp\/v2\/pages\/10673\/revisions\/55868"}],"up":[{"embeddable":true,"href":"https:\/\/www.apen.es\/en\/wp-json\/wp\/v2\/pages\/10551"}],"wp:attachment":[{"href":"https:\/\/www.apen.es\/en\/wp-json\/wp\/v2\/media?parent=10673"}],"curies":[{"name":"wp","href":"https:\/\/api.w.org\/{rel}","templated":true}]}}