{"id":10670,"date":"2018-07-16T10:41:35","date_gmt":"2018-07-16T10:41:35","guid":{"rendered":"https:\/\/www.apen.es\/?page_id=10670"},"modified":"2025-07-08T11:41:38","modified_gmt":"2025-07-08T11:41:38","slug":"store-program","status":"publish","type":"page","link":"https:\/\/www.apen.es\/en\/pos-program-software\/store-program\/","title":{"rendered":"Store program"},"content":{"rendered":"<p>Touchscreen POS, it&#039;s a new <a href=\"https:\/\/www.apen.es\/en\/pos-program-software\/\"><strong>store program<\/strong><\/a>, which will become the right hand of all those who have to manage a cash register and the counter in a quick and effective way, in order to streamline this moment and therefore achieve greater control, increased productivity, significant cost savings and better management of the establishment.<\/p>\n\n\n\n<p>This <strong>program for stores,<\/strong> It can be used in any type of business, whether hospitality or retail, as it adapts to the needs of each business, although there are two main versions of it. <strong>store program<\/strong>, One is the POS system for the hospitality industry, and the other is the POS system for retail.<\/p>\n\n\n\n<p>For example, in the case of managing a touchscreen POS system for restaurants, it allows for perfect control of all tables, menus, the role of each employee, a system that classifies the dishes sent to the kitchen, and even tip tracking. In contrast, in the <strong>store program<\/strong> In clothing or other sectors, all rates, return vouchers, installment payments, cash counts, advances and all other transactions made at the register can be automated.<\/p>\n\n\n\n<p>Another of the great functions of this <strong>store program<\/strong>, It works great when it comes to collecting payments, as it helps to make invoicing faster, calculate all costs, control payments and sales with foreign currencies, issue orders automatically, control invoicing and control purchases in a simple and above all very agile way.<\/p>\n\n\n\n<p>Not only that, but you can also manage the entire warehouse from this same place. <strong>store program<\/strong>, This way you can always keep stock under control, take inventory, set a sales margin on the cost price, and in this way you will have everything under control and it will be much more difficult for there to be any unforeseen events.<\/p>\n\n\n\n<p>Therefore, if what you were looking for was to improve all the management processes of your business in a profitable and efficient way, with the main objective of improving the service you offer to your customers, streamlining sales at the counter, payment at the register and thus building customer loyalty, this <a href=\"https:\/\/www.apen.es\/en\/pos-program-software\/\"><strong>program for<\/strong> <strong>stores<\/strong><\/a> It&#039;s perfect for you.<\/p>\n\n\n\n<p>Furthermore, we must also point out that this <strong>store program<\/strong>, Both the one aimed at businesses and the one aimed at restaurants are very easy to use and very intuitive, so they will allow you to automatically anticipate the purchases you need to make and organize all the work that needs to be done in a day from a single click.<\/p>","protected":false},"excerpt":{"rendered":"<p>TPV t\u00e1ctil, es un nuevo programa para tiendas, que se va a convertir en la mano derecha de todas aquellas personas que tengan que llevar la gesti\u00f3n de una caja y la en el mostrador de una forma r\u00e1pida y efectiva, con tal de agilizar este momento y por lo tanto conseguir un mayor control,&#8230;<\/p>","protected":false},"author":4,"featured_media":0,"parent":10551,"menu_order":0,"comment_status":"closed","ping_status":"closed","template":"page-landing-moduls.php","meta":{"_acf_changed":false,"_kad_blocks_custom_css":"","_kad_blocks_head_custom_js":"","_kad_blocks_body_custom_js":"","_kad_blocks_footer_custom_js":"","_kad_post_transparent":"","_kad_post_title":"","_kad_post_layout":"","_kad_post_sidebar_id":"","_kad_post_content_style":"","_kad_post_vertical_padding":"","_kad_post_feature":"","_kad_post_feature_position":"","_kad_post_header":false,"_kad_post_footer":false,"_kad_post_classname":"","footnotes":""},"class_list":["post-10670","page","type-page","status-publish","hentry"],"acf":[],"yoast_head":"<!-- This site is optimized with the Yoast SEO plugin v27.4 - https:\/\/yoast.com\/product\/yoast-seo-wordpress\/ -->\n<title>Programa para tiendas - Apen Inform\u00e1tica<\/title>\n<meta name=\"description\" content=\"Obt\u00e9n un software para tiendas TPV para puntos de venta. Nos ofrece una mejor gesti\u00f3n de la caja, terminal punto de venta y un control total del stock\" \/>\n<meta name=\"robots\" content=\"index, follow, max-snippet:-1, max-image-preview:large, max-video-preview:-1\" \/>\n<link rel=\"canonical\" href=\"https:\/\/www.apen.es\/en\/pos-program-software\/store-program\/\" \/>\n<meta property=\"og:locale\" content=\"en_US\" \/>\n<meta property=\"og:type\" content=\"article\" \/>\n<meta property=\"og:title\" content=\"Programa para tiendas - Apen Inform\u00e1tica\" \/>\n<meta property=\"og:description\" content=\"Obt\u00e9n un software para tiendas TPV para puntos de venta. Nos ofrece una mejor gesti\u00f3n de la caja, terminal punto de venta y un control total del stock\" \/>\n<meta property=\"og:url\" content=\"https:\/\/www.apen.es\/en\/pos-program-software\/store-program\/\" \/>\n<meta property=\"og:site_name\" content=\"Apen Inform\u00e1tica\" \/>\n<meta property=\"article:publisher\" content=\"https:\/\/www.facebook.com\/apensolucions\" \/>\n<meta property=\"article:modified_time\" content=\"2025-07-08T11:41:38+00:00\" \/>\n<meta property=\"og:image\" content=\"https:\/\/www.apen.es\/wp-content\/uploads\/2016\/05\/logo-apen-231x82-trasparent.png\" \/>\n\t<meta property=\"og:image:width\" content=\"231\" \/>\n\t<meta property=\"og:image:height\" content=\"82\" \/>\n\t<meta property=\"og:image:type\" content=\"image\/png\" \/>\n<meta name=\"twitter:card\" content=\"summary_large_image\" \/>\n<meta name=\"twitter:label1\" content=\"Est. reading time\" \/>\n\t<meta name=\"twitter:data1\" content=\"5 minutes\" \/>\n<script type=\"application\/ld+json\" class=\"yoast-schema-graph\">{\"@context\":\"https:\\\/\\\/schema.org\",\"@graph\":[{\"@type\":\"WebPage\",\"@id\":\"https:\\\/\\\/www.apen.es\\\/software-programa-tpv\\\/programa-para-tiendas\\\/\",\"url\":\"https:\\\/\\\/www.apen.es\\\/software-programa-tpv\\\/programa-para-tiendas\\\/\",\"name\":\"Programa para tiendas - Apen Inform\u00e1tica\",\"isPartOf\":{\"@id\":\"https:\\\/\\\/www.apen.es\\\/#website\"},\"datePublished\":\"2018-07-16T10:41:35+00:00\",\"dateModified\":\"2025-07-08T11:41:38+00:00\",\"description\":\"Obt\u00e9n un software para tiendas TPV para puntos de venta. Nos ofrece una mejor gesti\u00f3n de la caja, terminal punto de venta y un control total del stock\",\"breadcrumb\":{\"@id\":\"https:\\\/\\\/www.apen.es\\\/software-programa-tpv\\\/programa-para-tiendas\\\/#breadcrumb\"},\"inLanguage\":\"en-US\",\"potentialAction\":[{\"@type\":\"ReadAction\",\"target\":[\"https:\\\/\\\/www.apen.es\\\/software-programa-tpv\\\/programa-para-tiendas\\\/\"]}]},{\"@type\":\"BreadcrumbList\",\"@id\":\"https:\\\/\\\/www.apen.es\\\/software-programa-tpv\\\/programa-para-tiendas\\\/#breadcrumb\",\"itemListElement\":[{\"@type\":\"ListItem\",\"position\":1,\"name\":\"Portada\",\"item\":\"https:\\\/\\\/www.apen.es\\\/\"},{\"@type\":\"ListItem\",\"position\":2,\"name\":\"TPV-Software Punto de venta\",\"item\":\"https:\\\/\\\/www.apen.es\\\/software-programa-tpv\\\/\"},{\"@type\":\"ListItem\",\"position\":3,\"name\":\"Programa para tiendas\"}]},{\"@type\":\"WebSite\",\"@id\":\"https:\\\/\\\/www.apen.es\\\/#website\",\"url\":\"https:\\\/\\\/www.apen.es\\\/\",\"name\":\"Apen Inform\u00e1tica\",\"description\":\"Mantenimiento Inform\u00e1tico , Software de Gesti\u00f3n, Soluciones de impresi\u00f3n\",\"publisher\":{\"@id\":\"https:\\\/\\\/www.apen.es\\\/#organization\"},\"potentialAction\":[{\"@type\":\"SearchAction\",\"target\":{\"@type\":\"EntryPoint\",\"urlTemplate\":\"https:\\\/\\\/www.apen.es\\\/?s={search_term_string}\"},\"query-input\":{\"@type\":\"PropertyValueSpecification\",\"valueRequired\":true,\"valueName\":\"search_term_string\"}}],\"inLanguage\":\"en-US\"},{\"@type\":\"Organization\",\"@id\":\"https:\\\/\\\/www.apen.es\\\/#organization\",\"name\":\"Apen: Soluciones inform\u00e1ticas\",\"url\":\"https:\\\/\\\/www.apen.es\\\/\",\"logo\":{\"@type\":\"ImageObject\",\"inLanguage\":\"en-US\",\"@id\":\"https:\\\/\\\/www.apen.es\\\/#\\\/schema\\\/logo\\\/image\\\/\",\"url\":\"https:\\\/\\\/www.apen.es\\\/wp-content\\\/uploads\\\/2022\\\/08\\\/logo-apenok-231x82-1.png\",\"contentUrl\":\"https:\\\/\\\/www.apen.es\\\/wp-content\\\/uploads\\\/2022\\\/08\\\/logo-apenok-231x82-1.png\",\"width\":231,\"height\":82,\"caption\":\"Apen: Soluciones inform\u00e1ticas\"},\"image\":{\"@id\":\"https:\\\/\\\/www.apen.es\\\/#\\\/schema\\\/logo\\\/image\\\/\"},\"sameAs\":[\"https:\\\/\\\/www.facebook.com\\\/apensolucions\",\"https:\\\/\\\/www.youtube.com\\\/user\\\/ApenCentreInformatic\",\"https:\\\/\\\/www.linkedin.com\\\/company\\\/1021771?trk=tyah&trkInfo=clickedVerticalcompanyclickedEntityId1021771idx2-1-2tarId1464195271196tasapenin\"]}]}<\/script>\n<!-- \/ Yoast SEO plugin. -->","yoast_head_json":{"title":"Software for stores - Apen Inform\u00e1tica","description":"Get POS software for your store. It offers improved cash register management, point-of-sale terminal functionality, and complete inventory control.","robots":{"index":"index","follow":"follow","max-snippet":"max-snippet:-1","max-image-preview":"max-image-preview:large","max-video-preview":"max-video-preview:-1"},"canonical":"https:\/\/www.apen.es\/en\/pos-program-software\/store-program\/","og_locale":"en_US","og_type":"article","og_title":"Programa para tiendas - Apen Inform\u00e1tica","og_description":"Obt\u00e9n un software para tiendas TPV para puntos de venta. Nos ofrece una mejor gesti\u00f3n de la caja, terminal punto de venta y un control total del stock","og_url":"https:\/\/www.apen.es\/en\/pos-program-software\/store-program\/","og_site_name":"Apen Inform\u00e1tica","article_publisher":"https:\/\/www.facebook.com\/apensolucions","article_modified_time":"2025-07-08T11:41:38+00:00","og_image":[{"width":231,"height":82,"url":"https:\/\/www.apen.es\/wp-content\/uploads\/2016\/05\/logo-apen-231x82-trasparent.png","type":"image\/png"}],"twitter_card":"summary_large_image","twitter_misc":{"Est. reading time":"5 minutes"},"schema":{"@context":"https:\/\/schema.org","@graph":[{"@type":"WebPage","@id":"https:\/\/www.apen.es\/software-programa-tpv\/programa-para-tiendas\/","url":"https:\/\/www.apen.es\/software-programa-tpv\/programa-para-tiendas\/","name":"Software for stores - Apen Inform\u00e1tica","isPartOf":{"@id":"https:\/\/www.apen.es\/#website"},"datePublished":"2018-07-16T10:41:35+00:00","dateModified":"2025-07-08T11:41:38+00:00","description":"Get POS software for your store. It offers improved cash register management, point-of-sale terminal functionality, and complete inventory control.","breadcrumb":{"@id":"https:\/\/www.apen.es\/software-programa-tpv\/programa-para-tiendas\/#breadcrumb"},"inLanguage":"en-US","potentialAction":[{"@type":"ReadAction","target":["https:\/\/www.apen.es\/software-programa-tpv\/programa-para-tiendas\/"]}]},{"@type":"BreadcrumbList","@id":"https:\/\/www.apen.es\/software-programa-tpv\/programa-para-tiendas\/#breadcrumb","itemListElement":[{"@type":"ListItem","position":1,"name":"Portada","item":"https:\/\/www.apen.es\/"},{"@type":"ListItem","position":2,"name":"TPV-Software Punto de venta","item":"https:\/\/www.apen.es\/software-programa-tpv\/"},{"@type":"ListItem","position":3,"name":"Programa para tiendas"}]},{"@type":"WebSite","@id":"https:\/\/www.apen.es\/#website","url":"https:\/\/www.apen.es\/","name":"Apen Inform\u00e1tica","description":"IT Maintenance, Management Software, Printing Solutions","publisher":{"@id":"https:\/\/www.apen.es\/#organization"},"potentialAction":[{"@type":"SearchAction","target":{"@type":"EntryPoint","urlTemplate":"https:\/\/www.apen.es\/?s={search_term_string}"},"query-input":{"@type":"PropertyValueSpecification","valueRequired":true,"valueName":"search_term_string"}}],"inLanguage":"en-US"},{"@type":"Organization","@id":"https:\/\/www.apen.es\/#organization","name":"Apen: IT Solutions","url":"https:\/\/www.apen.es\/","logo":{"@type":"ImageObject","inLanguage":"en-US","@id":"https:\/\/www.apen.es\/#\/schema\/logo\/image\/","url":"https:\/\/www.apen.es\/wp-content\/uploads\/2022\/08\/logo-apenok-231x82-1.png","contentUrl":"https:\/\/www.apen.es\/wp-content\/uploads\/2022\/08\/logo-apenok-231x82-1.png","width":231,"height":82,"caption":"Apen: Soluciones inform\u00e1ticas"},"image":{"@id":"https:\/\/www.apen.es\/#\/schema\/logo\/image\/"},"sameAs":["https:\/\/www.facebook.com\/apensolucions","https:\/\/www.youtube.com\/user\/ApenCentreInformatic","https:\/\/www.linkedin.com\/company\/1021771?trk=tyah&trkInfo=clickedVerticalcompanyclickedEntityId1021771idx2-1-2tarId1464195271196tasapenin"]}]}},"taxonomy_info":[],"featured_image_src_large":false,"author_info":{"display_name":"marqueting","author_link":"https:\/\/www.apen.es\/en\/blog\/author\/marqueting\/"},"comment_info":0,"_links":{"self":[{"href":"https:\/\/www.apen.es\/en\/wp-json\/wp\/v2\/pages\/10670","targetHints":{"allow":["GET"]}}],"collection":[{"href":"https:\/\/www.apen.es\/en\/wp-json\/wp\/v2\/pages"}],"about":[{"href":"https:\/\/www.apen.es\/en\/wp-json\/wp\/v2\/types\/page"}],"author":[{"embeddable":true,"href":"https:\/\/www.apen.es\/en\/wp-json\/wp\/v2\/users\/4"}],"replies":[{"embeddable":true,"href":"https:\/\/www.apen.es\/en\/wp-json\/wp\/v2\/comments?post=10670"}],"version-history":[{"count":2,"href":"https:\/\/www.apen.es\/en\/wp-json\/wp\/v2\/pages\/10670\/revisions"}],"predecessor-version":[{"id":55867,"href":"https:\/\/www.apen.es\/en\/wp-json\/wp\/v2\/pages\/10670\/revisions\/55867"}],"up":[{"embeddable":true,"href":"https:\/\/www.apen.es\/en\/wp-json\/wp\/v2\/pages\/10551"}],"wp:attachment":[{"href":"https:\/\/www.apen.es\/en\/wp-json\/wp\/v2\/media?parent=10670"}],"curies":[{"name":"wp","href":"https:\/\/api.w.org\/{rel}","templated":true}]}}