{"id":10668,"date":"2018-07-16T10:38:50","date_gmt":"2018-07-16T10:38:50","guid":{"rendered":"https:\/\/www.apen.es\/?page_id=10668"},"modified":"2025-07-08T11:41:19","modified_gmt":"2025-07-08T11:41:19","slug":"erp-tiendas","status":"publish","type":"page","link":"https:\/\/www.apen.es\/en\/software-programa-tpv\/erp-tiendas\/","title":{"rendered":"ERP Stores"},"content":{"rendered":"<p>The program <strong>ERP<\/strong> It&#039;s perfect for <strong>stores<\/strong>, This program is suitable for both retail and restaurant businesses, as it offers various functionalities that adapt to the type of business you have. <strong>ERP<\/strong> It&#039;s designed to be used by anyone thanks to its intuitive and easy-to-use interface. Furthermore, many of the systems are automated, leading to much faster and more organized management.<\/p>\n\n\n\n<p>The system <strong>ERP<\/strong> for <strong>stores<\/strong> It connects the cash register activity with the accounting, invoicing and warehouse management of your business, so you can have control of your entire business from the same program, knowing all the merchandise that comes in and goes out in real time and without margin of error.<\/p>\n\n\n\n<p>This program <strong>ERP<\/strong> allows your <strong>store<\/strong> It improves both internally and externally; that is, in addition to helping organize and manage the business&#039;s accounting and invoicing, it also makes the service you offer to customers much faster and more efficient, thus improving your company&#039;s image with your target audience. All your business processes will improve, leading to greater profitability and efficiency.<\/p>\n\n\n\n<p>Various tasks can be automated so that you only need to access the system. <strong>ERP<\/strong> to see the current status of your <strong>store<\/strong>. Fees, payments, cash reconciliations, vouchers, returns, gift certificates, and installment payments can all be processed through the program. <strong>ERP<\/strong> provided that he has everything under control and offers real-time data.<\/p>\n\n\n\n<p>On the other hand, if your business is in the restaurant industry, this system <a href=\"https:\/\/www.apen.es\/en\/software-programa-tpv\/\"><strong>ERP for stores <\/strong><\/a>It will help you keep track of tables, menu items, menu modules, employee roles, kitchen orders, and everything else necessary to make your business run in a much more organized and effective way, thus guaranteeing the satisfaction of each and every one of your customers.<\/p>\n\n\n\n<p>Anyone can use this program <strong>ERP<\/strong> for <strong>stores<\/strong>, It&#039;s very intuitive, and you can master all its functions in no time. Furthermore, it allows you to configure the system to suit your needs and those of your business, so you can manage it effectively and start generating profits quickly.<\/p>\n\n\n\n<p>In addition to affecting customers, this system <a href=\"https:\/\/www.apen.es\/en\/software-programa-tpv\/\"><strong>ERP for stores<\/strong><\/a> It also helps manage the raw materials and suppliers your business uses. In this function, the system helps you manage costs and variances to ensure you buy the best product at a fair price from all your suppliers. It also does this through warehouse management and organization.<\/p>","protected":false},"excerpt":{"rendered":"<p>El programa ERP es perfecto para tiendas, tanto de comercios como de restauraci\u00f3n, ya que dispone de distintas funcionalidades que se adaptan al tipo de negocio del que dispones. Este programa ERP est\u00e1 pensado para ser utilizado por cualquier persona gracias a que es muy intuitivo y f\u00e1cil de manejar. Adem\u00e1s, muchos de los sistemas&#8230;<\/p>","protected":false},"author":4,"featured_media":0,"parent":10551,"menu_order":0,"comment_status":"closed","ping_status":"closed","template":"page-landing-moduls.php","meta":{"_acf_changed":false,"_kad_blocks_custom_css":"","_kad_blocks_head_custom_js":"","_kad_blocks_body_custom_js":"","_kad_blocks_footer_custom_js":"","_kad_post_transparent":"","_kad_post_title":"","_kad_post_layout":"","_kad_post_sidebar_id":"","_kad_post_content_style":"","_kad_post_vertical_padding":"","_kad_post_feature":"","_kad_post_feature_position":"","_kad_post_header":false,"_kad_post_footer":false,"_kad_post_classname":"","footnotes":""},"class_list":["post-10668","page","type-page","status-publish","hentry"],"acf":[],"yoast_head":"<!-- This site is optimized with the Yoast SEO plugin v27.4 - https:\/\/yoast.com\/product\/yoast-seo-wordpress\/ -->\n<title>ERP Tiendas - Apen Inform\u00e1tica<\/title>\n<meta name=\"description\" content=\"Con el software ERP tiendas obtienes la mejor soluci\u00f3n TPV del mercado para cualquier sector. Es un m\u00f3dulo totalmente integrado con a3ERP.\" \/>\n<meta name=\"robots\" content=\"index, follow, max-snippet:-1, max-image-preview:large, max-video-preview:-1\" \/>\n<link rel=\"canonical\" href=\"https:\/\/www.apen.es\/en\/software-programa-tpv\/erp-tiendas\/\" \/>\n<meta property=\"og:locale\" content=\"en_US\" \/>\n<meta property=\"og:type\" content=\"article\" \/>\n<meta property=\"og:title\" content=\"ERP Tiendas - Apen Inform\u00e1tica\" \/>\n<meta property=\"og:description\" content=\"Con el software ERP tiendas obtienes la mejor soluci\u00f3n TPV del mercado para cualquier sector. Es un m\u00f3dulo totalmente integrado con a3ERP.\" \/>\n<meta property=\"og:url\" content=\"https:\/\/www.apen.es\/en\/software-programa-tpv\/erp-tiendas\/\" \/>\n<meta property=\"og:site_name\" content=\"Apen Inform\u00e1tica\" \/>\n<meta property=\"article:publisher\" content=\"https:\/\/www.facebook.com\/apensolucions\" \/>\n<meta property=\"article:modified_time\" content=\"2025-07-08T11:41:19+00:00\" \/>\n<meta property=\"og:image\" content=\"https:\/\/www.apen.es\/wp-content\/uploads\/2016\/05\/logo-apen-231x82-trasparent.png\" \/>\n\t<meta property=\"og:image:width\" content=\"231\" \/>\n\t<meta property=\"og:image:height\" content=\"82\" \/>\n\t<meta property=\"og:image:type\" content=\"image\/png\" \/>\n<meta name=\"twitter:card\" content=\"summary_large_image\" \/>\n<meta name=\"twitter:label1\" content=\"Est. reading time\" \/>\n\t<meta name=\"twitter:data1\" content=\"5 minutes\" \/>\n<script type=\"application\/ld+json\" class=\"yoast-schema-graph\">{\"@context\":\"https:\\\/\\\/schema.org\",\"@graph\":[{\"@type\":\"WebPage\",\"@id\":\"https:\\\/\\\/www.apen.es\\\/software-programa-tpv\\\/erp-tiendas\\\/\",\"url\":\"https:\\\/\\\/www.apen.es\\\/software-programa-tpv\\\/erp-tiendas\\\/\",\"name\":\"ERP Tiendas - Apen Inform\u00e1tica\",\"isPartOf\":{\"@id\":\"https:\\\/\\\/www.apen.es\\\/#website\"},\"datePublished\":\"2018-07-16T10:38:50+00:00\",\"dateModified\":\"2025-07-08T11:41:19+00:00\",\"description\":\"Con el software ERP tiendas obtienes la mejor soluci\u00f3n TPV del mercado para cualquier sector. Es un m\u00f3dulo totalmente integrado con a3ERP.\",\"breadcrumb\":{\"@id\":\"https:\\\/\\\/www.apen.es\\\/software-programa-tpv\\\/erp-tiendas\\\/#breadcrumb\"},\"inLanguage\":\"en-US\",\"potentialAction\":[{\"@type\":\"ReadAction\",\"target\":[\"https:\\\/\\\/www.apen.es\\\/software-programa-tpv\\\/erp-tiendas\\\/\"]}]},{\"@type\":\"BreadcrumbList\",\"@id\":\"https:\\\/\\\/www.apen.es\\\/software-programa-tpv\\\/erp-tiendas\\\/#breadcrumb\",\"itemListElement\":[{\"@type\":\"ListItem\",\"position\":1,\"name\":\"Portada\",\"item\":\"https:\\\/\\\/www.apen.es\\\/\"},{\"@type\":\"ListItem\",\"position\":2,\"name\":\"TPV-Software Punto de venta\",\"item\":\"https:\\\/\\\/www.apen.es\\\/software-programa-tpv\\\/\"},{\"@type\":\"ListItem\",\"position\":3,\"name\":\"ERP Tiendas\"}]},{\"@type\":\"WebSite\",\"@id\":\"https:\\\/\\\/www.apen.es\\\/#website\",\"url\":\"https:\\\/\\\/www.apen.es\\\/\",\"name\":\"Apen Inform\u00e1tica\",\"description\":\"Mantenimiento Inform\u00e1tico , Software de Gesti\u00f3n, Soluciones de impresi\u00f3n\",\"publisher\":{\"@id\":\"https:\\\/\\\/www.apen.es\\\/#organization\"},\"potentialAction\":[{\"@type\":\"SearchAction\",\"target\":{\"@type\":\"EntryPoint\",\"urlTemplate\":\"https:\\\/\\\/www.apen.es\\\/?s={search_term_string}\"},\"query-input\":{\"@type\":\"PropertyValueSpecification\",\"valueRequired\":true,\"valueName\":\"search_term_string\"}}],\"inLanguage\":\"en-US\"},{\"@type\":\"Organization\",\"@id\":\"https:\\\/\\\/www.apen.es\\\/#organization\",\"name\":\"Apen: Soluciones inform\u00e1ticas\",\"url\":\"https:\\\/\\\/www.apen.es\\\/\",\"logo\":{\"@type\":\"ImageObject\",\"inLanguage\":\"en-US\",\"@id\":\"https:\\\/\\\/www.apen.es\\\/#\\\/schema\\\/logo\\\/image\\\/\",\"url\":\"https:\\\/\\\/www.apen.es\\\/wp-content\\\/uploads\\\/2022\\\/08\\\/logo-apenok-231x82-1.png\",\"contentUrl\":\"https:\\\/\\\/www.apen.es\\\/wp-content\\\/uploads\\\/2022\\\/08\\\/logo-apenok-231x82-1.png\",\"width\":231,\"height\":82,\"caption\":\"Apen: Soluciones inform\u00e1ticas\"},\"image\":{\"@id\":\"https:\\\/\\\/www.apen.es\\\/#\\\/schema\\\/logo\\\/image\\\/\"},\"sameAs\":[\"https:\\\/\\\/www.facebook.com\\\/apensolucions\",\"https:\\\/\\\/www.youtube.com\\\/user\\\/ApenCentreInformatic\",\"https:\\\/\\\/www.linkedin.com\\\/company\\\/1021771?trk=tyah&trkInfo=clickedVerticalcompanyclickedEntityId1021771idx2-1-2tarId1464195271196tasapenin\"]}]}<\/script>\n<!-- \/ Yoast SEO plugin. -->","yoast_head_json":{"title":"ERP Tiendas - Apen Inform\u00e1tica","description":"Con el software ERP tiendas obtienes la mejor soluci\u00f3n TPV del mercado para cualquier sector. Es un m\u00f3dulo totalmente integrado con a3ERP.","robots":{"index":"index","follow":"follow","max-snippet":"max-snippet:-1","max-image-preview":"max-image-preview:large","max-video-preview":"max-video-preview:-1"},"canonical":"https:\/\/www.apen.es\/en\/software-programa-tpv\/erp-tiendas\/","og_locale":"en_US","og_type":"article","og_title":"ERP Tiendas - Apen Inform\u00e1tica","og_description":"Con el software ERP tiendas obtienes la mejor soluci\u00f3n TPV del mercado para cualquier sector. Es un m\u00f3dulo totalmente integrado con a3ERP.","og_url":"https:\/\/www.apen.es\/en\/software-programa-tpv\/erp-tiendas\/","og_site_name":"Apen Inform\u00e1tica","article_publisher":"https:\/\/www.facebook.com\/apensolucions","article_modified_time":"2025-07-08T11:41:19+00:00","og_image":[{"width":231,"height":82,"url":"https:\/\/www.apen.es\/wp-content\/uploads\/2016\/05\/logo-apen-231x82-trasparent.png","type":"image\/png"}],"twitter_card":"summary_large_image","twitter_misc":{"Est. reading time":"5 minutes"},"schema":{"@context":"https:\/\/schema.org","@graph":[{"@type":"WebPage","@id":"https:\/\/www.apen.es\/software-programa-tpv\/erp-tiendas\/","url":"https:\/\/www.apen.es\/software-programa-tpv\/erp-tiendas\/","name":"ERP Tiendas - Apen Inform\u00e1tica","isPartOf":{"@id":"https:\/\/www.apen.es\/#website"},"datePublished":"2018-07-16T10:38:50+00:00","dateModified":"2025-07-08T11:41:19+00:00","description":"Con el software ERP tiendas obtienes la mejor soluci\u00f3n TPV del mercado para cualquier sector. Es un m\u00f3dulo totalmente integrado con a3ERP.","breadcrumb":{"@id":"https:\/\/www.apen.es\/software-programa-tpv\/erp-tiendas\/#breadcrumb"},"inLanguage":"en-US","potentialAction":[{"@type":"ReadAction","target":["https:\/\/www.apen.es\/software-programa-tpv\/erp-tiendas\/"]}]},{"@type":"BreadcrumbList","@id":"https:\/\/www.apen.es\/software-programa-tpv\/erp-tiendas\/#breadcrumb","itemListElement":[{"@type":"ListItem","position":1,"name":"Portada","item":"https:\/\/www.apen.es\/"},{"@type":"ListItem","position":2,"name":"TPV-Software Punto de venta","item":"https:\/\/www.apen.es\/software-programa-tpv\/"},{"@type":"ListItem","position":3,"name":"ERP Tiendas"}]},{"@type":"WebSite","@id":"https:\/\/www.apen.es\/#website","url":"https:\/\/www.apen.es\/","name":"Apen Inform\u00e1tica","description":"IT Maintenance, Management Software, Printing Solutions","publisher":{"@id":"https:\/\/www.apen.es\/#organization"},"potentialAction":[{"@type":"SearchAction","target":{"@type":"EntryPoint","urlTemplate":"https:\/\/www.apen.es\/?s={search_term_string}"},"query-input":{"@type":"PropertyValueSpecification","valueRequired":true,"valueName":"search_term_string"}}],"inLanguage":"en-US"},{"@type":"Organization","@id":"https:\/\/www.apen.es\/#organization","name":"Apen: IT Solutions","url":"https:\/\/www.apen.es\/","logo":{"@type":"ImageObject","inLanguage":"en-US","@id":"https:\/\/www.apen.es\/#\/schema\/logo\/image\/","url":"https:\/\/www.apen.es\/wp-content\/uploads\/2022\/08\/logo-apenok-231x82-1.png","contentUrl":"https:\/\/www.apen.es\/wp-content\/uploads\/2022\/08\/logo-apenok-231x82-1.png","width":231,"height":82,"caption":"Apen: Soluciones inform\u00e1ticas"},"image":{"@id":"https:\/\/www.apen.es\/#\/schema\/logo\/image\/"},"sameAs":["https:\/\/www.facebook.com\/apensolucions","https:\/\/www.youtube.com\/user\/ApenCentreInformatic","https:\/\/www.linkedin.com\/company\/1021771?trk=tyah&trkInfo=clickedVerticalcompanyclickedEntityId1021771idx2-1-2tarId1464195271196tasapenin"]}]}},"taxonomy_info":[],"featured_image_src_large":false,"author_info":{"display_name":"marqueting","author_link":"https:\/\/www.apen.es\/en\/blog\/author\/marqueting\/"},"comment_info":0,"_links":{"self":[{"href":"https:\/\/www.apen.es\/en\/wp-json\/wp\/v2\/pages\/10668","targetHints":{"allow":["GET"]}}],"collection":[{"href":"https:\/\/www.apen.es\/en\/wp-json\/wp\/v2\/pages"}],"about":[{"href":"https:\/\/www.apen.es\/en\/wp-json\/wp\/v2\/types\/page"}],"author":[{"embeddable":true,"href":"https:\/\/www.apen.es\/en\/wp-json\/wp\/v2\/users\/4"}],"replies":[{"embeddable":true,"href":"https:\/\/www.apen.es\/en\/wp-json\/wp\/v2\/comments?post=10668"}],"version-history":[{"count":1,"href":"https:\/\/www.apen.es\/en\/wp-json\/wp\/v2\/pages\/10668\/revisions"}],"predecessor-version":[{"id":55865,"href":"https:\/\/www.apen.es\/en\/wp-json\/wp\/v2\/pages\/10668\/revisions\/55865"}],"up":[{"embeddable":true,"href":"https:\/\/www.apen.es\/en\/wp-json\/wp\/v2\/pages\/10551"}],"wp:attachment":[{"href":"https:\/\/www.apen.es\/en\/wp-json\/wp\/v2\/media?parent=10668"}],"curies":[{"name":"wp","href":"https:\/\/api.w.org\/{rel}","templated":true}]}}