{"id":10660,"date":"2018-07-16T10:31:37","date_gmt":"2018-07-16T10:31:37","guid":{"rendered":"https:\/\/www.apen.es\/?page_id=10660"},"modified":"2025-07-08T11:40:53","modified_gmt":"2025-07-08T11:40:53","slug":"erp-restauracion","status":"publish","type":"page","link":"https:\/\/www.apen.es\/en\/software-programa-tpv\/erp-restauracion\/","title":{"rendered":"ERP Restoration"},"content":{"rendered":"<p>The program <strong>ERP<\/strong> for <strong>restoration<\/strong> It is specifically designed for businesses that need greater control over all their operations, both accounting and product-related. You can use this system in a very simple and intuitive way, and configure it to your needs so that everything is automated and you only have to review the information it provides.<\/p>\n\n\n\n<p>This system <strong>ERP<\/strong> of <strong>restoration<\/strong> It connects cash register activity with accounting, invoicing, and raw material management in the warehouse. This way, you can manage these different aspects of your restaurant business in real time. The great advantage of <strong>ERP<\/strong> <strong>restoration<\/strong> The fact is that in a single program you can manage different areas of your business, which together give you very reliable data on its current situation.<\/p>\n\n\n\n<p>The ultimate goal of this program <strong>ERP<\/strong> The key to success in the restaurant industry is controlling every aspect of your business to maximize profitability and ensure all processes are as efficient as possible. These benefits will be reflected in your employees, suppliers, and customers. <a href=\"https:\/\/www.apen.es\/en\/software-programa-tpv\/\"><strong>ERP for restoration<\/strong><\/a> It significantly improves the service you offer to your customers, as it streamlines tasks and the service is performed much faster and more satisfactorily for the customer.<\/p>\n\n\n\n<p>Some of the functions that this program performs <strong>ERP<\/strong> of <strong>restoration<\/strong> It involves managing tables, menu items, menu modules, employee roles, tips, ratings of dishes sent to the kitchen, and everything else necessary to keep your business running smoothly and under control, all with a single program. These features are perfect for managing purchases from your suppliers based on your sales to your customers.<\/p>\n\n\n\n<p>Regarding billing, <strong>ERP for restoration<\/strong> It allows for quick invoicing, installment payments, unlimited payment types, integration with electronic payment methods, and foreign currency control. This way, your business&#039;s invoicing will be well-managed and up-to-date at all times thanks to the program. <a href=\"https:\/\/www.apen.es\/en\/software-programa-tpv\/\"><strong>ERP for restoration<\/strong><\/a>.<\/p>\n\n\n\n<p>When it comes to sales in your business, this program allows you to perform countless tasks, including creating sales and raw material consumption records, controlling unlimited sales areas, setting a sales margin on cost or sales price, and many other features that will make managing your business much easier.<\/p>\n\n\n\n<p>Finally, you&#039;ll be able to define your suppliers, recalculate costs, analyze losses and discrepancies, and control your sales inventory as well as your warehouse stock. Thanks to this, you&#039;ll know exactly what merchandise you have on hand and be able to automate the system to make purchases from suppliers whenever necessary.<\/p>","protected":false},"excerpt":{"rendered":"<p>El programa ERP para restauraci\u00f3n est\u00e1 especialmente dise\u00f1ado para ser utilizado en comercios que necesiten llevar un mayor control de todos los movimientos que se realizan en su negocio, ya sean contables como de producto. Podr\u00e1s utilizar este sistema de una forma muy sencilla e intuitiva, adem\u00e1s de configurarlo seg\u00fan tus necesidades con tal de&#8230;<\/p>","protected":false},"author":4,"featured_media":0,"parent":10551,"menu_order":0,"comment_status":"closed","ping_status":"closed","template":"page-landing-moduls.php","meta":{"_acf_changed":false,"_kad_blocks_custom_css":"","_kad_blocks_head_custom_js":"","_kad_blocks_body_custom_js":"","_kad_blocks_footer_custom_js":"","_kad_post_transparent":"","_kad_post_title":"","_kad_post_layout":"","_kad_post_sidebar_id":"","_kad_post_content_style":"","_kad_post_vertical_padding":"","_kad_post_feature":"","_kad_post_feature_position":"","_kad_post_header":false,"_kad_post_footer":false,"_kad_post_classname":"","footnotes":""},"class_list":["post-10660","page","type-page","status-publish","hentry"],"acf":[],"yoast_head":"<!-- This site is optimized with the Yoast SEO plugin v27.4 - https:\/\/yoast.com\/product\/yoast-seo-wordpress\/ -->\n<title>ERP Restauraci\u00f3n - Apen Inform\u00e1tica<\/title>\n<meta name=\"description\" content=\"ERP Restauraci\u00f3n es la mejor soluci\u00f3n TPV del mercado para cualquier sector. Es un software TPV para puntos de venta totalmente integrado con a3ERP.\" \/>\n<meta name=\"robots\" content=\"index, follow, max-snippet:-1, max-image-preview:large, max-video-preview:-1\" \/>\n<link rel=\"canonical\" href=\"https:\/\/www.apen.es\/en\/software-programa-tpv\/erp-restauracion\/\" \/>\n<meta property=\"og:locale\" content=\"en_US\" \/>\n<meta property=\"og:type\" content=\"article\" \/>\n<meta property=\"og:title\" content=\"ERP Restauraci\u00f3n - Apen Inform\u00e1tica\" \/>\n<meta property=\"og:description\" content=\"ERP Restauraci\u00f3n es la mejor soluci\u00f3n TPV del mercado para cualquier sector. Es un software TPV para puntos de venta totalmente integrado con a3ERP.\" \/>\n<meta property=\"og:url\" content=\"https:\/\/www.apen.es\/en\/software-programa-tpv\/erp-restauracion\/\" \/>\n<meta property=\"og:site_name\" content=\"Apen Inform\u00e1tica\" \/>\n<meta property=\"article:publisher\" content=\"https:\/\/www.facebook.com\/apensolucions\" \/>\n<meta property=\"article:modified_time\" content=\"2025-07-08T11:40:53+00:00\" \/>\n<meta property=\"og:image\" content=\"https:\/\/www.apen.es\/wp-content\/uploads\/2016\/05\/logo-apen-231x82-trasparent.png\" \/>\n\t<meta property=\"og:image:width\" content=\"231\" \/>\n\t<meta property=\"og:image:height\" content=\"82\" \/>\n\t<meta property=\"og:image:type\" content=\"image\/png\" \/>\n<meta name=\"twitter:card\" content=\"summary_large_image\" \/>\n<meta name=\"twitter:label1\" content=\"Est. reading time\" \/>\n\t<meta name=\"twitter:data1\" content=\"5 minutes\" \/>\n<script type=\"application\/ld+json\" class=\"yoast-schema-graph\">{\"@context\":\"https:\\\/\\\/schema.org\",\"@graph\":[{\"@type\":\"WebPage\",\"@id\":\"https:\\\/\\\/www.apen.es\\\/software-programa-tpv\\\/erp-restauracion\\\/\",\"url\":\"https:\\\/\\\/www.apen.es\\\/software-programa-tpv\\\/erp-restauracion\\\/\",\"name\":\"ERP Restauraci\u00f3n - Apen Inform\u00e1tica\",\"isPartOf\":{\"@id\":\"https:\\\/\\\/www.apen.es\\\/#website\"},\"datePublished\":\"2018-07-16T10:31:37+00:00\",\"dateModified\":\"2025-07-08T11:40:53+00:00\",\"description\":\"ERP Restauraci\u00f3n es la mejor soluci\u00f3n TPV del mercado para cualquier sector. Es un software TPV para puntos de venta totalmente integrado con a3ERP.\",\"breadcrumb\":{\"@id\":\"https:\\\/\\\/www.apen.es\\\/software-programa-tpv\\\/erp-restauracion\\\/#breadcrumb\"},\"inLanguage\":\"en-US\",\"potentialAction\":[{\"@type\":\"ReadAction\",\"target\":[\"https:\\\/\\\/www.apen.es\\\/software-programa-tpv\\\/erp-restauracion\\\/\"]}]},{\"@type\":\"BreadcrumbList\",\"@id\":\"https:\\\/\\\/www.apen.es\\\/software-programa-tpv\\\/erp-restauracion\\\/#breadcrumb\",\"itemListElement\":[{\"@type\":\"ListItem\",\"position\":1,\"name\":\"Portada\",\"item\":\"https:\\\/\\\/www.apen.es\\\/\"},{\"@type\":\"ListItem\",\"position\":2,\"name\":\"TPV-Software Punto de venta\",\"item\":\"https:\\\/\\\/www.apen.es\\\/software-programa-tpv\\\/\"},{\"@type\":\"ListItem\",\"position\":3,\"name\":\"ERP Restauraci\u00f3n\"}]},{\"@type\":\"WebSite\",\"@id\":\"https:\\\/\\\/www.apen.es\\\/#website\",\"url\":\"https:\\\/\\\/www.apen.es\\\/\",\"name\":\"Apen Inform\u00e1tica\",\"description\":\"Mantenimiento Inform\u00e1tico , Software de Gesti\u00f3n, Soluciones de impresi\u00f3n\",\"publisher\":{\"@id\":\"https:\\\/\\\/www.apen.es\\\/#organization\"},\"potentialAction\":[{\"@type\":\"SearchAction\",\"target\":{\"@type\":\"EntryPoint\",\"urlTemplate\":\"https:\\\/\\\/www.apen.es\\\/?s={search_term_string}\"},\"query-input\":{\"@type\":\"PropertyValueSpecification\",\"valueRequired\":true,\"valueName\":\"search_term_string\"}}],\"inLanguage\":\"en-US\"},{\"@type\":\"Organization\",\"@id\":\"https:\\\/\\\/www.apen.es\\\/#organization\",\"name\":\"Apen: Soluciones inform\u00e1ticas\",\"url\":\"https:\\\/\\\/www.apen.es\\\/\",\"logo\":{\"@type\":\"ImageObject\",\"inLanguage\":\"en-US\",\"@id\":\"https:\\\/\\\/www.apen.es\\\/#\\\/schema\\\/logo\\\/image\\\/\",\"url\":\"https:\\\/\\\/www.apen.es\\\/wp-content\\\/uploads\\\/2022\\\/08\\\/logo-apenok-231x82-1.png\",\"contentUrl\":\"https:\\\/\\\/www.apen.es\\\/wp-content\\\/uploads\\\/2022\\\/08\\\/logo-apenok-231x82-1.png\",\"width\":231,\"height\":82,\"caption\":\"Apen: Soluciones inform\u00e1ticas\"},\"image\":{\"@id\":\"https:\\\/\\\/www.apen.es\\\/#\\\/schema\\\/logo\\\/image\\\/\"},\"sameAs\":[\"https:\\\/\\\/www.facebook.com\\\/apensolucions\",\"https:\\\/\\\/www.youtube.com\\\/user\\\/ApenCentreInformatic\",\"https:\\\/\\\/www.linkedin.com\\\/company\\\/1021771?trk=tyah&trkInfo=clickedVerticalcompanyclickedEntityId1021771idx2-1-2tarId1464195271196tasapenin\"]}]}<\/script>\n<!-- \/ Yoast SEO plugin. -->","yoast_head_json":{"title":"ERP Restauraci\u00f3n - Apen Inform\u00e1tica","description":"ERP Restauraci\u00f3n es la mejor soluci\u00f3n TPV del mercado para cualquier sector. Es un software TPV para puntos de venta totalmente integrado con a3ERP.","robots":{"index":"index","follow":"follow","max-snippet":"max-snippet:-1","max-image-preview":"max-image-preview:large","max-video-preview":"max-video-preview:-1"},"canonical":"https:\/\/www.apen.es\/en\/software-programa-tpv\/erp-restauracion\/","og_locale":"en_US","og_type":"article","og_title":"ERP Restauraci\u00f3n - Apen Inform\u00e1tica","og_description":"ERP Restauraci\u00f3n es la mejor soluci\u00f3n TPV del mercado para cualquier sector. Es un software TPV para puntos de venta totalmente integrado con a3ERP.","og_url":"https:\/\/www.apen.es\/en\/software-programa-tpv\/erp-restauracion\/","og_site_name":"Apen Inform\u00e1tica","article_publisher":"https:\/\/www.facebook.com\/apensolucions","article_modified_time":"2025-07-08T11:40:53+00:00","og_image":[{"width":231,"height":82,"url":"https:\/\/www.apen.es\/wp-content\/uploads\/2016\/05\/logo-apen-231x82-trasparent.png","type":"image\/png"}],"twitter_card":"summary_large_image","twitter_misc":{"Est. reading time":"5 minutes"},"schema":{"@context":"https:\/\/schema.org","@graph":[{"@type":"WebPage","@id":"https:\/\/www.apen.es\/software-programa-tpv\/erp-restauracion\/","url":"https:\/\/www.apen.es\/software-programa-tpv\/erp-restauracion\/","name":"ERP Restauraci\u00f3n - Apen Inform\u00e1tica","isPartOf":{"@id":"https:\/\/www.apen.es\/#website"},"datePublished":"2018-07-16T10:31:37+00:00","dateModified":"2025-07-08T11:40:53+00:00","description":"ERP Restauraci\u00f3n es la mejor soluci\u00f3n TPV del mercado para cualquier sector. Es un software TPV para puntos de venta totalmente integrado con a3ERP.","breadcrumb":{"@id":"https:\/\/www.apen.es\/software-programa-tpv\/erp-restauracion\/#breadcrumb"},"inLanguage":"en-US","potentialAction":[{"@type":"ReadAction","target":["https:\/\/www.apen.es\/software-programa-tpv\/erp-restauracion\/"]}]},{"@type":"BreadcrumbList","@id":"https:\/\/www.apen.es\/software-programa-tpv\/erp-restauracion\/#breadcrumb","itemListElement":[{"@type":"ListItem","position":1,"name":"Portada","item":"https:\/\/www.apen.es\/"},{"@type":"ListItem","position":2,"name":"TPV-Software Punto de venta","item":"https:\/\/www.apen.es\/software-programa-tpv\/"},{"@type":"ListItem","position":3,"name":"ERP Restauraci\u00f3n"}]},{"@type":"WebSite","@id":"https:\/\/www.apen.es\/#website","url":"https:\/\/www.apen.es\/","name":"Apen Inform\u00e1tica","description":"IT Maintenance, Management Software, Printing Solutions","publisher":{"@id":"https:\/\/www.apen.es\/#organization"},"potentialAction":[{"@type":"SearchAction","target":{"@type":"EntryPoint","urlTemplate":"https:\/\/www.apen.es\/?s={search_term_string}"},"query-input":{"@type":"PropertyValueSpecification","valueRequired":true,"valueName":"search_term_string"}}],"inLanguage":"en-US"},{"@type":"Organization","@id":"https:\/\/www.apen.es\/#organization","name":"Apen: IT Solutions","url":"https:\/\/www.apen.es\/","logo":{"@type":"ImageObject","inLanguage":"en-US","@id":"https:\/\/www.apen.es\/#\/schema\/logo\/image\/","url":"https:\/\/www.apen.es\/wp-content\/uploads\/2022\/08\/logo-apenok-231x82-1.png","contentUrl":"https:\/\/www.apen.es\/wp-content\/uploads\/2022\/08\/logo-apenok-231x82-1.png","width":231,"height":82,"caption":"Apen: Soluciones inform\u00e1ticas"},"image":{"@id":"https:\/\/www.apen.es\/#\/schema\/logo\/image\/"},"sameAs":["https:\/\/www.facebook.com\/apensolucions","https:\/\/www.youtube.com\/user\/ApenCentreInformatic","https:\/\/www.linkedin.com\/company\/1021771?trk=tyah&trkInfo=clickedVerticalcompanyclickedEntityId1021771idx2-1-2tarId1464195271196tasapenin"]}]}},"taxonomy_info":[],"featured_image_src_large":false,"author_info":{"display_name":"marqueting","author_link":"https:\/\/www.apen.es\/en\/blog\/author\/marqueting\/"},"comment_info":0,"_links":{"self":[{"href":"https:\/\/www.apen.es\/en\/wp-json\/wp\/v2\/pages\/10660","targetHints":{"allow":["GET"]}}],"collection":[{"href":"https:\/\/www.apen.es\/en\/wp-json\/wp\/v2\/pages"}],"about":[{"href":"https:\/\/www.apen.es\/en\/wp-json\/wp\/v2\/types\/page"}],"author":[{"embeddable":true,"href":"https:\/\/www.apen.es\/en\/wp-json\/wp\/v2\/users\/4"}],"replies":[{"embeddable":true,"href":"https:\/\/www.apen.es\/en\/wp-json\/wp\/v2\/comments?post=10660"}],"version-history":[{"count":1,"href":"https:\/\/www.apen.es\/en\/wp-json\/wp\/v2\/pages\/10660\/revisions"}],"predecessor-version":[{"id":55863,"href":"https:\/\/www.apen.es\/en\/wp-json\/wp\/v2\/pages\/10660\/revisions\/55863"}],"up":[{"embeddable":true,"href":"https:\/\/www.apen.es\/en\/wp-json\/wp\/v2\/pages\/10551"}],"wp:attachment":[{"href":"https:\/\/www.apen.es\/en\/wp-json\/wp\/v2\/media?parent=10660"}],"curies":[{"name":"wp","href":"https:\/\/api.w.org\/{rel}","templated":true}]}}