{"id":10591,"date":"2018-07-10T13:21:06","date_gmt":"2018-07-10T13:21:06","guid":{"rendered":"https:\/\/www.apen.es\/?page_id=10591"},"modified":"2025-07-08T11:30:39","modified_gmt":"2025-07-08T11:30:39","slug":"software-de-movilidad","status":"publish","type":"page","link":"https:\/\/www.apen.es\/en\/sales-mobility\/software-de-movilidad\/","title":{"rendered":"Mobility software"},"content":{"rendered":"<p>Sale Mobility is the <strong>Mobility software<\/strong> which connects with your company&#039;s a3ERP in order to manage all the commercial aspects of your business, with the main purpose of boosting all company sales and thus achieving greater profits.<\/p>\n\n\n\n<p>This <strong>Mobility software<\/strong> It is available as an app compatible with the most popular mobile phone systems, meaning it&#039;s available for both iOS and Android. It&#039;s also worth noting that it is a <strong>Mobility software<\/strong> Very easy to use, so that anyone without extensive computer skills can use it.<\/p>\n\n\n\n<p>He <strong>Mobility software<\/strong>. Sales Mobility offers significant advantages for the business in general, but specifically for your company&#039;s sales team, as it will help them perform their daily tasks much more efficiently, thus achieving greater productivity. This is because the application of <strong>Mobility software<\/strong>, It helps you plan and manage your entire daily schedule intelligently, creating routes and guiding you to the places you need to go. It also allows you to add reminders and alarms so your sales team doesn&#039;t forget anything.<\/p>\n\n\n\n<p>Another advantage of this <strong>Mobility software<\/strong> For the sales team, the advantage is that they have a wide variety of tools to facilitate sales and their subsequent closing, as they have a broad catalog of multimedia content about your company&#039;s products, such as a catalog, a PDF, photos or a video.<\/p>\n\n\n\n<p>This multimedia content that we will have in the <strong>Mobility software<\/strong>, This will make customers see the product as much more attractive and of higher quality, thus making a sale much easier. Furthermore, once the sale is accepted, the <strong>Software<\/strong> <strong>mobility<\/strong> It gives us the ability to access customer history to check their data and create order proposals.<\/p>\n\n\n\n<p>Finally, we must also highlight that the advantages are not only for the sales team, but the company as a whole will also benefit from having a <strong>Mobility software<\/strong>, Since you will save costs by optimizing administrative costs, it will offer you a strategic and analytical vision to make future decisions and will help you with easy installation adapted to the needs of the company.<\/p>","protected":false},"excerpt":{"rendered":"<p>Sale Mobility es el Software de movilidad que se conecta con el a3ERP de vuestra empresa con tal de gestionar toda la parte comercial de vuestro negocio, con la principal finalidad de potenciar todas las ventas de la compa\u00f1\u00eda y de esta forma tener mayores beneficios. Este Software de movilidad est\u00e1 disponible en una aplicaci\u00f3n&#8230;<\/p>","protected":false},"author":4,"featured_media":0,"parent":10357,"menu_order":0,"comment_status":"closed","ping_status":"closed","template":"page-landing-moduls.php","meta":{"_acf_changed":false,"_kad_blocks_custom_css":"","_kad_blocks_head_custom_js":"","_kad_blocks_body_custom_js":"","_kad_blocks_footer_custom_js":"","_kad_post_transparent":"","_kad_post_title":"","_kad_post_layout":"","_kad_post_sidebar_id":"","_kad_post_content_style":"","_kad_post_vertical_padding":"","_kad_post_feature":"","_kad_post_feature_position":"","_kad_post_header":false,"_kad_post_footer":false,"_kad_post_classname":"","footnotes":""},"class_list":["post-10591","page","type-page","status-publish","hentry"],"acf":[],"yoast_head":"<!-- This site is optimized with the Yoast SEO plugin v27.4 - https:\/\/yoast.com\/product\/yoast-seo-wordpress\/ -->\n<title>Software de movilidad - Apen Inform\u00e1tica<\/title>\n<meta name=\"description\" content=\"Sale Mobility es el Software de movilidad que se conecta con el a3ERP de vuestra empresa con tal de gestionar toda la parte comercial de vuestro negocio\" \/>\n<meta name=\"robots\" content=\"index, follow, max-snippet:-1, max-image-preview:large, max-video-preview:-1\" \/>\n<link rel=\"canonical\" href=\"https:\/\/www.apen.es\/en\/sales-mobility\/software-de-movilidad\/\" \/>\n<meta property=\"og:locale\" content=\"en_US\" \/>\n<meta property=\"og:type\" content=\"article\" \/>\n<meta property=\"og:title\" content=\"Software de movilidad - Apen Inform\u00e1tica\" \/>\n<meta property=\"og:description\" content=\"Sale Mobility es el Software de movilidad que se conecta con el a3ERP de vuestra empresa con tal de gestionar toda la parte comercial de vuestro negocio\" \/>\n<meta property=\"og:url\" content=\"https:\/\/www.apen.es\/en\/sales-mobility\/software-de-movilidad\/\" \/>\n<meta property=\"og:site_name\" content=\"Apen Inform\u00e1tica\" \/>\n<meta property=\"article:publisher\" content=\"https:\/\/www.facebook.com\/apensolucions\" \/>\n<meta property=\"article:modified_time\" content=\"2025-07-08T11:30:39+00:00\" \/>\n<meta property=\"og:image\" content=\"https:\/\/www.apen.es\/wp-content\/uploads\/2016\/05\/logo-apen-231x82-trasparent.png\" \/>\n\t<meta property=\"og:image:width\" content=\"231\" \/>\n\t<meta property=\"og:image:height\" content=\"82\" \/>\n\t<meta property=\"og:image:type\" content=\"image\/png\" \/>\n<meta name=\"twitter:card\" content=\"summary_large_image\" \/>\n<meta name=\"twitter:label1\" content=\"Est. reading time\" \/>\n\t<meta name=\"twitter:data1\" content=\"6 minutes\" \/>\n<script type=\"application\/ld+json\" class=\"yoast-schema-graph\">{\"@context\":\"https:\\\/\\\/schema.org\",\"@graph\":[{\"@type\":\"WebPage\",\"@id\":\"https:\\\/\\\/www.apen.es\\\/sales-mobility\\\/software-de-movilidad\\\/\",\"url\":\"https:\\\/\\\/www.apen.es\\\/sales-mobility\\\/software-de-movilidad\\\/\",\"name\":\"Software de movilidad - Apen Inform\u00e1tica\",\"isPartOf\":{\"@id\":\"https:\\\/\\\/www.apen.es\\\/#website\"},\"datePublished\":\"2018-07-10T13:21:06+00:00\",\"dateModified\":\"2025-07-08T11:30:39+00:00\",\"description\":\"Sale Mobility es el Software de movilidad que se conecta con el a3ERP de vuestra empresa con tal de gestionar toda la parte comercial de vuestro negocio\",\"breadcrumb\":{\"@id\":\"https:\\\/\\\/www.apen.es\\\/sales-mobility\\\/software-de-movilidad\\\/#breadcrumb\"},\"inLanguage\":\"en-US\",\"potentialAction\":[{\"@type\":\"ReadAction\",\"target\":[\"https:\\\/\\\/www.apen.es\\\/sales-mobility\\\/software-de-movilidad\\\/\"]}]},{\"@type\":\"BreadcrumbList\",\"@id\":\"https:\\\/\\\/www.apen.es\\\/sales-mobility\\\/software-de-movilidad\\\/#breadcrumb\",\"itemListElement\":[{\"@type\":\"ListItem\",\"position\":1,\"name\":\"Portada\",\"item\":\"https:\\\/\\\/www.apen.es\\\/\"},{\"@type\":\"ListItem\",\"position\":2,\"name\":\"Sales Mobility\",\"item\":\"https:\\\/\\\/www.apen.es\\\/sales-mobility\\\/\"},{\"@type\":\"ListItem\",\"position\":3,\"name\":\"Software de movilidad\"}]},{\"@type\":\"WebSite\",\"@id\":\"https:\\\/\\\/www.apen.es\\\/#website\",\"url\":\"https:\\\/\\\/www.apen.es\\\/\",\"name\":\"Apen Inform\u00e1tica\",\"description\":\"Mantenimiento Inform\u00e1tico , Software de Gesti\u00f3n, Soluciones de impresi\u00f3n\",\"publisher\":{\"@id\":\"https:\\\/\\\/www.apen.es\\\/#organization\"},\"potentialAction\":[{\"@type\":\"SearchAction\",\"target\":{\"@type\":\"EntryPoint\",\"urlTemplate\":\"https:\\\/\\\/www.apen.es\\\/?s={search_term_string}\"},\"query-input\":{\"@type\":\"PropertyValueSpecification\",\"valueRequired\":true,\"valueName\":\"search_term_string\"}}],\"inLanguage\":\"en-US\"},{\"@type\":\"Organization\",\"@id\":\"https:\\\/\\\/www.apen.es\\\/#organization\",\"name\":\"Apen: Soluciones inform\u00e1ticas\",\"url\":\"https:\\\/\\\/www.apen.es\\\/\",\"logo\":{\"@type\":\"ImageObject\",\"inLanguage\":\"en-US\",\"@id\":\"https:\\\/\\\/www.apen.es\\\/#\\\/schema\\\/logo\\\/image\\\/\",\"url\":\"https:\\\/\\\/www.apen.es\\\/wp-content\\\/uploads\\\/2022\\\/08\\\/logo-apenok-231x82-1.png\",\"contentUrl\":\"https:\\\/\\\/www.apen.es\\\/wp-content\\\/uploads\\\/2022\\\/08\\\/logo-apenok-231x82-1.png\",\"width\":231,\"height\":82,\"caption\":\"Apen: Soluciones inform\u00e1ticas\"},\"image\":{\"@id\":\"https:\\\/\\\/www.apen.es\\\/#\\\/schema\\\/logo\\\/image\\\/\"},\"sameAs\":[\"https:\\\/\\\/www.facebook.com\\\/apensolucions\",\"https:\\\/\\\/www.youtube.com\\\/user\\\/ApenCentreInformatic\",\"https:\\\/\\\/www.linkedin.com\\\/company\\\/1021771?trk=tyah&trkInfo=clickedVerticalcompanyclickedEntityId1021771idx2-1-2tarId1464195271196tasapenin\"]}]}<\/script>\n<!-- \/ Yoast SEO plugin. -->","yoast_head_json":{"title":"Software de movilidad - Apen Inform\u00e1tica","description":"Sale Mobility es el Software de movilidad que se conecta con el a3ERP de vuestra empresa con tal de gestionar toda la parte comercial de vuestro negocio","robots":{"index":"index","follow":"follow","max-snippet":"max-snippet:-1","max-image-preview":"max-image-preview:large","max-video-preview":"max-video-preview:-1"},"canonical":"https:\/\/www.apen.es\/en\/sales-mobility\/software-de-movilidad\/","og_locale":"en_US","og_type":"article","og_title":"Software de movilidad - Apen Inform\u00e1tica","og_description":"Sale Mobility es el Software de movilidad que se conecta con el a3ERP de vuestra empresa con tal de gestionar toda la parte comercial de vuestro negocio","og_url":"https:\/\/www.apen.es\/en\/sales-mobility\/software-de-movilidad\/","og_site_name":"Apen Inform\u00e1tica","article_publisher":"https:\/\/www.facebook.com\/apensolucions","article_modified_time":"2025-07-08T11:30:39+00:00","og_image":[{"width":231,"height":82,"url":"https:\/\/www.apen.es\/wp-content\/uploads\/2016\/05\/logo-apen-231x82-trasparent.png","type":"image\/png"}],"twitter_card":"summary_large_image","twitter_misc":{"Est. reading time":"6 minutes"},"schema":{"@context":"https:\/\/schema.org","@graph":[{"@type":"WebPage","@id":"https:\/\/www.apen.es\/sales-mobility\/software-de-movilidad\/","url":"https:\/\/www.apen.es\/sales-mobility\/software-de-movilidad\/","name":"Software de movilidad - Apen Inform\u00e1tica","isPartOf":{"@id":"https:\/\/www.apen.es\/#website"},"datePublished":"2018-07-10T13:21:06+00:00","dateModified":"2025-07-08T11:30:39+00:00","description":"Sale Mobility es el Software de movilidad que se conecta con el a3ERP de vuestra empresa con tal de gestionar toda la parte comercial de vuestro negocio","breadcrumb":{"@id":"https:\/\/www.apen.es\/sales-mobility\/software-de-movilidad\/#breadcrumb"},"inLanguage":"en-US","potentialAction":[{"@type":"ReadAction","target":["https:\/\/www.apen.es\/sales-mobility\/software-de-movilidad\/"]}]},{"@type":"BreadcrumbList","@id":"https:\/\/www.apen.es\/sales-mobility\/software-de-movilidad\/#breadcrumb","itemListElement":[{"@type":"ListItem","position":1,"name":"Portada","item":"https:\/\/www.apen.es\/"},{"@type":"ListItem","position":2,"name":"Sales Mobility","item":"https:\/\/www.apen.es\/sales-mobility\/"},{"@type":"ListItem","position":3,"name":"Software de movilidad"}]},{"@type":"WebSite","@id":"https:\/\/www.apen.es\/#website","url":"https:\/\/www.apen.es\/","name":"Apen Inform\u00e1tica","description":"IT Maintenance, Management Software, Printing Solutions","publisher":{"@id":"https:\/\/www.apen.es\/#organization"},"potentialAction":[{"@type":"SearchAction","target":{"@type":"EntryPoint","urlTemplate":"https:\/\/www.apen.es\/?s={search_term_string}"},"query-input":{"@type":"PropertyValueSpecification","valueRequired":true,"valueName":"search_term_string"}}],"inLanguage":"en-US"},{"@type":"Organization","@id":"https:\/\/www.apen.es\/#organization","name":"Apen: IT Solutions","url":"https:\/\/www.apen.es\/","logo":{"@type":"ImageObject","inLanguage":"en-US","@id":"https:\/\/www.apen.es\/#\/schema\/logo\/image\/","url":"https:\/\/www.apen.es\/wp-content\/uploads\/2022\/08\/logo-apenok-231x82-1.png","contentUrl":"https:\/\/www.apen.es\/wp-content\/uploads\/2022\/08\/logo-apenok-231x82-1.png","width":231,"height":82,"caption":"Apen: Soluciones inform\u00e1ticas"},"image":{"@id":"https:\/\/www.apen.es\/#\/schema\/logo\/image\/"},"sameAs":["https:\/\/www.facebook.com\/apensolucions","https:\/\/www.youtube.com\/user\/ApenCentreInformatic","https:\/\/www.linkedin.com\/company\/1021771?trk=tyah&trkInfo=clickedVerticalcompanyclickedEntityId1021771idx2-1-2tarId1464195271196tasapenin"]}]}},"taxonomy_info":[],"featured_image_src_large":false,"author_info":{"display_name":"marqueting","author_link":"https:\/\/www.apen.es\/en\/blog\/author\/marqueting\/"},"comment_info":0,"_links":{"self":[{"href":"https:\/\/www.apen.es\/en\/wp-json\/wp\/v2\/pages\/10591","targetHints":{"allow":["GET"]}}],"collection":[{"href":"https:\/\/www.apen.es\/en\/wp-json\/wp\/v2\/pages"}],"about":[{"href":"https:\/\/www.apen.es\/en\/wp-json\/wp\/v2\/types\/page"}],"author":[{"embeddable":true,"href":"https:\/\/www.apen.es\/en\/wp-json\/wp\/v2\/users\/4"}],"replies":[{"embeddable":true,"href":"https:\/\/www.apen.es\/en\/wp-json\/wp\/v2\/comments?post=10591"}],"version-history":[{"count":1,"href":"https:\/\/www.apen.es\/en\/wp-json\/wp\/v2\/pages\/10591\/revisions"}],"predecessor-version":[{"id":55862,"href":"https:\/\/www.apen.es\/en\/wp-json\/wp\/v2\/pages\/10591\/revisions\/55862"}],"up":[{"embeddable":true,"href":"https:\/\/www.apen.es\/en\/wp-json\/wp\/v2\/pages\/10357"}],"wp:attachment":[{"href":"https:\/\/www.apen.es\/en\/wp-json\/wp\/v2\/media?parent=10591"}],"curies":[{"name":"wp","href":"https:\/\/api.w.org\/{rel}","templated":true}]}}