{"id":10502,"date":"2018-06-25T06:21:08","date_gmt":"2018-06-25T06:21:08","guid":{"rendered":"https:\/\/www.apen.es\/?page_id=10502"},"modified":"2025-06-27T07:52:47","modified_gmt":"2025-06-27T07:52:47","slug":"payroll-software","status":"publish","type":"page","link":"https:\/\/www.apen.es\/en\/nomina-cloud\/software-de-nominas\/","title":{"rendered":"Payroll Software"},"content":{"rendered":"<p>More and more companies are automating all kinds of simple processes so that employees can dedicate their time to tasks and work that are truly important to the company. In this way, the <a href=\"\/en\/cloud-payroll\/\"><strong>payroll software<\/strong><\/a> a3payroll cloud is perfect for managing all types of employment documentation and <strong>payrolls<\/strong>, regardless of the company and the sector it operates in.<\/p>\n\n\n\n<p>One of the main advantages that this offers <strong>payroll software<\/strong> You can access your business&#039;s employment documentation at any time. Furthermore, payroll, social security, and income tax calculations are automated through this system. <strong>payroll software<\/strong>. An Employee Portal can also be implemented if the company requires it. This offers numerous benefits for both the employer and the employee.<\/p>\n\n\n\n<p>Thanks to this <strong>payroll software<\/strong>, You&#039;ll be able to manage employee records, absences, cost allocation, and many other data points for each of your workers. You can also simulate hiring and termination costs to make the best decisions for your business.<\/p>\n\n\n\n<p>The features that this <strong>payroll software<\/strong> It helps to achieve greater efficiency in all processes of that department of your business, in this way, you can optimize your resources much more and get the most out of your team of workers.<\/p>\n\n\n\n<p>On the other hand, security is key to this <a href=\"\/en\/cloud-payroll\/\"><strong>payroll software<\/strong><\/a>, because it provides automatic legal updates, as well as salary tables and collective agreements. This will help you manage the <strong>payrolls<\/strong> and all your employee data much more organized and without the risk of making mistakes or unwanted errors.<\/p>\n\n\n\n<p>He <strong>software<\/strong> for <strong>payrolls<\/strong> a3n\u00f3minas cloud is designed for SMEs. It requires no installation or maintenance. This is because it is a truly easy-to-use program that adapts perfectly to any type of company or business, regardless of its sector or the number of employees.<\/p>\n\n\n\n<p>You&#039;ll have access to all the information you need securely and continuously, 365 days a year and on any device. Furthermore, this <strong>payroll software<\/strong> It features a highly secure data center and automatic backups, which offers significant advantages for your business in terms of saving time and money.<\/p>\n\n\n\n<p>Using a single <strong>payroll software<\/strong> You&#039;ll be able to gain complete control over this department of your business. You can do it from anywhere with virtually no margin of error. You&#039;ll also be able to forget about all kinds of business management and data, as this will be automated. <a href=\"\/en\/cloud-payroll\/\"><strong>payroll software<\/strong><\/a> fully equipped.<\/p>","protected":false},"excerpt":{"rendered":"<p>Cada vez son m\u00e1s las empresas que automatizan todo tipo de procesos sencillos con tal de que los trabajadores dediquen su tiempo a tareas y labores realmente importantes para la empresa. De esta forma, el software de n\u00f3minas a3n\u00f3mina cloud es perfecto para gestionar todo tipo de documentaci\u00f3n laboral y n\u00f3minas, independientemente de la empresa&#8230;<\/p>","protected":false},"author":4,"featured_media":0,"parent":10270,"menu_order":0,"comment_status":"closed","ping_status":"closed","template":"page-landing-software.php","meta":{"_acf_changed":false,"_kad_blocks_custom_css":"","_kad_blocks_head_custom_js":"","_kad_blocks_body_custom_js":"","_kad_blocks_footer_custom_js":"","_kad_post_transparent":"","_kad_post_title":"","_kad_post_layout":"","_kad_post_sidebar_id":"","_kad_post_content_style":"","_kad_post_vertical_padding":"","_kad_post_feature":"","_kad_post_feature_position":"","_kad_post_header":false,"_kad_post_footer":false,"_kad_post_classname":"","footnotes":""},"class_list":["post-10502","page","type-page","status-publish","hentry"],"acf":[],"yoast_head":"<!-- This site is optimized with the Yoast SEO plugin v27.4 - https:\/\/yoast.com\/product\/yoast-seo-wordpress\/ -->\n<title>Software de N\u00f3minas - Apen Inform\u00e1tica<\/title>\n<meta name=\"description\" content=\"Software de n\u00f3minas: a3n\u00f3mina cloud. El software para documentaci\u00f3n laboral y gesti\u00f3n de n\u00f3minas. Ll\u00e1manos al 938 606 220 sin compromiso.\" \/>\n<meta name=\"robots\" content=\"index, follow, max-snippet:-1, max-image-preview:large, max-video-preview:-1\" \/>\n<link rel=\"canonical\" href=\"https:\/\/www.apen.es\/en\/cloud-payroll\/payroll-software\/\" \/>\n<meta property=\"og:locale\" content=\"en_US\" \/>\n<meta property=\"og:type\" content=\"article\" \/>\n<meta property=\"og:title\" content=\"Software de N\u00f3minas - Apen Inform\u00e1tica\" \/>\n<meta property=\"og:description\" content=\"Software de n\u00f3minas: a3n\u00f3mina cloud. El software para documentaci\u00f3n laboral y gesti\u00f3n de n\u00f3minas. Ll\u00e1manos al 938 606 220 sin compromiso.\" \/>\n<meta property=\"og:url\" content=\"https:\/\/www.apen.es\/en\/cloud-payroll\/payroll-software\/\" \/>\n<meta property=\"og:site_name\" content=\"Apen Inform\u00e1tica\" \/>\n<meta property=\"article:publisher\" content=\"https:\/\/www.facebook.com\/apensolucions\" \/>\n<meta property=\"article:modified_time\" content=\"2025-06-27T07:52:47+00:00\" \/>\n<meta property=\"og:image\" content=\"https:\/\/www.apen.es\/wp-content\/uploads\/2016\/05\/logo-apen-231x82-trasparent.png\" \/>\n\t<meta property=\"og:image:width\" content=\"231\" \/>\n\t<meta property=\"og:image:height\" content=\"82\" \/>\n\t<meta property=\"og:image:type\" content=\"image\/png\" \/>\n<meta name=\"twitter:card\" content=\"summary_large_image\" \/>\n<meta name=\"twitter:label1\" content=\"Est. reading time\" \/>\n\t<meta name=\"twitter:data1\" content=\"5 minutes\" \/>\n<script type=\"application\/ld+json\" class=\"yoast-schema-graph\">{\"@context\":\"https:\\\/\\\/schema.org\",\"@graph\":[{\"@type\":\"WebPage\",\"@id\":\"https:\\\/\\\/www.apen.es\\\/nomina-cloud\\\/software-de-nominas\\\/\",\"url\":\"https:\\\/\\\/www.apen.es\\\/nomina-cloud\\\/software-de-nominas\\\/\",\"name\":\"Software de N\u00f3minas - Apen Inform\u00e1tica\",\"isPartOf\":{\"@id\":\"https:\\\/\\\/www.apen.es\\\/#website\"},\"datePublished\":\"2018-06-25T06:21:08+00:00\",\"dateModified\":\"2025-06-27T07:52:47+00:00\",\"description\":\"Software de n\u00f3minas: a3n\u00f3mina cloud. El software para documentaci\u00f3n laboral y gesti\u00f3n de n\u00f3minas. Ll\u00e1manos al 938 606 220 sin compromiso.\",\"breadcrumb\":{\"@id\":\"https:\\\/\\\/www.apen.es\\\/nomina-cloud\\\/software-de-nominas\\\/#breadcrumb\"},\"inLanguage\":\"en-US\",\"potentialAction\":[{\"@type\":\"ReadAction\",\"target\":[\"https:\\\/\\\/www.apen.es\\\/nomina-cloud\\\/software-de-nominas\\\/\"]}]},{\"@type\":\"BreadcrumbList\",\"@id\":\"https:\\\/\\\/www.apen.es\\\/nomina-cloud\\\/software-de-nominas\\\/#breadcrumb\",\"itemListElement\":[{\"@type\":\"ListItem\",\"position\":1,\"name\":\"Portada\",\"item\":\"https:\\\/\\\/www.apen.es\\\/\"},{\"@type\":\"ListItem\",\"position\":2,\"name\":\"Nomina Cloud\",\"item\":\"https:\\\/\\\/www.apen.es\\\/nomina-cloud\\\/\"},{\"@type\":\"ListItem\",\"position\":3,\"name\":\"Software de N\u00f3minas\"}]},{\"@type\":\"WebSite\",\"@id\":\"https:\\\/\\\/www.apen.es\\\/#website\",\"url\":\"https:\\\/\\\/www.apen.es\\\/\",\"name\":\"Apen Inform\u00e1tica\",\"description\":\"Mantenimiento Inform\u00e1tico , Software de Gesti\u00f3n, Soluciones de impresi\u00f3n\",\"publisher\":{\"@id\":\"https:\\\/\\\/www.apen.es\\\/#organization\"},\"potentialAction\":[{\"@type\":\"SearchAction\",\"target\":{\"@type\":\"EntryPoint\",\"urlTemplate\":\"https:\\\/\\\/www.apen.es\\\/?s={search_term_string}\"},\"query-input\":{\"@type\":\"PropertyValueSpecification\",\"valueRequired\":true,\"valueName\":\"search_term_string\"}}],\"inLanguage\":\"en-US\"},{\"@type\":\"Organization\",\"@id\":\"https:\\\/\\\/www.apen.es\\\/#organization\",\"name\":\"Apen: Soluciones inform\u00e1ticas\",\"url\":\"https:\\\/\\\/www.apen.es\\\/\",\"logo\":{\"@type\":\"ImageObject\",\"inLanguage\":\"en-US\",\"@id\":\"https:\\\/\\\/www.apen.es\\\/#\\\/schema\\\/logo\\\/image\\\/\",\"url\":\"https:\\\/\\\/www.apen.es\\\/wp-content\\\/uploads\\\/2022\\\/08\\\/logo-apenok-231x82-1.png\",\"contentUrl\":\"https:\\\/\\\/www.apen.es\\\/wp-content\\\/uploads\\\/2022\\\/08\\\/logo-apenok-231x82-1.png\",\"width\":231,\"height\":82,\"caption\":\"Apen: Soluciones inform\u00e1ticas\"},\"image\":{\"@id\":\"https:\\\/\\\/www.apen.es\\\/#\\\/schema\\\/logo\\\/image\\\/\"},\"sameAs\":[\"https:\\\/\\\/www.facebook.com\\\/apensolucions\",\"https:\\\/\\\/www.youtube.com\\\/user\\\/ApenCentreInformatic\",\"https:\\\/\\\/www.linkedin.com\\\/company\\\/1021771?trk=tyah&trkInfo=clickedVerticalcompanyclickedEntityId1021771idx2-1-2tarId1464195271196tasapenin\"]}]}<\/script>\n<!-- \/ Yoast SEO plugin. -->","yoast_head_json":{"title":"Payroll Software - Apen Inform\u00e1tica","description":"Payroll software: a3n\u00f3mina cloud. The software for employee documentation and payroll management. Call us at 938 606 220 for a free consultation.","robots":{"index":"index","follow":"follow","max-snippet":"max-snippet:-1","max-image-preview":"max-image-preview:large","max-video-preview":"max-video-preview:-1"},"canonical":"https:\/\/www.apen.es\/en\/cloud-payroll\/payroll-software\/","og_locale":"en_US","og_type":"article","og_title":"Software de N\u00f3minas - Apen Inform\u00e1tica","og_description":"Software de n\u00f3minas: a3n\u00f3mina cloud. El software para documentaci\u00f3n laboral y gesti\u00f3n de n\u00f3minas. Ll\u00e1manos al 938 606 220 sin compromiso.","og_url":"https:\/\/www.apen.es\/en\/cloud-payroll\/payroll-software\/","og_site_name":"Apen Inform\u00e1tica","article_publisher":"https:\/\/www.facebook.com\/apensolucions","article_modified_time":"2025-06-27T07:52:47+00:00","og_image":[{"width":231,"height":82,"url":"https:\/\/www.apen.es\/wp-content\/uploads\/2016\/05\/logo-apen-231x82-trasparent.png","type":"image\/png"}],"twitter_card":"summary_large_image","twitter_misc":{"Est. reading time":"5 minutes"},"schema":{"@context":"https:\/\/schema.org","@graph":[{"@type":"WebPage","@id":"https:\/\/www.apen.es\/nomina-cloud\/software-de-nominas\/","url":"https:\/\/www.apen.es\/nomina-cloud\/software-de-nominas\/","name":"Payroll Software - Apen Inform\u00e1tica","isPartOf":{"@id":"https:\/\/www.apen.es\/#website"},"datePublished":"2018-06-25T06:21:08+00:00","dateModified":"2025-06-27T07:52:47+00:00","description":"Payroll software: a3n\u00f3mina cloud. The software for employee documentation and payroll management. Call us at 938 606 220 for a free consultation.","breadcrumb":{"@id":"https:\/\/www.apen.es\/nomina-cloud\/software-de-nominas\/#breadcrumb"},"inLanguage":"en-US","potentialAction":[{"@type":"ReadAction","target":["https:\/\/www.apen.es\/nomina-cloud\/software-de-nominas\/"]}]},{"@type":"BreadcrumbList","@id":"https:\/\/www.apen.es\/nomina-cloud\/software-de-nominas\/#breadcrumb","itemListElement":[{"@type":"ListItem","position":1,"name":"Portada","item":"https:\/\/www.apen.es\/"},{"@type":"ListItem","position":2,"name":"Nomina Cloud","item":"https:\/\/www.apen.es\/nomina-cloud\/"},{"@type":"ListItem","position":3,"name":"Software de N\u00f3minas"}]},{"@type":"WebSite","@id":"https:\/\/www.apen.es\/#website","url":"https:\/\/www.apen.es\/","name":"Apen Inform\u00e1tica","description":"IT Maintenance, Management Software, Printing Solutions","publisher":{"@id":"https:\/\/www.apen.es\/#organization"},"potentialAction":[{"@type":"SearchAction","target":{"@type":"EntryPoint","urlTemplate":"https:\/\/www.apen.es\/?s={search_term_string}"},"query-input":{"@type":"PropertyValueSpecification","valueRequired":true,"valueName":"search_term_string"}}],"inLanguage":"en-US"},{"@type":"Organization","@id":"https:\/\/www.apen.es\/#organization","name":"Apen: IT Solutions","url":"https:\/\/www.apen.es\/","logo":{"@type":"ImageObject","inLanguage":"en-US","@id":"https:\/\/www.apen.es\/#\/schema\/logo\/image\/","url":"https:\/\/www.apen.es\/wp-content\/uploads\/2022\/08\/logo-apenok-231x82-1.png","contentUrl":"https:\/\/www.apen.es\/wp-content\/uploads\/2022\/08\/logo-apenok-231x82-1.png","width":231,"height":82,"caption":"Apen: Soluciones inform\u00e1ticas"},"image":{"@id":"https:\/\/www.apen.es\/#\/schema\/logo\/image\/"},"sameAs":["https:\/\/www.facebook.com\/apensolucions","https:\/\/www.youtube.com\/user\/ApenCentreInformatic","https:\/\/www.linkedin.com\/company\/1021771?trk=tyah&trkInfo=clickedVerticalcompanyclickedEntityId1021771idx2-1-2tarId1464195271196tasapenin"]}]}},"taxonomy_info":[],"featured_image_src_large":false,"author_info":{"display_name":"marqueting","author_link":"https:\/\/www.apen.es\/en\/blog\/author\/marqueting\/"},"comment_info":0,"_links":{"self":[{"href":"https:\/\/www.apen.es\/en\/wp-json\/wp\/v2\/pages\/10502","targetHints":{"allow":["GET"]}}],"collection":[{"href":"https:\/\/www.apen.es\/en\/wp-json\/wp\/v2\/pages"}],"about":[{"href":"https:\/\/www.apen.es\/en\/wp-json\/wp\/v2\/types\/page"}],"author":[{"embeddable":true,"href":"https:\/\/www.apen.es\/en\/wp-json\/wp\/v2\/users\/4"}],"replies":[{"embeddable":true,"href":"https:\/\/www.apen.es\/en\/wp-json\/wp\/v2\/comments?post=10502"}],"version-history":[{"count":1,"href":"https:\/\/www.apen.es\/en\/wp-json\/wp\/v2\/pages\/10502\/revisions"}],"predecessor-version":[{"id":55670,"href":"https:\/\/www.apen.es\/en\/wp-json\/wp\/v2\/pages\/10502\/revisions\/55670"}],"up":[{"embeddable":true,"href":"https:\/\/www.apen.es\/en\/wp-json\/wp\/v2\/pages\/10270"}],"wp:attachment":[{"href":"https:\/\/www.apen.es\/en\/wp-json\/wp\/v2\/media?parent=10502"}],"curies":[{"name":"wp","href":"https:\/\/api.w.org\/{rel}","templated":true}]}}