{"id":9906,"date":"2018-05-15T12:33:36","date_gmt":"2018-05-15T12:33:36","guid":{"rendered":"https:\/\/www.apen.es\/?page_id=9906"},"modified":"2025-10-03T09:12:53","modified_gmt":"2025-10-03T09:12:53","slug":"formulario-de-contacto-a3factura","status":"publish","type":"page","link":"https:\/\/www.apen.es\/ca\/formulario-de-contacto-a3factura\/","title":{"rendered":"Formulari de contacte a3Factura"},"content":{"rendered":"<style>.kb-row-layout-id9906_7f3773-d3 > .kt-row-column-wrap{align-content:start;}:where(.kb-row-layout-id9906_7f3773-d3 > .kt-row-column-wrap) > .wp-block-kadence-column{justify-content:start;}.kb-row-layout-id9906_7f3773-d3 > .kt-row-column-wrap{column-gap:var(--global-kb-gap-none, 0rem );row-gap:var(--global-kb-gap-none, 0rem );max-width:var( --global-content-width, 1720px );padding-left:var(--global-content-edge-padding);padding-right:var(--global-content-edge-padding);padding-top:0px;padding-bottom:0px;grid-template-columns:repeat(2, minmax(0, 1fr));}.kb-row-layout-id9906_7f3773-d3 > .kt-row-layout-overlay{opacity:0.30;}@media all and (max-width: 1024px){.kb-row-layout-id9906_7f3773-d3 > .kt-row-column-wrap{grid-template-columns:minmax(0, 1fr);}}@media all and (max-width: 767px){.kb-row-layout-id9906_7f3773-d3 > .kt-row-column-wrap{grid-template-columns:minmax(0, 1fr);}}<\/style><div class=\"kb-row-layout-wrap kb-row-layout-id9906_7f3773-d3 alignnone landing-row wp-block-kadence-rowlayout\"><div class=\"kt-row-column-wrap kt-has-2-columns kt-row-layout-equal kt-tab-layout-row kt-mobile-layout-row kt-row-valign-top kb-theme-content-width\">\n<style>#wrapper.site{overflow:clip;}.kadence-column9906_f817b9-61 > .kt-inside-inner-col{padding-top:100px;padding-right:80px;padding-bottom:100px;}.kadence-column9906_f817b9-61 > .kt-inside-inner-col,.kadence-column9906_f817b9-61 > .kt-inside-inner-col:before{border-top-left-radius:0px;border-top-right-radius:0px;border-bottom-right-radius:0px;border-bottom-left-radius:0px;}.kadence-column9906_f817b9-61 > .kt-inside-inner-col{column-gap:var(--global-kb-gap-sm, 1rem);}.kadence-column9906_f817b9-61 > .kt-inside-inner-col{flex-direction:column;}.kadence-column9906_f817b9-61 > .kt-inside-inner-col > .aligncenter{width:100%;}.kadence-column9906_f817b9-61 > .kt-inside-inner-col:before{opacity:0.3;}.kadence-column9906_f817b9-61{position:relative;}@media all and (max-width: 1024px){.kadence-column9906_f817b9-61 > .kt-inside-inner-col{flex-direction:column;justify-content:center;}}@media all and (max-width: 767px){.kadence-column9906_f817b9-61 > .kt-inside-inner-col{padding-right:0px;padding-bottom:0px;flex-direction:column;justify-content:center;}}<\/style>\n<div class=\"wp-block-kadence-column kadence-column9906_f817b9-61 kb-section-is-sticky\"><div class=\"kt-inside-inner-col\"><style>.wp-block-kadence-advancedheading.kt-adv-heading9906_288703-7c, .wp-block-kadence-advancedheading.kt-adv-heading9906_288703-7c[data-kb-block=\"kb-adv-heading9906_288703-7c\"]{margin-bottom:30px;font-size:var(--global-kb-font-size-lg, 2rem);font-weight:400;font-style:normal;}.wp-block-kadence-advancedheading.kt-adv-heading9906_288703-7c mark.kt-highlight, .wp-block-kadence-advancedheading.kt-adv-heading9906_288703-7c[data-kb-block=\"kb-adv-heading9906_288703-7c\"] mark.kt-highlight{font-style:normal;color:#f76a0c;-webkit-box-decoration-break:clone;box-decoration-break:clone;padding-top:0px;padding-right:0px;padding-bottom:0px;padding-left:0px;}.wp-block-kadence-advancedheading.kt-adv-heading9906_288703-7c img.kb-inline-image, .wp-block-kadence-advancedheading.kt-adv-heading9906_288703-7c[data-kb-block=\"kb-adv-heading9906_288703-7c\"] img.kb-inline-image{width:150px;vertical-align:baseline;}<\/style>\n<h2 class=\"kt-adv-heading9906_288703-7c title-xxl wp-block-kadence-advancedheading\" data-kb-block=\"kb-adv-heading9906_288703-7c\">Formulario <br><strong>contacto a3Factura<\/strong><\/h2>\n\n\n<style>.wp-block-kadence-advancedheading.kt-adv-heading9906_117799-37, .wp-block-kadence-advancedheading.kt-adv-heading9906_117799-37[data-kb-block=\"kb-adv-heading9906_117799-37\"]{line-height:1.3;font-weight:100;font-style:normal;}.wp-block-kadence-advancedheading.kt-adv-heading9906_117799-37 mark.kt-highlight, .wp-block-kadence-advancedheading.kt-adv-heading9906_117799-37[data-kb-block=\"kb-adv-heading9906_117799-37\"] mark.kt-highlight{font-style:normal;color:#f76a0c;-webkit-box-decoration-break:clone;box-decoration-break:clone;padding-top:0px;padding-right:0px;padding-bottom:0px;padding-left:0px;}.wp-block-kadence-advancedheading.kt-adv-heading9906_117799-37 img.kb-inline-image, .wp-block-kadence-advancedheading.kt-adv-heading9906_117799-37[data-kb-block=\"kb-adv-heading9906_117799-37\"] img.kb-inline-image{width:150px;vertical-align:baseline;}<\/style>\n<p class=\"kt-adv-heading9906_117799-37 title-md wp-block-kadence-advancedheading\" data-kb-block=\"kb-adv-heading9906_117799-37\">Rellena el formulario y contactaremos contigo<\/p>\n\n\n<style>.kadence-column9906_49df23-f4 > .kt-inside-inner-col{display:flex;}.kadence-column9906_49df23-f4 > .kt-inside-inner-col,.kadence-column9906_49df23-f4 > .kt-inside-inner-col:before{border-top-left-radius:0px;border-top-right-radius:0px;border-bottom-right-radius:0px;border-bottom-left-radius:0px;}.kadence-column9906_49df23-f4 > .kt-inside-inner-col{column-gap:var(--global-kb-gap-sm, 1rem);}.kadence-column9906_49df23-f4 > .kt-inside-inner-col{flex-direction:row;flex-wrap:wrap;align-items:flex-start;justify-content:space-between;}.kadence-column9906_49df23-f4 > .kt-inside-inner-col > *, .kadence-column9906_49df23-f4 > .kt-inside-inner-col > figure.wp-block-image, .kadence-column9906_49df23-f4 > .kt-inside-inner-col > figure.wp-block-kadence-image{margin-top:0px;margin-bottom:0px;}.kadence-column9906_49df23-f4 > .kt-inside-inner-col > .kb-image-is-ratio-size{flex-grow:1;}.kt-row-column-wrap > .kadence-column9906_49df23-f4{align-self:flex-start;}.kt-inner-column-height-full:not(.kt-has-1-columns) > .wp-block-kadence-column.kadence-column9906_49df23-f4{align-self:auto;}.kt-inner-column-height-full:not(.kt-has-1-columns) > .wp-block-kadence-column.kadence-column9906_49df23-f4 > .kt-inside-inner-col{align-items:flex-start;}.kadence-column9906_49df23-f4 > .kt-inside-inner-col:before{opacity:0.3;}.kadence-column9906_49df23-f4{position:relative;}@media all and (max-width: 1024px){.kt-row-column-wrap > .kadence-column9906_49df23-f4{align-self:flex-start;}}@media all and (max-width: 1024px){.kt-inner-column-height-full:not(.kt-has-1-columns) > .wp-block-kadence-column.kadence-column9906_49df23-f4{align-self:auto;}}@media all and (max-width: 1024px){.kt-inner-column-height-full:not(.kt-has-1-columns) > .wp-block-kadence-column.kadence-column9906_49df23-f4 > .kt-inside-inner-col{align-items:flex-start;}}@media all and (max-width: 1024px){.kadence-column9906_49df23-f4 > .kt-inside-inner-col{flex-direction:row;flex-wrap:wrap;align-items:flex-start;justify-content:space-between;}}@media all and (min-width: 768px) and (max-width: 1024px){.kadence-column9906_49df23-f4 > .kt-inside-inner-col > *, .kadence-column9906_49df23-f4 > .kt-inside-inner-col > figure.wp-block-image, .kadence-column9906_49df23-f4 > .kt-inside-inner-col > figure.wp-block-kadence-image{margin-top:0px;margin-bottom:0px;}.kadence-column9906_49df23-f4 > .kt-inside-inner-col > .kb-image-is-ratio-size{flex-grow:1;}}@media all and (max-width: 767px){.kt-row-column-wrap > .kadence-column9906_49df23-f4{align-self:flex-start;}.kt-inner-column-height-full:not(.kt-has-1-columns) > .wp-block-kadence-column.kadence-column9906_49df23-f4{align-self:auto;}.kt-inner-column-height-full:not(.kt-has-1-columns) > .wp-block-kadence-column.kadence-column9906_49df23-f4 > .kt-inside-inner-col{align-items:flex-start;}.kadence-column9906_49df23-f4 > .kt-inside-inner-col{flex-direction:row;flex-wrap:wrap;justify-content:flex-start;justify-content:space-between;}.kadence-column9906_49df23-f4 > .kt-inside-inner-col > *, .kadence-column9906_49df23-f4 > .kt-inside-inner-col > figure.wp-block-image, .kadence-column9906_49df23-f4 > .kt-inside-inner-col > figure.wp-block-kadence-image{margin-top:0px;margin-bottom:0px;}.kadence-column9906_49df23-f4 > .kt-inside-inner-col > .kb-image-is-ratio-size{flex-grow:1;}}<\/style>\n<div class=\"wp-block-kadence-column kadence-column9906_49df23-f4 kb-section-dir-horizontal\"><div class=\"kt-inside-inner-col\"><\/div><\/div>\n<\/div><\/div>\n\n\n<style>.kadence-column9906_c4f91a-c7 > .kt-inside-inner-col{padding-top:100px;padding-bottom:120px;}.kadence-column9906_c4f91a-c7 > .kt-inside-inner-col{min-height:400px;}.kadence-column9906_c4f91a-c7 > .kt-inside-inner-col,.kadence-column9906_c4f91a-c7 > .kt-inside-inner-col:before{border-top-left-radius:0px;border-top-right-radius:0px;border-bottom-right-radius:0px;border-bottom-left-radius:0px;}.kadence-column9906_c4f91a-c7 > .kt-inside-inner-col{column-gap:var(--global-kb-gap-sm, 1rem);}.kadence-column9906_c4f91a-c7 > .kt-inside-inner-col{flex-direction:column;}.kadence-column9906_c4f91a-c7 > .kt-inside-inner-col > .aligncenter{width:100%;}.kadence-column9906_c4f91a-c7 > .kt-inside-inner-col:before{opacity:0.3;}.kadence-column9906_c4f91a-c7{position:relative;}@media all and (max-width: 1024px){.kadence-column9906_c4f91a-c7 > .kt-inside-inner-col{flex-direction:column;justify-content:center;}}@media all and (max-width: 767px){.kadence-column9906_c4f91a-c7 > .kt-inside-inner-col{flex-direction:column;justify-content:center;}}<\/style>\n<div class=\"wp-block-kadence-column kadence-column9906_c4f91a-c7\"><div class=\"kt-inside-inner-col\"><style>.kadence-column9906_3efdd3-a7 > .kt-inside-inner-col{border-top:1px solid var(--global-palette3, #1A202C);border-right:1px solid var(--global-palette3, #1A202C);border-bottom:1px solid var(--global-palette3, #1A202C);border-left:1px solid var(--global-palette3, #1A202C);}.kadence-column9906_3efdd3-a7 > .kt-inside-inner-col,.kadence-column9906_3efdd3-a7 > .kt-inside-inner-col:before{border-top-left-radius:0px;border-top-right-radius:0px;border-bottom-right-radius:0px;border-bottom-left-radius:0px;}.kadence-column9906_3efdd3-a7 > .kt-inside-inner-col{column-gap:var(--global-kb-gap-sm, 1rem);}.kadence-column9906_3efdd3-a7 > .kt-inside-inner-col{flex-direction:column;}.kadence-column9906_3efdd3-a7 > .kt-inside-inner-col > .aligncenter{width:100%;}.kadence-column9906_3efdd3-a7 > .kt-inside-inner-col:before{opacity:0.3;}.kadence-column9906_3efdd3-a7{position:relative;}@media all and (max-width: 1024px){.kadence-column9906_3efdd3-a7 > .kt-inside-inner-col{border-top:1px solid var(--global-palette3, #1A202C);border-right:1px solid var(--global-palette3, #1A202C);border-bottom:1px solid var(--global-palette3, #1A202C);border-left:1px solid var(--global-palette3, #1A202C);flex-direction:column;justify-content:center;}}@media all and (max-width: 767px){.kadence-column9906_3efdd3-a7 > .kt-inside-inner-col{border-top:1px solid var(--global-palette3, #1A202C);border-right:1px solid var(--global-palette3, #1A202C);border-bottom:1px solid var(--global-palette3, #1A202C);border-left:1px solid var(--global-palette3, #1A202C);flex-direction:column;justify-content:center;}}<\/style>\n<div class=\"wp-block-kadence-column kadence-column9906_3efdd3-a7\"><div class=\"kt-inside-inner-col\">\n<div class=\"wpcf7 no-js\" id=\"wpcf7-f60505-o1\" lang=\"es-ES\" dir=\"ltr\" data-wpcf7-id=\"60505\">\n<div class=\"screen-reader-response\"><p role=\"status\" aria-live=\"polite\" aria-atomic=\"true\"><\/p> <ul><\/ul><\/div>\n<form action=\"\/ca\/wp-json\/wp\/v2\/pages\/9906#wpcf7-f60505-o1\" method=\"post\" class=\"wpcf7-form init\" aria-label=\"Formulario de contacto\" novalidate=\"novalidate\" data-status=\"init\">\n<fieldset class=\"hidden-fields-container\"><input type=\"hidden\" name=\"_wpcf7\" value=\"60505\" \/><input type=\"hidden\" name=\"_wpcf7_version\" value=\"6.1.5\" \/><input type=\"hidden\" name=\"_wpcf7_locale\" value=\"es_ES\" \/><input type=\"hidden\" name=\"_wpcf7_unit_tag\" value=\"wpcf7-f60505-o1\" \/><input type=\"hidden\" name=\"_wpcf7_container_post\" value=\"0\" \/><input type=\"hidden\" name=\"_wpcf7_posted_data_hash\" value=\"\" \/><input type=\"hidden\" name=\"_wpcf7_recaptcha_response\" value=\"\" \/>\n<\/fieldset>\n<div class=\"formulari formulari-page\">\n\t<div class=\"formulari-row\">\n\t\t<div class=\"formulari-col\">\n\t\t\t<p><label><span class=\"label\">Nombre y apellidos<\/span><span class=\"wpcf7-form-control-wrap\" data-name=\"your-name\"><input size=\"40\" maxlength=\"400\" class=\"wpcf7-form-control wpcf7-text wpcf7-validates-as-required form-input\" aria-required=\"true\" aria-invalid=\"false\" placeholder=\"Nombre y apellidos*\" value=\"\" type=\"text\" name=\"your-name\" \/><\/span> <\/label>\n\t\t\t<\/p>\n\t\t<\/div>\n\t\t<div class=\"formulari-col\">\n\t\t\t<p><label><span class=\"label\">Empresa<\/span><span class=\"wpcf7-form-control-wrap\" data-name=\"Empresa\"><input size=\"40\" maxlength=\"400\" class=\"wpcf7-form-control wpcf7-text form-input\" aria-invalid=\"false\" placeholder=\"Empresa\" value=\"\" type=\"text\" name=\"Empresa\" \/><\/span> <\/label>\n\t\t\t<\/p>\n\t\t<\/div>\n\t<\/div>\n\t<p><label><span class=\"label\">Email<\/span><span class=\"wpcf7-form-control-wrap\" data-name=\"your-email\"><input size=\"40\" maxlength=\"400\" class=\"wpcf7-form-control wpcf7-email wpcf7-validates-as-required wpcf7-text wpcf7-validates-as-email form-input\" aria-required=\"true\" aria-invalid=\"false\" placeholder=\"Email*\" value=\"\" type=\"email\" name=\"your-email\" \/><\/span> <\/label>\n\t<\/p>\n\t<div class=\"formulari-padding\">\n\t\t<div class=\"accept\">\n\t\t\t<p><span class=\"wpcf7-form-control-wrap\" data-name=\"Privacidad\"><span class=\"wpcf7-form-control wpcf7-acceptance\"><span class=\"wpcf7-list-item\"><label><input type=\"checkbox\" name=\"Privacidad\" value=\"1\" class=\"form-accept\" aria-invalid=\"false\" \/><span class=\"wpcf7-list-item-label\">He le\u00eddo y acepto la <a href=\"\/proteccion-de-datos\/\">pol\u00edtica de privacidad<\/a><\/span><\/label><\/span><\/span><\/span>\n\t\t\t<\/p>\n\t\t<\/div>\n\t\t<div class=\"accept\">\n\t\t\t<p><span class=\"wpcf7-form-control-wrap\" data-name=\"Novedades\"><span class=\"wpcf7-form-control wpcf7-acceptance optional\"><span class=\"wpcf7-list-item\"><label><input type=\"checkbox\" name=\"Novedades\" value=\"1\" class=\"form-accept\" aria-invalid=\"false\" \/><span class=\"wpcf7-list-item-label\">Quiero recibir novedades, contenido exclusivos gratuitos y ofertas especiales de APEN.<\/span><\/label><\/span><\/span><\/span>\n\t\t\t<\/p>\n\t\t<\/div>\n\t\t<div style=\"font-size: 12px\">\n\t\t\t<p><b>INFORMACI\u00d3N B\u00c1SICA DE PROTECCI\u00d3N DE DATOS:<\/b><br \/>\n<b>Responsable del tratamiento: APEN CENTRE INFORM\u00c0TIC, S.L.<br \/>\n<\/b><b>Finalidad del tratamiento:<\/b> Gestionar las consultas planteadas y, si nos autoriza, el env\u00edo de newsletters, comunicaciones comerciales y promociones.\n\t\t\t<\/p>\n\t\t\t<p><b>Legitimaci\u00f3n del tratamiento:<\/b> Inter\u00e9s leg\u00edtimo y consentimiento del interesado\/a.\n\t\t\t<\/p>\n\t\t\t<p><b>Conservaci\u00f3n de los datos:<\/b> Se conservar\u00e1n mientras exista un inter\u00e9s mutuo o durante el tiempo necesario para el cumplimiento de las obligaciones legales.\n\t\t\t<\/p>\n\t\t\t<p><b>Destinatarios:<\/b> Prestadores de servicio o colaboradores.\n\t\t\t<\/p>\n\t\t\t<p><b>Derechos:<\/b> Derecho a retirar el consentimiento en cualquier momento. Derecho de acceso, rectificaci\u00f3n, portabilidad y supresi\u00f3n de sus datos y a la limitaci\u00f3n u oposici\u00f3n al su tratamiento. Datos de contacto para ejercer sus derechos: <a href=\"mailto:info@apen.cat\">info@apen.cat<\/a>\n\t\t\t<\/p>\n\t\t\t<p><b>Informaci\u00f3n adicional:<\/b> Puede consultar la informaci\u00f3n adicional en nuestra <a href=\"\/proteccion-de-datos\/\">Pol\u00edtica de Privacidad<\/a>.\n\t\t\t<\/p>\n\t\t<\/div>\n\t\t<p><input type=\"hidden\" name=\"page-url\" value=\"https:\/\/www.apen.es\/ca\/ca\/wp-json\/wp\/v2\/pages\/9906\"><br \/>\n<input type=\"hidden\" name=\"page-title\" value=\"Formulario de contacto a3Factura\">\n\t\t<\/p>\n\t\t<div class=\"enviar\">\n\t\t\t<p><input class=\"wpcf7-form-control wpcf7-submit has-spinner\" type=\"submit\" value=\"Enviar\" \/>\n\t\t\t<\/p>\n\t\t<\/div>\n\t<\/div>\n<\/div>\n<input class=\"wpcf7-form-control wpcf7-hidden\" value=\"\" type=\"hidden\" name=\"page-url\" \/><div class=\"wpcf7-response-output\" aria-hidden=\"true\"><\/div>\n<\/form>\n<\/div>\n\n<\/div><\/div>\n<\/div><\/div>\n\n<\/div><\/div>","protected":false},"excerpt":{"rendered":"<p>Formulario contacto a3Factura Rellena el formulario y contactaremos contigo<\/p>","protected":false},"author":4,"featured_media":0,"parent":0,"menu_order":0,"comment_status":"closed","ping_status":"closed","template":"","meta":{"_acf_changed":false,"_kad_blocks_custom_css":"","_kad_blocks_head_custom_js":"","_kad_blocks_body_custom_js":"","_kad_blocks_footer_custom_js":"","_kad_post_transparent":"","_kad_post_title":"","_kad_post_layout":"","_kad_post_sidebar_id":"","_kad_post_content_style":"","_kad_post_vertical_padding":"","_kad_post_feature":"","_kad_post_feature_position":"","_kad_post_header":false,"_kad_post_footer":false,"_kad_post_classname":"","footnotes":""},"class_list":["post-9906","page","type-page","status-publish","hentry"],"acf":[],"yoast_head":"<!-- This site is optimized with the Yoast SEO plugin v27.4 - https:\/\/yoast.com\/product\/yoast-seo-wordpress\/ -->\n<title>Formulario de contacto a3Factura - Apen Inform\u00e1tica<\/title>\n<meta name=\"description\" content=\"Formulario contacto a3Factura  Rellena el formulario y contactaremos contigo\" \/>\n<meta name=\"robots\" content=\"index, follow, max-snippet:-1, max-image-preview:large, max-video-preview:-1\" \/>\n<link rel=\"canonical\" href=\"https:\/\/www.apen.es\/ca\/formulario-de-contacto-a3factura\/\" \/>\n<meta property=\"og:locale\" content=\"ca_ES\" \/>\n<meta property=\"og:type\" content=\"article\" \/>\n<meta property=\"og:title\" content=\"Formulario de contacto a3Factura - Apen Inform\u00e1tica\" \/>\n<meta property=\"og:description\" content=\"Formulario contacto a3Factura  Rellena el formulario y contactaremos contigo\" \/>\n<meta property=\"og:url\" content=\"https:\/\/www.apen.es\/ca\/formulario-de-contacto-a3factura\/\" \/>\n<meta property=\"og:site_name\" content=\"Apen Inform\u00e1tica\" \/>\n<meta property=\"article:publisher\" content=\"https:\/\/www.facebook.com\/apensolucions\" \/>\n<meta property=\"article:modified_time\" content=\"2025-10-03T09:12:53+00:00\" \/>\n<meta property=\"og:image\" content=\"https:\/\/www.apen.es\/wp-content\/uploads\/2016\/05\/logo-apen-231x82-trasparent.png\" \/>\n\t<meta property=\"og:image:width\" content=\"231\" \/>\n\t<meta property=\"og:image:height\" content=\"82\" \/>\n\t<meta property=\"og:image:type\" content=\"image\/png\" \/>\n<meta name=\"twitter:card\" content=\"summary_large_image\" \/>\n<script type=\"application\/ld+json\" class=\"yoast-schema-graph\">{\"@context\":\"https:\\\/\\\/schema.org\",\"@graph\":[{\"@type\":\"WebPage\",\"@id\":\"https:\\\/\\\/www.apen.es\\\/formulario-de-contacto-a3factura\\\/\",\"url\":\"https:\\\/\\\/www.apen.es\\\/formulario-de-contacto-a3factura\\\/\",\"name\":\"Formulario de contacto a3Factura - Apen Inform\u00e1tica\",\"isPartOf\":{\"@id\":\"https:\\\/\\\/www.apen.es\\\/#website\"},\"datePublished\":\"2018-05-15T12:33:36+00:00\",\"dateModified\":\"2025-10-03T09:12:53+00:00\",\"description\":\"Formulario contacto a3Factura Rellena el formulario y contactaremos contigo\",\"breadcrumb\":{\"@id\":\"https:\\\/\\\/www.apen.es\\\/formulario-de-contacto-a3factura\\\/#breadcrumb\"},\"inLanguage\":\"ca\",\"potentialAction\":[{\"@type\":\"ReadAction\",\"target\":[\"https:\\\/\\\/www.apen.es\\\/formulario-de-contacto-a3factura\\\/\"]}]},{\"@type\":\"BreadcrumbList\",\"@id\":\"https:\\\/\\\/www.apen.es\\\/formulario-de-contacto-a3factura\\\/#breadcrumb\",\"itemListElement\":[{\"@type\":\"ListItem\",\"position\":1,\"name\":\"Portada\",\"item\":\"https:\\\/\\\/www.apen.es\\\/\"},{\"@type\":\"ListItem\",\"position\":2,\"name\":\"Formulario de contacto a3Factura\"}]},{\"@type\":\"WebSite\",\"@id\":\"https:\\\/\\\/www.apen.es\\\/#website\",\"url\":\"https:\\\/\\\/www.apen.es\\\/\",\"name\":\"Apen Inform\u00e1tica\",\"description\":\"Mantenimiento Inform\u00e1tico , Software de Gesti\u00f3n, Soluciones de impresi\u00f3n\",\"publisher\":{\"@id\":\"https:\\\/\\\/www.apen.es\\\/#organization\"},\"potentialAction\":[{\"@type\":\"SearchAction\",\"target\":{\"@type\":\"EntryPoint\",\"urlTemplate\":\"https:\\\/\\\/www.apen.es\\\/?s={search_term_string}\"},\"query-input\":{\"@type\":\"PropertyValueSpecification\",\"valueRequired\":true,\"valueName\":\"search_term_string\"}}],\"inLanguage\":\"ca\"},{\"@type\":\"Organization\",\"@id\":\"https:\\\/\\\/www.apen.es\\\/#organization\",\"name\":\"Apen: Soluciones inform\u00e1ticas\",\"url\":\"https:\\\/\\\/www.apen.es\\\/\",\"logo\":{\"@type\":\"ImageObject\",\"inLanguage\":\"ca\",\"@id\":\"https:\\\/\\\/www.apen.es\\\/#\\\/schema\\\/logo\\\/image\\\/\",\"url\":\"https:\\\/\\\/www.apen.es\\\/wp-content\\\/uploads\\\/2022\\\/08\\\/logo-apenok-231x82-1.png\",\"contentUrl\":\"https:\\\/\\\/www.apen.es\\\/wp-content\\\/uploads\\\/2022\\\/08\\\/logo-apenok-231x82-1.png\",\"width\":231,\"height\":82,\"caption\":\"Apen: Soluciones inform\u00e1ticas\"},\"image\":{\"@id\":\"https:\\\/\\\/www.apen.es\\\/#\\\/schema\\\/logo\\\/image\\\/\"},\"sameAs\":[\"https:\\\/\\\/www.facebook.com\\\/apensolucions\",\"https:\\\/\\\/www.youtube.com\\\/user\\\/ApenCentreInformatic\",\"https:\\\/\\\/www.linkedin.com\\\/company\\\/1021771?trk=tyah&trkInfo=clickedVerticalcompanyclickedEntityId1021771idx2-1-2tarId1464195271196tasapenin\"]}]}<\/script>\n<!-- \/ Yoast SEO plugin. -->","yoast_head_json":{"title":"Formulario de contacto a3Factura - Apen Inform\u00e1tica","description":"Formulario contacto a3Factura  Rellena el formulario y contactaremos contigo","robots":{"index":"index","follow":"follow","max-snippet":"max-snippet:-1","max-image-preview":"max-image-preview:large","max-video-preview":"max-video-preview:-1"},"canonical":"https:\/\/www.apen.es\/ca\/formulario-de-contacto-a3factura\/","og_locale":"ca_ES","og_type":"article","og_title":"Formulario de contacto a3Factura - Apen Inform\u00e1tica","og_description":"Formulario contacto a3Factura  Rellena el formulario y contactaremos contigo","og_url":"https:\/\/www.apen.es\/ca\/formulario-de-contacto-a3factura\/","og_site_name":"Apen Inform\u00e1tica","article_publisher":"https:\/\/www.facebook.com\/apensolucions","article_modified_time":"2025-10-03T09:12:53+00:00","og_image":[{"width":231,"height":82,"url":"https:\/\/www.apen.es\/wp-content\/uploads\/2016\/05\/logo-apen-231x82-trasparent.png","type":"image\/png"}],"twitter_card":"summary_large_image","schema":{"@context":"https:\/\/schema.org","@graph":[{"@type":"WebPage","@id":"https:\/\/www.apen.es\/formulario-de-contacto-a3factura\/","url":"https:\/\/www.apen.es\/formulario-de-contacto-a3factura\/","name":"Formulario de contacto a3Factura - Apen Inform\u00e1tica","isPartOf":{"@id":"https:\/\/www.apen.es\/#website"},"datePublished":"2018-05-15T12:33:36+00:00","dateModified":"2025-10-03T09:12:53+00:00","description":"Formulario contacto a3Factura Rellena el formulario y contactaremos contigo","breadcrumb":{"@id":"https:\/\/www.apen.es\/formulario-de-contacto-a3factura\/#breadcrumb"},"inLanguage":"ca","potentialAction":[{"@type":"ReadAction","target":["https:\/\/www.apen.es\/formulario-de-contacto-a3factura\/"]}]},{"@type":"BreadcrumbList","@id":"https:\/\/www.apen.es\/formulario-de-contacto-a3factura\/#breadcrumb","itemListElement":[{"@type":"ListItem","position":1,"name":"Portada","item":"https:\/\/www.apen.es\/"},{"@type":"ListItem","position":2,"name":"Formulario de contacto a3Factura"}]},{"@type":"WebSite","@id":"https:\/\/www.apen.es\/#website","url":"https:\/\/www.apen.es\/","name":"Apen Inform\u00e0tica","description":"Manteniment inform\u00e0tic , programari de gesti\u00f3, solucions d&#039;impressi\u00f3","publisher":{"@id":"https:\/\/www.apen.es\/#organization"},"potentialAction":[{"@type":"SearchAction","target":{"@type":"EntryPoint","urlTemplate":"https:\/\/www.apen.es\/?s={search_term_string}"},"query-input":{"@type":"PropertyValueSpecification","valueRequired":true,"valueName":"search_term_string"}}],"inLanguage":"ca"},{"@type":"Organization","@id":"https:\/\/www.apen.es\/#organization","name":"Apen: Solucions inform\u00e0tiques","url":"https:\/\/www.apen.es\/","logo":{"@type":"ImageObject","inLanguage":"ca","@id":"https:\/\/www.apen.es\/#\/schema\/logo\/image\/","url":"https:\/\/www.apen.es\/wp-content\/uploads\/2022\/08\/logo-apenok-231x82-1.png","contentUrl":"https:\/\/www.apen.es\/wp-content\/uploads\/2022\/08\/logo-apenok-231x82-1.png","width":231,"height":82,"caption":"Apen: Soluciones inform\u00e1ticas"},"image":{"@id":"https:\/\/www.apen.es\/#\/schema\/logo\/image\/"},"sameAs":["https:\/\/www.facebook.com\/apensolucions","https:\/\/www.youtube.com\/user\/ApenCentreInformatic","https:\/\/www.linkedin.com\/company\/1021771?trk=tyah&trkInfo=clickedVerticalcompanyclickedEntityId1021771idx2-1-2tarId1464195271196tasapenin"]}]}},"taxonomy_info":[],"featured_image_src_large":false,"author_info":{"display_name":"marqueting","author_link":"https:\/\/www.apen.es\/ca\/blog\/author\/marqueting\/"},"comment_info":0,"_links":{"self":[{"href":"https:\/\/www.apen.es\/ca\/wp-json\/wp\/v2\/pages\/9906","targetHints":{"allow":["GET"]}}],"collection":[{"href":"https:\/\/www.apen.es\/ca\/wp-json\/wp\/v2\/pages"}],"about":[{"href":"https:\/\/www.apen.es\/ca\/wp-json\/wp\/v2\/types\/page"}],"author":[{"embeddable":true,"href":"https:\/\/www.apen.es\/ca\/wp-json\/wp\/v2\/users\/4"}],"replies":[{"embeddable":true,"href":"https:\/\/www.apen.es\/ca\/wp-json\/wp\/v2\/comments?post=9906"}],"version-history":[{"count":3,"href":"https:\/\/www.apen.es\/ca\/wp-json\/wp\/v2\/pages\/9906\/revisions"}],"predecessor-version":[{"id":60837,"href":"https:\/\/www.apen.es\/ca\/wp-json\/wp\/v2\/pages\/9906\/revisions\/60837"}],"wp:attachment":[{"href":"https:\/\/www.apen.es\/ca\/wp-json\/wp\/v2\/media?parent=9906"}],"curies":[{"name":"wp","href":"https:\/\/api.w.org\/{rel}","templated":true}]}}