{"id":9680,"date":"2018-05-01T17:15:55","date_gmt":"2018-05-01T17:15:55","guid":{"rendered":"https:\/\/www.apen.es\/?page_id=9680"},"modified":"2025-07-08T11:24:37","modified_gmt":"2025-07-08T11:24:37","slug":"erp-ventas","status":"publish","type":"page","link":"https:\/\/www.apen.es\/ca\/erp\/erp-ventas\/","title":{"rendered":"ERP Vendes"},"content":{"rendered":"<p>Les potents prestacions del sistema <a href=\"\/ca\/erp\/\"><strong>ERP de vendes <\/strong><\/a>ajuden lempresa a gestionar el seu magatzem duna manera molt m\u00e9s r\u00e0pida i eficient. Aquest sistema t\u00e9 dues aplicacions, una per a PC que est\u00e0 integrada al programari de gesti\u00f3 <strong>ERP<\/strong> de <strong>vendes<\/strong>, i una altra de terminal m\u00f2bil per realitzar els treballs planificats des del mateix espai f\u00edsic. Aquestes dues aplicacions creen el programari perfecte per controlar el magatzem de qualsevol empresa.<\/p>\n\n\n\n<p>Perqu\u00e8 el sistema de <strong>vendes<\/strong> <strong>ERP<\/strong> pugui gestionar l&#039;inventari de l&#039;empresa segons les seves necessitats i interessos de forma autom\u00e0tica, cal aplicar el criteri de valoraci\u00f3 que m\u00e9s li convingui, entre els quals hi ha: mitjana ponderada, PEPS, UEPS, identificaci\u00f3 espec\u00edfica o m\u00e8tode retail. Aix\u00f2 far\u00e0 que el magatzem de l&#039;empresa es gestioni a temps real i autom\u00e0ticament segons el criteri que l&#039;empresa decideixi.<\/p>\n\n\n\n<p>Gr\u00e0cies al control que porta el sistema de <strong>vendes<\/strong> <strong>ERP<\/strong>, la mercaderia es mant\u00e9 sempre sota control durant tot el seu cicle, des de l&#039;embalatge i l&#039;etiquetatge fins a la verificaci\u00f3 de la mercaderia i l&#039;emissi\u00f3 de documents de sortida. A m\u00e9s, tot aquest proc\u00e9s estigui automatitzat influeix directament en la reducci\u00f3 d&#039;errors, cosa que fa que l&#039;empresa es torni molt m\u00e9s eficient.<\/p>\n\n\n\n<p>Aquest sistema tamb\u00e9 controla totes les regulacions i traspassos de magatzem de manera molt m\u00e9s senzilla i autom\u00e0tica, d&#039;aquesta manera s&#039;optimitza la gesti\u00f3 dels magatzems de l&#039;empresa. Aix\u00f2 es tradueix en un gran avantatge per als operaris, que tenen un control molt m\u00e9s detallat de la mercaderia i no perden temps en despla\u00e7aments innecessaris o tasques que pot dur a terme el sistema de <strong>vendes<\/strong> <strong>ERP<\/strong>.<\/p>\n\n\n\n<p>Per mantenir aquest control de la mercaderia en tot moment, el sistema <strong>ERP<\/strong> de <strong>vendes<\/strong> disposa d&#039;EAN128 i Datamatrix per a la classificaci\u00f3 dels articles. A partir del codi de barres, l&#039;empresa podr\u00e0 saber en quin punt del proc\u00e9s es troba la seva mercaderia en tot moment, i aix\u00ed assegurar als seus clients un proc\u00e9s \u00f2ptim de distribuci\u00f3.<\/p>\n\n\n\n<p>Amb tot aquest control i processos automatitzats que ofereix el sistema de <strong>vendes<\/strong> <strong>ERP<\/strong>, l&#039;empresa ser\u00e0 molt m\u00e9s eficient i r\u00e0pida, cosa que es reflectir\u00e0 en el servei al client. Aquest ser\u00e0 un punt que el diferenciar\u00e0 de la compet\u00e8ncia, ja que aquest sistema assegura la satisfacci\u00f3 de tots els clients gr\u00e0cies a la rapidesa.<\/p>\n\n\n\n<p>El sistema de <a href=\"\/ca\/erp\/\"><strong>vendes<\/strong> <strong>ERP<\/strong><\/a> ajuda a optimitzar lespai f\u00edsic del magatzem de lempresa, daquesta manera, utilitza al m\u00e0xim tots els seus recursos per aconseguir una efici\u00e8ncia del magatzem extraordin\u00e0ria. A m\u00e9s, controla la recepci\u00f3 i l&#039;expedici\u00f3 de la mercaderia alhora que t\u00e9 en compte l&#039;inventari per mantenir-lo actualitzat en tot moment.<\/p>","protected":false},"excerpt":{"rendered":"<p>Las potentes prestaciones del sistema ERP de ventas ayudan a la empresa a gestionar su almac\u00e9n de una forma mucho m\u00e1s r\u00e1pida y eficiente. Este sistema tiene dos aplicaciones, una para PC que est\u00e1 integrada en el software de gesti\u00f3n ERP de ventas, y otra de terminal m\u00f3vil para realizar los trabajos planificados desde el&#8230;<\/p>","protected":false},"author":4,"featured_media":0,"parent":9649,"menu_order":0,"comment_status":"closed","ping_status":"closed","template":"page-landing-moduls.php","meta":{"_acf_changed":false,"_kad_blocks_custom_css":"","_kad_blocks_head_custom_js":"","_kad_blocks_body_custom_js":"","_kad_blocks_footer_custom_js":"","_kad_post_transparent":"","_kad_post_title":"","_kad_post_layout":"","_kad_post_sidebar_id":"","_kad_post_content_style":"","_kad_post_vertical_padding":"","_kad_post_feature":"","_kad_post_feature_position":"","_kad_post_header":false,"_kad_post_footer":false,"_kad_post_classname":"","footnotes":""},"class_list":["post-9680","page","type-page","status-publish","hentry"],"acf":[],"yoast_head":"<!-- This site is optimized with the Yoast SEO plugin v27.4 - https:\/\/yoast.com\/product\/yoast-seo-wordpress\/ -->\n<title>ERP Ventas - Apen Inform\u00e1tica<\/title>\n<meta name=\"description\" content=\"A3ERP - ERP Ventas El software de gesti\u00f3n que se adapta a tu negocio gestiona la empresa desde un \u00fanico programa almacena tus datos en una \u00fanica DB.\" \/>\n<meta name=\"robots\" content=\"index, follow, max-snippet:-1, max-image-preview:large, max-video-preview:-1\" \/>\n<link rel=\"canonical\" href=\"https:\/\/www.apen.es\/ca\/erp\/erp-ventas\/\" \/>\n<meta property=\"og:locale\" content=\"ca_ES\" \/>\n<meta property=\"og:type\" content=\"article\" \/>\n<meta property=\"og:title\" content=\"ERP Ventas - Apen Inform\u00e1tica\" \/>\n<meta property=\"og:description\" content=\"A3ERP - ERP Ventas El software de gesti\u00f3n que se adapta a tu negocio gestiona la empresa desde un \u00fanico programa almacena tus datos en una \u00fanica DB.\" \/>\n<meta property=\"og:url\" content=\"https:\/\/www.apen.es\/ca\/erp\/erp-ventas\/\" \/>\n<meta property=\"og:site_name\" content=\"Apen Inform\u00e1tica\" \/>\n<meta property=\"article:publisher\" content=\"https:\/\/www.facebook.com\/apensolucions\" \/>\n<meta property=\"article:modified_time\" content=\"2025-07-08T11:24:37+00:00\" \/>\n<meta property=\"og:image\" content=\"https:\/\/www.apen.es\/wp-content\/uploads\/2016\/05\/logo-apen-231x82-trasparent.png\" \/>\n\t<meta property=\"og:image:width\" content=\"231\" \/>\n\t<meta property=\"og:image:height\" content=\"82\" \/>\n\t<meta property=\"og:image:type\" content=\"image\/png\" \/>\n<meta name=\"twitter:card\" content=\"summary_large_image\" \/>\n<meta name=\"twitter:label1\" content=\"Temps estimat de lectura\" \/>\n\t<meta name=\"twitter:data1\" content=\"7 minuts\" \/>\n<script type=\"application\/ld+json\" class=\"yoast-schema-graph\">{\"@context\":\"https:\\\/\\\/schema.org\",\"@graph\":[{\"@type\":\"WebPage\",\"@id\":\"https:\\\/\\\/www.apen.es\\\/erp\\\/erp-ventas\\\/\",\"url\":\"https:\\\/\\\/www.apen.es\\\/erp\\\/erp-ventas\\\/\",\"name\":\"ERP Ventas - Apen Inform\u00e1tica\",\"isPartOf\":{\"@id\":\"https:\\\/\\\/www.apen.es\\\/#website\"},\"datePublished\":\"2018-05-01T17:15:55+00:00\",\"dateModified\":\"2025-07-08T11:24:37+00:00\",\"description\":\"A3ERP - ERP Ventas El software de gesti\u00f3n que se adapta a tu negocio gestiona la empresa desde un \u00fanico programa almacena tus datos en una \u00fanica DB.\",\"breadcrumb\":{\"@id\":\"https:\\\/\\\/www.apen.es\\\/erp\\\/erp-ventas\\\/#breadcrumb\"},\"inLanguage\":\"ca\",\"potentialAction\":[{\"@type\":\"ReadAction\",\"target\":[\"https:\\\/\\\/www.apen.es\\\/erp\\\/erp-ventas\\\/\"]}]},{\"@type\":\"BreadcrumbList\",\"@id\":\"https:\\\/\\\/www.apen.es\\\/erp\\\/erp-ventas\\\/#breadcrumb\",\"itemListElement\":[{\"@type\":\"ListItem\",\"position\":1,\"name\":\"Portada\",\"item\":\"https:\\\/\\\/www.apen.es\\\/\"},{\"@type\":\"ListItem\",\"position\":2,\"name\":\"ERP. Ofrecemos software gesti\u00f3n a empresas.\",\"item\":\"https:\\\/\\\/www.apen.es\\\/erp\\\/\"},{\"@type\":\"ListItem\",\"position\":3,\"name\":\"ERP Ventas\"}]},{\"@type\":\"WebSite\",\"@id\":\"https:\\\/\\\/www.apen.es\\\/#website\",\"url\":\"https:\\\/\\\/www.apen.es\\\/\",\"name\":\"Apen Inform\u00e1tica\",\"description\":\"Mantenimiento Inform\u00e1tico , Software de Gesti\u00f3n, Soluciones de impresi\u00f3n\",\"publisher\":{\"@id\":\"https:\\\/\\\/www.apen.es\\\/#organization\"},\"potentialAction\":[{\"@type\":\"SearchAction\",\"target\":{\"@type\":\"EntryPoint\",\"urlTemplate\":\"https:\\\/\\\/www.apen.es\\\/?s={search_term_string}\"},\"query-input\":{\"@type\":\"PropertyValueSpecification\",\"valueRequired\":true,\"valueName\":\"search_term_string\"}}],\"inLanguage\":\"ca\"},{\"@type\":\"Organization\",\"@id\":\"https:\\\/\\\/www.apen.es\\\/#organization\",\"name\":\"Apen: Soluciones inform\u00e1ticas\",\"url\":\"https:\\\/\\\/www.apen.es\\\/\",\"logo\":{\"@type\":\"ImageObject\",\"inLanguage\":\"ca\",\"@id\":\"https:\\\/\\\/www.apen.es\\\/#\\\/schema\\\/logo\\\/image\\\/\",\"url\":\"https:\\\/\\\/www.apen.es\\\/wp-content\\\/uploads\\\/2022\\\/08\\\/logo-apenok-231x82-1.png\",\"contentUrl\":\"https:\\\/\\\/www.apen.es\\\/wp-content\\\/uploads\\\/2022\\\/08\\\/logo-apenok-231x82-1.png\",\"width\":231,\"height\":82,\"caption\":\"Apen: Soluciones inform\u00e1ticas\"},\"image\":{\"@id\":\"https:\\\/\\\/www.apen.es\\\/#\\\/schema\\\/logo\\\/image\\\/\"},\"sameAs\":[\"https:\\\/\\\/www.facebook.com\\\/apensolucions\",\"https:\\\/\\\/www.youtube.com\\\/user\\\/ApenCentreInformatic\",\"https:\\\/\\\/www.linkedin.com\\\/company\\\/1021771?trk=tyah&trkInfo=clickedVerticalcompanyclickedEntityId1021771idx2-1-2tarId1464195271196tasapenin\"]}]}<\/script>\n<!-- \/ Yoast SEO plugin. -->","yoast_head_json":{"title":"ERP Ventas - Apen Inform\u00e1tica","description":"A3ERP - ERP Ventas El software de gesti\u00f3n que se adapta a tu negocio gestiona la empresa desde un \u00fanico programa almacena tus datos en una \u00fanica DB.","robots":{"index":"index","follow":"follow","max-snippet":"max-snippet:-1","max-image-preview":"max-image-preview:large","max-video-preview":"max-video-preview:-1"},"canonical":"https:\/\/www.apen.es\/ca\/erp\/erp-ventas\/","og_locale":"ca_ES","og_type":"article","og_title":"ERP Ventas - Apen Inform\u00e1tica","og_description":"A3ERP - ERP Ventas El software de gesti\u00f3n que se adapta a tu negocio gestiona la empresa desde un \u00fanico programa almacena tus datos en una \u00fanica DB.","og_url":"https:\/\/www.apen.es\/ca\/erp\/erp-ventas\/","og_site_name":"Apen Inform\u00e1tica","article_publisher":"https:\/\/www.facebook.com\/apensolucions","article_modified_time":"2025-07-08T11:24:37+00:00","og_image":[{"width":231,"height":82,"url":"https:\/\/www.apen.es\/wp-content\/uploads\/2016\/05\/logo-apen-231x82-trasparent.png","type":"image\/png"}],"twitter_card":"summary_large_image","twitter_misc":{"Temps estimat de lectura":"7 minuts"},"schema":{"@context":"https:\/\/schema.org","@graph":[{"@type":"WebPage","@id":"https:\/\/www.apen.es\/erp\/erp-ventas\/","url":"https:\/\/www.apen.es\/erp\/erp-ventas\/","name":"ERP Ventas - Apen Inform\u00e1tica","isPartOf":{"@id":"https:\/\/www.apen.es\/#website"},"datePublished":"2018-05-01T17:15:55+00:00","dateModified":"2025-07-08T11:24:37+00:00","description":"A3ERP - ERP Ventas El software de gesti\u00f3n que se adapta a tu negocio gestiona la empresa desde un \u00fanico programa almacena tus datos en una \u00fanica DB.","breadcrumb":{"@id":"https:\/\/www.apen.es\/erp\/erp-ventas\/#breadcrumb"},"inLanguage":"ca","potentialAction":[{"@type":"ReadAction","target":["https:\/\/www.apen.es\/erp\/erp-ventas\/"]}]},{"@type":"BreadcrumbList","@id":"https:\/\/www.apen.es\/erp\/erp-ventas\/#breadcrumb","itemListElement":[{"@type":"ListItem","position":1,"name":"Portada","item":"https:\/\/www.apen.es\/"},{"@type":"ListItem","position":2,"name":"ERP. Ofrecemos software gesti\u00f3n a empresas.","item":"https:\/\/www.apen.es\/erp\/"},{"@type":"ListItem","position":3,"name":"ERP Ventas"}]},{"@type":"WebSite","@id":"https:\/\/www.apen.es\/#website","url":"https:\/\/www.apen.es\/","name":"Apen Inform\u00e0tica","description":"Manteniment inform\u00e0tic , programari de gesti\u00f3, solucions d&#039;impressi\u00f3","publisher":{"@id":"https:\/\/www.apen.es\/#organization"},"potentialAction":[{"@type":"SearchAction","target":{"@type":"EntryPoint","urlTemplate":"https:\/\/www.apen.es\/?s={search_term_string}"},"query-input":{"@type":"PropertyValueSpecification","valueRequired":true,"valueName":"search_term_string"}}],"inLanguage":"ca"},{"@type":"Organization","@id":"https:\/\/www.apen.es\/#organization","name":"Apen: Solucions inform\u00e0tiques","url":"https:\/\/www.apen.es\/","logo":{"@type":"ImageObject","inLanguage":"ca","@id":"https:\/\/www.apen.es\/#\/schema\/logo\/image\/","url":"https:\/\/www.apen.es\/wp-content\/uploads\/2022\/08\/logo-apenok-231x82-1.png","contentUrl":"https:\/\/www.apen.es\/wp-content\/uploads\/2022\/08\/logo-apenok-231x82-1.png","width":231,"height":82,"caption":"Apen: Soluciones inform\u00e1ticas"},"image":{"@id":"https:\/\/www.apen.es\/#\/schema\/logo\/image\/"},"sameAs":["https:\/\/www.facebook.com\/apensolucions","https:\/\/www.youtube.com\/user\/ApenCentreInformatic","https:\/\/www.linkedin.com\/company\/1021771?trk=tyah&trkInfo=clickedVerticalcompanyclickedEntityId1021771idx2-1-2tarId1464195271196tasapenin"]}]}},"taxonomy_info":[],"featured_image_src_large":false,"author_info":{"display_name":"marqueting","author_link":"https:\/\/www.apen.es\/ca\/blog\/author\/marqueting\/"},"comment_info":0,"_links":{"self":[{"href":"https:\/\/www.apen.es\/ca\/wp-json\/wp\/v2\/pages\/9680","targetHints":{"allow":["GET"]}}],"collection":[{"href":"https:\/\/www.apen.es\/ca\/wp-json\/wp\/v2\/pages"}],"about":[{"href":"https:\/\/www.apen.es\/ca\/wp-json\/wp\/v2\/types\/page"}],"author":[{"embeddable":true,"href":"https:\/\/www.apen.es\/ca\/wp-json\/wp\/v2\/users\/4"}],"replies":[{"embeddable":true,"href":"https:\/\/www.apen.es\/ca\/wp-json\/wp\/v2\/comments?post=9680"}],"version-history":[{"count":1,"href":"https:\/\/www.apen.es\/ca\/wp-json\/wp\/v2\/pages\/9680\/revisions"}],"predecessor-version":[{"id":55851,"href":"https:\/\/www.apen.es\/ca\/wp-json\/wp\/v2\/pages\/9680\/revisions\/55851"}],"up":[{"embeddable":true,"href":"https:\/\/www.apen.es\/ca\/wp-json\/wp\/v2\/pages\/9649"}],"wp:attachment":[{"href":"https:\/\/www.apen.es\/ca\/wp-json\/wp\/v2\/media?parent=9680"}],"curies":[{"name":"wp","href":"https:\/\/api.w.org\/{rel}","templated":true}]}}