{"id":9678,"date":"2018-05-01T17:13:01","date_gmt":"2018-05-01T17:13:01","guid":{"rendered":"https:\/\/www.apen.es\/?page_id=9678"},"modified":"2025-07-08T11:26:54","modified_gmt":"2025-07-08T11:26:54","slug":"software-de-empresa","status":"publish","type":"page","link":"https:\/\/www.apen.es\/ca\/erp\/software-de-empresa\/","title":{"rendered":"Programari d&#039;Empresa"},"content":{"rendered":"<p>Tota <strong>empresa<\/strong> ha de fer el possible per optimitzar al m\u00e0xim els seus recursos i obtenir els millors resultats. <strong>programari<\/strong> E-Pack d&#039;a3ERP \u00e9s la millor soluci\u00f3 si tenim en compte tots els avantatges i beneficis que ofereix per a la <strong>empresa<\/strong>.<\/p>\n\n\n\n<p>Aquest <strong>programari<\/strong> permet a la <strong>empresa<\/strong> treure el m\u00e0xim partit a totes les operacions i guanyar efici\u00e8ncia. Com a avantatges, aquest sistema funciona mitjan\u00e7ant terminals m\u00f2bils de radiofreq\u00fc\u00e8ncia sota una infraestructura de xarxa wifi i amb impressores d&#039;etiquetes de codi de barres. Aix\u00f2 fa que la seva utilitzaci\u00f3 sigui molt m\u00e9s senzilla i intu\u00eftiva que qualsevol altre <strong>programari<\/strong> per <strong>empreses<\/strong>.<\/p>\n\n\n\n<p>D&#039;altra banda, aquest programa ofereix grans ajudes quant a la gesti\u00f3 de la mercaderia, ja que assegura la <strong>empresa<\/strong> l&#039;optimitzaci\u00f3 de l&#039;espai f\u00edsic, els recorreguts a recepci\u00f3 i expedici\u00f3 i el mant\u00e9 l&#039;inventari del magatzem totalment actualitzat de forma autom\u00e0tica. D&#039;aquesta manera, gr\u00e0cies a aquest <strong>programari<\/strong>, la <strong>empresa<\/strong> podr\u00e0 saber a temps real on es troba cadascun dels seus productes o mercaderies.<\/p>\n\n\n\n<p>Sigui quina sigui la manera com la <strong>empresa<\/strong> classifica la seva mercaderia (lots, talles, colors, caducitat, miner de s\u00e8rie i multiubicaci\u00f3) <strong>programari<\/strong> de gesti\u00f3 us proporciona un control total de tots i cadascun dels seus articles. Afirmant aix\u00ed, que aquest programa s&#039;adapta perfectament a tots els sectors i tipus de <strong>empresa<\/strong> optimitzant-ne al m\u00e0xim els recursos.<\/p>\n\n\n\n<p>Tenint en compte que el <strong>programari<\/strong> porta de forma autom\u00e0tica la gesti\u00f3 i organitzaci\u00f3 del magatzem de la <strong>empresa<\/strong>, \u00e9s important saber que els errors es redueixen considerablement fins a arribar a ser gaireb\u00e9 inexistents. Aquest <strong>programari<\/strong> controla l&#039;estoc, la ubicaci\u00f3, la distribuci\u00f3 i el prove\u00efment de la mercaderia.<\/p>\n\n\n\n<p>Per descomptat, a m\u00e9s de millorar l&#039;organitzaci\u00f3 de la mercaderia, aquest <strong>programari<\/strong> de <strong>empresa<\/strong> tamb\u00e9 ajuda que els operaris i treballadors siguin m\u00e9s eficients i la <strong>empresa<\/strong> pugui fer lliuraments molt m\u00e9s r\u00e0pid que la compet\u00e8ncia. Aquest \u00e9s un gran avantatge, ja que els clients valoren tant la mercaderia com el servei de distribuci\u00f3 i rapidesa que tingui la <strong>empresa<\/strong> i aix\u00ed es pot diferenciar f\u00e0cilment de la compet\u00e8ncia.<\/p>\n\n\n\n<p>No nom\u00e9s millorar\u00e0 el funcionament del magatzem de la <strong>empresa<\/strong>, sin\u00f3 que gr\u00e0cies a aquest <strong>programari<\/strong>, tota la <strong>empresa<\/strong> podr\u00e0 tenir una millor visi\u00f3 de quines s\u00f3n les vendes, els clients, quin tipus i temps de distribuci\u00f3 t\u00e9 <strong>empresa<\/strong>, entre molts altres factors. Con\u00e8ixer totes aquestes dades de manera autom\u00e0tica far\u00e0 que la <strong>empresa<\/strong> s&#039;optimitzi a tots els departaments.<\/p>\n\n\n\n<p>Tamb\u00e9 \u00e9s important saber que aquest <strong>programari<\/strong> s&#039;utilitza mitjan\u00e7ant dues aplicacions, una \u00e9s un PC que integra el <strong>programari<\/strong> de gesti\u00f3 i planificaci\u00f3 del magatzem i l&#039;altra \u00e9s un tel\u00e8fon m\u00f2bil per fer treballs planificats des del mateix espai f\u00edsic.<\/p>","protected":false},"excerpt":{"rendered":"<p>Toda empresa debe hacer lo posible por optimizar al m\u00e1ximo sus recursos y obtener los mejores resultados, para ello, el software E-Pack de a3ERP es la mejor soluci\u00f3n si tenemos en cuenta todas las ventajas y beneficios que ofrece para la empresa. Este software permite a la empresa sacar el m\u00e1ximo partido a todas sus&#8230;<\/p>","protected":false},"author":4,"featured_media":0,"parent":9649,"menu_order":0,"comment_status":"closed","ping_status":"closed","template":"page-landing-moduls.php","meta":{"_acf_changed":false,"_kad_blocks_custom_css":"","_kad_blocks_head_custom_js":"","_kad_blocks_body_custom_js":"","_kad_blocks_footer_custom_js":"","_kad_post_transparent":"","_kad_post_title":"","_kad_post_layout":"","_kad_post_sidebar_id":"","_kad_post_content_style":"","_kad_post_vertical_padding":"","_kad_post_feature":"","_kad_post_feature_position":"","_kad_post_header":false,"_kad_post_footer":false,"_kad_post_classname":"","footnotes":""},"class_list":["post-9678","page","type-page","status-publish","hentry"],"acf":[],"yoast_head":"<!-- This site is optimized with the Yoast SEO plugin v27.4 - https:\/\/yoast.com\/product\/yoast-seo-wordpress\/ -->\n<title>Software de Empresa - Apen Inform\u00e1tica<\/title>\n<meta name=\"description\" content=\"A3ERP - Empresa. El software de gesti\u00f3n que se adapta a tu negocio gestiona la empresa desde un \u00fanico programa almacena tus datos en una \u00fanica DB.\" \/>\n<meta name=\"robots\" content=\"index, follow, max-snippet:-1, max-image-preview:large, max-video-preview:-1\" \/>\n<link rel=\"canonical\" href=\"https:\/\/www.apen.es\/ca\/erp\/software-de-empresa\/\" \/>\n<meta property=\"og:locale\" content=\"ca_ES\" \/>\n<meta property=\"og:type\" content=\"article\" \/>\n<meta property=\"og:title\" content=\"Software de Empresa - Apen Inform\u00e1tica\" \/>\n<meta property=\"og:description\" content=\"A3ERP - Empresa. El software de gesti\u00f3n que se adapta a tu negocio gestiona la empresa desde un \u00fanico programa almacena tus datos en una \u00fanica DB.\" \/>\n<meta property=\"og:url\" content=\"https:\/\/www.apen.es\/ca\/erp\/software-de-empresa\/\" \/>\n<meta property=\"og:site_name\" content=\"Apen Inform\u00e1tica\" \/>\n<meta property=\"article:publisher\" content=\"https:\/\/www.facebook.com\/apensolucions\" \/>\n<meta property=\"article:modified_time\" content=\"2025-07-08T11:26:54+00:00\" \/>\n<meta property=\"og:image\" content=\"https:\/\/www.apen.es\/wp-content\/uploads\/2016\/05\/logo-apen-231x82-trasparent.png\" \/>\n\t<meta property=\"og:image:width\" content=\"231\" \/>\n\t<meta property=\"og:image:height\" content=\"82\" \/>\n\t<meta property=\"og:image:type\" content=\"image\/png\" \/>\n<meta name=\"twitter:card\" content=\"summary_large_image\" \/>\n<meta name=\"twitter:label1\" content=\"Temps estimat de lectura\" \/>\n\t<meta name=\"twitter:data1\" content=\"7 minuts\" \/>\n<script type=\"application\/ld+json\" class=\"yoast-schema-graph\">{\"@context\":\"https:\\\/\\\/schema.org\",\"@graph\":[{\"@type\":\"WebPage\",\"@id\":\"https:\\\/\\\/www.apen.es\\\/erp\\\/software-de-empresa\\\/\",\"url\":\"https:\\\/\\\/www.apen.es\\\/erp\\\/software-de-empresa\\\/\",\"name\":\"Software de Empresa - Apen Inform\u00e1tica\",\"isPartOf\":{\"@id\":\"https:\\\/\\\/www.apen.es\\\/#website\"},\"datePublished\":\"2018-05-01T17:13:01+00:00\",\"dateModified\":\"2025-07-08T11:26:54+00:00\",\"description\":\"A3ERP - Empresa. El software de gesti\u00f3n que se adapta a tu negocio gestiona la empresa desde un \u00fanico programa almacena tus datos en una \u00fanica DB.\",\"breadcrumb\":{\"@id\":\"https:\\\/\\\/www.apen.es\\\/erp\\\/software-de-empresa\\\/#breadcrumb\"},\"inLanguage\":\"ca\",\"potentialAction\":[{\"@type\":\"ReadAction\",\"target\":[\"https:\\\/\\\/www.apen.es\\\/erp\\\/software-de-empresa\\\/\"]}]},{\"@type\":\"BreadcrumbList\",\"@id\":\"https:\\\/\\\/www.apen.es\\\/erp\\\/software-de-empresa\\\/#breadcrumb\",\"itemListElement\":[{\"@type\":\"ListItem\",\"position\":1,\"name\":\"Portada\",\"item\":\"https:\\\/\\\/www.apen.es\\\/\"},{\"@type\":\"ListItem\",\"position\":2,\"name\":\"ERP. Ofrecemos software gesti\u00f3n a empresas.\",\"item\":\"https:\\\/\\\/www.apen.es\\\/erp\\\/\"},{\"@type\":\"ListItem\",\"position\":3,\"name\":\"Software de Empresa\"}]},{\"@type\":\"WebSite\",\"@id\":\"https:\\\/\\\/www.apen.es\\\/#website\",\"url\":\"https:\\\/\\\/www.apen.es\\\/\",\"name\":\"Apen Inform\u00e1tica\",\"description\":\"Mantenimiento Inform\u00e1tico , Software de Gesti\u00f3n, Soluciones de impresi\u00f3n\",\"publisher\":{\"@id\":\"https:\\\/\\\/www.apen.es\\\/#organization\"},\"potentialAction\":[{\"@type\":\"SearchAction\",\"target\":{\"@type\":\"EntryPoint\",\"urlTemplate\":\"https:\\\/\\\/www.apen.es\\\/?s={search_term_string}\"},\"query-input\":{\"@type\":\"PropertyValueSpecification\",\"valueRequired\":true,\"valueName\":\"search_term_string\"}}],\"inLanguage\":\"ca\"},{\"@type\":\"Organization\",\"@id\":\"https:\\\/\\\/www.apen.es\\\/#organization\",\"name\":\"Apen: Soluciones inform\u00e1ticas\",\"url\":\"https:\\\/\\\/www.apen.es\\\/\",\"logo\":{\"@type\":\"ImageObject\",\"inLanguage\":\"ca\",\"@id\":\"https:\\\/\\\/www.apen.es\\\/#\\\/schema\\\/logo\\\/image\\\/\",\"url\":\"https:\\\/\\\/www.apen.es\\\/wp-content\\\/uploads\\\/2022\\\/08\\\/logo-apenok-231x82-1.png\",\"contentUrl\":\"https:\\\/\\\/www.apen.es\\\/wp-content\\\/uploads\\\/2022\\\/08\\\/logo-apenok-231x82-1.png\",\"width\":231,\"height\":82,\"caption\":\"Apen: Soluciones inform\u00e1ticas\"},\"image\":{\"@id\":\"https:\\\/\\\/www.apen.es\\\/#\\\/schema\\\/logo\\\/image\\\/\"},\"sameAs\":[\"https:\\\/\\\/www.facebook.com\\\/apensolucions\",\"https:\\\/\\\/www.youtube.com\\\/user\\\/ApenCentreInformatic\",\"https:\\\/\\\/www.linkedin.com\\\/company\\\/1021771?trk=tyah&trkInfo=clickedVerticalcompanyclickedEntityId1021771idx2-1-2tarId1464195271196tasapenin\"]}]}<\/script>\n<!-- \/ Yoast SEO plugin. -->","yoast_head_json":{"title":"Software de Empresa - Apen Inform\u00e1tica","description":"A3ERP - Empresa. El software de gesti\u00f3n que se adapta a tu negocio gestiona la empresa desde un \u00fanico programa almacena tus datos en una \u00fanica DB.","robots":{"index":"index","follow":"follow","max-snippet":"max-snippet:-1","max-image-preview":"max-image-preview:large","max-video-preview":"max-video-preview:-1"},"canonical":"https:\/\/www.apen.es\/ca\/erp\/software-de-empresa\/","og_locale":"ca_ES","og_type":"article","og_title":"Software de Empresa - Apen Inform\u00e1tica","og_description":"A3ERP - Empresa. El software de gesti\u00f3n que se adapta a tu negocio gestiona la empresa desde un \u00fanico programa almacena tus datos en una \u00fanica DB.","og_url":"https:\/\/www.apen.es\/ca\/erp\/software-de-empresa\/","og_site_name":"Apen Inform\u00e1tica","article_publisher":"https:\/\/www.facebook.com\/apensolucions","article_modified_time":"2025-07-08T11:26:54+00:00","og_image":[{"width":231,"height":82,"url":"https:\/\/www.apen.es\/wp-content\/uploads\/2016\/05\/logo-apen-231x82-trasparent.png","type":"image\/png"}],"twitter_card":"summary_large_image","twitter_misc":{"Temps estimat de lectura":"7 minuts"},"schema":{"@context":"https:\/\/schema.org","@graph":[{"@type":"WebPage","@id":"https:\/\/www.apen.es\/erp\/software-de-empresa\/","url":"https:\/\/www.apen.es\/erp\/software-de-empresa\/","name":"Software de Empresa - Apen Inform\u00e1tica","isPartOf":{"@id":"https:\/\/www.apen.es\/#website"},"datePublished":"2018-05-01T17:13:01+00:00","dateModified":"2025-07-08T11:26:54+00:00","description":"A3ERP - Empresa. El software de gesti\u00f3n que se adapta a tu negocio gestiona la empresa desde un \u00fanico programa almacena tus datos en una \u00fanica DB.","breadcrumb":{"@id":"https:\/\/www.apen.es\/erp\/software-de-empresa\/#breadcrumb"},"inLanguage":"ca","potentialAction":[{"@type":"ReadAction","target":["https:\/\/www.apen.es\/erp\/software-de-empresa\/"]}]},{"@type":"BreadcrumbList","@id":"https:\/\/www.apen.es\/erp\/software-de-empresa\/#breadcrumb","itemListElement":[{"@type":"ListItem","position":1,"name":"Portada","item":"https:\/\/www.apen.es\/"},{"@type":"ListItem","position":2,"name":"ERP. Ofrecemos software gesti\u00f3n a empresas.","item":"https:\/\/www.apen.es\/erp\/"},{"@type":"ListItem","position":3,"name":"Software de Empresa"}]},{"@type":"WebSite","@id":"https:\/\/www.apen.es\/#website","url":"https:\/\/www.apen.es\/","name":"Apen Inform\u00e0tica","description":"Manteniment inform\u00e0tic , programari de gesti\u00f3, solucions d&#039;impressi\u00f3","publisher":{"@id":"https:\/\/www.apen.es\/#organization"},"potentialAction":[{"@type":"SearchAction","target":{"@type":"EntryPoint","urlTemplate":"https:\/\/www.apen.es\/?s={search_term_string}"},"query-input":{"@type":"PropertyValueSpecification","valueRequired":true,"valueName":"search_term_string"}}],"inLanguage":"ca"},{"@type":"Organization","@id":"https:\/\/www.apen.es\/#organization","name":"Apen: Solucions inform\u00e0tiques","url":"https:\/\/www.apen.es\/","logo":{"@type":"ImageObject","inLanguage":"ca","@id":"https:\/\/www.apen.es\/#\/schema\/logo\/image\/","url":"https:\/\/www.apen.es\/wp-content\/uploads\/2022\/08\/logo-apenok-231x82-1.png","contentUrl":"https:\/\/www.apen.es\/wp-content\/uploads\/2022\/08\/logo-apenok-231x82-1.png","width":231,"height":82,"caption":"Apen: Soluciones inform\u00e1ticas"},"image":{"@id":"https:\/\/www.apen.es\/#\/schema\/logo\/image\/"},"sameAs":["https:\/\/www.facebook.com\/apensolucions","https:\/\/www.youtube.com\/user\/ApenCentreInformatic","https:\/\/www.linkedin.com\/company\/1021771?trk=tyah&trkInfo=clickedVerticalcompanyclickedEntityId1021771idx2-1-2tarId1464195271196tasapenin"]}]}},"taxonomy_info":[],"featured_image_src_large":false,"author_info":{"display_name":"marqueting","author_link":"https:\/\/www.apen.es\/ca\/blog\/author\/marqueting\/"},"comment_info":0,"_links":{"self":[{"href":"https:\/\/www.apen.es\/ca\/wp-json\/wp\/v2\/pages\/9678","targetHints":{"allow":["GET"]}}],"collection":[{"href":"https:\/\/www.apen.es\/ca\/wp-json\/wp\/v2\/pages"}],"about":[{"href":"https:\/\/www.apen.es\/ca\/wp-json\/wp\/v2\/types\/page"}],"author":[{"embeddable":true,"href":"https:\/\/www.apen.es\/ca\/wp-json\/wp\/v2\/users\/4"}],"replies":[{"embeddable":true,"href":"https:\/\/www.apen.es\/ca\/wp-json\/wp\/v2\/comments?post=9678"}],"version-history":[{"count":1,"href":"https:\/\/www.apen.es\/ca\/wp-json\/wp\/v2\/pages\/9678\/revisions"}],"predecessor-version":[{"id":55855,"href":"https:\/\/www.apen.es\/ca\/wp-json\/wp\/v2\/pages\/9678\/revisions\/55855"}],"up":[{"embeddable":true,"href":"https:\/\/www.apen.es\/ca\/wp-json\/wp\/v2\/pages\/9649"}],"wp:attachment":[{"href":"https:\/\/www.apen.es\/ca\/wp-json\/wp\/v2\/media?parent=9678"}],"curies":[{"name":"wp","href":"https:\/\/api.w.org\/{rel}","templated":true}]}}