{"id":9676,"date":"2018-05-01T17:10:09","date_gmt":"2018-05-01T17:10:09","guid":{"rendered":"https:\/\/www.apen.es\/?page_id=9676"},"modified":"2025-07-08T11:26:21","modified_gmt":"2025-07-08T11:26:21","slug":"software-de-distribucion","status":"publish","type":"page","link":"https:\/\/www.apen.es\/ca\/erp\/software-de-distribucion\/","title":{"rendered":"Programari de distribuci\u00f3"},"content":{"rendered":"<p>Una empresa de log\u00edstica ha de tenir una bona gesti\u00f3 de magatzem, aix\u00f2 s&#039;aconsegueix amb programes de <strong>programari de distribuci\u00f3<\/strong>. El <strong>programari de distribuci\u00f3<\/strong> incrementa el control sobre el negoci, garanteix la completa tra\u00e7abilitat i seguretat del producte, augmenta la productivitat dels treballadors. Aix\u00ed que, amb el <a href=\"\/ca\/erp\/\"><strong>programari de distribuci\u00f3<\/strong><\/a> les empreses podran optimitzar la gesti\u00f3 de l&#039;inventari i els processos log\u00edstics de l&#039;empresa per facilitar als clients un servei m\u00e9s complet i amb m\u00e9s qualitat. Tot aix\u00f2 s&#039;aconsegueix treballant amb a3ERP, amb aquest programa obtindr\u00e0s potents funcionalitats com ho s\u00f3n el cross docking, el codi de barres o el picking.<\/p>\n\n\n\n<p>A3ERP \u00e9s un programa de gesti\u00f3 de magatzem que facilita l&#039;optimitzaci\u00f3 de totes les operacions que necessita fer una empresa, amb l&#039;objectiu que aquesta augmenti la seva efici\u00e8ncia, aconsegueixi optimitzar espais i millori el rendiment dels treballadors. Funciona mitjan\u00e7ant terminals m\u00f2bils de radiofreq\u00fc\u00e8ncia, sota una infraestructura de xarxa wifi.<\/p>\n\n\n\n<p>Cross docking \u00e9s una estrat\u00e8gia que s&#039;encarrega que els articles surtin i entrin preparats per a la distribuci\u00f3. Pots obtenir molts avantatges utilitzant el cross docking com a estrat\u00e8gia demmagatzematge i distribuci\u00f3. Per exemple, ofereix a l&#039;empresa un control m\u00e9s gran perqu\u00e8 poden gestionar de forma directa les necessitats de les botigues ajustades a les demandes dels clients. A m\u00e9s, amb aquesta funci\u00f3 integrada al <strong>programari de distribuci\u00f3 <\/strong>del programa a3ERP, cal menys espai per a l&#039;emmagatzematge. Un altre avantatge \u00e9s que la rotaci\u00f3 dels productes \u00e9s m\u00e9s elevada, gr\u00e0cies a aix\u00f2 disminueixen els costos de magatzem i financers, els costos de manipulaci\u00f3 i no calen tants operaris. Aix\u00ed mateix, amb el <strong>programari de distribuci\u00f3<\/strong> instal\u00b7lat a l&#039;empresa millora la gesti\u00f3 global i l&#039;efici\u00e8ncia dels operaris, els processos de lliurament d&#039;una comanda seran m\u00e9s r\u00e0pids i milloraran, per tant, la satisfacci\u00f3 dels clients, diferenciant l&#039;empresa aix\u00ed de la compet\u00e8ncia.<\/p>\n\n\n\n<p>Picking \u00e9s una altra estrat\u00e8gia log\u00edstica que tamb\u00e9 est\u00e0 integrada al programa a3ERP, consisteix en la preparaci\u00f3 i en la recollida de comandes. Comporta la minimitzaci\u00f3 dels despla\u00e7aments dins del magatzem i l&#039;automatitzaci\u00f3 del proc\u00e9s. \u00c9s un punt cr\u00edtic en el proc\u00e9s de distribuci\u00f3, perqu\u00e8 com m\u00e9s optimitzat estiguin millors seran els resultats de l&#039;empresa, a m\u00e9s, es reduiran en gran mesura les despeses. Tot i aix\u00f2, una mala planificaci\u00f3 pot causar que els marges de benefici globals es redueixin, a causa de la necessitat d&#039;augmentar la m\u00e0 d&#039;obra per processar les comandes, i incrementar els terminis de lliurament.<\/p>\n\n\n\n<p>Com a conclusi\u00f3, l&#039;exist\u00e8ncia del <a href=\"\/ca\/erp\/\"><strong>programari de distribuci\u00f3<\/strong><\/a> en una empresa que es dedica a l&#039;emmagatzematge, pot ser una soluci\u00f3 a tots els problemes, ja que facilita la realitzaci\u00f3 de la distribuci\u00f3 a magatzems i s&#039;adapta completament a les necessitats de gesti\u00f3 de cada empresa.<\/p>","protected":false},"excerpt":{"rendered":"<p>Una empresa de log\u00edstica tiene que tener una buena gesti\u00f3n de almac\u00e9n, eso se consigue con programas de software de distribuci\u00f3n. El software de distribuci\u00f3n incrementa el control sobre el negocio, garantiza la completa trazabilidad y seguridad del producto, aumenta la productividad de los trabajadores. As\u00ed que, con el software de distribuci\u00f3n las empresas podr\u00e1n&#8230;<\/p>","protected":false},"author":4,"featured_media":0,"parent":9649,"menu_order":0,"comment_status":"closed","ping_status":"closed","template":"page-landing-moduls.php","meta":{"_acf_changed":false,"_kad_blocks_custom_css":"","_kad_blocks_head_custom_js":"","_kad_blocks_body_custom_js":"","_kad_blocks_footer_custom_js":"","_kad_post_transparent":"","_kad_post_title":"","_kad_post_layout":"","_kad_post_sidebar_id":"","_kad_post_content_style":"","_kad_post_vertical_padding":"","_kad_post_feature":"","_kad_post_feature_position":"","_kad_post_header":false,"_kad_post_footer":false,"_kad_post_classname":"","footnotes":""},"class_list":["post-9676","page","type-page","status-publish","hentry"],"acf":[],"yoast_head":"<!-- This site is optimized with the Yoast SEO plugin v27.4 - https:\/\/yoast.com\/product\/yoast-seo-wordpress\/ -->\n<title>Software de distribuci\u00f3n - Apen Inform\u00e1tica<\/title>\n<meta name=\"description\" content=\"A3ERP - Distribuci\u00f3n. El software de gesti\u00f3n que se adapta a tu negocio gestiona la empresa desde un \u00fanico programa almacena tus datos en una \u00fanica DB.\" \/>\n<meta name=\"robots\" content=\"index, follow, max-snippet:-1, max-image-preview:large, max-video-preview:-1\" \/>\n<link rel=\"canonical\" href=\"https:\/\/www.apen.es\/ca\/erp\/software-de-distribucion\/\" \/>\n<meta property=\"og:locale\" content=\"ca_ES\" \/>\n<meta property=\"og:type\" content=\"article\" \/>\n<meta property=\"og:title\" content=\"Software de distribuci\u00f3n - Apen Inform\u00e1tica\" \/>\n<meta property=\"og:description\" content=\"A3ERP - Distribuci\u00f3n. El software de gesti\u00f3n que se adapta a tu negocio gestiona la empresa desde un \u00fanico programa almacena tus datos en una \u00fanica DB.\" \/>\n<meta property=\"og:url\" content=\"https:\/\/www.apen.es\/ca\/erp\/software-de-distribucion\/\" \/>\n<meta property=\"og:site_name\" content=\"Apen Inform\u00e1tica\" \/>\n<meta property=\"article:publisher\" content=\"https:\/\/www.facebook.com\/apensolucions\" \/>\n<meta property=\"article:modified_time\" content=\"2025-07-08T11:26:21+00:00\" \/>\n<meta property=\"og:image\" content=\"https:\/\/www.apen.es\/wp-content\/uploads\/2016\/05\/logo-apen-231x82-trasparent.png\" \/>\n\t<meta property=\"og:image:width\" content=\"231\" \/>\n\t<meta property=\"og:image:height\" content=\"82\" \/>\n\t<meta property=\"og:image:type\" content=\"image\/png\" \/>\n<meta name=\"twitter:card\" content=\"summary_large_image\" \/>\n<meta name=\"twitter:label1\" content=\"Temps estimat de lectura\" \/>\n\t<meta name=\"twitter:data1\" content=\"7 minuts\" \/>\n<script type=\"application\/ld+json\" class=\"yoast-schema-graph\">{\"@context\":\"https:\\\/\\\/schema.org\",\"@graph\":[{\"@type\":\"WebPage\",\"@id\":\"https:\\\/\\\/www.apen.es\\\/erp\\\/software-de-distribucion\\\/\",\"url\":\"https:\\\/\\\/www.apen.es\\\/erp\\\/software-de-distribucion\\\/\",\"name\":\"Software de distribuci\u00f3n - Apen Inform\u00e1tica\",\"isPartOf\":{\"@id\":\"https:\\\/\\\/www.apen.es\\\/#website\"},\"datePublished\":\"2018-05-01T17:10:09+00:00\",\"dateModified\":\"2025-07-08T11:26:21+00:00\",\"description\":\"A3ERP - Distribuci\u00f3n. El software de gesti\u00f3n que se adapta a tu negocio gestiona la empresa desde un \u00fanico programa almacena tus datos en una \u00fanica DB.\",\"breadcrumb\":{\"@id\":\"https:\\\/\\\/www.apen.es\\\/erp\\\/software-de-distribucion\\\/#breadcrumb\"},\"inLanguage\":\"ca\",\"potentialAction\":[{\"@type\":\"ReadAction\",\"target\":[\"https:\\\/\\\/www.apen.es\\\/erp\\\/software-de-distribucion\\\/\"]}]},{\"@type\":\"BreadcrumbList\",\"@id\":\"https:\\\/\\\/www.apen.es\\\/erp\\\/software-de-distribucion\\\/#breadcrumb\",\"itemListElement\":[{\"@type\":\"ListItem\",\"position\":1,\"name\":\"Portada\",\"item\":\"https:\\\/\\\/www.apen.es\\\/\"},{\"@type\":\"ListItem\",\"position\":2,\"name\":\"ERP. Ofrecemos software gesti\u00f3n a empresas.\",\"item\":\"https:\\\/\\\/www.apen.es\\\/erp\\\/\"},{\"@type\":\"ListItem\",\"position\":3,\"name\":\"Software de distribuci\u00f3n\"}]},{\"@type\":\"WebSite\",\"@id\":\"https:\\\/\\\/www.apen.es\\\/#website\",\"url\":\"https:\\\/\\\/www.apen.es\\\/\",\"name\":\"Apen Inform\u00e1tica\",\"description\":\"Mantenimiento Inform\u00e1tico , Software de Gesti\u00f3n, Soluciones de impresi\u00f3n\",\"publisher\":{\"@id\":\"https:\\\/\\\/www.apen.es\\\/#organization\"},\"potentialAction\":[{\"@type\":\"SearchAction\",\"target\":{\"@type\":\"EntryPoint\",\"urlTemplate\":\"https:\\\/\\\/www.apen.es\\\/?s={search_term_string}\"},\"query-input\":{\"@type\":\"PropertyValueSpecification\",\"valueRequired\":true,\"valueName\":\"search_term_string\"}}],\"inLanguage\":\"ca\"},{\"@type\":\"Organization\",\"@id\":\"https:\\\/\\\/www.apen.es\\\/#organization\",\"name\":\"Apen: Soluciones inform\u00e1ticas\",\"url\":\"https:\\\/\\\/www.apen.es\\\/\",\"logo\":{\"@type\":\"ImageObject\",\"inLanguage\":\"ca\",\"@id\":\"https:\\\/\\\/www.apen.es\\\/#\\\/schema\\\/logo\\\/image\\\/\",\"url\":\"https:\\\/\\\/www.apen.es\\\/wp-content\\\/uploads\\\/2022\\\/08\\\/logo-apenok-231x82-1.png\",\"contentUrl\":\"https:\\\/\\\/www.apen.es\\\/wp-content\\\/uploads\\\/2022\\\/08\\\/logo-apenok-231x82-1.png\",\"width\":231,\"height\":82,\"caption\":\"Apen: Soluciones inform\u00e1ticas\"},\"image\":{\"@id\":\"https:\\\/\\\/www.apen.es\\\/#\\\/schema\\\/logo\\\/image\\\/\"},\"sameAs\":[\"https:\\\/\\\/www.facebook.com\\\/apensolucions\",\"https:\\\/\\\/www.youtube.com\\\/user\\\/ApenCentreInformatic\",\"https:\\\/\\\/www.linkedin.com\\\/company\\\/1021771?trk=tyah&trkInfo=clickedVerticalcompanyclickedEntityId1021771idx2-1-2tarId1464195271196tasapenin\"]}]}<\/script>\n<!-- \/ Yoast SEO plugin. -->","yoast_head_json":{"title":"Software de distribuci\u00f3n - Apen Inform\u00e1tica","description":"A3ERP - Distribuci\u00f3n. El software de gesti\u00f3n que se adapta a tu negocio gestiona la empresa desde un \u00fanico programa almacena tus datos en una \u00fanica DB.","robots":{"index":"index","follow":"follow","max-snippet":"max-snippet:-1","max-image-preview":"max-image-preview:large","max-video-preview":"max-video-preview:-1"},"canonical":"https:\/\/www.apen.es\/ca\/erp\/software-de-distribucion\/","og_locale":"ca_ES","og_type":"article","og_title":"Software de distribuci\u00f3n - Apen Inform\u00e1tica","og_description":"A3ERP - Distribuci\u00f3n. El software de gesti\u00f3n que se adapta a tu negocio gestiona la empresa desde un \u00fanico programa almacena tus datos en una \u00fanica DB.","og_url":"https:\/\/www.apen.es\/ca\/erp\/software-de-distribucion\/","og_site_name":"Apen Inform\u00e1tica","article_publisher":"https:\/\/www.facebook.com\/apensolucions","article_modified_time":"2025-07-08T11:26:21+00:00","og_image":[{"width":231,"height":82,"url":"https:\/\/www.apen.es\/wp-content\/uploads\/2016\/05\/logo-apen-231x82-trasparent.png","type":"image\/png"}],"twitter_card":"summary_large_image","twitter_misc":{"Temps estimat de lectura":"7 minuts"},"schema":{"@context":"https:\/\/schema.org","@graph":[{"@type":"WebPage","@id":"https:\/\/www.apen.es\/erp\/software-de-distribucion\/","url":"https:\/\/www.apen.es\/erp\/software-de-distribucion\/","name":"Software de distribuci\u00f3n - Apen Inform\u00e1tica","isPartOf":{"@id":"https:\/\/www.apen.es\/#website"},"datePublished":"2018-05-01T17:10:09+00:00","dateModified":"2025-07-08T11:26:21+00:00","description":"A3ERP - Distribuci\u00f3n. El software de gesti\u00f3n que se adapta a tu negocio gestiona la empresa desde un \u00fanico programa almacena tus datos en una \u00fanica DB.","breadcrumb":{"@id":"https:\/\/www.apen.es\/erp\/software-de-distribucion\/#breadcrumb"},"inLanguage":"ca","potentialAction":[{"@type":"ReadAction","target":["https:\/\/www.apen.es\/erp\/software-de-distribucion\/"]}]},{"@type":"BreadcrumbList","@id":"https:\/\/www.apen.es\/erp\/software-de-distribucion\/#breadcrumb","itemListElement":[{"@type":"ListItem","position":1,"name":"Portada","item":"https:\/\/www.apen.es\/"},{"@type":"ListItem","position":2,"name":"ERP. Ofrecemos software gesti\u00f3n a empresas.","item":"https:\/\/www.apen.es\/erp\/"},{"@type":"ListItem","position":3,"name":"Software de distribuci\u00f3n"}]},{"@type":"WebSite","@id":"https:\/\/www.apen.es\/#website","url":"https:\/\/www.apen.es\/","name":"Apen Inform\u00e0tica","description":"Manteniment inform\u00e0tic , programari de gesti\u00f3, solucions d&#039;impressi\u00f3","publisher":{"@id":"https:\/\/www.apen.es\/#organization"},"potentialAction":[{"@type":"SearchAction","target":{"@type":"EntryPoint","urlTemplate":"https:\/\/www.apen.es\/?s={search_term_string}"},"query-input":{"@type":"PropertyValueSpecification","valueRequired":true,"valueName":"search_term_string"}}],"inLanguage":"ca"},{"@type":"Organization","@id":"https:\/\/www.apen.es\/#organization","name":"Apen: Solucions inform\u00e0tiques","url":"https:\/\/www.apen.es\/","logo":{"@type":"ImageObject","inLanguage":"ca","@id":"https:\/\/www.apen.es\/#\/schema\/logo\/image\/","url":"https:\/\/www.apen.es\/wp-content\/uploads\/2022\/08\/logo-apenok-231x82-1.png","contentUrl":"https:\/\/www.apen.es\/wp-content\/uploads\/2022\/08\/logo-apenok-231x82-1.png","width":231,"height":82,"caption":"Apen: Soluciones inform\u00e1ticas"},"image":{"@id":"https:\/\/www.apen.es\/#\/schema\/logo\/image\/"},"sameAs":["https:\/\/www.facebook.com\/apensolucions","https:\/\/www.youtube.com\/user\/ApenCentreInformatic","https:\/\/www.linkedin.com\/company\/1021771?trk=tyah&trkInfo=clickedVerticalcompanyclickedEntityId1021771idx2-1-2tarId1464195271196tasapenin"]}]}},"taxonomy_info":[],"featured_image_src_large":false,"author_info":{"display_name":"marqueting","author_link":"https:\/\/www.apen.es\/ca\/blog\/author\/marqueting\/"},"comment_info":0,"_links":{"self":[{"href":"https:\/\/www.apen.es\/ca\/wp-json\/wp\/v2\/pages\/9676","targetHints":{"allow":["GET"]}}],"collection":[{"href":"https:\/\/www.apen.es\/ca\/wp-json\/wp\/v2\/pages"}],"about":[{"href":"https:\/\/www.apen.es\/ca\/wp-json\/wp\/v2\/types\/page"}],"author":[{"embeddable":true,"href":"https:\/\/www.apen.es\/ca\/wp-json\/wp\/v2\/users\/4"}],"replies":[{"embeddable":true,"href":"https:\/\/www.apen.es\/ca\/wp-json\/wp\/v2\/comments?post=9676"}],"version-history":[{"count":1,"href":"https:\/\/www.apen.es\/ca\/wp-json\/wp\/v2\/pages\/9676\/revisions"}],"predecessor-version":[{"id":55854,"href":"https:\/\/www.apen.es\/ca\/wp-json\/wp\/v2\/pages\/9676\/revisions\/55854"}],"up":[{"embeddable":true,"href":"https:\/\/www.apen.es\/ca\/wp-json\/wp\/v2\/pages\/9649"}],"wp:attachment":[{"href":"https:\/\/www.apen.es\/ca\/wp-json\/wp\/v2\/media?parent=9676"}],"curies":[{"name":"wp","href":"https:\/\/api.w.org\/{rel}","templated":true}]}}