{"id":9674,"date":"2018-05-01T17:07:01","date_gmt":"2018-05-01T17:07:01","guid":{"rendered":"https:\/\/www.apen.es\/?page_id=9674"},"modified":"2025-07-08T11:27:19","modified_gmt":"2025-07-08T11:27:19","slug":"software-de-ventas","status":"publish","type":"page","link":"https:\/\/www.apen.es\/ca\/erp\/software-de-ventas\/","title":{"rendered":"Programari de vendes"},"content":{"rendered":"<p>Actualment n&#039;hi ha molts <a href=\"\/ca\/erp\/\"><strong>programaris de vendes <\/strong><\/a>al mercat, \u00e9s per aix\u00f2 que cada empresa ha de con\u00e8ixer quines s\u00f3n les seves necessitats i buscar el <strong>programari<\/strong> que m\u00e9s s&#039;hi adapti, ajudant aix\u00ed a crear una millor gesti\u00f3 de tota l&#039;empresa, i m\u00e9s concretament del magatzem i departament de <strong>vendes<\/strong>.<\/p>\n\n\n\n<p>L&#039;E-Pack \u00e9s un <strong>programari<\/strong> de gesti\u00f3 de magatzem que \u00e9s perfecte per optimitzar totes les operacions que s&#039;han de realitzar al magatzem per guanyar efici\u00e8ncia, i aix\u00ed optimitzar l&#039;espai i millorar el rendiment dels treballadors. Gr\u00e0cies a aquest <strong>programari<\/strong> de <strong>vendes<\/strong> l&#039;empresa pot portar un control molt m\u00e9s exhaustiu dels productes que entren i surten, dels temps i de la feina de cada operari.<\/p>\n\n\n\n<p>A m\u00e9s, aquest <strong>programari<\/strong> de vendes es mant\u00e9 actualitzat en tot moment de forma autom\u00e0tica, per la qual cosa l&#039;empresa pot portar un control molt m\u00e9s exhaustiu de tota la mercaderia, tant la recepci\u00f3 com la expedici\u00f3 o el temps o lloc que ocupa al magatzem. Aix\u00f2 crea un lloc de treball totalment optimitzat i sense cap detall deixat a l&#039;atzar.<\/p>\n\n\n\n<p>Perqu\u00e8 la gesti\u00f3 del magatzem i inventari sigui l&#039;esperada, cada empresa pot aplicar el criteri de valoraci\u00f3 que m\u00e9s li convingui (mitjana ponderada, PEPS UEPS, identificaci\u00f3 espec\u00edfica o m\u00e8tode retail) i es far\u00e0 autom\u00e0ticament a partir d&#039;aquest <a href=\"\/ca\/erp\/\"><strong>programari de vendes.<\/strong><\/a><\/p>\n\n\n\n<p>Gr\u00e0cies als avantatges que ofereix aquest <strong>programari<\/strong> de <strong>vendes<\/strong>, la possibilitat de cometre un error es redueix considerablement, ja que aquest <strong>programari<\/strong> ho mant\u00e9 tot completament organitzat i t\u00e9 un excel\u00b7lent control de la mercaderia, tant la ubicaci\u00f3 com el control d&#039;estoc, distribuci\u00f3 i prove\u00efment.<\/p>\n\n\n\n<p>Els temps de distribuci\u00f3 i emmagatzematge de mercaderies canvien, ja que aquest <strong>programari<\/strong> de <strong>vendes<\/strong> ajuda que els operaris i el sistema siguin molt m\u00e9s eficients. D&#039;aquesta manera, els processos de lliurament s&#039;acceleren i la satisfacci\u00f3 del client augmenta diferenciant aquesta empresa dels seus competidors.<\/p>\n\n\n\n<p>Per a qualsevol empresa, mantenir la mercaderia sota control en tot moment \u00e9s la manera dassegurar la satisfacci\u00f3 del client. D&#039;aquesta manera, amb aquest <strong>programari<\/strong> de <strong>vendes<\/strong> l&#039;empresa pot controlar tot el cicle de la mercaderia: embalatge, etiquetatge, verificaci\u00f3 de la mercaderia i emissi\u00f3 de documents de sortida.<\/p>\n\n\n\n<p>El sistema de gesti\u00f3 de magatzems E-Pack ofereix una infinitat de prestacions que es basen en dues aplicacions, una per al PC amb el <strong>programari<\/strong> de gesti\u00f3 a3ERP i una altra de terminal m\u00f2bil per fer els treballs planificats des del mateix espai f\u00edsic. Aquestes dues aplicacions suposen un gran avantatge quant a la seva usabilitat <strong>programari<\/strong> de <strong>vendes<\/strong>, a m\u00e9s de poder controlar a temps real i des de qualsevol lloc totes les accions que es duen a terme a trav\u00e9s del sistema.<\/p>","protected":false},"excerpt":{"rendered":"<p>Actualmente existen muchos softwares de ventas en el mercado, es por eso que cada empresa debe conocer cu\u00e1les son sus necesidades y buscar el software que m\u00e1s se adapte a ellas, ayudando as\u00ed a crear una mejor gesti\u00f3n de toda la empresa, y m\u00e1s concretamente del almac\u00e9n y departamento de ventas. El E-Pack es un&#8230;<\/p>","protected":false},"author":4,"featured_media":0,"parent":9649,"menu_order":0,"comment_status":"closed","ping_status":"closed","template":"page-landing-moduls.php","meta":{"_acf_changed":false,"_kad_blocks_custom_css":"","_kad_blocks_head_custom_js":"","_kad_blocks_body_custom_js":"","_kad_blocks_footer_custom_js":"","_kad_post_transparent":"","_kad_post_title":"","_kad_post_layout":"","_kad_post_sidebar_id":"","_kad_post_content_style":"","_kad_post_vertical_padding":"","_kad_post_feature":"","_kad_post_feature_position":"","_kad_post_header":false,"_kad_post_footer":false,"_kad_post_classname":"","footnotes":""},"class_list":["post-9674","page","type-page","status-publish","hentry"],"acf":[],"yoast_head":"<!-- This site is optimized with the Yoast SEO plugin v27.4 - https:\/\/yoast.com\/product\/yoast-seo-wordpress\/ -->\n<title>Software de ventas - Apen Inform\u00e1tica<\/title>\n<meta name=\"description\" content=\"A3ERP - Ventas. El software de gesti\u00f3n que se adapta a tu negocio gestiona la empresa desde un \u00fanico programa almacena tus datos en una \u00fanica DB.\" \/>\n<meta name=\"robots\" content=\"index, follow, max-snippet:-1, max-image-preview:large, max-video-preview:-1\" \/>\n<link rel=\"canonical\" href=\"https:\/\/www.apen.es\/ca\/erp\/software-de-ventas\/\" \/>\n<meta property=\"og:locale\" content=\"ca_ES\" \/>\n<meta property=\"og:type\" content=\"article\" \/>\n<meta property=\"og:title\" content=\"Software de ventas - Apen Inform\u00e1tica\" \/>\n<meta property=\"og:description\" content=\"A3ERP - Ventas. El software de gesti\u00f3n que se adapta a tu negocio gestiona la empresa desde un \u00fanico programa almacena tus datos en una \u00fanica DB.\" \/>\n<meta property=\"og:url\" content=\"https:\/\/www.apen.es\/ca\/erp\/software-de-ventas\/\" \/>\n<meta property=\"og:site_name\" content=\"Apen Inform\u00e1tica\" \/>\n<meta property=\"article:publisher\" content=\"https:\/\/www.facebook.com\/apensolucions\" \/>\n<meta property=\"article:modified_time\" content=\"2025-07-08T11:27:19+00:00\" \/>\n<meta property=\"og:image\" content=\"https:\/\/www.apen.es\/wp-content\/uploads\/2016\/05\/logo-apen-231x82-trasparent.png\" \/>\n\t<meta property=\"og:image:width\" content=\"231\" \/>\n\t<meta property=\"og:image:height\" content=\"82\" \/>\n\t<meta property=\"og:image:type\" content=\"image\/png\" \/>\n<meta name=\"twitter:card\" content=\"summary_large_image\" \/>\n<meta name=\"twitter:label1\" content=\"Temps estimat de lectura\" \/>\n\t<meta name=\"twitter:data1\" content=\"7 minuts\" \/>\n<script type=\"application\/ld+json\" class=\"yoast-schema-graph\">{\"@context\":\"https:\\\/\\\/schema.org\",\"@graph\":[{\"@type\":\"WebPage\",\"@id\":\"https:\\\/\\\/www.apen.es\\\/erp\\\/software-de-ventas\\\/\",\"url\":\"https:\\\/\\\/www.apen.es\\\/erp\\\/software-de-ventas\\\/\",\"name\":\"Software de ventas - Apen Inform\u00e1tica\",\"isPartOf\":{\"@id\":\"https:\\\/\\\/www.apen.es\\\/#website\"},\"datePublished\":\"2018-05-01T17:07:01+00:00\",\"dateModified\":\"2025-07-08T11:27:19+00:00\",\"description\":\"A3ERP - Ventas. El software de gesti\u00f3n que se adapta a tu negocio gestiona la empresa desde un \u00fanico programa almacena tus datos en una \u00fanica DB.\",\"breadcrumb\":{\"@id\":\"https:\\\/\\\/www.apen.es\\\/erp\\\/software-de-ventas\\\/#breadcrumb\"},\"inLanguage\":\"ca\",\"potentialAction\":[{\"@type\":\"ReadAction\",\"target\":[\"https:\\\/\\\/www.apen.es\\\/erp\\\/software-de-ventas\\\/\"]}]},{\"@type\":\"BreadcrumbList\",\"@id\":\"https:\\\/\\\/www.apen.es\\\/erp\\\/software-de-ventas\\\/#breadcrumb\",\"itemListElement\":[{\"@type\":\"ListItem\",\"position\":1,\"name\":\"Portada\",\"item\":\"https:\\\/\\\/www.apen.es\\\/\"},{\"@type\":\"ListItem\",\"position\":2,\"name\":\"ERP. Ofrecemos software gesti\u00f3n a empresas.\",\"item\":\"https:\\\/\\\/www.apen.es\\\/erp\\\/\"},{\"@type\":\"ListItem\",\"position\":3,\"name\":\"Software de ventas\"}]},{\"@type\":\"WebSite\",\"@id\":\"https:\\\/\\\/www.apen.es\\\/#website\",\"url\":\"https:\\\/\\\/www.apen.es\\\/\",\"name\":\"Apen Inform\u00e1tica\",\"description\":\"Mantenimiento Inform\u00e1tico , Software de Gesti\u00f3n, Soluciones de impresi\u00f3n\",\"publisher\":{\"@id\":\"https:\\\/\\\/www.apen.es\\\/#organization\"},\"potentialAction\":[{\"@type\":\"SearchAction\",\"target\":{\"@type\":\"EntryPoint\",\"urlTemplate\":\"https:\\\/\\\/www.apen.es\\\/?s={search_term_string}\"},\"query-input\":{\"@type\":\"PropertyValueSpecification\",\"valueRequired\":true,\"valueName\":\"search_term_string\"}}],\"inLanguage\":\"ca\"},{\"@type\":\"Organization\",\"@id\":\"https:\\\/\\\/www.apen.es\\\/#organization\",\"name\":\"Apen: Soluciones inform\u00e1ticas\",\"url\":\"https:\\\/\\\/www.apen.es\\\/\",\"logo\":{\"@type\":\"ImageObject\",\"inLanguage\":\"ca\",\"@id\":\"https:\\\/\\\/www.apen.es\\\/#\\\/schema\\\/logo\\\/image\\\/\",\"url\":\"https:\\\/\\\/www.apen.es\\\/wp-content\\\/uploads\\\/2022\\\/08\\\/logo-apenok-231x82-1.png\",\"contentUrl\":\"https:\\\/\\\/www.apen.es\\\/wp-content\\\/uploads\\\/2022\\\/08\\\/logo-apenok-231x82-1.png\",\"width\":231,\"height\":82,\"caption\":\"Apen: Soluciones inform\u00e1ticas\"},\"image\":{\"@id\":\"https:\\\/\\\/www.apen.es\\\/#\\\/schema\\\/logo\\\/image\\\/\"},\"sameAs\":[\"https:\\\/\\\/www.facebook.com\\\/apensolucions\",\"https:\\\/\\\/www.youtube.com\\\/user\\\/ApenCentreInformatic\",\"https:\\\/\\\/www.linkedin.com\\\/company\\\/1021771?trk=tyah&trkInfo=clickedVerticalcompanyclickedEntityId1021771idx2-1-2tarId1464195271196tasapenin\"]}]}<\/script>\n<!-- \/ Yoast SEO plugin. -->","yoast_head_json":{"title":"Software de ventas - Apen Inform\u00e1tica","description":"A3ERP - Ventas. El software de gesti\u00f3n que se adapta a tu negocio gestiona la empresa desde un \u00fanico programa almacena tus datos en una \u00fanica DB.","robots":{"index":"index","follow":"follow","max-snippet":"max-snippet:-1","max-image-preview":"max-image-preview:large","max-video-preview":"max-video-preview:-1"},"canonical":"https:\/\/www.apen.es\/ca\/erp\/software-de-ventas\/","og_locale":"ca_ES","og_type":"article","og_title":"Software de ventas - Apen Inform\u00e1tica","og_description":"A3ERP - Ventas. El software de gesti\u00f3n que se adapta a tu negocio gestiona la empresa desde un \u00fanico programa almacena tus datos en una \u00fanica DB.","og_url":"https:\/\/www.apen.es\/ca\/erp\/software-de-ventas\/","og_site_name":"Apen Inform\u00e1tica","article_publisher":"https:\/\/www.facebook.com\/apensolucions","article_modified_time":"2025-07-08T11:27:19+00:00","og_image":[{"width":231,"height":82,"url":"https:\/\/www.apen.es\/wp-content\/uploads\/2016\/05\/logo-apen-231x82-trasparent.png","type":"image\/png"}],"twitter_card":"summary_large_image","twitter_misc":{"Temps estimat de lectura":"7 minuts"},"schema":{"@context":"https:\/\/schema.org","@graph":[{"@type":"WebPage","@id":"https:\/\/www.apen.es\/erp\/software-de-ventas\/","url":"https:\/\/www.apen.es\/erp\/software-de-ventas\/","name":"Software de ventas - Apen Inform\u00e1tica","isPartOf":{"@id":"https:\/\/www.apen.es\/#website"},"datePublished":"2018-05-01T17:07:01+00:00","dateModified":"2025-07-08T11:27:19+00:00","description":"A3ERP - Ventas. El software de gesti\u00f3n que se adapta a tu negocio gestiona la empresa desde un \u00fanico programa almacena tus datos en una \u00fanica DB.","breadcrumb":{"@id":"https:\/\/www.apen.es\/erp\/software-de-ventas\/#breadcrumb"},"inLanguage":"ca","potentialAction":[{"@type":"ReadAction","target":["https:\/\/www.apen.es\/erp\/software-de-ventas\/"]}]},{"@type":"BreadcrumbList","@id":"https:\/\/www.apen.es\/erp\/software-de-ventas\/#breadcrumb","itemListElement":[{"@type":"ListItem","position":1,"name":"Portada","item":"https:\/\/www.apen.es\/"},{"@type":"ListItem","position":2,"name":"ERP. Ofrecemos software gesti\u00f3n a empresas.","item":"https:\/\/www.apen.es\/erp\/"},{"@type":"ListItem","position":3,"name":"Software de ventas"}]},{"@type":"WebSite","@id":"https:\/\/www.apen.es\/#website","url":"https:\/\/www.apen.es\/","name":"Apen Inform\u00e0tica","description":"Manteniment inform\u00e0tic , programari de gesti\u00f3, solucions d&#039;impressi\u00f3","publisher":{"@id":"https:\/\/www.apen.es\/#organization"},"potentialAction":[{"@type":"SearchAction","target":{"@type":"EntryPoint","urlTemplate":"https:\/\/www.apen.es\/?s={search_term_string}"},"query-input":{"@type":"PropertyValueSpecification","valueRequired":true,"valueName":"search_term_string"}}],"inLanguage":"ca"},{"@type":"Organization","@id":"https:\/\/www.apen.es\/#organization","name":"Apen: Solucions inform\u00e0tiques","url":"https:\/\/www.apen.es\/","logo":{"@type":"ImageObject","inLanguage":"ca","@id":"https:\/\/www.apen.es\/#\/schema\/logo\/image\/","url":"https:\/\/www.apen.es\/wp-content\/uploads\/2022\/08\/logo-apenok-231x82-1.png","contentUrl":"https:\/\/www.apen.es\/wp-content\/uploads\/2022\/08\/logo-apenok-231x82-1.png","width":231,"height":82,"caption":"Apen: Soluciones inform\u00e1ticas"},"image":{"@id":"https:\/\/www.apen.es\/#\/schema\/logo\/image\/"},"sameAs":["https:\/\/www.facebook.com\/apensolucions","https:\/\/www.youtube.com\/user\/ApenCentreInformatic","https:\/\/www.linkedin.com\/company\/1021771?trk=tyah&trkInfo=clickedVerticalcompanyclickedEntityId1021771idx2-1-2tarId1464195271196tasapenin"]}]}},"taxonomy_info":[],"featured_image_src_large":false,"author_info":{"display_name":"marqueting","author_link":"https:\/\/www.apen.es\/ca\/blog\/author\/marqueting\/"},"comment_info":0,"_links":{"self":[{"href":"https:\/\/www.apen.es\/ca\/wp-json\/wp\/v2\/pages\/9674","targetHints":{"allow":["GET"]}}],"collection":[{"href":"https:\/\/www.apen.es\/ca\/wp-json\/wp\/v2\/pages"}],"about":[{"href":"https:\/\/www.apen.es\/ca\/wp-json\/wp\/v2\/types\/page"}],"author":[{"embeddable":true,"href":"https:\/\/www.apen.es\/ca\/wp-json\/wp\/v2\/users\/4"}],"replies":[{"embeddable":true,"href":"https:\/\/www.apen.es\/ca\/wp-json\/wp\/v2\/comments?post=9674"}],"version-history":[{"count":1,"href":"https:\/\/www.apen.es\/ca\/wp-json\/wp\/v2\/pages\/9674\/revisions"}],"predecessor-version":[{"id":55856,"href":"https:\/\/www.apen.es\/ca\/wp-json\/wp\/v2\/pages\/9674\/revisions\/55856"}],"up":[{"embeddable":true,"href":"https:\/\/www.apen.es\/ca\/wp-json\/wp\/v2\/pages\/9649"}],"wp:attachment":[{"href":"https:\/\/www.apen.es\/ca\/wp-json\/wp\/v2\/media?parent=9674"}],"curies":[{"name":"wp","href":"https:\/\/api.w.org\/{rel}","templated":true}]}}